{"id":243076,"date":"2017-10-10T15:34:04","date_gmt":"2010-10-17T13:34:00","guid":{"rendered":"https:\/\/www.staging6.omrserrature.it\/prodotto\/universalschloesser-mit-plaettchenzylinder-o-17\/"},"modified":"2026-04-08T13:13:22","modified_gmt":"2026-04-08T11:13:22","slug":"universalschloesser-mit-plaettchenzylinder-o-17","status":"publish","type":"product","link":"https:\/\/www.omrserrature.it\/de\/produkt\/universalschloesser-mit-plaettchenzylinder-o-17\/","title":{"rendered":"Universalschl\u00f6sser mit Pl\u00e4ttchenzylinder \u00d8 17"},"content":{"rendered":"<p>Das <strong>Universalschloss<\/strong> mit Pl\u00e4ttchenzylinder geh\u00f6rt zu den beliebtesten Schl\u00f6ssern. Der vernickelte Messingschl\u00fcssel bewegt den zentralen Pl\u00e4ttchenzylinder, der sich in einem Geh\u00e4use aus einer Zinklegierung befindet, das Stator, Buchse oder K\u00f6rper genannt wird. Der Durchmesser ist an zwei gegen\u00fcberliegenden Seiten (Seitenplatten) gefr\u00e4st, die ein Doppel-D bilden, um eine Drehung des Nockenschlosses im Einbaugeh\u00e4use zu verhindern.   Die Bet\u00e4tigung des <strong>hinteren Hebels<\/strong> bestimmt, ob das <strong>Nockenschloss<\/strong> geschlossen oder ge\u00f6ffnet ist.<\/p>\n<p>Der K\u00f6rper und der Zylinder des Hebelschlosses sind aus einer Zinklegierung und der Hebel aus Stahl gefertigt. Der 7-mm-Vierkant erm\u00f6glicht au\u00dferdem den Einbau verschiedener <strong>gerader, gekr\u00f6pfter oder gehakter Zungen<\/strong> sowie von Mehrpunkt-Hebeln f\u00fcr die Bewegung von Schiebestangen (nach oben und unten). Die zahlreichen verf\u00fcgbaren Varianten erm\u00f6glichen unterschiedliche Drehungen, T\u00fcrst\u00e4rken von 0,5 bis 27 mm und Schl\u00fcsselabzug in offener und geschlossener Form (oder nur in einem der beiden F\u00e4lle). Die Befestigung des Schlosses ist dank der Gabelfeder &#8211; auch Clip genannt &#8211; f\u00fcr eine<strong>schnelle Montage <\/strong><strong>auf Stahl-, Aluminium- oder Kunststoffplatten<\/strong> einfach.   <\/p>\n<p><strong>Der universelle Schlie\u00dfzylinder<\/strong> ist ideal f\u00fcr den Einbau in B\u00fcrom\u00f6bel, Metallt\u00fcren, Klappen, Tischlerarbeiten, Blechk\u00e4sten, Automaten- und Autowaschanlagen, Maschinen und Hintere Stifte.<\/p>\n","protected":false},"excerpt":{"rendered":"<p>Das <strong>Universalhebelschloss<\/strong> mit Pl\u00e4ttchenzylinder ist eines der beliebtesten Schl\u00f6sser. Der 7-mm-Vierkant erm\u00f6glicht auch den Einbau verschiedener <strong>gerader, gekr\u00f6pfter und gehakter Zungen<\/strong>. <\/p>\n<p>Verf\u00fcgbar in verschiedenschlie\u00dfender<strong>(KD<\/strong>) und einfacher Verschl\u00fcsselung<strong>(KA<\/strong>).<\/p>\n<p><strong>Schnelle Installation mit der Gabelfeder.<\/strong><\/p>\n","protected":false},"featured_media":3391,"comment_status":"open","ping_status":"closed","template":"","meta":{"_acf_changed":false,"_et_pb_use_builder":"","_et_pb_old_content":"","_et_gb_content_width":""},"product_brand":[],"product_cat":[3796,3825,3777],"product_tag":[],"class_list":{"0":"post-243076","1":"product","2":"type-product","3":"status-publish","4":"has-post-thumbnail","6":"product_cat-hauptschlussel-schlosser","7":"product_cat-hebel-schlosser","8":"product_cat-universalschlosser-mit-zylinderplattchen","10":"first","11":"instock","12":"shipping-taxable","13":"purchasable","14":"product-type-variable"},"acf":{"pdf1":"https:\/\/www.omrserrature.it\/wp-content\/uploads\/2017\/10\/Scheda-163100.pdf"},"yoast_head":"<!-- This site is optimized with the Yoast SEO plugin v27.2 - https:\/\/yoast.com\/product\/yoast-seo-wordpress\/ -->\n<title>Universalschl\u00f6sser mit Pl\u00e4ttchenzylinder \u00d8 17 - OMR Serrature<\/title>\n<meta name=\"robots\" content=\"index, follow, max-snippet:-1, max-image-preview:large, max-video-preview:-1\" \/>\n<link rel=\"canonical\" href=\"https:\/\/www.omrserrature.it\/de\/produkt\/universalschloesser-mit-plaettchenzylinder-o-17\/\" \/>\n<meta property=\"og:locale\" content=\"de_DE\" \/>\n<meta property=\"og:type\" content=\"article\" \/>\n<meta property=\"og:title\" content=\"Universalschl\u00f6sser mit Pl\u00e4ttchenzylinder \u00d8 17 - OMR Serrature\" \/>\n<meta property=\"og:description\" content=\"Das Universalhebelschloss mit Pl\u00e4ttchenzylinder ist eines der beliebtesten Schl\u00f6sser. Der 7-mm-Vierkant erm\u00f6glicht auch den Einbau verschiedener gerader, gekr\u00f6pfter und gehakter Zungen.  Verf\u00fcgbar in verschiedenschlie\u00dfender(KD) und einfacher Verschl\u00fcsselung(KA). Schnelle Installation mit der Gabelfeder.\" \/>\n<meta property=\"og:url\" content=\"https:\/\/www.omrserrature.it\/de\/produkt\/universalschloesser-mit-plaettchenzylinder-o-17\/\" \/>\n<meta property=\"og:site_name\" content=\"OMR Serrature | Produzione sistemi di chiusura\" \/>\n<meta property=\"article:publisher\" content=\"https:\/\/www.facebook.com\/OMRserrature\" \/>\n<meta property=\"article:modified_time\" content=\"2026-04-08T11:13:22+00:00\" \/>\n<meta property=\"og:image\" content=\"https:\/\/www.omrserrature.it\/wp-content\/uploads\/2017\/10\/serratura-universale-lamelle-forcella.jpg\" \/>\n\t<meta property=\"og:image:width\" content=\"622\" \/>\n\t<meta property=\"og:image:height\" content=\"405\" \/>\n\t<meta property=\"og:image:type\" content=\"image\/jpeg\" \/>\n<meta name=\"twitter:card\" content=\"summary_large_image\" \/>\n<meta name=\"twitter:label1\" content=\"Gesch\u00e4tzte Lesezeit\" \/>\n\t<meta name=\"twitter:data1\" content=\"1\u00a0Minute\" \/>\n<script type=\"application\/ld+json\" class=\"yoast-schema-graph\">{\"@context\":\"https:\/\/schema.org\",\"@graph\":[{\"@type\":\"WebPage\",\"@id\":\"https:\/\/www.omrserrature.it\/de\/produkt\/universalschloesser-mit-plaettchenzylinder-o-17\/\",\"url\":\"https:\/\/www.omrserrature.it\/de\/produkt\/universalschloesser-mit-plaettchenzylinder-o-17\/\",\"name\":\"Universalschl\u00f6sser mit Pl\u00e4ttchenzylinder \u00d8 17 - OMR Serrature\",\"isPartOf\":{\"@id\":\"https:\/\/www.omrserrature.it\/de\/#website\"},\"primaryImageOfPage\":{\"@id\":\"https:\/\/www.omrserrature.it\/de\/produkt\/universalschloesser-mit-plaettchenzylinder-o-17\/#primaryimage\"},\"image\":{\"@id\":\"https:\/\/www.omrserrature.it\/de\/produkt\/universalschloesser-mit-plaettchenzylinder-o-17\/#primaryimage\"},\"thumbnailUrl\":\"https:\/\/www.omrserrature.it\/wp-content\/uploads\/2017\/10\/serratura-universale-lamelle-forcella.jpg\",\"datePublished\":\"2010-10-17T13:34:00+00:00\",\"dateModified\":\"2026-04-08T11:13:22+00:00\",\"breadcrumb\":{\"@id\":\"https:\/\/www.omrserrature.it\/de\/produkt\/universalschloesser-mit-plaettchenzylinder-o-17\/#breadcrumb\"},\"inLanguage\":\"de\",\"potentialAction\":[{\"@type\":\"ReadAction\",\"target\":[\"https:\/\/www.omrserrature.it\/de\/produkt\/universalschloesser-mit-plaettchenzylinder-o-17\/\"]}]},{\"@type\":\"ImageObject\",\"inLanguage\":\"de\",\"@id\":\"https:\/\/www.omrserrature.it\/de\/produkt\/universalschloesser-mit-plaettchenzylinder-o-17\/#primaryimage\",\"url\":\"https:\/\/www.omrserrature.it\/wp-content\/uploads\/2017\/10\/serratura-universale-lamelle-forcella.jpg\",\"contentUrl\":\"https:\/\/www.omrserrature.it\/wp-content\/uploads\/2017\/10\/serratura-universale-lamelle-forcella.jpg\",\"width\":622,\"height\":405,\"caption\":\"Universalschl\u00f6sser mit Pl\u00e4ttchenzylinder Durchmesser 17 mm\"},{\"@type\":\"BreadcrumbList\",\"@id\":\"https:\/\/www.omrserrature.it\/de\/produkt\/universalschloesser-mit-plaettchenzylinder-o-17\/#breadcrumb\",\"itemListElement\":[{\"@type\":\"ListItem\",\"position\":1,\"name\":\"Home\",\"item\":\"https:\/\/www.omrserrature.it\/de\/omr-serrature-sistemi-chiusura\/\"},{\"@type\":\"ListItem\",\"position\":2,\"name\":\"Katalog\",\"item\":\"https:\/\/www.omrserrature.it\/katalog\/?lang=de\"},{\"@type\":\"ListItem\",\"position\":3,\"name\":\"Produkte\",\"item\":\"https:\/\/www.omrserrature.it\/de\/katalog\/produkte\/\"},{\"@type\":\"ListItem\",\"position\":4,\"name\":\"Schloesser\",\"item\":\"https:\/\/www.omrserrature.it\/de\/katalog\/produkte\/schloesser\/\"},{\"@type\":\"ListItem\",\"position\":5,\"name\":\"Hauptschl\u00fcssel Schl\u00f6sser\",\"item\":\"https:\/\/www.omrserrature.it\/de\/katalog\/produkte\/schloesser\/hauptschlussel-schlosser\/\"},{\"@type\":\"ListItem\",\"position\":6,\"name\":\"Universalschl\u00f6sser mit Pl\u00e4ttchenzylinder \u00d8 17\"}]},{\"@type\":\"WebSite\",\"@id\":\"https:\/\/www.omrserrature.it\/de\/#website\",\"url\":\"https:\/\/www.omrserrature.it\/de\/\",\"name\":\"OMR Serrature | Produzione sistemi di chiusura\",\"description\":\"Produzione serrature di sicurezza e sistemi di chiusura\",\"publisher\":{\"@id\":\"https:\/\/www.omrserrature.it\/de\/#organization\"},\"potentialAction\":[{\"@type\":\"SearchAction\",\"target\":{\"@type\":\"EntryPoint\",\"urlTemplate\":\"https:\/\/www.omrserrature.it\/de\/?s={search_term_string}\"},\"query-input\":{\"@type\":\"PropertyValueSpecification\",\"valueRequired\":true,\"valueName\":\"search_term_string\"}}],\"inLanguage\":\"de\"},{\"@type\":\"Organization\",\"@id\":\"https:\/\/www.omrserrature.it\/de\/#organization\",\"name\":\"OMR Serrature | Produzione sistemi di chiusura\",\"url\":\"https:\/\/www.omrserrature.it\/de\/\",\"logo\":{\"@type\":\"ImageObject\",\"inLanguage\":\"de\",\"@id\":\"https:\/\/www.omrserrature.it\/de\/#\/schema\/logo\/image\/\",\"url\":\"https:\/\/www.omrserrature.it\/wp-content\/uploads\/2017\/09\/favicon-omr-114.png\",\"contentUrl\":\"https:\/\/www.omrserrature.it\/wp-content\/uploads\/2017\/09\/favicon-omr-114.png\",\"width\":114,\"height\":114,\"caption\":\"OMR Serrature | Produzione sistemi di chiusura\"},\"image\":{\"@id\":\"https:\/\/www.omrserrature.it\/de\/#\/schema\/logo\/image\/\"},\"sameAs\":[\"https:\/\/www.facebook.com\/OMRserrature\",\"https:\/\/www.linkedin.com\/company\/omrserrature\/\",\"https:\/\/www.youtube.com\/channel\/UCxmA85z2R0EpG_6IRokiAkg\"]}]}<\/script>\n<!-- \/ Yoast SEO plugin. -->","yoast_head_json":{"title":"Universalschl\u00f6sser mit Pl\u00e4ttchenzylinder \u00d8 17 - OMR Serrature","robots":{"index":"index","follow":"follow","max-snippet":"max-snippet:-1","max-image-preview":"max-image-preview:large","max-video-preview":"max-video-preview:-1"},"canonical":"https:\/\/www.omrserrature.it\/de\/produkt\/universalschloesser-mit-plaettchenzylinder-o-17\/","og_locale":"de_DE","og_type":"article","og_title":"Universalschl\u00f6sser mit Pl\u00e4ttchenzylinder \u00d8 17 - OMR Serrature","og_description":"Das Universalhebelschloss mit Pl\u00e4ttchenzylinder ist eines der beliebtesten Schl\u00f6sser. Der 7-mm-Vierkant erm\u00f6glicht auch den Einbau verschiedener gerader, gekr\u00f6pfter und gehakter Zungen.  Verf\u00fcgbar in verschiedenschlie\u00dfender(KD) und einfacher Verschl\u00fcsselung(KA). Schnelle Installation mit der Gabelfeder.","og_url":"https:\/\/www.omrserrature.it\/de\/produkt\/universalschloesser-mit-plaettchenzylinder-o-17\/","og_site_name":"OMR Serrature | Produzione sistemi di chiusura","article_publisher":"https:\/\/www.facebook.com\/OMRserrature","article_modified_time":"2026-04-08T11:13:22+00:00","og_image":[{"width":622,"height":405,"url":"https:\/\/www.omrserrature.it\/wp-content\/uploads\/2017\/10\/serratura-universale-lamelle-forcella.jpg","type":"image\/jpeg"}],"twitter_card":"summary_large_image","twitter_misc":{"Gesch\u00e4tzte Lesezeit":"1\u00a0Minute"},"schema":{"@context":"https:\/\/schema.org","@graph":[{"@type":"WebPage","@id":"https:\/\/www.omrserrature.it\/de\/produkt\/universalschloesser-mit-plaettchenzylinder-o-17\/","url":"https:\/\/www.omrserrature.it\/de\/produkt\/universalschloesser-mit-plaettchenzylinder-o-17\/","name":"Universalschl\u00f6sser mit Pl\u00e4ttchenzylinder \u00d8 17 - OMR Serrature","isPartOf":{"@id":"https:\/\/www.omrserrature.it\/de\/#website"},"primaryImageOfPage":{"@id":"https:\/\/www.omrserrature.it\/de\/produkt\/universalschloesser-mit-plaettchenzylinder-o-17\/#primaryimage"},"image":{"@id":"https:\/\/www.omrserrature.it\/de\/produkt\/universalschloesser-mit-plaettchenzylinder-o-17\/#primaryimage"},"thumbnailUrl":"https:\/\/www.omrserrature.it\/wp-content\/uploads\/2017\/10\/serratura-universale-lamelle-forcella.jpg","datePublished":"2010-10-17T13:34:00+00:00","dateModified":"2026-04-08T11:13:22+00:00","breadcrumb":{"@id":"https:\/\/www.omrserrature.it\/de\/produkt\/universalschloesser-mit-plaettchenzylinder-o-17\/#breadcrumb"},"inLanguage":"de","potentialAction":[{"@type":"ReadAction","target":["https:\/\/www.omrserrature.it\/de\/produkt\/universalschloesser-mit-plaettchenzylinder-o-17\/"]}]},{"@type":"ImageObject","inLanguage":"de","@id":"https:\/\/www.omrserrature.it\/de\/produkt\/universalschloesser-mit-plaettchenzylinder-o-17\/#primaryimage","url":"https:\/\/www.omrserrature.it\/wp-content\/uploads\/2017\/10\/serratura-universale-lamelle-forcella.jpg","contentUrl":"https:\/\/www.omrserrature.it\/wp-content\/uploads\/2017\/10\/serratura-universale-lamelle-forcella.jpg","width":622,"height":405,"caption":"Universalschl\u00f6sser mit Pl\u00e4ttchenzylinder Durchmesser 17 mm"},{"@type":"BreadcrumbList","@id":"https:\/\/www.omrserrature.it\/de\/produkt\/universalschloesser-mit-plaettchenzylinder-o-17\/#breadcrumb","itemListElement":[{"@type":"ListItem","position":1,"name":"Home","item":"https:\/\/www.omrserrature.it\/de\/omr-serrature-sistemi-chiusura\/"},{"@type":"ListItem","position":2,"name":"Katalog","item":"https:\/\/www.omrserrature.it\/katalog\/?lang=de"},{"@type":"ListItem","position":3,"name":"Produkte","item":"https:\/\/www.omrserrature.it\/de\/katalog\/produkte\/"},{"@type":"ListItem","position":4,"name":"Schloesser","item":"https:\/\/www.omrserrature.it\/de\/katalog\/produkte\/schloesser\/"},{"@type":"ListItem","position":5,"name":"Hauptschl\u00fcssel Schl\u00f6sser","item":"https:\/\/www.omrserrature.it\/de\/katalog\/produkte\/schloesser\/hauptschlussel-schlosser\/"},{"@type":"ListItem","position":6,"name":"Universalschl\u00f6sser mit Pl\u00e4ttchenzylinder \u00d8 17"}]},{"@type":"WebSite","@id":"https:\/\/www.omrserrature.it\/de\/#website","url":"https:\/\/www.omrserrature.it\/de\/","name":"OMR Serrature | Produzione sistemi di chiusura","description":"Produzione serrature di sicurezza e sistemi di chiusura","publisher":{"@id":"https:\/\/www.omrserrature.it\/de\/#organization"},"potentialAction":[{"@type":"SearchAction","target":{"@type":"EntryPoint","urlTemplate":"https:\/\/www.omrserrature.it\/de\/?s={search_term_string}"},"query-input":{"@type":"PropertyValueSpecification","valueRequired":true,"valueName":"search_term_string"}}],"inLanguage":"de"},{"@type":"Organization","@id":"https:\/\/www.omrserrature.it\/de\/#organization","name":"OMR Serrature | Produzione sistemi di chiusura","url":"https:\/\/www.omrserrature.it\/de\/","logo":{"@type":"ImageObject","inLanguage":"de","@id":"https:\/\/www.omrserrature.it\/de\/#\/schema\/logo\/image\/","url":"https:\/\/www.omrserrature.it\/wp-content\/uploads\/2017\/09\/favicon-omr-114.png","contentUrl":"https:\/\/www.omrserrature.it\/wp-content\/uploads\/2017\/09\/favicon-omr-114.png","width":114,"height":114,"caption":"OMR Serrature | Produzione sistemi di chiusura"},"image":{"@id":"https:\/\/www.omrserrature.it\/de\/#\/schema\/logo\/image\/"},"sameAs":["https:\/\/www.facebook.com\/OMRserrature","https:\/\/www.linkedin.com\/company\/omrserrature\/","https:\/\/www.youtube.com\/channel\/UCxmA85z2R0EpG_6IRokiAkg"]}]}},"_links":{"self":[{"href":"https:\/\/www.omrserrature.it\/de\/wp-json\/wp\/v2\/product\/243076","targetHints":{"allow":["GET"]}}],"collection":[{"href":"https:\/\/www.omrserrature.it\/de\/wp-json\/wp\/v2\/product"}],"about":[{"href":"https:\/\/www.omrserrature.it\/de\/wp-json\/wp\/v2\/types\/product"}],"replies":[{"embeddable":true,"href":"https:\/\/www.omrserrature.it\/de\/wp-json\/wp\/v2\/comments?post=243076"}],"wp:featuredmedia":[{"embeddable":true,"href":"https:\/\/www.omrserrature.it\/de\/wp-json\/wp\/v2\/media\/3391"}],"wp:attachment":[{"href":"https:\/\/www.omrserrature.it\/de\/wp-json\/wp\/v2\/media?parent=243076"}],"wp:term":[{"taxonomy":"product_brand","embeddable":true,"href":"https:\/\/www.omrserrature.it\/de\/wp-json\/wp\/v2\/product_brand?post=243076"},{"taxonomy":"product_cat","embeddable":true,"href":"https:\/\/www.omrserrature.it\/de\/wp-json\/wp\/v2\/product_cat?post=243076"},{"taxonomy":"product_tag","embeddable":true,"href":"https:\/\/www.omrserrature.it\/de\/wp-json\/wp\/v2\/product_tag?post=243076"}],"curies":[{"name":"wp","href":"https:\/\/api.w.org\/{rel}","templated":true}]}}