{"id":243045,"date":"2017-10-09T13:55:07","date_gmt":"2009-10-17T11:55:00","guid":{"rendered":"https:\/\/www.staging6.omrserrature.it\/prodotto\/universalschloesser-mit-zylinderplaettchen\/"},"modified":"2026-04-08T13:14:21","modified_gmt":"2026-04-08T11:14:21","slug":"universalschloesser-mit-zylinderplaettchen","status":"publish","type":"product","link":"https:\/\/www.omrserrature.it\/de\/produkt\/universalschloesser-mit-zylinderplaettchen\/","title":{"rendered":"Universalschl\u00f6sser mit zylinderpl\u00e4ttchen"},"content":{"rendered":"<p>Das <strong>universelle Miniatur-Hebelschloss<\/strong> mit Pl\u00e4ttchenzylinder ist aufgrund seiner extremen Vielseitigkeit das beliebteste Schlie\u00dfsystem. Der Schl\u00fcssel aus vernickeltem Messing bewegt den zentralen Pl\u00e4ttchenzylinder mit 5 Pl\u00e4ttchen, der sich in einem Geh\u00e4use aus Zinklegierung befindet, das Stator, Buchse oder K\u00f6rper genannt wird. Der Durchmesser ist an zwei gegen\u00fcberliegenden Seiten (Seitenplatten) gefr\u00e4st, die ein doppeltes D bilden, um die Drehung der Sperrklinke an der M\u00f6belt\u00fcr zu verhindern. Durch Bet\u00e4tigung des <strong>hinteren Hebels<\/strong> wird der Abschluss oder das \u00d6ffnen des Mini-Camlocks bestimmt. <\/p>\n<p>Der K\u00f6rper und der Zylinder des Mini-Hebelschlosses sind aus einer Zinklegierung und der Hebel aus Stahl gefertigt. Der 7-mm-Vierkant erm\u00f6glicht au\u00dferdem den Einbau einer Vielzahl von <strong>geraden, gekr\u00f6pften oder gehakten Hebeln<\/strong> sowie von Mehrpunkt-Hebeln f\u00fcr die Bewegung von Seitenverschiebungsstangen (nach oben und unten), von Hinteren Stiften oder von Stiften f\u00fcr den <strong>mehrfachen und zentralen Abschluss von Schubladeneinheiten<\/strong>. <\/p>\n<p>Die 1\/4-Drehung Hebel Schl\u00f6sser k\u00f6nnen auch in <strong>wasserdichter Ausf\u00fchrung mit Staub- und Wasserschutz<\/strong> und in <strong>Technopolymer<\/strong> hergestellt werden, einem speziellen &#8218;Metall-Kunststoff&#8216;, der mechanische Leistungen auf dem Niveau einer Aluminiumlegierung und <strong>Best\u00e4ndigkeit gegen Witterungseinfl\u00fcsse und Korrosion<\/strong> garantiert, sowie eine perfekte Integration in das fertige Produkt, dank der breiten Palette an verf\u00fcgbaren Farben.<\/p>\n<p>Die zahlreichen verf\u00fcgbaren Versionen erm\u00f6glichen <strong>verschiedene Drehungen<\/strong>, T\u00fcrst\u00e4rken von 0,5 bis 27 mm und den Schl\u00fcsselabzug in offenem und geschlossenem Zustand (oder nur in einem der beiden F\u00e4lle). Der <strong>K\u00f6rper mit Vollgewinde<\/strong> erm\u00f6glicht die Befestigung mit einer <strong>Mutter<\/strong>, aber auch mit einer <strong>Gabel<\/strong> oder einem Clip f\u00fcr eine<strong>schnelle Montage <\/strong><strong><span style=\"font-weight: normal;\">auf Stahl- und Aluminiumblechen<\/span><\/strong>. <\/p>\n<p><strong>In der gleichen \u00d6ffnung<\/strong> der M\u00f6belt\u00fcr k\u00f6nnen Sie auch unser <a href=\"https:\/\/www.omrserrature.it\/de\/waehlen-sie-ihr-elektronisches-schloss\/\"><strong>HELLOCK elektronisches Schloss<\/strong><\/a> f\u00fcr schl\u00fcsselloses \u00d6ffnen und Schlie\u00dfen.<\/p>\n","protected":false},"excerpt":{"rendered":"<p>Das <strong>Universalschl\u00f6sser<\/strong> mit Pl\u00e4ttchenzylinder ist aufgrund seiner <strong>extremen Vielseitigkeit<\/strong> das beliebteste Verschlusssystem.<\/p>\n<p>Dieses Hebelschl\u00f6sser mit Pl\u00e4ttchenzylinder wird <strong><span style=\"font-weight: normal;\">aufgrund seiner <\/span>geringen Gr\u00f6\u00dfe<\/strong> bei Anwendungen eingesetzt, bei denen nur wenig Platz f\u00fcr die Installation zur Verf\u00fcgung steht, z.B. bei Hygiene- und Sanit\u00e4rprodukten wie <b>Seifen-<\/b> und <b>Handtuchspendern<\/b>, Diebstahlsicherungssystemen, Objektm\u00f6beln f\u00fcr Arztpraxen und Krankenhausumgebungen.<\/p>\n","protected":false},"featured_media":3379,"comment_status":"open","ping_status":"closed","template":"","meta":{"_acf_changed":false,"_et_pb_use_builder":"","_et_pb_old_content":"","_et_gb_content_width":""},"product_brand":[],"product_cat":[3765,3768,3767,3875,3855,3876,3837,3796,3825,3829,3772,3834,3799,3861,3828,3864,3841,3845,3843,3832,3873,3842,3847,3852,3871,3872,3835,3856,3851,3857,3830,3848,3827,3866,3867,3839,3870,3850,3859,3836,3853,3858,3854,3844,3788,3831,3860,3777,3802],"product_tag":[],"class_list":{"0":"post-243045","1":"product","2":"type-product","3":"status-publish","4":"has-post-thumbnail","6":"product_cat-abschlusssysteme-fur-die-industrie","7":"product_cat-automatisierung-und-hausautomation","8":"product_cat-bank-und-postwesen","9":"product_cat-boot-schlosser","10":"product_cat-briefkastenschlosser","11":"product_cat-flugelturen","12":"product_cat-gdpr-konformes-schrankschloss","13":"product_cat-hauptschlussel-schlosser","14":"product_cat-hebel-schlosser","15":"product_cat-kabinett-schlosser","16":"product_cat-krankenhauser-und-gesundheitsbereich","17":"product_cat-maschinenschlosser","18":"product_cat-mikro-schlosser","19":"product_cat-mobelturen","20":"product_cat-professionelle-mobelschlosser","21":"product_cat-schliesfacher-fur-schliesfacher","22":"product_cat-schloss-fur-umschalter","23":"product_cat-schlosser-fur-automaten","24":"product_cat-schlosser-fur-automatische-lagerhauser","25":"product_cat-schlosser-fur-briefkasten","26":"product_cat-schlosser-fur-caravans-und-wohnmobile","27":"product_cat-schlosser-fur-die-elektromechanische-industrie","28":"product_cat-schlosser-fur-gefahrstoffschranke","29":"product_cat-schlosser-fur-industrieschranke","30":"product_cat-schlosser-fur-kuhlaufbauten","31":"product_cat-schlosser-fur-lieferwagen","32":"product_cat-schlosser-fur-mobel","33":"product_cat-schlosser-fur-paketkasten","34":"product_cat-schlosser-fur-pflanzenschutzschranke","35":"product_cat-schlosser-fur-postfacher","36":"product_cat-schlosser-fur-professionelle-trolleys","37":"product_cat-schlosser-fur-psa-schranke","38":"product_cat-schlosser-fur-schaltschranke","39":"product_cat-schlosser-fur-schilder","40":"product_cat-schlosser-fur-schliesfacher","41":"product_cat-schlosser-fur-schrankfronten","42":"product_cat-schlosser-fur-sicherheitsmobel","43":"product_cat-schlosser-fur-skischranke","44":"product_cat-schlosser-fur-spielautomaten","45":"product_cat-schlosser-fur-transportmittel","46":"product_cat-schlosser-fur-tresore","47":"product_cat-schlosser-fur-verkaufsautomaten","48":"product_cat-schlosser-fur-waffenstander","49":"product_cat-schlosser-fur-werkbanke","50":"product_cat-schlosser-mit-abnehmbarem-zylinder","51":"product_cat-sicherheitsschlosser","52":"product_cat-turschlosser","53":"product_cat-universalschlosser-mit-zylinderplattchen","54":"product_cat-wasserdichte-rostfreie-schlosser","56":"first","57":"instock","58":"shipping-taxable","59":"purchasable","60":"product-type-variable"},"acf":{"pdf1":"https:\/\/www.omrserrature.it\/wp-content\/uploads\/schede\/Scheda_160041.pdf"},"yoast_head":"<!-- This site is optimized with the Yoast SEO plugin v27.2 - https:\/\/yoast.com\/product\/yoast-seo-wordpress\/ -->\n<title>Universalschl\u00f6sser mit zylinderpl\u00e4ttchen - OMR Serrature<\/title>\n<meta name=\"robots\" content=\"index, follow, max-snippet:-1, max-image-preview:large, max-video-preview:-1\" \/>\n<link rel=\"canonical\" href=\"https:\/\/www.omrserrature.it\/de\/produkt\/universalschloesser-mit-zylinderplaettchen\/\" \/>\n<meta property=\"og:locale\" content=\"de_DE\" \/>\n<meta property=\"og:type\" content=\"article\" \/>\n<meta property=\"og:title\" content=\"Universalschl\u00f6sser mit zylinderpl\u00e4ttchen - OMR Serrature\" \/>\n<meta property=\"og:description\" content=\"Das Universalschl\u00f6sser mit Pl\u00e4ttchenzylinder ist aufgrund seiner extremen Vielseitigkeit das beliebteste Verschlusssystem. Dieses Hebelschl\u00f6sser mit Pl\u00e4ttchenzylinder wird aufgrund seiner geringen Gr\u00f6\u00dfe bei Anwendungen eingesetzt, bei denen nur wenig Platz f\u00fcr die Installation zur Verf\u00fcgung steht, z.B. bei Hygiene- und Sanit\u00e4rprodukten wie Seifen- und Handtuchspendern, Diebstahlsicherungssystemen, Objektm\u00f6beln f\u00fcr Arztpraxen und Krankenhausumgebungen.\" \/>\n<meta property=\"og:url\" content=\"https:\/\/www.omrserrature.it\/de\/produkt\/universalschloesser-mit-zylinderplaettchen\/\" \/>\n<meta property=\"og:site_name\" content=\"OMR Serrature | Produzione sistemi di chiusura\" \/>\n<meta property=\"article:publisher\" content=\"https:\/\/www.facebook.com\/OMRserrature\" \/>\n<meta property=\"article:modified_time\" content=\"2026-04-08T11:14:21+00:00\" \/>\n<meta property=\"og:image\" content=\"https:\/\/www.omrserrature.it\/wp-content\/uploads\/2017\/10\/serratura-universale-lamelle.jpg\" \/>\n\t<meta property=\"og:image:width\" content=\"559\" \/>\n\t<meta property=\"og:image:height\" content=\"329\" \/>\n\t<meta property=\"og:image:type\" content=\"image\/jpeg\" \/>\n<meta name=\"twitter:card\" content=\"summary_large_image\" \/>\n<meta name=\"twitter:label1\" content=\"Gesch\u00e4tzte Lesezeit\" \/>\n\t<meta name=\"twitter:data1\" content=\"1\u00a0Minute\" \/>\n<script type=\"application\/ld+json\" class=\"yoast-schema-graph\">{\"@context\":\"https:\/\/schema.org\",\"@graph\":[{\"@type\":\"WebPage\",\"@id\":\"https:\/\/www.omrserrature.it\/de\/produkt\/universalschloesser-mit-zylinderplaettchen\/\",\"url\":\"https:\/\/www.omrserrature.it\/de\/produkt\/universalschloesser-mit-zylinderplaettchen\/\",\"name\":\"Universalschl\u00f6sser mit zylinderpl\u00e4ttchen - OMR Serrature\",\"isPartOf\":{\"@id\":\"https:\/\/www.omrserrature.it\/de\/#website\"},\"primaryImageOfPage\":{\"@id\":\"https:\/\/www.omrserrature.it\/de\/produkt\/universalschloesser-mit-zylinderplaettchen\/#primaryimage\"},\"image\":{\"@id\":\"https:\/\/www.omrserrature.it\/de\/produkt\/universalschloesser-mit-zylinderplaettchen\/#primaryimage\"},\"thumbnailUrl\":\"https:\/\/www.omrserrature.it\/wp-content\/uploads\/2017\/10\/serratura-universale-lamelle.jpg\",\"datePublished\":\"2009-10-17T11:55:00+00:00\",\"dateModified\":\"2026-04-08T11:14:21+00:00\",\"breadcrumb\":{\"@id\":\"https:\/\/www.omrserrature.it\/de\/produkt\/universalschloesser-mit-zylinderplaettchen\/#breadcrumb\"},\"inLanguage\":\"de\",\"potentialAction\":[{\"@type\":\"ReadAction\",\"target\":[\"https:\/\/www.omrserrature.it\/de\/produkt\/universalschloesser-mit-zylinderplaettchen\/\"]}]},{\"@type\":\"ImageObject\",\"inLanguage\":\"de\",\"@id\":\"https:\/\/www.omrserrature.it\/de\/produkt\/universalschloesser-mit-zylinderplaettchen\/#primaryimage\",\"url\":\"https:\/\/www.omrserrature.it\/wp-content\/uploads\/2017\/10\/serratura-universale-lamelle.jpg\",\"contentUrl\":\"https:\/\/www.omrserrature.it\/wp-content\/uploads\/2017\/10\/serratura-universale-lamelle.jpg\",\"width\":559,\"height\":329,\"caption\":\"Mini Universalschl\u00f6sser mit zylinderpl\u00e4ttchenzylinder\"},{\"@type\":\"BreadcrumbList\",\"@id\":\"https:\/\/www.omrserrature.it\/de\/produkt\/universalschloesser-mit-zylinderplaettchen\/#breadcrumb\",\"itemListElement\":[{\"@type\":\"ListItem\",\"position\":1,\"name\":\"Home\",\"item\":\"https:\/\/www.omrserrature.it\/de\/omr-serrature-sistemi-chiusura\/\"},{\"@type\":\"ListItem\",\"position\":2,\"name\":\"Katalog\",\"item\":\"https:\/\/www.omrserrature.it\/katalog\/?lang=de\"},{\"@type\":\"ListItem\",\"position\":3,\"name\":\"Anwendungen\",\"item\":\"https:\/\/www.omrserrature.it\/de\/katalog\/anwendungen\/\"},{\"@type\":\"ListItem\",\"position\":4,\"name\":\"Schl\u00f6sser f\u00fcr M\u00f6bel\",\"item\":\"https:\/\/www.omrserrature.it\/de\/katalog\/anwendungen\/schlosser-fur-mobel\/\"},{\"@type\":\"ListItem\",\"position\":5,\"name\":\"M\u00f6belt\u00fcren\",\"item\":\"https:\/\/www.omrserrature.it\/de\/katalog\/anwendungen\/schlosser-fur-mobel\/mobelturen\/\"},{\"@type\":\"ListItem\",\"position\":6,\"name\":\"Fl\u00fcgelt\u00fcren\",\"item\":\"https:\/\/www.omrserrature.it\/de\/katalog\/anwendungen\/schlosser-fur-mobel\/mobelturen\/flugelturen\/\"},{\"@type\":\"ListItem\",\"position\":7,\"name\":\"Universalschl\u00f6sser mit zylinderpl\u00e4ttchen\"}]},{\"@type\":\"WebSite\",\"@id\":\"https:\/\/www.omrserrature.it\/de\/#website\",\"url\":\"https:\/\/www.omrserrature.it\/de\/\",\"name\":\"OMR Serrature | Produzione sistemi di chiusura\",\"description\":\"Produzione serrature di sicurezza e sistemi di chiusura\",\"publisher\":{\"@id\":\"https:\/\/www.omrserrature.it\/de\/#organization\"},\"potentialAction\":[{\"@type\":\"SearchAction\",\"target\":{\"@type\":\"EntryPoint\",\"urlTemplate\":\"https:\/\/www.omrserrature.it\/de\/?s={search_term_string}\"},\"query-input\":{\"@type\":\"PropertyValueSpecification\",\"valueRequired\":true,\"valueName\":\"search_term_string\"}}],\"inLanguage\":\"de\"},{\"@type\":\"Organization\",\"@id\":\"https:\/\/www.omrserrature.it\/de\/#organization\",\"name\":\"OMR Serrature | Produzione sistemi di chiusura\",\"url\":\"https:\/\/www.omrserrature.it\/de\/\",\"logo\":{\"@type\":\"ImageObject\",\"inLanguage\":\"de\",\"@id\":\"https:\/\/www.omrserrature.it\/de\/#\/schema\/logo\/image\/\",\"url\":\"https:\/\/www.omrserrature.it\/wp-content\/uploads\/2017\/09\/favicon-omr-114.png\",\"contentUrl\":\"https:\/\/www.omrserrature.it\/wp-content\/uploads\/2017\/09\/favicon-omr-114.png\",\"width\":114,\"height\":114,\"caption\":\"OMR Serrature | Produzione sistemi di chiusura\"},\"image\":{\"@id\":\"https:\/\/www.omrserrature.it\/de\/#\/schema\/logo\/image\/\"},\"sameAs\":[\"https:\/\/www.facebook.com\/OMRserrature\",\"https:\/\/www.linkedin.com\/company\/omrserrature\/\",\"https:\/\/www.youtube.com\/channel\/UCxmA85z2R0EpG_6IRokiAkg\"]}]}<\/script>\n<!-- \/ Yoast SEO plugin. -->","yoast_head_json":{"title":"Universalschl\u00f6sser mit zylinderpl\u00e4ttchen - OMR Serrature","robots":{"index":"index","follow":"follow","max-snippet":"max-snippet:-1","max-image-preview":"max-image-preview:large","max-video-preview":"max-video-preview:-1"},"canonical":"https:\/\/www.omrserrature.it\/de\/produkt\/universalschloesser-mit-zylinderplaettchen\/","og_locale":"de_DE","og_type":"article","og_title":"Universalschl\u00f6sser mit zylinderpl\u00e4ttchen - OMR Serrature","og_description":"Das Universalschl\u00f6sser mit Pl\u00e4ttchenzylinder ist aufgrund seiner extremen Vielseitigkeit das beliebteste Verschlusssystem. Dieses Hebelschl\u00f6sser mit Pl\u00e4ttchenzylinder wird aufgrund seiner geringen Gr\u00f6\u00dfe bei Anwendungen eingesetzt, bei denen nur wenig Platz f\u00fcr die Installation zur Verf\u00fcgung steht, z.B. bei Hygiene- und Sanit\u00e4rprodukten wie Seifen- und Handtuchspendern, Diebstahlsicherungssystemen, Objektm\u00f6beln f\u00fcr Arztpraxen und Krankenhausumgebungen.","og_url":"https:\/\/www.omrserrature.it\/de\/produkt\/universalschloesser-mit-zylinderplaettchen\/","og_site_name":"OMR Serrature | Produzione sistemi di chiusura","article_publisher":"https:\/\/www.facebook.com\/OMRserrature","article_modified_time":"2026-04-08T11:14:21+00:00","og_image":[{"width":559,"height":329,"url":"https:\/\/www.omrserrature.it\/wp-content\/uploads\/2017\/10\/serratura-universale-lamelle.jpg","type":"image\/jpeg"}],"twitter_card":"summary_large_image","twitter_misc":{"Gesch\u00e4tzte Lesezeit":"1\u00a0Minute"},"schema":{"@context":"https:\/\/schema.org","@graph":[{"@type":"WebPage","@id":"https:\/\/www.omrserrature.it\/de\/produkt\/universalschloesser-mit-zylinderplaettchen\/","url":"https:\/\/www.omrserrature.it\/de\/produkt\/universalschloesser-mit-zylinderplaettchen\/","name":"Universalschl\u00f6sser mit zylinderpl\u00e4ttchen - OMR Serrature","isPartOf":{"@id":"https:\/\/www.omrserrature.it\/de\/#website"},"primaryImageOfPage":{"@id":"https:\/\/www.omrserrature.it\/de\/produkt\/universalschloesser-mit-zylinderplaettchen\/#primaryimage"},"image":{"@id":"https:\/\/www.omrserrature.it\/de\/produkt\/universalschloesser-mit-zylinderplaettchen\/#primaryimage"},"thumbnailUrl":"https:\/\/www.omrserrature.it\/wp-content\/uploads\/2017\/10\/serratura-universale-lamelle.jpg","datePublished":"2009-10-17T11:55:00+00:00","dateModified":"2026-04-08T11:14:21+00:00","breadcrumb":{"@id":"https:\/\/www.omrserrature.it\/de\/produkt\/universalschloesser-mit-zylinderplaettchen\/#breadcrumb"},"inLanguage":"de","potentialAction":[{"@type":"ReadAction","target":["https:\/\/www.omrserrature.it\/de\/produkt\/universalschloesser-mit-zylinderplaettchen\/"]}]},{"@type":"ImageObject","inLanguage":"de","@id":"https:\/\/www.omrserrature.it\/de\/produkt\/universalschloesser-mit-zylinderplaettchen\/#primaryimage","url":"https:\/\/www.omrserrature.it\/wp-content\/uploads\/2017\/10\/serratura-universale-lamelle.jpg","contentUrl":"https:\/\/www.omrserrature.it\/wp-content\/uploads\/2017\/10\/serratura-universale-lamelle.jpg","width":559,"height":329,"caption":"Mini Universalschl\u00f6sser mit zylinderpl\u00e4ttchenzylinder"},{"@type":"BreadcrumbList","@id":"https:\/\/www.omrserrature.it\/de\/produkt\/universalschloesser-mit-zylinderplaettchen\/#breadcrumb","itemListElement":[{"@type":"ListItem","position":1,"name":"Home","item":"https:\/\/www.omrserrature.it\/de\/omr-serrature-sistemi-chiusura\/"},{"@type":"ListItem","position":2,"name":"Katalog","item":"https:\/\/www.omrserrature.it\/katalog\/?lang=de"},{"@type":"ListItem","position":3,"name":"Anwendungen","item":"https:\/\/www.omrserrature.it\/de\/katalog\/anwendungen\/"},{"@type":"ListItem","position":4,"name":"Schl\u00f6sser f\u00fcr M\u00f6bel","item":"https:\/\/www.omrserrature.it\/de\/katalog\/anwendungen\/schlosser-fur-mobel\/"},{"@type":"ListItem","position":5,"name":"M\u00f6belt\u00fcren","item":"https:\/\/www.omrserrature.it\/de\/katalog\/anwendungen\/schlosser-fur-mobel\/mobelturen\/"},{"@type":"ListItem","position":6,"name":"Fl\u00fcgelt\u00fcren","item":"https:\/\/www.omrserrature.it\/de\/katalog\/anwendungen\/schlosser-fur-mobel\/mobelturen\/flugelturen\/"},{"@type":"ListItem","position":7,"name":"Universalschl\u00f6sser mit zylinderpl\u00e4ttchen"}]},{"@type":"WebSite","@id":"https:\/\/www.omrserrature.it\/de\/#website","url":"https:\/\/www.omrserrature.it\/de\/","name":"OMR Serrature | Produzione sistemi di chiusura","description":"Produzione serrature di sicurezza e sistemi di chiusura","publisher":{"@id":"https:\/\/www.omrserrature.it\/de\/#organization"},"potentialAction":[{"@type":"SearchAction","target":{"@type":"EntryPoint","urlTemplate":"https:\/\/www.omrserrature.it\/de\/?s={search_term_string}"},"query-input":{"@type":"PropertyValueSpecification","valueRequired":true,"valueName":"search_term_string"}}],"inLanguage":"de"},{"@type":"Organization","@id":"https:\/\/www.omrserrature.it\/de\/#organization","name":"OMR Serrature | Produzione sistemi di chiusura","url":"https:\/\/www.omrserrature.it\/de\/","logo":{"@type":"ImageObject","inLanguage":"de","@id":"https:\/\/www.omrserrature.it\/de\/#\/schema\/logo\/image\/","url":"https:\/\/www.omrserrature.it\/wp-content\/uploads\/2017\/09\/favicon-omr-114.png","contentUrl":"https:\/\/www.omrserrature.it\/wp-content\/uploads\/2017\/09\/favicon-omr-114.png","width":114,"height":114,"caption":"OMR Serrature | Produzione sistemi di chiusura"},"image":{"@id":"https:\/\/www.omrserrature.it\/de\/#\/schema\/logo\/image\/"},"sameAs":["https:\/\/www.facebook.com\/OMRserrature","https:\/\/www.linkedin.com\/company\/omrserrature\/","https:\/\/www.youtube.com\/channel\/UCxmA85z2R0EpG_6IRokiAkg"]}]}},"_links":{"self":[{"href":"https:\/\/www.omrserrature.it\/de\/wp-json\/wp\/v2\/product\/243045","targetHints":{"allow":["GET"]}}],"collection":[{"href":"https:\/\/www.omrserrature.it\/de\/wp-json\/wp\/v2\/product"}],"about":[{"href":"https:\/\/www.omrserrature.it\/de\/wp-json\/wp\/v2\/types\/product"}],"replies":[{"embeddable":true,"href":"https:\/\/www.omrserrature.it\/de\/wp-json\/wp\/v2\/comments?post=243045"}],"wp:featuredmedia":[{"embeddable":true,"href":"https:\/\/www.omrserrature.it\/de\/wp-json\/wp\/v2\/media\/3379"}],"wp:attachment":[{"href":"https:\/\/www.omrserrature.it\/de\/wp-json\/wp\/v2\/media?parent=243045"}],"wp:term":[{"taxonomy":"product_brand","embeddable":true,"href":"https:\/\/www.omrserrature.it\/de\/wp-json\/wp\/v2\/product_brand?post=243045"},{"taxonomy":"product_cat","embeddable":true,"href":"https:\/\/www.omrserrature.it\/de\/wp-json\/wp\/v2\/product_cat?post=243045"},{"taxonomy":"product_tag","embeddable":true,"href":"https:\/\/www.omrserrature.it\/de\/wp-json\/wp\/v2\/product_tag?post=243045"}],"curies":[{"name":"wp","href":"https:\/\/api.w.org\/{rel}","templated":true}]}}