{"id":242998,"date":"2017-10-09T15:34:19","date_gmt":"2009-10-17T13:34:00","guid":{"rendered":"https:\/\/www.staging6.omrserrature.it\/prodotto\/universal-hebelschloss\/"},"modified":"2026-04-08T13:13:11","modified_gmt":"2026-04-08T11:13:11","slug":"universal-hebelschloss","status":"publish","type":"product","link":"https:\/\/www.omrserrature.it\/de\/produkt\/universal-hebelschloss\/","title":{"rendered":"Universal Hebelschloss"},"content":{"rendered":"<p>Das <strong>Universalhebelschloss<\/strong> mit einem Pl\u00e4ttchenzylinder, freundlich als Sperrklinke bezeichnet, ist eines der beliebtesten Schl\u00f6sser in allen Bereichen. Der Schl\u00fcssel aus vernickeltem Messing bewegt den zentralen Pl\u00e4ttchenzylinder mit 5 Pl\u00e4ttchen, der sich in einem Geh\u00e4use aus Zinklegierung befindet, das Stator, Buchse oder K\u00f6rper genannt wird. Die traditionelle Doppel-D Ausstanzung (mit geraden Seiten) verhindert die unerw\u00fcnschte Drehung des Hebelschlosses bei der Bet\u00e4tigung. Durch Bet\u00e4tigung des <strong>hinteren Hebels<\/strong> wird der Abschluss oder die \u00d6ffnung des <strong>Nockenschlosses<\/strong> bestimmt.<\/p>\n<p>Das Geh\u00e4use und der Zylinder sind aus Zinklegierung, der Hebel aus Stahl. Der Kern ist aus Edelstahl beschichtet und am Schl\u00fcsseleingang ist einen Staubschutzdeckel vorgesehen. Die <strong>zwei Nuten<\/strong> auf dem Geh\u00e4use erm\u00f6glichen die <strong>schnelle Befestigung<\/strong> mit Klammer f\u00fcr <strong>Stahl, Aluminium oder Kunststofft\u00fcren<\/strong>.  <\/p>\n<p>Der universelle Schlie\u00dfzylinder mit Abdeckplatte wird h\u00e4ufig in Schwerkraft- und \u00f6kologischen Schl\u00f6ssern f\u00fcr M\u00fcllsammelbeh\u00e4lter von T\u00fcr zu T\u00fcr verwendet. Es kann auch an Rollladenk\u00e4sten, Aufzugsk\u00e4sten, kleinen Sicherheitsk\u00e4sten, Kassen und Hinteren Stiften verwendet werden. <\/p>\n","protected":false},"excerpt":{"rendered":"<p>Das <strong>Universalhebelschloss<\/strong> mit einem Pl\u00e4ttchenzylinder, freundlich als Sperrklinke bezeichnet, ist eines der beliebtesten Schl\u00f6sser in allen Bereichen. Der Zylinder ist <strong>mit rostfreiem Stahl beschichtet<\/strong> und der Schl\u00fcsselkanal ist mit einer <strong>Staubschutzklappe<\/strong> versehen, die zus\u00e4tzlichen Schutz vor Spritzern und Staub bietet. <\/p>\n<p>Es wird h\u00e4ufig in <strong>Schwerkraft- und \u00f6kologischen Schl\u00f6ssern<\/strong> f\u00fcr M\u00fcllsammelbeh\u00e4lter von T\u00fcr zu T\u00fcr verwendet.<\/p>\n","protected":false},"featured_media":3373,"comment_status":"open","ping_status":"closed","template":"","meta":{"_acf_changed":false,"_et_pb_use_builder":"","_et_pb_old_content":"","_et_gb_content_width":""},"product_brand":[],"product_cat":[3765,3767,3855,3876,3837,3796,3825,3829,3772,3861,3845,3832,3847,3852,3835,3833,3856,3851,3857,3830,3848,3866,3870,3850,3777,3802],"product_tag":[],"class_list":{"0":"post-242998","1":"product","2":"type-product","3":"status-publish","4":"has-post-thumbnail","6":"product_cat-abschlusssysteme-fur-die-industrie","7":"product_cat-bank-und-postwesen","8":"product_cat-briefkastenschlosser","9":"product_cat-flugelturen","10":"product_cat-gdpr-konformes-schrankschloss","11":"product_cat-hauptschlussel-schlosser","12":"product_cat-hebel-schlosser","13":"product_cat-kabinett-schlosser","14":"product_cat-krankenhauser-und-gesundheitsbereich","15":"product_cat-mobelturen","16":"product_cat-schlosser-fur-automaten","17":"product_cat-schlosser-fur-briefkasten","18":"product_cat-schlosser-fur-gefahrstoffschranke","19":"product_cat-schlosser-fur-industrieschranke","20":"product_cat-schlosser-fur-mobel","21":"product_cat-schlosser-fur-mulltonnen-2","22":"product_cat-schlosser-fur-paketkasten","23":"product_cat-schlosser-fur-pflanzenschutzschranke","24":"product_cat-schlosser-fur-postfacher","25":"product_cat-schlosser-fur-professionelle-trolleys","26":"product_cat-schlosser-fur-psa-schranke","27":"product_cat-schlosser-fur-schilder","28":"product_cat-schlosser-fur-sicherheitsmobel","29":"product_cat-schlosser-fur-skischranke","30":"product_cat-universalschlosser-mit-zylinderplattchen","31":"product_cat-wasserdichte-rostfreie-schlosser","33":"first","34":"instock","35":"shipping-taxable","36":"product-type-simple"},"acf":{"pdf1":"https:\/\/www.omrserrature.it\/wp-content\/uploads\/2017\/10\/Scheda-162802.pdf"},"yoast_head":"<!-- This site is optimized with the Yoast SEO plugin v27.2 - https:\/\/yoast.com\/product\/yoast-seo-wordpress\/ -->\n<title>Universal Hebelschloss - OMR Serrature<\/title>\n<meta name=\"robots\" content=\"index, follow, max-snippet:-1, max-image-preview:large, max-video-preview:-1\" \/>\n<link rel=\"canonical\" href=\"https:\/\/www.omrserrature.it\/de\/produkt\/universal-hebelschloss\/\" \/>\n<meta property=\"og:locale\" content=\"de_DE\" \/>\n<meta property=\"og:type\" content=\"article\" \/>\n<meta property=\"og:title\" content=\"Universal Hebelschloss - OMR Serrature\" \/>\n<meta property=\"og:description\" content=\"Das Universalhebelschloss mit einem Pl\u00e4ttchenzylinder, freundlich als Sperrklinke bezeichnet, ist eines der beliebtesten Schl\u00f6sser in allen Bereichen. Der Zylinder ist mit rostfreiem Stahl beschichtet und der Schl\u00fcsselkanal ist mit einer Staubschutzklappe versehen, die zus\u00e4tzlichen Schutz vor Spritzern und Staub bietet.  Es wird h\u00e4ufig in Schwerkraft- und \u00f6kologischen Schl\u00f6ssern f\u00fcr M\u00fcllsammelbeh\u00e4lter von T\u00fcr zu T\u00fcr verwendet.\" \/>\n<meta property=\"og:url\" content=\"https:\/\/www.omrserrature.it\/de\/produkt\/universal-hebelschloss\/\" \/>\n<meta property=\"og:site_name\" content=\"OMR Serrature | Produzione sistemi di chiusura\" \/>\n<meta property=\"article:publisher\" content=\"https:\/\/www.facebook.com\/OMRserrature\" \/>\n<meta property=\"article:modified_time\" content=\"2026-04-08T11:13:11+00:00\" \/>\n<meta property=\"og:image\" content=\"https:\/\/www.omrserrature.it\/wp-content\/uploads\/2017\/10\/serratura-universale-forcella.jpg\" \/>\n\t<meta property=\"og:image:width\" content=\"382\" \/>\n\t<meta property=\"og:image:height\" content=\"383\" \/>\n\t<meta property=\"og:image:type\" content=\"image\/jpeg\" \/>\n<meta name=\"twitter:card\" content=\"summary_large_image\" \/>\n<meta name=\"twitter:label1\" content=\"Gesch\u00e4tzte Lesezeit\" \/>\n\t<meta name=\"twitter:data1\" content=\"1\u00a0Minute\" \/>\n<script type=\"application\/ld+json\" class=\"yoast-schema-graph\">{\"@context\":\"https:\/\/schema.org\",\"@graph\":[{\"@type\":\"WebPage\",\"@id\":\"https:\/\/www.omrserrature.it\/de\/produkt\/universal-hebelschloss\/\",\"url\":\"https:\/\/www.omrserrature.it\/de\/produkt\/universal-hebelschloss\/\",\"name\":\"Universal Hebelschloss - OMR Serrature\",\"isPartOf\":{\"@id\":\"https:\/\/www.omrserrature.it\/de\/#website\"},\"primaryImageOfPage\":{\"@id\":\"https:\/\/www.omrserrature.it\/de\/produkt\/universal-hebelschloss\/#primaryimage\"},\"image\":{\"@id\":\"https:\/\/www.omrserrature.it\/de\/produkt\/universal-hebelschloss\/#primaryimage\"},\"thumbnailUrl\":\"https:\/\/www.omrserrature.it\/wp-content\/uploads\/2017\/10\/serratura-universale-forcella.jpg\",\"datePublished\":\"2009-10-17T13:34:00+00:00\",\"dateModified\":\"2026-04-08T11:13:11+00:00\",\"breadcrumb\":{\"@id\":\"https:\/\/www.omrserrature.it\/de\/produkt\/universal-hebelschloss\/#breadcrumb\"},\"inLanguage\":\"de\",\"potentialAction\":[{\"@type\":\"ReadAction\",\"target\":[\"https:\/\/www.omrserrature.it\/de\/produkt\/universal-hebelschloss\/\"]}]},{\"@type\":\"ImageObject\",\"inLanguage\":\"de\",\"@id\":\"https:\/\/www.omrserrature.it\/de\/produkt\/universal-hebelschloss\/#primaryimage\",\"url\":\"https:\/\/www.omrserrature.it\/wp-content\/uploads\/2017\/10\/serratura-universale-forcella.jpg\",\"contentUrl\":\"https:\/\/www.omrserrature.it\/wp-content\/uploads\/2017\/10\/serratura-universale-forcella.jpg\",\"width\":382,\"height\":383,\"caption\":\"Das universelle Hebelschloss aus Edelstahl mit Pl\u00e4ttchenzylinder\"},{\"@type\":\"BreadcrumbList\",\"@id\":\"https:\/\/www.omrserrature.it\/de\/produkt\/universal-hebelschloss\/#breadcrumb\",\"itemListElement\":[{\"@type\":\"ListItem\",\"position\":1,\"name\":\"Home\",\"item\":\"https:\/\/www.omrserrature.it\/de\/omr-serrature-sistemi-chiusura\/\"},{\"@type\":\"ListItem\",\"position\":2,\"name\":\"Katalog\",\"item\":\"https:\/\/www.omrserrature.it\/katalog\/?lang=de\"},{\"@type\":\"ListItem\",\"position\":3,\"name\":\"Anwendungen\",\"item\":\"https:\/\/www.omrserrature.it\/de\/katalog\/anwendungen\/\"},{\"@type\":\"ListItem\",\"position\":4,\"name\":\"GDPR-konformes Schrankschloss\",\"item\":\"https:\/\/www.omrserrature.it\/de\/katalog\/anwendungen\/gdpr-konformes-schrankschloss\/\"},{\"@type\":\"ListItem\",\"position\":5,\"name\":\"Universal Hebelschloss\"}]},{\"@type\":\"WebSite\",\"@id\":\"https:\/\/www.omrserrature.it\/de\/#website\",\"url\":\"https:\/\/www.omrserrature.it\/de\/\",\"name\":\"OMR Serrature | Produzione sistemi di chiusura\",\"description\":\"Produzione serrature di sicurezza e sistemi di chiusura\",\"publisher\":{\"@id\":\"https:\/\/www.omrserrature.it\/de\/#organization\"},\"potentialAction\":[{\"@type\":\"SearchAction\",\"target\":{\"@type\":\"EntryPoint\",\"urlTemplate\":\"https:\/\/www.omrserrature.it\/de\/?s={search_term_string}\"},\"query-input\":{\"@type\":\"PropertyValueSpecification\",\"valueRequired\":true,\"valueName\":\"search_term_string\"}}],\"inLanguage\":\"de\"},{\"@type\":\"Organization\",\"@id\":\"https:\/\/www.omrserrature.it\/de\/#organization\",\"name\":\"OMR Serrature | Produzione sistemi di chiusura\",\"url\":\"https:\/\/www.omrserrature.it\/de\/\",\"logo\":{\"@type\":\"ImageObject\",\"inLanguage\":\"de\",\"@id\":\"https:\/\/www.omrserrature.it\/de\/#\/schema\/logo\/image\/\",\"url\":\"https:\/\/www.omrserrature.it\/wp-content\/uploads\/2017\/09\/favicon-omr-114.png\",\"contentUrl\":\"https:\/\/www.omrserrature.it\/wp-content\/uploads\/2017\/09\/favicon-omr-114.png\",\"width\":114,\"height\":114,\"caption\":\"OMR Serrature | Produzione sistemi di chiusura\"},\"image\":{\"@id\":\"https:\/\/www.omrserrature.it\/de\/#\/schema\/logo\/image\/\"},\"sameAs\":[\"https:\/\/www.facebook.com\/OMRserrature\",\"https:\/\/www.linkedin.com\/company\/omrserrature\/\",\"https:\/\/www.youtube.com\/channel\/UCxmA85z2R0EpG_6IRokiAkg\"]}]}<\/script>\n<!-- \/ Yoast SEO plugin. -->","yoast_head_json":{"title":"Universal Hebelschloss - OMR Serrature","robots":{"index":"index","follow":"follow","max-snippet":"max-snippet:-1","max-image-preview":"max-image-preview:large","max-video-preview":"max-video-preview:-1"},"canonical":"https:\/\/www.omrserrature.it\/de\/produkt\/universal-hebelschloss\/","og_locale":"de_DE","og_type":"article","og_title":"Universal Hebelschloss - OMR Serrature","og_description":"Das Universalhebelschloss mit einem Pl\u00e4ttchenzylinder, freundlich als Sperrklinke bezeichnet, ist eines der beliebtesten Schl\u00f6sser in allen Bereichen. Der Zylinder ist mit rostfreiem Stahl beschichtet und der Schl\u00fcsselkanal ist mit einer Staubschutzklappe versehen, die zus\u00e4tzlichen Schutz vor Spritzern und Staub bietet.  Es wird h\u00e4ufig in Schwerkraft- und \u00f6kologischen Schl\u00f6ssern f\u00fcr M\u00fcllsammelbeh\u00e4lter von T\u00fcr zu T\u00fcr verwendet.","og_url":"https:\/\/www.omrserrature.it\/de\/produkt\/universal-hebelschloss\/","og_site_name":"OMR Serrature | Produzione sistemi di chiusura","article_publisher":"https:\/\/www.facebook.com\/OMRserrature","article_modified_time":"2026-04-08T11:13:11+00:00","og_image":[{"width":382,"height":383,"url":"https:\/\/www.omrserrature.it\/wp-content\/uploads\/2017\/10\/serratura-universale-forcella.jpg","type":"image\/jpeg"}],"twitter_card":"summary_large_image","twitter_misc":{"Gesch\u00e4tzte Lesezeit":"1\u00a0Minute"},"schema":{"@context":"https:\/\/schema.org","@graph":[{"@type":"WebPage","@id":"https:\/\/www.omrserrature.it\/de\/produkt\/universal-hebelschloss\/","url":"https:\/\/www.omrserrature.it\/de\/produkt\/universal-hebelschloss\/","name":"Universal Hebelschloss - OMR Serrature","isPartOf":{"@id":"https:\/\/www.omrserrature.it\/de\/#website"},"primaryImageOfPage":{"@id":"https:\/\/www.omrserrature.it\/de\/produkt\/universal-hebelschloss\/#primaryimage"},"image":{"@id":"https:\/\/www.omrserrature.it\/de\/produkt\/universal-hebelschloss\/#primaryimage"},"thumbnailUrl":"https:\/\/www.omrserrature.it\/wp-content\/uploads\/2017\/10\/serratura-universale-forcella.jpg","datePublished":"2009-10-17T13:34:00+00:00","dateModified":"2026-04-08T11:13:11+00:00","breadcrumb":{"@id":"https:\/\/www.omrserrature.it\/de\/produkt\/universal-hebelschloss\/#breadcrumb"},"inLanguage":"de","potentialAction":[{"@type":"ReadAction","target":["https:\/\/www.omrserrature.it\/de\/produkt\/universal-hebelschloss\/"]}]},{"@type":"ImageObject","inLanguage":"de","@id":"https:\/\/www.omrserrature.it\/de\/produkt\/universal-hebelschloss\/#primaryimage","url":"https:\/\/www.omrserrature.it\/wp-content\/uploads\/2017\/10\/serratura-universale-forcella.jpg","contentUrl":"https:\/\/www.omrserrature.it\/wp-content\/uploads\/2017\/10\/serratura-universale-forcella.jpg","width":382,"height":383,"caption":"Das universelle Hebelschloss aus Edelstahl mit Pl\u00e4ttchenzylinder"},{"@type":"BreadcrumbList","@id":"https:\/\/www.omrserrature.it\/de\/produkt\/universal-hebelschloss\/#breadcrumb","itemListElement":[{"@type":"ListItem","position":1,"name":"Home","item":"https:\/\/www.omrserrature.it\/de\/omr-serrature-sistemi-chiusura\/"},{"@type":"ListItem","position":2,"name":"Katalog","item":"https:\/\/www.omrserrature.it\/katalog\/?lang=de"},{"@type":"ListItem","position":3,"name":"Anwendungen","item":"https:\/\/www.omrserrature.it\/de\/katalog\/anwendungen\/"},{"@type":"ListItem","position":4,"name":"GDPR-konformes Schrankschloss","item":"https:\/\/www.omrserrature.it\/de\/katalog\/anwendungen\/gdpr-konformes-schrankschloss\/"},{"@type":"ListItem","position":5,"name":"Universal Hebelschloss"}]},{"@type":"WebSite","@id":"https:\/\/www.omrserrature.it\/de\/#website","url":"https:\/\/www.omrserrature.it\/de\/","name":"OMR Serrature | Produzione sistemi di chiusura","description":"Produzione serrature di sicurezza e sistemi di chiusura","publisher":{"@id":"https:\/\/www.omrserrature.it\/de\/#organization"},"potentialAction":[{"@type":"SearchAction","target":{"@type":"EntryPoint","urlTemplate":"https:\/\/www.omrserrature.it\/de\/?s={search_term_string}"},"query-input":{"@type":"PropertyValueSpecification","valueRequired":true,"valueName":"search_term_string"}}],"inLanguage":"de"},{"@type":"Organization","@id":"https:\/\/www.omrserrature.it\/de\/#organization","name":"OMR Serrature | Produzione sistemi di chiusura","url":"https:\/\/www.omrserrature.it\/de\/","logo":{"@type":"ImageObject","inLanguage":"de","@id":"https:\/\/www.omrserrature.it\/de\/#\/schema\/logo\/image\/","url":"https:\/\/www.omrserrature.it\/wp-content\/uploads\/2017\/09\/favicon-omr-114.png","contentUrl":"https:\/\/www.omrserrature.it\/wp-content\/uploads\/2017\/09\/favicon-omr-114.png","width":114,"height":114,"caption":"OMR Serrature | Produzione sistemi di chiusura"},"image":{"@id":"https:\/\/www.omrserrature.it\/de\/#\/schema\/logo\/image\/"},"sameAs":["https:\/\/www.facebook.com\/OMRserrature","https:\/\/www.linkedin.com\/company\/omrserrature\/","https:\/\/www.youtube.com\/channel\/UCxmA85z2R0EpG_6IRokiAkg"]}]}},"_links":{"self":[{"href":"https:\/\/www.omrserrature.it\/de\/wp-json\/wp\/v2\/product\/242998","targetHints":{"allow":["GET"]}}],"collection":[{"href":"https:\/\/www.omrserrature.it\/de\/wp-json\/wp\/v2\/product"}],"about":[{"href":"https:\/\/www.omrserrature.it\/de\/wp-json\/wp\/v2\/types\/product"}],"replies":[{"embeddable":true,"href":"https:\/\/www.omrserrature.it\/de\/wp-json\/wp\/v2\/comments?post=242998"}],"wp:featuredmedia":[{"embeddable":true,"href":"https:\/\/www.omrserrature.it\/de\/wp-json\/wp\/v2\/media\/3373"}],"wp:attachment":[{"href":"https:\/\/www.omrserrature.it\/de\/wp-json\/wp\/v2\/media?parent=242998"}],"wp:term":[{"taxonomy":"product_brand","embeddable":true,"href":"https:\/\/www.omrserrature.it\/de\/wp-json\/wp\/v2\/product_brand?post=242998"},{"taxonomy":"product_cat","embeddable":true,"href":"https:\/\/www.omrserrature.it\/de\/wp-json\/wp\/v2\/product_cat?post=242998"},{"taxonomy":"product_tag","embeddable":true,"href":"https:\/\/www.omrserrature.it\/de\/wp-json\/wp\/v2\/product_tag?post=242998"}],"curies":[{"name":"wp","href":"https:\/\/api.w.org\/{rel}","templated":true}]}}