{"id":242990,"date":"2017-10-06T10:15:38","date_gmt":"2006-10-17T08:15:00","guid":{"rendered":"https:\/\/www.staging6.omrserrature.it\/prodotto\/tubularschloss-mit-elektrischem-kontakt\/"},"modified":"2026-04-08T13:14:14","modified_gmt":"2026-04-08T11:14:14","slug":"tubularschloss-mit-elektrischem-kontakt","status":"publish","type":"product","link":"https:\/\/www.omrserrature.it\/de\/produkt\/tubularschloss-mit-elektrischem-kontakt\/","title":{"rendered":"Rohrschloss mit elektrischem Kontakt mit Federr\u00fcckzug"},"content":{"rendered":"<p>Das<strong> bistabile, monopolare<\/strong> Schloss mit Federr\u00fcckzug und einem einzigen Tastenausgang erm\u00f6glicht die Aktivierung oder Deaktivierung eines Hinteren Stifts durch einen elektrischen Impuls. Der Zylinder weist radial angeordnete Stifte auf und ist durch einen <strong>Tubularschl\u00fcssel<\/strong> bet\u00e4tigt.<\/p>\n<p> <strong> Der Schl\u00fcssel kann nur in geschlossener Position abgezogen werden<\/strong>, was die Aufmerksamkeit des Bedieners erh\u00f6ht und au\u00dferdem einen praktischen Griff darstellt. Der verchromte Metalldruckgussk\u00f6rper hat eine spezielle Kegelstumpfform, die <strong>ein Einbrechen mit der Zange verhindert<\/strong>.<\/p>\n<p>Das <strong>elektrische Kontaktschloss<\/strong> &#8218;Mikroschalter&#8216; findet seine Anwendung<strong> bei Aufzugstafeln, Maschinensteuerungstafeln, Verkaufsautomaten und Spielautomaten.<\/strong><\/p>\n","protected":false},"excerpt":{"rendered":"<p>Das<strong> bistabile, einpolige Schaltschloss<\/strong> mit Federr\u00fcckzug und <strong>einem einzigen Schl\u00fcsselausgang<\/strong> erm\u00f6glicht die Aktivierung oder Deaktivierung eines Hinteren Stifts durch einen<strong> elektrischen Impuls<\/strong>.<\/p>\n<p>Der Zylinder verf\u00fcgt \u00fcber radiale Stifte, die mit einem<strong> Rohrschl\u00fcssel<\/strong> bewegt werden<strong>.<\/strong><\/p>\n","protected":false},"featured_media":3349,"comment_status":"open","ping_status":"closed","template":"","meta":{"_acf_changed":false,"_et_pb_use_builder":"","_et_pb_old_content":"","_et_gb_content_width":""},"product_brand":[],"product_cat":[3768,3805,3841,3842,3859,3795,3776],"product_tag":[],"class_list":{"0":"post-242990","1":"product","2":"type-product","3":"status-publish","4":"has-post-thumbnail","6":"product_cat-automatisierung-und-hausautomation","7":"product_cat-ein-besonderer-schlussel","8":"product_cat-schloss-fur-umschalter","9":"product_cat-schlosser-fur-die-elektromechanische-industrie","10":"product_cat-schlosser-fur-spielautomaten","11":"product_cat-schlosser-mit-elektrischem-kontakt","12":"product_cat-universal-stiftschlosser","14":"first","15":"instock","16":"shipping-taxable","17":"purchasable","18":"product-type-variable","19":"has-default-attributes"},"acf":{"pdf1":"https:\/\/www.omrserrature.it\/wp-content\/uploads\/2017\/10\/Scheda_tech_100868.pdf"},"yoast_head":"<!-- This site is optimized with the Yoast SEO plugin v27.2 - https:\/\/yoast.com\/product\/yoast-seo-wordpress\/ -->\n<title>Schalterschloss mit elektrischem Kontakt | Einpolig Zweipolig<\/title>\n<meta name=\"description\" content=\"Bistabiles, monopolares Schaltschloss mit Federr\u00fcckzug und Rohrschl\u00fcssel. Mikro-Schaltkontakt f\u00fcr Schaltanlagen, Aufz\u00fcge und Maschinen.\" \/>\n<meta name=\"robots\" content=\"index, follow, max-snippet:-1, max-image-preview:large, max-video-preview:-1\" \/>\n<link rel=\"canonical\" href=\"https:\/\/www.omrserrature.it\/de\/produkt\/tubularschloss-mit-elektrischem-kontakt\/\" \/>\n<meta property=\"og:locale\" content=\"de_DE\" \/>\n<meta property=\"og:type\" content=\"article\" \/>\n<meta property=\"og:title\" content=\"Schalterschloss mit elektrischem Kontakt | Einpolig Zweipolig\" \/>\n<meta property=\"og:description\" content=\"Bistabiles, monopolares Schaltschloss mit Federr\u00fcckzug und Rohrschl\u00fcssel. Mikro-Schaltkontakt f\u00fcr Schaltanlagen, Aufz\u00fcge und Maschinen.\" \/>\n<meta property=\"og:url\" content=\"https:\/\/www.omrserrature.it\/de\/produkt\/tubularschloss-mit-elektrischem-kontakt\/\" \/>\n<meta property=\"og:site_name\" content=\"OMR Serrature | Produzione sistemi di chiusura\" \/>\n<meta property=\"article:publisher\" content=\"https:\/\/www.facebook.com\/OMRserrature\" \/>\n<meta property=\"article:modified_time\" content=\"2026-04-08T11:14:14+00:00\" \/>\n<meta property=\"og:image\" content=\"https:\/\/www.omrserrature.it\/wp-content\/uploads\/2017\/10\/serratura-tubolare-contatto-elettrico.jpg\" \/>\n\t<meta property=\"og:image:width\" content=\"503\" \/>\n\t<meta property=\"og:image:height\" content=\"406\" \/>\n\t<meta property=\"og:image:type\" content=\"image\/jpeg\" \/>\n<meta name=\"twitter:card\" content=\"summary_large_image\" \/>\n<script type=\"application\/ld+json\" class=\"yoast-schema-graph\">{\"@context\":\"https:\/\/schema.org\",\"@graph\":[{\"@type\":\"WebPage\",\"@id\":\"https:\/\/www.omrserrature.it\/de\/produkt\/tubularschloss-mit-elektrischem-kontakt\/\",\"url\":\"https:\/\/www.omrserrature.it\/de\/produkt\/tubularschloss-mit-elektrischem-kontakt\/\",\"name\":\"Schalterschloss mit elektrischem Kontakt | Einpolig Zweipolig\",\"isPartOf\":{\"@id\":\"https:\/\/www.omrserrature.it\/de\/#website\"},\"primaryImageOfPage\":{\"@id\":\"https:\/\/www.omrserrature.it\/de\/produkt\/tubularschloss-mit-elektrischem-kontakt\/#primaryimage\"},\"image\":{\"@id\":\"https:\/\/www.omrserrature.it\/de\/produkt\/tubularschloss-mit-elektrischem-kontakt\/#primaryimage\"},\"thumbnailUrl\":\"https:\/\/www.omrserrature.it\/wp-content\/uploads\/2017\/10\/serratura-tubolare-contatto-elettrico.jpg\",\"datePublished\":\"2006-10-17T08:15:00+00:00\",\"dateModified\":\"2026-04-08T11:14:14+00:00\",\"description\":\"Bistabiles, monopolares Schaltschloss mit Federr\u00fcckzug und Rohrschl\u00fcssel. Mikro-Schaltkontakt f\u00fcr Schaltanlagen, Aufz\u00fcge und Maschinen.\",\"breadcrumb\":{\"@id\":\"https:\/\/www.omrserrature.it\/de\/produkt\/tubularschloss-mit-elektrischem-kontakt\/#breadcrumb\"},\"inLanguage\":\"de\",\"potentialAction\":[{\"@type\":\"ReadAction\",\"target\":[\"https:\/\/www.omrserrature.it\/de\/produkt\/tubularschloss-mit-elektrischem-kontakt\/\"]}]},{\"@type\":\"ImageObject\",\"inLanguage\":\"de\",\"@id\":\"https:\/\/www.omrserrature.it\/de\/produkt\/tubularschloss-mit-elektrischem-kontakt\/#primaryimage\",\"url\":\"https:\/\/www.omrserrature.it\/wp-content\/uploads\/2017\/10\/serratura-tubolare-contatto-elettrico.jpg\",\"contentUrl\":\"https:\/\/www.omrserrature.it\/wp-content\/uploads\/2017\/10\/serratura-tubolare-contatto-elettrico.jpg\",\"width\":503,\"height\":406,\"caption\":\"Tubularschloss mit elektrischem Kontakt\"},{\"@type\":\"BreadcrumbList\",\"@id\":\"https:\/\/www.omrserrature.it\/de\/produkt\/tubularschloss-mit-elektrischem-kontakt\/#breadcrumb\",\"itemListElement\":[{\"@type\":\"ListItem\",\"position\":1,\"name\":\"Home\",\"item\":\"https:\/\/www.omrserrature.it\/de\/omr-serrature-sistemi-chiusura\/\"},{\"@type\":\"ListItem\",\"position\":2,\"name\":\"Katalog\",\"item\":\"https:\/\/www.omrserrature.it\/katalog\/?lang=de\"},{\"@type\":\"ListItem\",\"position\":3,\"name\":\"Produkte\",\"item\":\"https:\/\/www.omrserrature.it\/de\/katalog\/produkte\/\"},{\"@type\":\"ListItem\",\"position\":4,\"name\":\"Schloesser\",\"item\":\"https:\/\/www.omrserrature.it\/de\/katalog\/produkte\/schloesser\/\"},{\"@type\":\"ListItem\",\"position\":5,\"name\":\"Universal Stiftschl\u00f6sser\",\"item\":\"https:\/\/www.omrserrature.it\/de\/katalog\/produkte\/schloesser\/universal-stiftschlosser\/\"},{\"@type\":\"ListItem\",\"position\":6,\"name\":\"Ein besonderer Schl\u00fcssel\",\"item\":\"https:\/\/www.omrserrature.it\/de\/katalog\/produkte\/schloesser\/universal-stiftschlosser\/ein-besonderer-schlussel\/\"},{\"@type\":\"ListItem\",\"position\":7,\"name\":\"Rohrschloss mit elektrischem Kontakt mit Federr\u00fcckzug\"}]},{\"@type\":\"WebSite\",\"@id\":\"https:\/\/www.omrserrature.it\/de\/#website\",\"url\":\"https:\/\/www.omrserrature.it\/de\/\",\"name\":\"OMR Serrature | Produzione sistemi di chiusura\",\"description\":\"Produzione serrature di sicurezza e sistemi di chiusura\",\"publisher\":{\"@id\":\"https:\/\/www.omrserrature.it\/de\/#organization\"},\"potentialAction\":[{\"@type\":\"SearchAction\",\"target\":{\"@type\":\"EntryPoint\",\"urlTemplate\":\"https:\/\/www.omrserrature.it\/de\/?s={search_term_string}\"},\"query-input\":{\"@type\":\"PropertyValueSpecification\",\"valueRequired\":true,\"valueName\":\"search_term_string\"}}],\"inLanguage\":\"de\"},{\"@type\":\"Organization\",\"@id\":\"https:\/\/www.omrserrature.it\/de\/#organization\",\"name\":\"OMR Serrature | Produzione sistemi di chiusura\",\"url\":\"https:\/\/www.omrserrature.it\/de\/\",\"logo\":{\"@type\":\"ImageObject\",\"inLanguage\":\"de\",\"@id\":\"https:\/\/www.omrserrature.it\/de\/#\/schema\/logo\/image\/\",\"url\":\"https:\/\/www.omrserrature.it\/wp-content\/uploads\/2017\/09\/favicon-omr-114.png\",\"contentUrl\":\"https:\/\/www.omrserrature.it\/wp-content\/uploads\/2017\/09\/favicon-omr-114.png\",\"width\":114,\"height\":114,\"caption\":\"OMR Serrature | Produzione sistemi di chiusura\"},\"image\":{\"@id\":\"https:\/\/www.omrserrature.it\/de\/#\/schema\/logo\/image\/\"},\"sameAs\":[\"https:\/\/www.facebook.com\/OMRserrature\",\"https:\/\/www.linkedin.com\/company\/omrserrature\/\",\"https:\/\/www.youtube.com\/channel\/UCxmA85z2R0EpG_6IRokiAkg\"]}]}<\/script>\n<!-- \/ Yoast SEO plugin. -->","yoast_head_json":{"title":"Schalterschloss mit elektrischem Kontakt | Einpolig Zweipolig","description":"Bistabiles, monopolares Schaltschloss mit Federr\u00fcckzug und Rohrschl\u00fcssel. Mikro-Schaltkontakt f\u00fcr Schaltanlagen, Aufz\u00fcge und Maschinen.","robots":{"index":"index","follow":"follow","max-snippet":"max-snippet:-1","max-image-preview":"max-image-preview:large","max-video-preview":"max-video-preview:-1"},"canonical":"https:\/\/www.omrserrature.it\/de\/produkt\/tubularschloss-mit-elektrischem-kontakt\/","og_locale":"de_DE","og_type":"article","og_title":"Schalterschloss mit elektrischem Kontakt | Einpolig Zweipolig","og_description":"Bistabiles, monopolares Schaltschloss mit Federr\u00fcckzug und Rohrschl\u00fcssel. Mikro-Schaltkontakt f\u00fcr Schaltanlagen, Aufz\u00fcge und Maschinen.","og_url":"https:\/\/www.omrserrature.it\/de\/produkt\/tubularschloss-mit-elektrischem-kontakt\/","og_site_name":"OMR Serrature | Produzione sistemi di chiusura","article_publisher":"https:\/\/www.facebook.com\/OMRserrature","article_modified_time":"2026-04-08T11:14:14+00:00","og_image":[{"width":503,"height":406,"url":"https:\/\/www.omrserrature.it\/wp-content\/uploads\/2017\/10\/serratura-tubolare-contatto-elettrico.jpg","type":"image\/jpeg"}],"twitter_card":"summary_large_image","schema":{"@context":"https:\/\/schema.org","@graph":[{"@type":"WebPage","@id":"https:\/\/www.omrserrature.it\/de\/produkt\/tubularschloss-mit-elektrischem-kontakt\/","url":"https:\/\/www.omrserrature.it\/de\/produkt\/tubularschloss-mit-elektrischem-kontakt\/","name":"Schalterschloss mit elektrischem Kontakt | Einpolig Zweipolig","isPartOf":{"@id":"https:\/\/www.omrserrature.it\/de\/#website"},"primaryImageOfPage":{"@id":"https:\/\/www.omrserrature.it\/de\/produkt\/tubularschloss-mit-elektrischem-kontakt\/#primaryimage"},"image":{"@id":"https:\/\/www.omrserrature.it\/de\/produkt\/tubularschloss-mit-elektrischem-kontakt\/#primaryimage"},"thumbnailUrl":"https:\/\/www.omrserrature.it\/wp-content\/uploads\/2017\/10\/serratura-tubolare-contatto-elettrico.jpg","datePublished":"2006-10-17T08:15:00+00:00","dateModified":"2026-04-08T11:14:14+00:00","description":"Bistabiles, monopolares Schaltschloss mit Federr\u00fcckzug und Rohrschl\u00fcssel. Mikro-Schaltkontakt f\u00fcr Schaltanlagen, Aufz\u00fcge und Maschinen.","breadcrumb":{"@id":"https:\/\/www.omrserrature.it\/de\/produkt\/tubularschloss-mit-elektrischem-kontakt\/#breadcrumb"},"inLanguage":"de","potentialAction":[{"@type":"ReadAction","target":["https:\/\/www.omrserrature.it\/de\/produkt\/tubularschloss-mit-elektrischem-kontakt\/"]}]},{"@type":"ImageObject","inLanguage":"de","@id":"https:\/\/www.omrserrature.it\/de\/produkt\/tubularschloss-mit-elektrischem-kontakt\/#primaryimage","url":"https:\/\/www.omrserrature.it\/wp-content\/uploads\/2017\/10\/serratura-tubolare-contatto-elettrico.jpg","contentUrl":"https:\/\/www.omrserrature.it\/wp-content\/uploads\/2017\/10\/serratura-tubolare-contatto-elettrico.jpg","width":503,"height":406,"caption":"Tubularschloss mit elektrischem Kontakt"},{"@type":"BreadcrumbList","@id":"https:\/\/www.omrserrature.it\/de\/produkt\/tubularschloss-mit-elektrischem-kontakt\/#breadcrumb","itemListElement":[{"@type":"ListItem","position":1,"name":"Home","item":"https:\/\/www.omrserrature.it\/de\/omr-serrature-sistemi-chiusura\/"},{"@type":"ListItem","position":2,"name":"Katalog","item":"https:\/\/www.omrserrature.it\/katalog\/?lang=de"},{"@type":"ListItem","position":3,"name":"Produkte","item":"https:\/\/www.omrserrature.it\/de\/katalog\/produkte\/"},{"@type":"ListItem","position":4,"name":"Schloesser","item":"https:\/\/www.omrserrature.it\/de\/katalog\/produkte\/schloesser\/"},{"@type":"ListItem","position":5,"name":"Universal Stiftschl\u00f6sser","item":"https:\/\/www.omrserrature.it\/de\/katalog\/produkte\/schloesser\/universal-stiftschlosser\/"},{"@type":"ListItem","position":6,"name":"Ein besonderer Schl\u00fcssel","item":"https:\/\/www.omrserrature.it\/de\/katalog\/produkte\/schloesser\/universal-stiftschlosser\/ein-besonderer-schlussel\/"},{"@type":"ListItem","position":7,"name":"Rohrschloss mit elektrischem Kontakt mit Federr\u00fcckzug"}]},{"@type":"WebSite","@id":"https:\/\/www.omrserrature.it\/de\/#website","url":"https:\/\/www.omrserrature.it\/de\/","name":"OMR Serrature | Produzione sistemi di chiusura","description":"Produzione serrature di sicurezza e sistemi di chiusura","publisher":{"@id":"https:\/\/www.omrserrature.it\/de\/#organization"},"potentialAction":[{"@type":"SearchAction","target":{"@type":"EntryPoint","urlTemplate":"https:\/\/www.omrserrature.it\/de\/?s={search_term_string}"},"query-input":{"@type":"PropertyValueSpecification","valueRequired":true,"valueName":"search_term_string"}}],"inLanguage":"de"},{"@type":"Organization","@id":"https:\/\/www.omrserrature.it\/de\/#organization","name":"OMR Serrature | Produzione sistemi di chiusura","url":"https:\/\/www.omrserrature.it\/de\/","logo":{"@type":"ImageObject","inLanguage":"de","@id":"https:\/\/www.omrserrature.it\/de\/#\/schema\/logo\/image\/","url":"https:\/\/www.omrserrature.it\/wp-content\/uploads\/2017\/09\/favicon-omr-114.png","contentUrl":"https:\/\/www.omrserrature.it\/wp-content\/uploads\/2017\/09\/favicon-omr-114.png","width":114,"height":114,"caption":"OMR Serrature | Produzione sistemi di chiusura"},"image":{"@id":"https:\/\/www.omrserrature.it\/de\/#\/schema\/logo\/image\/"},"sameAs":["https:\/\/www.facebook.com\/OMRserrature","https:\/\/www.linkedin.com\/company\/omrserrature\/","https:\/\/www.youtube.com\/channel\/UCxmA85z2R0EpG_6IRokiAkg"]}]}},"_links":{"self":[{"href":"https:\/\/www.omrserrature.it\/de\/wp-json\/wp\/v2\/product\/242990","targetHints":{"allow":["GET"]}}],"collection":[{"href":"https:\/\/www.omrserrature.it\/de\/wp-json\/wp\/v2\/product"}],"about":[{"href":"https:\/\/www.omrserrature.it\/de\/wp-json\/wp\/v2\/types\/product"}],"replies":[{"embeddable":true,"href":"https:\/\/www.omrserrature.it\/de\/wp-json\/wp\/v2\/comments?post=242990"}],"wp:featuredmedia":[{"embeddable":true,"href":"https:\/\/www.omrserrature.it\/de\/wp-json\/wp\/v2\/media\/3349"}],"wp:attachment":[{"href":"https:\/\/www.omrserrature.it\/de\/wp-json\/wp\/v2\/media?parent=242990"}],"wp:term":[{"taxonomy":"product_brand","embeddable":true,"href":"https:\/\/www.omrserrature.it\/de\/wp-json\/wp\/v2\/product_brand?post=242990"},{"taxonomy":"product_cat","embeddable":true,"href":"https:\/\/www.omrserrature.it\/de\/wp-json\/wp\/v2\/product_cat?post=242990"},{"taxonomy":"product_tag","embeddable":true,"href":"https:\/\/www.omrserrature.it\/de\/wp-json\/wp\/v2\/product_tag?post=242990"}],"curies":[{"name":"wp","href":"https:\/\/api.w.org\/{rel}","templated":true}]}}