{"id":242982,"date":"2017-10-06T10:05:18","date_gmt":"2006-10-17T08:05:00","guid":{"rendered":"https:\/\/www.staging6.omrserrature.it\/prodotto\/tubularschloss\/"},"modified":"2026-04-08T13:12:55","modified_gmt":"2026-04-08T11:12:55","slug":"tubularschloss","status":"publish","type":"product","link":"https:\/\/www.omrserrature.it\/de\/produkt\/tubularschloss\/","title":{"rendered":"Tubularschloss"},"content":{"rendered":"<p><strong>Das r\u00f6hrenf\u00f6rmige Schloss<\/strong> verf\u00fcgt \u00fcber radiale Stifte, die mit einem<strong> r\u00f6hrenf\u00f6rmigen Schl\u00fcssel<\/strong> bewegt werden. Der Schl\u00fcssel kann nur im geschlossenen Zustand abgezogen werden, daher wird h\u00f6here Sicherheit sicherstellt und der Schl\u00fcssel dient als praktischer Handgriff. Das verchromte Geh\u00e4use ist kegelstumpff\u00f6rmig, um das <strong>Knacken mit Zangen zu verhindern<\/strong>. <\/p>\n<p>An der hinteren Oval-Befestigung lassen sich au\u00dferdem verschiedene <strong>gerade, gekr\u00f6pfte und Hakenzungen<\/strong> sowie Mehrpunkt-Hebel f\u00fcr die Bewegung von Translationsstangen (nach oben und unten) oder <strong>mehrfache und zentralisierte Abschl\u00fcsse<\/strong> anbringen.<\/p>\n<p>Das Schloss mit <strong>Radialstiften<\/strong> eignet sich besonders f\u00fcr die Verriegelung von <strong>Geldkassetten, Aufzugssch\u00e4chten, Weinkellern, Verkaufs- und Spielautomaten, Drehkreuzen, verdeckten oder getarnten Minitresoren, Waffenschr\u00e4nken an LKWs und gepanzerten Fahrzeugen.<\/strong><\/p>\n","protected":false},"excerpt":{"rendered":"<p><strong>Das r\u00f6hrenf\u00f6rmige Schloss<\/strong> verf\u00fcgt \u00fcber radiale Stifte, die mit einem<strong> r\u00f6hrenf\u00f6rmigen Schl\u00fcssel<\/strong> bewegt werden.<\/p>\n<p><strong>Der Schl\u00fcssel kann nur in geschlossener Position abgezogen werden<\/strong>, was die Aufmerksamkeit des Bedieners erh\u00f6ht und einen praktischen Griff darstellt. Das verchromte Geh\u00e4use ist kegelstumpff\u00f6rmig, um das <strong>Knacken mit Zangen zu verhindern<\/strong>.<\/p>\n","protected":false},"featured_media":3343,"comment_status":"open","ping_status":"closed","template":"","meta":{"_acf_changed":false,"_et_pb_use_builder":"","_et_pb_old_content":"","_et_gb_content_width":""},"product_brand":[],"product_cat":[3773,3763,3805,3825,3834,3828,3790,3841,3843,3842,3871,3870,3859,3836,3853,3858,3854,3831,3761,3860,3776],"product_tag":[],"class_list":{"0":"post-242982","1":"product","2":"type-product","3":"status-publish","4":"has-post-thumbnail","6":"product_cat-architektur-stadtplanung-und-design","7":"product_cat-automotive-und-transport","8":"product_cat-ein-besonderer-schlussel","9":"product_cat-hebel-schlosser","10":"product_cat-maschinenschlosser","11":"product_cat-professionelle-mobelschlosser","12":"product_cat-reprogrammierbare-schlosser","13":"product_cat-schloss-fur-umschalter","14":"product_cat-schlosser-fur-automatische-lagerhauser","15":"product_cat-schlosser-fur-die-elektromechanische-industrie","16":"product_cat-schlosser-fur-kuhlaufbauten","17":"product_cat-schlosser-fur-sicherheitsmobel","18":"product_cat-schlosser-fur-spielautomaten","19":"product_cat-schlosser-fur-transportmittel","20":"product_cat-schlosser-fur-tresore","21":"product_cat-schlosser-fur-verkaufsautomaten","22":"product_cat-schlosser-fur-waffenstander","23":"product_cat-sicherheitsschlosser","24":"product_cat-sicherheitssysteme-fur-den-abschluss","25":"product_cat-turschlosser","26":"product_cat-universal-stiftschlosser","28":"first","29":"instock","30":"shipping-taxable","31":"product-type-simple"},"acf":{"pdf1":"https:\/\/www.omrserrature.it\/wp-content\/uploads\/schede\/Scheda_100852.pdf"},"yoast_head":"<!-- This site is optimized with the Yoast SEO plugin v27.2 - https:\/\/yoast.com\/product\/yoast-seo-wordpress\/ -->\n<title>Tubularschloss - OMR Serrature<\/title>\n<meta name=\"robots\" content=\"index, follow, max-snippet:-1, max-image-preview:large, max-video-preview:-1\" \/>\n<link rel=\"canonical\" href=\"https:\/\/www.omrserrature.it\/de\/produkt\/tubularschloss\/\" \/>\n<meta property=\"og:locale\" content=\"de_DE\" \/>\n<meta property=\"og:type\" content=\"article\" \/>\n<meta property=\"og:title\" content=\"Tubularschloss - OMR Serrature\" \/>\n<meta property=\"og:description\" content=\"Das r\u00f6hrenf\u00f6rmige Schloss verf\u00fcgt \u00fcber radiale Stifte, die mit einem r\u00f6hrenf\u00f6rmigen Schl\u00fcssel bewegt werden. Der Schl\u00fcssel kann nur in geschlossener Position abgezogen werden, was die Aufmerksamkeit des Bedieners erh\u00f6ht und einen praktischen Griff darstellt. Das verchromte Geh\u00e4use ist kegelstumpff\u00f6rmig, um das Knacken mit Zangen zu verhindern.\" \/>\n<meta property=\"og:url\" content=\"https:\/\/www.omrserrature.it\/de\/produkt\/tubularschloss\/\" \/>\n<meta property=\"og:site_name\" content=\"OMR Serrature | Produzione sistemi di chiusura\" \/>\n<meta property=\"article:publisher\" content=\"https:\/\/www.facebook.com\/OMRserrature\" \/>\n<meta property=\"article:modified_time\" content=\"2026-04-08T11:12:55+00:00\" \/>\n<meta property=\"og:image\" content=\"https:\/\/www.omrserrature.it\/wp-content\/uploads\/2017\/10\/serratura-tubolare.jpg\" \/>\n\t<meta property=\"og:image:width\" content=\"413\" \/>\n\t<meta property=\"og:image:height\" content=\"402\" \/>\n\t<meta property=\"og:image:type\" content=\"image\/jpeg\" \/>\n<meta name=\"twitter:card\" content=\"summary_large_image\" \/>\n<meta name=\"twitter:label1\" content=\"Gesch\u00e4tzte Lesezeit\" \/>\n\t<meta name=\"twitter:data1\" content=\"1\u00a0Minute\" \/>\n<script type=\"application\/ld+json\" class=\"yoast-schema-graph\">{\"@context\":\"https:\/\/schema.org\",\"@graph\":[{\"@type\":\"WebPage\",\"@id\":\"https:\/\/www.omrserrature.it\/de\/produkt\/tubularschloss\/\",\"url\":\"https:\/\/www.omrserrature.it\/de\/produkt\/tubularschloss\/\",\"name\":\"Tubularschloss - OMR Serrature\",\"isPartOf\":{\"@id\":\"https:\/\/www.omrserrature.it\/de\/#website\"},\"primaryImageOfPage\":{\"@id\":\"https:\/\/www.omrserrature.it\/de\/produkt\/tubularschloss\/#primaryimage\"},\"image\":{\"@id\":\"https:\/\/www.omrserrature.it\/de\/produkt\/tubularschloss\/#primaryimage\"},\"thumbnailUrl\":\"https:\/\/www.omrserrature.it\/wp-content\/uploads\/2017\/10\/serratura-tubolare.jpg\",\"datePublished\":\"2006-10-17T08:05:00+00:00\",\"dateModified\":\"2026-04-08T11:12:55+00:00\",\"breadcrumb\":{\"@id\":\"https:\/\/www.omrserrature.it\/de\/produkt\/tubularschloss\/#breadcrumb\"},\"inLanguage\":\"de\",\"potentialAction\":[{\"@type\":\"ReadAction\",\"target\":[\"https:\/\/www.omrserrature.it\/de\/produkt\/tubularschloss\/\"]}]},{\"@type\":\"ImageObject\",\"inLanguage\":\"de\",\"@id\":\"https:\/\/www.omrserrature.it\/de\/produkt\/tubularschloss\/#primaryimage\",\"url\":\"https:\/\/www.omrserrature.it\/wp-content\/uploads\/2017\/10\/serratura-tubolare.jpg\",\"contentUrl\":\"https:\/\/www.omrserrature.it\/wp-content\/uploads\/2017\/10\/serratura-tubolare.jpg\",\"width\":413,\"height\":402,\"caption\":\"Tubularschloss. Schloss mit radialen Stiften\"},{\"@type\":\"BreadcrumbList\",\"@id\":\"https:\/\/www.omrserrature.it\/de\/produkt\/tubularschloss\/#breadcrumb\",\"itemListElement\":[{\"@type\":\"ListItem\",\"position\":1,\"name\":\"Home\",\"item\":\"https:\/\/www.omrserrature.it\/de\/omr-serrature-sistemi-chiusura\/\"},{\"@type\":\"ListItem\",\"position\":2,\"name\":\"Katalog\",\"item\":\"https:\/\/www.omrserrature.it\/katalog\/?lang=de\"},{\"@type\":\"ListItem\",\"position\":3,\"name\":\"Produkte\",\"item\":\"https:\/\/www.omrserrature.it\/de\/katalog\/produkte\/\"},{\"@type\":\"ListItem\",\"position\":4,\"name\":\"Schloesser\",\"item\":\"https:\/\/www.omrserrature.it\/de\/katalog\/produkte\/schloesser\/\"},{\"@type\":\"ListItem\",\"position\":5,\"name\":\"Universal Stiftschl\u00f6sser\",\"item\":\"https:\/\/www.omrserrature.it\/de\/katalog\/produkte\/schloesser\/universal-stiftschlosser\/\"},{\"@type\":\"ListItem\",\"position\":6,\"name\":\"Ein besonderer Schl\u00fcssel\",\"item\":\"https:\/\/www.omrserrature.it\/de\/katalog\/produkte\/schloesser\/universal-stiftschlosser\/ein-besonderer-schlussel\/\"},{\"@type\":\"ListItem\",\"position\":7,\"name\":\"Tubularschloss\"}]},{\"@type\":\"WebSite\",\"@id\":\"https:\/\/www.omrserrature.it\/de\/#website\",\"url\":\"https:\/\/www.omrserrature.it\/de\/\",\"name\":\"OMR Serrature | Produzione sistemi di chiusura\",\"description\":\"Produzione serrature di sicurezza e sistemi di chiusura\",\"publisher\":{\"@id\":\"https:\/\/www.omrserrature.it\/de\/#organization\"},\"potentialAction\":[{\"@type\":\"SearchAction\",\"target\":{\"@type\":\"EntryPoint\",\"urlTemplate\":\"https:\/\/www.omrserrature.it\/de\/?s={search_term_string}\"},\"query-input\":{\"@type\":\"PropertyValueSpecification\",\"valueRequired\":true,\"valueName\":\"search_term_string\"}}],\"inLanguage\":\"de\"},{\"@type\":\"Organization\",\"@id\":\"https:\/\/www.omrserrature.it\/de\/#organization\",\"name\":\"OMR Serrature | Produzione sistemi di chiusura\",\"url\":\"https:\/\/www.omrserrature.it\/de\/\",\"logo\":{\"@type\":\"ImageObject\",\"inLanguage\":\"de\",\"@id\":\"https:\/\/www.omrserrature.it\/de\/#\/schema\/logo\/image\/\",\"url\":\"https:\/\/www.omrserrature.it\/wp-content\/uploads\/2017\/09\/favicon-omr-114.png\",\"contentUrl\":\"https:\/\/www.omrserrature.it\/wp-content\/uploads\/2017\/09\/favicon-omr-114.png\",\"width\":114,\"height\":114,\"caption\":\"OMR Serrature | Produzione sistemi di chiusura\"},\"image\":{\"@id\":\"https:\/\/www.omrserrature.it\/de\/#\/schema\/logo\/image\/\"},\"sameAs\":[\"https:\/\/www.facebook.com\/OMRserrature\",\"https:\/\/www.linkedin.com\/company\/omrserrature\/\",\"https:\/\/www.youtube.com\/channel\/UCxmA85z2R0EpG_6IRokiAkg\"]}]}<\/script>\n<!-- \/ Yoast SEO plugin. -->","yoast_head_json":{"title":"Tubularschloss - OMR Serrature","robots":{"index":"index","follow":"follow","max-snippet":"max-snippet:-1","max-image-preview":"max-image-preview:large","max-video-preview":"max-video-preview:-1"},"canonical":"https:\/\/www.omrserrature.it\/de\/produkt\/tubularschloss\/","og_locale":"de_DE","og_type":"article","og_title":"Tubularschloss - OMR Serrature","og_description":"Das r\u00f6hrenf\u00f6rmige Schloss verf\u00fcgt \u00fcber radiale Stifte, die mit einem r\u00f6hrenf\u00f6rmigen Schl\u00fcssel bewegt werden. Der Schl\u00fcssel kann nur in geschlossener Position abgezogen werden, was die Aufmerksamkeit des Bedieners erh\u00f6ht und einen praktischen Griff darstellt. Das verchromte Geh\u00e4use ist kegelstumpff\u00f6rmig, um das Knacken mit Zangen zu verhindern.","og_url":"https:\/\/www.omrserrature.it\/de\/produkt\/tubularschloss\/","og_site_name":"OMR Serrature | Produzione sistemi di chiusura","article_publisher":"https:\/\/www.facebook.com\/OMRserrature","article_modified_time":"2026-04-08T11:12:55+00:00","og_image":[{"width":413,"height":402,"url":"https:\/\/www.omrserrature.it\/wp-content\/uploads\/2017\/10\/serratura-tubolare.jpg","type":"image\/jpeg"}],"twitter_card":"summary_large_image","twitter_misc":{"Gesch\u00e4tzte Lesezeit":"1\u00a0Minute"},"schema":{"@context":"https:\/\/schema.org","@graph":[{"@type":"WebPage","@id":"https:\/\/www.omrserrature.it\/de\/produkt\/tubularschloss\/","url":"https:\/\/www.omrserrature.it\/de\/produkt\/tubularschloss\/","name":"Tubularschloss - OMR Serrature","isPartOf":{"@id":"https:\/\/www.omrserrature.it\/de\/#website"},"primaryImageOfPage":{"@id":"https:\/\/www.omrserrature.it\/de\/produkt\/tubularschloss\/#primaryimage"},"image":{"@id":"https:\/\/www.omrserrature.it\/de\/produkt\/tubularschloss\/#primaryimage"},"thumbnailUrl":"https:\/\/www.omrserrature.it\/wp-content\/uploads\/2017\/10\/serratura-tubolare.jpg","datePublished":"2006-10-17T08:05:00+00:00","dateModified":"2026-04-08T11:12:55+00:00","breadcrumb":{"@id":"https:\/\/www.omrserrature.it\/de\/produkt\/tubularschloss\/#breadcrumb"},"inLanguage":"de","potentialAction":[{"@type":"ReadAction","target":["https:\/\/www.omrserrature.it\/de\/produkt\/tubularschloss\/"]}]},{"@type":"ImageObject","inLanguage":"de","@id":"https:\/\/www.omrserrature.it\/de\/produkt\/tubularschloss\/#primaryimage","url":"https:\/\/www.omrserrature.it\/wp-content\/uploads\/2017\/10\/serratura-tubolare.jpg","contentUrl":"https:\/\/www.omrserrature.it\/wp-content\/uploads\/2017\/10\/serratura-tubolare.jpg","width":413,"height":402,"caption":"Tubularschloss. Schloss mit radialen Stiften"},{"@type":"BreadcrumbList","@id":"https:\/\/www.omrserrature.it\/de\/produkt\/tubularschloss\/#breadcrumb","itemListElement":[{"@type":"ListItem","position":1,"name":"Home","item":"https:\/\/www.omrserrature.it\/de\/omr-serrature-sistemi-chiusura\/"},{"@type":"ListItem","position":2,"name":"Katalog","item":"https:\/\/www.omrserrature.it\/katalog\/?lang=de"},{"@type":"ListItem","position":3,"name":"Produkte","item":"https:\/\/www.omrserrature.it\/de\/katalog\/produkte\/"},{"@type":"ListItem","position":4,"name":"Schloesser","item":"https:\/\/www.omrserrature.it\/de\/katalog\/produkte\/schloesser\/"},{"@type":"ListItem","position":5,"name":"Universal Stiftschl\u00f6sser","item":"https:\/\/www.omrserrature.it\/de\/katalog\/produkte\/schloesser\/universal-stiftschlosser\/"},{"@type":"ListItem","position":6,"name":"Ein besonderer Schl\u00fcssel","item":"https:\/\/www.omrserrature.it\/de\/katalog\/produkte\/schloesser\/universal-stiftschlosser\/ein-besonderer-schlussel\/"},{"@type":"ListItem","position":7,"name":"Tubularschloss"}]},{"@type":"WebSite","@id":"https:\/\/www.omrserrature.it\/de\/#website","url":"https:\/\/www.omrserrature.it\/de\/","name":"OMR Serrature | Produzione sistemi di chiusura","description":"Produzione serrature di sicurezza e sistemi di chiusura","publisher":{"@id":"https:\/\/www.omrserrature.it\/de\/#organization"},"potentialAction":[{"@type":"SearchAction","target":{"@type":"EntryPoint","urlTemplate":"https:\/\/www.omrserrature.it\/de\/?s={search_term_string}"},"query-input":{"@type":"PropertyValueSpecification","valueRequired":true,"valueName":"search_term_string"}}],"inLanguage":"de"},{"@type":"Organization","@id":"https:\/\/www.omrserrature.it\/de\/#organization","name":"OMR Serrature | Produzione sistemi di chiusura","url":"https:\/\/www.omrserrature.it\/de\/","logo":{"@type":"ImageObject","inLanguage":"de","@id":"https:\/\/www.omrserrature.it\/de\/#\/schema\/logo\/image\/","url":"https:\/\/www.omrserrature.it\/wp-content\/uploads\/2017\/09\/favicon-omr-114.png","contentUrl":"https:\/\/www.omrserrature.it\/wp-content\/uploads\/2017\/09\/favicon-omr-114.png","width":114,"height":114,"caption":"OMR Serrature | Produzione sistemi di chiusura"},"image":{"@id":"https:\/\/www.omrserrature.it\/de\/#\/schema\/logo\/image\/"},"sameAs":["https:\/\/www.facebook.com\/OMRserrature","https:\/\/www.linkedin.com\/company\/omrserrature\/","https:\/\/www.youtube.com\/channel\/UCxmA85z2R0EpG_6IRokiAkg"]}]}},"_links":{"self":[{"href":"https:\/\/www.omrserrature.it\/de\/wp-json\/wp\/v2\/product\/242982","targetHints":{"allow":["GET"]}}],"collection":[{"href":"https:\/\/www.omrserrature.it\/de\/wp-json\/wp\/v2\/product"}],"about":[{"href":"https:\/\/www.omrserrature.it\/de\/wp-json\/wp\/v2\/types\/product"}],"replies":[{"embeddable":true,"href":"https:\/\/www.omrserrature.it\/de\/wp-json\/wp\/v2\/comments?post=242982"}],"wp:featuredmedia":[{"embeddable":true,"href":"https:\/\/www.omrserrature.it\/de\/wp-json\/wp\/v2\/media\/3343"}],"wp:attachment":[{"href":"https:\/\/www.omrserrature.it\/de\/wp-json\/wp\/v2\/media?parent=242982"}],"wp:term":[{"taxonomy":"product_brand","embeddable":true,"href":"https:\/\/www.omrserrature.it\/de\/wp-json\/wp\/v2\/product_brand?post=242982"},{"taxonomy":"product_cat","embeddable":true,"href":"https:\/\/www.omrserrature.it\/de\/wp-json\/wp\/v2\/product_cat?post=242982"},{"taxonomy":"product_tag","embeddable":true,"href":"https:\/\/www.omrserrature.it\/de\/wp-json\/wp\/v2\/product_tag?post=242982"}],"curies":[{"name":"wp","href":"https:\/\/api.w.org\/{rel}","templated":true}]}}