{"id":242974,"date":"2017-10-10T14:58:52","date_gmt":"2010-10-17T12:58:00","guid":{"rendered":"https:\/\/www.staging6.omrserrature.it\/prodotto\/schloss-mit-grosskopf\/"},"modified":"2026-04-08T13:15:21","modified_gmt":"2026-04-08T11:15:21","slug":"schloss-mit-grosskopf","status":"publish","type":"product","link":"https:\/\/www.omrserrature.it\/de\/produkt\/schloss-mit-grosskopf\/","title":{"rendered":"Schloss mit Gro\u00dfkopf"},"content":{"rendered":"<p>Das <strong>Universalhebelschloss<\/strong> mit Pl\u00e4ttchenzylinder und <strong>\u00fcbergro\u00dfem Kopf<\/strong>, freundlich als Sperrklinke bezeichnet, geh\u00f6rt zu den beliebtesten Schl\u00f6ssern in allen Bereichen. Der Schl\u00fcssel aus vernickeltem Messing bewegt den zentralen Pl\u00e4ttchenzylinder mit 5 Pl\u00e4ttchen, der sich in einem Geh\u00e4use aus Zinklegierung befindet, das Stator, Buchse oder K\u00f6rper genannt wird. Die traditionelle Doppel-D Ausstanzung (mit geraden Seiten) verhindert die unerw\u00fcnschte Drehung des Hebelschlosses bei der Bet\u00e4tigung. Die Bet\u00e4tigung des <strong>hinteren Hebels<\/strong> bestimmt, ob das <strong>Nockenschloss<\/strong> geschlossen oder ge\u00f6ffnet ist. <strong>Der vergr\u00f6\u00dferte Zylinderkopf verleiht dem Schloss mehr Robustheit und erh\u00f6ht seine St\u00e4rke und Sicherheit.<\/strong><\/p>\n<p>Der K\u00f6rper und der Zylinder des Hebelschlosses sind aus einer Zinklegierung gefertigt, w\u00e4hrend der Hebel aus Stahl besteht. Der 7-mm-Vierkant erm\u00f6glicht die Montage einer Vielzahl von <strong>geraden, gekr\u00f6pften oder gehakten Zungen<\/strong> sowie von Mehrpunkt-Hebeln f\u00fcr die Stangenbewegung.  Verschiedene Versionen erm\u00f6glichen <strong>unterschiedliche Drehungen<\/strong>, T\u00fcrst\u00e4rken von 0,5 bis 27 mm und Schl\u00fcsselabzug im offenen und geschlossenen Zustand (oder nur in einem der beiden F\u00e4lle). Der <strong>K\u00f6rper mit Vollgewinde<\/strong> erm\u00f6glicht die Befestigung mit einer <strong>Mutter<\/strong>, aber auch mit einer Gabelfeder oder einem Clip f\u00fcr eine<strong>schnelle Montage <\/strong><strong><span style=\"font-weight: normal;\">auf Stahl-, Aluminium- oder Kunststoffplatten<\/span><\/strong>.<\/p>\n<p><strong>Der universelle Schlie\u00dfzylinder mit \u00fcbergro\u00dfem Kopf<\/strong> ist ideal f\u00fcr den Einbau in B\u00fcrom\u00f6bel, Spindschr\u00e4nke, Metallt\u00fcren, Melaminschr\u00e4nke, HPL-Schr\u00e4nke, MDF-Schr\u00e4nke, T\u00fcren, Schreinereiprodukte, Blechk\u00e4sten, Automaten und Autowaschanlagen, Maschinen, Kanzeln und Hintere Stifte.<\/p>\n","protected":false},"excerpt":{"rendered":"<p>Das <strong>Universalhebelschloss<\/strong> mit Pl\u00e4ttchenzylinder und <strong>\u00fcbergro\u00dfem Kopf<\/strong>, freundlich als Sperrklinke bezeichnet, geh\u00f6rt in vielen Bereichen zu den beliebtesten Schl\u00f6ssern. Die Vergr\u00f6\u00dferung des Zylinderkopfes verleiht<strong> dem Schloss<\/strong> mehr<strong> Robustheit und erh\u00f6ht seine St\u00e4rke und Sicherheit.<\/strong> <\/p>\n<p>Verf\u00fcgbar in verschiedenschlie\u00dfender<strong>(KD<\/strong>) oder einfacher Verschl\u00fcsselung<strong>(KA<\/strong>).<\/p>\n","protected":false},"featured_media":3337,"comment_status":"open","ping_status":"closed","template":"","meta":{"_acf_changed":false,"_et_pb_use_builder":"","_et_pb_old_content":"","_et_gb_content_width":""},"product_brand":[],"product_cat":[3765,3773,3768,3767,3855,3876,3837,3796,3825,3829,3772,3834,3861,3828,3864,3841,3845,3843,3849,3832,3842,3847,3852,3835,3856,3851,3857,3830,3848,3866,3867,3839,3840,3870,3850,3859,3853,3854,3788,3831,3860,3777,3802],"product_tag":[],"class_list":{"0":"post-242974","1":"product","2":"type-product","3":"status-publish","4":"has-post-thumbnail","6":"product_cat-abschlusssysteme-fur-die-industrie","7":"product_cat-architektur-stadtplanung-und-design","8":"product_cat-automatisierung-und-hausautomation","9":"product_cat-bank-und-postwesen","10":"product_cat-briefkastenschlosser","11":"product_cat-flugelturen","12":"product_cat-gdpr-konformes-schrankschloss","13":"product_cat-hauptschlussel-schlosser","14":"product_cat-hebel-schlosser","15":"product_cat-kabinett-schlosser","16":"product_cat-krankenhauser-und-gesundheitsbereich","17":"product_cat-maschinenschlosser","18":"product_cat-mobelturen","19":"product_cat-professionelle-mobelschlosser","20":"product_cat-schliesfacher-fur-schliesfacher","21":"product_cat-schloss-fur-umschalter","22":"product_cat-schlosser-fur-automaten","23":"product_cat-schlosser-fur-automatische-lagerhauser","24":"product_cat-schlosser-fur-balkonkasten","25":"product_cat-schlosser-fur-briefkasten","26":"product_cat-schlosser-fur-die-elektromechanische-industrie","27":"product_cat-schlosser-fur-gefahrstoffschranke","28":"product_cat-schlosser-fur-industrieschranke","29":"product_cat-schlosser-fur-mobel","30":"product_cat-schlosser-fur-paketkasten","31":"product_cat-schlosser-fur-pflanzenschutzschranke","32":"product_cat-schlosser-fur-postfacher","33":"product_cat-schlosser-fur-professionelle-trolleys","34":"product_cat-schlosser-fur-psa-schranke","35":"product_cat-schlosser-fur-schilder","36":"product_cat-schlosser-fur-schliesfacher","37":"product_cat-schlosser-fur-schrankfronten","38":"product_cat-schlosser-fur-seitenwandturen","39":"product_cat-schlosser-fur-sicherheitsmobel","40":"product_cat-schlosser-fur-skischranke","41":"product_cat-schlosser-fur-spielautomaten","42":"product_cat-schlosser-fur-tresore","43":"product_cat-schlosser-fur-waffenstander","44":"product_cat-schlosser-mit-abnehmbarem-zylinder","45":"product_cat-sicherheitsschlosser","46":"product_cat-turschlosser","47":"product_cat-universalschlosser-mit-zylinderplattchen","48":"product_cat-wasserdichte-rostfreie-schlosser","50":"first","51":"instock","52":"shipping-taxable","53":"purchasable","54":"product-type-variable","55":"has-default-attributes"},"acf":{"pdf1":"https:\/\/www.omrserrature.it\/wp-content\/uploads\/2017\/10\/Scheda-165595.pdf"},"yoast_head":"<!-- This site is optimized with the Yoast SEO plugin v27.2 - https:\/\/yoast.com\/product\/yoast-seo-wordpress\/ -->\n<title>Schloss mit Gro\u00dfkopf - OMR Serrature<\/title>\n<meta name=\"robots\" content=\"index, follow, max-snippet:-1, max-image-preview:large, max-video-preview:-1\" \/>\n<link rel=\"canonical\" href=\"https:\/\/www.omrserrature.it\/de\/produkt\/schloss-mit-grosskopf\/\" \/>\n<meta property=\"og:locale\" content=\"de_DE\" \/>\n<meta property=\"og:type\" content=\"article\" \/>\n<meta property=\"og:title\" content=\"Schloss mit Gro\u00dfkopf - OMR Serrature\" \/>\n<meta property=\"og:description\" content=\"Das Universalhebelschloss mit Pl\u00e4ttchenzylinder und \u00fcbergro\u00dfem Kopf, freundlich als Sperrklinke bezeichnet, geh\u00f6rt in vielen Bereichen zu den beliebtesten Schl\u00f6ssern. Die Vergr\u00f6\u00dferung des Zylinderkopfes verleiht dem Schloss mehr Robustheit und erh\u00f6ht seine St\u00e4rke und Sicherheit.  Verf\u00fcgbar in verschiedenschlie\u00dfender(KD) oder einfacher Verschl\u00fcsselung(KA).\" \/>\n<meta property=\"og:url\" content=\"https:\/\/www.omrserrature.it\/de\/produkt\/schloss-mit-grosskopf\/\" \/>\n<meta property=\"og:site_name\" content=\"OMR Serrature | Produzione sistemi di chiusura\" \/>\n<meta property=\"article:publisher\" content=\"https:\/\/www.facebook.com\/OMRserrature\" \/>\n<meta property=\"article:modified_time\" content=\"2026-04-08T11:15:21+00:00\" \/>\n<meta property=\"og:image\" content=\"https:\/\/www.omrserrature.it\/wp-content\/uploads\/2017\/10\/serratura-testa-maggiorata.jpg\" \/>\n\t<meta property=\"og:image:width\" content=\"348\" \/>\n\t<meta property=\"og:image:height\" content=\"370\" \/>\n\t<meta property=\"og:image:type\" content=\"image\/jpeg\" \/>\n<meta name=\"twitter:card\" content=\"summary_large_image\" \/>\n<meta name=\"twitter:label1\" content=\"Gesch\u00e4tzte Lesezeit\" \/>\n\t<meta name=\"twitter:data1\" content=\"1\u00a0Minute\" \/>\n<script type=\"application\/ld+json\" class=\"yoast-schema-graph\">{\"@context\":\"https:\/\/schema.org\",\"@graph\":[{\"@type\":\"WebPage\",\"@id\":\"https:\/\/www.omrserrature.it\/de\/produkt\/schloss-mit-grosskopf\/\",\"url\":\"https:\/\/www.omrserrature.it\/de\/produkt\/schloss-mit-grosskopf\/\",\"name\":\"Schloss mit Gro\u00dfkopf - OMR Serrature\",\"isPartOf\":{\"@id\":\"https:\/\/www.omrserrature.it\/de\/#website\"},\"primaryImageOfPage\":{\"@id\":\"https:\/\/www.omrserrature.it\/de\/produkt\/schloss-mit-grosskopf\/#primaryimage\"},\"image\":{\"@id\":\"https:\/\/www.omrserrature.it\/de\/produkt\/schloss-mit-grosskopf\/#primaryimage\"},\"thumbnailUrl\":\"https:\/\/www.omrserrature.it\/wp-content\/uploads\/2017\/10\/serratura-testa-maggiorata.jpg\",\"datePublished\":\"2010-10-17T12:58:00+00:00\",\"dateModified\":\"2026-04-08T11:15:21+00:00\",\"breadcrumb\":{\"@id\":\"https:\/\/www.omrserrature.it\/de\/produkt\/schloss-mit-grosskopf\/#breadcrumb\"},\"inLanguage\":\"de\",\"potentialAction\":[{\"@type\":\"ReadAction\",\"target\":[\"https:\/\/www.omrserrature.it\/de\/produkt\/schloss-mit-grosskopf\/\"]}]},{\"@type\":\"ImageObject\",\"inLanguage\":\"de\",\"@id\":\"https:\/\/www.omrserrature.it\/de\/produkt\/schloss-mit-grosskopf\/#primaryimage\",\"url\":\"https:\/\/www.omrserrature.it\/wp-content\/uploads\/2017\/10\/serratura-testa-maggiorata.jpg\",\"contentUrl\":\"https:\/\/www.omrserrature.it\/wp-content\/uploads\/2017\/10\/serratura-testa-maggiorata.jpg\",\"width\":348,\"height\":370,\"caption\":\"Hebelschloss mit vergr\u00f6\u00dfertem Zylinderkopf Pl\u00e4ttchenzylinder\"},{\"@type\":\"BreadcrumbList\",\"@id\":\"https:\/\/www.omrserrature.it\/de\/produkt\/schloss-mit-grosskopf\/#breadcrumb\",\"itemListElement\":[{\"@type\":\"ListItem\",\"position\":1,\"name\":\"Home\",\"item\":\"https:\/\/www.omrserrature.it\/de\/omr-serrature-sistemi-chiusura\/\"},{\"@type\":\"ListItem\",\"position\":2,\"name\":\"Katalog\",\"item\":\"https:\/\/www.omrserrature.it\/katalog\/?lang=de\"},{\"@type\":\"ListItem\",\"position\":3,\"name\":\"Anwendungen\",\"item\":\"https:\/\/www.omrserrature.it\/de\/katalog\/anwendungen\/\"},{\"@type\":\"ListItem\",\"position\":4,\"name\":\"GDPR-konformes Schrankschloss\",\"item\":\"https:\/\/www.omrserrature.it\/de\/katalog\/anwendungen\/gdpr-konformes-schrankschloss\/\"},{\"@type\":\"ListItem\",\"position\":5,\"name\":\"Schloss mit Gro\u00dfkopf\"}]},{\"@type\":\"WebSite\",\"@id\":\"https:\/\/www.omrserrature.it\/de\/#website\",\"url\":\"https:\/\/www.omrserrature.it\/de\/\",\"name\":\"OMR Serrature | Produzione sistemi di chiusura\",\"description\":\"Produzione serrature di sicurezza e sistemi di chiusura\",\"publisher\":{\"@id\":\"https:\/\/www.omrserrature.it\/de\/#organization\"},\"potentialAction\":[{\"@type\":\"SearchAction\",\"target\":{\"@type\":\"EntryPoint\",\"urlTemplate\":\"https:\/\/www.omrserrature.it\/de\/?s={search_term_string}\"},\"query-input\":{\"@type\":\"PropertyValueSpecification\",\"valueRequired\":true,\"valueName\":\"search_term_string\"}}],\"inLanguage\":\"de\"},{\"@type\":\"Organization\",\"@id\":\"https:\/\/www.omrserrature.it\/de\/#organization\",\"name\":\"OMR Serrature | Produzione sistemi di chiusura\",\"url\":\"https:\/\/www.omrserrature.it\/de\/\",\"logo\":{\"@type\":\"ImageObject\",\"inLanguage\":\"de\",\"@id\":\"https:\/\/www.omrserrature.it\/de\/#\/schema\/logo\/image\/\",\"url\":\"https:\/\/www.omrserrature.it\/wp-content\/uploads\/2017\/09\/favicon-omr-114.png\",\"contentUrl\":\"https:\/\/www.omrserrature.it\/wp-content\/uploads\/2017\/09\/favicon-omr-114.png\",\"width\":114,\"height\":114,\"caption\":\"OMR Serrature | Produzione sistemi di chiusura\"},\"image\":{\"@id\":\"https:\/\/www.omrserrature.it\/de\/#\/schema\/logo\/image\/\"},\"sameAs\":[\"https:\/\/www.facebook.com\/OMRserrature\",\"https:\/\/www.linkedin.com\/company\/omrserrature\/\",\"https:\/\/www.youtube.com\/channel\/UCxmA85z2R0EpG_6IRokiAkg\"]}]}<\/script>\n<!-- \/ Yoast SEO plugin. -->","yoast_head_json":{"title":"Schloss mit Gro\u00dfkopf - OMR Serrature","robots":{"index":"index","follow":"follow","max-snippet":"max-snippet:-1","max-image-preview":"max-image-preview:large","max-video-preview":"max-video-preview:-1"},"canonical":"https:\/\/www.omrserrature.it\/de\/produkt\/schloss-mit-grosskopf\/","og_locale":"de_DE","og_type":"article","og_title":"Schloss mit Gro\u00dfkopf - OMR Serrature","og_description":"Das Universalhebelschloss mit Pl\u00e4ttchenzylinder und \u00fcbergro\u00dfem Kopf, freundlich als Sperrklinke bezeichnet, geh\u00f6rt in vielen Bereichen zu den beliebtesten Schl\u00f6ssern. Die Vergr\u00f6\u00dferung des Zylinderkopfes verleiht dem Schloss mehr Robustheit und erh\u00f6ht seine St\u00e4rke und Sicherheit.  Verf\u00fcgbar in verschiedenschlie\u00dfender(KD) oder einfacher Verschl\u00fcsselung(KA).","og_url":"https:\/\/www.omrserrature.it\/de\/produkt\/schloss-mit-grosskopf\/","og_site_name":"OMR Serrature | Produzione sistemi di chiusura","article_publisher":"https:\/\/www.facebook.com\/OMRserrature","article_modified_time":"2026-04-08T11:15:21+00:00","og_image":[{"width":348,"height":370,"url":"https:\/\/www.omrserrature.it\/wp-content\/uploads\/2017\/10\/serratura-testa-maggiorata.jpg","type":"image\/jpeg"}],"twitter_card":"summary_large_image","twitter_misc":{"Gesch\u00e4tzte Lesezeit":"1\u00a0Minute"},"schema":{"@context":"https:\/\/schema.org","@graph":[{"@type":"WebPage","@id":"https:\/\/www.omrserrature.it\/de\/produkt\/schloss-mit-grosskopf\/","url":"https:\/\/www.omrserrature.it\/de\/produkt\/schloss-mit-grosskopf\/","name":"Schloss mit Gro\u00dfkopf - OMR Serrature","isPartOf":{"@id":"https:\/\/www.omrserrature.it\/de\/#website"},"primaryImageOfPage":{"@id":"https:\/\/www.omrserrature.it\/de\/produkt\/schloss-mit-grosskopf\/#primaryimage"},"image":{"@id":"https:\/\/www.omrserrature.it\/de\/produkt\/schloss-mit-grosskopf\/#primaryimage"},"thumbnailUrl":"https:\/\/www.omrserrature.it\/wp-content\/uploads\/2017\/10\/serratura-testa-maggiorata.jpg","datePublished":"2010-10-17T12:58:00+00:00","dateModified":"2026-04-08T11:15:21+00:00","breadcrumb":{"@id":"https:\/\/www.omrserrature.it\/de\/produkt\/schloss-mit-grosskopf\/#breadcrumb"},"inLanguage":"de","potentialAction":[{"@type":"ReadAction","target":["https:\/\/www.omrserrature.it\/de\/produkt\/schloss-mit-grosskopf\/"]}]},{"@type":"ImageObject","inLanguage":"de","@id":"https:\/\/www.omrserrature.it\/de\/produkt\/schloss-mit-grosskopf\/#primaryimage","url":"https:\/\/www.omrserrature.it\/wp-content\/uploads\/2017\/10\/serratura-testa-maggiorata.jpg","contentUrl":"https:\/\/www.omrserrature.it\/wp-content\/uploads\/2017\/10\/serratura-testa-maggiorata.jpg","width":348,"height":370,"caption":"Hebelschloss mit vergr\u00f6\u00dfertem Zylinderkopf Pl\u00e4ttchenzylinder"},{"@type":"BreadcrumbList","@id":"https:\/\/www.omrserrature.it\/de\/produkt\/schloss-mit-grosskopf\/#breadcrumb","itemListElement":[{"@type":"ListItem","position":1,"name":"Home","item":"https:\/\/www.omrserrature.it\/de\/omr-serrature-sistemi-chiusura\/"},{"@type":"ListItem","position":2,"name":"Katalog","item":"https:\/\/www.omrserrature.it\/katalog\/?lang=de"},{"@type":"ListItem","position":3,"name":"Anwendungen","item":"https:\/\/www.omrserrature.it\/de\/katalog\/anwendungen\/"},{"@type":"ListItem","position":4,"name":"GDPR-konformes Schrankschloss","item":"https:\/\/www.omrserrature.it\/de\/katalog\/anwendungen\/gdpr-konformes-schrankschloss\/"},{"@type":"ListItem","position":5,"name":"Schloss mit Gro\u00dfkopf"}]},{"@type":"WebSite","@id":"https:\/\/www.omrserrature.it\/de\/#website","url":"https:\/\/www.omrserrature.it\/de\/","name":"OMR Serrature | Produzione sistemi di chiusura","description":"Produzione serrature di sicurezza e sistemi di chiusura","publisher":{"@id":"https:\/\/www.omrserrature.it\/de\/#organization"},"potentialAction":[{"@type":"SearchAction","target":{"@type":"EntryPoint","urlTemplate":"https:\/\/www.omrserrature.it\/de\/?s={search_term_string}"},"query-input":{"@type":"PropertyValueSpecification","valueRequired":true,"valueName":"search_term_string"}}],"inLanguage":"de"},{"@type":"Organization","@id":"https:\/\/www.omrserrature.it\/de\/#organization","name":"OMR Serrature | Produzione sistemi di chiusura","url":"https:\/\/www.omrserrature.it\/de\/","logo":{"@type":"ImageObject","inLanguage":"de","@id":"https:\/\/www.omrserrature.it\/de\/#\/schema\/logo\/image\/","url":"https:\/\/www.omrserrature.it\/wp-content\/uploads\/2017\/09\/favicon-omr-114.png","contentUrl":"https:\/\/www.omrserrature.it\/wp-content\/uploads\/2017\/09\/favicon-omr-114.png","width":114,"height":114,"caption":"OMR Serrature | Produzione sistemi di chiusura"},"image":{"@id":"https:\/\/www.omrserrature.it\/de\/#\/schema\/logo\/image\/"},"sameAs":["https:\/\/www.facebook.com\/OMRserrature","https:\/\/www.linkedin.com\/company\/omrserrature\/","https:\/\/www.youtube.com\/channel\/UCxmA85z2R0EpG_6IRokiAkg"]}]}},"_links":{"self":[{"href":"https:\/\/www.omrserrature.it\/de\/wp-json\/wp\/v2\/product\/242974","targetHints":{"allow":["GET"]}}],"collection":[{"href":"https:\/\/www.omrserrature.it\/de\/wp-json\/wp\/v2\/product"}],"about":[{"href":"https:\/\/www.omrserrature.it\/de\/wp-json\/wp\/v2\/types\/product"}],"replies":[{"embeddable":true,"href":"https:\/\/www.omrserrature.it\/de\/wp-json\/wp\/v2\/comments?post=242974"}],"wp:featuredmedia":[{"embeddable":true,"href":"https:\/\/www.omrserrature.it\/de\/wp-json\/wp\/v2\/media\/3337"}],"wp:attachment":[{"href":"https:\/\/www.omrserrature.it\/de\/wp-json\/wp\/v2\/media?parent=242974"}],"wp:term":[{"taxonomy":"product_brand","embeddable":true,"href":"https:\/\/www.omrserrature.it\/de\/wp-json\/wp\/v2\/product_brand?post=242974"},{"taxonomy":"product_cat","embeddable":true,"href":"https:\/\/www.omrserrature.it\/de\/wp-json\/wp\/v2\/product_cat?post=242974"},{"taxonomy":"product_tag","embeddable":true,"href":"https:\/\/www.omrserrature.it\/de\/wp-json\/wp\/v2\/product_tag?post=242974"}],"curies":[{"name":"wp","href":"https:\/\/api.w.org\/{rel}","templated":true}]}}