{"id":242962,"date":"2019-03-28T17:10:24","date_gmt":"2024-05-27T10:30:00","guid":{"rendered":"https:\/\/www.staging6.omrserrature.it\/prodotto\/schloss-fuer-schiebetueren-riegel-spal04250\/"},"modified":"2026-04-08T11:34:18","modified_gmt":"2026-04-08T09:34:18","slug":"schloss-fuer-schiebetueren-riegel-spal04250","status":"publish","type":"product","link":"https:\/\/www.omrserrature.it\/de\/produkt\/schloss-fuer-schiebetueren-riegel-spal04250\/","title":{"rendered":"Schloss f\u00fcr Schiebet\u00fcren &#8211; Riegel SPAL04250"},"content":{"rendered":"<p>Das <strong>Zylinderschloss f\u00fcr M\u00f6bel mit Schiebet\u00fcren<\/strong> aus Zinklegierung besteht aus einer runden Basis, in der ein <strong>Riegel<\/strong>, auch Riegel genannt, gleitet. Die Pl\u00e4ttchenzylinder-Technologie bietet eine angemessene Sicherheit f\u00fcr die Art der Anwendung und die Zylinderl\u00e4nge ist in <strong>verschiedenen Gr\u00f6\u00dfen <\/strong>erh\u00e4ltlich, um die Installation auf verschiedenen Materialien mit unterschiedlichen St\u00e4rken (Holz, Metall, MDF, etc.) zu erm\u00f6glichen. <\/p>\n<p>Es wird h\u00e4ufig in der Welt der Holz- und Metallm\u00f6bel verwendet, sowohl in B\u00fcro- als auch in Werkstattm\u00f6beln. Dank seiner einfachen Installation und seiner Dehnbarkeit kann es in M\u00f6beln f\u00fcr Labors, Krankenh\u00e4user und Museen, aber auch im Bereich der Automatisierung oder in Schlie\u00dff\u00e4chern eingesetzt werden. <\/p>\n<p><span style=\"color: #ffffff\">INTERNE NOTATION &#8211; RSN<\/span><\/p>\n","protected":false},"excerpt":{"rendered":"<p>Das <strong>Zylinderschloss f\u00fcr M\u00f6bel mit Schiebet\u00fcren<\/strong> aus Zinklegierung besteht aus einer runden Basis, in der ein <strong>Riegel<\/strong>, auch Riegel genannt, gleitet. Die Pl\u00e4ttchenzylinder-Technologie bietet eine angemessene Sicherheit f\u00fcr die Art der Anwendung und die Zylinderl\u00e4nge ist in <strong>verschiedenen Gr\u00f6\u00dfen <\/strong>erh\u00e4ltlich, um die Installation auf verschiedenen Materialien mit unterschiedlichen St\u00e4rken (Holz, Metall, MDF, etc.) zu erm\u00f6glichen. <\/p>\n","protected":false},"featured_media":11096,"comment_status":"open","ping_status":"closed","template":"","meta":{"_acf_changed":false,"_et_pb_use_builder":"","_et_pb_old_content":"","_et_gb_content_width":""},"product_brand":[],"product_cat":[3765,3774,3876,3766,3796,3771,3861,3828,3786,3832,3835,3866,3862,3860],"product_tag":[],"class_list":{"0":"post-242962","1":"product","2":"type-product","3":"status-publish","4":"has-post-thumbnail","6":"product_cat-abschlusssysteme-fur-die-industrie","7":"product_cat-burogebaude","8":"product_cat-flugelturen","9":"product_cat-gros-und-einzelhandel","10":"product_cat-hauptschlussel-schlosser","11":"product_cat-messen-und-ausstellungen","12":"product_cat-mobelturen","13":"product_cat-professionelle-mobelschlosser","14":"product_cat-riegelschlosser","15":"product_cat-schlosser-fur-briefkasten","16":"product_cat-schlosser-fur-mobel","17":"product_cat-schlosser-fur-schilder","18":"product_cat-schlosser-fur-schubladen","19":"product_cat-turschlosser","21":"first","22":"instock","23":"shipping-taxable","24":"product-type-simple"},"acf":{"pdf1":"https:\/\/www.omrserrature.it\/wp-content\/uploads\/2019\/03\/Scheda_220342_SPAL04250.pdf"},"yoast_head":"<!-- This site is optimized with the Yoast SEO plugin v27.2 - https:\/\/yoast.com\/product\/yoast-seo-wordpress\/ -->\n<title>Schloss f\u00fcr Schiebet\u00fcren - Riegel SPAL04250 - OMR Serrature<\/title>\n<meta name=\"robots\" content=\"index, follow, max-snippet:-1, max-image-preview:large, max-video-preview:-1\" \/>\n<link rel=\"canonical\" href=\"https:\/\/www.omrserrature.it\/de\/produkt\/schloss-fuer-schiebetueren-riegel-spal04250\/\" \/>\n<meta property=\"og:locale\" content=\"de_DE\" \/>\n<meta property=\"og:type\" content=\"article\" \/>\n<meta property=\"og:title\" content=\"Schloss f\u00fcr Schiebet\u00fcren - Riegel SPAL04250 - OMR Serrature\" \/>\n<meta property=\"og:description\" content=\"Das Zylinderschloss f\u00fcr M\u00f6bel mit Schiebet\u00fcren aus Zinklegierung besteht aus einer runden Basis, in der ein Riegel, auch Riegel genannt, gleitet. Die Pl\u00e4ttchenzylinder-Technologie bietet eine angemessene Sicherheit f\u00fcr die Art der Anwendung und die Zylinderl\u00e4nge ist in verschiedenen Gr\u00f6\u00dfen erh\u00e4ltlich, um die Installation auf verschiedenen Materialien mit unterschiedlichen St\u00e4rken (Holz, Metall, MDF, etc.) zu erm\u00f6glichen.\" \/>\n<meta property=\"og:url\" content=\"https:\/\/www.omrserrature.it\/de\/produkt\/schloss-fuer-schiebetueren-riegel-spal04250\/\" \/>\n<meta property=\"og:site_name\" content=\"OMR Serrature | Produzione sistemi di chiusura\" \/>\n<meta property=\"article:publisher\" content=\"https:\/\/www.facebook.com\/OMRserrature\" \/>\n<meta property=\"article:modified_time\" content=\"2026-04-08T09:34:18+00:00\" \/>\n<meta property=\"og:image\" content=\"https:\/\/www.omrserrature.it\/wp-content\/uploads\/2019\/03\/serratura-porte-scorrevoli-2-estrazioni.jpg\" \/>\n\t<meta property=\"og:image:width\" content=\"386\" \/>\n\t<meta property=\"og:image:height\" content=\"392\" \/>\n\t<meta property=\"og:image:type\" content=\"image\/jpeg\" \/>\n<meta name=\"twitter:card\" content=\"summary_large_image\" \/>\n<meta name=\"twitter:label1\" content=\"Gesch\u00e4tzte Lesezeit\" \/>\n\t<meta name=\"twitter:data1\" content=\"1\u00a0Minute\" \/>\n<script type=\"application\/ld+json\" class=\"yoast-schema-graph\">{\"@context\":\"https:\/\/schema.org\",\"@graph\":[{\"@type\":\"WebPage\",\"@id\":\"https:\/\/www.omrserrature.it\/de\/produkt\/schloss-fuer-schiebetueren-riegel-spal04250\/\",\"url\":\"https:\/\/www.omrserrature.it\/de\/produkt\/schloss-fuer-schiebetueren-riegel-spal04250\/\",\"name\":\"Schloss f\u00fcr Schiebet\u00fcren - Riegel SPAL04250 - OMR Serrature\",\"isPartOf\":{\"@id\":\"https:\/\/www.omrserrature.it\/de\/#website\"},\"primaryImageOfPage\":{\"@id\":\"https:\/\/www.omrserrature.it\/de\/produkt\/schloss-fuer-schiebetueren-riegel-spal04250\/#primaryimage\"},\"image\":{\"@id\":\"https:\/\/www.omrserrature.it\/de\/produkt\/schloss-fuer-schiebetueren-riegel-spal04250\/#primaryimage\"},\"thumbnailUrl\":\"https:\/\/www.omrserrature.it\/wp-content\/uploads\/2019\/03\/serratura-porte-scorrevoli-2-estrazioni.jpg\",\"datePublished\":\"2024-05-27T10:30:00+00:00\",\"dateModified\":\"2026-04-08T09:34:18+00:00\",\"breadcrumb\":{\"@id\":\"https:\/\/www.omrserrature.it\/de\/produkt\/schloss-fuer-schiebetueren-riegel-spal04250\/#breadcrumb\"},\"inLanguage\":\"de\",\"potentialAction\":[{\"@type\":\"ReadAction\",\"target\":[\"https:\/\/www.omrserrature.it\/de\/produkt\/schloss-fuer-schiebetueren-riegel-spal04250\/\"]}]},{\"@type\":\"ImageObject\",\"inLanguage\":\"de\",\"@id\":\"https:\/\/www.omrserrature.it\/de\/produkt\/schloss-fuer-schiebetueren-riegel-spal04250\/#primaryimage\",\"url\":\"https:\/\/www.omrserrature.it\/wp-content\/uploads\/2019\/03\/serratura-porte-scorrevoli-2-estrazioni.jpg\",\"contentUrl\":\"https:\/\/www.omrserrature.it\/wp-content\/uploads\/2019\/03\/serratura-porte-scorrevoli-2-estrazioni.jpg\",\"width\":386,\"height\":392,\"caption\":\"Schloss f\u00fcr Schiebet\u00fcren - 2 Schl\u00fcsselentnahme Positionen\"},{\"@type\":\"BreadcrumbList\",\"@id\":\"https:\/\/www.omrserrature.it\/de\/produkt\/schloss-fuer-schiebetueren-riegel-spal04250\/#breadcrumb\",\"itemListElement\":[{\"@type\":\"ListItem\",\"position\":1,\"name\":\"Home\",\"item\":\"https:\/\/www.omrserrature.it\/de\/omr-serrature-sistemi-chiusura\/\"},{\"@type\":\"ListItem\",\"position\":2,\"name\":\"Katalog\",\"item\":\"https:\/\/www.omrserrature.it\/katalog\/?lang=de\"},{\"@type\":\"ListItem\",\"position\":3,\"name\":\"Anwendungen\",\"item\":\"https:\/\/www.omrserrature.it\/de\/katalog\/anwendungen\/\"},{\"@type\":\"ListItem\",\"position\":4,\"name\":\"Schl\u00f6sser f\u00fcr M\u00f6bel\",\"item\":\"https:\/\/www.omrserrature.it\/de\/katalog\/anwendungen\/schlosser-fur-mobel\/\"},{\"@type\":\"ListItem\",\"position\":5,\"name\":\"M\u00f6belt\u00fcren\",\"item\":\"https:\/\/www.omrserrature.it\/de\/katalog\/anwendungen\/schlosser-fur-mobel\/mobelturen\/\"},{\"@type\":\"ListItem\",\"position\":6,\"name\":\"Fl\u00fcgelt\u00fcren\",\"item\":\"https:\/\/www.omrserrature.it\/de\/katalog\/anwendungen\/schlosser-fur-mobel\/mobelturen\/flugelturen\/\"},{\"@type\":\"ListItem\",\"position\":7,\"name\":\"Schloss f\u00fcr Schiebet\u00fcren &#8211; Riegel SPAL04250\"}]},{\"@type\":\"WebSite\",\"@id\":\"https:\/\/www.omrserrature.it\/de\/#website\",\"url\":\"https:\/\/www.omrserrature.it\/de\/\",\"name\":\"OMR Serrature | Produzione sistemi di chiusura\",\"description\":\"Produzione serrature di sicurezza e sistemi di chiusura\",\"publisher\":{\"@id\":\"https:\/\/www.omrserrature.it\/de\/#organization\"},\"potentialAction\":[{\"@type\":\"SearchAction\",\"target\":{\"@type\":\"EntryPoint\",\"urlTemplate\":\"https:\/\/www.omrserrature.it\/de\/?s={search_term_string}\"},\"query-input\":{\"@type\":\"PropertyValueSpecification\",\"valueRequired\":true,\"valueName\":\"search_term_string\"}}],\"inLanguage\":\"de\"},{\"@type\":\"Organization\",\"@id\":\"https:\/\/www.omrserrature.it\/de\/#organization\",\"name\":\"OMR Serrature | Produzione sistemi di chiusura\",\"url\":\"https:\/\/www.omrserrature.it\/de\/\",\"logo\":{\"@type\":\"ImageObject\",\"inLanguage\":\"de\",\"@id\":\"https:\/\/www.omrserrature.it\/de\/#\/schema\/logo\/image\/\",\"url\":\"https:\/\/www.omrserrature.it\/wp-content\/uploads\/2017\/09\/favicon-omr-114.png\",\"contentUrl\":\"https:\/\/www.omrserrature.it\/wp-content\/uploads\/2017\/09\/favicon-omr-114.png\",\"width\":114,\"height\":114,\"caption\":\"OMR Serrature | Produzione sistemi di chiusura\"},\"image\":{\"@id\":\"https:\/\/www.omrserrature.it\/de\/#\/schema\/logo\/image\/\"},\"sameAs\":[\"https:\/\/www.facebook.com\/OMRserrature\",\"https:\/\/www.linkedin.com\/company\/omrserrature\/\",\"https:\/\/www.youtube.com\/channel\/UCxmA85z2R0EpG_6IRokiAkg\"]}]}<\/script>\n<!-- \/ Yoast SEO plugin. -->","yoast_head_json":{"title":"Schloss f\u00fcr Schiebet\u00fcren - Riegel SPAL04250 - OMR Serrature","robots":{"index":"index","follow":"follow","max-snippet":"max-snippet:-1","max-image-preview":"max-image-preview:large","max-video-preview":"max-video-preview:-1"},"canonical":"https:\/\/www.omrserrature.it\/de\/produkt\/schloss-fuer-schiebetueren-riegel-spal04250\/","og_locale":"de_DE","og_type":"article","og_title":"Schloss f\u00fcr Schiebet\u00fcren - Riegel SPAL04250 - OMR Serrature","og_description":"Das Zylinderschloss f\u00fcr M\u00f6bel mit Schiebet\u00fcren aus Zinklegierung besteht aus einer runden Basis, in der ein Riegel, auch Riegel genannt, gleitet. Die Pl\u00e4ttchenzylinder-Technologie bietet eine angemessene Sicherheit f\u00fcr die Art der Anwendung und die Zylinderl\u00e4nge ist in verschiedenen Gr\u00f6\u00dfen erh\u00e4ltlich, um die Installation auf verschiedenen Materialien mit unterschiedlichen St\u00e4rken (Holz, Metall, MDF, etc.) zu erm\u00f6glichen.","og_url":"https:\/\/www.omrserrature.it\/de\/produkt\/schloss-fuer-schiebetueren-riegel-spal04250\/","og_site_name":"OMR Serrature | Produzione sistemi di chiusura","article_publisher":"https:\/\/www.facebook.com\/OMRserrature","article_modified_time":"2026-04-08T09:34:18+00:00","og_image":[{"width":386,"height":392,"url":"https:\/\/www.omrserrature.it\/wp-content\/uploads\/2019\/03\/serratura-porte-scorrevoli-2-estrazioni.jpg","type":"image\/jpeg"}],"twitter_card":"summary_large_image","twitter_misc":{"Gesch\u00e4tzte Lesezeit":"1\u00a0Minute"},"schema":{"@context":"https:\/\/schema.org","@graph":[{"@type":"WebPage","@id":"https:\/\/www.omrserrature.it\/de\/produkt\/schloss-fuer-schiebetueren-riegel-spal04250\/","url":"https:\/\/www.omrserrature.it\/de\/produkt\/schloss-fuer-schiebetueren-riegel-spal04250\/","name":"Schloss f\u00fcr Schiebet\u00fcren - Riegel SPAL04250 - OMR Serrature","isPartOf":{"@id":"https:\/\/www.omrserrature.it\/de\/#website"},"primaryImageOfPage":{"@id":"https:\/\/www.omrserrature.it\/de\/produkt\/schloss-fuer-schiebetueren-riegel-spal04250\/#primaryimage"},"image":{"@id":"https:\/\/www.omrserrature.it\/de\/produkt\/schloss-fuer-schiebetueren-riegel-spal04250\/#primaryimage"},"thumbnailUrl":"https:\/\/www.omrserrature.it\/wp-content\/uploads\/2019\/03\/serratura-porte-scorrevoli-2-estrazioni.jpg","datePublished":"2024-05-27T10:30:00+00:00","dateModified":"2026-04-08T09:34:18+00:00","breadcrumb":{"@id":"https:\/\/www.omrserrature.it\/de\/produkt\/schloss-fuer-schiebetueren-riegel-spal04250\/#breadcrumb"},"inLanguage":"de","potentialAction":[{"@type":"ReadAction","target":["https:\/\/www.omrserrature.it\/de\/produkt\/schloss-fuer-schiebetueren-riegel-spal04250\/"]}]},{"@type":"ImageObject","inLanguage":"de","@id":"https:\/\/www.omrserrature.it\/de\/produkt\/schloss-fuer-schiebetueren-riegel-spal04250\/#primaryimage","url":"https:\/\/www.omrserrature.it\/wp-content\/uploads\/2019\/03\/serratura-porte-scorrevoli-2-estrazioni.jpg","contentUrl":"https:\/\/www.omrserrature.it\/wp-content\/uploads\/2019\/03\/serratura-porte-scorrevoli-2-estrazioni.jpg","width":386,"height":392,"caption":"Schloss f\u00fcr Schiebet\u00fcren - 2 Schl\u00fcsselentnahme Positionen"},{"@type":"BreadcrumbList","@id":"https:\/\/www.omrserrature.it\/de\/produkt\/schloss-fuer-schiebetueren-riegel-spal04250\/#breadcrumb","itemListElement":[{"@type":"ListItem","position":1,"name":"Home","item":"https:\/\/www.omrserrature.it\/de\/omr-serrature-sistemi-chiusura\/"},{"@type":"ListItem","position":2,"name":"Katalog","item":"https:\/\/www.omrserrature.it\/katalog\/?lang=de"},{"@type":"ListItem","position":3,"name":"Anwendungen","item":"https:\/\/www.omrserrature.it\/de\/katalog\/anwendungen\/"},{"@type":"ListItem","position":4,"name":"Schl\u00f6sser f\u00fcr M\u00f6bel","item":"https:\/\/www.omrserrature.it\/de\/katalog\/anwendungen\/schlosser-fur-mobel\/"},{"@type":"ListItem","position":5,"name":"M\u00f6belt\u00fcren","item":"https:\/\/www.omrserrature.it\/de\/katalog\/anwendungen\/schlosser-fur-mobel\/mobelturen\/"},{"@type":"ListItem","position":6,"name":"Fl\u00fcgelt\u00fcren","item":"https:\/\/www.omrserrature.it\/de\/katalog\/anwendungen\/schlosser-fur-mobel\/mobelturen\/flugelturen\/"},{"@type":"ListItem","position":7,"name":"Schloss f\u00fcr Schiebet\u00fcren &#8211; Riegel SPAL04250"}]},{"@type":"WebSite","@id":"https:\/\/www.omrserrature.it\/de\/#website","url":"https:\/\/www.omrserrature.it\/de\/","name":"OMR Serrature | Produzione sistemi di chiusura","description":"Produzione serrature di sicurezza e sistemi di chiusura","publisher":{"@id":"https:\/\/www.omrserrature.it\/de\/#organization"},"potentialAction":[{"@type":"SearchAction","target":{"@type":"EntryPoint","urlTemplate":"https:\/\/www.omrserrature.it\/de\/?s={search_term_string}"},"query-input":{"@type":"PropertyValueSpecification","valueRequired":true,"valueName":"search_term_string"}}],"inLanguage":"de"},{"@type":"Organization","@id":"https:\/\/www.omrserrature.it\/de\/#organization","name":"OMR Serrature | Produzione sistemi di chiusura","url":"https:\/\/www.omrserrature.it\/de\/","logo":{"@type":"ImageObject","inLanguage":"de","@id":"https:\/\/www.omrserrature.it\/de\/#\/schema\/logo\/image\/","url":"https:\/\/www.omrserrature.it\/wp-content\/uploads\/2017\/09\/favicon-omr-114.png","contentUrl":"https:\/\/www.omrserrature.it\/wp-content\/uploads\/2017\/09\/favicon-omr-114.png","width":114,"height":114,"caption":"OMR Serrature | Produzione sistemi di chiusura"},"image":{"@id":"https:\/\/www.omrserrature.it\/de\/#\/schema\/logo\/image\/"},"sameAs":["https:\/\/www.facebook.com\/OMRserrature","https:\/\/www.linkedin.com\/company\/omrserrature\/","https:\/\/www.youtube.com\/channel\/UCxmA85z2R0EpG_6IRokiAkg"]}]}},"_links":{"self":[{"href":"https:\/\/www.omrserrature.it\/de\/wp-json\/wp\/v2\/product\/242962","targetHints":{"allow":["GET"]}}],"collection":[{"href":"https:\/\/www.omrserrature.it\/de\/wp-json\/wp\/v2\/product"}],"about":[{"href":"https:\/\/www.omrserrature.it\/de\/wp-json\/wp\/v2\/types\/product"}],"replies":[{"embeddable":true,"href":"https:\/\/www.omrserrature.it\/de\/wp-json\/wp\/v2\/comments?post=242962"}],"wp:featuredmedia":[{"embeddable":true,"href":"https:\/\/www.omrserrature.it\/de\/wp-json\/wp\/v2\/media\/11096"}],"wp:attachment":[{"href":"https:\/\/www.omrserrature.it\/de\/wp-json\/wp\/v2\/media?parent=242962"}],"wp:term":[{"taxonomy":"product_brand","embeddable":true,"href":"https:\/\/www.omrserrature.it\/de\/wp-json\/wp\/v2\/product_brand?post=242962"},{"taxonomy":"product_cat","embeddable":true,"href":"https:\/\/www.omrserrature.it\/de\/wp-json\/wp\/v2\/product_cat?post=242962"},{"taxonomy":"product_tag","embeddable":true,"href":"https:\/\/www.omrserrature.it\/de\/wp-json\/wp\/v2\/product_tag?post=242962"}],"curies":[{"name":"wp","href":"https:\/\/api.w.org\/{rel}","templated":true}]}}