{"id":242952,"date":"2017-10-12T15:54:48","date_gmt":"2012-10-17T13:54:00","guid":{"rendered":"https:\/\/www.staging6.omrserrature.it\/prodotto\/zentralverschluss-fuer-schubladen-mit-plaettchenzylinder\/"},"modified":"2026-04-08T12:48:39","modified_gmt":"2026-04-08T10:48:39","slug":"zentralverschluss-fuer-schubladen-mit-plaettchenzylinder","status":"publish","type":"product","link":"https:\/\/www.omrserrature.it\/de\/produkt\/zentralverschluss-fuer-schubladen-mit-plaettchenzylinder\/","title":{"rendered":"Zentralverschluss f\u00fcr Schubladen mit Pl\u00e4ttchenzylinder"},"content":{"rendered":"<p>Das <strong>Schloss<\/strong> besteht aus einem Stator, in dessen Inneren sich ein Zylinder mit einem Pl\u00e4ttchenzylinder befindet. Er besteht aus Metalldruckguss (Zamak) und ist auf der R\u00fcckseite mit einem Stift ausgestattet, der <strong>Hinterer Stift<\/strong>der sich um 180\u00b0 drehen l\u00e4sst, um den <strong>mehrfachen und zentralisierten Abschluss<\/strong> der Schubladen zu steuern. <\/p>\n<p>Es kann mit <strong>Kippschl\u00fcssel<\/strong> unterschiedlicher Farben versehen werden.<\/p>\n<p><strong>M\u00f6belt\u00fcren<\/strong> k\u00f6nnen in Kombination geliefert werden und bieten gro\u00dfe Sicherheit, da sie verhindern, dass sich die Schubladen versehentlich \u00f6ffnen, wenn der Werkzeugkasten bewegt wird. Die Platten verhindern auch das gleichzeitige \u00d6ffnen von 2 Schubladen, was zu einem Sturz des Wagens f\u00fchren k\u00f6nnte. Dieses Schloss f\u00fcr Schubladen wird in <strong>Archiven, Aktenschr\u00e4nken und Schubladenschr\u00e4nken<\/strong> verwendet.  <\/p>\n","protected":false},"excerpt":{"rendered":"<p>Das <strong>Schloss<\/strong> besteht aus einem Stator, in dessen Inneren sich ein Zylinder mit einem Pl\u00e4ttchenzylinder befindet. Er besteht aus Metalldruckguss (Zamak) und ist auf der R\u00fcckseite mit einem Stift ausgestattet, der <strong>Hinterer Stift<\/strong>der sich um 180\u00b0 drehen l\u00e4sst, um den <strong>mehrfachen und zentralisierten Abschluss<\/strong> der Schubladen zu steuern. <\/p>\n","protected":false},"featured_media":3259,"comment_status":"open","ping_status":"closed","template":"","meta":{"_acf_changed":false,"_et_pb_use_builder":"","_et_pb_old_content":"","_et_gb_content_width":""},"product_brand":[],"product_cat":[3800],"product_tag":[],"class_list":{"0":"post-242952","1":"product","2":"type-product","3":"status-publish","4":"has-post-thumbnail","6":"product_cat-spezialschlosser-nach-mas","8":"first","9":"instock","10":"shipping-taxable","11":"product-type-simple"},"acf":{"pdf1":"https:\/\/www.omrserrature.it\/wp-content\/uploads\/schede\/Scheda_162000.pdf"},"yoast_head":"<!-- This site is optimized with the Yoast SEO plugin v27.2 - https:\/\/yoast.com\/product\/yoast-seo-wordpress\/ -->\n<title>Zentralverschluss f\u00fcr Schubladen mit Pl\u00e4ttchenzylinder - OMR Serrature<\/title>\n<meta name=\"robots\" content=\"index, follow, max-snippet:-1, max-image-preview:large, max-video-preview:-1\" \/>\n<link rel=\"canonical\" href=\"https:\/\/www.omrserrature.it\/de\/produkt\/zentralverschluss-fuer-schubladen-mit-plaettchenzylinder\/\" \/>\n<meta property=\"og:locale\" content=\"de_DE\" \/>\n<meta property=\"og:type\" content=\"article\" \/>\n<meta property=\"og:title\" content=\"Zentralverschluss f\u00fcr Schubladen mit Pl\u00e4ttchenzylinder - OMR Serrature\" \/>\n<meta property=\"og:description\" content=\"Das Schloss besteht aus einem Stator, in dessen Inneren sich ein Zylinder mit einem Pl\u00e4ttchenzylinder befindet. Er besteht aus Metalldruckguss (Zamak) und ist auf der R\u00fcckseite mit einem Stift ausgestattet, der Hinterer Stiftder sich um 180\u00b0 drehen l\u00e4sst, um den mehrfachen und zentralisierten Abschluss der Schubladen zu steuern.\" \/>\n<meta property=\"og:url\" content=\"https:\/\/www.omrserrature.it\/de\/produkt\/zentralverschluss-fuer-schubladen-mit-plaettchenzylinder\/\" \/>\n<meta property=\"og:site_name\" content=\"OMR Serrature | Produzione sistemi di chiusura\" \/>\n<meta property=\"article:publisher\" content=\"https:\/\/www.facebook.com\/OMRserrature\" \/>\n<meta property=\"article:modified_time\" content=\"2026-04-08T10:48:39+00:00\" \/>\n<meta property=\"og:image\" content=\"https:\/\/www.omrserrature.it\/wp-content\/uploads\/2017\/10\/serratura-cassettiera-lamelle.jpg\" \/>\n\t<meta property=\"og:image:width\" content=\"530\" \/>\n\t<meta property=\"og:image:height\" content=\"398\" \/>\n\t<meta property=\"og:image:type\" content=\"image\/jpeg\" \/>\n<meta name=\"twitter:card\" content=\"summary_large_image\" \/>\n<meta name=\"twitter:label1\" content=\"Gesch\u00e4tzte Lesezeit\" \/>\n\t<meta name=\"twitter:data1\" content=\"1\u00a0Minute\" \/>\n<script type=\"application\/ld+json\" class=\"yoast-schema-graph\">{\"@context\":\"https:\/\/schema.org\",\"@graph\":[{\"@type\":\"WebPage\",\"@id\":\"https:\/\/www.omrserrature.it\/de\/produkt\/zentralverschluss-fuer-schubladen-mit-plaettchenzylinder\/\",\"url\":\"https:\/\/www.omrserrature.it\/de\/produkt\/zentralverschluss-fuer-schubladen-mit-plaettchenzylinder\/\",\"name\":\"Zentralverschluss f\u00fcr Schubladen mit Pl\u00e4ttchenzylinder - OMR Serrature\",\"isPartOf\":{\"@id\":\"https:\/\/www.omrserrature.it\/de\/#website\"},\"primaryImageOfPage\":{\"@id\":\"https:\/\/www.omrserrature.it\/de\/produkt\/zentralverschluss-fuer-schubladen-mit-plaettchenzylinder\/#primaryimage\"},\"image\":{\"@id\":\"https:\/\/www.omrserrature.it\/de\/produkt\/zentralverschluss-fuer-schubladen-mit-plaettchenzylinder\/#primaryimage\"},\"thumbnailUrl\":\"https:\/\/www.omrserrature.it\/wp-content\/uploads\/2017\/10\/serratura-cassettiera-lamelle.jpg\",\"datePublished\":\"2012-10-17T13:54:00+00:00\",\"dateModified\":\"2026-04-08T10:48:39+00:00\",\"breadcrumb\":{\"@id\":\"https:\/\/www.omrserrature.it\/de\/produkt\/zentralverschluss-fuer-schubladen-mit-plaettchenzylinder\/#breadcrumb\"},\"inLanguage\":\"de\",\"potentialAction\":[{\"@type\":\"ReadAction\",\"target\":[\"https:\/\/www.omrserrature.it\/de\/produkt\/zentralverschluss-fuer-schubladen-mit-plaettchenzylinder\/\"]}]},{\"@type\":\"ImageObject\",\"inLanguage\":\"de\",\"@id\":\"https:\/\/www.omrserrature.it\/de\/produkt\/zentralverschluss-fuer-schubladen-mit-plaettchenzylinder\/#primaryimage\",\"url\":\"https:\/\/www.omrserrature.it\/wp-content\/uploads\/2017\/10\/serratura-cassettiera-lamelle.jpg\",\"contentUrl\":\"https:\/\/www.omrserrature.it\/wp-content\/uploads\/2017\/10\/serratura-cassettiera-lamelle.jpg\",\"width\":530,\"height\":398,\"caption\":\"Hebelschl\u00f6sser mit Pl\u00e4ttchenzylinder f\u00fcr Schubladen\"},{\"@type\":\"BreadcrumbList\",\"@id\":\"https:\/\/www.omrserrature.it\/de\/produkt\/zentralverschluss-fuer-schubladen-mit-plaettchenzylinder\/#breadcrumb\",\"itemListElement\":[{\"@type\":\"ListItem\",\"position\":1,\"name\":\"Home\",\"item\":\"https:\/\/www.omrserrature.it\/de\/omr-serrature-sistemi-chiusura\/\"},{\"@type\":\"ListItem\",\"position\":2,\"name\":\"Katalog\",\"item\":\"https:\/\/www.omrserrature.it\/katalog\/?lang=de\"},{\"@type\":\"ListItem\",\"position\":3,\"name\":\"Produkte\",\"item\":\"https:\/\/www.omrserrature.it\/de\/katalog\/produkte\/\"},{\"@type\":\"ListItem\",\"position\":4,\"name\":\"Schloesser\",\"item\":\"https:\/\/www.omrserrature.it\/de\/katalog\/produkte\/schloesser\/\"},{\"@type\":\"ListItem\",\"position\":5,\"name\":\"Spezialschl\u00f6sser nach Ma\u00df\",\"item\":\"https:\/\/www.omrserrature.it\/de\/katalog\/produkte\/schloesser\/spezialschlosser-nach-mas\/\"},{\"@type\":\"ListItem\",\"position\":6,\"name\":\"Zentralverschluss f\u00fcr Schubladen mit Pl\u00e4ttchenzylinder\"}]},{\"@type\":\"WebSite\",\"@id\":\"https:\/\/www.omrserrature.it\/de\/#website\",\"url\":\"https:\/\/www.omrserrature.it\/de\/\",\"name\":\"OMR Serrature | Produzione sistemi di chiusura\",\"description\":\"Produzione serrature di sicurezza e sistemi di chiusura\",\"publisher\":{\"@id\":\"https:\/\/www.omrserrature.it\/de\/#organization\"},\"potentialAction\":[{\"@type\":\"SearchAction\",\"target\":{\"@type\":\"EntryPoint\",\"urlTemplate\":\"https:\/\/www.omrserrature.it\/de\/?s={search_term_string}\"},\"query-input\":{\"@type\":\"PropertyValueSpecification\",\"valueRequired\":true,\"valueName\":\"search_term_string\"}}],\"inLanguage\":\"de\"},{\"@type\":\"Organization\",\"@id\":\"https:\/\/www.omrserrature.it\/de\/#organization\",\"name\":\"OMR Serrature | Produzione sistemi di chiusura\",\"url\":\"https:\/\/www.omrserrature.it\/de\/\",\"logo\":{\"@type\":\"ImageObject\",\"inLanguage\":\"de\",\"@id\":\"https:\/\/www.omrserrature.it\/de\/#\/schema\/logo\/image\/\",\"url\":\"https:\/\/www.omrserrature.it\/wp-content\/uploads\/2017\/09\/favicon-omr-114.png\",\"contentUrl\":\"https:\/\/www.omrserrature.it\/wp-content\/uploads\/2017\/09\/favicon-omr-114.png\",\"width\":114,\"height\":114,\"caption\":\"OMR Serrature | Produzione sistemi di chiusura\"},\"image\":{\"@id\":\"https:\/\/www.omrserrature.it\/de\/#\/schema\/logo\/image\/\"},\"sameAs\":[\"https:\/\/www.facebook.com\/OMRserrature\",\"https:\/\/www.linkedin.com\/company\/omrserrature\/\",\"https:\/\/www.youtube.com\/channel\/UCxmA85z2R0EpG_6IRokiAkg\"]}]}<\/script>\n<!-- \/ Yoast SEO plugin. -->","yoast_head_json":{"title":"Zentralverschluss f\u00fcr Schubladen mit Pl\u00e4ttchenzylinder - OMR Serrature","robots":{"index":"index","follow":"follow","max-snippet":"max-snippet:-1","max-image-preview":"max-image-preview:large","max-video-preview":"max-video-preview:-1"},"canonical":"https:\/\/www.omrserrature.it\/de\/produkt\/zentralverschluss-fuer-schubladen-mit-plaettchenzylinder\/","og_locale":"de_DE","og_type":"article","og_title":"Zentralverschluss f\u00fcr Schubladen mit Pl\u00e4ttchenzylinder - OMR Serrature","og_description":"Das Schloss besteht aus einem Stator, in dessen Inneren sich ein Zylinder mit einem Pl\u00e4ttchenzylinder befindet. Er besteht aus Metalldruckguss (Zamak) und ist auf der R\u00fcckseite mit einem Stift ausgestattet, der Hinterer Stiftder sich um 180\u00b0 drehen l\u00e4sst, um den mehrfachen und zentralisierten Abschluss der Schubladen zu steuern.","og_url":"https:\/\/www.omrserrature.it\/de\/produkt\/zentralverschluss-fuer-schubladen-mit-plaettchenzylinder\/","og_site_name":"OMR Serrature | Produzione sistemi di chiusura","article_publisher":"https:\/\/www.facebook.com\/OMRserrature","article_modified_time":"2026-04-08T10:48:39+00:00","og_image":[{"width":530,"height":398,"url":"https:\/\/www.omrserrature.it\/wp-content\/uploads\/2017\/10\/serratura-cassettiera-lamelle.jpg","type":"image\/jpeg"}],"twitter_card":"summary_large_image","twitter_misc":{"Gesch\u00e4tzte Lesezeit":"1\u00a0Minute"},"schema":{"@context":"https:\/\/schema.org","@graph":[{"@type":"WebPage","@id":"https:\/\/www.omrserrature.it\/de\/produkt\/zentralverschluss-fuer-schubladen-mit-plaettchenzylinder\/","url":"https:\/\/www.omrserrature.it\/de\/produkt\/zentralverschluss-fuer-schubladen-mit-plaettchenzylinder\/","name":"Zentralverschluss f\u00fcr Schubladen mit Pl\u00e4ttchenzylinder - OMR Serrature","isPartOf":{"@id":"https:\/\/www.omrserrature.it\/de\/#website"},"primaryImageOfPage":{"@id":"https:\/\/www.omrserrature.it\/de\/produkt\/zentralverschluss-fuer-schubladen-mit-plaettchenzylinder\/#primaryimage"},"image":{"@id":"https:\/\/www.omrserrature.it\/de\/produkt\/zentralverschluss-fuer-schubladen-mit-plaettchenzylinder\/#primaryimage"},"thumbnailUrl":"https:\/\/www.omrserrature.it\/wp-content\/uploads\/2017\/10\/serratura-cassettiera-lamelle.jpg","datePublished":"2012-10-17T13:54:00+00:00","dateModified":"2026-04-08T10:48:39+00:00","breadcrumb":{"@id":"https:\/\/www.omrserrature.it\/de\/produkt\/zentralverschluss-fuer-schubladen-mit-plaettchenzylinder\/#breadcrumb"},"inLanguage":"de","potentialAction":[{"@type":"ReadAction","target":["https:\/\/www.omrserrature.it\/de\/produkt\/zentralverschluss-fuer-schubladen-mit-plaettchenzylinder\/"]}]},{"@type":"ImageObject","inLanguage":"de","@id":"https:\/\/www.omrserrature.it\/de\/produkt\/zentralverschluss-fuer-schubladen-mit-plaettchenzylinder\/#primaryimage","url":"https:\/\/www.omrserrature.it\/wp-content\/uploads\/2017\/10\/serratura-cassettiera-lamelle.jpg","contentUrl":"https:\/\/www.omrserrature.it\/wp-content\/uploads\/2017\/10\/serratura-cassettiera-lamelle.jpg","width":530,"height":398,"caption":"Hebelschl\u00f6sser mit Pl\u00e4ttchenzylinder f\u00fcr Schubladen"},{"@type":"BreadcrumbList","@id":"https:\/\/www.omrserrature.it\/de\/produkt\/zentralverschluss-fuer-schubladen-mit-plaettchenzylinder\/#breadcrumb","itemListElement":[{"@type":"ListItem","position":1,"name":"Home","item":"https:\/\/www.omrserrature.it\/de\/omr-serrature-sistemi-chiusura\/"},{"@type":"ListItem","position":2,"name":"Katalog","item":"https:\/\/www.omrserrature.it\/katalog\/?lang=de"},{"@type":"ListItem","position":3,"name":"Produkte","item":"https:\/\/www.omrserrature.it\/de\/katalog\/produkte\/"},{"@type":"ListItem","position":4,"name":"Schloesser","item":"https:\/\/www.omrserrature.it\/de\/katalog\/produkte\/schloesser\/"},{"@type":"ListItem","position":5,"name":"Spezialschl\u00f6sser nach Ma\u00df","item":"https:\/\/www.omrserrature.it\/de\/katalog\/produkte\/schloesser\/spezialschlosser-nach-mas\/"},{"@type":"ListItem","position":6,"name":"Zentralverschluss f\u00fcr Schubladen mit Pl\u00e4ttchenzylinder"}]},{"@type":"WebSite","@id":"https:\/\/www.omrserrature.it\/de\/#website","url":"https:\/\/www.omrserrature.it\/de\/","name":"OMR Serrature | Produzione sistemi di chiusura","description":"Produzione serrature di sicurezza e sistemi di chiusura","publisher":{"@id":"https:\/\/www.omrserrature.it\/de\/#organization"},"potentialAction":[{"@type":"SearchAction","target":{"@type":"EntryPoint","urlTemplate":"https:\/\/www.omrserrature.it\/de\/?s={search_term_string}"},"query-input":{"@type":"PropertyValueSpecification","valueRequired":true,"valueName":"search_term_string"}}],"inLanguage":"de"},{"@type":"Organization","@id":"https:\/\/www.omrserrature.it\/de\/#organization","name":"OMR Serrature | Produzione sistemi di chiusura","url":"https:\/\/www.omrserrature.it\/de\/","logo":{"@type":"ImageObject","inLanguage":"de","@id":"https:\/\/www.omrserrature.it\/de\/#\/schema\/logo\/image\/","url":"https:\/\/www.omrserrature.it\/wp-content\/uploads\/2017\/09\/favicon-omr-114.png","contentUrl":"https:\/\/www.omrserrature.it\/wp-content\/uploads\/2017\/09\/favicon-omr-114.png","width":114,"height":114,"caption":"OMR Serrature | Produzione sistemi di chiusura"},"image":{"@id":"https:\/\/www.omrserrature.it\/de\/#\/schema\/logo\/image\/"},"sameAs":["https:\/\/www.facebook.com\/OMRserrature","https:\/\/www.linkedin.com\/company\/omrserrature\/","https:\/\/www.youtube.com\/channel\/UCxmA85z2R0EpG_6IRokiAkg"]}]}},"_links":{"self":[{"href":"https:\/\/www.omrserrature.it\/de\/wp-json\/wp\/v2\/product\/242952","targetHints":{"allow":["GET"]}}],"collection":[{"href":"https:\/\/www.omrserrature.it\/de\/wp-json\/wp\/v2\/product"}],"about":[{"href":"https:\/\/www.omrserrature.it\/de\/wp-json\/wp\/v2\/types\/product"}],"replies":[{"embeddable":true,"href":"https:\/\/www.omrserrature.it\/de\/wp-json\/wp\/v2\/comments?post=242952"}],"wp:featuredmedia":[{"embeddable":true,"href":"https:\/\/www.omrserrature.it\/de\/wp-json\/wp\/v2\/media\/3259"}],"wp:attachment":[{"href":"https:\/\/www.omrserrature.it\/de\/wp-json\/wp\/v2\/media?parent=242952"}],"wp:term":[{"taxonomy":"product_brand","embeddable":true,"href":"https:\/\/www.omrserrature.it\/de\/wp-json\/wp\/v2\/product_brand?post=242952"},{"taxonomy":"product_cat","embeddable":true,"href":"https:\/\/www.omrserrature.it\/de\/wp-json\/wp\/v2\/product_cat?post=242952"},{"taxonomy":"product_tag","embeddable":true,"href":"https:\/\/www.omrserrature.it\/de\/wp-json\/wp\/v2\/product_tag?post=242952"}],"curies":[{"name":"wp","href":"https:\/\/api.w.org\/{rel}","templated":true}]}}