{"id":242948,"date":"2017-10-09T14:37:05","date_gmt":"2009-10-17T12:37:00","guid":{"rendered":"https:\/\/www.staging6.omrserrature.it\/prodotto\/postkastenschloss\/"},"modified":"2026-04-08T13:14:32","modified_gmt":"2026-04-08T11:14:32","slug":"postkastenschloss","status":"publish","type":"product","link":"https:\/\/www.omrserrature.it\/de\/produkt\/postkastenschloss\/","title":{"rendered":"Postkastenschloss"},"content":{"rendered":"<p>Das <strong>Universal-Schloss mit quadratischem Kopf<\/strong> ist mit einem Pl\u00e4ttchenzylinder ausgestattet. Er wird mit einem vernickelten Messingschl\u00fcssel bet\u00e4tigt, der den zentralen Pl\u00e4ttchenzylinder in einem Geh\u00e4use aus Zinklegierung bewegt, das als Stator, Buchse oder K\u00f6rper bezeichnet wird. Der Durchmesser ist an zwei gegen\u00fcberliegenden Seiten (Seitenplatten) gefr\u00e4st, die ein doppeltes D bilden, um die Drehung der Sperrklinke an der M\u00f6belt\u00fcr zu verhindern. Durch Bet\u00e4tigung des <strong>hinteren Hebels<\/strong> wird der Abschluss oder die \u00d6ffnung bestimmt.   <\/p>\n<p>Der K\u00f6rper und der Zylinder des Hebelschlosses sind aus einer Zinklegierung, w\u00e4hrend der Hebel aus Stahl gefertigt ist. Der 7-mm-Vierkant erm\u00f6glicht den Einbau von <strong>geraden, gekr\u00f6pften oder gehakten Zungen<\/strong> sowie von Mehrpunkt-Hebeln f\u00fcr die Bewegung der Schubstangen (nach oben und unten), von Hinteren Stiften oder von Stiften f\u00fcr die <strong>Mehrfach- und Zentralverriegelung von Schubladeneinheiten<\/strong>. Die Buchse dieses Abschlusses ist mit schwarzer Farbe behandelt, die <strong>Witterungs- und Korrosionsbest\u00e4ndigkeit<\/strong> sowie eine perfekte Integration im Falle eines Austauschs dank der vollst\u00e4ndigen Kompatibilit\u00e4t mit dem Originalprodukt garantiert. Der <strong>Korpus ist f\u00fcr die Befestigung mit einer Gabelfeder<\/strong> (auch als Clip bekannt) <strong>vorbereitet<\/strong>, die eine schnelle Befestigung auf Blech und Aluminium erm\u00f6glicht.   <\/p>\n<p><strong>Dank seiner besonderen Form<\/strong> wird das universelle Mini-Schloss mit Zunge als Ersatz f\u00fcr Alubox\u00ae Trimec-Briefk\u00e4sten verwendet. Es kann aber auch bei Gegenst\u00e4nden mit begrenztem Einbauraum eingesetzt werden, z.B. bei Hygiene- und Sanit\u00e4rprodukten wie <b>Seifenspendern<\/b> und <b>Handtuchspendern<\/b>, Diebstahlsicherungssystemen, Objektm\u00f6beln f\u00fcr Arztpraxen und Krankenhausumgebungen, Objektm\u00f6beln f\u00fcr Gesch\u00e4fte, Displays, Briefk\u00e4sten und Mailboxen, Containern, Schlie\u00dff\u00e4chern f\u00fcr Umkleider\u00e4ume, Industrieschr\u00e4nken, Motorradkoffern und Akkus f\u00fcr E-Bikes, Spielsystemen &#8211; Vending und Carwash. <\/p>\n","protected":false},"excerpt":{"rendered":"<p>Das <strong>universelle Hebelschloss mit Vierkantkopf<\/strong> ist mit einem Pl\u00e4ttchenmechanismus ausgestattet.<\/p>\n<p>Dieses universelle Hebelschloss wird <strong>dank seiner besonderen Form<\/strong> als Ersatz f\u00fcr Alubox\u00ae-Briefk\u00e4sten, Trimec und in allen Installationen verwendet, in denen der Platz knapp ist (Seifen- und Handtuchspender, Diebstahlsicherungssysteme, Objektm\u00f6bel f\u00fcr Arztpraxen und Krankenh\u00e4user usw.).<\/p>\n","protected":false},"featured_media":3247,"comment_status":"open","ping_status":"closed","template":"","meta":{"_acf_changed":false,"_et_pb_use_builder":"","_et_pb_old_content":"","_et_gb_content_width":""},"product_brand":[],"product_cat":[3767,3855,3876,3796,3825,3799,3861,3828,3845,3832,3835,3856,3857,3848],"product_tag":[],"class_list":{"0":"post-242948","1":"product","2":"type-product","3":"status-publish","4":"has-post-thumbnail","6":"product_cat-bank-und-postwesen","7":"product_cat-briefkastenschlosser","8":"product_cat-flugelturen","9":"product_cat-hauptschlussel-schlosser","10":"product_cat-hebel-schlosser","11":"product_cat-mikro-schlosser","12":"product_cat-mobelturen","13":"product_cat-professionelle-mobelschlosser","14":"product_cat-schlosser-fur-automaten","15":"product_cat-schlosser-fur-briefkasten","16":"product_cat-schlosser-fur-mobel","17":"product_cat-schlosser-fur-paketkasten","18":"product_cat-schlosser-fur-postfacher","19":"product_cat-schlosser-fur-psa-schranke","21":"first","22":"instock","23":"shipping-taxable","24":"product-type-simple"},"acf":{"pdf1":"https:\/\/www.omrserrature.it\/wp-content\/uploads\/schede\/Scheda_165838.pdf"},"yoast_head":"<!-- This site is optimized with the Yoast SEO plugin v27.2 - https:\/\/yoast.com\/product\/yoast-seo-wordpress\/ -->\n<title>Postkastenschloss - OMR Serrature<\/title>\n<meta name=\"robots\" content=\"index, follow, max-snippet:-1, max-image-preview:large, max-video-preview:-1\" \/>\n<link rel=\"canonical\" href=\"https:\/\/www.omrserrature.it\/de\/produkt\/postkastenschloss\/\" \/>\n<meta property=\"og:locale\" content=\"de_DE\" \/>\n<meta property=\"og:type\" content=\"article\" \/>\n<meta property=\"og:title\" content=\"Postkastenschloss - OMR Serrature\" \/>\n<meta property=\"og:description\" content=\"Das universelle Hebelschloss mit Vierkantkopf ist mit einem Pl\u00e4ttchenmechanismus ausgestattet. Dieses universelle Hebelschloss wird dank seiner besonderen Form als Ersatz f\u00fcr Alubox\u00ae-Briefk\u00e4sten, Trimec und in allen Installationen verwendet, in denen der Platz knapp ist (Seifen- und Handtuchspender, Diebstahlsicherungssysteme, Objektm\u00f6bel f\u00fcr Arztpraxen und Krankenh\u00e4user usw.).\" \/>\n<meta property=\"og:url\" content=\"https:\/\/www.omrserrature.it\/de\/produkt\/postkastenschloss\/\" \/>\n<meta property=\"og:site_name\" content=\"OMR Serrature | Produzione sistemi di chiusura\" \/>\n<meta property=\"article:publisher\" content=\"https:\/\/www.facebook.com\/OMRserrature\" \/>\n<meta property=\"article:modified_time\" content=\"2026-04-08T11:14:32+00:00\" \/>\n<meta property=\"og:image\" content=\"https:\/\/www.omrserrature.it\/wp-content\/uploads\/2017\/10\/serratura-cassette-postali.jpg\" \/>\n\t<meta property=\"og:image:width\" content=\"234\" \/>\n\t<meta property=\"og:image:height\" content=\"400\" \/>\n\t<meta property=\"og:image:type\" content=\"image\/jpeg\" \/>\n<meta name=\"twitter:card\" content=\"summary_large_image\" \/>\n<meta name=\"twitter:label1\" content=\"Gesch\u00e4tzte Lesezeit\" \/>\n\t<meta name=\"twitter:data1\" content=\"1\u00a0Minute\" \/>\n<script type=\"application\/ld+json\" class=\"yoast-schema-graph\">{\"@context\":\"https:\/\/schema.org\",\"@graph\":[{\"@type\":\"WebPage\",\"@id\":\"https:\/\/www.omrserrature.it\/de\/produkt\/postkastenschloss\/\",\"url\":\"https:\/\/www.omrserrature.it\/de\/produkt\/postkastenschloss\/\",\"name\":\"Postkastenschloss - OMR Serrature\",\"isPartOf\":{\"@id\":\"https:\/\/www.omrserrature.it\/de\/#website\"},\"primaryImageOfPage\":{\"@id\":\"https:\/\/www.omrserrature.it\/de\/produkt\/postkastenschloss\/#primaryimage\"},\"image\":{\"@id\":\"https:\/\/www.omrserrature.it\/de\/produkt\/postkastenschloss\/#primaryimage\"},\"thumbnailUrl\":\"https:\/\/www.omrserrature.it\/wp-content\/uploads\/2017\/10\/serratura-cassette-postali.jpg\",\"datePublished\":\"2009-10-17T12:37:00+00:00\",\"dateModified\":\"2026-04-08T11:14:32+00:00\",\"breadcrumb\":{\"@id\":\"https:\/\/www.omrserrature.it\/de\/produkt\/postkastenschloss\/#breadcrumb\"},\"inLanguage\":\"de\",\"potentialAction\":[{\"@type\":\"ReadAction\",\"target\":[\"https:\/\/www.omrserrature.it\/de\/produkt\/postkastenschloss\/\"]}]},{\"@type\":\"ImageObject\",\"inLanguage\":\"de\",\"@id\":\"https:\/\/www.omrserrature.it\/de\/produkt\/postkastenschloss\/#primaryimage\",\"url\":\"https:\/\/www.omrserrature.it\/wp-content\/uploads\/2017\/10\/serratura-cassette-postali.jpg\",\"contentUrl\":\"https:\/\/www.omrserrature.it\/wp-content\/uploads\/2017\/10\/serratura-cassette-postali.jpg\",\"width\":234,\"height\":400,\"caption\":\"Hebelschl\u00f6sser mit Pl\u00e4ttchenzylinder f\u00fcr Wohnungsbriefk\u00e4sten und Briefk\u00e4sten\"},{\"@type\":\"BreadcrumbList\",\"@id\":\"https:\/\/www.omrserrature.it\/de\/produkt\/postkastenschloss\/#breadcrumb\",\"itemListElement\":[{\"@type\":\"ListItem\",\"position\":1,\"name\":\"Home\",\"item\":\"https:\/\/www.omrserrature.it\/de\/omr-serrature-sistemi-chiusura\/\"},{\"@type\":\"ListItem\",\"position\":2,\"name\":\"Katalog\",\"item\":\"https:\/\/www.omrserrature.it\/katalog\/?lang=de\"},{\"@type\":\"ListItem\",\"position\":3,\"name\":\"Produkte\",\"item\":\"https:\/\/www.omrserrature.it\/de\/katalog\/produkte\/\"},{\"@type\":\"ListItem\",\"position\":4,\"name\":\"Schloesser\",\"item\":\"https:\/\/www.omrserrature.it\/de\/katalog\/produkte\/schloesser\/\"},{\"@type\":\"ListItem\",\"position\":5,\"name\":\"Mikro-Schl\u00f6sser\",\"item\":\"https:\/\/www.omrserrature.it\/de\/katalog\/produkte\/schloesser\/mikro-schlosser\/\"},{\"@type\":\"ListItem\",\"position\":6,\"name\":\"Postkastenschloss\"}]},{\"@type\":\"WebSite\",\"@id\":\"https:\/\/www.omrserrature.it\/de\/#website\",\"url\":\"https:\/\/www.omrserrature.it\/de\/\",\"name\":\"OMR Serrature | Produzione sistemi di chiusura\",\"description\":\"Produzione serrature di sicurezza e sistemi di chiusura\",\"publisher\":{\"@id\":\"https:\/\/www.omrserrature.it\/de\/#organization\"},\"potentialAction\":[{\"@type\":\"SearchAction\",\"target\":{\"@type\":\"EntryPoint\",\"urlTemplate\":\"https:\/\/www.omrserrature.it\/de\/?s={search_term_string}\"},\"query-input\":{\"@type\":\"PropertyValueSpecification\",\"valueRequired\":true,\"valueName\":\"search_term_string\"}}],\"inLanguage\":\"de\"},{\"@type\":\"Organization\",\"@id\":\"https:\/\/www.omrserrature.it\/de\/#organization\",\"name\":\"OMR Serrature | Produzione sistemi di chiusura\",\"url\":\"https:\/\/www.omrserrature.it\/de\/\",\"logo\":{\"@type\":\"ImageObject\",\"inLanguage\":\"de\",\"@id\":\"https:\/\/www.omrserrature.it\/de\/#\/schema\/logo\/image\/\",\"url\":\"https:\/\/www.omrserrature.it\/wp-content\/uploads\/2017\/09\/favicon-omr-114.png\",\"contentUrl\":\"https:\/\/www.omrserrature.it\/wp-content\/uploads\/2017\/09\/favicon-omr-114.png\",\"width\":114,\"height\":114,\"caption\":\"OMR Serrature | Produzione sistemi di chiusura\"},\"image\":{\"@id\":\"https:\/\/www.omrserrature.it\/de\/#\/schema\/logo\/image\/\"},\"sameAs\":[\"https:\/\/www.facebook.com\/OMRserrature\",\"https:\/\/www.linkedin.com\/company\/omrserrature\/\",\"https:\/\/www.youtube.com\/channel\/UCxmA85z2R0EpG_6IRokiAkg\"]}]}<\/script>\n<!-- \/ Yoast SEO plugin. -->","yoast_head_json":{"title":"Postkastenschloss - OMR Serrature","robots":{"index":"index","follow":"follow","max-snippet":"max-snippet:-1","max-image-preview":"max-image-preview:large","max-video-preview":"max-video-preview:-1"},"canonical":"https:\/\/www.omrserrature.it\/de\/produkt\/postkastenschloss\/","og_locale":"de_DE","og_type":"article","og_title":"Postkastenschloss - OMR Serrature","og_description":"Das universelle Hebelschloss mit Vierkantkopf ist mit einem Pl\u00e4ttchenmechanismus ausgestattet. Dieses universelle Hebelschloss wird dank seiner besonderen Form als Ersatz f\u00fcr Alubox\u00ae-Briefk\u00e4sten, Trimec und in allen Installationen verwendet, in denen der Platz knapp ist (Seifen- und Handtuchspender, Diebstahlsicherungssysteme, Objektm\u00f6bel f\u00fcr Arztpraxen und Krankenh\u00e4user usw.).","og_url":"https:\/\/www.omrserrature.it\/de\/produkt\/postkastenschloss\/","og_site_name":"OMR Serrature | Produzione sistemi di chiusura","article_publisher":"https:\/\/www.facebook.com\/OMRserrature","article_modified_time":"2026-04-08T11:14:32+00:00","og_image":[{"width":234,"height":400,"url":"https:\/\/www.omrserrature.it\/wp-content\/uploads\/2017\/10\/serratura-cassette-postali.jpg","type":"image\/jpeg"}],"twitter_card":"summary_large_image","twitter_misc":{"Gesch\u00e4tzte Lesezeit":"1\u00a0Minute"},"schema":{"@context":"https:\/\/schema.org","@graph":[{"@type":"WebPage","@id":"https:\/\/www.omrserrature.it\/de\/produkt\/postkastenschloss\/","url":"https:\/\/www.omrserrature.it\/de\/produkt\/postkastenschloss\/","name":"Postkastenschloss - OMR Serrature","isPartOf":{"@id":"https:\/\/www.omrserrature.it\/de\/#website"},"primaryImageOfPage":{"@id":"https:\/\/www.omrserrature.it\/de\/produkt\/postkastenschloss\/#primaryimage"},"image":{"@id":"https:\/\/www.omrserrature.it\/de\/produkt\/postkastenschloss\/#primaryimage"},"thumbnailUrl":"https:\/\/www.omrserrature.it\/wp-content\/uploads\/2017\/10\/serratura-cassette-postali.jpg","datePublished":"2009-10-17T12:37:00+00:00","dateModified":"2026-04-08T11:14:32+00:00","breadcrumb":{"@id":"https:\/\/www.omrserrature.it\/de\/produkt\/postkastenschloss\/#breadcrumb"},"inLanguage":"de","potentialAction":[{"@type":"ReadAction","target":["https:\/\/www.omrserrature.it\/de\/produkt\/postkastenschloss\/"]}]},{"@type":"ImageObject","inLanguage":"de","@id":"https:\/\/www.omrserrature.it\/de\/produkt\/postkastenschloss\/#primaryimage","url":"https:\/\/www.omrserrature.it\/wp-content\/uploads\/2017\/10\/serratura-cassette-postali.jpg","contentUrl":"https:\/\/www.omrserrature.it\/wp-content\/uploads\/2017\/10\/serratura-cassette-postali.jpg","width":234,"height":400,"caption":"Hebelschl\u00f6sser mit Pl\u00e4ttchenzylinder f\u00fcr Wohnungsbriefk\u00e4sten und Briefk\u00e4sten"},{"@type":"BreadcrumbList","@id":"https:\/\/www.omrserrature.it\/de\/produkt\/postkastenschloss\/#breadcrumb","itemListElement":[{"@type":"ListItem","position":1,"name":"Home","item":"https:\/\/www.omrserrature.it\/de\/omr-serrature-sistemi-chiusura\/"},{"@type":"ListItem","position":2,"name":"Katalog","item":"https:\/\/www.omrserrature.it\/katalog\/?lang=de"},{"@type":"ListItem","position":3,"name":"Produkte","item":"https:\/\/www.omrserrature.it\/de\/katalog\/produkte\/"},{"@type":"ListItem","position":4,"name":"Schloesser","item":"https:\/\/www.omrserrature.it\/de\/katalog\/produkte\/schloesser\/"},{"@type":"ListItem","position":5,"name":"Mikro-Schl\u00f6sser","item":"https:\/\/www.omrserrature.it\/de\/katalog\/produkte\/schloesser\/mikro-schlosser\/"},{"@type":"ListItem","position":6,"name":"Postkastenschloss"}]},{"@type":"WebSite","@id":"https:\/\/www.omrserrature.it\/de\/#website","url":"https:\/\/www.omrserrature.it\/de\/","name":"OMR Serrature | Produzione sistemi di chiusura","description":"Produzione serrature di sicurezza e sistemi di chiusura","publisher":{"@id":"https:\/\/www.omrserrature.it\/de\/#organization"},"potentialAction":[{"@type":"SearchAction","target":{"@type":"EntryPoint","urlTemplate":"https:\/\/www.omrserrature.it\/de\/?s={search_term_string}"},"query-input":{"@type":"PropertyValueSpecification","valueRequired":true,"valueName":"search_term_string"}}],"inLanguage":"de"},{"@type":"Organization","@id":"https:\/\/www.omrserrature.it\/de\/#organization","name":"OMR Serrature | Produzione sistemi di chiusura","url":"https:\/\/www.omrserrature.it\/de\/","logo":{"@type":"ImageObject","inLanguage":"de","@id":"https:\/\/www.omrserrature.it\/de\/#\/schema\/logo\/image\/","url":"https:\/\/www.omrserrature.it\/wp-content\/uploads\/2017\/09\/favicon-omr-114.png","contentUrl":"https:\/\/www.omrserrature.it\/wp-content\/uploads\/2017\/09\/favicon-omr-114.png","width":114,"height":114,"caption":"OMR Serrature | Produzione sistemi di chiusura"},"image":{"@id":"https:\/\/www.omrserrature.it\/de\/#\/schema\/logo\/image\/"},"sameAs":["https:\/\/www.facebook.com\/OMRserrature","https:\/\/www.linkedin.com\/company\/omrserrature\/","https:\/\/www.youtube.com\/channel\/UCxmA85z2R0EpG_6IRokiAkg"]}]}},"_links":{"self":[{"href":"https:\/\/www.omrserrature.it\/de\/wp-json\/wp\/v2\/product\/242948","targetHints":{"allow":["GET"]}}],"collection":[{"href":"https:\/\/www.omrserrature.it\/de\/wp-json\/wp\/v2\/product"}],"about":[{"href":"https:\/\/www.omrserrature.it\/de\/wp-json\/wp\/v2\/types\/product"}],"replies":[{"embeddable":true,"href":"https:\/\/www.omrserrature.it\/de\/wp-json\/wp\/v2\/comments?post=242948"}],"wp:featuredmedia":[{"embeddable":true,"href":"https:\/\/www.omrserrature.it\/de\/wp-json\/wp\/v2\/media\/3247"}],"wp:attachment":[{"href":"https:\/\/www.omrserrature.it\/de\/wp-json\/wp\/v2\/media?parent=242948"}],"wp:term":[{"taxonomy":"product_brand","embeddable":true,"href":"https:\/\/www.omrserrature.it\/de\/wp-json\/wp\/v2\/product_brand?post=242948"},{"taxonomy":"product_cat","embeddable":true,"href":"https:\/\/www.omrserrature.it\/de\/wp-json\/wp\/v2\/product_cat?post=242948"},{"taxonomy":"product_tag","embeddable":true,"href":"https:\/\/www.omrserrature.it\/de\/wp-json\/wp\/v2\/product_tag?post=242948"}],"curies":[{"name":"wp","href":"https:\/\/api.w.org\/{rel}","templated":true}]}}