{"id":242944,"date":"2017-10-16T09:21:57","date_gmt":"2016-10-17T07:21:00","guid":{"rendered":"https:\/\/www.staging6.omrserrature.it\/prodotto\/schloss-fuer-einzel-glastuer-ohne-bohrung\/"},"modified":"2026-04-08T12:47:02","modified_gmt":"2026-04-08T10:47:02","slug":"schloss-fuer-einzel-glastuer-ohne-bohrung","status":"publish","type":"product","link":"https:\/\/www.omrserrature.it\/de\/produkt\/schloss-fuer-einzel-glastuer-ohne-bohrung\/","title":{"rendered":"Schloss f\u00fcr Einzel-Glast\u00fcr ohne Bohrung"},"content":{"rendered":"<p>Das <strong>ohne Loch<\/strong> anzubringende <strong>Schloss f\u00fcr Glast\u00fcren<\/strong> besteht aus einem Metalldruckgussk\u00f6rper mit einer <strong>polierten<\/strong> oder matt <strong>verchromten<\/strong> Oberfl\u00e4che. Der Zylinder mit zylinderpl\u00e4ttchenzylinder ist in einen<strong> praktischen Knauf<\/strong> integriert, mit dem sich die M\u00f6belt\u00fcr bequem \u00f6ffnen und schlie\u00dfen l\u00e4sst. <\/p>\n<p>Das Schloss wird mittels zwei Schrauben fixiert. Zum Glasschutz beim Schraubenziehen wird eine <strong>Dichtung<\/strong> mitgeliefert. <\/p>\n<p>Das ohne Bohrung anzubringende Schloss findet seine Anwendung in <strong>einfl\u00fcgeligen Fl\u00fcgelt\u00fcren<\/strong> von Vitrinen, Schmuckschr\u00e4nken, Uhrenm\u00f6beln, Displays, B\u00fcrom\u00f6beln und Ausstellungstheken.<\/p>\n","protected":false},"excerpt":{"rendered":"<p>Das <strong>ohne Loch<\/strong> anzubringende <strong>Schloss f\u00fcr Glast\u00fcren<\/strong> besteht aus einem Metalldruckgussk\u00f6rper mit einer <strong>polierten<\/strong> oder matt <strong>verchromten<\/strong> Oberfl\u00e4che. Der Zylinder mit zylinderpl\u00e4ttchenzylinder ist in einen<strong> praktischen Knauf<\/strong> integriert, mit dem sich die M\u00f6belt\u00fcr bequem \u00f6ffnen und schlie\u00dfen l\u00e4sst. <\/p>\n","protected":false},"featured_media":3631,"comment_status":"open","ping_status":"closed","template":"","meta":{"_acf_changed":false,"_et_pb_use_builder":"","_et_pb_old_content":"","_et_gb_content_width":""},"product_brand":[],"product_cat":[3773,3876,3779,3766,3796,3771,3861,3786,3835,3869],"product_tag":[],"class_list":{"0":"post-242944","1":"product","2":"type-product","3":"status-publish","4":"has-post-thumbnail","6":"product_cat-architektur-stadtplanung-und-design","7":"product_cat-flugelturen","8":"product_cat-griffe-und-knopfe","9":"product_cat-gros-und-einzelhandel","10":"product_cat-hauptschlussel-schlosser","11":"product_cat-messen-und-ausstellungen","12":"product_cat-mobelturen","13":"product_cat-riegelschlosser","14":"product_cat-schlosser-fur-mobel","15":"product_cat-schlosser-fur-vitrinen","17":"first","18":"instock","19":"shipping-taxable","20":"product-type-simple"},"acf":{"pdf1":"https:\/\/www.omrserrature.it\/wp-content\/uploads\/schede\/Scheda_220358.pdf"},"yoast_head":"<!-- This site is optimized with the Yoast SEO plugin v27.2 - https:\/\/yoast.com\/product\/yoast-seo-wordpress\/ -->\n<title>Schloss f\u00fcr Einzel-Glast\u00fcr ohne Bohrung - OMR Serrature<\/title>\n<meta name=\"robots\" content=\"index, follow, max-snippet:-1, max-image-preview:large, max-video-preview:-1\" \/>\n<link rel=\"canonical\" href=\"https:\/\/www.omrserrature.it\/de\/produkt\/schloss-fuer-einzel-glastuer-ohne-bohrung\/\" \/>\n<meta property=\"og:locale\" content=\"de_DE\" \/>\n<meta property=\"og:type\" content=\"article\" \/>\n<meta property=\"og:title\" content=\"Schloss f\u00fcr Einzel-Glast\u00fcr ohne Bohrung - OMR Serrature\" \/>\n<meta property=\"og:description\" content=\"Das ohne Loch anzubringende Schloss f\u00fcr Glast\u00fcren besteht aus einem Metalldruckgussk\u00f6rper mit einer polierten oder matt verchromten Oberfl\u00e4che. Der Zylinder mit zylinderpl\u00e4ttchenzylinder ist in einen praktischen Knauf integriert, mit dem sich die M\u00f6belt\u00fcr bequem \u00f6ffnen und schlie\u00dfen l\u00e4sst.\" \/>\n<meta property=\"og:url\" content=\"https:\/\/www.omrserrature.it\/de\/produkt\/schloss-fuer-einzel-glastuer-ohne-bohrung\/\" \/>\n<meta property=\"og:site_name\" content=\"OMR Serrature | Produzione sistemi di chiusura\" \/>\n<meta property=\"article:publisher\" content=\"https:\/\/www.facebook.com\/OMRserrature\" \/>\n<meta property=\"article:modified_time\" content=\"2026-04-08T10:47:02+00:00\" \/>\n<meta property=\"og:image\" content=\"https:\/\/www.omrserrature.it\/wp-content\/uploads\/2017\/10\/serratura-anta-singola-vetro-no-foratura.jpg\" \/>\n\t<meta property=\"og:image:width\" content=\"318\" \/>\n\t<meta property=\"og:image:height\" content=\"358\" \/>\n\t<meta property=\"og:image:type\" content=\"image\/jpeg\" \/>\n<meta name=\"twitter:card\" content=\"summary_large_image\" \/>\n<script type=\"application\/ld+json\" class=\"yoast-schema-graph\">{\"@context\":\"https:\/\/schema.org\",\"@graph\":[{\"@type\":\"WebPage\",\"@id\":\"https:\/\/www.omrserrature.it\/de\/produkt\/schloss-fuer-einzel-glastuer-ohne-bohrung\/\",\"url\":\"https:\/\/www.omrserrature.it\/de\/produkt\/schloss-fuer-einzel-glastuer-ohne-bohrung\/\",\"name\":\"Schloss f\u00fcr Einzel-Glast\u00fcr ohne Bohrung - OMR Serrature\",\"isPartOf\":{\"@id\":\"https:\/\/www.omrserrature.it\/de\/#website\"},\"primaryImageOfPage\":{\"@id\":\"https:\/\/www.omrserrature.it\/de\/produkt\/schloss-fuer-einzel-glastuer-ohne-bohrung\/#primaryimage\"},\"image\":{\"@id\":\"https:\/\/www.omrserrature.it\/de\/produkt\/schloss-fuer-einzel-glastuer-ohne-bohrung\/#primaryimage\"},\"thumbnailUrl\":\"https:\/\/www.omrserrature.it\/wp-content\/uploads\/2017\/10\/serratura-anta-singola-vetro-no-foratura.jpg\",\"datePublished\":\"2016-10-17T07:21:00+00:00\",\"dateModified\":\"2026-04-08T10:47:02+00:00\",\"breadcrumb\":{\"@id\":\"https:\/\/www.omrserrature.it\/de\/produkt\/schloss-fuer-einzel-glastuer-ohne-bohrung\/#breadcrumb\"},\"inLanguage\":\"de\",\"potentialAction\":[{\"@type\":\"ReadAction\",\"target\":[\"https:\/\/www.omrserrature.it\/de\/produkt\/schloss-fuer-einzel-glastuer-ohne-bohrung\/\"]}]},{\"@type\":\"ImageObject\",\"inLanguage\":\"de\",\"@id\":\"https:\/\/www.omrserrature.it\/de\/produkt\/schloss-fuer-einzel-glastuer-ohne-bohrung\/#primaryimage\",\"url\":\"https:\/\/www.omrserrature.it\/wp-content\/uploads\/2017\/10\/serratura-anta-singola-vetro-no-foratura.jpg\",\"contentUrl\":\"https:\/\/www.omrserrature.it\/wp-content\/uploads\/2017\/10\/serratura-anta-singola-vetro-no-foratura.jpg\",\"width\":318,\"height\":358,\"caption\":\"Einfaches M\u00f6belt\u00fcr Schloss ohne Bohren - Display Schl\u00f6sser\"},{\"@type\":\"BreadcrumbList\",\"@id\":\"https:\/\/www.omrserrature.it\/de\/produkt\/schloss-fuer-einzel-glastuer-ohne-bohrung\/#breadcrumb\",\"itemListElement\":[{\"@type\":\"ListItem\",\"position\":1,\"name\":\"Home\",\"item\":\"https:\/\/www.omrserrature.it\/de\/omr-serrature-sistemi-chiusura\/\"},{\"@type\":\"ListItem\",\"position\":2,\"name\":\"Katalog\",\"item\":\"https:\/\/www.omrserrature.it\/katalog\/?lang=de\"},{\"@type\":\"ListItem\",\"position\":3,\"name\":\"Produkte\",\"item\":\"https:\/\/www.omrserrature.it\/de\/katalog\/produkte\/\"},{\"@type\":\"ListItem\",\"position\":4,\"name\":\"Schloesser\",\"item\":\"https:\/\/www.omrserrature.it\/de\/katalog\/produkte\/schloesser\/\"},{\"@type\":\"ListItem\",\"position\":5,\"name\":\"Griffe und Kn\u00f6pfe\",\"item\":\"https:\/\/www.omrserrature.it\/de\/katalog\/produkte\/schloesser\/griffe-und-knopfe\/\"},{\"@type\":\"ListItem\",\"position\":6,\"name\":\"Schloss f\u00fcr Einzel-Glast\u00fcr ohne Bohrung\"}]},{\"@type\":\"WebSite\",\"@id\":\"https:\/\/www.omrserrature.it\/de\/#website\",\"url\":\"https:\/\/www.omrserrature.it\/de\/\",\"name\":\"OMR Serrature | Produzione sistemi di chiusura\",\"description\":\"Produzione serrature di sicurezza e sistemi di chiusura\",\"publisher\":{\"@id\":\"https:\/\/www.omrserrature.it\/de\/#organization\"},\"potentialAction\":[{\"@type\":\"SearchAction\",\"target\":{\"@type\":\"EntryPoint\",\"urlTemplate\":\"https:\/\/www.omrserrature.it\/de\/?s={search_term_string}\"},\"query-input\":{\"@type\":\"PropertyValueSpecification\",\"valueRequired\":true,\"valueName\":\"search_term_string\"}}],\"inLanguage\":\"de\"},{\"@type\":\"Organization\",\"@id\":\"https:\/\/www.omrserrature.it\/de\/#organization\",\"name\":\"OMR Serrature | Produzione sistemi di chiusura\",\"url\":\"https:\/\/www.omrserrature.it\/de\/\",\"logo\":{\"@type\":\"ImageObject\",\"inLanguage\":\"de\",\"@id\":\"https:\/\/www.omrserrature.it\/de\/#\/schema\/logo\/image\/\",\"url\":\"https:\/\/www.omrserrature.it\/wp-content\/uploads\/2017\/09\/favicon-omr-114.png\",\"contentUrl\":\"https:\/\/www.omrserrature.it\/wp-content\/uploads\/2017\/09\/favicon-omr-114.png\",\"width\":114,\"height\":114,\"caption\":\"OMR Serrature | Produzione sistemi di chiusura\"},\"image\":{\"@id\":\"https:\/\/www.omrserrature.it\/de\/#\/schema\/logo\/image\/\"},\"sameAs\":[\"https:\/\/www.facebook.com\/OMRserrature\",\"https:\/\/www.linkedin.com\/company\/omrserrature\/\",\"https:\/\/www.youtube.com\/channel\/UCxmA85z2R0EpG_6IRokiAkg\"]}]}<\/script>\n<!-- \/ Yoast SEO plugin. -->","yoast_head_json":{"title":"Schloss f\u00fcr Einzel-Glast\u00fcr ohne Bohrung - OMR Serrature","robots":{"index":"index","follow":"follow","max-snippet":"max-snippet:-1","max-image-preview":"max-image-preview:large","max-video-preview":"max-video-preview:-1"},"canonical":"https:\/\/www.omrserrature.it\/de\/produkt\/schloss-fuer-einzel-glastuer-ohne-bohrung\/","og_locale":"de_DE","og_type":"article","og_title":"Schloss f\u00fcr Einzel-Glast\u00fcr ohne Bohrung - OMR Serrature","og_description":"Das ohne Loch anzubringende Schloss f\u00fcr Glast\u00fcren besteht aus einem Metalldruckgussk\u00f6rper mit einer polierten oder matt verchromten Oberfl\u00e4che. Der Zylinder mit zylinderpl\u00e4ttchenzylinder ist in einen praktischen Knauf integriert, mit dem sich die M\u00f6belt\u00fcr bequem \u00f6ffnen und schlie\u00dfen l\u00e4sst.","og_url":"https:\/\/www.omrserrature.it\/de\/produkt\/schloss-fuer-einzel-glastuer-ohne-bohrung\/","og_site_name":"OMR Serrature | Produzione sistemi di chiusura","article_publisher":"https:\/\/www.facebook.com\/OMRserrature","article_modified_time":"2026-04-08T10:47:02+00:00","og_image":[{"width":318,"height":358,"url":"https:\/\/www.omrserrature.it\/wp-content\/uploads\/2017\/10\/serratura-anta-singola-vetro-no-foratura.jpg","type":"image\/jpeg"}],"twitter_card":"summary_large_image","schema":{"@context":"https:\/\/schema.org","@graph":[{"@type":"WebPage","@id":"https:\/\/www.omrserrature.it\/de\/produkt\/schloss-fuer-einzel-glastuer-ohne-bohrung\/","url":"https:\/\/www.omrserrature.it\/de\/produkt\/schloss-fuer-einzel-glastuer-ohne-bohrung\/","name":"Schloss f\u00fcr Einzel-Glast\u00fcr ohne Bohrung - OMR Serrature","isPartOf":{"@id":"https:\/\/www.omrserrature.it\/de\/#website"},"primaryImageOfPage":{"@id":"https:\/\/www.omrserrature.it\/de\/produkt\/schloss-fuer-einzel-glastuer-ohne-bohrung\/#primaryimage"},"image":{"@id":"https:\/\/www.omrserrature.it\/de\/produkt\/schloss-fuer-einzel-glastuer-ohne-bohrung\/#primaryimage"},"thumbnailUrl":"https:\/\/www.omrserrature.it\/wp-content\/uploads\/2017\/10\/serratura-anta-singola-vetro-no-foratura.jpg","datePublished":"2016-10-17T07:21:00+00:00","dateModified":"2026-04-08T10:47:02+00:00","breadcrumb":{"@id":"https:\/\/www.omrserrature.it\/de\/produkt\/schloss-fuer-einzel-glastuer-ohne-bohrung\/#breadcrumb"},"inLanguage":"de","potentialAction":[{"@type":"ReadAction","target":["https:\/\/www.omrserrature.it\/de\/produkt\/schloss-fuer-einzel-glastuer-ohne-bohrung\/"]}]},{"@type":"ImageObject","inLanguage":"de","@id":"https:\/\/www.omrserrature.it\/de\/produkt\/schloss-fuer-einzel-glastuer-ohne-bohrung\/#primaryimage","url":"https:\/\/www.omrserrature.it\/wp-content\/uploads\/2017\/10\/serratura-anta-singola-vetro-no-foratura.jpg","contentUrl":"https:\/\/www.omrserrature.it\/wp-content\/uploads\/2017\/10\/serratura-anta-singola-vetro-no-foratura.jpg","width":318,"height":358,"caption":"Einfaches M\u00f6belt\u00fcr Schloss ohne Bohren - Display Schl\u00f6sser"},{"@type":"BreadcrumbList","@id":"https:\/\/www.omrserrature.it\/de\/produkt\/schloss-fuer-einzel-glastuer-ohne-bohrung\/#breadcrumb","itemListElement":[{"@type":"ListItem","position":1,"name":"Home","item":"https:\/\/www.omrserrature.it\/de\/omr-serrature-sistemi-chiusura\/"},{"@type":"ListItem","position":2,"name":"Katalog","item":"https:\/\/www.omrserrature.it\/katalog\/?lang=de"},{"@type":"ListItem","position":3,"name":"Produkte","item":"https:\/\/www.omrserrature.it\/de\/katalog\/produkte\/"},{"@type":"ListItem","position":4,"name":"Schloesser","item":"https:\/\/www.omrserrature.it\/de\/katalog\/produkte\/schloesser\/"},{"@type":"ListItem","position":5,"name":"Griffe und Kn\u00f6pfe","item":"https:\/\/www.omrserrature.it\/de\/katalog\/produkte\/schloesser\/griffe-und-knopfe\/"},{"@type":"ListItem","position":6,"name":"Schloss f\u00fcr Einzel-Glast\u00fcr ohne Bohrung"}]},{"@type":"WebSite","@id":"https:\/\/www.omrserrature.it\/de\/#website","url":"https:\/\/www.omrserrature.it\/de\/","name":"OMR Serrature | Produzione sistemi di chiusura","description":"Produzione serrature di sicurezza e sistemi di chiusura","publisher":{"@id":"https:\/\/www.omrserrature.it\/de\/#organization"},"potentialAction":[{"@type":"SearchAction","target":{"@type":"EntryPoint","urlTemplate":"https:\/\/www.omrserrature.it\/de\/?s={search_term_string}"},"query-input":{"@type":"PropertyValueSpecification","valueRequired":true,"valueName":"search_term_string"}}],"inLanguage":"de"},{"@type":"Organization","@id":"https:\/\/www.omrserrature.it\/de\/#organization","name":"OMR Serrature | Produzione sistemi di chiusura","url":"https:\/\/www.omrserrature.it\/de\/","logo":{"@type":"ImageObject","inLanguage":"de","@id":"https:\/\/www.omrserrature.it\/de\/#\/schema\/logo\/image\/","url":"https:\/\/www.omrserrature.it\/wp-content\/uploads\/2017\/09\/favicon-omr-114.png","contentUrl":"https:\/\/www.omrserrature.it\/wp-content\/uploads\/2017\/09\/favicon-omr-114.png","width":114,"height":114,"caption":"OMR Serrature | Produzione sistemi di chiusura"},"image":{"@id":"https:\/\/www.omrserrature.it\/de\/#\/schema\/logo\/image\/"},"sameAs":["https:\/\/www.facebook.com\/OMRserrature","https:\/\/www.linkedin.com\/company\/omrserrature\/","https:\/\/www.youtube.com\/channel\/UCxmA85z2R0EpG_6IRokiAkg"]}]}},"_links":{"self":[{"href":"https:\/\/www.omrserrature.it\/de\/wp-json\/wp\/v2\/product\/242944","targetHints":{"allow":["GET"]}}],"collection":[{"href":"https:\/\/www.omrserrature.it\/de\/wp-json\/wp\/v2\/product"}],"about":[{"href":"https:\/\/www.omrserrature.it\/de\/wp-json\/wp\/v2\/types\/product"}],"replies":[{"embeddable":true,"href":"https:\/\/www.omrserrature.it\/de\/wp-json\/wp\/v2\/comments?post=242944"}],"wp:featuredmedia":[{"embeddable":true,"href":"https:\/\/www.omrserrature.it\/de\/wp-json\/wp\/v2\/media\/3631"}],"wp:attachment":[{"href":"https:\/\/www.omrserrature.it\/de\/wp-json\/wp\/v2\/media?parent=242944"}],"wp:term":[{"taxonomy":"product_brand","embeddable":true,"href":"https:\/\/www.omrserrature.it\/de\/wp-json\/wp\/v2\/product_brand?post=242944"},{"taxonomy":"product_cat","embeddable":true,"href":"https:\/\/www.omrserrature.it\/de\/wp-json\/wp\/v2\/product_cat?post=242944"},{"taxonomy":"product_tag","embeddable":true,"href":"https:\/\/www.omrserrature.it\/de\/wp-json\/wp\/v2\/product_tag?post=242944"}],"curies":[{"name":"wp","href":"https:\/\/api.w.org\/{rel}","templated":true}]}}