{"id":242832,"date":"2017-10-16T14:00:18","date_gmt":"2016-10-17T12:00:00","guid":{"rendered":"https:\/\/www.staging6.omrserrature.it\/prodotto\/schloss-fuer-moebeltuer-oder-schublade-schwarz\/"},"modified":"2026-04-08T12:24:00","modified_gmt":"2026-04-08T10:24:00","slug":"schloss-fuer-moebeltuer-oder-schublade-schwarz","status":"publish","type":"product","link":"https:\/\/www.omrserrature.it\/de\/produkt\/schloss-fuer-moebeltuer-oder-schublade-schwarz\/","title":{"rendered":"Schloss f\u00fcr M\u00f6belt\u00fcr oder Schublade, schwarz"},"content":{"rendered":"<p>Das <strong>Kastenschloss f\u00fcr M\u00f6bel<\/strong> ist aus <strong>schwarz vernickelter<\/strong> Zinklegierung, es weist ein rundes Geh\u00e4use auf, das den Riegel enth\u00e4lt. Die Pl\u00e4ttchentechnologie bietet den angemessenen Sicherheitsgrad f\u00fcr jede Anwendung.  Der Zylinder mit den zylinderpl\u00e4ttchen, in der Version mit abnehmbarem Kern, kann mit einem speziellen Abziehschl\u00fcssel abgenommen werden, so dass die Kombination schnell ge\u00e4ndert werden kann.<\/p>\n<p>Der Zylinder und der Riegel sind in <strong>vielen L\u00e4ngen<\/strong> erh\u00e4ltlich; das erm\u00f6glicht die Installation auf mehrere Materialien (Holz, Metall, MDF, usw.) und in mehreren Positionen. Die Version mit reduziertem Riegel und abgeschnittenem Ende erm\u00f6glicht das Schlie\u00dfen durch ein Loch in der Seite der M\u00f6belt\u00fcr.<\/p>\n<p>Je nach Position des Riegels kann er entweder <strong>an T\u00fcren<\/strong> oder <strong>Schubladen<\/strong> angebracht werden. Wird h\u00e4ufig in der Welt der Holz- und Metallm\u00f6bel verwendet, sowohl bei <strong>B\u00fcro-<\/strong> als auch bei <strong>Werkstattm\u00f6beln<\/strong>. Die ein- oder zweifl\u00fcgeligen Vitrinen erm\u00f6glichen den Einbau des Schlosses an M\u00f6belt\u00fcren aus Glas, z.B. in Vitrinen, Schauk\u00e4sten und Displays. Dank seiner einfachen Installation und Verformbarkeit kann es in Labor-, Gemeinde-, Krankenhaus- und Museumsm\u00f6beln sowie in Automaten oder Schr\u00e4nken eingesetzt werden.<\/p>\n<p><strong><a href=\"https:\/\/www.omrserrature.it\/de\/produkt\/schloss-fuer-moebeltuer-oder-schublade\/\" target=\"_blank\" rel=\"noopener\">Auf der Seite mit den Grundmodellen<\/a> finden Sie alle verf\u00fcgbaren Varianten des Schlosses.<\/strong><\/p>\n","protected":false},"excerpt":{"rendered":"<p>Das <strong>Kastenschloss f\u00fcr M\u00f6bel<\/strong> ist aus<strong> schwarz vernickelter<\/strong> Zinklegierung, es weist ein rundes Geh\u00e4use auf, das den Riegel enth\u00e4lt. Ein ideales Produkt f\u00fcr die T\u00fcren und Schubladen von B\u00fcrom\u00f6beln.<\/p>\n","protected":false},"featured_media":3583,"comment_status":"open","ping_status":"closed","template":"","meta":{"_acf_changed":false,"_et_pb_use_builder":"","_et_pb_old_content":"","_et_gb_content_width":""},"product_brand":[],"product_cat":[3770,3876,3796,3829,3772,3771,3861,3828,3786,3832,3835,3830,3866,3862],"product_tag":[],"class_list":{"0":"post-242832","1":"product","2":"type-product","3":"status-publish","4":"has-post-thumbnail","6":"product_cat-bildungswesen-und-kultur","7":"product_cat-flugelturen","8":"product_cat-hauptschlussel-schlosser","9":"product_cat-kabinett-schlosser","10":"product_cat-krankenhauser-und-gesundheitsbereich","11":"product_cat-messen-und-ausstellungen","12":"product_cat-mobelturen","13":"product_cat-professionelle-mobelschlosser","14":"product_cat-riegelschlosser","15":"product_cat-schlosser-fur-briefkasten","16":"product_cat-schlosser-fur-mobel","17":"product_cat-schlosser-fur-professionelle-trolleys","18":"product_cat-schlosser-fur-schilder","19":"product_cat-schlosser-fur-schubladen","21":"first","22":"instock","23":"shipping-taxable","24":"purchasable","25":"product-type-variable"},"acf":{"pdf1":"https:\/\/www.omrserrature.it\/wp-content\/uploads\/2017\/10\/Scheda_220311.pdf"},"yoast_head":"<!-- This site is optimized with the Yoast SEO plugin v27.2 - https:\/\/yoast.com\/product\/yoast-seo-wordpress\/ -->\n<title>Schloss f\u00fcr M\u00f6belt\u00fcr oder Schublade, schwarz - OMR Serrature<\/title>\n<meta name=\"robots\" content=\"index, follow, max-snippet:-1, max-image-preview:large, max-video-preview:-1\" \/>\n<link rel=\"canonical\" href=\"https:\/\/www.omrserrature.it\/de\/produkt\/schloss-fuer-moebeltuer-oder-schublade-schwarz\/\" \/>\n<meta property=\"og:locale\" content=\"de_DE\" \/>\n<meta property=\"og:type\" content=\"article\" \/>\n<meta property=\"og:title\" content=\"Schloss f\u00fcr M\u00f6belt\u00fcr oder Schublade, schwarz - OMR Serrature\" \/>\n<meta property=\"og:description\" content=\"Das Kastenschloss f\u00fcr M\u00f6bel ist aus schwarz vernickelter Zinklegierung, es weist ein rundes Geh\u00e4use auf, das den Riegel enth\u00e4lt. Ein ideales Produkt f\u00fcr die T\u00fcren und Schubladen von B\u00fcrom\u00f6beln.\" \/>\n<meta property=\"og:url\" content=\"https:\/\/www.omrserrature.it\/de\/produkt\/schloss-fuer-moebeltuer-oder-schublade-schwarz\/\" \/>\n<meta property=\"og:site_name\" content=\"OMR Serrature | Produzione sistemi di chiusura\" \/>\n<meta property=\"article:publisher\" content=\"https:\/\/www.facebook.com\/OMRserrature\" \/>\n<meta property=\"article:modified_time\" content=\"2026-04-08T10:24:00+00:00\" \/>\n<meta property=\"og:image\" content=\"https:\/\/www.omrserrature.it\/wp-content\/uploads\/2017\/10\/serratura-anta-cassetto-nera.jpg\" \/>\n\t<meta property=\"og:image:width\" content=\"513\" \/>\n\t<meta property=\"og:image:height\" content=\"389\" \/>\n\t<meta property=\"og:image:type\" content=\"image\/jpeg\" \/>\n<meta name=\"twitter:card\" content=\"summary_large_image\" \/>\n<meta name=\"twitter:label1\" content=\"Gesch\u00e4tzte Lesezeit\" \/>\n\t<meta name=\"twitter:data1\" content=\"1\u00a0Minute\" \/>\n<script type=\"application\/ld+json\" class=\"yoast-schema-graph\">{\"@context\":\"https:\/\/schema.org\",\"@graph\":[{\"@type\":\"WebPage\",\"@id\":\"https:\/\/www.omrserrature.it\/de\/produkt\/schloss-fuer-moebeltuer-oder-schublade-schwarz\/\",\"url\":\"https:\/\/www.omrserrature.it\/de\/produkt\/schloss-fuer-moebeltuer-oder-schublade-schwarz\/\",\"name\":\"Schloss f\u00fcr M\u00f6belt\u00fcr oder Schublade, schwarz - OMR Serrature\",\"isPartOf\":{\"@id\":\"https:\/\/www.omrserrature.it\/de\/#website\"},\"primaryImageOfPage\":{\"@id\":\"https:\/\/www.omrserrature.it\/de\/produkt\/schloss-fuer-moebeltuer-oder-schublade-schwarz\/#primaryimage\"},\"image\":{\"@id\":\"https:\/\/www.omrserrature.it\/de\/produkt\/schloss-fuer-moebeltuer-oder-schublade-schwarz\/#primaryimage\"},\"thumbnailUrl\":\"https:\/\/www.omrserrature.it\/wp-content\/uploads\/2017\/10\/serratura-anta-cassetto-nera.jpg\",\"datePublished\":\"2016-10-17T12:00:00+00:00\",\"dateModified\":\"2026-04-08T10:24:00+00:00\",\"breadcrumb\":{\"@id\":\"https:\/\/www.omrserrature.it\/de\/produkt\/schloss-fuer-moebeltuer-oder-schublade-schwarz\/#breadcrumb\"},\"inLanguage\":\"de\",\"potentialAction\":[{\"@type\":\"ReadAction\",\"target\":[\"https:\/\/www.omrserrature.it\/de\/produkt\/schloss-fuer-moebeltuer-oder-schublade-schwarz\/\"]}]},{\"@type\":\"ImageObject\",\"inLanguage\":\"de\",\"@id\":\"https:\/\/www.omrserrature.it\/de\/produkt\/schloss-fuer-moebeltuer-oder-schublade-schwarz\/#primaryimage\",\"url\":\"https:\/\/www.omrserrature.it\/wp-content\/uploads\/2017\/10\/serratura-anta-cassetto-nera.jpg\",\"contentUrl\":\"https:\/\/www.omrserrature.it\/wp-content\/uploads\/2017\/10\/serratura-anta-cassetto-nera.jpg\",\"width\":513,\"height\":389,\"caption\":\"Schloss f\u00fcr M\u00f6belt\u00fcr oder Schublade, schwarz\"},{\"@type\":\"BreadcrumbList\",\"@id\":\"https:\/\/www.omrserrature.it\/de\/produkt\/schloss-fuer-moebeltuer-oder-schublade-schwarz\/#breadcrumb\",\"itemListElement\":[{\"@type\":\"ListItem\",\"position\":1,\"name\":\"Home\",\"item\":\"https:\/\/www.omrserrature.it\/de\/omr-serrature-sistemi-chiusura\/\"},{\"@type\":\"ListItem\",\"position\":2,\"name\":\"Katalog\",\"item\":\"https:\/\/www.omrserrature.it\/katalog\/?lang=de\"},{\"@type\":\"ListItem\",\"position\":3,\"name\":\"Anwendungen\",\"item\":\"https:\/\/www.omrserrature.it\/de\/katalog\/anwendungen\/\"},{\"@type\":\"ListItem\",\"position\":4,\"name\":\"Kabinett Schl\u00f6sser\",\"item\":\"https:\/\/www.omrserrature.it\/de\/katalog\/anwendungen\/kabinett-schlosser\/\"},{\"@type\":\"ListItem\",\"position\":5,\"name\":\"Schloss f\u00fcr M\u00f6belt\u00fcr oder Schublade, schwarz\"}]},{\"@type\":\"WebSite\",\"@id\":\"https:\/\/www.omrserrature.it\/de\/#website\",\"url\":\"https:\/\/www.omrserrature.it\/de\/\",\"name\":\"OMR Serrature | Produzione sistemi di chiusura\",\"description\":\"Produzione serrature di sicurezza e sistemi di chiusura\",\"publisher\":{\"@id\":\"https:\/\/www.omrserrature.it\/de\/#organization\"},\"potentialAction\":[{\"@type\":\"SearchAction\",\"target\":{\"@type\":\"EntryPoint\",\"urlTemplate\":\"https:\/\/www.omrserrature.it\/de\/?s={search_term_string}\"},\"query-input\":{\"@type\":\"PropertyValueSpecification\",\"valueRequired\":true,\"valueName\":\"search_term_string\"}}],\"inLanguage\":\"de\"},{\"@type\":\"Organization\",\"@id\":\"https:\/\/www.omrserrature.it\/de\/#organization\",\"name\":\"OMR Serrature | Produzione sistemi di chiusura\",\"url\":\"https:\/\/www.omrserrature.it\/de\/\",\"logo\":{\"@type\":\"ImageObject\",\"inLanguage\":\"de\",\"@id\":\"https:\/\/www.omrserrature.it\/de\/#\/schema\/logo\/image\/\",\"url\":\"https:\/\/www.omrserrature.it\/wp-content\/uploads\/2017\/09\/favicon-omr-114.png\",\"contentUrl\":\"https:\/\/www.omrserrature.it\/wp-content\/uploads\/2017\/09\/favicon-omr-114.png\",\"width\":114,\"height\":114,\"caption\":\"OMR Serrature | Produzione sistemi di chiusura\"},\"image\":{\"@id\":\"https:\/\/www.omrserrature.it\/de\/#\/schema\/logo\/image\/\"},\"sameAs\":[\"https:\/\/www.facebook.com\/OMRserrature\",\"https:\/\/www.linkedin.com\/company\/omrserrature\/\",\"https:\/\/www.youtube.com\/channel\/UCxmA85z2R0EpG_6IRokiAkg\"]}]}<\/script>\n<!-- \/ Yoast SEO plugin. -->","yoast_head_json":{"title":"Schloss f\u00fcr M\u00f6belt\u00fcr oder Schublade, schwarz - OMR Serrature","robots":{"index":"index","follow":"follow","max-snippet":"max-snippet:-1","max-image-preview":"max-image-preview:large","max-video-preview":"max-video-preview:-1"},"canonical":"https:\/\/www.omrserrature.it\/de\/produkt\/schloss-fuer-moebeltuer-oder-schublade-schwarz\/","og_locale":"de_DE","og_type":"article","og_title":"Schloss f\u00fcr M\u00f6belt\u00fcr oder Schublade, schwarz - OMR Serrature","og_description":"Das Kastenschloss f\u00fcr M\u00f6bel ist aus schwarz vernickelter Zinklegierung, es weist ein rundes Geh\u00e4use auf, das den Riegel enth\u00e4lt. Ein ideales Produkt f\u00fcr die T\u00fcren und Schubladen von B\u00fcrom\u00f6beln.","og_url":"https:\/\/www.omrserrature.it\/de\/produkt\/schloss-fuer-moebeltuer-oder-schublade-schwarz\/","og_site_name":"OMR Serrature | Produzione sistemi di chiusura","article_publisher":"https:\/\/www.facebook.com\/OMRserrature","article_modified_time":"2026-04-08T10:24:00+00:00","og_image":[{"width":513,"height":389,"url":"https:\/\/www.omrserrature.it\/wp-content\/uploads\/2017\/10\/serratura-anta-cassetto-nera.jpg","type":"image\/jpeg"}],"twitter_card":"summary_large_image","twitter_misc":{"Gesch\u00e4tzte Lesezeit":"1\u00a0Minute"},"schema":{"@context":"https:\/\/schema.org","@graph":[{"@type":"WebPage","@id":"https:\/\/www.omrserrature.it\/de\/produkt\/schloss-fuer-moebeltuer-oder-schublade-schwarz\/","url":"https:\/\/www.omrserrature.it\/de\/produkt\/schloss-fuer-moebeltuer-oder-schublade-schwarz\/","name":"Schloss f\u00fcr M\u00f6belt\u00fcr oder Schublade, schwarz - OMR Serrature","isPartOf":{"@id":"https:\/\/www.omrserrature.it\/de\/#website"},"primaryImageOfPage":{"@id":"https:\/\/www.omrserrature.it\/de\/produkt\/schloss-fuer-moebeltuer-oder-schublade-schwarz\/#primaryimage"},"image":{"@id":"https:\/\/www.omrserrature.it\/de\/produkt\/schloss-fuer-moebeltuer-oder-schublade-schwarz\/#primaryimage"},"thumbnailUrl":"https:\/\/www.omrserrature.it\/wp-content\/uploads\/2017\/10\/serratura-anta-cassetto-nera.jpg","datePublished":"2016-10-17T12:00:00+00:00","dateModified":"2026-04-08T10:24:00+00:00","breadcrumb":{"@id":"https:\/\/www.omrserrature.it\/de\/produkt\/schloss-fuer-moebeltuer-oder-schublade-schwarz\/#breadcrumb"},"inLanguage":"de","potentialAction":[{"@type":"ReadAction","target":["https:\/\/www.omrserrature.it\/de\/produkt\/schloss-fuer-moebeltuer-oder-schublade-schwarz\/"]}]},{"@type":"ImageObject","inLanguage":"de","@id":"https:\/\/www.omrserrature.it\/de\/produkt\/schloss-fuer-moebeltuer-oder-schublade-schwarz\/#primaryimage","url":"https:\/\/www.omrserrature.it\/wp-content\/uploads\/2017\/10\/serratura-anta-cassetto-nera.jpg","contentUrl":"https:\/\/www.omrserrature.it\/wp-content\/uploads\/2017\/10\/serratura-anta-cassetto-nera.jpg","width":513,"height":389,"caption":"Schloss f\u00fcr M\u00f6belt\u00fcr oder Schublade, schwarz"},{"@type":"BreadcrumbList","@id":"https:\/\/www.omrserrature.it\/de\/produkt\/schloss-fuer-moebeltuer-oder-schublade-schwarz\/#breadcrumb","itemListElement":[{"@type":"ListItem","position":1,"name":"Home","item":"https:\/\/www.omrserrature.it\/de\/omr-serrature-sistemi-chiusura\/"},{"@type":"ListItem","position":2,"name":"Katalog","item":"https:\/\/www.omrserrature.it\/katalog\/?lang=de"},{"@type":"ListItem","position":3,"name":"Anwendungen","item":"https:\/\/www.omrserrature.it\/de\/katalog\/anwendungen\/"},{"@type":"ListItem","position":4,"name":"Kabinett Schl\u00f6sser","item":"https:\/\/www.omrserrature.it\/de\/katalog\/anwendungen\/kabinett-schlosser\/"},{"@type":"ListItem","position":5,"name":"Schloss f\u00fcr M\u00f6belt\u00fcr oder Schublade, schwarz"}]},{"@type":"WebSite","@id":"https:\/\/www.omrserrature.it\/de\/#website","url":"https:\/\/www.omrserrature.it\/de\/","name":"OMR Serrature | Produzione sistemi di chiusura","description":"Produzione serrature di sicurezza e sistemi di chiusura","publisher":{"@id":"https:\/\/www.omrserrature.it\/de\/#organization"},"potentialAction":[{"@type":"SearchAction","target":{"@type":"EntryPoint","urlTemplate":"https:\/\/www.omrserrature.it\/de\/?s={search_term_string}"},"query-input":{"@type":"PropertyValueSpecification","valueRequired":true,"valueName":"search_term_string"}}],"inLanguage":"de"},{"@type":"Organization","@id":"https:\/\/www.omrserrature.it\/de\/#organization","name":"OMR Serrature | Produzione sistemi di chiusura","url":"https:\/\/www.omrserrature.it\/de\/","logo":{"@type":"ImageObject","inLanguage":"de","@id":"https:\/\/www.omrserrature.it\/de\/#\/schema\/logo\/image\/","url":"https:\/\/www.omrserrature.it\/wp-content\/uploads\/2017\/09\/favicon-omr-114.png","contentUrl":"https:\/\/www.omrserrature.it\/wp-content\/uploads\/2017\/09\/favicon-omr-114.png","width":114,"height":114,"caption":"OMR Serrature | Produzione sistemi di chiusura"},"image":{"@id":"https:\/\/www.omrserrature.it\/de\/#\/schema\/logo\/image\/"},"sameAs":["https:\/\/www.facebook.com\/OMRserrature","https:\/\/www.linkedin.com\/company\/omrserrature\/","https:\/\/www.youtube.com\/channel\/UCxmA85z2R0EpG_6IRokiAkg"]}]}},"_links":{"self":[{"href":"https:\/\/www.omrserrature.it\/de\/wp-json\/wp\/v2\/product\/242832","targetHints":{"allow":["GET"]}}],"collection":[{"href":"https:\/\/www.omrserrature.it\/de\/wp-json\/wp\/v2\/product"}],"about":[{"href":"https:\/\/www.omrserrature.it\/de\/wp-json\/wp\/v2\/types\/product"}],"replies":[{"embeddable":true,"href":"https:\/\/www.omrserrature.it\/de\/wp-json\/wp\/v2\/comments?post=242832"}],"wp:featuredmedia":[{"embeddable":true,"href":"https:\/\/www.omrserrature.it\/de\/wp-json\/wp\/v2\/media\/3583"}],"wp:attachment":[{"href":"https:\/\/www.omrserrature.it\/de\/wp-json\/wp\/v2\/media?parent=242832"}],"wp:term":[{"taxonomy":"product_brand","embeddable":true,"href":"https:\/\/www.omrserrature.it\/de\/wp-json\/wp\/v2\/product_brand?post=242832"},{"taxonomy":"product_cat","embeddable":true,"href":"https:\/\/www.omrserrature.it\/de\/wp-json\/wp\/v2\/product_cat?post=242832"},{"taxonomy":"product_tag","embeddable":true,"href":"https:\/\/www.omrserrature.it\/de\/wp-json\/wp\/v2\/product_tag?post=242832"}],"curies":[{"name":"wp","href":"https:\/\/api.w.org\/{rel}","templated":true}]}}