{"id":242810,"date":"2019-02-07T13:42:31","date_gmt":"2007-02-19T12:42:00","guid":{"rendered":"https:\/\/www.staging6.omrserrature.it\/prodotto\/schloss-fuer-moebeltuer-oder-schublade-vergoldet\/"},"modified":"2026-04-08T11:51:55","modified_gmt":"2026-04-08T09:51:55","slug":"schloss-fuer-moebeltuer-oder-schublade-vergoldet","status":"publish","type":"product","link":"https:\/\/www.omrserrature.it\/de\/produkt\/schloss-fuer-moebeltuer-oder-schublade-vergoldet\/","title":{"rendered":"Schloss f\u00fcr M\u00f6belt\u00fcr oder Schublade, vergoldet"},"content":{"rendered":"<p>Das <strong>Kastenschloss f\u00fcr M\u00f6bel<\/strong> besteht aus vergoldeter Zinklegierung und weist ein <strong>vierkantiges Geh\u00e4use<\/strong> auf, das den <strong>Riegel<\/strong> enth\u00e4lt. Die Pl\u00e4ttchenzylinder-Technologie bietet eine f\u00fcr die Art der Anwendung angemessene Sicherheit.<\/p>\n<p>Das Schloss kann auf unterschiedlichen Materialien (Holz, Metal, MDF, usw.) und in zahlreichen Stellungen installiert werden. Das Kastenschloss ist auch vernickelt erh\u00e4ltlich. <\/p>\n<p>Je nach Position des Riegels kann er entweder <strong>an T\u00fcren<\/strong> oder <strong>Schubladen<\/strong> angebracht werden. Das Kastenschloss wird \u00fcblicherweise bei Holz- und Metallm\u00f6beln verwendet, seien sie B\u00fcrom\u00f6bel oder Werkstattm\u00f6bel. Dank seiner einfachen Installation und seiner Dehnbarkeit kann es f\u00fcr Labor-, Gemeinde-, Krankenhaus- und Museumsm\u00f6bel verwendet werden.<\/p>\n","protected":false},"excerpt":{"rendered":"<p>Das <strong>M\u00f6belzylinderschloss<\/strong> besteht aus einer Zinklegierung mit einer vernickelten oder vergoldeten Oberfl\u00e4che. Es besteht aus einer<strong> quadratischen Basis<\/strong>, in der ein <strong>Riegel<\/strong>, auch Riegel genannt, gleitet.<\/p>\n<p>Eine perfekte L\u00f6sung f\u00fcr Ihre B\u00fcrom\u00f6bel!<\/p>\n","protected":false},"featured_media":9608,"comment_status":"open","ping_status":"closed","template":"","meta":{"_acf_changed":false,"_et_pb_use_builder":"","_et_pb_old_content":"","_et_gb_content_width":""},"product_brand":[],"product_cat":[3774,3876,3766,3796,3771,3861,3828,3786,3835,3866,3862],"product_tag":[],"class_list":{"0":"post-242810","1":"product","2":"type-product","3":"status-publish","4":"has-post-thumbnail","6":"product_cat-burogebaude","7":"product_cat-flugelturen","8":"product_cat-gros-und-einzelhandel","9":"product_cat-hauptschlussel-schlosser","10":"product_cat-messen-und-ausstellungen","11":"product_cat-mobelturen","12":"product_cat-professionelle-mobelschlosser","13":"product_cat-riegelschlosser","14":"product_cat-schlosser-fur-mobel","15":"product_cat-schlosser-fur-schilder","16":"product_cat-schlosser-fur-schubladen","18":"first","19":"instock","20":"shipping-taxable","21":"purchasable","22":"product-type-variable"},"acf":{"pdf1":"https:\/\/www.omrserrature.it\/wp-content\/uploads\/2019\/02\/Scheda-220370.pdf"},"yoast_head":"<!-- This site is optimized with the Yoast SEO plugin v27.2 - https:\/\/yoast.com\/product\/yoast-seo-wordpress\/ -->\n<title>Schloss f\u00fcr M\u00f6belt\u00fcr oder Schublade, vergoldet - OMR Serrature<\/title>\n<meta name=\"robots\" content=\"index, follow, max-snippet:-1, max-image-preview:large, max-video-preview:-1\" \/>\n<link rel=\"canonical\" href=\"https:\/\/www.omrserrature.it\/de\/produkt\/schloss-fuer-moebeltuer-oder-schublade-vergoldet\/\" \/>\n<meta property=\"og:locale\" content=\"de_DE\" \/>\n<meta property=\"og:type\" content=\"article\" \/>\n<meta property=\"og:title\" content=\"Schloss f\u00fcr M\u00f6belt\u00fcr oder Schublade, vergoldet - OMR Serrature\" \/>\n<meta property=\"og:description\" content=\"Das M\u00f6belzylinderschloss besteht aus einer Zinklegierung mit einer vernickelten oder vergoldeten Oberfl\u00e4che. Es besteht aus einer quadratischen Basis, in der ein Riegel, auch Riegel genannt, gleitet. Eine perfekte L\u00f6sung f\u00fcr Ihre B\u00fcrom\u00f6bel!\" \/>\n<meta property=\"og:url\" content=\"https:\/\/www.omrserrature.it\/de\/produkt\/schloss-fuer-moebeltuer-oder-schublade-vergoldet\/\" \/>\n<meta property=\"og:site_name\" content=\"OMR Serrature | Produzione sistemi di chiusura\" \/>\n<meta property=\"article:publisher\" content=\"https:\/\/www.facebook.com\/OMRserrature\" \/>\n<meta property=\"article:modified_time\" content=\"2026-04-08T09:51:55+00:00\" \/>\n<meta property=\"og:image\" content=\"https:\/\/www.omrserrature.it\/wp-content\/uploads\/2019\/02\/serratura-anta-cassetto-dorata.jpg\" \/>\n\t<meta property=\"og:image:width\" content=\"439\" \/>\n\t<meta property=\"og:image:height\" content=\"390\" \/>\n\t<meta property=\"og:image:type\" content=\"image\/jpeg\" \/>\n<meta name=\"twitter:card\" content=\"summary_large_image\" \/>\n<meta name=\"twitter:label1\" content=\"Gesch\u00e4tzte Lesezeit\" \/>\n\t<meta name=\"twitter:data1\" content=\"1\u00a0Minute\" \/>\n<script type=\"application\/ld+json\" class=\"yoast-schema-graph\">{\"@context\":\"https:\/\/schema.org\",\"@graph\":[{\"@type\":\"WebPage\",\"@id\":\"https:\/\/www.omrserrature.it\/de\/produkt\/schloss-fuer-moebeltuer-oder-schublade-vergoldet\/\",\"url\":\"https:\/\/www.omrserrature.it\/de\/produkt\/schloss-fuer-moebeltuer-oder-schublade-vergoldet\/\",\"name\":\"Schloss f\u00fcr M\u00f6belt\u00fcr oder Schublade, vergoldet - OMR Serrature\",\"isPartOf\":{\"@id\":\"https:\/\/www.omrserrature.it\/de\/#website\"},\"primaryImageOfPage\":{\"@id\":\"https:\/\/www.omrserrature.it\/de\/produkt\/schloss-fuer-moebeltuer-oder-schublade-vergoldet\/#primaryimage\"},\"image\":{\"@id\":\"https:\/\/www.omrserrature.it\/de\/produkt\/schloss-fuer-moebeltuer-oder-schublade-vergoldet\/#primaryimage\"},\"thumbnailUrl\":\"https:\/\/www.omrserrature.it\/wp-content\/uploads\/2019\/02\/serratura-anta-cassetto-dorata.jpg\",\"datePublished\":\"2007-02-19T12:42:00+00:00\",\"dateModified\":\"2026-04-08T09:51:55+00:00\",\"breadcrumb\":{\"@id\":\"https:\/\/www.omrserrature.it\/de\/produkt\/schloss-fuer-moebeltuer-oder-schublade-vergoldet\/#breadcrumb\"},\"inLanguage\":\"de\",\"potentialAction\":[{\"@type\":\"ReadAction\",\"target\":[\"https:\/\/www.omrserrature.it\/de\/produkt\/schloss-fuer-moebeltuer-oder-schublade-vergoldet\/\"]}]},{\"@type\":\"ImageObject\",\"inLanguage\":\"de\",\"@id\":\"https:\/\/www.omrserrature.it\/de\/produkt\/schloss-fuer-moebeltuer-oder-schublade-vergoldet\/#primaryimage\",\"url\":\"https:\/\/www.omrserrature.it\/wp-content\/uploads\/2019\/02\/serratura-anta-cassetto-dorata.jpg\",\"contentUrl\":\"https:\/\/www.omrserrature.it\/wp-content\/uploads\/2019\/02\/serratura-anta-cassetto-dorata.jpg\",\"width\":439,\"height\":390,\"caption\":\"Goldenes Schloss f\u00fcr M\u00f6belt\u00fcr oder Schublade\"},{\"@type\":\"BreadcrumbList\",\"@id\":\"https:\/\/www.omrserrature.it\/de\/produkt\/schloss-fuer-moebeltuer-oder-schublade-vergoldet\/#breadcrumb\",\"itemListElement\":[{\"@type\":\"ListItem\",\"position\":1,\"name\":\"Home\",\"item\":\"https:\/\/www.omrserrature.it\/de\/omr-serrature-sistemi-chiusura\/\"},{\"@type\":\"ListItem\",\"position\":2,\"name\":\"Katalog\",\"item\":\"https:\/\/www.omrserrature.it\/katalog\/?lang=de\"},{\"@type\":\"ListItem\",\"position\":3,\"name\":\"Anwendungen\",\"item\":\"https:\/\/www.omrserrature.it\/de\/katalog\/anwendungen\/\"},{\"@type\":\"ListItem\",\"position\":4,\"name\":\"Schl\u00f6sser f\u00fcr M\u00f6bel\",\"item\":\"https:\/\/www.omrserrature.it\/de\/katalog\/anwendungen\/schlosser-fur-mobel\/\"},{\"@type\":\"ListItem\",\"position\":5,\"name\":\"M\u00f6belt\u00fcren\",\"item\":\"https:\/\/www.omrserrature.it\/de\/katalog\/anwendungen\/schlosser-fur-mobel\/mobelturen\/\"},{\"@type\":\"ListItem\",\"position\":6,\"name\":\"Fl\u00fcgelt\u00fcren\",\"item\":\"https:\/\/www.omrserrature.it\/de\/katalog\/anwendungen\/schlosser-fur-mobel\/mobelturen\/flugelturen\/\"},{\"@type\":\"ListItem\",\"position\":7,\"name\":\"Schloss f\u00fcr M\u00f6belt\u00fcr oder Schublade, vergoldet\"}]},{\"@type\":\"WebSite\",\"@id\":\"https:\/\/www.omrserrature.it\/de\/#website\",\"url\":\"https:\/\/www.omrserrature.it\/de\/\",\"name\":\"OMR Serrature | Produzione sistemi di chiusura\",\"description\":\"Produzione serrature di sicurezza e sistemi di chiusura\",\"publisher\":{\"@id\":\"https:\/\/www.omrserrature.it\/de\/#organization\"},\"potentialAction\":[{\"@type\":\"SearchAction\",\"target\":{\"@type\":\"EntryPoint\",\"urlTemplate\":\"https:\/\/www.omrserrature.it\/de\/?s={search_term_string}\"},\"query-input\":{\"@type\":\"PropertyValueSpecification\",\"valueRequired\":true,\"valueName\":\"search_term_string\"}}],\"inLanguage\":\"de\"},{\"@type\":\"Organization\",\"@id\":\"https:\/\/www.omrserrature.it\/de\/#organization\",\"name\":\"OMR Serrature | Produzione sistemi di chiusura\",\"url\":\"https:\/\/www.omrserrature.it\/de\/\",\"logo\":{\"@type\":\"ImageObject\",\"inLanguage\":\"de\",\"@id\":\"https:\/\/www.omrserrature.it\/de\/#\/schema\/logo\/image\/\",\"url\":\"https:\/\/www.omrserrature.it\/wp-content\/uploads\/2017\/09\/favicon-omr-114.png\",\"contentUrl\":\"https:\/\/www.omrserrature.it\/wp-content\/uploads\/2017\/09\/favicon-omr-114.png\",\"width\":114,\"height\":114,\"caption\":\"OMR Serrature | Produzione sistemi di chiusura\"},\"image\":{\"@id\":\"https:\/\/www.omrserrature.it\/de\/#\/schema\/logo\/image\/\"},\"sameAs\":[\"https:\/\/www.facebook.com\/OMRserrature\",\"https:\/\/www.linkedin.com\/company\/omrserrature\/\",\"https:\/\/www.youtube.com\/channel\/UCxmA85z2R0EpG_6IRokiAkg\"]}]}<\/script>\n<!-- \/ Yoast SEO plugin. -->","yoast_head_json":{"title":"Schloss f\u00fcr M\u00f6belt\u00fcr oder Schublade, vergoldet - OMR Serrature","robots":{"index":"index","follow":"follow","max-snippet":"max-snippet:-1","max-image-preview":"max-image-preview:large","max-video-preview":"max-video-preview:-1"},"canonical":"https:\/\/www.omrserrature.it\/de\/produkt\/schloss-fuer-moebeltuer-oder-schublade-vergoldet\/","og_locale":"de_DE","og_type":"article","og_title":"Schloss f\u00fcr M\u00f6belt\u00fcr oder Schublade, vergoldet - OMR Serrature","og_description":"Das M\u00f6belzylinderschloss besteht aus einer Zinklegierung mit einer vernickelten oder vergoldeten Oberfl\u00e4che. Es besteht aus einer quadratischen Basis, in der ein Riegel, auch Riegel genannt, gleitet. Eine perfekte L\u00f6sung f\u00fcr Ihre B\u00fcrom\u00f6bel!","og_url":"https:\/\/www.omrserrature.it\/de\/produkt\/schloss-fuer-moebeltuer-oder-schublade-vergoldet\/","og_site_name":"OMR Serrature | Produzione sistemi di chiusura","article_publisher":"https:\/\/www.facebook.com\/OMRserrature","article_modified_time":"2026-04-08T09:51:55+00:00","og_image":[{"width":439,"height":390,"url":"https:\/\/www.omrserrature.it\/wp-content\/uploads\/2019\/02\/serratura-anta-cassetto-dorata.jpg","type":"image\/jpeg"}],"twitter_card":"summary_large_image","twitter_misc":{"Gesch\u00e4tzte Lesezeit":"1\u00a0Minute"},"schema":{"@context":"https:\/\/schema.org","@graph":[{"@type":"WebPage","@id":"https:\/\/www.omrserrature.it\/de\/produkt\/schloss-fuer-moebeltuer-oder-schublade-vergoldet\/","url":"https:\/\/www.omrserrature.it\/de\/produkt\/schloss-fuer-moebeltuer-oder-schublade-vergoldet\/","name":"Schloss f\u00fcr M\u00f6belt\u00fcr oder Schublade, vergoldet - OMR Serrature","isPartOf":{"@id":"https:\/\/www.omrserrature.it\/de\/#website"},"primaryImageOfPage":{"@id":"https:\/\/www.omrserrature.it\/de\/produkt\/schloss-fuer-moebeltuer-oder-schublade-vergoldet\/#primaryimage"},"image":{"@id":"https:\/\/www.omrserrature.it\/de\/produkt\/schloss-fuer-moebeltuer-oder-schublade-vergoldet\/#primaryimage"},"thumbnailUrl":"https:\/\/www.omrserrature.it\/wp-content\/uploads\/2019\/02\/serratura-anta-cassetto-dorata.jpg","datePublished":"2007-02-19T12:42:00+00:00","dateModified":"2026-04-08T09:51:55+00:00","breadcrumb":{"@id":"https:\/\/www.omrserrature.it\/de\/produkt\/schloss-fuer-moebeltuer-oder-schublade-vergoldet\/#breadcrumb"},"inLanguage":"de","potentialAction":[{"@type":"ReadAction","target":["https:\/\/www.omrserrature.it\/de\/produkt\/schloss-fuer-moebeltuer-oder-schublade-vergoldet\/"]}]},{"@type":"ImageObject","inLanguage":"de","@id":"https:\/\/www.omrserrature.it\/de\/produkt\/schloss-fuer-moebeltuer-oder-schublade-vergoldet\/#primaryimage","url":"https:\/\/www.omrserrature.it\/wp-content\/uploads\/2019\/02\/serratura-anta-cassetto-dorata.jpg","contentUrl":"https:\/\/www.omrserrature.it\/wp-content\/uploads\/2019\/02\/serratura-anta-cassetto-dorata.jpg","width":439,"height":390,"caption":"Goldenes Schloss f\u00fcr M\u00f6belt\u00fcr oder Schublade"},{"@type":"BreadcrumbList","@id":"https:\/\/www.omrserrature.it\/de\/produkt\/schloss-fuer-moebeltuer-oder-schublade-vergoldet\/#breadcrumb","itemListElement":[{"@type":"ListItem","position":1,"name":"Home","item":"https:\/\/www.omrserrature.it\/de\/omr-serrature-sistemi-chiusura\/"},{"@type":"ListItem","position":2,"name":"Katalog","item":"https:\/\/www.omrserrature.it\/katalog\/?lang=de"},{"@type":"ListItem","position":3,"name":"Anwendungen","item":"https:\/\/www.omrserrature.it\/de\/katalog\/anwendungen\/"},{"@type":"ListItem","position":4,"name":"Schl\u00f6sser f\u00fcr M\u00f6bel","item":"https:\/\/www.omrserrature.it\/de\/katalog\/anwendungen\/schlosser-fur-mobel\/"},{"@type":"ListItem","position":5,"name":"M\u00f6belt\u00fcren","item":"https:\/\/www.omrserrature.it\/de\/katalog\/anwendungen\/schlosser-fur-mobel\/mobelturen\/"},{"@type":"ListItem","position":6,"name":"Fl\u00fcgelt\u00fcren","item":"https:\/\/www.omrserrature.it\/de\/katalog\/anwendungen\/schlosser-fur-mobel\/mobelturen\/flugelturen\/"},{"@type":"ListItem","position":7,"name":"Schloss f\u00fcr M\u00f6belt\u00fcr oder Schublade, vergoldet"}]},{"@type":"WebSite","@id":"https:\/\/www.omrserrature.it\/de\/#website","url":"https:\/\/www.omrserrature.it\/de\/","name":"OMR Serrature | Produzione sistemi di chiusura","description":"Produzione serrature di sicurezza e sistemi di chiusura","publisher":{"@id":"https:\/\/www.omrserrature.it\/de\/#organization"},"potentialAction":[{"@type":"SearchAction","target":{"@type":"EntryPoint","urlTemplate":"https:\/\/www.omrserrature.it\/de\/?s={search_term_string}"},"query-input":{"@type":"PropertyValueSpecification","valueRequired":true,"valueName":"search_term_string"}}],"inLanguage":"de"},{"@type":"Organization","@id":"https:\/\/www.omrserrature.it\/de\/#organization","name":"OMR Serrature | Produzione sistemi di chiusura","url":"https:\/\/www.omrserrature.it\/de\/","logo":{"@type":"ImageObject","inLanguage":"de","@id":"https:\/\/www.omrserrature.it\/de\/#\/schema\/logo\/image\/","url":"https:\/\/www.omrserrature.it\/wp-content\/uploads\/2017\/09\/favicon-omr-114.png","contentUrl":"https:\/\/www.omrserrature.it\/wp-content\/uploads\/2017\/09\/favicon-omr-114.png","width":114,"height":114,"caption":"OMR Serrature | Produzione sistemi di chiusura"},"image":{"@id":"https:\/\/www.omrserrature.it\/de\/#\/schema\/logo\/image\/"},"sameAs":["https:\/\/www.facebook.com\/OMRserrature","https:\/\/www.linkedin.com\/company\/omrserrature\/","https:\/\/www.youtube.com\/channel\/UCxmA85z2R0EpG_6IRokiAkg"]}]}},"_links":{"self":[{"href":"https:\/\/www.omrserrature.it\/de\/wp-json\/wp\/v2\/product\/242810","targetHints":{"allow":["GET"]}}],"collection":[{"href":"https:\/\/www.omrserrature.it\/de\/wp-json\/wp\/v2\/product"}],"about":[{"href":"https:\/\/www.omrserrature.it\/de\/wp-json\/wp\/v2\/types\/product"}],"replies":[{"embeddable":true,"href":"https:\/\/www.omrserrature.it\/de\/wp-json\/wp\/v2\/comments?post=242810"}],"wp:featuredmedia":[{"embeddable":true,"href":"https:\/\/www.omrserrature.it\/de\/wp-json\/wp\/v2\/media\/9608"}],"wp:attachment":[{"href":"https:\/\/www.omrserrature.it\/de\/wp-json\/wp\/v2\/media?parent=242810"}],"wp:term":[{"taxonomy":"product_brand","embeddable":true,"href":"https:\/\/www.omrserrature.it\/de\/wp-json\/wp\/v2\/product_brand?post=242810"},{"taxonomy":"product_cat","embeddable":true,"href":"https:\/\/www.omrserrature.it\/de\/wp-json\/wp\/v2\/product_cat?post=242810"},{"taxonomy":"product_tag","embeddable":true,"href":"https:\/\/www.omrserrature.it\/de\/wp-json\/wp\/v2\/product_tag?post=242810"}],"curies":[{"name":"wp","href":"https:\/\/api.w.org\/{rel}","templated":true}]}}