{"id":242796,"date":"2018-02-15T14:00:01","date_gmt":"2015-02-18T13:00:00","guid":{"rendered":"https:\/\/www.staging6.omrserrature.it\/prodotto\/schloss-fuer-moebeltuer-oder-schublade-schlanker-riegel-achsabstand-30\/"},"modified":"2026-04-08T11:59:22","modified_gmt":"2026-04-08T09:59:22","slug":"schloss-fuer-moebeltuer-oder-schublade-schlanker-riegel-achsabstand-30","status":"publish","type":"product","link":"https:\/\/www.omrserrature.it\/de\/produkt\/schloss-fuer-moebeltuer-oder-schublade-schlanker-riegel-achsabstand-30\/","title":{"rendered":"Schloss f\u00fcr M\u00f6belt\u00fcr oder Schublade \u2013 Schlanker Riegel \u2013 Achsabstand 30"},"content":{"rendered":"<p>Das <strong>Zylinderschloss f\u00fcr M\u00f6bel<\/strong> wird aus einer Zinklegierung hergestellt und besteht aus einer runden Grundplatte, in der <strong>ein Riegel<\/strong> &#8211; auch Riegel genannt &#8211;<strong> gleitet<\/strong>. Die Pl\u00e4ttchenzylinder-Technologie bietet eine f\u00fcr die Art der Anwendung angemessene Sicherheit. Der Zylinderkern mit den Pl\u00e4ttchen kann (in der entsprechenden Version) mittels des daf\u00fcr vorgesehenen Schl\u00fcssels ausgezogen werden, um die Schlie\u00dfung schnell zu \u00e4ndern.<\/p>\n<p>Der Zylinder und der Riegel sind in <strong>vielen L\u00e4ngen<\/strong> erh\u00e4ltlich; das erm\u00f6glicht die Installation auf mehrere Materialien (Holz, Metall, MDF, usw.) und in mehreren Positionen. Dieses Modell mit verkleinertem Riegel erm\u00f6glicht das Schliessen mit einem Loch auf der T\u00fcrseite, der Anschlagwinkel ist unn\u00f6tig. Die Einleinmuffe SVAR02560 verhindert, dass die T\u00fcr beim Schliessen besch\u00e4digt wird. <\/p>\n<p>Je nach Position des Riegels kann er entweder <strong>an T\u00fcren<\/strong> oder <strong>Schubladen<\/strong> angebracht werden. Das Kastenschloss wird \u00fcblicherweise bei Holz- und Metallm\u00f6beln verwendet, seien sie B\u00fcrom\u00f6bel oder Werkstattm\u00f6bel. Die ein- oder zweifl\u00fcgeligen Rosetten erm\u00f6glichen den Einbau des Schlosses an M\u00f6belt\u00fcren aus Glas, z. B. in Vitrinen, Schauk\u00e4sten. Dank seiner einfachen Installation und Verformbarkeit kann es in Labor-, Gemeinde-, Krankenhaus- und Museumsm\u00f6beln sowie in Automaten oder Schr\u00e4nken eingesetzt werden.<\/p>\n<p><strong><a href=\"https:\/\/www.omrserrature.it\/de\/produkt\/schloss-fuer-moebeltuer-oder-schublade\/\" target=\"_blank\" rel=\"noopener\">Auf der Seite mit den Grundmodellen<\/a> finden Sie alle verf\u00fcgbaren Varianten des Schlosses.<\/strong><\/p>\n","protected":false},"excerpt":{"rendered":"<p>Das <strong>Kastenschloss f\u00fcr M\u00f6bel<\/strong> besteht aus einem runden Geh\u00e4use aus Zinklegierung, wo einen <strong>(verkleinerten) Riegel<\/strong> installiert ist.<\/p>\n","protected":false},"featured_media":8068,"comment_status":"open","ping_status":"closed","template":"","meta":{"_acf_changed":false,"_et_pb_use_builder":"","_et_pb_old_content":"","_et_gb_content_width":""},"product_brand":[],"product_cat":[3774,3876,3766,3796,3861,3828,3786,3864,3832,3835,3866,3862,3869],"product_tag":[],"class_list":{"0":"post-242796","1":"product","2":"type-product","3":"status-publish","4":"has-post-thumbnail","6":"product_cat-burogebaude","7":"product_cat-flugelturen","8":"product_cat-gros-und-einzelhandel","9":"product_cat-hauptschlussel-schlosser","10":"product_cat-mobelturen","11":"product_cat-professionelle-mobelschlosser","12":"product_cat-riegelschlosser","13":"product_cat-schliesfacher-fur-schliesfacher","14":"product_cat-schlosser-fur-briefkasten","15":"product_cat-schlosser-fur-mobel","16":"product_cat-schlosser-fur-schilder","17":"product_cat-schlosser-fur-schubladen","18":"product_cat-schlosser-fur-vitrinen","20":"first","21":"instock","22":"shipping-taxable","23":"product-type-simple"},"acf":{"pdf1":"https:\/\/www.omrserrature.it\/wp-content\/uploads\/2018\/02\/Scheda-220300_SPAL04237.pdf"},"yoast_head":"<!-- This site is optimized with the Yoast SEO plugin v27.2 - https:\/\/yoast.com\/product\/yoast-seo-wordpress\/ -->\n<title>Zylinderschloss f\u00fcr Schubladen und T\u00fcren. Reduzierter Riegel<\/title>\n<meta name=\"description\" content=\"Zylinderschloss mit reduziertem Riegel f\u00fcr Schubladen und T\u00fcren. Ideal f\u00fcr Holz- und Metallm\u00f6bel, ohne Schlie\u00dfbleche.\" \/>\n<meta name=\"robots\" content=\"index, follow, max-snippet:-1, max-image-preview:large, max-video-preview:-1\" \/>\n<link rel=\"canonical\" href=\"https:\/\/www.omrserrature.it\/de\/produkt\/schloss-fuer-moebeltuer-oder-schublade-schlanker-riegel-achsabstand-30\/\" \/>\n<meta property=\"og:locale\" content=\"de_DE\" \/>\n<meta property=\"og:type\" content=\"article\" \/>\n<meta property=\"og:title\" content=\"Zylinderschloss f\u00fcr Schubladen und T\u00fcren. Reduzierter Riegel\" \/>\n<meta property=\"og:description\" content=\"Zylinderschloss mit reduziertem Riegel f\u00fcr Schubladen und T\u00fcren. Ideal f\u00fcr Holz- und Metallm\u00f6bel, ohne Schlie\u00dfbleche.\" \/>\n<meta property=\"og:url\" content=\"https:\/\/www.omrserrature.it\/de\/produkt\/schloss-fuer-moebeltuer-oder-schublade-schlanker-riegel-achsabstand-30\/\" \/>\n<meta property=\"og:site_name\" content=\"OMR Serrature | Produzione sistemi di chiusura\" \/>\n<meta property=\"article:publisher\" content=\"https:\/\/www.facebook.com\/OMRserrature\" \/>\n<meta property=\"article:modified_time\" content=\"2026-04-08T09:59:22+00:00\" \/>\n<meta property=\"og:image\" content=\"https:\/\/www.omrserrature.it\/wp-content\/uploads\/2018\/02\/SPAL04237.jpg\" \/>\n\t<meta property=\"og:image:width\" content=\"317\" \/>\n\t<meta property=\"og:image:height\" content=\"257\" \/>\n\t<meta property=\"og:image:type\" content=\"image\/jpeg\" \/>\n<meta name=\"twitter:card\" content=\"summary_large_image\" \/>\n<meta name=\"twitter:label1\" content=\"Gesch\u00e4tzte Lesezeit\" \/>\n\t<meta name=\"twitter:data1\" content=\"1\u00a0Minute\" \/>\n<script type=\"application\/ld+json\" class=\"yoast-schema-graph\">{\"@context\":\"https:\/\/schema.org\",\"@graph\":[{\"@type\":\"WebPage\",\"@id\":\"https:\/\/www.omrserrature.it\/de\/produkt\/schloss-fuer-moebeltuer-oder-schublade-schlanker-riegel-achsabstand-30\/\",\"url\":\"https:\/\/www.omrserrature.it\/de\/produkt\/schloss-fuer-moebeltuer-oder-schublade-schlanker-riegel-achsabstand-30\/\",\"name\":\"Zylinderschloss f\u00fcr Schubladen und T\u00fcren. Reduzierter Riegel\",\"isPartOf\":{\"@id\":\"https:\/\/www.omrserrature.it\/de\/#website\"},\"primaryImageOfPage\":{\"@id\":\"https:\/\/www.omrserrature.it\/de\/produkt\/schloss-fuer-moebeltuer-oder-schublade-schlanker-riegel-achsabstand-30\/#primaryimage\"},\"image\":{\"@id\":\"https:\/\/www.omrserrature.it\/de\/produkt\/schloss-fuer-moebeltuer-oder-schublade-schlanker-riegel-achsabstand-30\/#primaryimage\"},\"thumbnailUrl\":\"https:\/\/www.omrserrature.it\/wp-content\/uploads\/2018\/02\/SPAL04237.jpg\",\"datePublished\":\"2015-02-18T13:00:00+00:00\",\"dateModified\":\"2026-04-08T09:59:22+00:00\",\"description\":\"Zylinderschloss mit reduziertem Riegel f\u00fcr Schubladen und T\u00fcren. Ideal f\u00fcr Holz- und Metallm\u00f6bel, ohne Schlie\u00dfbleche.\",\"breadcrumb\":{\"@id\":\"https:\/\/www.omrserrature.it\/de\/produkt\/schloss-fuer-moebeltuer-oder-schublade-schlanker-riegel-achsabstand-30\/#breadcrumb\"},\"inLanguage\":\"de\",\"potentialAction\":[{\"@type\":\"ReadAction\",\"target\":[\"https:\/\/www.omrserrature.it\/de\/produkt\/schloss-fuer-moebeltuer-oder-schublade-schlanker-riegel-achsabstand-30\/\"]}]},{\"@type\":\"ImageObject\",\"inLanguage\":\"de\",\"@id\":\"https:\/\/www.omrserrature.it\/de\/produkt\/schloss-fuer-moebeltuer-oder-schublade-schlanker-riegel-achsabstand-30\/#primaryimage\",\"url\":\"https:\/\/www.omrserrature.it\/wp-content\/uploads\/2018\/02\/SPAL04237.jpg\",\"contentUrl\":\"https:\/\/www.omrserrature.it\/wp-content\/uploads\/2018\/02\/SPAL04237.jpg\",\"width\":317,\"height\":257,\"caption\":\"Zylinderschloss f\u00fcr M\u00f6belt\u00fcren oder Schubladen - reduzierter Riegel, Nutzl\u00e4ngen 30 - SPAL04237\"},{\"@type\":\"BreadcrumbList\",\"@id\":\"https:\/\/www.omrserrature.it\/de\/produkt\/schloss-fuer-moebeltuer-oder-schublade-schlanker-riegel-achsabstand-30\/#breadcrumb\",\"itemListElement\":[{\"@type\":\"ListItem\",\"position\":1,\"name\":\"Home\",\"item\":\"https:\/\/www.omrserrature.it\/de\/omr-serrature-sistemi-chiusura\/\"},{\"@type\":\"ListItem\",\"position\":2,\"name\":\"Katalog\",\"item\":\"https:\/\/www.omrserrature.it\/katalog\/?lang=de\"},{\"@type\":\"ListItem\",\"position\":3,\"name\":\"Anwendungen\",\"item\":\"https:\/\/www.omrserrature.it\/de\/katalog\/anwendungen\/\"},{\"@type\":\"ListItem\",\"position\":4,\"name\":\"Schl\u00f6sser f\u00fcr M\u00f6bel\",\"item\":\"https:\/\/www.omrserrature.it\/de\/katalog\/anwendungen\/schlosser-fur-mobel\/\"},{\"@type\":\"ListItem\",\"position\":5,\"name\":\"M\u00f6belt\u00fcren\",\"item\":\"https:\/\/www.omrserrature.it\/de\/katalog\/anwendungen\/schlosser-fur-mobel\/mobelturen\/\"},{\"@type\":\"ListItem\",\"position\":6,\"name\":\"Fl\u00fcgelt\u00fcren\",\"item\":\"https:\/\/www.omrserrature.it\/de\/katalog\/anwendungen\/schlosser-fur-mobel\/mobelturen\/flugelturen\/\"},{\"@type\":\"ListItem\",\"position\":7,\"name\":\"Schloss f\u00fcr M\u00f6belt\u00fcr oder Schublade \u2013 Schlanker Riegel \u2013 Achsabstand 30\"}]},{\"@type\":\"WebSite\",\"@id\":\"https:\/\/www.omrserrature.it\/de\/#website\",\"url\":\"https:\/\/www.omrserrature.it\/de\/\",\"name\":\"OMR Serrature | Produzione sistemi di chiusura\",\"description\":\"Produzione serrature di sicurezza e sistemi di chiusura\",\"publisher\":{\"@id\":\"https:\/\/www.omrserrature.it\/de\/#organization\"},\"potentialAction\":[{\"@type\":\"SearchAction\",\"target\":{\"@type\":\"EntryPoint\",\"urlTemplate\":\"https:\/\/www.omrserrature.it\/de\/?s={search_term_string}\"},\"query-input\":{\"@type\":\"PropertyValueSpecification\",\"valueRequired\":true,\"valueName\":\"search_term_string\"}}],\"inLanguage\":\"de\"},{\"@type\":\"Organization\",\"@id\":\"https:\/\/www.omrserrature.it\/de\/#organization\",\"name\":\"OMR Serrature | Produzione sistemi di chiusura\",\"url\":\"https:\/\/www.omrserrature.it\/de\/\",\"logo\":{\"@type\":\"ImageObject\",\"inLanguage\":\"de\",\"@id\":\"https:\/\/www.omrserrature.it\/de\/#\/schema\/logo\/image\/\",\"url\":\"https:\/\/www.omrserrature.it\/wp-content\/uploads\/2017\/09\/favicon-omr-114.png\",\"contentUrl\":\"https:\/\/www.omrserrature.it\/wp-content\/uploads\/2017\/09\/favicon-omr-114.png\",\"width\":114,\"height\":114,\"caption\":\"OMR Serrature | Produzione sistemi di chiusura\"},\"image\":{\"@id\":\"https:\/\/www.omrserrature.it\/de\/#\/schema\/logo\/image\/\"},\"sameAs\":[\"https:\/\/www.facebook.com\/OMRserrature\",\"https:\/\/www.linkedin.com\/company\/omrserrature\/\",\"https:\/\/www.youtube.com\/channel\/UCxmA85z2R0EpG_6IRokiAkg\"]}]}<\/script>\n<!-- \/ Yoast SEO plugin. -->","yoast_head_json":{"title":"Zylinderschloss f\u00fcr Schubladen und T\u00fcren. Reduzierter Riegel","description":"Zylinderschloss mit reduziertem Riegel f\u00fcr Schubladen und T\u00fcren. Ideal f\u00fcr Holz- und Metallm\u00f6bel, ohne Schlie\u00dfbleche.","robots":{"index":"index","follow":"follow","max-snippet":"max-snippet:-1","max-image-preview":"max-image-preview:large","max-video-preview":"max-video-preview:-1"},"canonical":"https:\/\/www.omrserrature.it\/de\/produkt\/schloss-fuer-moebeltuer-oder-schublade-schlanker-riegel-achsabstand-30\/","og_locale":"de_DE","og_type":"article","og_title":"Zylinderschloss f\u00fcr Schubladen und T\u00fcren. Reduzierter Riegel","og_description":"Zylinderschloss mit reduziertem Riegel f\u00fcr Schubladen und T\u00fcren. Ideal f\u00fcr Holz- und Metallm\u00f6bel, ohne Schlie\u00dfbleche.","og_url":"https:\/\/www.omrserrature.it\/de\/produkt\/schloss-fuer-moebeltuer-oder-schublade-schlanker-riegel-achsabstand-30\/","og_site_name":"OMR Serrature | Produzione sistemi di chiusura","article_publisher":"https:\/\/www.facebook.com\/OMRserrature","article_modified_time":"2026-04-08T09:59:22+00:00","og_image":[{"width":317,"height":257,"url":"https:\/\/www.omrserrature.it\/wp-content\/uploads\/2018\/02\/SPAL04237.jpg","type":"image\/jpeg"}],"twitter_card":"summary_large_image","twitter_misc":{"Gesch\u00e4tzte Lesezeit":"1\u00a0Minute"},"schema":{"@context":"https:\/\/schema.org","@graph":[{"@type":"WebPage","@id":"https:\/\/www.omrserrature.it\/de\/produkt\/schloss-fuer-moebeltuer-oder-schublade-schlanker-riegel-achsabstand-30\/","url":"https:\/\/www.omrserrature.it\/de\/produkt\/schloss-fuer-moebeltuer-oder-schublade-schlanker-riegel-achsabstand-30\/","name":"Zylinderschloss f\u00fcr Schubladen und T\u00fcren. Reduzierter Riegel","isPartOf":{"@id":"https:\/\/www.omrserrature.it\/de\/#website"},"primaryImageOfPage":{"@id":"https:\/\/www.omrserrature.it\/de\/produkt\/schloss-fuer-moebeltuer-oder-schublade-schlanker-riegel-achsabstand-30\/#primaryimage"},"image":{"@id":"https:\/\/www.omrserrature.it\/de\/produkt\/schloss-fuer-moebeltuer-oder-schublade-schlanker-riegel-achsabstand-30\/#primaryimage"},"thumbnailUrl":"https:\/\/www.omrserrature.it\/wp-content\/uploads\/2018\/02\/SPAL04237.jpg","datePublished":"2015-02-18T13:00:00+00:00","dateModified":"2026-04-08T09:59:22+00:00","description":"Zylinderschloss mit reduziertem Riegel f\u00fcr Schubladen und T\u00fcren. Ideal f\u00fcr Holz- und Metallm\u00f6bel, ohne Schlie\u00dfbleche.","breadcrumb":{"@id":"https:\/\/www.omrserrature.it\/de\/produkt\/schloss-fuer-moebeltuer-oder-schublade-schlanker-riegel-achsabstand-30\/#breadcrumb"},"inLanguage":"de","potentialAction":[{"@type":"ReadAction","target":["https:\/\/www.omrserrature.it\/de\/produkt\/schloss-fuer-moebeltuer-oder-schublade-schlanker-riegel-achsabstand-30\/"]}]},{"@type":"ImageObject","inLanguage":"de","@id":"https:\/\/www.omrserrature.it\/de\/produkt\/schloss-fuer-moebeltuer-oder-schublade-schlanker-riegel-achsabstand-30\/#primaryimage","url":"https:\/\/www.omrserrature.it\/wp-content\/uploads\/2018\/02\/SPAL04237.jpg","contentUrl":"https:\/\/www.omrserrature.it\/wp-content\/uploads\/2018\/02\/SPAL04237.jpg","width":317,"height":257,"caption":"Zylinderschloss f\u00fcr M\u00f6belt\u00fcren oder Schubladen - reduzierter Riegel, Nutzl\u00e4ngen 30 - SPAL04237"},{"@type":"BreadcrumbList","@id":"https:\/\/www.omrserrature.it\/de\/produkt\/schloss-fuer-moebeltuer-oder-schublade-schlanker-riegel-achsabstand-30\/#breadcrumb","itemListElement":[{"@type":"ListItem","position":1,"name":"Home","item":"https:\/\/www.omrserrature.it\/de\/omr-serrature-sistemi-chiusura\/"},{"@type":"ListItem","position":2,"name":"Katalog","item":"https:\/\/www.omrserrature.it\/katalog\/?lang=de"},{"@type":"ListItem","position":3,"name":"Anwendungen","item":"https:\/\/www.omrserrature.it\/de\/katalog\/anwendungen\/"},{"@type":"ListItem","position":4,"name":"Schl\u00f6sser f\u00fcr M\u00f6bel","item":"https:\/\/www.omrserrature.it\/de\/katalog\/anwendungen\/schlosser-fur-mobel\/"},{"@type":"ListItem","position":5,"name":"M\u00f6belt\u00fcren","item":"https:\/\/www.omrserrature.it\/de\/katalog\/anwendungen\/schlosser-fur-mobel\/mobelturen\/"},{"@type":"ListItem","position":6,"name":"Fl\u00fcgelt\u00fcren","item":"https:\/\/www.omrserrature.it\/de\/katalog\/anwendungen\/schlosser-fur-mobel\/mobelturen\/flugelturen\/"},{"@type":"ListItem","position":7,"name":"Schloss f\u00fcr M\u00f6belt\u00fcr oder Schublade \u2013 Schlanker Riegel \u2013 Achsabstand 30"}]},{"@type":"WebSite","@id":"https:\/\/www.omrserrature.it\/de\/#website","url":"https:\/\/www.omrserrature.it\/de\/","name":"OMR Serrature | Produzione sistemi di chiusura","description":"Produzione serrature di sicurezza e sistemi di chiusura","publisher":{"@id":"https:\/\/www.omrserrature.it\/de\/#organization"},"potentialAction":[{"@type":"SearchAction","target":{"@type":"EntryPoint","urlTemplate":"https:\/\/www.omrserrature.it\/de\/?s={search_term_string}"},"query-input":{"@type":"PropertyValueSpecification","valueRequired":true,"valueName":"search_term_string"}}],"inLanguage":"de"},{"@type":"Organization","@id":"https:\/\/www.omrserrature.it\/de\/#organization","name":"OMR Serrature | Produzione sistemi di chiusura","url":"https:\/\/www.omrserrature.it\/de\/","logo":{"@type":"ImageObject","inLanguage":"de","@id":"https:\/\/www.omrserrature.it\/de\/#\/schema\/logo\/image\/","url":"https:\/\/www.omrserrature.it\/wp-content\/uploads\/2017\/09\/favicon-omr-114.png","contentUrl":"https:\/\/www.omrserrature.it\/wp-content\/uploads\/2017\/09\/favicon-omr-114.png","width":114,"height":114,"caption":"OMR Serrature | Produzione sistemi di chiusura"},"image":{"@id":"https:\/\/www.omrserrature.it\/de\/#\/schema\/logo\/image\/"},"sameAs":["https:\/\/www.facebook.com\/OMRserrature","https:\/\/www.linkedin.com\/company\/omrserrature\/","https:\/\/www.youtube.com\/channel\/UCxmA85z2R0EpG_6IRokiAkg"]}]}},"_links":{"self":[{"href":"https:\/\/www.omrserrature.it\/de\/wp-json\/wp\/v2\/product\/242796","targetHints":{"allow":["GET"]}}],"collection":[{"href":"https:\/\/www.omrserrature.it\/de\/wp-json\/wp\/v2\/product"}],"about":[{"href":"https:\/\/www.omrserrature.it\/de\/wp-json\/wp\/v2\/types\/product"}],"replies":[{"embeddable":true,"href":"https:\/\/www.omrserrature.it\/de\/wp-json\/wp\/v2\/comments?post=242796"}],"wp:featuredmedia":[{"embeddable":true,"href":"https:\/\/www.omrserrature.it\/de\/wp-json\/wp\/v2\/media\/8068"}],"wp:attachment":[{"href":"https:\/\/www.omrserrature.it\/de\/wp-json\/wp\/v2\/media?parent=242796"}],"wp:term":[{"taxonomy":"product_brand","embeddable":true,"href":"https:\/\/www.omrserrature.it\/de\/wp-json\/wp\/v2\/product_brand?post=242796"},{"taxonomy":"product_cat","embeddable":true,"href":"https:\/\/www.omrserrature.it\/de\/wp-json\/wp\/v2\/product_cat?post=242796"},{"taxonomy":"product_tag","embeddable":true,"href":"https:\/\/www.omrserrature.it\/de\/wp-json\/wp\/v2\/product_tag?post=242796"}],"curies":[{"name":"wp","href":"https:\/\/api.w.org\/{rel}","templated":true}]}}