{"id":242792,"date":"2018-02-15T11:15:39","date_gmt":"2015-02-18T10:15:00","guid":{"rendered":"https:\/\/www.staging6.omrserrature.it\/prodotto\/schloss-fuer-moebeltuer-oder-schublade-durchgehender-riegel-achsabstand-30-mm\/"},"modified":"2026-04-08T12:00:12","modified_gmt":"2026-04-08T10:00:12","slug":"schloss-fuer-moebeltuer-oder-schublade-durchgehender-riegel-achsabstand-30-mm","status":"publish","type":"product","link":"https:\/\/www.omrserrature.it\/de\/produkt\/schloss-fuer-moebeltuer-oder-schublade-durchgehender-riegel-achsabstand-30-mm\/","title":{"rendered":"Schloss f\u00fcr M\u00f6belt\u00fcr oder Schublade \u2013 Durchgehender Riegel \u2013 Achsabstand 30 mm"},"content":{"rendered":"<p>Das <strong>M\u00f6belzylinderschloss<\/strong> besteht aus einer Zinklegierung und hat einen runden Sockel, in dem ein <strong>Riegel oder ein durchgehender Riegel<\/strong> f\u00fcr ein beidh\u00e4ndiges Schloss <strong>gleitet<\/strong>, so dass der Riegel beim Drehen des Schl\u00fcssels von einer Seite des Schlosses auf die andere gelangt. Die Pl\u00e4ttchenzylinder-Technologie bietet eine f\u00fcr die Art der Anwendung angemessene Sicherheit. Der Zylinderkern mit den Pl\u00e4ttchen kann (in der entsprechenden Version) mittels des daf\u00fcr vorgesehenen Schl\u00fcssels ausgezogen werden, um die Schlie\u00dfung schnell zu \u00e4ndern.<\/p>\n<p>Der Zylinder und der Riegel sind in <strong>vielen L\u00e4ngen<\/strong> erh\u00e4ltlich; das erm\u00f6glicht die Installation auf mehrere Materialien (Holz, Metall, MDF, usw.) und in mehreren Positionen. Diese Version mit Riegel erm\u00f6glicht einen beidh\u00e4ndigen Abschluss, ohne dass bei der Montage zwischen rechten und linken Fl\u00fcgeln unterschieden werden muss.<\/p>\n<p>Es wird h\u00e4ufig in der Welt der Holz- und Metallm\u00f6bel verwendet, sowohl in B\u00fcro- als auch in Werkstattm\u00f6beln, und gilt als Schubladenschloss, obwohl es auch an T\u00fcren, Luken usw. angebracht werden kann. Durch die einfachen oder doppelten Rosetten kann das Schloss auch an M\u00f6belt\u00fcren aus Glas angebracht werden, z.B. in Vitrinen, Schauk\u00e4sten, Displays. Dank seiner einfachen Installation und seiner Dehnbarkeit kann es in Laborm\u00f6beln, Krankenh\u00e4usern und Museen sowie in Schlie\u00dff\u00e4chern eingesetzt werden. <\/p>\n<p><strong>* Wenn Sie alle verf\u00fcgbaren Varianten des Schlossk\u00f6rpers kennenlernen m\u00f6chten, schauen Sie bitte <a href=\"https:\/\/www.omrserrature.it\/de\/produkt\/schloss-fuer-moebeltuer-oder-schublade\/\" target=\"_blank\" rel=\"noopener\">auf der Seite der Grundmodelle<\/a> nach.<\/strong><\/p>\n","protected":false},"excerpt":{"rendered":"<p>Das<strong> M\u00f6belzylinderschloss<\/strong> besteht aus einer Zinklegierung und hat einen runden Sockel, in dem <strong>ein durchgehender Riegel (auch als Pfosten bezeichnet)<\/strong> f\u00fcr einen beidh\u00e4ndigen Abschluss gleitet, so dass der Riegel beim Drehen des Schl\u00fcssels von einer Seite des Schlosses zur anderen gelangt.<\/p>\n","protected":false},"featured_media":8054,"comment_status":"open","ping_status":"closed","template":"","meta":{"_acf_changed":false,"_et_pb_use_builder":"","_et_pb_old_content":"","_et_gb_content_width":""},"product_brand":[],"product_cat":[3765,3774,3876,3766,3796,3877,3771,3861,3828,3786,3832,3835,3866,3862,3869,3860],"product_tag":[],"class_list":{"0":"post-242792","1":"product","2":"type-product","3":"status-publish","4":"has-post-thumbnail","6":"product_cat-abschlusssysteme-fur-die-industrie","7":"product_cat-burogebaude","8":"product_cat-flugelturen","9":"product_cat-gros-und-einzelhandel","10":"product_cat-hauptschlussel-schlosser","11":"product_cat-klappe","12":"product_cat-messen-und-ausstellungen","13":"product_cat-mobelturen","14":"product_cat-professionelle-mobelschlosser","15":"product_cat-riegelschlosser","16":"product_cat-schlosser-fur-briefkasten","17":"product_cat-schlosser-fur-mobel","18":"product_cat-schlosser-fur-schilder","19":"product_cat-schlosser-fur-schubladen","20":"product_cat-schlosser-fur-vitrinen","21":"product_cat-turschlosser","23":"first","24":"instock","25":"shipping-taxable","26":"product-type-simple"},"acf":{"pdf1":"https:\/\/www.omrserrature.it\/wp-content\/uploads\/2018\/02\/Scheda_220300-SPAL04236.pdf"},"yoast_head":"<!-- This site is optimized with the Yoast SEO plugin v27.2 - https:\/\/yoast.com\/product\/yoast-seo-wordpress\/ -->\n<title>Riegel-M\u00f6bel-Zylinderschloss<\/title>\n<meta name=\"description\" content=\"Zylinderschloss mit Durchgangsriegel f\u00fcr Schubladen und M\u00f6bel. Beidh\u00e4ndiges Schloss, geeignet f\u00fcr Holz, Metall und Glas.\" \/>\n<meta name=\"robots\" content=\"index, follow, max-snippet:-1, max-image-preview:large, max-video-preview:-1\" \/>\n<link rel=\"canonical\" href=\"https:\/\/www.omrserrature.it\/de\/produkt\/schloss-fuer-moebeltuer-oder-schublade-durchgehender-riegel-achsabstand-30-mm\/\" \/>\n<meta property=\"og:locale\" content=\"de_DE\" \/>\n<meta property=\"og:type\" content=\"article\" \/>\n<meta property=\"og:title\" content=\"Riegel-M\u00f6bel-Zylinderschloss\" \/>\n<meta property=\"og:description\" content=\"Zylinderschloss mit Durchgangsriegel f\u00fcr Schubladen und M\u00f6bel. Beidh\u00e4ndiges Schloss, geeignet f\u00fcr Holz, Metall und Glas.\" \/>\n<meta property=\"og:url\" content=\"https:\/\/www.omrserrature.it\/de\/produkt\/schloss-fuer-moebeltuer-oder-schublade-durchgehender-riegel-achsabstand-30-mm\/\" \/>\n<meta property=\"og:site_name\" content=\"OMR Serrature | Produzione sistemi di chiusura\" \/>\n<meta property=\"article:publisher\" content=\"https:\/\/www.facebook.com\/OMRserrature\" \/>\n<meta property=\"article:modified_time\" content=\"2026-04-08T10:00:12+00:00\" \/>\n<meta property=\"og:image\" content=\"https:\/\/www.omrserrature.it\/wp-content\/uploads\/2018\/02\/SPAL04236.jpg\" \/>\n\t<meta property=\"og:image:width\" content=\"344\" \/>\n\t<meta property=\"og:image:height\" content=\"255\" \/>\n\t<meta property=\"og:image:type\" content=\"image\/jpeg\" \/>\n<meta name=\"twitter:card\" content=\"summary_large_image\" \/>\n<meta name=\"twitter:label1\" content=\"Gesch\u00e4tzte Lesezeit\" \/>\n\t<meta name=\"twitter:data1\" content=\"1\u00a0Minute\" \/>\n<script type=\"application\/ld+json\" class=\"yoast-schema-graph\">{\"@context\":\"https:\/\/schema.org\",\"@graph\":[{\"@type\":\"WebPage\",\"@id\":\"https:\/\/www.omrserrature.it\/de\/produkt\/schloss-fuer-moebeltuer-oder-schublade-durchgehender-riegel-achsabstand-30-mm\/\",\"url\":\"https:\/\/www.omrserrature.it\/de\/produkt\/schloss-fuer-moebeltuer-oder-schublade-durchgehender-riegel-achsabstand-30-mm\/\",\"name\":\"Riegel-M\u00f6bel-Zylinderschloss\",\"isPartOf\":{\"@id\":\"https:\/\/www.omrserrature.it\/de\/#website\"},\"primaryImageOfPage\":{\"@id\":\"https:\/\/www.omrserrature.it\/de\/produkt\/schloss-fuer-moebeltuer-oder-schublade-durchgehender-riegel-achsabstand-30-mm\/#primaryimage\"},\"image\":{\"@id\":\"https:\/\/www.omrserrature.it\/de\/produkt\/schloss-fuer-moebeltuer-oder-schublade-durchgehender-riegel-achsabstand-30-mm\/#primaryimage\"},\"thumbnailUrl\":\"https:\/\/www.omrserrature.it\/wp-content\/uploads\/2018\/02\/SPAL04236.jpg\",\"datePublished\":\"2015-02-18T10:15:00+00:00\",\"dateModified\":\"2026-04-08T10:00:12+00:00\",\"description\":\"Zylinderschloss mit Durchgangsriegel f\u00fcr Schubladen und M\u00f6bel. Beidh\u00e4ndiges Schloss, geeignet f\u00fcr Holz, Metall und Glas.\",\"breadcrumb\":{\"@id\":\"https:\/\/www.omrserrature.it\/de\/produkt\/schloss-fuer-moebeltuer-oder-schublade-durchgehender-riegel-achsabstand-30-mm\/#breadcrumb\"},\"inLanguage\":\"de\",\"potentialAction\":[{\"@type\":\"ReadAction\",\"target\":[\"https:\/\/www.omrserrature.it\/de\/produkt\/schloss-fuer-moebeltuer-oder-schublade-durchgehender-riegel-achsabstand-30-mm\/\"]}]},{\"@type\":\"ImageObject\",\"inLanguage\":\"de\",\"@id\":\"https:\/\/www.omrserrature.it\/de\/produkt\/schloss-fuer-moebeltuer-oder-schublade-durchgehender-riegel-achsabstand-30-mm\/#primaryimage\",\"url\":\"https:\/\/www.omrserrature.it\/wp-content\/uploads\/2018\/02\/SPAL04236.jpg\",\"contentUrl\":\"https:\/\/www.omrserrature.it\/wp-content\/uploads\/2018\/02\/SPAL04236.jpg\",\"width\":344,\"height\":255,\"caption\":\"Zylinderschloss f\u00fcr M\u00f6belt\u00fcr oder Schublade - durch Riegel - Nutzl\u00e4ngen 30 - SPAL04236\"},{\"@type\":\"BreadcrumbList\",\"@id\":\"https:\/\/www.omrserrature.it\/de\/produkt\/schloss-fuer-moebeltuer-oder-schublade-durchgehender-riegel-achsabstand-30-mm\/#breadcrumb\",\"itemListElement\":[{\"@type\":\"ListItem\",\"position\":1,\"name\":\"Home\",\"item\":\"https:\/\/www.omrserrature.it\/de\/omr-serrature-sistemi-chiusura\/\"},{\"@type\":\"ListItem\",\"position\":2,\"name\":\"Katalog\",\"item\":\"https:\/\/www.omrserrature.it\/katalog\/?lang=de\"},{\"@type\":\"ListItem\",\"position\":3,\"name\":\"Anwendungen\",\"item\":\"https:\/\/www.omrserrature.it\/de\/katalog\/anwendungen\/\"},{\"@type\":\"ListItem\",\"position\":4,\"name\":\"Schl\u00f6sser f\u00fcr M\u00f6bel\",\"item\":\"https:\/\/www.omrserrature.it\/de\/katalog\/anwendungen\/schlosser-fur-mobel\/\"},{\"@type\":\"ListItem\",\"position\":5,\"name\":\"M\u00f6belt\u00fcren\",\"item\":\"https:\/\/www.omrserrature.it\/de\/katalog\/anwendungen\/schlosser-fur-mobel\/mobelturen\/\"},{\"@type\":\"ListItem\",\"position\":6,\"name\":\"Fl\u00fcgelt\u00fcren\",\"item\":\"https:\/\/www.omrserrature.it\/de\/katalog\/anwendungen\/schlosser-fur-mobel\/mobelturen\/flugelturen\/\"},{\"@type\":\"ListItem\",\"position\":7,\"name\":\"Schloss f\u00fcr M\u00f6belt\u00fcr oder Schublade \u2013 Durchgehender Riegel \u2013 Achsabstand 30 mm\"}]},{\"@type\":\"WebSite\",\"@id\":\"https:\/\/www.omrserrature.it\/de\/#website\",\"url\":\"https:\/\/www.omrserrature.it\/de\/\",\"name\":\"OMR Serrature | Produzione sistemi di chiusura\",\"description\":\"Produzione serrature di sicurezza e sistemi di chiusura\",\"publisher\":{\"@id\":\"https:\/\/www.omrserrature.it\/de\/#organization\"},\"potentialAction\":[{\"@type\":\"SearchAction\",\"target\":{\"@type\":\"EntryPoint\",\"urlTemplate\":\"https:\/\/www.omrserrature.it\/de\/?s={search_term_string}\"},\"query-input\":{\"@type\":\"PropertyValueSpecification\",\"valueRequired\":true,\"valueName\":\"search_term_string\"}}],\"inLanguage\":\"de\"},{\"@type\":\"Organization\",\"@id\":\"https:\/\/www.omrserrature.it\/de\/#organization\",\"name\":\"OMR Serrature | Produzione sistemi di chiusura\",\"url\":\"https:\/\/www.omrserrature.it\/de\/\",\"logo\":{\"@type\":\"ImageObject\",\"inLanguage\":\"de\",\"@id\":\"https:\/\/www.omrserrature.it\/de\/#\/schema\/logo\/image\/\",\"url\":\"https:\/\/www.omrserrature.it\/wp-content\/uploads\/2017\/09\/favicon-omr-114.png\",\"contentUrl\":\"https:\/\/www.omrserrature.it\/wp-content\/uploads\/2017\/09\/favicon-omr-114.png\",\"width\":114,\"height\":114,\"caption\":\"OMR Serrature | Produzione sistemi di chiusura\"},\"image\":{\"@id\":\"https:\/\/www.omrserrature.it\/de\/#\/schema\/logo\/image\/\"},\"sameAs\":[\"https:\/\/www.facebook.com\/OMRserrature\",\"https:\/\/www.linkedin.com\/company\/omrserrature\/\",\"https:\/\/www.youtube.com\/channel\/UCxmA85z2R0EpG_6IRokiAkg\"]}]}<\/script>\n<!-- \/ Yoast SEO plugin. -->","yoast_head_json":{"title":"Riegel-M\u00f6bel-Zylinderschloss","description":"Zylinderschloss mit Durchgangsriegel f\u00fcr Schubladen und M\u00f6bel. Beidh\u00e4ndiges Schloss, geeignet f\u00fcr Holz, Metall und Glas.","robots":{"index":"index","follow":"follow","max-snippet":"max-snippet:-1","max-image-preview":"max-image-preview:large","max-video-preview":"max-video-preview:-1"},"canonical":"https:\/\/www.omrserrature.it\/de\/produkt\/schloss-fuer-moebeltuer-oder-schublade-durchgehender-riegel-achsabstand-30-mm\/","og_locale":"de_DE","og_type":"article","og_title":"Riegel-M\u00f6bel-Zylinderschloss","og_description":"Zylinderschloss mit Durchgangsriegel f\u00fcr Schubladen und M\u00f6bel. Beidh\u00e4ndiges Schloss, geeignet f\u00fcr Holz, Metall und Glas.","og_url":"https:\/\/www.omrserrature.it\/de\/produkt\/schloss-fuer-moebeltuer-oder-schublade-durchgehender-riegel-achsabstand-30-mm\/","og_site_name":"OMR Serrature | Produzione sistemi di chiusura","article_publisher":"https:\/\/www.facebook.com\/OMRserrature","article_modified_time":"2026-04-08T10:00:12+00:00","og_image":[{"width":344,"height":255,"url":"https:\/\/www.omrserrature.it\/wp-content\/uploads\/2018\/02\/SPAL04236.jpg","type":"image\/jpeg"}],"twitter_card":"summary_large_image","twitter_misc":{"Gesch\u00e4tzte Lesezeit":"1\u00a0Minute"},"schema":{"@context":"https:\/\/schema.org","@graph":[{"@type":"WebPage","@id":"https:\/\/www.omrserrature.it\/de\/produkt\/schloss-fuer-moebeltuer-oder-schublade-durchgehender-riegel-achsabstand-30-mm\/","url":"https:\/\/www.omrserrature.it\/de\/produkt\/schloss-fuer-moebeltuer-oder-schublade-durchgehender-riegel-achsabstand-30-mm\/","name":"Riegel-M\u00f6bel-Zylinderschloss","isPartOf":{"@id":"https:\/\/www.omrserrature.it\/de\/#website"},"primaryImageOfPage":{"@id":"https:\/\/www.omrserrature.it\/de\/produkt\/schloss-fuer-moebeltuer-oder-schublade-durchgehender-riegel-achsabstand-30-mm\/#primaryimage"},"image":{"@id":"https:\/\/www.omrserrature.it\/de\/produkt\/schloss-fuer-moebeltuer-oder-schublade-durchgehender-riegel-achsabstand-30-mm\/#primaryimage"},"thumbnailUrl":"https:\/\/www.omrserrature.it\/wp-content\/uploads\/2018\/02\/SPAL04236.jpg","datePublished":"2015-02-18T10:15:00+00:00","dateModified":"2026-04-08T10:00:12+00:00","description":"Zylinderschloss mit Durchgangsriegel f\u00fcr Schubladen und M\u00f6bel. Beidh\u00e4ndiges Schloss, geeignet f\u00fcr Holz, Metall und Glas.","breadcrumb":{"@id":"https:\/\/www.omrserrature.it\/de\/produkt\/schloss-fuer-moebeltuer-oder-schublade-durchgehender-riegel-achsabstand-30-mm\/#breadcrumb"},"inLanguage":"de","potentialAction":[{"@type":"ReadAction","target":["https:\/\/www.omrserrature.it\/de\/produkt\/schloss-fuer-moebeltuer-oder-schublade-durchgehender-riegel-achsabstand-30-mm\/"]}]},{"@type":"ImageObject","inLanguage":"de","@id":"https:\/\/www.omrserrature.it\/de\/produkt\/schloss-fuer-moebeltuer-oder-schublade-durchgehender-riegel-achsabstand-30-mm\/#primaryimage","url":"https:\/\/www.omrserrature.it\/wp-content\/uploads\/2018\/02\/SPAL04236.jpg","contentUrl":"https:\/\/www.omrserrature.it\/wp-content\/uploads\/2018\/02\/SPAL04236.jpg","width":344,"height":255,"caption":"Zylinderschloss f\u00fcr M\u00f6belt\u00fcr oder Schublade - durch Riegel - Nutzl\u00e4ngen 30 - SPAL04236"},{"@type":"BreadcrumbList","@id":"https:\/\/www.omrserrature.it\/de\/produkt\/schloss-fuer-moebeltuer-oder-schublade-durchgehender-riegel-achsabstand-30-mm\/#breadcrumb","itemListElement":[{"@type":"ListItem","position":1,"name":"Home","item":"https:\/\/www.omrserrature.it\/de\/omr-serrature-sistemi-chiusura\/"},{"@type":"ListItem","position":2,"name":"Katalog","item":"https:\/\/www.omrserrature.it\/katalog\/?lang=de"},{"@type":"ListItem","position":3,"name":"Anwendungen","item":"https:\/\/www.omrserrature.it\/de\/katalog\/anwendungen\/"},{"@type":"ListItem","position":4,"name":"Schl\u00f6sser f\u00fcr M\u00f6bel","item":"https:\/\/www.omrserrature.it\/de\/katalog\/anwendungen\/schlosser-fur-mobel\/"},{"@type":"ListItem","position":5,"name":"M\u00f6belt\u00fcren","item":"https:\/\/www.omrserrature.it\/de\/katalog\/anwendungen\/schlosser-fur-mobel\/mobelturen\/"},{"@type":"ListItem","position":6,"name":"Fl\u00fcgelt\u00fcren","item":"https:\/\/www.omrserrature.it\/de\/katalog\/anwendungen\/schlosser-fur-mobel\/mobelturen\/flugelturen\/"},{"@type":"ListItem","position":7,"name":"Schloss f\u00fcr M\u00f6belt\u00fcr oder Schublade \u2013 Durchgehender Riegel \u2013 Achsabstand 30 mm"}]},{"@type":"WebSite","@id":"https:\/\/www.omrserrature.it\/de\/#website","url":"https:\/\/www.omrserrature.it\/de\/","name":"OMR Serrature | Produzione sistemi di chiusura","description":"Produzione serrature di sicurezza e sistemi di chiusura","publisher":{"@id":"https:\/\/www.omrserrature.it\/de\/#organization"},"potentialAction":[{"@type":"SearchAction","target":{"@type":"EntryPoint","urlTemplate":"https:\/\/www.omrserrature.it\/de\/?s={search_term_string}"},"query-input":{"@type":"PropertyValueSpecification","valueRequired":true,"valueName":"search_term_string"}}],"inLanguage":"de"},{"@type":"Organization","@id":"https:\/\/www.omrserrature.it\/de\/#organization","name":"OMR Serrature | Produzione sistemi di chiusura","url":"https:\/\/www.omrserrature.it\/de\/","logo":{"@type":"ImageObject","inLanguage":"de","@id":"https:\/\/www.omrserrature.it\/de\/#\/schema\/logo\/image\/","url":"https:\/\/www.omrserrature.it\/wp-content\/uploads\/2017\/09\/favicon-omr-114.png","contentUrl":"https:\/\/www.omrserrature.it\/wp-content\/uploads\/2017\/09\/favicon-omr-114.png","width":114,"height":114,"caption":"OMR Serrature | Produzione sistemi di chiusura"},"image":{"@id":"https:\/\/www.omrserrature.it\/de\/#\/schema\/logo\/image\/"},"sameAs":["https:\/\/www.facebook.com\/OMRserrature","https:\/\/www.linkedin.com\/company\/omrserrature\/","https:\/\/www.youtube.com\/channel\/UCxmA85z2R0EpG_6IRokiAkg"]}]}},"_links":{"self":[{"href":"https:\/\/www.omrserrature.it\/de\/wp-json\/wp\/v2\/product\/242792","targetHints":{"allow":["GET"]}}],"collection":[{"href":"https:\/\/www.omrserrature.it\/de\/wp-json\/wp\/v2\/product"}],"about":[{"href":"https:\/\/www.omrserrature.it\/de\/wp-json\/wp\/v2\/types\/product"}],"replies":[{"embeddable":true,"href":"https:\/\/www.omrserrature.it\/de\/wp-json\/wp\/v2\/comments?post=242792"}],"wp:featuredmedia":[{"embeddable":true,"href":"https:\/\/www.omrserrature.it\/de\/wp-json\/wp\/v2\/media\/8054"}],"wp:attachment":[{"href":"https:\/\/www.omrserrature.it\/de\/wp-json\/wp\/v2\/media?parent=242792"}],"wp:term":[{"taxonomy":"product_brand","embeddable":true,"href":"https:\/\/www.omrserrature.it\/de\/wp-json\/wp\/v2\/product_brand?post=242792"},{"taxonomy":"product_cat","embeddable":true,"href":"https:\/\/www.omrserrature.it\/de\/wp-json\/wp\/v2\/product_cat?post=242792"},{"taxonomy":"product_tag","embeddable":true,"href":"https:\/\/www.omrserrature.it\/de\/wp-json\/wp\/v2\/product_tag?post=242792"}],"curies":[{"name":"wp","href":"https:\/\/api.w.org\/{rel}","templated":true}]}}