{"id":242787,"date":"2019-03-28T17:22:59","date_gmt":"2024-03-19T16:22:00","guid":{"rendered":"https:\/\/www.staging6.omrserrature.it\/prodotto\/moebeltuer-oder-schubladenschloss-nutzlaengen-40-gekroepft-5-mm\/"},"modified":"2026-04-08T11:34:09","modified_gmt":"2026-04-08T09:34:09","slug":"moebeltuer-oder-schubladenschloss-nutzlaengen-40-gekroepft-5-mm","status":"publish","type":"product","link":"https:\/\/www.omrserrature.it\/de\/produkt\/moebeltuer-oder-schubladenschloss-nutzlaengen-40-gekroepft-5-mm\/","title":{"rendered":"M\u00f6belt\u00fcr- oder Schubladenschloss &#8211; Nutzl\u00e4ngen 40 Kr\u00f6pfung 5"},"content":{"rendered":"<p>Das <strong>M\u00f6belzylinderschloss<\/strong> ist aus einer Zinklegierung gefertigt und besteht aus einer runden Grundplatte, in der ein Riegel oder eine Riegelstange gleitet, in diesem Fall mit einer <strong>5 mm Kr\u00f6pfung<\/strong>. Die Technik des Pl\u00e4ttchenzylinders bietet eine angemessene Sicherheit f\u00fcr die Anwendung.  Der Zylinderkern mit den Pl\u00e4ttchen kann (in der entsprechenden Version) mittels des daf\u00fcr vorgesehenen Schl\u00fcssels ausgezogen werden, um die Schlie\u00dfung schnell zu \u00e4ndern.<\/p>\n<p>Sowohl die L\u00e4nge des Zylinders als auch die L\u00e4nge des Riegels sind <strong>unterschiedlich gro\u00df (siehe Basismodell mit Standardpfosten)<\/strong>; dies erm\u00f6glicht die Installation auf verschiedenen Materialien (Holz, Metall, MDF, etc.) und in verschiedenen Positionen. Die Version mit reduziertem Riegel, mit abgeschnittenem Ende, erm\u00f6glicht das Schlie\u00dfen des Schlosses durch ein Loch in der Seite der M\u00f6belt\u00fcr. <\/p>\n<p>Je nach Position des Riegels kann er entweder <strong>an T\u00fcren<\/strong> oder <strong>Schubladen<\/strong> angebracht werden. Das Kastenschloss wird \u00fcblicherweise bei Holz- und Metallm\u00f6beln verwendet, seien sie B\u00fcrom\u00f6bel oder Werkstattm\u00f6bel. Die ein- oder zweifl\u00fcgeligen Rosetten erm\u00f6glichen den Einbau des Schlosses an M\u00f6belt\u00fcren aus Glas, z. B. in Vitrinen, Schauk\u00e4sten. Dank seiner einfachen Installation und Verformbarkeit kann es in Laborm\u00f6beln, Krankenh\u00e4usern und Museen, aber auch in Automaten oder Schlie\u00dff\u00e4chern eingesetzt werden.<\/p>\n<p><strong>*Wenn Sie alle verf\u00fcgbaren Varianten des Schlossk\u00f6rpers kennenlernen m\u00f6chten, schauen Sie bitte <a href=\"https:\/\/www.omrserrature.it\/de\/produkt\/schloss-fuer-moebeltuer-oder-schublade\/\" target=\"_blank\" rel=\"noopener\">auf der Seite der Grundmodelle<\/a> nach.<\/strong><\/p>\n","protected":false},"excerpt":{"rendered":"<p>Das <strong>Zylinderschloss f\u00fcr M\u00f6bel<\/strong> besteht aus einer Zinklegierung. Es besteht aus einer runden Grundplatte, in der ein Riegel oder eine Kr\u00f6pfung gleitet. Sowohl die L\u00e4nge des Zylinders als auch die L\u00e4nge des Riegels sind in <strong>verschiedenen Gr\u00f6\u00dfen<\/strong> erh\u00e4ltlich. Dies erm\u00f6glicht die Installation auf verschiedenen Materialien (Holz, Metall, MDF, etc.) und in verschiedenen Positionen. <\/p>\n","protected":false},"featured_media":18169,"comment_status":"open","ping_status":"closed","template":"","meta":{"_acf_changed":false,"_et_pb_use_builder":"","_et_pb_old_content":"","_et_gb_content_width":""},"product_brand":[],"product_cat":[3765,3774,3876,3766,3796,3877,3771,3861,3828,3786,3832,3835,3866,3862,3860],"product_tag":[],"class_list":{"0":"post-242787","1":"product","2":"type-product","3":"status-publish","4":"has-post-thumbnail","6":"product_cat-abschlusssysteme-fur-die-industrie","7":"product_cat-burogebaude","8":"product_cat-flugelturen","9":"product_cat-gros-und-einzelhandel","10":"product_cat-hauptschlussel-schlosser","11":"product_cat-klappe","12":"product_cat-messen-und-ausstellungen","13":"product_cat-mobelturen","14":"product_cat-professionelle-mobelschlosser","15":"product_cat-riegelschlosser","16":"product_cat-schlosser-fur-briefkasten","17":"product_cat-schlosser-fur-mobel","18":"product_cat-schlosser-fur-schilder","19":"product_cat-schlosser-fur-schubladen","20":"product_cat-turschlosser","22":"first","23":"instock","24":"shipping-taxable","25":"product-type-simple"},"acf":{"pdf1":"https:\/\/www.omrserrature.it\/wp-content\/uploads\/2019\/03\/Scheda_220300_SPAL04714.pdf"},"yoast_head":"<!-- This site is optimized with the Yoast SEO plugin v27.2 - https:\/\/yoast.com\/product\/yoast-seo-wordpress\/ -->\n<title>M\u00f6belt\u00fcr- oder Schubladenschloss - Nutzl\u00e4ngen 40 Kr\u00f6pfung 5 - OMR Serrature<\/title>\n<meta name=\"robots\" content=\"index, follow, max-snippet:-1, max-image-preview:large, max-video-preview:-1\" \/>\n<link rel=\"canonical\" href=\"https:\/\/www.omrserrature.it\/de\/produkt\/moebeltuer-oder-schubladenschloss-nutzlaengen-40-gekroepft-5-mm\/\" \/>\n<meta property=\"og:locale\" content=\"de_DE\" \/>\n<meta property=\"og:type\" content=\"article\" \/>\n<meta property=\"og:title\" content=\"M\u00f6belt\u00fcr- oder Schubladenschloss - Nutzl\u00e4ngen 40 Kr\u00f6pfung 5 - OMR Serrature\" \/>\n<meta property=\"og:description\" content=\"Das Zylinderschloss f\u00fcr M\u00f6bel besteht aus einer Zinklegierung. Es besteht aus einer runden Grundplatte, in der ein Riegel oder eine Kr\u00f6pfung gleitet. Sowohl die L\u00e4nge des Zylinders als auch die L\u00e4nge des Riegels sind in verschiedenen Gr\u00f6\u00dfen erh\u00e4ltlich. Dies erm\u00f6glicht die Installation auf verschiedenen Materialien (Holz, Metall, MDF, etc.) und in verschiedenen Positionen.\" \/>\n<meta property=\"og:url\" content=\"https:\/\/www.omrserrature.it\/de\/produkt\/moebeltuer-oder-schubladenschloss-nutzlaengen-40-gekroepft-5-mm\/\" \/>\n<meta property=\"og:site_name\" content=\"OMR Serrature | Produzione sistemi di chiusura\" \/>\n<meta property=\"article:publisher\" content=\"https:\/\/www.facebook.com\/OMRserrature\" \/>\n<meta property=\"article:modified_time\" content=\"2026-04-08T09:34:09+00:00\" \/>\n<meta property=\"og:image\" content=\"https:\/\/www.omrserrature.it\/wp-content\/uploads\/2019\/03\/OMR-Serratura-anta-cassetto-paletto-int-40-piego-5.png\" \/>\n\t<meta property=\"og:image:width\" content=\"600\" \/>\n\t<meta property=\"og:image:height\" content=\"600\" \/>\n\t<meta property=\"og:image:type\" content=\"image\/png\" \/>\n<meta name=\"twitter:card\" content=\"summary_large_image\" \/>\n<meta name=\"twitter:label1\" content=\"Gesch\u00e4tzte Lesezeit\" \/>\n\t<meta name=\"twitter:data1\" content=\"1\u00a0Minute\" \/>\n<script type=\"application\/ld+json\" class=\"yoast-schema-graph\">{\"@context\":\"https:\/\/schema.org\",\"@graph\":[{\"@type\":\"WebPage\",\"@id\":\"https:\/\/www.omrserrature.it\/de\/produkt\/moebeltuer-oder-schubladenschloss-nutzlaengen-40-gekroepft-5-mm\/\",\"url\":\"https:\/\/www.omrserrature.it\/de\/produkt\/moebeltuer-oder-schubladenschloss-nutzlaengen-40-gekroepft-5-mm\/\",\"name\":\"M\u00f6belt\u00fcr- oder Schubladenschloss - Nutzl\u00e4ngen 40 Kr\u00f6pfung 5 - OMR Serrature\",\"isPartOf\":{\"@id\":\"https:\/\/www.omrserrature.it\/de\/#website\"},\"primaryImageOfPage\":{\"@id\":\"https:\/\/www.omrserrature.it\/de\/produkt\/moebeltuer-oder-schubladenschloss-nutzlaengen-40-gekroepft-5-mm\/#primaryimage\"},\"image\":{\"@id\":\"https:\/\/www.omrserrature.it\/de\/produkt\/moebeltuer-oder-schubladenschloss-nutzlaengen-40-gekroepft-5-mm\/#primaryimage\"},\"thumbnailUrl\":\"https:\/\/www.omrserrature.it\/wp-content\/uploads\/2019\/03\/OMR-Serratura-anta-cassetto-paletto-int-40-piego-5.png\",\"datePublished\":\"2024-03-19T16:22:00+00:00\",\"dateModified\":\"2026-04-08T09:34:09+00:00\",\"breadcrumb\":{\"@id\":\"https:\/\/www.omrserrature.it\/de\/produkt\/moebeltuer-oder-schubladenschloss-nutzlaengen-40-gekroepft-5-mm\/#breadcrumb\"},\"inLanguage\":\"de\",\"potentialAction\":[{\"@type\":\"ReadAction\",\"target\":[\"https:\/\/www.omrserrature.it\/de\/produkt\/moebeltuer-oder-schubladenschloss-nutzlaengen-40-gekroepft-5-mm\/\"]}]},{\"@type\":\"ImageObject\",\"inLanguage\":\"de\",\"@id\":\"https:\/\/www.omrserrature.it\/de\/produkt\/moebeltuer-oder-schubladenschloss-nutzlaengen-40-gekroepft-5-mm\/#primaryimage\",\"url\":\"https:\/\/www.omrserrature.it\/wp-content\/uploads\/2019\/03\/OMR-Serratura-anta-cassetto-paletto-int-40-piego-5.png\",\"contentUrl\":\"https:\/\/www.omrserrature.it\/wp-content\/uploads\/2019\/03\/OMR-Serratura-anta-cassetto-paletto-int-40-piego-5.png\",\"width\":600,\"height\":600,\"caption\":\"M\u00f6belt\u00fcr- oder Schubladenschloss - Nutzl\u00e4ngen 40 Kr\u00f6pfung 5\"},{\"@type\":\"BreadcrumbList\",\"@id\":\"https:\/\/www.omrserrature.it\/de\/produkt\/moebeltuer-oder-schubladenschloss-nutzlaengen-40-gekroepft-5-mm\/#breadcrumb\",\"itemListElement\":[{\"@type\":\"ListItem\",\"position\":1,\"name\":\"Home\",\"item\":\"https:\/\/www.omrserrature.it\/de\/omr-serrature-sistemi-chiusura\/\"},{\"@type\":\"ListItem\",\"position\":2,\"name\":\"Katalog\",\"item\":\"https:\/\/www.omrserrature.it\/katalog\/?lang=de\"},{\"@type\":\"ListItem\",\"position\":3,\"name\":\"Anwendungen\",\"item\":\"https:\/\/www.omrserrature.it\/de\/katalog\/anwendungen\/\"},{\"@type\":\"ListItem\",\"position\":4,\"name\":\"Schl\u00f6sser f\u00fcr M\u00f6bel\",\"item\":\"https:\/\/www.omrserrature.it\/de\/katalog\/anwendungen\/schlosser-fur-mobel\/\"},{\"@type\":\"ListItem\",\"position\":5,\"name\":\"M\u00f6belt\u00fcren\",\"item\":\"https:\/\/www.omrserrature.it\/de\/katalog\/anwendungen\/schlosser-fur-mobel\/mobelturen\/\"},{\"@type\":\"ListItem\",\"position\":6,\"name\":\"Fl\u00fcgelt\u00fcren\",\"item\":\"https:\/\/www.omrserrature.it\/de\/katalog\/anwendungen\/schlosser-fur-mobel\/mobelturen\/flugelturen\/\"},{\"@type\":\"ListItem\",\"position\":7,\"name\":\"M\u00f6belt\u00fcr- oder Schubladenschloss &#8211; Nutzl\u00e4ngen 40 Kr\u00f6pfung 5\"}]},{\"@type\":\"WebSite\",\"@id\":\"https:\/\/www.omrserrature.it\/de\/#website\",\"url\":\"https:\/\/www.omrserrature.it\/de\/\",\"name\":\"OMR Serrature | Produzione sistemi di chiusura\",\"description\":\"Produzione serrature di sicurezza e sistemi di chiusura\",\"publisher\":{\"@id\":\"https:\/\/www.omrserrature.it\/de\/#organization\"},\"potentialAction\":[{\"@type\":\"SearchAction\",\"target\":{\"@type\":\"EntryPoint\",\"urlTemplate\":\"https:\/\/www.omrserrature.it\/de\/?s={search_term_string}\"},\"query-input\":{\"@type\":\"PropertyValueSpecification\",\"valueRequired\":true,\"valueName\":\"search_term_string\"}}],\"inLanguage\":\"de\"},{\"@type\":\"Organization\",\"@id\":\"https:\/\/www.omrserrature.it\/de\/#organization\",\"name\":\"OMR Serrature | Produzione sistemi di chiusura\",\"url\":\"https:\/\/www.omrserrature.it\/de\/\",\"logo\":{\"@type\":\"ImageObject\",\"inLanguage\":\"de\",\"@id\":\"https:\/\/www.omrserrature.it\/de\/#\/schema\/logo\/image\/\",\"url\":\"https:\/\/www.omrserrature.it\/wp-content\/uploads\/2017\/09\/favicon-omr-114.png\",\"contentUrl\":\"https:\/\/www.omrserrature.it\/wp-content\/uploads\/2017\/09\/favicon-omr-114.png\",\"width\":114,\"height\":114,\"caption\":\"OMR Serrature | Produzione sistemi di chiusura\"},\"image\":{\"@id\":\"https:\/\/www.omrserrature.it\/de\/#\/schema\/logo\/image\/\"},\"sameAs\":[\"https:\/\/www.facebook.com\/OMRserrature\",\"https:\/\/www.linkedin.com\/company\/omrserrature\/\",\"https:\/\/www.youtube.com\/channel\/UCxmA85z2R0EpG_6IRokiAkg\"]}]}<\/script>\n<!-- \/ Yoast SEO plugin. -->","yoast_head_json":{"title":"M\u00f6belt\u00fcr- oder Schubladenschloss - Nutzl\u00e4ngen 40 Kr\u00f6pfung 5 - OMR Serrature","robots":{"index":"index","follow":"follow","max-snippet":"max-snippet:-1","max-image-preview":"max-image-preview:large","max-video-preview":"max-video-preview:-1"},"canonical":"https:\/\/www.omrserrature.it\/de\/produkt\/moebeltuer-oder-schubladenschloss-nutzlaengen-40-gekroepft-5-mm\/","og_locale":"de_DE","og_type":"article","og_title":"M\u00f6belt\u00fcr- oder Schubladenschloss - Nutzl\u00e4ngen 40 Kr\u00f6pfung 5 - OMR Serrature","og_description":"Das Zylinderschloss f\u00fcr M\u00f6bel besteht aus einer Zinklegierung. Es besteht aus einer runden Grundplatte, in der ein Riegel oder eine Kr\u00f6pfung gleitet. Sowohl die L\u00e4nge des Zylinders als auch die L\u00e4nge des Riegels sind in verschiedenen Gr\u00f6\u00dfen erh\u00e4ltlich. Dies erm\u00f6glicht die Installation auf verschiedenen Materialien (Holz, Metall, MDF, etc.) und in verschiedenen Positionen.","og_url":"https:\/\/www.omrserrature.it\/de\/produkt\/moebeltuer-oder-schubladenschloss-nutzlaengen-40-gekroepft-5-mm\/","og_site_name":"OMR Serrature | Produzione sistemi di chiusura","article_publisher":"https:\/\/www.facebook.com\/OMRserrature","article_modified_time":"2026-04-08T09:34:09+00:00","og_image":[{"width":600,"height":600,"url":"https:\/\/www.omrserrature.it\/wp-content\/uploads\/2019\/03\/OMR-Serratura-anta-cassetto-paletto-int-40-piego-5.png","type":"image\/png"}],"twitter_card":"summary_large_image","twitter_misc":{"Gesch\u00e4tzte Lesezeit":"1\u00a0Minute"},"schema":{"@context":"https:\/\/schema.org","@graph":[{"@type":"WebPage","@id":"https:\/\/www.omrserrature.it\/de\/produkt\/moebeltuer-oder-schubladenschloss-nutzlaengen-40-gekroepft-5-mm\/","url":"https:\/\/www.omrserrature.it\/de\/produkt\/moebeltuer-oder-schubladenschloss-nutzlaengen-40-gekroepft-5-mm\/","name":"M\u00f6belt\u00fcr- oder Schubladenschloss - Nutzl\u00e4ngen 40 Kr\u00f6pfung 5 - OMR Serrature","isPartOf":{"@id":"https:\/\/www.omrserrature.it\/de\/#website"},"primaryImageOfPage":{"@id":"https:\/\/www.omrserrature.it\/de\/produkt\/moebeltuer-oder-schubladenschloss-nutzlaengen-40-gekroepft-5-mm\/#primaryimage"},"image":{"@id":"https:\/\/www.omrserrature.it\/de\/produkt\/moebeltuer-oder-schubladenschloss-nutzlaengen-40-gekroepft-5-mm\/#primaryimage"},"thumbnailUrl":"https:\/\/www.omrserrature.it\/wp-content\/uploads\/2019\/03\/OMR-Serratura-anta-cassetto-paletto-int-40-piego-5.png","datePublished":"2024-03-19T16:22:00+00:00","dateModified":"2026-04-08T09:34:09+00:00","breadcrumb":{"@id":"https:\/\/www.omrserrature.it\/de\/produkt\/moebeltuer-oder-schubladenschloss-nutzlaengen-40-gekroepft-5-mm\/#breadcrumb"},"inLanguage":"de","potentialAction":[{"@type":"ReadAction","target":["https:\/\/www.omrserrature.it\/de\/produkt\/moebeltuer-oder-schubladenschloss-nutzlaengen-40-gekroepft-5-mm\/"]}]},{"@type":"ImageObject","inLanguage":"de","@id":"https:\/\/www.omrserrature.it\/de\/produkt\/moebeltuer-oder-schubladenschloss-nutzlaengen-40-gekroepft-5-mm\/#primaryimage","url":"https:\/\/www.omrserrature.it\/wp-content\/uploads\/2019\/03\/OMR-Serratura-anta-cassetto-paletto-int-40-piego-5.png","contentUrl":"https:\/\/www.omrserrature.it\/wp-content\/uploads\/2019\/03\/OMR-Serratura-anta-cassetto-paletto-int-40-piego-5.png","width":600,"height":600,"caption":"M\u00f6belt\u00fcr- oder Schubladenschloss - Nutzl\u00e4ngen 40 Kr\u00f6pfung 5"},{"@type":"BreadcrumbList","@id":"https:\/\/www.omrserrature.it\/de\/produkt\/moebeltuer-oder-schubladenschloss-nutzlaengen-40-gekroepft-5-mm\/#breadcrumb","itemListElement":[{"@type":"ListItem","position":1,"name":"Home","item":"https:\/\/www.omrserrature.it\/de\/omr-serrature-sistemi-chiusura\/"},{"@type":"ListItem","position":2,"name":"Katalog","item":"https:\/\/www.omrserrature.it\/katalog\/?lang=de"},{"@type":"ListItem","position":3,"name":"Anwendungen","item":"https:\/\/www.omrserrature.it\/de\/katalog\/anwendungen\/"},{"@type":"ListItem","position":4,"name":"Schl\u00f6sser f\u00fcr M\u00f6bel","item":"https:\/\/www.omrserrature.it\/de\/katalog\/anwendungen\/schlosser-fur-mobel\/"},{"@type":"ListItem","position":5,"name":"M\u00f6belt\u00fcren","item":"https:\/\/www.omrserrature.it\/de\/katalog\/anwendungen\/schlosser-fur-mobel\/mobelturen\/"},{"@type":"ListItem","position":6,"name":"Fl\u00fcgelt\u00fcren","item":"https:\/\/www.omrserrature.it\/de\/katalog\/anwendungen\/schlosser-fur-mobel\/mobelturen\/flugelturen\/"},{"@type":"ListItem","position":7,"name":"M\u00f6belt\u00fcr- oder Schubladenschloss &#8211; Nutzl\u00e4ngen 40 Kr\u00f6pfung 5"}]},{"@type":"WebSite","@id":"https:\/\/www.omrserrature.it\/de\/#website","url":"https:\/\/www.omrserrature.it\/de\/","name":"OMR Serrature | Produzione sistemi di chiusura","description":"Produzione serrature di sicurezza e sistemi di chiusura","publisher":{"@id":"https:\/\/www.omrserrature.it\/de\/#organization"},"potentialAction":[{"@type":"SearchAction","target":{"@type":"EntryPoint","urlTemplate":"https:\/\/www.omrserrature.it\/de\/?s={search_term_string}"},"query-input":{"@type":"PropertyValueSpecification","valueRequired":true,"valueName":"search_term_string"}}],"inLanguage":"de"},{"@type":"Organization","@id":"https:\/\/www.omrserrature.it\/de\/#organization","name":"OMR Serrature | Produzione sistemi di chiusura","url":"https:\/\/www.omrserrature.it\/de\/","logo":{"@type":"ImageObject","inLanguage":"de","@id":"https:\/\/www.omrserrature.it\/de\/#\/schema\/logo\/image\/","url":"https:\/\/www.omrserrature.it\/wp-content\/uploads\/2017\/09\/favicon-omr-114.png","contentUrl":"https:\/\/www.omrserrature.it\/wp-content\/uploads\/2017\/09\/favicon-omr-114.png","width":114,"height":114,"caption":"OMR Serrature | Produzione sistemi di chiusura"},"image":{"@id":"https:\/\/www.omrserrature.it\/de\/#\/schema\/logo\/image\/"},"sameAs":["https:\/\/www.facebook.com\/OMRserrature","https:\/\/www.linkedin.com\/company\/omrserrature\/","https:\/\/www.youtube.com\/channel\/UCxmA85z2R0EpG_6IRokiAkg"]}]}},"_links":{"self":[{"href":"https:\/\/www.omrserrature.it\/de\/wp-json\/wp\/v2\/product\/242787","targetHints":{"allow":["GET"]}}],"collection":[{"href":"https:\/\/www.omrserrature.it\/de\/wp-json\/wp\/v2\/product"}],"about":[{"href":"https:\/\/www.omrserrature.it\/de\/wp-json\/wp\/v2\/types\/product"}],"replies":[{"embeddable":true,"href":"https:\/\/www.omrserrature.it\/de\/wp-json\/wp\/v2\/comments?post=242787"}],"wp:featuredmedia":[{"embeddable":true,"href":"https:\/\/www.omrserrature.it\/de\/wp-json\/wp\/v2\/media\/18169"}],"wp:attachment":[{"href":"https:\/\/www.omrserrature.it\/de\/wp-json\/wp\/v2\/media?parent=242787"}],"wp:term":[{"taxonomy":"product_brand","embeddable":true,"href":"https:\/\/www.omrserrature.it\/de\/wp-json\/wp\/v2\/product_brand?post=242787"},{"taxonomy":"product_cat","embeddable":true,"href":"https:\/\/www.omrserrature.it\/de\/wp-json\/wp\/v2\/product_cat?post=242787"},{"taxonomy":"product_tag","embeddable":true,"href":"https:\/\/www.omrserrature.it\/de\/wp-json\/wp\/v2\/product_tag?post=242787"}],"curies":[{"name":"wp","href":"https:\/\/api.w.org\/{rel}","templated":true}]}}