{"id":242779,"date":"2018-02-15T11:56:39","date_gmt":"2015-02-18T10:56:00","guid":{"rendered":"https:\/\/www.staging6.omrserrature.it\/prodotto\/schloss-fuer-moebeltuer-oder-schublade-langer-riegel\/"},"modified":"2026-04-08T12:00:14","modified_gmt":"2026-04-08T10:00:14","slug":"schloss-fuer-moebeltuer-oder-schublade-langer-riegel","status":"publish","type":"product","link":"https:\/\/www.omrserrature.it\/de\/produkt\/schloss-fuer-moebeltuer-oder-schublade-langer-riegel\/","title":{"rendered":"Schloss f\u00fcr M\u00f6belt\u00fcr oder Schublade \u2013 langer Riegel"},"content":{"rendered":"<p>Das <strong>M\u00f6belzylinderschloss<\/strong> ist aus einer Zinklegierung gefertigt und besteht aus einer runden Basis, in der ein <strong>Riegel oder Riegelstange<\/strong> gleitet, die in diesem Fall <strong>l\u00e4nger<\/strong> ist <strong>(40 mm\/53 mm)<\/strong> als der Standard. Die Pl\u00e4ttchenzylinder-Technologie bietet ein der Art der Anwendung entsprechendes Sicherheitsniveau. In der Version mit abnehmbarem Kern kann der Zylinder, der die Platten enth\u00e4lt, mit einem speziellen Abziehschl\u00fcssel entfernt werden, so dass die Kombination schnell ge\u00e4ndert werden kann. <\/p>\n<p>Der Zylinder und der Riegel sind in vielen L\u00e4ngen erh\u00e4ltlich; das erm\u00f6glicht die <strong>Installation auf mehrere Materialien (Holz, Metall, MDF, usw.)<\/strong> und in mehreren Positionen. Das Modell mit verkleinertem Riegel erfordert ein Loch auf der T\u00fcrseite zum Schlie\u00dfen. <\/p>\n<p>Je nach Position des Riegels kann er <strong>an T\u00fcren<\/strong> und <strong>Schubladen<\/strong> angebracht werden. Es wird \u00fcblicherweise bei Holz- und Metallm\u00f6beln verwendet, sowohl B\u00fcrom\u00f6bel als auch Werkstattm\u00f6bel. Mit den einfachen oder doppelten Rosetten kann das Schloss an M\u00f6belt\u00fcren aus Glas angebracht werden, z.B. in Vitrinen, Schauk\u00e4sten und Displays. Dank der einfachen Installation und der Dehnbarkeit kann es in Laborm\u00f6beln, Krankenh\u00e4usern und Museen sowie in Schlie\u00dff\u00e4chern eingesetzt werden. <\/p>\n<p><strong><a href=\"https:\/\/www.omrserrature.it\/de\/produkt\/schloss-fuer-moebeltuer-oder-schublade\/\" target=\"_blank\" rel=\"noopener\">Auf der Seite mit den Grundmodellen<\/a> finden Sie alle verf\u00fcgbaren Varianten des Schlosses.<\/strong><\/p>\n","protected":false},"excerpt":{"rendered":"<p>Das <strong>M\u00f6belzylinderschloss<\/strong> ist aus einer Zinklegierung gefertigt und besteht aus einer runden Basis, in der ein <strong>Riegel oder Riegelstange<\/strong> gleitet, die in diesem Fall <strong>l\u00e4nger<\/strong> ist <strong>(40 mm\/53 mm)<\/strong> als der Standard.<\/p>\n","protected":false},"featured_media":8047,"comment_status":"open","ping_status":"closed","template":"","meta":{"_acf_changed":false,"_et_pb_use_builder":"","_et_pb_old_content":"","_et_gb_content_width":""},"product_brand":[],"product_cat":[3765,3774,3876,3766,3796,3771,3861,3828,3786,3832,3835,3860],"product_tag":[],"class_list":{"0":"post-242779","1":"product","2":"type-product","3":"status-publish","4":"has-post-thumbnail","6":"product_cat-abschlusssysteme-fur-die-industrie","7":"product_cat-burogebaude","8":"product_cat-flugelturen","9":"product_cat-gros-und-einzelhandel","10":"product_cat-hauptschlussel-schlosser","11":"product_cat-messen-und-ausstellungen","12":"product_cat-mobelturen","13":"product_cat-professionelle-mobelschlosser","14":"product_cat-riegelschlosser","15":"product_cat-schlosser-fur-briefkasten","16":"product_cat-schlosser-fur-mobel","17":"product_cat-turschlosser","19":"first","20":"instock","21":"shipping-taxable","22":"purchasable","23":"product-type-variable"},"acf":{"pdf1":"https:\/\/www.omrserrature.it\/wp-content\/uploads\/2018\/02\/Scheda_220302_SPAL04235.pdf"},"yoast_head":"<!-- This site is optimized with the Yoast SEO plugin v27.2 - https:\/\/yoast.com\/product\/yoast-seo-wordpress\/ -->\n<title>Schloss f\u00fcr M\u00f6belt\u00fcr oder Schublade \u2013 langer Riegel - OMR Serrature<\/title>\n<meta name=\"robots\" content=\"index, follow, max-snippet:-1, max-image-preview:large, max-video-preview:-1\" \/>\n<link rel=\"canonical\" href=\"https:\/\/www.omrserrature.it\/de\/produkt\/schloss-fuer-moebeltuer-oder-schublade-langer-riegel\/\" \/>\n<meta property=\"og:locale\" content=\"de_DE\" \/>\n<meta property=\"og:type\" content=\"article\" \/>\n<meta property=\"og:title\" content=\"Schloss f\u00fcr M\u00f6belt\u00fcr oder Schublade \u2013 langer Riegel - OMR Serrature\" \/>\n<meta property=\"og:description\" content=\"Das M\u00f6belzylinderschloss ist aus einer Zinklegierung gefertigt und besteht aus einer runden Basis, in der ein Riegel oder Riegelstange gleitet, die in diesem Fall l\u00e4nger ist (40 mm\/53 mm) als der Standard.\" \/>\n<meta property=\"og:url\" content=\"https:\/\/www.omrserrature.it\/de\/produkt\/schloss-fuer-moebeltuer-oder-schublade-langer-riegel\/\" \/>\n<meta property=\"og:site_name\" content=\"OMR Serrature | Produzione sistemi di chiusura\" \/>\n<meta property=\"article:publisher\" content=\"https:\/\/www.facebook.com\/OMRserrature\" \/>\n<meta property=\"article:modified_time\" content=\"2026-04-08T10:00:14+00:00\" \/>\n<meta property=\"og:image\" content=\"https:\/\/www.omrserrature.it\/wp-content\/uploads\/2018\/02\/SPAL04235.jpg\" \/>\n\t<meta property=\"og:image:width\" content=\"398\" \/>\n\t<meta property=\"og:image:height\" content=\"287\" \/>\n\t<meta property=\"og:image:type\" content=\"image\/jpeg\" \/>\n<meta name=\"twitter:card\" content=\"summary_large_image\" \/>\n<meta name=\"twitter:label1\" content=\"Gesch\u00e4tzte Lesezeit\" \/>\n\t<meta name=\"twitter:data1\" content=\"1\u00a0Minute\" \/>\n<script type=\"application\/ld+json\" class=\"yoast-schema-graph\">{\"@context\":\"https:\/\/schema.org\",\"@graph\":[{\"@type\":\"WebPage\",\"@id\":\"https:\/\/www.omrserrature.it\/de\/produkt\/schloss-fuer-moebeltuer-oder-schublade-langer-riegel\/\",\"url\":\"https:\/\/www.omrserrature.it\/de\/produkt\/schloss-fuer-moebeltuer-oder-schublade-langer-riegel\/\",\"name\":\"Schloss f\u00fcr M\u00f6belt\u00fcr oder Schublade \u2013 langer Riegel - OMR Serrature\",\"isPartOf\":{\"@id\":\"https:\/\/www.omrserrature.it\/de\/#website\"},\"primaryImageOfPage\":{\"@id\":\"https:\/\/www.omrserrature.it\/de\/produkt\/schloss-fuer-moebeltuer-oder-schublade-langer-riegel\/#primaryimage\"},\"image\":{\"@id\":\"https:\/\/www.omrserrature.it\/de\/produkt\/schloss-fuer-moebeltuer-oder-schublade-langer-riegel\/#primaryimage\"},\"thumbnailUrl\":\"https:\/\/www.omrserrature.it\/wp-content\/uploads\/2018\/02\/SPAL04235.jpg\",\"datePublished\":\"2015-02-18T10:56:00+00:00\",\"dateModified\":\"2026-04-08T10:00:14+00:00\",\"breadcrumb\":{\"@id\":\"https:\/\/www.omrserrature.it\/de\/produkt\/schloss-fuer-moebeltuer-oder-schublade-langer-riegel\/#breadcrumb\"},\"inLanguage\":\"de\",\"potentialAction\":[{\"@type\":\"ReadAction\",\"target\":[\"https:\/\/www.omrserrature.it\/de\/produkt\/schloss-fuer-moebeltuer-oder-schublade-langer-riegel\/\"]}]},{\"@type\":\"ImageObject\",\"inLanguage\":\"de\",\"@id\":\"https:\/\/www.omrserrature.it\/de\/produkt\/schloss-fuer-moebeltuer-oder-schublade-langer-riegel\/#primaryimage\",\"url\":\"https:\/\/www.omrserrature.it\/wp-content\/uploads\/2018\/02\/SPAL04235.jpg\",\"contentUrl\":\"https:\/\/www.omrserrature.it\/wp-content\/uploads\/2018\/02\/SPAL04235.jpg\",\"width\":398,\"height\":287,\"caption\":\"Zylinderschloss f\u00fcr M\u00f6belt\u00fcr oder Schublade - Nutzl\u00e4ngen 40 - SPAL04235\"},{\"@type\":\"BreadcrumbList\",\"@id\":\"https:\/\/www.omrserrature.it\/de\/produkt\/schloss-fuer-moebeltuer-oder-schublade-langer-riegel\/#breadcrumb\",\"itemListElement\":[{\"@type\":\"ListItem\",\"position\":1,\"name\":\"Home\",\"item\":\"https:\/\/www.omrserrature.it\/de\/omr-serrature-sistemi-chiusura\/\"},{\"@type\":\"ListItem\",\"position\":2,\"name\":\"Katalog\",\"item\":\"https:\/\/www.omrserrature.it\/katalog\/?lang=de\"},{\"@type\":\"ListItem\",\"position\":3,\"name\":\"Anwendungen\",\"item\":\"https:\/\/www.omrserrature.it\/de\/katalog\/anwendungen\/\"},{\"@type\":\"ListItem\",\"position\":4,\"name\":\"Schl\u00f6sser f\u00fcr M\u00f6bel\",\"item\":\"https:\/\/www.omrserrature.it\/de\/katalog\/anwendungen\/schlosser-fur-mobel\/\"},{\"@type\":\"ListItem\",\"position\":5,\"name\":\"M\u00f6belt\u00fcren\",\"item\":\"https:\/\/www.omrserrature.it\/de\/katalog\/anwendungen\/schlosser-fur-mobel\/mobelturen\/\"},{\"@type\":\"ListItem\",\"position\":6,\"name\":\"Fl\u00fcgelt\u00fcren\",\"item\":\"https:\/\/www.omrserrature.it\/de\/katalog\/anwendungen\/schlosser-fur-mobel\/mobelturen\/flugelturen\/\"},{\"@type\":\"ListItem\",\"position\":7,\"name\":\"Schloss f\u00fcr M\u00f6belt\u00fcr oder Schublade \u2013 langer Riegel\"}]},{\"@type\":\"WebSite\",\"@id\":\"https:\/\/www.omrserrature.it\/de\/#website\",\"url\":\"https:\/\/www.omrserrature.it\/de\/\",\"name\":\"OMR Serrature | Produzione sistemi di chiusura\",\"description\":\"Produzione serrature di sicurezza e sistemi di chiusura\",\"publisher\":{\"@id\":\"https:\/\/www.omrserrature.it\/de\/#organization\"},\"potentialAction\":[{\"@type\":\"SearchAction\",\"target\":{\"@type\":\"EntryPoint\",\"urlTemplate\":\"https:\/\/www.omrserrature.it\/de\/?s={search_term_string}\"},\"query-input\":{\"@type\":\"PropertyValueSpecification\",\"valueRequired\":true,\"valueName\":\"search_term_string\"}}],\"inLanguage\":\"de\"},{\"@type\":\"Organization\",\"@id\":\"https:\/\/www.omrserrature.it\/de\/#organization\",\"name\":\"OMR Serrature | Produzione sistemi di chiusura\",\"url\":\"https:\/\/www.omrserrature.it\/de\/\",\"logo\":{\"@type\":\"ImageObject\",\"inLanguage\":\"de\",\"@id\":\"https:\/\/www.omrserrature.it\/de\/#\/schema\/logo\/image\/\",\"url\":\"https:\/\/www.omrserrature.it\/wp-content\/uploads\/2017\/09\/favicon-omr-114.png\",\"contentUrl\":\"https:\/\/www.omrserrature.it\/wp-content\/uploads\/2017\/09\/favicon-omr-114.png\",\"width\":114,\"height\":114,\"caption\":\"OMR Serrature | Produzione sistemi di chiusura\"},\"image\":{\"@id\":\"https:\/\/www.omrserrature.it\/de\/#\/schema\/logo\/image\/\"},\"sameAs\":[\"https:\/\/www.facebook.com\/OMRserrature\",\"https:\/\/www.linkedin.com\/company\/omrserrature\/\",\"https:\/\/www.youtube.com\/channel\/UCxmA85z2R0EpG_6IRokiAkg\"]}]}<\/script>\n<!-- \/ Yoast SEO plugin. -->","yoast_head_json":{"title":"Schloss f\u00fcr M\u00f6belt\u00fcr oder Schublade \u2013 langer Riegel - OMR Serrature","robots":{"index":"index","follow":"follow","max-snippet":"max-snippet:-1","max-image-preview":"max-image-preview:large","max-video-preview":"max-video-preview:-1"},"canonical":"https:\/\/www.omrserrature.it\/de\/produkt\/schloss-fuer-moebeltuer-oder-schublade-langer-riegel\/","og_locale":"de_DE","og_type":"article","og_title":"Schloss f\u00fcr M\u00f6belt\u00fcr oder Schublade \u2013 langer Riegel - OMR Serrature","og_description":"Das M\u00f6belzylinderschloss ist aus einer Zinklegierung gefertigt und besteht aus einer runden Basis, in der ein Riegel oder Riegelstange gleitet, die in diesem Fall l\u00e4nger ist (40 mm\/53 mm) als der Standard.","og_url":"https:\/\/www.omrserrature.it\/de\/produkt\/schloss-fuer-moebeltuer-oder-schublade-langer-riegel\/","og_site_name":"OMR Serrature | Produzione sistemi di chiusura","article_publisher":"https:\/\/www.facebook.com\/OMRserrature","article_modified_time":"2026-04-08T10:00:14+00:00","og_image":[{"width":398,"height":287,"url":"https:\/\/www.omrserrature.it\/wp-content\/uploads\/2018\/02\/SPAL04235.jpg","type":"image\/jpeg"}],"twitter_card":"summary_large_image","twitter_misc":{"Gesch\u00e4tzte Lesezeit":"1\u00a0Minute"},"schema":{"@context":"https:\/\/schema.org","@graph":[{"@type":"WebPage","@id":"https:\/\/www.omrserrature.it\/de\/produkt\/schloss-fuer-moebeltuer-oder-schublade-langer-riegel\/","url":"https:\/\/www.omrserrature.it\/de\/produkt\/schloss-fuer-moebeltuer-oder-schublade-langer-riegel\/","name":"Schloss f\u00fcr M\u00f6belt\u00fcr oder Schublade \u2013 langer Riegel - OMR Serrature","isPartOf":{"@id":"https:\/\/www.omrserrature.it\/de\/#website"},"primaryImageOfPage":{"@id":"https:\/\/www.omrserrature.it\/de\/produkt\/schloss-fuer-moebeltuer-oder-schublade-langer-riegel\/#primaryimage"},"image":{"@id":"https:\/\/www.omrserrature.it\/de\/produkt\/schloss-fuer-moebeltuer-oder-schublade-langer-riegel\/#primaryimage"},"thumbnailUrl":"https:\/\/www.omrserrature.it\/wp-content\/uploads\/2018\/02\/SPAL04235.jpg","datePublished":"2015-02-18T10:56:00+00:00","dateModified":"2026-04-08T10:00:14+00:00","breadcrumb":{"@id":"https:\/\/www.omrserrature.it\/de\/produkt\/schloss-fuer-moebeltuer-oder-schublade-langer-riegel\/#breadcrumb"},"inLanguage":"de","potentialAction":[{"@type":"ReadAction","target":["https:\/\/www.omrserrature.it\/de\/produkt\/schloss-fuer-moebeltuer-oder-schublade-langer-riegel\/"]}]},{"@type":"ImageObject","inLanguage":"de","@id":"https:\/\/www.omrserrature.it\/de\/produkt\/schloss-fuer-moebeltuer-oder-schublade-langer-riegel\/#primaryimage","url":"https:\/\/www.omrserrature.it\/wp-content\/uploads\/2018\/02\/SPAL04235.jpg","contentUrl":"https:\/\/www.omrserrature.it\/wp-content\/uploads\/2018\/02\/SPAL04235.jpg","width":398,"height":287,"caption":"Zylinderschloss f\u00fcr M\u00f6belt\u00fcr oder Schublade - Nutzl\u00e4ngen 40 - SPAL04235"},{"@type":"BreadcrumbList","@id":"https:\/\/www.omrserrature.it\/de\/produkt\/schloss-fuer-moebeltuer-oder-schublade-langer-riegel\/#breadcrumb","itemListElement":[{"@type":"ListItem","position":1,"name":"Home","item":"https:\/\/www.omrserrature.it\/de\/omr-serrature-sistemi-chiusura\/"},{"@type":"ListItem","position":2,"name":"Katalog","item":"https:\/\/www.omrserrature.it\/katalog\/?lang=de"},{"@type":"ListItem","position":3,"name":"Anwendungen","item":"https:\/\/www.omrserrature.it\/de\/katalog\/anwendungen\/"},{"@type":"ListItem","position":4,"name":"Schl\u00f6sser f\u00fcr M\u00f6bel","item":"https:\/\/www.omrserrature.it\/de\/katalog\/anwendungen\/schlosser-fur-mobel\/"},{"@type":"ListItem","position":5,"name":"M\u00f6belt\u00fcren","item":"https:\/\/www.omrserrature.it\/de\/katalog\/anwendungen\/schlosser-fur-mobel\/mobelturen\/"},{"@type":"ListItem","position":6,"name":"Fl\u00fcgelt\u00fcren","item":"https:\/\/www.omrserrature.it\/de\/katalog\/anwendungen\/schlosser-fur-mobel\/mobelturen\/flugelturen\/"},{"@type":"ListItem","position":7,"name":"Schloss f\u00fcr M\u00f6belt\u00fcr oder Schublade \u2013 langer Riegel"}]},{"@type":"WebSite","@id":"https:\/\/www.omrserrature.it\/de\/#website","url":"https:\/\/www.omrserrature.it\/de\/","name":"OMR Serrature | Produzione sistemi di chiusura","description":"Produzione serrature di sicurezza e sistemi di chiusura","publisher":{"@id":"https:\/\/www.omrserrature.it\/de\/#organization"},"potentialAction":[{"@type":"SearchAction","target":{"@type":"EntryPoint","urlTemplate":"https:\/\/www.omrserrature.it\/de\/?s={search_term_string}"},"query-input":{"@type":"PropertyValueSpecification","valueRequired":true,"valueName":"search_term_string"}}],"inLanguage":"de"},{"@type":"Organization","@id":"https:\/\/www.omrserrature.it\/de\/#organization","name":"OMR Serrature | Produzione sistemi di chiusura","url":"https:\/\/www.omrserrature.it\/de\/","logo":{"@type":"ImageObject","inLanguage":"de","@id":"https:\/\/www.omrserrature.it\/de\/#\/schema\/logo\/image\/","url":"https:\/\/www.omrserrature.it\/wp-content\/uploads\/2017\/09\/favicon-omr-114.png","contentUrl":"https:\/\/www.omrserrature.it\/wp-content\/uploads\/2017\/09\/favicon-omr-114.png","width":114,"height":114,"caption":"OMR Serrature | Produzione sistemi di chiusura"},"image":{"@id":"https:\/\/www.omrserrature.it\/de\/#\/schema\/logo\/image\/"},"sameAs":["https:\/\/www.facebook.com\/OMRserrature","https:\/\/www.linkedin.com\/company\/omrserrature\/","https:\/\/www.youtube.com\/channel\/UCxmA85z2R0EpG_6IRokiAkg"]}]}},"_links":{"self":[{"href":"https:\/\/www.omrserrature.it\/de\/wp-json\/wp\/v2\/product\/242779","targetHints":{"allow":["GET"]}}],"collection":[{"href":"https:\/\/www.omrserrature.it\/de\/wp-json\/wp\/v2\/product"}],"about":[{"href":"https:\/\/www.omrserrature.it\/de\/wp-json\/wp\/v2\/types\/product"}],"replies":[{"embeddable":true,"href":"https:\/\/www.omrserrature.it\/de\/wp-json\/wp\/v2\/comments?post=242779"}],"wp:featuredmedia":[{"embeddable":true,"href":"https:\/\/www.omrserrature.it\/de\/wp-json\/wp\/v2\/media\/8047"}],"wp:attachment":[{"href":"https:\/\/www.omrserrature.it\/de\/wp-json\/wp\/v2\/media?parent=242779"}],"wp:term":[{"taxonomy":"product_brand","embeddable":true,"href":"https:\/\/www.omrserrature.it\/de\/wp-json\/wp\/v2\/product_brand?post=242779"},{"taxonomy":"product_cat","embeddable":true,"href":"https:\/\/www.omrserrature.it\/de\/wp-json\/wp\/v2\/product_cat?post=242779"},{"taxonomy":"product_tag","embeddable":true,"href":"https:\/\/www.omrserrature.it\/de\/wp-json\/wp\/v2\/product_tag?post=242779"}],"curies":[{"name":"wp","href":"https:\/\/api.w.org\/{rel}","templated":true}]}}