{"id":242734,"date":"2017-10-16T13:39:00","date_gmt":"2016-10-17T11:39:00","guid":{"rendered":"https:\/\/www.staging6.omrserrature.it\/prodotto\/schloss-fuer-moebeltuer-oder-schublade\/"},"modified":"2026-04-08T12:23:56","modified_gmt":"2026-04-08T10:23:56","slug":"schloss-fuer-moebeltuer-oder-schublade","status":"publish","type":"product","link":"https:\/\/www.omrserrature.it\/de\/produkt\/schloss-fuer-moebeltuer-oder-schublade\/","title":{"rendered":"Schloss f\u00fcr M\u00f6belt\u00fcr oder Schublade"},"content":{"rendered":"<p><strong>Das Kastenschloss f\u00fcr M\u00f6bel<\/strong> ist aus Zinklegierung, es weist ein rundes Geh\u00e4use auf, das den Riegel enth\u00e4lt. Die Pl\u00e4ttchentechnologie bietet den angemessenen Sicherheitsgrad f\u00fcr jede Anwendung. Der Zylinderkern mit den Pl\u00e4ttchen kann (in der entsprechenden Version) mittels des daf\u00fcr vorgesehenen Schl\u00fcssels ausgezogen werden, um die Schlie\u00dfung schnell zu \u00e4ndern.  <\/p>\n<p>Der Zylinder und der Riegel sind in vielen L\u00e4ngen erh\u00e4ltlich; das erm\u00f6glicht die <strong>Installation auf mehrere Materialien (Holz, Metall, MDF, usw.)<\/strong> und in mehreren Positionen. Das Modell mit verkleinertem Riegel erfordert ein Loch auf der T\u00fcrseite zum Schlie\u00dfen. <\/p>\n<p>Je nach Position des Riegels kann das Schloss <strong>an T\u00fcren<\/strong> und <strong>Schubladen<\/strong> angebracht werden. Wird h\u00e4ufig in <strong>Holz- und Metallm\u00f6beln<\/strong> verwendet, sowohl in B\u00fcro- als auch in Werkstattm\u00f6beln. Mit den einfachen oder doppelten Rosetten l\u00e4sst sich das Schloss auch an M\u00f6belt\u00fcren aus Glas anbringen, z.B. in Vitrinen, Schauk\u00e4sten und Displays. Dank seiner einfachen Installation und Flexibilit\u00e4t kann es in Werkstatt-, Gemeinde-, Krankenhaus- und Museumsm\u00f6beln sowie in Automaten oder Schlie\u00dff\u00e4chern eingesetzt werden.   <\/p>\n","protected":false},"excerpt":{"rendered":"<p>Das <strong>M\u00f6bel-Zylinderschloss<\/strong> ist aus einer Zinklegierung gefertigt und eignet sich perfekt f\u00fcr alle <strong>T\u00fcren und Schubladen<\/strong>. Es besteht aus einer runden Basis, in die ein Riegel oder ein Pfosten gleitet. Sowohl die L\u00e4nge des Zylinders als auch die L\u00e4nge des Riegels sind in<strong> verschiedenen Gr\u00f6\u00dfen<\/strong> erh\u00e4ltlich<strong>, um den Einbau in verschiedenen Materialien (Holz, Metall, MDF, etc.)<\/strong> und in verschiedenen Positionen<strong> zu erm\u00f6glichen<\/strong>. Die Version mit einem reduzierten Riegel mit abgeschnittenem Ende erm\u00f6glicht das Schlie\u00dfen durch Ausnutzung eines Lochs in der Seite der M\u00f6belt\u00fcr.   <\/p>\n","protected":false},"featured_media":3577,"comment_status":"open","ping_status":"closed","template":"","meta":{"_acf_changed":false,"_et_pb_use_builder":"","_et_pb_old_content":"","_et_gb_content_width":""},"product_brand":[],"product_cat":[3765,3770,3774,3876,3796,3877,3772,3771,3861,3828,3786,3835,3830,3866,3862,3869,3844,3788,3860,3863],"product_tag":[],"class_list":{"0":"post-242734","1":"product","2":"type-product","3":"status-publish","4":"has-post-thumbnail","6":"product_cat-abschlusssysteme-fur-die-industrie","7":"product_cat-bildungswesen-und-kultur","8":"product_cat-burogebaude","9":"product_cat-flugelturen","10":"product_cat-hauptschlussel-schlosser","11":"product_cat-klappe","12":"product_cat-krankenhauser-und-gesundheitsbereich","13":"product_cat-messen-und-ausstellungen","14":"product_cat-mobelturen","15":"product_cat-professionelle-mobelschlosser","16":"product_cat-riegelschlosser","17":"product_cat-schlosser-fur-mobel","18":"product_cat-schlosser-fur-professionelle-trolleys","19":"product_cat-schlosser-fur-schilder","20":"product_cat-schlosser-fur-schubladen","21":"product_cat-schlosser-fur-vitrinen","22":"product_cat-schlosser-fur-werkbanke","23":"product_cat-schlosser-mit-abnehmbarem-zylinder","24":"product_cat-turschlosser","25":"product_cat-zentralverschlusse-von-schubladen","27":"first","28":"instock","29":"shipping-taxable","30":"purchasable","31":"product-type-variable","32":"has-default-attributes"},"acf":{"pdf1":"https:\/\/www.omrserrature.it\/wp-content\/uploads\/schede\/Scheda_220300.pdf"},"yoast_head":"<!-- This site is optimized with the Yoast SEO plugin v27.2 - https:\/\/yoast.com\/product\/yoast-seo-wordpress\/ -->\n<title>Schloss f\u00fcr M\u00f6belt\u00fcr oder Schublade - OMR Serrature<\/title>\n<meta name=\"robots\" content=\"index, follow, max-snippet:-1, max-image-preview:large, max-video-preview:-1\" \/>\n<link rel=\"canonical\" href=\"https:\/\/www.omrserrature.it\/de\/produkt\/schloss-fuer-moebeltuer-oder-schublade\/\" \/>\n<meta property=\"og:locale\" content=\"de_DE\" \/>\n<meta property=\"og:type\" content=\"article\" \/>\n<meta property=\"og:title\" content=\"Schloss f\u00fcr M\u00f6belt\u00fcr oder Schublade - OMR Serrature\" \/>\n<meta property=\"og:description\" content=\"Das M\u00f6bel-Zylinderschloss ist aus einer Zinklegierung gefertigt und eignet sich perfekt f\u00fcr alle T\u00fcren und Schubladen. Es besteht aus einer runden Basis, in die ein Riegel oder ein Pfosten gleitet. Sowohl die L\u00e4nge des Zylinders als auch die L\u00e4nge des Riegels sind in verschiedenen Gr\u00f6\u00dfen erh\u00e4ltlich, um den Einbau in verschiedenen Materialien (Holz, Metall, MDF, etc.) und in verschiedenen Positionen zu erm\u00f6glichen. Die Version mit einem reduzierten Riegel mit abgeschnittenem Ende erm\u00f6glicht das Schlie\u00dfen durch Ausnutzung eines Lochs in der Seite der M\u00f6belt\u00fcr.\" \/>\n<meta property=\"og:url\" content=\"https:\/\/www.omrserrature.it\/de\/produkt\/schloss-fuer-moebeltuer-oder-schublade\/\" \/>\n<meta property=\"og:site_name\" content=\"OMR Serrature | Produzione sistemi di chiusura\" \/>\n<meta property=\"article:publisher\" content=\"https:\/\/www.facebook.com\/OMRserrature\" \/>\n<meta property=\"article:modified_time\" content=\"2026-04-08T10:23:56+00:00\" \/>\n<meta property=\"og:image\" content=\"https:\/\/www.omrserrature.it\/wp-content\/uploads\/2017\/10\/serratura-anta-cassetto.jpg\" \/>\n\t<meta property=\"og:image:width\" content=\"439\" \/>\n\t<meta property=\"og:image:height\" content=\"390\" \/>\n\t<meta property=\"og:image:type\" content=\"image\/jpeg\" \/>\n<meta name=\"twitter:card\" content=\"summary_large_image\" \/>\n<meta name=\"twitter:label1\" content=\"Gesch\u00e4tzte Lesezeit\" \/>\n\t<meta name=\"twitter:data1\" content=\"1\u00a0Minute\" \/>\n<script type=\"application\/ld+json\" class=\"yoast-schema-graph\">{\"@context\":\"https:\/\/schema.org\",\"@graph\":[{\"@type\":\"WebPage\",\"@id\":\"https:\/\/www.omrserrature.it\/de\/produkt\/schloss-fuer-moebeltuer-oder-schublade\/\",\"url\":\"https:\/\/www.omrserrature.it\/de\/produkt\/schloss-fuer-moebeltuer-oder-schublade\/\",\"name\":\"Schloss f\u00fcr M\u00f6belt\u00fcr oder Schublade - OMR Serrature\",\"isPartOf\":{\"@id\":\"https:\/\/www.omrserrature.it\/de\/#website\"},\"primaryImageOfPage\":{\"@id\":\"https:\/\/www.omrserrature.it\/de\/produkt\/schloss-fuer-moebeltuer-oder-schublade\/#primaryimage\"},\"image\":{\"@id\":\"https:\/\/www.omrserrature.it\/de\/produkt\/schloss-fuer-moebeltuer-oder-schublade\/#primaryimage\"},\"thumbnailUrl\":\"https:\/\/www.omrserrature.it\/wp-content\/uploads\/2017\/10\/serratura-anta-cassetto.jpg\",\"datePublished\":\"2016-10-17T11:39:00+00:00\",\"dateModified\":\"2026-04-08T10:23:56+00:00\",\"breadcrumb\":{\"@id\":\"https:\/\/www.omrserrature.it\/de\/produkt\/schloss-fuer-moebeltuer-oder-schublade\/#breadcrumb\"},\"inLanguage\":\"de\",\"potentialAction\":[{\"@type\":\"ReadAction\",\"target\":[\"https:\/\/www.omrserrature.it\/de\/produkt\/schloss-fuer-moebeltuer-oder-schublade\/\"]}]},{\"@type\":\"ImageObject\",\"inLanguage\":\"de\",\"@id\":\"https:\/\/www.omrserrature.it\/de\/produkt\/schloss-fuer-moebeltuer-oder-schublade\/#primaryimage\",\"url\":\"https:\/\/www.omrserrature.it\/wp-content\/uploads\/2017\/10\/serratura-anta-cassetto.jpg\",\"contentUrl\":\"https:\/\/www.omrserrature.it\/wp-content\/uploads\/2017\/10\/serratura-anta-cassetto.jpg\",\"width\":439,\"height\":390,\"caption\":\"Schloss f\u00fcr M\u00f6belt\u00fcren oder Schubladen aus Kunststoff\"},{\"@type\":\"BreadcrumbList\",\"@id\":\"https:\/\/www.omrserrature.it\/de\/produkt\/schloss-fuer-moebeltuer-oder-schublade\/#breadcrumb\",\"itemListElement\":[{\"@type\":\"ListItem\",\"position\":1,\"name\":\"Home\",\"item\":\"https:\/\/www.omrserrature.it\/de\/omr-serrature-sistemi-chiusura\/\"},{\"@type\":\"ListItem\",\"position\":2,\"name\":\"Katalog\",\"item\":\"https:\/\/www.omrserrature.it\/katalog\/?lang=de\"},{\"@type\":\"ListItem\",\"position\":3,\"name\":\"Anwendungen\",\"item\":\"https:\/\/www.omrserrature.it\/de\/katalog\/anwendungen\/\"},{\"@type\":\"ListItem\",\"position\":4,\"name\":\"Professionelle M\u00f6belschl\u00f6sser\",\"item\":\"https:\/\/www.omrserrature.it\/de\/katalog\/anwendungen\/professionelle-mobelschlosser\/\"},{\"@type\":\"ListItem\",\"position\":5,\"name\":\"Schloss f\u00fcr M\u00f6belt\u00fcr oder Schublade\"}]},{\"@type\":\"WebSite\",\"@id\":\"https:\/\/www.omrserrature.it\/de\/#website\",\"url\":\"https:\/\/www.omrserrature.it\/de\/\",\"name\":\"OMR Serrature | Produzione sistemi di chiusura\",\"description\":\"Produzione serrature di sicurezza e sistemi di chiusura\",\"publisher\":{\"@id\":\"https:\/\/www.omrserrature.it\/de\/#organization\"},\"potentialAction\":[{\"@type\":\"SearchAction\",\"target\":{\"@type\":\"EntryPoint\",\"urlTemplate\":\"https:\/\/www.omrserrature.it\/de\/?s={search_term_string}\"},\"query-input\":{\"@type\":\"PropertyValueSpecification\",\"valueRequired\":true,\"valueName\":\"search_term_string\"}}],\"inLanguage\":\"de\"},{\"@type\":\"Organization\",\"@id\":\"https:\/\/www.omrserrature.it\/de\/#organization\",\"name\":\"OMR Serrature | Produzione sistemi di chiusura\",\"url\":\"https:\/\/www.omrserrature.it\/de\/\",\"logo\":{\"@type\":\"ImageObject\",\"inLanguage\":\"de\",\"@id\":\"https:\/\/www.omrserrature.it\/de\/#\/schema\/logo\/image\/\",\"url\":\"https:\/\/www.omrserrature.it\/wp-content\/uploads\/2017\/09\/favicon-omr-114.png\",\"contentUrl\":\"https:\/\/www.omrserrature.it\/wp-content\/uploads\/2017\/09\/favicon-omr-114.png\",\"width\":114,\"height\":114,\"caption\":\"OMR Serrature | Produzione sistemi di chiusura\"},\"image\":{\"@id\":\"https:\/\/www.omrserrature.it\/de\/#\/schema\/logo\/image\/\"},\"sameAs\":[\"https:\/\/www.facebook.com\/OMRserrature\",\"https:\/\/www.linkedin.com\/company\/omrserrature\/\",\"https:\/\/www.youtube.com\/channel\/UCxmA85z2R0EpG_6IRokiAkg\"]}]}<\/script>\n<!-- \/ Yoast SEO plugin. -->","yoast_head_json":{"title":"Schloss f\u00fcr M\u00f6belt\u00fcr oder Schublade - OMR Serrature","robots":{"index":"index","follow":"follow","max-snippet":"max-snippet:-1","max-image-preview":"max-image-preview:large","max-video-preview":"max-video-preview:-1"},"canonical":"https:\/\/www.omrserrature.it\/de\/produkt\/schloss-fuer-moebeltuer-oder-schublade\/","og_locale":"de_DE","og_type":"article","og_title":"Schloss f\u00fcr M\u00f6belt\u00fcr oder Schublade - OMR Serrature","og_description":"Das M\u00f6bel-Zylinderschloss ist aus einer Zinklegierung gefertigt und eignet sich perfekt f\u00fcr alle T\u00fcren und Schubladen. Es besteht aus einer runden Basis, in die ein Riegel oder ein Pfosten gleitet. Sowohl die L\u00e4nge des Zylinders als auch die L\u00e4nge des Riegels sind in verschiedenen Gr\u00f6\u00dfen erh\u00e4ltlich, um den Einbau in verschiedenen Materialien (Holz, Metall, MDF, etc.) und in verschiedenen Positionen zu erm\u00f6glichen. Die Version mit einem reduzierten Riegel mit abgeschnittenem Ende erm\u00f6glicht das Schlie\u00dfen durch Ausnutzung eines Lochs in der Seite der M\u00f6belt\u00fcr.","og_url":"https:\/\/www.omrserrature.it\/de\/produkt\/schloss-fuer-moebeltuer-oder-schublade\/","og_site_name":"OMR Serrature | Produzione sistemi di chiusura","article_publisher":"https:\/\/www.facebook.com\/OMRserrature","article_modified_time":"2026-04-08T10:23:56+00:00","og_image":[{"width":439,"height":390,"url":"https:\/\/www.omrserrature.it\/wp-content\/uploads\/2017\/10\/serratura-anta-cassetto.jpg","type":"image\/jpeg"}],"twitter_card":"summary_large_image","twitter_misc":{"Gesch\u00e4tzte Lesezeit":"1\u00a0Minute"},"schema":{"@context":"https:\/\/schema.org","@graph":[{"@type":"WebPage","@id":"https:\/\/www.omrserrature.it\/de\/produkt\/schloss-fuer-moebeltuer-oder-schublade\/","url":"https:\/\/www.omrserrature.it\/de\/produkt\/schloss-fuer-moebeltuer-oder-schublade\/","name":"Schloss f\u00fcr M\u00f6belt\u00fcr oder Schublade - OMR Serrature","isPartOf":{"@id":"https:\/\/www.omrserrature.it\/de\/#website"},"primaryImageOfPage":{"@id":"https:\/\/www.omrserrature.it\/de\/produkt\/schloss-fuer-moebeltuer-oder-schublade\/#primaryimage"},"image":{"@id":"https:\/\/www.omrserrature.it\/de\/produkt\/schloss-fuer-moebeltuer-oder-schublade\/#primaryimage"},"thumbnailUrl":"https:\/\/www.omrserrature.it\/wp-content\/uploads\/2017\/10\/serratura-anta-cassetto.jpg","datePublished":"2016-10-17T11:39:00+00:00","dateModified":"2026-04-08T10:23:56+00:00","breadcrumb":{"@id":"https:\/\/www.omrserrature.it\/de\/produkt\/schloss-fuer-moebeltuer-oder-schublade\/#breadcrumb"},"inLanguage":"de","potentialAction":[{"@type":"ReadAction","target":["https:\/\/www.omrserrature.it\/de\/produkt\/schloss-fuer-moebeltuer-oder-schublade\/"]}]},{"@type":"ImageObject","inLanguage":"de","@id":"https:\/\/www.omrserrature.it\/de\/produkt\/schloss-fuer-moebeltuer-oder-schublade\/#primaryimage","url":"https:\/\/www.omrserrature.it\/wp-content\/uploads\/2017\/10\/serratura-anta-cassetto.jpg","contentUrl":"https:\/\/www.omrserrature.it\/wp-content\/uploads\/2017\/10\/serratura-anta-cassetto.jpg","width":439,"height":390,"caption":"Schloss f\u00fcr M\u00f6belt\u00fcren oder Schubladen aus Kunststoff"},{"@type":"BreadcrumbList","@id":"https:\/\/www.omrserrature.it\/de\/produkt\/schloss-fuer-moebeltuer-oder-schublade\/#breadcrumb","itemListElement":[{"@type":"ListItem","position":1,"name":"Home","item":"https:\/\/www.omrserrature.it\/de\/omr-serrature-sistemi-chiusura\/"},{"@type":"ListItem","position":2,"name":"Katalog","item":"https:\/\/www.omrserrature.it\/katalog\/?lang=de"},{"@type":"ListItem","position":3,"name":"Anwendungen","item":"https:\/\/www.omrserrature.it\/de\/katalog\/anwendungen\/"},{"@type":"ListItem","position":4,"name":"Professionelle M\u00f6belschl\u00f6sser","item":"https:\/\/www.omrserrature.it\/de\/katalog\/anwendungen\/professionelle-mobelschlosser\/"},{"@type":"ListItem","position":5,"name":"Schloss f\u00fcr M\u00f6belt\u00fcr oder Schublade"}]},{"@type":"WebSite","@id":"https:\/\/www.omrserrature.it\/de\/#website","url":"https:\/\/www.omrserrature.it\/de\/","name":"OMR Serrature | Produzione sistemi di chiusura","description":"Produzione serrature di sicurezza e sistemi di chiusura","publisher":{"@id":"https:\/\/www.omrserrature.it\/de\/#organization"},"potentialAction":[{"@type":"SearchAction","target":{"@type":"EntryPoint","urlTemplate":"https:\/\/www.omrserrature.it\/de\/?s={search_term_string}"},"query-input":{"@type":"PropertyValueSpecification","valueRequired":true,"valueName":"search_term_string"}}],"inLanguage":"de"},{"@type":"Organization","@id":"https:\/\/www.omrserrature.it\/de\/#organization","name":"OMR Serrature | Produzione sistemi di chiusura","url":"https:\/\/www.omrserrature.it\/de\/","logo":{"@type":"ImageObject","inLanguage":"de","@id":"https:\/\/www.omrserrature.it\/de\/#\/schema\/logo\/image\/","url":"https:\/\/www.omrserrature.it\/wp-content\/uploads\/2017\/09\/favicon-omr-114.png","contentUrl":"https:\/\/www.omrserrature.it\/wp-content\/uploads\/2017\/09\/favicon-omr-114.png","width":114,"height":114,"caption":"OMR Serrature | Produzione sistemi di chiusura"},"image":{"@id":"https:\/\/www.omrserrature.it\/de\/#\/schema\/logo\/image\/"},"sameAs":["https:\/\/www.facebook.com\/OMRserrature","https:\/\/www.linkedin.com\/company\/omrserrature\/","https:\/\/www.youtube.com\/channel\/UCxmA85z2R0EpG_6IRokiAkg"]}]}},"_links":{"self":[{"href":"https:\/\/www.omrserrature.it\/de\/wp-json\/wp\/v2\/product\/242734","targetHints":{"allow":["GET"]}}],"collection":[{"href":"https:\/\/www.omrserrature.it\/de\/wp-json\/wp\/v2\/product"}],"about":[{"href":"https:\/\/www.omrserrature.it\/de\/wp-json\/wp\/v2\/types\/product"}],"replies":[{"embeddable":true,"href":"https:\/\/www.omrserrature.it\/de\/wp-json\/wp\/v2\/comments?post=242734"}],"wp:featuredmedia":[{"embeddable":true,"href":"https:\/\/www.omrserrature.it\/de\/wp-json\/wp\/v2\/media\/3577"}],"wp:attachment":[{"href":"https:\/\/www.omrserrature.it\/de\/wp-json\/wp\/v2\/media?parent=242734"}],"wp:term":[{"taxonomy":"product_brand","embeddable":true,"href":"https:\/\/www.omrserrature.it\/de\/wp-json\/wp\/v2\/product_brand?post=242734"},{"taxonomy":"product_cat","embeddable":true,"href":"https:\/\/www.omrserrature.it\/de\/wp-json\/wp\/v2\/product_cat?post=242734"},{"taxonomy":"product_tag","embeddable":true,"href":"https:\/\/www.omrserrature.it\/de\/wp-json\/wp\/v2\/product_tag?post=242734"}],"curies":[{"name":"wp","href":"https:\/\/api.w.org\/{rel}","templated":true}]}}