{"id":242673,"date":"2017-10-12T13:31:21","date_gmt":"2012-10-17T11:31:00","guid":{"rendered":"https:\/\/www.staging6.omrserrature.it\/prodotto\/ovales-schloss-fuer-buero-schubladeneinheit\/"},"modified":"2026-04-08T12:48:07","modified_gmt":"2026-04-08T10:48:07","slug":"ovales-schloss-fuer-buero-schubladeneinheit","status":"publish","type":"product","link":"https:\/\/www.omrserrature.it\/de\/produkt\/ovales-schloss-fuer-buero-schubladeneinheit\/","title":{"rendered":"Ovales Schloss f\u00fcr B\u00fcro Schubladeneinheit"},"content":{"rendered":"<p><strong>Das ovales Schloss f\u00fcr B\u00fcro Schubladeneinheit <\/strong>besteht aus einem Stator, in dessen Inneren sich nach dem Einstecken des richtigen Schl\u00fcssels ein Zylinder mit zylinderpl\u00e4ttchen bewegt. Es besteht aus Metalldruckguss (Zamak) und ist auf der R\u00fcckseite mit einem Stift ausgestattet, der <strong>Hinterer Stift<\/strong> der sich um 180\u00b0 dreht und das <strong>mehrfache und zentralisierte Verriegelungssystem<\/strong> der Schubladen aktiviert. Dieses Modell bietet die M\u00f6glichkeit, die L\u00e4nge des Stifts von mindestens 10 mm bis maximal 35 mm (+15 mm Hebel) einzustellen. Siehe Datenblatt f\u00fcr weitere Informationen.   <\/p>\n<p>Der Schlossk\u00f6rper l\u00e4sst sich <strong>schnell befestigen,<\/strong> entweder mit einer Gabelfeder (oder Klammer) oder mit einer Schnappfeder. Durch die spezielle ovale Form kann es auch in engen R\u00e4umen wie Fronten, Profilen, Wagen und Aktenschr\u00e4nken <strong>aus Blech oder Aluminium<\/strong> verwendet werden.  Es kann mit <strong>Kippschl\u00fcssel<\/strong> unterschiedlicher Farben versehen werden.<\/p>\n<p>Die in Kombination lieferbaren <strong>Kippschutzplatten<\/strong> bieten ein hohes Ma\u00df an Sicherheit, da sie verhindern, dass sich die Schubladen versehentlich \u00f6ffnen, wenn der Werkzeugkasten bewegt wird. Die Hebel verhindern auch, dass sich 2 Schubladen gleichzeitig \u00f6ffnen, wodurch der Wagen umfallen k\u00f6nnte. <\/p>\n<p><strong>Das ovale Schloss mit Hinterer Stift wird in Archiven, Aktenschr\u00e4nken und Schubladenschr\u00e4nken verwendet<\/strong>.<\/p>\n","protected":false},"excerpt":{"rendered":"<p>Das <strong>ovale Schwenkschloss<\/strong> besteht aus einem Stator, in dem sich nach dem Einstecken des richtigen Schl\u00fcssels ein Zylinder mit einem Pl\u00e4ttchenzylinder bewegt. Es besteht aus Metalldruckguss (Zamak) und ist auf der R\u00fcckseite mit einem Stift, dem sogenannten <strong>Hinteren<\/strong> Stift, ausgestattet, der sich um 180\u00b0 dreht und das <strong>mehrfache und zentralisierte Schlie\u00df<\/strong> system der Schubladen aktiviert. Dieses Modell bietet die M\u00f6glichkeit, die L\u00e4nge des Stifts von mindestens 10 mm bis maximal 35 mm (+15 mm Hebel) einzustellen.  <\/p>\n<p><strong>Weitere Informationen finden Sie im Datenblatt<\/strong>.<\/p>\n","protected":false},"featured_media":3319,"comment_status":"open","ping_status":"closed","template":"","meta":{"_acf_changed":false,"_et_pb_use_builder":"","_et_pb_old_content":"","_et_gb_content_width":""},"product_brand":[],"product_cat":[3800],"product_tag":[],"class_list":{"0":"post-242673","1":"product","2":"type-product","3":"status-publish","4":"has-post-thumbnail","6":"product_cat-spezialschlosser-nach-mas","8":"first","9":"instock","10":"shipping-taxable","11":"purchasable","12":"product-type-variable"},"acf":{"pdf1":"https:\/\/www.omrserrature.it\/wp-content\/uploads\/schede\/Scheda_163432.pdf"},"yoast_head":"<!-- This site is optimized with the Yoast SEO plugin v27.2 - https:\/\/yoast.com\/product\/yoast-seo-wordpress\/ -->\n<title>Ovales Schloss f\u00fcr B\u00fcro Schubladeneinheit - OMR Serrature<\/title>\n<meta name=\"robots\" content=\"index, follow, max-snippet:-1, max-image-preview:large, max-video-preview:-1\" \/>\n<link rel=\"canonical\" href=\"https:\/\/www.omrserrature.it\/de\/produkt\/ovales-schloss-fuer-buero-schubladeneinheit\/\" \/>\n<meta property=\"og:locale\" content=\"de_DE\" \/>\n<meta property=\"og:type\" content=\"article\" \/>\n<meta property=\"og:title\" content=\"Ovales Schloss f\u00fcr B\u00fcro Schubladeneinheit - OMR Serrature\" \/>\n<meta property=\"og:description\" content=\"Das ovale Schwenkschloss besteht aus einem Stator, in dem sich nach dem Einstecken des richtigen Schl\u00fcssels ein Zylinder mit einem Pl\u00e4ttchenzylinder bewegt. Es besteht aus Metalldruckguss (Zamak) und ist auf der R\u00fcckseite mit einem Stift, dem sogenannten Hinteren Stift, ausgestattet, der sich um 180\u00b0 dreht und das mehrfache und zentralisierte Schlie\u00df system der Schubladen aktiviert. Dieses Modell bietet die M\u00f6glichkeit, die L\u00e4nge des Stifts von mindestens 10 mm bis maximal 35 mm (+15 mm Hebel) einzustellen.  Weitere Informationen finden Sie im Datenblatt.\" \/>\n<meta property=\"og:url\" content=\"https:\/\/www.omrserrature.it\/de\/produkt\/ovales-schloss-fuer-buero-schubladeneinheit\/\" \/>\n<meta property=\"og:site_name\" content=\"OMR Serrature | Produzione sistemi di chiusura\" \/>\n<meta property=\"article:publisher\" content=\"https:\/\/www.facebook.com\/OMRserrature\" \/>\n<meta property=\"article:modified_time\" content=\"2026-04-08T10:48:07+00:00\" \/>\n<meta property=\"og:image\" content=\"https:\/\/www.omrserrature.it\/wp-content\/uploads\/2017\/10\/serratura-ovale-cassettiera.jpg\" \/>\n\t<meta property=\"og:image:width\" content=\"482\" \/>\n\t<meta property=\"og:image:height\" content=\"370\" \/>\n\t<meta property=\"og:image:type\" content=\"image\/jpeg\" \/>\n<meta name=\"twitter:card\" content=\"summary_large_image\" \/>\n<meta name=\"twitter:label1\" content=\"Gesch\u00e4tzte Lesezeit\" \/>\n\t<meta name=\"twitter:data1\" content=\"1\u00a0Minute\" \/>\n<script type=\"application\/ld+json\" class=\"yoast-schema-graph\">{\"@context\":\"https:\/\/schema.org\",\"@graph\":[{\"@type\":\"WebPage\",\"@id\":\"https:\/\/www.omrserrature.it\/de\/produkt\/ovales-schloss-fuer-buero-schubladeneinheit\/\",\"url\":\"https:\/\/www.omrserrature.it\/de\/produkt\/ovales-schloss-fuer-buero-schubladeneinheit\/\",\"name\":\"Ovales Schloss f\u00fcr B\u00fcro Schubladeneinheit - OMR Serrature\",\"isPartOf\":{\"@id\":\"https:\/\/www.omrserrature.it\/de\/#website\"},\"primaryImageOfPage\":{\"@id\":\"https:\/\/www.omrserrature.it\/de\/produkt\/ovales-schloss-fuer-buero-schubladeneinheit\/#primaryimage\"},\"image\":{\"@id\":\"https:\/\/www.omrserrature.it\/de\/produkt\/ovales-schloss-fuer-buero-schubladeneinheit\/#primaryimage\"},\"thumbnailUrl\":\"https:\/\/www.omrserrature.it\/wp-content\/uploads\/2017\/10\/serratura-ovale-cassettiera.jpg\",\"datePublished\":\"2012-10-17T11:31:00+00:00\",\"dateModified\":\"2026-04-08T10:48:07+00:00\",\"breadcrumb\":{\"@id\":\"https:\/\/www.omrserrature.it\/de\/produkt\/ovales-schloss-fuer-buero-schubladeneinheit\/#breadcrumb\"},\"inLanguage\":\"de\",\"potentialAction\":[{\"@type\":\"ReadAction\",\"target\":[\"https:\/\/www.omrserrature.it\/de\/produkt\/ovales-schloss-fuer-buero-schubladeneinheit\/\"]}]},{\"@type\":\"ImageObject\",\"inLanguage\":\"de\",\"@id\":\"https:\/\/www.omrserrature.it\/de\/produkt\/ovales-schloss-fuer-buero-schubladeneinheit\/#primaryimage\",\"url\":\"https:\/\/www.omrserrature.it\/wp-content\/uploads\/2017\/10\/serratura-ovale-cassettiera.jpg\",\"contentUrl\":\"https:\/\/www.omrserrature.it\/wp-content\/uploads\/2017\/10\/serratura-ovale-cassettiera.jpg\",\"width\":482,\"height\":370,\"caption\":\"Ovales Schloss f\u00fcr Schubladen und\/oder Aktenschr\u00e4nke, Schubladenarchive\"},{\"@type\":\"BreadcrumbList\",\"@id\":\"https:\/\/www.omrserrature.it\/de\/produkt\/ovales-schloss-fuer-buero-schubladeneinheit\/#breadcrumb\",\"itemListElement\":[{\"@type\":\"ListItem\",\"position\":1,\"name\":\"Home\",\"item\":\"https:\/\/www.omrserrature.it\/de\/omr-serrature-sistemi-chiusura\/\"},{\"@type\":\"ListItem\",\"position\":2,\"name\":\"Katalog\",\"item\":\"https:\/\/www.omrserrature.it\/katalog\/?lang=de\"},{\"@type\":\"ListItem\",\"position\":3,\"name\":\"Produkte\",\"item\":\"https:\/\/www.omrserrature.it\/de\/katalog\/produkte\/\"},{\"@type\":\"ListItem\",\"position\":4,\"name\":\"Schloesser\",\"item\":\"https:\/\/www.omrserrature.it\/de\/katalog\/produkte\/schloesser\/\"},{\"@type\":\"ListItem\",\"position\":5,\"name\":\"Spezialschl\u00f6sser nach Ma\u00df\",\"item\":\"https:\/\/www.omrserrature.it\/de\/katalog\/produkte\/schloesser\/spezialschlosser-nach-mas\/\"},{\"@type\":\"ListItem\",\"position\":6,\"name\":\"Ovales Schloss f\u00fcr B\u00fcro Schubladeneinheit\"}]},{\"@type\":\"WebSite\",\"@id\":\"https:\/\/www.omrserrature.it\/de\/#website\",\"url\":\"https:\/\/www.omrserrature.it\/de\/\",\"name\":\"OMR Serrature | Produzione sistemi di chiusura\",\"description\":\"Produzione serrature di sicurezza e sistemi di chiusura\",\"publisher\":{\"@id\":\"https:\/\/www.omrserrature.it\/de\/#organization\"},\"potentialAction\":[{\"@type\":\"SearchAction\",\"target\":{\"@type\":\"EntryPoint\",\"urlTemplate\":\"https:\/\/www.omrserrature.it\/de\/?s={search_term_string}\"},\"query-input\":{\"@type\":\"PropertyValueSpecification\",\"valueRequired\":true,\"valueName\":\"search_term_string\"}}],\"inLanguage\":\"de\"},{\"@type\":\"Organization\",\"@id\":\"https:\/\/www.omrserrature.it\/de\/#organization\",\"name\":\"OMR Serrature | Produzione sistemi di chiusura\",\"url\":\"https:\/\/www.omrserrature.it\/de\/\",\"logo\":{\"@type\":\"ImageObject\",\"inLanguage\":\"de\",\"@id\":\"https:\/\/www.omrserrature.it\/de\/#\/schema\/logo\/image\/\",\"url\":\"https:\/\/www.omrserrature.it\/wp-content\/uploads\/2017\/09\/favicon-omr-114.png\",\"contentUrl\":\"https:\/\/www.omrserrature.it\/wp-content\/uploads\/2017\/09\/favicon-omr-114.png\",\"width\":114,\"height\":114,\"caption\":\"OMR Serrature | Produzione sistemi di chiusura\"},\"image\":{\"@id\":\"https:\/\/www.omrserrature.it\/de\/#\/schema\/logo\/image\/\"},\"sameAs\":[\"https:\/\/www.facebook.com\/OMRserrature\",\"https:\/\/www.linkedin.com\/company\/omrserrature\/\",\"https:\/\/www.youtube.com\/channel\/UCxmA85z2R0EpG_6IRokiAkg\"]}]}<\/script>\n<!-- \/ Yoast SEO plugin. -->","yoast_head_json":{"title":"Ovales Schloss f\u00fcr B\u00fcro Schubladeneinheit - OMR Serrature","robots":{"index":"index","follow":"follow","max-snippet":"max-snippet:-1","max-image-preview":"max-image-preview:large","max-video-preview":"max-video-preview:-1"},"canonical":"https:\/\/www.omrserrature.it\/de\/produkt\/ovales-schloss-fuer-buero-schubladeneinheit\/","og_locale":"de_DE","og_type":"article","og_title":"Ovales Schloss f\u00fcr B\u00fcro Schubladeneinheit - OMR Serrature","og_description":"Das ovale Schwenkschloss besteht aus einem Stator, in dem sich nach dem Einstecken des richtigen Schl\u00fcssels ein Zylinder mit einem Pl\u00e4ttchenzylinder bewegt. Es besteht aus Metalldruckguss (Zamak) und ist auf der R\u00fcckseite mit einem Stift, dem sogenannten Hinteren Stift, ausgestattet, der sich um 180\u00b0 dreht und das mehrfache und zentralisierte Schlie\u00df system der Schubladen aktiviert. Dieses Modell bietet die M\u00f6glichkeit, die L\u00e4nge des Stifts von mindestens 10 mm bis maximal 35 mm (+15 mm Hebel) einzustellen.  Weitere Informationen finden Sie im Datenblatt.","og_url":"https:\/\/www.omrserrature.it\/de\/produkt\/ovales-schloss-fuer-buero-schubladeneinheit\/","og_site_name":"OMR Serrature | Produzione sistemi di chiusura","article_publisher":"https:\/\/www.facebook.com\/OMRserrature","article_modified_time":"2026-04-08T10:48:07+00:00","og_image":[{"width":482,"height":370,"url":"https:\/\/www.omrserrature.it\/wp-content\/uploads\/2017\/10\/serratura-ovale-cassettiera.jpg","type":"image\/jpeg"}],"twitter_card":"summary_large_image","twitter_misc":{"Gesch\u00e4tzte Lesezeit":"1\u00a0Minute"},"schema":{"@context":"https:\/\/schema.org","@graph":[{"@type":"WebPage","@id":"https:\/\/www.omrserrature.it\/de\/produkt\/ovales-schloss-fuer-buero-schubladeneinheit\/","url":"https:\/\/www.omrserrature.it\/de\/produkt\/ovales-schloss-fuer-buero-schubladeneinheit\/","name":"Ovales Schloss f\u00fcr B\u00fcro Schubladeneinheit - OMR Serrature","isPartOf":{"@id":"https:\/\/www.omrserrature.it\/de\/#website"},"primaryImageOfPage":{"@id":"https:\/\/www.omrserrature.it\/de\/produkt\/ovales-schloss-fuer-buero-schubladeneinheit\/#primaryimage"},"image":{"@id":"https:\/\/www.omrserrature.it\/de\/produkt\/ovales-schloss-fuer-buero-schubladeneinheit\/#primaryimage"},"thumbnailUrl":"https:\/\/www.omrserrature.it\/wp-content\/uploads\/2017\/10\/serratura-ovale-cassettiera.jpg","datePublished":"2012-10-17T11:31:00+00:00","dateModified":"2026-04-08T10:48:07+00:00","breadcrumb":{"@id":"https:\/\/www.omrserrature.it\/de\/produkt\/ovales-schloss-fuer-buero-schubladeneinheit\/#breadcrumb"},"inLanguage":"de","potentialAction":[{"@type":"ReadAction","target":["https:\/\/www.omrserrature.it\/de\/produkt\/ovales-schloss-fuer-buero-schubladeneinheit\/"]}]},{"@type":"ImageObject","inLanguage":"de","@id":"https:\/\/www.omrserrature.it\/de\/produkt\/ovales-schloss-fuer-buero-schubladeneinheit\/#primaryimage","url":"https:\/\/www.omrserrature.it\/wp-content\/uploads\/2017\/10\/serratura-ovale-cassettiera.jpg","contentUrl":"https:\/\/www.omrserrature.it\/wp-content\/uploads\/2017\/10\/serratura-ovale-cassettiera.jpg","width":482,"height":370,"caption":"Ovales Schloss f\u00fcr Schubladen und\/oder Aktenschr\u00e4nke, Schubladenarchive"},{"@type":"BreadcrumbList","@id":"https:\/\/www.omrserrature.it\/de\/produkt\/ovales-schloss-fuer-buero-schubladeneinheit\/#breadcrumb","itemListElement":[{"@type":"ListItem","position":1,"name":"Home","item":"https:\/\/www.omrserrature.it\/de\/omr-serrature-sistemi-chiusura\/"},{"@type":"ListItem","position":2,"name":"Katalog","item":"https:\/\/www.omrserrature.it\/katalog\/?lang=de"},{"@type":"ListItem","position":3,"name":"Produkte","item":"https:\/\/www.omrserrature.it\/de\/katalog\/produkte\/"},{"@type":"ListItem","position":4,"name":"Schloesser","item":"https:\/\/www.omrserrature.it\/de\/katalog\/produkte\/schloesser\/"},{"@type":"ListItem","position":5,"name":"Spezialschl\u00f6sser nach Ma\u00df","item":"https:\/\/www.omrserrature.it\/de\/katalog\/produkte\/schloesser\/spezialschlosser-nach-mas\/"},{"@type":"ListItem","position":6,"name":"Ovales Schloss f\u00fcr B\u00fcro Schubladeneinheit"}]},{"@type":"WebSite","@id":"https:\/\/www.omrserrature.it\/de\/#website","url":"https:\/\/www.omrserrature.it\/de\/","name":"OMR Serrature | Produzione sistemi di chiusura","description":"Produzione serrature di sicurezza e sistemi di chiusura","publisher":{"@id":"https:\/\/www.omrserrature.it\/de\/#organization"},"potentialAction":[{"@type":"SearchAction","target":{"@type":"EntryPoint","urlTemplate":"https:\/\/www.omrserrature.it\/de\/?s={search_term_string}"},"query-input":{"@type":"PropertyValueSpecification","valueRequired":true,"valueName":"search_term_string"}}],"inLanguage":"de"},{"@type":"Organization","@id":"https:\/\/www.omrserrature.it\/de\/#organization","name":"OMR Serrature | Produzione sistemi di chiusura","url":"https:\/\/www.omrserrature.it\/de\/","logo":{"@type":"ImageObject","inLanguage":"de","@id":"https:\/\/www.omrserrature.it\/de\/#\/schema\/logo\/image\/","url":"https:\/\/www.omrserrature.it\/wp-content\/uploads\/2017\/09\/favicon-omr-114.png","contentUrl":"https:\/\/www.omrserrature.it\/wp-content\/uploads\/2017\/09\/favicon-omr-114.png","width":114,"height":114,"caption":"OMR Serrature | Produzione sistemi di chiusura"},"image":{"@id":"https:\/\/www.omrserrature.it\/de\/#\/schema\/logo\/image\/"},"sameAs":["https:\/\/www.facebook.com\/OMRserrature","https:\/\/www.linkedin.com\/company\/omrserrature\/","https:\/\/www.youtube.com\/channel\/UCxmA85z2R0EpG_6IRokiAkg"]}]}},"_links":{"self":[{"href":"https:\/\/www.omrserrature.it\/de\/wp-json\/wp\/v2\/product\/242673","targetHints":{"allow":["GET"]}}],"collection":[{"href":"https:\/\/www.omrserrature.it\/de\/wp-json\/wp\/v2\/product"}],"about":[{"href":"https:\/\/www.omrserrature.it\/de\/wp-json\/wp\/v2\/types\/product"}],"replies":[{"embeddable":true,"href":"https:\/\/www.omrserrature.it\/de\/wp-json\/wp\/v2\/comments?post=242673"}],"wp:featuredmedia":[{"embeddable":true,"href":"https:\/\/www.omrserrature.it\/de\/wp-json\/wp\/v2\/media\/3319"}],"wp:attachment":[{"href":"https:\/\/www.omrserrature.it\/de\/wp-json\/wp\/v2\/media?parent=242673"}],"wp:term":[{"taxonomy":"product_brand","embeddable":true,"href":"https:\/\/www.omrserrature.it\/de\/wp-json\/wp\/v2\/product_brand?post=242673"},{"taxonomy":"product_cat","embeddable":true,"href":"https:\/\/www.omrserrature.it\/de\/wp-json\/wp\/v2\/product_cat?post=242673"},{"taxonomy":"product_tag","embeddable":true,"href":"https:\/\/www.omrserrature.it\/de\/wp-json\/wp\/v2\/product_tag?post=242673"}],"curies":[{"name":"wp","href":"https:\/\/api.w.org\/{rel}","templated":true}]}}