{"id":242653,"date":"2017-10-16T09:46:38","date_gmt":"2016-10-17T07:46:00","guid":{"rendered":"https:\/\/www.staging6.omrserrature.it\/prodotto\/hebelschloss-fuer-doppel-glastuer\/"},"modified":"2026-04-08T12:49:34","modified_gmt":"2026-04-08T10:49:34","slug":"hebelschloss-fuer-doppel-glastuer","status":"publish","type":"product","link":"https:\/\/www.omrserrature.it\/de\/produkt\/hebelschloss-fuer-doppel-glastuer\/","title":{"rendered":"Hebelschloss f\u00fcr Doppel-Glast\u00fcr"},"content":{"rendered":"<p>Das <strong>Universalschloss <\/strong>mit <strong>Hebelzylinder <\/strong>und Pl\u00e4ttchenzylinder, das auch als Falle bezeichnet wird, geh\u00f6rt sicherlich <strong>zu den beliebtesten Schl\u00f6ssern f\u00fcr doppelverglaste Fensterfl\u00fcgel<\/strong>. Der vernickelte Messingschl\u00fcssel bewegt den zentralen Pl\u00e4ttchenzylinder, der sich in einem Geh\u00e4use aus einer Zinklegierung befindet, das Stator, Buchse oder K\u00f6rper genannt wird. Der Durchmesser ist an zwei gegen\u00fcberliegenden Seiten (Seitenplatten) gefr\u00e4st, die ein doppeltes D bilden, um eine Drehung des Nockenschlosses am Einbauort zu verhindern.   Die Bet\u00e4tigung des <strong>hinteren Nockens oder Hebels<\/strong> bestimmt den Abschluss oder die \u00d6ffnung des <strong>Nockenschlosses<\/strong>.<\/p>\n<p>Der Schlossk\u00f6rper, der Zylinder und der Hebel sind <strong>aus einer Zinklegierung gefertigt.<\/strong> Der 7-mm-Vierkant erm\u00f6glicht auch die Montage verschiedener <strong>gerader, gekr\u00f6pfter und Hakenzungen<\/strong>.  Mehrere Modelle mit unterschiedlichen Bewegungen und Schl\u00fcsselabzugstellungen sind verf\u00fcgbar. Der <strong>K\u00f6rper mit Vollgewinde<\/strong> erm\u00f6glicht die Befestigung mit einer Mutter oder Gabelfeder. Das Doppelt\u00fcrschild MPIA04852 vervollst\u00e4ndigt die Befestigung des Schlosses an der M\u00f6belt\u00fcr aus Glas. <\/p>\n<p>Der universelle Schlie\u00dfzylinder ist ideal f\u00fcr die Montage an<strong> Vitrinen<\/strong> und Schauk\u00e4sten, Schauk\u00e4sten, Ausstellungstheken und Displays.<\/p>\n","protected":false},"excerpt":{"rendered":"<p>Das <strong>Universalschloss <\/strong>mit <strong>Hebelschl\u00f6sser <\/strong>mit Pl\u00e4ttchenzylinder, das auch als Falle bezeichnet wird, <strong>geh\u00f6rt <\/strong>aufgrund seiner Vielseitigkeit sicherlich <strong>zu den beliebtesten Schl\u00f6ssern f\u00fcr doppelverglaste Fensterfl\u00fcgel <\/strong>.<\/p>\n","protected":false},"featured_media":3613,"comment_status":"open","ping_status":"closed","template":"","meta":{"_acf_changed":false,"_et_pb_use_builder":"","_et_pb_old_content":"","_et_gb_content_width":""},"product_brand":[],"product_cat":[3876,3766,3796,3825,3771,3861,3835,3869],"product_tag":[],"class_list":{"0":"post-242653","1":"product","2":"type-product","3":"status-publish","4":"has-post-thumbnail","6":"product_cat-flugelturen","7":"product_cat-gros-und-einzelhandel","8":"product_cat-hauptschlussel-schlosser","9":"product_cat-hebel-schlosser","10":"product_cat-messen-und-ausstellungen","11":"product_cat-mobelturen","12":"product_cat-schlosser-fur-mobel","13":"product_cat-schlosser-fur-vitrinen","15":"first","16":"instock","17":"shipping-taxable","18":"purchasable","19":"product-type-variable","20":"has-default-attributes"},"acf":{"pdf1":"https:\/\/www.omrserrature.it\/wp-content\/uploads\/2017\/10\/Scheda_165836.pdf"},"yoast_head":"<!-- This site is optimized with the Yoast SEO plugin v27.2 - https:\/\/yoast.com\/product\/yoast-seo-wordpress\/ -->\n<title>Hebelschloss f\u00fcr Doppel-Glast\u00fcr - OMR Serrature<\/title>\n<meta name=\"robots\" content=\"index, follow, max-snippet:-1, max-image-preview:large, max-video-preview:-1\" \/>\n<link rel=\"canonical\" href=\"https:\/\/www.omrserrature.it\/de\/produkt\/hebelschloss-fuer-doppel-glastuer\/\" \/>\n<meta property=\"og:locale\" content=\"de_DE\" \/>\n<meta property=\"og:type\" content=\"article\" \/>\n<meta property=\"og:title\" content=\"Hebelschloss f\u00fcr Doppel-Glast\u00fcr - OMR Serrature\" \/>\n<meta property=\"og:description\" content=\"Das Universalschloss mit Hebelschl\u00f6sser mit Pl\u00e4ttchenzylinder, das auch als Falle bezeichnet wird, geh\u00f6rt aufgrund seiner Vielseitigkeit sicherlich zu den beliebtesten Schl\u00f6ssern f\u00fcr doppelverglaste Fensterfl\u00fcgel .\" \/>\n<meta property=\"og:url\" content=\"https:\/\/www.omrserrature.it\/de\/produkt\/hebelschloss-fuer-doppel-glastuer\/\" \/>\n<meta property=\"og:site_name\" content=\"OMR Serrature | Produzione sistemi di chiusura\" \/>\n<meta property=\"article:publisher\" content=\"https:\/\/www.facebook.com\/OMRserrature\" \/>\n<meta property=\"article:modified_time\" content=\"2026-04-08T10:49:34+00:00\" \/>\n<meta property=\"og:image\" content=\"https:\/\/www.omrserrature.it\/wp-content\/uploads\/2017\/10\/serratura-anta-doppia-vetro.jpg\" \/>\n\t<meta property=\"og:image:width\" content=\"356\" \/>\n\t<meta property=\"og:image:height\" content=\"383\" \/>\n\t<meta property=\"og:image:type\" content=\"image\/jpeg\" \/>\n<meta name=\"twitter:card\" content=\"summary_large_image\" \/>\n<meta name=\"twitter:label1\" content=\"Gesch\u00e4tzte Lesezeit\" \/>\n\t<meta name=\"twitter:data1\" content=\"1\u00a0Minute\" \/>\n<script type=\"application\/ld+json\" class=\"yoast-schema-graph\">{\"@context\":\"https:\/\/schema.org\",\"@graph\":[{\"@type\":\"WebPage\",\"@id\":\"https:\/\/www.omrserrature.it\/de\/produkt\/hebelschloss-fuer-doppel-glastuer\/\",\"url\":\"https:\/\/www.omrserrature.it\/de\/produkt\/hebelschloss-fuer-doppel-glastuer\/\",\"name\":\"Hebelschloss f\u00fcr Doppel-Glast\u00fcr - OMR Serrature\",\"isPartOf\":{\"@id\":\"https:\/\/www.omrserrature.it\/de\/#website\"},\"primaryImageOfPage\":{\"@id\":\"https:\/\/www.omrserrature.it\/de\/produkt\/hebelschloss-fuer-doppel-glastuer\/#primaryimage\"},\"image\":{\"@id\":\"https:\/\/www.omrserrature.it\/de\/produkt\/hebelschloss-fuer-doppel-glastuer\/#primaryimage\"},\"thumbnailUrl\":\"https:\/\/www.omrserrature.it\/wp-content\/uploads\/2017\/10\/serratura-anta-doppia-vetro.jpg\",\"datePublished\":\"2016-10-17T07:46:00+00:00\",\"dateModified\":\"2026-04-08T10:49:34+00:00\",\"breadcrumb\":{\"@id\":\"https:\/\/www.omrserrature.it\/de\/produkt\/hebelschloss-fuer-doppel-glastuer\/#breadcrumb\"},\"inLanguage\":\"de\",\"potentialAction\":[{\"@type\":\"ReadAction\",\"target\":[\"https:\/\/www.omrserrature.it\/de\/produkt\/hebelschloss-fuer-doppel-glastuer\/\"]}]},{\"@type\":\"ImageObject\",\"inLanguage\":\"de\",\"@id\":\"https:\/\/www.omrserrature.it\/de\/produkt\/hebelschloss-fuer-doppel-glastuer\/#primaryimage\",\"url\":\"https:\/\/www.omrserrature.it\/wp-content\/uploads\/2017\/10\/serratura-anta-doppia-vetro.jpg\",\"contentUrl\":\"https:\/\/www.omrserrature.it\/wp-content\/uploads\/2017\/10\/serratura-anta-doppia-vetro.jpg\",\"width\":356,\"height\":383,\"caption\":\"Schloss mit Hebel und Platte f\u00fcr doppelt verglaste M\u00f6belt\u00fcren\"},{\"@type\":\"BreadcrumbList\",\"@id\":\"https:\/\/www.omrserrature.it\/de\/produkt\/hebelschloss-fuer-doppel-glastuer\/#breadcrumb\",\"itemListElement\":[{\"@type\":\"ListItem\",\"position\":1,\"name\":\"Home\",\"item\":\"https:\/\/www.omrserrature.it\/de\/omr-serrature-sistemi-chiusura\/\"},{\"@type\":\"ListItem\",\"position\":2,\"name\":\"Katalog\",\"item\":\"https:\/\/www.omrserrature.it\/katalog\/?lang=de\"},{\"@type\":\"ListItem\",\"position\":3,\"name\":\"Anwendungen\",\"item\":\"https:\/\/www.omrserrature.it\/de\/katalog\/anwendungen\/\"},{\"@type\":\"ListItem\",\"position\":4,\"name\":\"Schl\u00f6sser f\u00fcr M\u00f6bel\",\"item\":\"https:\/\/www.omrserrature.it\/de\/katalog\/anwendungen\/schlosser-fur-mobel\/\"},{\"@type\":\"ListItem\",\"position\":5,\"name\":\"M\u00f6belt\u00fcren\",\"item\":\"https:\/\/www.omrserrature.it\/de\/katalog\/anwendungen\/schlosser-fur-mobel\/mobelturen\/\"},{\"@type\":\"ListItem\",\"position\":6,\"name\":\"Fl\u00fcgelt\u00fcren\",\"item\":\"https:\/\/www.omrserrature.it\/de\/katalog\/anwendungen\/schlosser-fur-mobel\/mobelturen\/flugelturen\/\"},{\"@type\":\"ListItem\",\"position\":7,\"name\":\"Hebelschloss f\u00fcr Doppel-Glast\u00fcr\"}]},{\"@type\":\"WebSite\",\"@id\":\"https:\/\/www.omrserrature.it\/de\/#website\",\"url\":\"https:\/\/www.omrserrature.it\/de\/\",\"name\":\"OMR Serrature | Produzione sistemi di chiusura\",\"description\":\"Produzione serrature di sicurezza e sistemi di chiusura\",\"publisher\":{\"@id\":\"https:\/\/www.omrserrature.it\/de\/#organization\"},\"potentialAction\":[{\"@type\":\"SearchAction\",\"target\":{\"@type\":\"EntryPoint\",\"urlTemplate\":\"https:\/\/www.omrserrature.it\/de\/?s={search_term_string}\"},\"query-input\":{\"@type\":\"PropertyValueSpecification\",\"valueRequired\":true,\"valueName\":\"search_term_string\"}}],\"inLanguage\":\"de\"},{\"@type\":\"Organization\",\"@id\":\"https:\/\/www.omrserrature.it\/de\/#organization\",\"name\":\"OMR Serrature | Produzione sistemi di chiusura\",\"url\":\"https:\/\/www.omrserrature.it\/de\/\",\"logo\":{\"@type\":\"ImageObject\",\"inLanguage\":\"de\",\"@id\":\"https:\/\/www.omrserrature.it\/de\/#\/schema\/logo\/image\/\",\"url\":\"https:\/\/www.omrserrature.it\/wp-content\/uploads\/2017\/09\/favicon-omr-114.png\",\"contentUrl\":\"https:\/\/www.omrserrature.it\/wp-content\/uploads\/2017\/09\/favicon-omr-114.png\",\"width\":114,\"height\":114,\"caption\":\"OMR Serrature | Produzione sistemi di chiusura\"},\"image\":{\"@id\":\"https:\/\/www.omrserrature.it\/de\/#\/schema\/logo\/image\/\"},\"sameAs\":[\"https:\/\/www.facebook.com\/OMRserrature\",\"https:\/\/www.linkedin.com\/company\/omrserrature\/\",\"https:\/\/www.youtube.com\/channel\/UCxmA85z2R0EpG_6IRokiAkg\"]}]}<\/script>\n<!-- \/ Yoast SEO plugin. -->","yoast_head_json":{"title":"Hebelschloss f\u00fcr Doppel-Glast\u00fcr - OMR Serrature","robots":{"index":"index","follow":"follow","max-snippet":"max-snippet:-1","max-image-preview":"max-image-preview:large","max-video-preview":"max-video-preview:-1"},"canonical":"https:\/\/www.omrserrature.it\/de\/produkt\/hebelschloss-fuer-doppel-glastuer\/","og_locale":"de_DE","og_type":"article","og_title":"Hebelschloss f\u00fcr Doppel-Glast\u00fcr - OMR Serrature","og_description":"Das Universalschloss mit Hebelschl\u00f6sser mit Pl\u00e4ttchenzylinder, das auch als Falle bezeichnet wird, geh\u00f6rt aufgrund seiner Vielseitigkeit sicherlich zu den beliebtesten Schl\u00f6ssern f\u00fcr doppelverglaste Fensterfl\u00fcgel .","og_url":"https:\/\/www.omrserrature.it\/de\/produkt\/hebelschloss-fuer-doppel-glastuer\/","og_site_name":"OMR Serrature | Produzione sistemi di chiusura","article_publisher":"https:\/\/www.facebook.com\/OMRserrature","article_modified_time":"2026-04-08T10:49:34+00:00","og_image":[{"width":356,"height":383,"url":"https:\/\/www.omrserrature.it\/wp-content\/uploads\/2017\/10\/serratura-anta-doppia-vetro.jpg","type":"image\/jpeg"}],"twitter_card":"summary_large_image","twitter_misc":{"Gesch\u00e4tzte Lesezeit":"1\u00a0Minute"},"schema":{"@context":"https:\/\/schema.org","@graph":[{"@type":"WebPage","@id":"https:\/\/www.omrserrature.it\/de\/produkt\/hebelschloss-fuer-doppel-glastuer\/","url":"https:\/\/www.omrserrature.it\/de\/produkt\/hebelschloss-fuer-doppel-glastuer\/","name":"Hebelschloss f\u00fcr Doppel-Glast\u00fcr - OMR Serrature","isPartOf":{"@id":"https:\/\/www.omrserrature.it\/de\/#website"},"primaryImageOfPage":{"@id":"https:\/\/www.omrserrature.it\/de\/produkt\/hebelschloss-fuer-doppel-glastuer\/#primaryimage"},"image":{"@id":"https:\/\/www.omrserrature.it\/de\/produkt\/hebelschloss-fuer-doppel-glastuer\/#primaryimage"},"thumbnailUrl":"https:\/\/www.omrserrature.it\/wp-content\/uploads\/2017\/10\/serratura-anta-doppia-vetro.jpg","datePublished":"2016-10-17T07:46:00+00:00","dateModified":"2026-04-08T10:49:34+00:00","breadcrumb":{"@id":"https:\/\/www.omrserrature.it\/de\/produkt\/hebelschloss-fuer-doppel-glastuer\/#breadcrumb"},"inLanguage":"de","potentialAction":[{"@type":"ReadAction","target":["https:\/\/www.omrserrature.it\/de\/produkt\/hebelschloss-fuer-doppel-glastuer\/"]}]},{"@type":"ImageObject","inLanguage":"de","@id":"https:\/\/www.omrserrature.it\/de\/produkt\/hebelschloss-fuer-doppel-glastuer\/#primaryimage","url":"https:\/\/www.omrserrature.it\/wp-content\/uploads\/2017\/10\/serratura-anta-doppia-vetro.jpg","contentUrl":"https:\/\/www.omrserrature.it\/wp-content\/uploads\/2017\/10\/serratura-anta-doppia-vetro.jpg","width":356,"height":383,"caption":"Schloss mit Hebel und Platte f\u00fcr doppelt verglaste M\u00f6belt\u00fcren"},{"@type":"BreadcrumbList","@id":"https:\/\/www.omrserrature.it\/de\/produkt\/hebelschloss-fuer-doppel-glastuer\/#breadcrumb","itemListElement":[{"@type":"ListItem","position":1,"name":"Home","item":"https:\/\/www.omrserrature.it\/de\/omr-serrature-sistemi-chiusura\/"},{"@type":"ListItem","position":2,"name":"Katalog","item":"https:\/\/www.omrserrature.it\/katalog\/?lang=de"},{"@type":"ListItem","position":3,"name":"Anwendungen","item":"https:\/\/www.omrserrature.it\/de\/katalog\/anwendungen\/"},{"@type":"ListItem","position":4,"name":"Schl\u00f6sser f\u00fcr M\u00f6bel","item":"https:\/\/www.omrserrature.it\/de\/katalog\/anwendungen\/schlosser-fur-mobel\/"},{"@type":"ListItem","position":5,"name":"M\u00f6belt\u00fcren","item":"https:\/\/www.omrserrature.it\/de\/katalog\/anwendungen\/schlosser-fur-mobel\/mobelturen\/"},{"@type":"ListItem","position":6,"name":"Fl\u00fcgelt\u00fcren","item":"https:\/\/www.omrserrature.it\/de\/katalog\/anwendungen\/schlosser-fur-mobel\/mobelturen\/flugelturen\/"},{"@type":"ListItem","position":7,"name":"Hebelschloss f\u00fcr Doppel-Glast\u00fcr"}]},{"@type":"WebSite","@id":"https:\/\/www.omrserrature.it\/de\/#website","url":"https:\/\/www.omrserrature.it\/de\/","name":"OMR Serrature | Produzione sistemi di chiusura","description":"Produzione serrature di sicurezza e sistemi di chiusura","publisher":{"@id":"https:\/\/www.omrserrature.it\/de\/#organization"},"potentialAction":[{"@type":"SearchAction","target":{"@type":"EntryPoint","urlTemplate":"https:\/\/www.omrserrature.it\/de\/?s={search_term_string}"},"query-input":{"@type":"PropertyValueSpecification","valueRequired":true,"valueName":"search_term_string"}}],"inLanguage":"de"},{"@type":"Organization","@id":"https:\/\/www.omrserrature.it\/de\/#organization","name":"OMR Serrature | Produzione sistemi di chiusura","url":"https:\/\/www.omrserrature.it\/de\/","logo":{"@type":"ImageObject","inLanguage":"de","@id":"https:\/\/www.omrserrature.it\/de\/#\/schema\/logo\/image\/","url":"https:\/\/www.omrserrature.it\/wp-content\/uploads\/2017\/09\/favicon-omr-114.png","contentUrl":"https:\/\/www.omrserrature.it\/wp-content\/uploads\/2017\/09\/favicon-omr-114.png","width":114,"height":114,"caption":"OMR Serrature | Produzione sistemi di chiusura"},"image":{"@id":"https:\/\/www.omrserrature.it\/de\/#\/schema\/logo\/image\/"},"sameAs":["https:\/\/www.facebook.com\/OMRserrature","https:\/\/www.linkedin.com\/company\/omrserrature\/","https:\/\/www.youtube.com\/channel\/UCxmA85z2R0EpG_6IRokiAkg"]}]}},"_links":{"self":[{"href":"https:\/\/www.omrserrature.it\/de\/wp-json\/wp\/v2\/product\/242653","targetHints":{"allow":["GET"]}}],"collection":[{"href":"https:\/\/www.omrserrature.it\/de\/wp-json\/wp\/v2\/product"}],"about":[{"href":"https:\/\/www.omrserrature.it\/de\/wp-json\/wp\/v2\/types\/product"}],"replies":[{"embeddable":true,"href":"https:\/\/www.omrserrature.it\/de\/wp-json\/wp\/v2\/comments?post=242653"}],"wp:featuredmedia":[{"embeddable":true,"href":"https:\/\/www.omrserrature.it\/de\/wp-json\/wp\/v2\/media\/3613"}],"wp:attachment":[{"href":"https:\/\/www.omrserrature.it\/de\/wp-json\/wp\/v2\/media?parent=242653"}],"wp:term":[{"taxonomy":"product_brand","embeddable":true,"href":"https:\/\/www.omrserrature.it\/de\/wp-json\/wp\/v2\/product_brand?post=242653"},{"taxonomy":"product_cat","embeddable":true,"href":"https:\/\/www.omrserrature.it\/de\/wp-json\/wp\/v2\/product_cat?post=242653"},{"taxonomy":"product_tag","embeddable":true,"href":"https:\/\/www.omrserrature.it\/de\/wp-json\/wp\/v2\/product_tag?post=242653"}],"curies":[{"name":"wp","href":"https:\/\/api.w.org\/{rel}","templated":true}]}}