{"id":242603,"date":"2017-10-12T14:11:43","date_gmt":"2012-10-17T12:11:00","guid":{"rendered":"https:\/\/www.staging6.omrserrature.it\/prodotto\/ovales-buero-schubladenschloss-mit-hinterer-hebedorn\/"},"modified":"2026-04-08T12:48:17","modified_gmt":"2026-04-08T10:48:17","slug":"ovales-buero-schubladenschloss-mit-hinterer-hebedorn","status":"publish","type":"product","link":"https:\/\/www.omrserrature.it\/de\/produkt\/ovales-buero-schubladenschloss-mit-hinterer-hebedorn\/","title":{"rendered":"Ovales B\u00fcro-Schubladenschloss mit Hinterer Hebedorn"},"content":{"rendered":"<p>Das <strong>ovale Schloss mit Hebedorn<\/strong> f\u00fcr Zentralverschluss ist mit einem 5-Pl\u00e4ttchenzylinder versehen, der in einem Geh\u00e4use aus Zinklegierung enthalten ist. Der <strong>Hebedorn<\/strong> weist eine 180\u00b0 Drehung auf, der den <strong>Zentralverschluss<\/strong> bet\u00e4tigt. <\/p>\n<p>Der Schlossk\u00f6rper kann entweder mit einer Gabelfeder (oder einem Clip) oder mit einer Schnappfeder <strong>schnell befestigt<\/strong> werden. Die ovale Form erlaubt die Installation auch in engen R\u00e4umen, z.B. bei Servierwagen, Putzwagen und Aktenschr\u00e4nken <strong>aus Blech oder Aluminium<\/strong>. Bei dem Modell mit <strong>herausnehmbarem Zylinder<\/strong> kann der Kern entfernt oder ausgetauscht werden, ohne das Geh\u00e4use oder das Schloss zu besch\u00e4digen. Es kann mit <strong>Kippschl\u00fcssel<\/strong> unterschiedlicher Farben versehen werden.<\/p>\n<p>In Kombination sind <strong>Kippschutzplatten<\/strong> lieferbar, die ein versehentliches \u00d6ffnen der Schubladen beim Bewegen des Werkzeugkastens verhindern und somit eine hohe Sicherheit bieten. Oder sie verhindern das gleichzeitige \u00d6ffnen von 2 Schubladen, das den Fall des Containers verursachen k\u00f6nnte.<\/p>\n<p><strong>Das ovale Schloss mit Hinterer Stift<\/strong> ist in erster Linie f\u00fcr den Einsatz in professionellen Fahrzeugausstattungen, an Metallm\u00f6beln mit mehreren Schubladen, wie z.B. Schreibtischschubladen auf R\u00e4dern mit 3 oder mehr Schubladen, Werkzeugwagen, die \u00fcblicherweise in einer Werkstatt oder Arbeitsumgebung verwendet werden, um <strong>wertvolle Werkzeuge zu sichern, indem der Zugang eingeschr\u00e4nkt wird,<\/strong> konzipiert <strong>.<\/strong><\/p>\n","protected":false},"excerpt":{"rendered":"<p>Das <strong>ovale Schwenkschloss<\/strong> besteht aus Metalldruckguss (Zamak) und ist an der R\u00fcckseite mit einem Stift, dem sogenannten Hinteren Stift, ausgestattet, der sich um 180\u00b0 drehen l\u00e4sst, um das <strong>mehrfache und zentralisierte Schlie\u00dfsystem der Schubladen<\/strong> zu steuern. Der Schlossk\u00f6rper kann entweder mit einer Gabelfeder (oder einem Clip) oder mit einer Schnappfeder <strong>schnell fixiert<\/strong> werden. <\/p>\n","protected":false},"featured_media":3325,"comment_status":"open","ping_status":"closed","template":"","meta":{"_acf_changed":false,"_et_pb_use_builder":"off","_et_pb_old_content":"Das <strong>ovale Schloss mit Hebedorn<\/strong> f\u00fcr Zentralverschluss ist mit einem 5-Pl\u00e4ttchenzylinder versehen, der in einem Geh\u00e4use aus Zinklegierung enthalten ist. Der <strong>Hebedorn<\/strong> weist eine 180\u00b0 Drehung auf, der den <strong>Zentralverschluss<\/strong> bet\u00e4tigt. \n\nDer Schlossk\u00f6rper kann entweder mit einer Gabelfeder (oder einem Clip) oder mit einer Schnappfeder <strong>schnell befestigt<\/strong> werden. Die ovale Form erlaubt die Installation auch in engen R\u00e4umen, z.B. bei Servierwagen, Putzwagen und Aktenschr\u00e4nken <strong>aus Blech oder Aluminium<\/strong>. Bei dem Modell mit <strong>herausnehmbarem Zylinder<\/strong> kann der Kern entfernt oder ausgetauscht werden, ohne das Geh\u00e4use oder das Schloss zu besch\u00e4digen. Es kann mit <strong>Kippschl\u00fcssel<\/strong> unterschiedlicher Farben versehen werden. Die <strong>Kippsperren<\/strong> bieten einen hohen Sicherheitsgrad, da sie das unerw\u00fcnschte \u00d6ffnen von Schubladen verhindern. Oder sie verhindern das gleichzeitige \u00d6ffnen von 2 Schubladen, das den Fall des Containers verursachen k\u00f6nnte.\n\nDas ovale Schloss mit Hinterer Stift ist in erster Linie f\u00fcr den Einsatz in professionellen Fahrzeugbeschl\u00e4gen, an Metallm\u00f6beln mit mehreren Schubladen, wie z.B. Schreibtischschr\u00e4nken auf R\u00e4dern mit 3 oder mehr Schubladen, Werkzeugwagen, die \u00fcblicherweise in einer Werkstatt oder Arbeitsumgebung verwendet werden, um <strong>wertvolle Werkzeuge zu sichern, indem der Zugang eingeschr\u00e4nkt wird,<\/strong> konzipiert <strong>.<\/strong>\n\n","_et_gb_content_width":""},"product_brand":[],"product_cat":[3767,3774,3796,3772,3828,3865,3846,3788,3781,3863],"product_tag":[],"class_list":{"0":"post-242603","1":"product","2":"type-product","3":"status-publish","4":"has-post-thumbnail","6":"product_cat-bank-und-postwesen","7":"product_cat-burogebaude","8":"product_cat-hauptschlussel-schlosser","9":"product_cat-krankenhauser-und-gesundheitsbereich","10":"product_cat-professionelle-mobelschlosser","11":"product_cat-schlosser-fur-aktenschranke","12":"product_cat-schlosser-fur-industrielle-schubladen","13":"product_cat-schlosser-mit-abnehmbarem-zylinder","14":"product_cat-stiftschlosser","15":"product_cat-zentralverschlusse-von-schubladen","17":"first","18":"instock","19":"shipping-taxable","20":"purchasable","21":"product-type-variable","22":"has-default-attributes"},"acf":{"pdf1":"https:\/\/www.omrserrature.it\/wp-content\/uploads\/schede\/Scheda_161351.pdf"},"yoast_head":"<!-- This site is optimized with the Yoast SEO plugin v27.2 - https:\/\/yoast.com\/product\/yoast-seo-wordpress\/ -->\n<title>Ovales B\u00fcro-Schubladenschloss mit Hinterer Hebedorn - OMR Serrature<\/title>\n<meta name=\"robots\" content=\"index, follow, max-snippet:-1, max-image-preview:large, max-video-preview:-1\" \/>\n<link rel=\"canonical\" href=\"https:\/\/www.omrserrature.it\/de\/produkt\/ovales-buero-schubladenschloss-mit-hinterer-hebedorn\/\" \/>\n<meta property=\"og:locale\" content=\"de_DE\" \/>\n<meta property=\"og:type\" content=\"article\" \/>\n<meta property=\"og:title\" content=\"Ovales B\u00fcro-Schubladenschloss mit Hinterer Hebedorn - OMR Serrature\" \/>\n<meta property=\"og:description\" content=\"Das ovale Schwenkschloss besteht aus Metalldruckguss (Zamak) und ist an der R\u00fcckseite mit einem Stift, dem sogenannten Hinteren Stift, ausgestattet, der sich um 180\u00b0 drehen l\u00e4sst, um das mehrfache und zentralisierte Schlie\u00dfsystem der Schubladen zu steuern. Der Schlossk\u00f6rper kann entweder mit einer Gabelfeder (oder einem Clip) oder mit einer Schnappfeder schnell fixiert werden.\" \/>\n<meta property=\"og:url\" content=\"https:\/\/www.omrserrature.it\/de\/produkt\/ovales-buero-schubladenschloss-mit-hinterer-hebedorn\/\" \/>\n<meta property=\"og:site_name\" content=\"OMR Serrature | Produzione sistemi di chiusura\" \/>\n<meta property=\"article:publisher\" content=\"https:\/\/www.facebook.com\/OMRserrature\" \/>\n<meta property=\"article:modified_time\" content=\"2026-04-08T10:48:17+00:00\" \/>\n<meta property=\"og:image\" content=\"https:\/\/www.omrserrature.it\/wp-content\/uploads\/2017\/10\/serratura-ovale-comandino.jpg\" \/>\n\t<meta property=\"og:image:width\" content=\"336\" \/>\n\t<meta property=\"og:image:height\" content=\"398\" \/>\n\t<meta property=\"og:image:type\" content=\"image\/jpeg\" \/>\n<meta name=\"twitter:card\" content=\"summary_large_image\" \/>\n<meta name=\"twitter:label1\" content=\"Gesch\u00e4tzte Lesezeit\" \/>\n\t<meta name=\"twitter:data1\" content=\"1\u00a0Minute\" \/>\n<script type=\"application\/ld+json\" class=\"yoast-schema-graph\">{\"@context\":\"https:\/\/schema.org\",\"@graph\":[{\"@type\":\"WebPage\",\"@id\":\"https:\/\/www.omrserrature.it\/de\/produkt\/ovales-buero-schubladenschloss-mit-hinterer-hebedorn\/\",\"url\":\"https:\/\/www.omrserrature.it\/de\/produkt\/ovales-buero-schubladenschloss-mit-hinterer-hebedorn\/\",\"name\":\"Ovales B\u00fcro-Schubladenschloss mit Hinterer Hebedorn - OMR Serrature\",\"isPartOf\":{\"@id\":\"https:\/\/www.omrserrature.it\/de\/#website\"},\"primaryImageOfPage\":{\"@id\":\"https:\/\/www.omrserrature.it\/de\/produkt\/ovales-buero-schubladenschloss-mit-hinterer-hebedorn\/#primaryimage\"},\"image\":{\"@id\":\"https:\/\/www.omrserrature.it\/de\/produkt\/ovales-buero-schubladenschloss-mit-hinterer-hebedorn\/#primaryimage\"},\"thumbnailUrl\":\"https:\/\/www.omrserrature.it\/wp-content\/uploads\/2017\/10\/serratura-ovale-comandino.jpg\",\"datePublished\":\"2012-10-17T12:11:00+00:00\",\"dateModified\":\"2026-04-08T10:48:17+00:00\",\"breadcrumb\":{\"@id\":\"https:\/\/www.omrserrature.it\/de\/produkt\/ovales-buero-schubladenschloss-mit-hinterer-hebedorn\/#breadcrumb\"},\"inLanguage\":\"de\",\"potentialAction\":[{\"@type\":\"ReadAction\",\"target\":[\"https:\/\/www.omrserrature.it\/de\/produkt\/ovales-buero-schubladenschloss-mit-hinterer-hebedorn\/\"]}]},{\"@type\":\"ImageObject\",\"inLanguage\":\"de\",\"@id\":\"https:\/\/www.omrserrature.it\/de\/produkt\/ovales-buero-schubladenschloss-mit-hinterer-hebedorn\/#primaryimage\",\"url\":\"https:\/\/www.omrserrature.it\/wp-content\/uploads\/2017\/10\/serratura-ovale-comandino.jpg\",\"contentUrl\":\"https:\/\/www.omrserrature.it\/wp-content\/uploads\/2017\/10\/serratura-ovale-comandino.jpg\",\"width\":336,\"height\":398,\"caption\":\"Ovales Schloss mit Stift und Hinterer Stift - Metalldruckguss\"},{\"@type\":\"BreadcrumbList\",\"@id\":\"https:\/\/www.omrserrature.it\/de\/produkt\/ovales-buero-schubladenschloss-mit-hinterer-hebedorn\/#breadcrumb\",\"itemListElement\":[{\"@type\":\"ListItem\",\"position\":1,\"name\":\"Home\",\"item\":\"https:\/\/www.omrserrature.it\/de\/omr-serrature-sistemi-chiusura\/\"},{\"@type\":\"ListItem\",\"position\":2,\"name\":\"Katalog\",\"item\":\"https:\/\/www.omrserrature.it\/katalog\/?lang=de\"},{\"@type\":\"ListItem\",\"position\":3,\"name\":\"Produkte\",\"item\":\"https:\/\/www.omrserrature.it\/de\/katalog\/produkte\/\"},{\"@type\":\"ListItem\",\"position\":4,\"name\":\"Schloesser\",\"item\":\"https:\/\/www.omrserrature.it\/de\/katalog\/produkte\/schloesser\/\"},{\"@type\":\"ListItem\",\"position\":5,\"name\":\"Hauptschl\u00fcssel Schl\u00f6sser\",\"item\":\"https:\/\/www.omrserrature.it\/de\/katalog\/produkte\/schloesser\/hauptschlussel-schlosser\/\"},{\"@type\":\"ListItem\",\"position\":6,\"name\":\"Ovales B\u00fcro-Schubladenschloss mit Hinterer Hebedorn\"}]},{\"@type\":\"WebSite\",\"@id\":\"https:\/\/www.omrserrature.it\/de\/#website\",\"url\":\"https:\/\/www.omrserrature.it\/de\/\",\"name\":\"OMR Serrature | Produzione sistemi di chiusura\",\"description\":\"Produzione serrature di sicurezza e sistemi di chiusura\",\"publisher\":{\"@id\":\"https:\/\/www.omrserrature.it\/de\/#organization\"},\"potentialAction\":[{\"@type\":\"SearchAction\",\"target\":{\"@type\":\"EntryPoint\",\"urlTemplate\":\"https:\/\/www.omrserrature.it\/de\/?s={search_term_string}\"},\"query-input\":{\"@type\":\"PropertyValueSpecification\",\"valueRequired\":true,\"valueName\":\"search_term_string\"}}],\"inLanguage\":\"de\"},{\"@type\":\"Organization\",\"@id\":\"https:\/\/www.omrserrature.it\/de\/#organization\",\"name\":\"OMR Serrature | Produzione sistemi di chiusura\",\"url\":\"https:\/\/www.omrserrature.it\/de\/\",\"logo\":{\"@type\":\"ImageObject\",\"inLanguage\":\"de\",\"@id\":\"https:\/\/www.omrserrature.it\/de\/#\/schema\/logo\/image\/\",\"url\":\"https:\/\/www.omrserrature.it\/wp-content\/uploads\/2017\/09\/favicon-omr-114.png\",\"contentUrl\":\"https:\/\/www.omrserrature.it\/wp-content\/uploads\/2017\/09\/favicon-omr-114.png\",\"width\":114,\"height\":114,\"caption\":\"OMR Serrature | Produzione sistemi di chiusura\"},\"image\":{\"@id\":\"https:\/\/www.omrserrature.it\/de\/#\/schema\/logo\/image\/\"},\"sameAs\":[\"https:\/\/www.facebook.com\/OMRserrature\",\"https:\/\/www.linkedin.com\/company\/omrserrature\/\",\"https:\/\/www.youtube.com\/channel\/UCxmA85z2R0EpG_6IRokiAkg\"]}]}<\/script>\n<!-- \/ Yoast SEO plugin. -->","yoast_head_json":{"title":"Ovales B\u00fcro-Schubladenschloss mit Hinterer Hebedorn - OMR Serrature","robots":{"index":"index","follow":"follow","max-snippet":"max-snippet:-1","max-image-preview":"max-image-preview:large","max-video-preview":"max-video-preview:-1"},"canonical":"https:\/\/www.omrserrature.it\/de\/produkt\/ovales-buero-schubladenschloss-mit-hinterer-hebedorn\/","og_locale":"de_DE","og_type":"article","og_title":"Ovales B\u00fcro-Schubladenschloss mit Hinterer Hebedorn - OMR Serrature","og_description":"Das ovale Schwenkschloss besteht aus Metalldruckguss (Zamak) und ist an der R\u00fcckseite mit einem Stift, dem sogenannten Hinteren Stift, ausgestattet, der sich um 180\u00b0 drehen l\u00e4sst, um das mehrfache und zentralisierte Schlie\u00dfsystem der Schubladen zu steuern. Der Schlossk\u00f6rper kann entweder mit einer Gabelfeder (oder einem Clip) oder mit einer Schnappfeder schnell fixiert werden.","og_url":"https:\/\/www.omrserrature.it\/de\/produkt\/ovales-buero-schubladenschloss-mit-hinterer-hebedorn\/","og_site_name":"OMR Serrature | Produzione sistemi di chiusura","article_publisher":"https:\/\/www.facebook.com\/OMRserrature","article_modified_time":"2026-04-08T10:48:17+00:00","og_image":[{"width":336,"height":398,"url":"https:\/\/www.omrserrature.it\/wp-content\/uploads\/2017\/10\/serratura-ovale-comandino.jpg","type":"image\/jpeg"}],"twitter_card":"summary_large_image","twitter_misc":{"Gesch\u00e4tzte Lesezeit":"1\u00a0Minute"},"schema":{"@context":"https:\/\/schema.org","@graph":[{"@type":"WebPage","@id":"https:\/\/www.omrserrature.it\/de\/produkt\/ovales-buero-schubladenschloss-mit-hinterer-hebedorn\/","url":"https:\/\/www.omrserrature.it\/de\/produkt\/ovales-buero-schubladenschloss-mit-hinterer-hebedorn\/","name":"Ovales B\u00fcro-Schubladenschloss mit Hinterer Hebedorn - OMR Serrature","isPartOf":{"@id":"https:\/\/www.omrserrature.it\/de\/#website"},"primaryImageOfPage":{"@id":"https:\/\/www.omrserrature.it\/de\/produkt\/ovales-buero-schubladenschloss-mit-hinterer-hebedorn\/#primaryimage"},"image":{"@id":"https:\/\/www.omrserrature.it\/de\/produkt\/ovales-buero-schubladenschloss-mit-hinterer-hebedorn\/#primaryimage"},"thumbnailUrl":"https:\/\/www.omrserrature.it\/wp-content\/uploads\/2017\/10\/serratura-ovale-comandino.jpg","datePublished":"2012-10-17T12:11:00+00:00","dateModified":"2026-04-08T10:48:17+00:00","breadcrumb":{"@id":"https:\/\/www.omrserrature.it\/de\/produkt\/ovales-buero-schubladenschloss-mit-hinterer-hebedorn\/#breadcrumb"},"inLanguage":"de","potentialAction":[{"@type":"ReadAction","target":["https:\/\/www.omrserrature.it\/de\/produkt\/ovales-buero-schubladenschloss-mit-hinterer-hebedorn\/"]}]},{"@type":"ImageObject","inLanguage":"de","@id":"https:\/\/www.omrserrature.it\/de\/produkt\/ovales-buero-schubladenschloss-mit-hinterer-hebedorn\/#primaryimage","url":"https:\/\/www.omrserrature.it\/wp-content\/uploads\/2017\/10\/serratura-ovale-comandino.jpg","contentUrl":"https:\/\/www.omrserrature.it\/wp-content\/uploads\/2017\/10\/serratura-ovale-comandino.jpg","width":336,"height":398,"caption":"Ovales Schloss mit Stift und Hinterer Stift - Metalldruckguss"},{"@type":"BreadcrumbList","@id":"https:\/\/www.omrserrature.it\/de\/produkt\/ovales-buero-schubladenschloss-mit-hinterer-hebedorn\/#breadcrumb","itemListElement":[{"@type":"ListItem","position":1,"name":"Home","item":"https:\/\/www.omrserrature.it\/de\/omr-serrature-sistemi-chiusura\/"},{"@type":"ListItem","position":2,"name":"Katalog","item":"https:\/\/www.omrserrature.it\/katalog\/?lang=de"},{"@type":"ListItem","position":3,"name":"Produkte","item":"https:\/\/www.omrserrature.it\/de\/katalog\/produkte\/"},{"@type":"ListItem","position":4,"name":"Schloesser","item":"https:\/\/www.omrserrature.it\/de\/katalog\/produkte\/schloesser\/"},{"@type":"ListItem","position":5,"name":"Hauptschl\u00fcssel Schl\u00f6sser","item":"https:\/\/www.omrserrature.it\/de\/katalog\/produkte\/schloesser\/hauptschlussel-schlosser\/"},{"@type":"ListItem","position":6,"name":"Ovales B\u00fcro-Schubladenschloss mit Hinterer Hebedorn"}]},{"@type":"WebSite","@id":"https:\/\/www.omrserrature.it\/de\/#website","url":"https:\/\/www.omrserrature.it\/de\/","name":"OMR Serrature | Produzione sistemi di chiusura","description":"Produzione serrature di sicurezza e sistemi di chiusura","publisher":{"@id":"https:\/\/www.omrserrature.it\/de\/#organization"},"potentialAction":[{"@type":"SearchAction","target":{"@type":"EntryPoint","urlTemplate":"https:\/\/www.omrserrature.it\/de\/?s={search_term_string}"},"query-input":{"@type":"PropertyValueSpecification","valueRequired":true,"valueName":"search_term_string"}}],"inLanguage":"de"},{"@type":"Organization","@id":"https:\/\/www.omrserrature.it\/de\/#organization","name":"OMR Serrature | Produzione sistemi di chiusura","url":"https:\/\/www.omrserrature.it\/de\/","logo":{"@type":"ImageObject","inLanguage":"de","@id":"https:\/\/www.omrserrature.it\/de\/#\/schema\/logo\/image\/","url":"https:\/\/www.omrserrature.it\/wp-content\/uploads\/2017\/09\/favicon-omr-114.png","contentUrl":"https:\/\/www.omrserrature.it\/wp-content\/uploads\/2017\/09\/favicon-omr-114.png","width":114,"height":114,"caption":"OMR Serrature | Produzione sistemi di chiusura"},"image":{"@id":"https:\/\/www.omrserrature.it\/de\/#\/schema\/logo\/image\/"},"sameAs":["https:\/\/www.facebook.com\/OMRserrature","https:\/\/www.linkedin.com\/company\/omrserrature\/","https:\/\/www.youtube.com\/channel\/UCxmA85z2R0EpG_6IRokiAkg"]}]}},"_links":{"self":[{"href":"https:\/\/www.omrserrature.it\/de\/wp-json\/wp\/v2\/product\/242603","targetHints":{"allow":["GET"]}}],"collection":[{"href":"https:\/\/www.omrserrature.it\/de\/wp-json\/wp\/v2\/product"}],"about":[{"href":"https:\/\/www.omrserrature.it\/de\/wp-json\/wp\/v2\/types\/product"}],"replies":[{"embeddable":true,"href":"https:\/\/www.omrserrature.it\/de\/wp-json\/wp\/v2\/comments?post=242603"}],"wp:featuredmedia":[{"embeddable":true,"href":"https:\/\/www.omrserrature.it\/de\/wp-json\/wp\/v2\/media\/3325"}],"wp:attachment":[{"href":"https:\/\/www.omrserrature.it\/de\/wp-json\/wp\/v2\/media?parent=242603"}],"wp:term":[{"taxonomy":"product_brand","embeddable":true,"href":"https:\/\/www.omrserrature.it\/de\/wp-json\/wp\/v2\/product_brand?post=242603"},{"taxonomy":"product_cat","embeddable":true,"href":"https:\/\/www.omrserrature.it\/de\/wp-json\/wp\/v2\/product_cat?post=242603"},{"taxonomy":"product_tag","embeddable":true,"href":"https:\/\/www.omrserrature.it\/de\/wp-json\/wp\/v2\/product_tag?post=242603"}],"curies":[{"name":"wp","href":"https:\/\/api.w.org\/{rel}","templated":true}]}}