{"id":242568,"date":"2017-10-12T14:45:24","date_gmt":"2012-10-17T12:45:00","guid":{"rendered":"https:\/\/www.staging6.omrserrature.it\/prodotto\/ovales-schloss-mit-stange\/"},"modified":"2026-04-08T12:50:00","modified_gmt":"2026-04-08T10:50:00","slug":"ovales-schloss-mit-stange","status":"publish","type":"product","link":"https:\/\/www.omrserrature.it\/de\/produkt\/ovales-schloss-mit-stange\/","title":{"rendered":"Ovales Schloss mit Stange"},"content":{"rendered":"<p>Das <strong>Schloss f\u00fcr<\/strong> Metall- und <strong>Holzschubladen<\/strong> hat eine ovale Form und wird in der Regel in einer zentralen Position installiert. Es besteht aus einer schwarzen Technopolymer-Buchse, in der sich ein Zylinder aus einer Aluminiumlegierung mit einem Schloss bewegt. In dieser Version<strong> ist das Schloss mit einem Metallstab ausgestattet, der es erm\u00f6glicht, die L\u00e4nge des Stifts zu verl\u00e4ngern<\/strong>, an dessen Ende sich ein Hinterer Stift befindet, um <strong>den Schlie\u00dfmechanismus am Boden des Schubladenelements zu bedienen<\/strong>. Die Pl\u00e4ttchenzylinder-Technologie bietet eine f\u00fcr die Art der Anwendung angemessene Sicherheit und kann mit einem Hauptschl\u00fcssel-System (MK) ausgestattet werden. Das Schloss f\u00fcr Schubladenschr\u00e4nke mit Metallauszug ist mit <strong>einem Schnellverschluss<\/strong> f\u00fcr eine einfache und sofortige Installation ausgestattet.    <\/p>\n<p>Bitte <strong>beachten Sie<\/strong>: Geben Sie die L\u00e4nge der Stange <span style=\"text-decoration: underline;\">in den Bestellkommentaren <\/span>an <span style=\"text-decoration: underline;\">. <\/span><\/p>\n","protected":false},"excerpt":{"rendered":"<p><strong>Das Schloss f\u00fcr Schubladenschr\u00e4nke<\/strong> aus Metall und Holz mit <strong>ovaler Form<\/strong> wird in der Regel in einer zentralen Position installiert. Bei dieser Version ist das Schloss mit <strong>einem Metallstab<\/strong> ausgestattet <strong>, der es erm\u00f6glicht, die L\u00e4nge des Stifts zu verl\u00e4ngern<\/strong>. An dessen Ende befindet sich ein hinterer Stift<strong>, mit dem der Schlie\u00dfmechanismus an der Unterseite des Schubladenelements bet\u00e4tigt wird<\/strong>. <\/p>\n","protected":false},"featured_media":3307,"comment_status":"open","ping_status":"closed","template":"","meta":{"_acf_changed":false,"_et_pb_use_builder":"off","_et_pb_old_content":"Beschreibung des Schlosses wird aktualisiert\n\n","_et_gb_content_width":""},"product_brand":[],"product_cat":[3767,3774,3796,3772,3828,3865,3846,3788,3781],"product_tag":[],"class_list":{"0":"post-242568","1":"product","2":"type-product","3":"status-publish","4":"has-post-thumbnail","6":"product_cat-bank-und-postwesen","7":"product_cat-burogebaude","8":"product_cat-hauptschlussel-schlosser","9":"product_cat-krankenhauser-und-gesundheitsbereich","10":"product_cat-professionelle-mobelschlosser","11":"product_cat-schlosser-fur-aktenschranke","12":"product_cat-schlosser-fur-industrielle-schubladen","13":"product_cat-schlosser-mit-abnehmbarem-zylinder","14":"product_cat-stiftschlosser","16":"first","17":"instock","18":"shipping-taxable","19":"product-type-simple"},"acf":{"pdf1":"https:\/\/www.omrserrature.it\/wp-content\/uploads\/2017\/10\/Scheda_163405.pdf"},"yoast_head":"<!-- This site is optimized with the Yoast SEO plugin v27.2 - https:\/\/yoast.com\/product\/yoast-seo-wordpress\/ -->\n<title>Ovales Schloss mit Stange - OMR Serrature<\/title>\n<meta name=\"robots\" content=\"index, follow, max-snippet:-1, max-image-preview:large, max-video-preview:-1\" \/>\n<link rel=\"canonical\" href=\"https:\/\/www.omrserrature.it\/de\/produkt\/ovales-schloss-mit-stange\/\" \/>\n<meta property=\"og:locale\" content=\"de_DE\" \/>\n<meta property=\"og:type\" content=\"article\" \/>\n<meta property=\"og:title\" content=\"Ovales Schloss mit Stange - OMR Serrature\" \/>\n<meta property=\"og:description\" content=\"Das Schloss f\u00fcr Schubladenschr\u00e4nke aus Metall und Holz mit ovaler Form wird in der Regel in einer zentralen Position installiert. Bei dieser Version ist das Schloss mit einem Metallstab ausgestattet , der es erm\u00f6glicht, die L\u00e4nge des Stifts zu verl\u00e4ngern. An dessen Ende befindet sich ein hinterer Stift, mit dem der Schlie\u00dfmechanismus an der Unterseite des Schubladenelements bet\u00e4tigt wird.\" \/>\n<meta property=\"og:url\" content=\"https:\/\/www.omrserrature.it\/de\/produkt\/ovales-schloss-mit-stange\/\" \/>\n<meta property=\"og:site_name\" content=\"OMR Serrature | Produzione sistemi di chiusura\" \/>\n<meta property=\"article:publisher\" content=\"https:\/\/www.facebook.com\/OMRserrature\" \/>\n<meta property=\"article:modified_time\" content=\"2026-04-08T10:50:00+00:00\" \/>\n<meta property=\"og:image\" content=\"https:\/\/www.omrserrature.it\/wp-content\/uploads\/2017\/10\/serratura-ovale-asta.jpg\" \/>\n\t<meta property=\"og:image:width\" content=\"796\" \/>\n\t<meta property=\"og:image:height\" content=\"563\" \/>\n\t<meta property=\"og:image:type\" content=\"image\/jpeg\" \/>\n<meta name=\"twitter:card\" content=\"summary_large_image\" \/>\n<meta name=\"twitter:label1\" content=\"Gesch\u00e4tzte Lesezeit\" \/>\n\t<meta name=\"twitter:data1\" content=\"1\u00a0Minute\" \/>\n<script type=\"application\/ld+json\" class=\"yoast-schema-graph\">{\"@context\":\"https:\/\/schema.org\",\"@graph\":[{\"@type\":\"WebPage\",\"@id\":\"https:\/\/www.omrserrature.it\/de\/produkt\/ovales-schloss-mit-stange\/\",\"url\":\"https:\/\/www.omrserrature.it\/de\/produkt\/ovales-schloss-mit-stange\/\",\"name\":\"Ovales Schloss mit Stange - OMR Serrature\",\"isPartOf\":{\"@id\":\"https:\/\/www.omrserrature.it\/de\/#website\"},\"primaryImageOfPage\":{\"@id\":\"https:\/\/www.omrserrature.it\/de\/produkt\/ovales-schloss-mit-stange\/#primaryimage\"},\"image\":{\"@id\":\"https:\/\/www.omrserrature.it\/de\/produkt\/ovales-schloss-mit-stange\/#primaryimage\"},\"thumbnailUrl\":\"https:\/\/www.omrserrature.it\/wp-content\/uploads\/2017\/10\/serratura-ovale-asta.jpg\",\"datePublished\":\"2012-10-17T12:45:00+00:00\",\"dateModified\":\"2026-04-08T10:50:00+00:00\",\"breadcrumb\":{\"@id\":\"https:\/\/www.omrserrature.it\/de\/produkt\/ovales-schloss-mit-stange\/#breadcrumb\"},\"inLanguage\":\"de\",\"potentialAction\":[{\"@type\":\"ReadAction\",\"target\":[\"https:\/\/www.omrserrature.it\/de\/produkt\/ovales-schloss-mit-stange\/\"]}]},{\"@type\":\"ImageObject\",\"inLanguage\":\"de\",\"@id\":\"https:\/\/www.omrserrature.it\/de\/produkt\/ovales-schloss-mit-stange\/#primaryimage\",\"url\":\"https:\/\/www.omrserrature.it\/wp-content\/uploads\/2017\/10\/serratura-ovale-asta.jpg\",\"contentUrl\":\"https:\/\/www.omrserrature.it\/wp-content\/uploads\/2017\/10\/serratura-ovale-asta.jpg\",\"width\":796,\"height\":563,\"caption\":\"Ovales Schloss mit Stange - zylinderpl\u00e4ttchen, Schnappfeder\"},{\"@type\":\"BreadcrumbList\",\"@id\":\"https:\/\/www.omrserrature.it\/de\/produkt\/ovales-schloss-mit-stange\/#breadcrumb\",\"itemListElement\":[{\"@type\":\"ListItem\",\"position\":1,\"name\":\"Home\",\"item\":\"https:\/\/www.omrserrature.it\/de\/omr-serrature-sistemi-chiusura\/\"},{\"@type\":\"ListItem\",\"position\":2,\"name\":\"Katalog\",\"item\":\"https:\/\/www.omrserrature.it\/katalog\/?lang=de\"},{\"@type\":\"ListItem\",\"position\":3,\"name\":\"Produkte\",\"item\":\"https:\/\/www.omrserrature.it\/de\/katalog\/produkte\/\"},{\"@type\":\"ListItem\",\"position\":4,\"name\":\"Schloesser\",\"item\":\"https:\/\/www.omrserrature.it\/de\/katalog\/produkte\/schloesser\/\"},{\"@type\":\"ListItem\",\"position\":5,\"name\":\"Hauptschl\u00fcssel Schl\u00f6sser\",\"item\":\"https:\/\/www.omrserrature.it\/de\/katalog\/produkte\/schloesser\/hauptschlussel-schlosser\/\"},{\"@type\":\"ListItem\",\"position\":6,\"name\":\"Ovales Schloss mit Stange\"}]},{\"@type\":\"WebSite\",\"@id\":\"https:\/\/www.omrserrature.it\/de\/#website\",\"url\":\"https:\/\/www.omrserrature.it\/de\/\",\"name\":\"OMR Serrature | Produzione sistemi di chiusura\",\"description\":\"Produzione serrature di sicurezza e sistemi di chiusura\",\"publisher\":{\"@id\":\"https:\/\/www.omrserrature.it\/de\/#organization\"},\"potentialAction\":[{\"@type\":\"SearchAction\",\"target\":{\"@type\":\"EntryPoint\",\"urlTemplate\":\"https:\/\/www.omrserrature.it\/de\/?s={search_term_string}\"},\"query-input\":{\"@type\":\"PropertyValueSpecification\",\"valueRequired\":true,\"valueName\":\"search_term_string\"}}],\"inLanguage\":\"de\"},{\"@type\":\"Organization\",\"@id\":\"https:\/\/www.omrserrature.it\/de\/#organization\",\"name\":\"OMR Serrature | Produzione sistemi di chiusura\",\"url\":\"https:\/\/www.omrserrature.it\/de\/\",\"logo\":{\"@type\":\"ImageObject\",\"inLanguage\":\"de\",\"@id\":\"https:\/\/www.omrserrature.it\/de\/#\/schema\/logo\/image\/\",\"url\":\"https:\/\/www.omrserrature.it\/wp-content\/uploads\/2017\/09\/favicon-omr-114.png\",\"contentUrl\":\"https:\/\/www.omrserrature.it\/wp-content\/uploads\/2017\/09\/favicon-omr-114.png\",\"width\":114,\"height\":114,\"caption\":\"OMR Serrature | Produzione sistemi di chiusura\"},\"image\":{\"@id\":\"https:\/\/www.omrserrature.it\/de\/#\/schema\/logo\/image\/\"},\"sameAs\":[\"https:\/\/www.facebook.com\/OMRserrature\",\"https:\/\/www.linkedin.com\/company\/omrserrature\/\",\"https:\/\/www.youtube.com\/channel\/UCxmA85z2R0EpG_6IRokiAkg\"]}]}<\/script>\n<!-- \/ Yoast SEO plugin. -->","yoast_head_json":{"title":"Ovales Schloss mit Stange - OMR Serrature","robots":{"index":"index","follow":"follow","max-snippet":"max-snippet:-1","max-image-preview":"max-image-preview:large","max-video-preview":"max-video-preview:-1"},"canonical":"https:\/\/www.omrserrature.it\/de\/produkt\/ovales-schloss-mit-stange\/","og_locale":"de_DE","og_type":"article","og_title":"Ovales Schloss mit Stange - OMR Serrature","og_description":"Das Schloss f\u00fcr Schubladenschr\u00e4nke aus Metall und Holz mit ovaler Form wird in der Regel in einer zentralen Position installiert. Bei dieser Version ist das Schloss mit einem Metallstab ausgestattet , der es erm\u00f6glicht, die L\u00e4nge des Stifts zu verl\u00e4ngern. An dessen Ende befindet sich ein hinterer Stift, mit dem der Schlie\u00dfmechanismus an der Unterseite des Schubladenelements bet\u00e4tigt wird.","og_url":"https:\/\/www.omrserrature.it\/de\/produkt\/ovales-schloss-mit-stange\/","og_site_name":"OMR Serrature | Produzione sistemi di chiusura","article_publisher":"https:\/\/www.facebook.com\/OMRserrature","article_modified_time":"2026-04-08T10:50:00+00:00","og_image":[{"width":796,"height":563,"url":"https:\/\/www.omrserrature.it\/wp-content\/uploads\/2017\/10\/serratura-ovale-asta.jpg","type":"image\/jpeg"}],"twitter_card":"summary_large_image","twitter_misc":{"Gesch\u00e4tzte Lesezeit":"1\u00a0Minute"},"schema":{"@context":"https:\/\/schema.org","@graph":[{"@type":"WebPage","@id":"https:\/\/www.omrserrature.it\/de\/produkt\/ovales-schloss-mit-stange\/","url":"https:\/\/www.omrserrature.it\/de\/produkt\/ovales-schloss-mit-stange\/","name":"Ovales Schloss mit Stange - OMR Serrature","isPartOf":{"@id":"https:\/\/www.omrserrature.it\/de\/#website"},"primaryImageOfPage":{"@id":"https:\/\/www.omrserrature.it\/de\/produkt\/ovales-schloss-mit-stange\/#primaryimage"},"image":{"@id":"https:\/\/www.omrserrature.it\/de\/produkt\/ovales-schloss-mit-stange\/#primaryimage"},"thumbnailUrl":"https:\/\/www.omrserrature.it\/wp-content\/uploads\/2017\/10\/serratura-ovale-asta.jpg","datePublished":"2012-10-17T12:45:00+00:00","dateModified":"2026-04-08T10:50:00+00:00","breadcrumb":{"@id":"https:\/\/www.omrserrature.it\/de\/produkt\/ovales-schloss-mit-stange\/#breadcrumb"},"inLanguage":"de","potentialAction":[{"@type":"ReadAction","target":["https:\/\/www.omrserrature.it\/de\/produkt\/ovales-schloss-mit-stange\/"]}]},{"@type":"ImageObject","inLanguage":"de","@id":"https:\/\/www.omrserrature.it\/de\/produkt\/ovales-schloss-mit-stange\/#primaryimage","url":"https:\/\/www.omrserrature.it\/wp-content\/uploads\/2017\/10\/serratura-ovale-asta.jpg","contentUrl":"https:\/\/www.omrserrature.it\/wp-content\/uploads\/2017\/10\/serratura-ovale-asta.jpg","width":796,"height":563,"caption":"Ovales Schloss mit Stange - zylinderpl\u00e4ttchen, Schnappfeder"},{"@type":"BreadcrumbList","@id":"https:\/\/www.omrserrature.it\/de\/produkt\/ovales-schloss-mit-stange\/#breadcrumb","itemListElement":[{"@type":"ListItem","position":1,"name":"Home","item":"https:\/\/www.omrserrature.it\/de\/omr-serrature-sistemi-chiusura\/"},{"@type":"ListItem","position":2,"name":"Katalog","item":"https:\/\/www.omrserrature.it\/katalog\/?lang=de"},{"@type":"ListItem","position":3,"name":"Produkte","item":"https:\/\/www.omrserrature.it\/de\/katalog\/produkte\/"},{"@type":"ListItem","position":4,"name":"Schloesser","item":"https:\/\/www.omrserrature.it\/de\/katalog\/produkte\/schloesser\/"},{"@type":"ListItem","position":5,"name":"Hauptschl\u00fcssel Schl\u00f6sser","item":"https:\/\/www.omrserrature.it\/de\/katalog\/produkte\/schloesser\/hauptschlussel-schlosser\/"},{"@type":"ListItem","position":6,"name":"Ovales Schloss mit Stange"}]},{"@type":"WebSite","@id":"https:\/\/www.omrserrature.it\/de\/#website","url":"https:\/\/www.omrserrature.it\/de\/","name":"OMR Serrature | Produzione sistemi di chiusura","description":"Produzione serrature di sicurezza e sistemi di chiusura","publisher":{"@id":"https:\/\/www.omrserrature.it\/de\/#organization"},"potentialAction":[{"@type":"SearchAction","target":{"@type":"EntryPoint","urlTemplate":"https:\/\/www.omrserrature.it\/de\/?s={search_term_string}"},"query-input":{"@type":"PropertyValueSpecification","valueRequired":true,"valueName":"search_term_string"}}],"inLanguage":"de"},{"@type":"Organization","@id":"https:\/\/www.omrserrature.it\/de\/#organization","name":"OMR Serrature | Produzione sistemi di chiusura","url":"https:\/\/www.omrserrature.it\/de\/","logo":{"@type":"ImageObject","inLanguage":"de","@id":"https:\/\/www.omrserrature.it\/de\/#\/schema\/logo\/image\/","url":"https:\/\/www.omrserrature.it\/wp-content\/uploads\/2017\/09\/favicon-omr-114.png","contentUrl":"https:\/\/www.omrserrature.it\/wp-content\/uploads\/2017\/09\/favicon-omr-114.png","width":114,"height":114,"caption":"OMR Serrature | Produzione sistemi di chiusura"},"image":{"@id":"https:\/\/www.omrserrature.it\/de\/#\/schema\/logo\/image\/"},"sameAs":["https:\/\/www.facebook.com\/OMRserrature","https:\/\/www.linkedin.com\/company\/omrserrature\/","https:\/\/www.youtube.com\/channel\/UCxmA85z2R0EpG_6IRokiAkg"]}]}},"_links":{"self":[{"href":"https:\/\/www.omrserrature.it\/de\/wp-json\/wp\/v2\/product\/242568","targetHints":{"allow":["GET"]}}],"collection":[{"href":"https:\/\/www.omrserrature.it\/de\/wp-json\/wp\/v2\/product"}],"about":[{"href":"https:\/\/www.omrserrature.it\/de\/wp-json\/wp\/v2\/types\/product"}],"replies":[{"embeddable":true,"href":"https:\/\/www.omrserrature.it\/de\/wp-json\/wp\/v2\/comments?post=242568"}],"wp:featuredmedia":[{"embeddable":true,"href":"https:\/\/www.omrserrature.it\/de\/wp-json\/wp\/v2\/media\/3307"}],"wp:attachment":[{"href":"https:\/\/www.omrserrature.it\/de\/wp-json\/wp\/v2\/media?parent=242568"}],"wp:term":[{"taxonomy":"product_brand","embeddable":true,"href":"https:\/\/www.omrserrature.it\/de\/wp-json\/wp\/v2\/product_brand?post=242568"},{"taxonomy":"product_cat","embeddable":true,"href":"https:\/\/www.omrserrature.it\/de\/wp-json\/wp\/v2\/product_cat?post=242568"},{"taxonomy":"product_tag","embeddable":true,"href":"https:\/\/www.omrserrature.it\/de\/wp-json\/wp\/v2\/product_tag?post=242568"}],"curies":[{"name":"wp","href":"https:\/\/api.w.org\/{rel}","templated":true}]}}