{"id":242555,"date":"2017-10-16T10:18:37","date_gmt":"2016-10-17T08:18:00","guid":{"rendered":"https:\/\/www.staging6.omrserrature.it\/prodotto\/druckschloss-fuer-schiebetueren\/"},"modified":"2026-04-08T12:23:43","modified_gmt":"2026-04-08T10:23:43","slug":"druckschloss-fuer-schiebetueren","status":"publish","type":"product","link":"https:\/\/www.omrserrature.it\/de\/produkt\/druckschloss-fuer-schiebetueren\/","title":{"rendered":"Ovales Druckknopfschloss f\u00fcr Schiebet\u00fcren"},"content":{"rendered":"<p>Das <strong>Druckknopfschloss f\u00fcr Schiebet\u00fcren aus Metall und Holz<\/strong> in ovaler Form hat eine <strong>schwarze Buchse aus Technopolymer<\/strong>, in der sich ein Knopf aus einer Aluminiumlegierung mit Schloss bewegt. Die Platten- oder Pl\u00e4ttchenzylinder-Technologie sorgt f\u00fcr eine angemessene Sicherheit je nach Art der Anwendung und kann mit einem Schlie\u00dfsystem (MK) ausgestattet werden.  Sobald der Schl\u00fcssel eingesteckt ist, muss er <strong>gedr\u00fcckt<\/strong> werden <strong>, bevor er gedreht<\/strong> und abgeschlossen <strong>werden kann<\/strong>. Zum \u00d6ffnen drehen Sie jedoch einfach den Schl\u00fcssel, so dass die Feder den Knopf in die offene Position dr\u00fcckt.<\/p>\n<p>Die hintere Zunge hat nur eine Gr\u00f6\u00dfe, denn sie muss in die Bohrschablone der Schiebet\u00fcren passen und sich korrekt bewegen k\u00f6nnen.<\/p>\n<p>Das Schloss mit Druckknopf wird routinem\u00e4\u00dfig an <strong>Blechm\u00f6beln<\/strong> verwendet, sowohl in B\u00fcros und Werkst\u00e4tten, als auch in Labors, Gemeinden, Unterk\u00fcnften, Universit\u00e4ten, Krankenh\u00e4usern und ganz allgemein <strong>an Sanit\u00e4r- und Industriem\u00f6beln.<\/strong><\/p>\n","protected":false},"excerpt":{"rendered":"<p>Das <strong>Druckknopfschloss f\u00fcr Schiebet\u00fcren aus Metall und Holz<\/strong> in ovaler Form hat eine <strong>schwarze Buchse aus Technopolymer<\/strong>, in der sich ein Knopf aus einer Aluminiumlegierung mit Schloss bewegt. Das Schloss mit Druckknopf wird in der Regel an <strong>Blechm\u00f6beln<\/strong> verwendet, sowohl in B\u00fcros als auch in Werkst\u00e4tten, Labors, Gemeinden, Unterk\u00fcnften, Universit\u00e4ten, Krankenh\u00e4usern und ganz allgemein <strong>an Sanit\u00e4r- und Industriem\u00f6beln.<\/strong> <\/p>\n","protected":false},"featured_media":18514,"comment_status":"open","ping_status":"closed","template":"","meta":{"_acf_changed":false,"_et_pb_use_builder":"off","_et_pb_old_content":"Das ovale <strong>Knopfschloss<\/strong> hat eine schwarze Buchse aus Technopolymer, in der sich ein Knopf aus einer Aluminiumlegierung mit einem Schloss bewegt. Die Pl\u00e4ttchentechnologie gew\u00e4hrleistet ein geeignetes Sicherheitsniveau f\u00fcr jede Anwendung und das Hauptschl\u00fcsselsystem (MK) ist auch erh\u00e4ltlich. Wenn der Schl\u00fcssel eingesteckt ist, muss man dr\u00fccken und dann drehen zum Schlie\u00dfen. Zum \u00d6ffnen ist es genug, den Schl\u00fcssel zu drehen.\n\nDie hintere Zunge hat nur eine Gr\u00f6\u00dfe, da sie in der Lage sein muss, sich korrekt in der Bohrschablone auf den Fensterfl\u00fcgeln zu bewegen.\n\nDas Schloss mit Druckknopf wird routinem\u00e4\u00dfig an <strong>Blechm\u00f6beln<\/strong> verwendet, sowohl in B\u00fcros und Werkst\u00e4tten, als auch in Labors, Gemeinden, Unterk\u00fcnften, Universit\u00e4ten, Krankenh\u00e4usern und ganz allgemein an Sanit\u00e4r- und Industriem\u00f6beln.\n\n","_et_gb_content_width":""},"product_brand":[],"product_cat":[3774,3837,3796,3829,3772,3861,3828,3878,3849,3852,3835,3851,3850,3784,3781],"product_tag":[],"class_list":{"0":"post-242555","1":"product","2":"type-product","3":"status-publish","4":"has-post-thumbnail","6":"product_cat-burogebaude","7":"product_cat-gdpr-konformes-schrankschloss","8":"product_cat-hauptschlussel-schlosser","9":"product_cat-kabinett-schlosser","10":"product_cat-krankenhauser-und-gesundheitsbereich","11":"product_cat-mobelturen","12":"product_cat-professionelle-mobelschlosser","13":"product_cat-schieben","14":"product_cat-schlosser-fur-balkonkasten","15":"product_cat-schlosser-fur-industrieschranke","16":"product_cat-schlosser-fur-mobel","17":"product_cat-schlosser-fur-pflanzenschutzschranke","18":"product_cat-schlosser-fur-skischranke","19":"product_cat-schlosser-mit-druckknopfen","20":"product_cat-stiftschlosser","22":"first","23":"instock","24":"shipping-taxable","25":"purchasable","26":"product-type-variable","27":"has-default-attributes"},"acf":{"pdf1":"https:\/\/www.omrserrature.it\/wp-content\/uploads\/schede\/Scheda_220315.pdf"},"yoast_head":"<!-- This site is optimized with the Yoast SEO plugin v27.5 - https:\/\/yoast.com\/product\/yoast-seo-wordpress\/ -->\n<title>Ovales Druckknopfschloss f\u00fcr Schiebet\u00fcren - OMR Serrature<\/title>\n<meta name=\"robots\" content=\"index, follow, max-snippet:-1, max-image-preview:large, max-video-preview:-1\" \/>\n<link rel=\"canonical\" href=\"https:\/\/www.omrserrature.it\/de\/produkt\/druckschloss-fuer-schiebetueren\/\" \/>\n<meta property=\"og:locale\" content=\"de_DE\" \/>\n<meta property=\"og:type\" content=\"article\" \/>\n<meta property=\"og:title\" content=\"Ovales Druckknopfschloss f\u00fcr Schiebet\u00fcren - OMR Serrature\" \/>\n<meta property=\"og:description\" content=\"Das Druckknopfschloss f\u00fcr Schiebet\u00fcren aus Metall und Holz in ovaler Form hat eine schwarze Buchse aus Technopolymer, in der sich ein Knopf aus einer Aluminiumlegierung mit Schloss bewegt. Das Schloss mit Druckknopf wird in der Regel an Blechm\u00f6beln verwendet, sowohl in B\u00fcros als auch in Werkst\u00e4tten, Labors, Gemeinden, Unterk\u00fcnften, Universit\u00e4ten, Krankenh\u00e4usern und ganz allgemein an Sanit\u00e4r- und Industriem\u00f6beln.\" \/>\n<meta property=\"og:url\" content=\"https:\/\/www.omrserrature.it\/de\/produkt\/druckschloss-fuer-schiebetueren\/\" \/>\n<meta property=\"og:site_name\" content=\"OMR Serrature | Produzione sistemi di chiusura\" \/>\n<meta property=\"article:publisher\" content=\"https:\/\/www.facebook.com\/OMRserrature\" \/>\n<meta property=\"article:modified_time\" content=\"2026-04-08T10:23:43+00:00\" \/>\n<meta property=\"og:image\" content=\"https:\/\/www.omrserrature.it\/wp-content\/uploads\/2017\/10\/Serratura-ovale-a-pulsante-per-porte-scorrevoli.jpg\" \/>\n\t<meta property=\"og:image:width\" content=\"600\" \/>\n\t<meta property=\"og:image:height\" content=\"600\" \/>\n\t<meta property=\"og:image:type\" content=\"image\/jpeg\" \/>\n<meta name=\"twitter:card\" content=\"summary_large_image\" \/>\n<meta name=\"twitter:label1\" content=\"Gesch\u00e4tzte Lesezeit\" \/>\n\t<meta name=\"twitter:data1\" content=\"1\u00a0Minute\" \/>\n<script type=\"application\/ld+json\" class=\"yoast-schema-graph\">{\"@context\":\"https:\\\/\\\/schema.org\",\"@graph\":[{\"@type\":\"WebPage\",\"@id\":\"https:\\\/\\\/www.omrserrature.it\\\/de\\\/produkt\\\/druckschloss-fuer-schiebetueren\\\/\",\"url\":\"https:\\\/\\\/www.omrserrature.it\\\/de\\\/produkt\\\/druckschloss-fuer-schiebetueren\\\/\",\"name\":\"Ovales Druckknopfschloss f\u00fcr Schiebet\u00fcren - OMR Serrature\",\"isPartOf\":{\"@id\":\"https:\\\/\\\/www.omrserrature.it\\\/de\\\/#website\"},\"primaryImageOfPage\":{\"@id\":\"https:\\\/\\\/www.omrserrature.it\\\/de\\\/produkt\\\/druckschloss-fuer-schiebetueren\\\/#primaryimage\"},\"image\":{\"@id\":\"https:\\\/\\\/www.omrserrature.it\\\/de\\\/produkt\\\/druckschloss-fuer-schiebetueren\\\/#primaryimage\"},\"thumbnailUrl\":\"https:\\\/\\\/www.omrserrature.it\\\/wp-content\\\/uploads\\\/2017\\\/10\\\/Serratura-ovale-a-pulsante-per-porte-scorrevoli.jpg\",\"datePublished\":\"2016-10-17T08:18:00+00:00\",\"dateModified\":\"2026-04-08T10:23:43+00:00\",\"breadcrumb\":{\"@id\":\"https:\\\/\\\/www.omrserrature.it\\\/de\\\/produkt\\\/druckschloss-fuer-schiebetueren\\\/#breadcrumb\"},\"inLanguage\":\"de\",\"potentialAction\":[{\"@type\":\"ReadAction\",\"target\":[\"https:\\\/\\\/www.omrserrature.it\\\/de\\\/produkt\\\/druckschloss-fuer-schiebetueren\\\/\"]}]},{\"@type\":\"ImageObject\",\"inLanguage\":\"de\",\"@id\":\"https:\\\/\\\/www.omrserrature.it\\\/de\\\/produkt\\\/druckschloss-fuer-schiebetueren\\\/#primaryimage\",\"url\":\"https:\\\/\\\/www.omrserrature.it\\\/wp-content\\\/uploads\\\/2017\\\/10\\\/Serratura-ovale-a-pulsante-per-porte-scorrevoli.jpg\",\"contentUrl\":\"https:\\\/\\\/www.omrserrature.it\\\/wp-content\\\/uploads\\\/2017\\\/10\\\/Serratura-ovale-a-pulsante-per-porte-scorrevoli.jpg\",\"width\":600,\"height\":600,\"caption\":\"Ovales Druckknopfschloss f\u00fcr Schiebet\u00fcren\"},{\"@type\":\"BreadcrumbList\",\"@id\":\"https:\\\/\\\/www.omrserrature.it\\\/de\\\/produkt\\\/druckschloss-fuer-schiebetueren\\\/#breadcrumb\",\"itemListElement\":[{\"@type\":\"ListItem\",\"position\":1,\"name\":\"Home\",\"item\":\"https:\\\/\\\/www.omrserrature.it\\\/de\\\/omr-serrature-sistemi-chiusura\\\/\"},{\"@type\":\"ListItem\",\"position\":2,\"name\":\"Katalog\",\"item\":\"https:\\\/\\\/www.omrserrature.it\\\/katalog\\\/?lang=de\"},{\"@type\":\"ListItem\",\"position\":3,\"name\":\"Anwendungen\",\"item\":\"https:\\\/\\\/www.omrserrature.it\\\/de\\\/katalog\\\/anwendungen\\\/\"},{\"@type\":\"ListItem\",\"position\":4,\"name\":\"Schl\u00f6sser f\u00fcr M\u00f6bel\",\"item\":\"https:\\\/\\\/www.omrserrature.it\\\/de\\\/katalog\\\/anwendungen\\\/schlosser-fur-mobel\\\/\"},{\"@type\":\"ListItem\",\"position\":5,\"name\":\"M\u00f6belt\u00fcren\",\"item\":\"https:\\\/\\\/www.omrserrature.it\\\/de\\\/katalog\\\/anwendungen\\\/schlosser-fur-mobel\\\/mobelturen\\\/\"},{\"@type\":\"ListItem\",\"position\":6,\"name\":\"Schieben\",\"item\":\"https:\\\/\\\/www.omrserrature.it\\\/de\\\/katalog\\\/anwendungen\\\/schlosser-fur-mobel\\\/mobelturen\\\/schieben\\\/\"},{\"@type\":\"ListItem\",\"position\":7,\"name\":\"Ovales Druckknopfschloss f\u00fcr Schiebet\u00fcren\"}]},{\"@type\":\"WebSite\",\"@id\":\"https:\\\/\\\/www.omrserrature.it\\\/de\\\/#website\",\"url\":\"https:\\\/\\\/www.omrserrature.it\\\/de\\\/\",\"name\":\"OMR Serrature | Produzione sistemi di chiusura\",\"description\":\"Produzione serrature di sicurezza e sistemi di chiusura\",\"publisher\":{\"@id\":\"https:\\\/\\\/www.omrserrature.it\\\/de\\\/#organization\"},\"potentialAction\":[{\"@type\":\"SearchAction\",\"target\":{\"@type\":\"EntryPoint\",\"urlTemplate\":\"https:\\\/\\\/www.omrserrature.it\\\/de\\\/?s={search_term_string}\"},\"query-input\":{\"@type\":\"PropertyValueSpecification\",\"valueRequired\":true,\"valueName\":\"search_term_string\"}}],\"inLanguage\":\"de\"},{\"@type\":\"Organization\",\"@id\":\"https:\\\/\\\/www.omrserrature.it\\\/de\\\/#organization\",\"name\":\"OMR Serrature | Produzione sistemi di chiusura\",\"url\":\"https:\\\/\\\/www.omrserrature.it\\\/de\\\/\",\"logo\":{\"@type\":\"ImageObject\",\"inLanguage\":\"de\",\"@id\":\"https:\\\/\\\/www.omrserrature.it\\\/de\\\/#\\\/schema\\\/logo\\\/image\\\/\",\"url\":\"https:\\\/\\\/www.omrserrature.it\\\/wp-content\\\/uploads\\\/2017\\\/09\\\/favicon-omr-114.png\",\"contentUrl\":\"https:\\\/\\\/www.omrserrature.it\\\/wp-content\\\/uploads\\\/2017\\\/09\\\/favicon-omr-114.png\",\"width\":114,\"height\":114,\"caption\":\"OMR Serrature | Produzione sistemi di chiusura\"},\"image\":{\"@id\":\"https:\\\/\\\/www.omrserrature.it\\\/de\\\/#\\\/schema\\\/logo\\\/image\\\/\"},\"sameAs\":[\"https:\\\/\\\/www.facebook.com\\\/OMRserrature\",\"https:\\\/\\\/www.linkedin.com\\\/company\\\/omrserrature\\\/\",\"https:\\\/\\\/www.youtube.com\\\/channel\\\/UCxmA85z2R0EpG_6IRokiAkg\"]}]}<\/script>\n<!-- \/ Yoast SEO plugin. -->","yoast_head_json":{"title":"Ovales Druckknopfschloss f\u00fcr Schiebet\u00fcren - OMR Serrature","robots":{"index":"index","follow":"follow","max-snippet":"max-snippet:-1","max-image-preview":"max-image-preview:large","max-video-preview":"max-video-preview:-1"},"canonical":"https:\/\/www.omrserrature.it\/de\/produkt\/druckschloss-fuer-schiebetueren\/","og_locale":"de_DE","og_type":"article","og_title":"Ovales Druckknopfschloss f\u00fcr Schiebet\u00fcren - OMR Serrature","og_description":"Das Druckknopfschloss f\u00fcr Schiebet\u00fcren aus Metall und Holz in ovaler Form hat eine schwarze Buchse aus Technopolymer, in der sich ein Knopf aus einer Aluminiumlegierung mit Schloss bewegt. Das Schloss mit Druckknopf wird in der Regel an Blechm\u00f6beln verwendet, sowohl in B\u00fcros als auch in Werkst\u00e4tten, Labors, Gemeinden, Unterk\u00fcnften, Universit\u00e4ten, Krankenh\u00e4usern und ganz allgemein an Sanit\u00e4r- und Industriem\u00f6beln.","og_url":"https:\/\/www.omrserrature.it\/de\/produkt\/druckschloss-fuer-schiebetueren\/","og_site_name":"OMR Serrature | Produzione sistemi di chiusura","article_publisher":"https:\/\/www.facebook.com\/OMRserrature","article_modified_time":"2026-04-08T10:23:43+00:00","og_image":[{"width":600,"height":600,"url":"https:\/\/www.omrserrature.it\/wp-content\/uploads\/2017\/10\/Serratura-ovale-a-pulsante-per-porte-scorrevoli.jpg","type":"image\/jpeg"}],"twitter_card":"summary_large_image","twitter_misc":{"Gesch\u00e4tzte Lesezeit":"1\u00a0Minute"},"schema":{"@context":"https:\/\/schema.org","@graph":[{"@type":"WebPage","@id":"https:\/\/www.omrserrature.it\/de\/produkt\/druckschloss-fuer-schiebetueren\/","url":"https:\/\/www.omrserrature.it\/de\/produkt\/druckschloss-fuer-schiebetueren\/","name":"Ovales Druckknopfschloss f\u00fcr Schiebet\u00fcren - OMR Serrature","isPartOf":{"@id":"https:\/\/www.omrserrature.it\/de\/#website"},"primaryImageOfPage":{"@id":"https:\/\/www.omrserrature.it\/de\/produkt\/druckschloss-fuer-schiebetueren\/#primaryimage"},"image":{"@id":"https:\/\/www.omrserrature.it\/de\/produkt\/druckschloss-fuer-schiebetueren\/#primaryimage"},"thumbnailUrl":"https:\/\/www.omrserrature.it\/wp-content\/uploads\/2017\/10\/Serratura-ovale-a-pulsante-per-porte-scorrevoli.jpg","datePublished":"2016-10-17T08:18:00+00:00","dateModified":"2026-04-08T10:23:43+00:00","breadcrumb":{"@id":"https:\/\/www.omrserrature.it\/de\/produkt\/druckschloss-fuer-schiebetueren\/#breadcrumb"},"inLanguage":"de","potentialAction":[{"@type":"ReadAction","target":["https:\/\/www.omrserrature.it\/de\/produkt\/druckschloss-fuer-schiebetueren\/"]}]},{"@type":"ImageObject","inLanguage":"de","@id":"https:\/\/www.omrserrature.it\/de\/produkt\/druckschloss-fuer-schiebetueren\/#primaryimage","url":"https:\/\/www.omrserrature.it\/wp-content\/uploads\/2017\/10\/Serratura-ovale-a-pulsante-per-porte-scorrevoli.jpg","contentUrl":"https:\/\/www.omrserrature.it\/wp-content\/uploads\/2017\/10\/Serratura-ovale-a-pulsante-per-porte-scorrevoli.jpg","width":600,"height":600,"caption":"Ovales Druckknopfschloss f\u00fcr Schiebet\u00fcren"},{"@type":"BreadcrumbList","@id":"https:\/\/www.omrserrature.it\/de\/produkt\/druckschloss-fuer-schiebetueren\/#breadcrumb","itemListElement":[{"@type":"ListItem","position":1,"name":"Home","item":"https:\/\/www.omrserrature.it\/de\/omr-serrature-sistemi-chiusura\/"},{"@type":"ListItem","position":2,"name":"Katalog","item":"https:\/\/www.omrserrature.it\/katalog\/?lang=de"},{"@type":"ListItem","position":3,"name":"Anwendungen","item":"https:\/\/www.omrserrature.it\/de\/katalog\/anwendungen\/"},{"@type":"ListItem","position":4,"name":"Schl\u00f6sser f\u00fcr M\u00f6bel","item":"https:\/\/www.omrserrature.it\/de\/katalog\/anwendungen\/schlosser-fur-mobel\/"},{"@type":"ListItem","position":5,"name":"M\u00f6belt\u00fcren","item":"https:\/\/www.omrserrature.it\/de\/katalog\/anwendungen\/schlosser-fur-mobel\/mobelturen\/"},{"@type":"ListItem","position":6,"name":"Schieben","item":"https:\/\/www.omrserrature.it\/de\/katalog\/anwendungen\/schlosser-fur-mobel\/mobelturen\/schieben\/"},{"@type":"ListItem","position":7,"name":"Ovales Druckknopfschloss f\u00fcr Schiebet\u00fcren"}]},{"@type":"WebSite","@id":"https:\/\/www.omrserrature.it\/de\/#website","url":"https:\/\/www.omrserrature.it\/de\/","name":"OMR Serrature | Produzione sistemi di chiusura","description":"Produzione serrature di sicurezza e sistemi di chiusura","publisher":{"@id":"https:\/\/www.omrserrature.it\/de\/#organization"},"potentialAction":[{"@type":"SearchAction","target":{"@type":"EntryPoint","urlTemplate":"https:\/\/www.omrserrature.it\/de\/?s={search_term_string}"},"query-input":{"@type":"PropertyValueSpecification","valueRequired":true,"valueName":"search_term_string"}}],"inLanguage":"de"},{"@type":"Organization","@id":"https:\/\/www.omrserrature.it\/de\/#organization","name":"OMR Serrature | Produzione sistemi di chiusura","url":"https:\/\/www.omrserrature.it\/de\/","logo":{"@type":"ImageObject","inLanguage":"de","@id":"https:\/\/www.omrserrature.it\/de\/#\/schema\/logo\/image\/","url":"https:\/\/www.omrserrature.it\/wp-content\/uploads\/2017\/09\/favicon-omr-114.png","contentUrl":"https:\/\/www.omrserrature.it\/wp-content\/uploads\/2017\/09\/favicon-omr-114.png","width":114,"height":114,"caption":"OMR Serrature | Produzione sistemi di chiusura"},"image":{"@id":"https:\/\/www.omrserrature.it\/de\/#\/schema\/logo\/image\/"},"sameAs":["https:\/\/www.facebook.com\/OMRserrature","https:\/\/www.linkedin.com\/company\/omrserrature\/","https:\/\/www.youtube.com\/channel\/UCxmA85z2R0EpG_6IRokiAkg"]}]}},"_links":{"self":[{"href":"https:\/\/www.omrserrature.it\/de\/wp-json\/wp\/v2\/product\/242555","targetHints":{"allow":["GET"]}}],"collection":[{"href":"https:\/\/www.omrserrature.it\/de\/wp-json\/wp\/v2\/product"}],"about":[{"href":"https:\/\/www.omrserrature.it\/de\/wp-json\/wp\/v2\/types\/product"}],"replies":[{"embeddable":true,"href":"https:\/\/www.omrserrature.it\/de\/wp-json\/wp\/v2\/comments?post=242555"}],"wp:featuredmedia":[{"embeddable":true,"href":"https:\/\/www.omrserrature.it\/de\/wp-json\/wp\/v2\/media\/18514"}],"wp:attachment":[{"href":"https:\/\/www.omrserrature.it\/de\/wp-json\/wp\/v2\/media?parent=242555"}],"wp:term":[{"taxonomy":"product_brand","embeddable":true,"href":"https:\/\/www.omrserrature.it\/de\/wp-json\/wp\/v2\/product_brand?post=242555"},{"taxonomy":"product_cat","embeddable":true,"href":"https:\/\/www.omrserrature.it\/de\/wp-json\/wp\/v2\/product_cat?post=242555"},{"taxonomy":"product_tag","embeddable":true,"href":"https:\/\/www.omrserrature.it\/de\/wp-json\/wp\/v2\/product_tag?post=242555"}],"curies":[{"name":"wp","href":"https:\/\/api.w.org\/{rel}","templated":true}]}}