{"id":242549,"date":"2021-03-11T21:42:59","date_gmt":"2011-03-21T20:42:00","guid":{"rendered":"https:\/\/www.staging6.omrserrature.it\/prodotto\/manuelles-muelltonnenschloss-mit-dreikantschluessel\/"},"modified":"2026-04-08T11:28:54","modified_gmt":"2026-04-08T09:28:54","slug":"manuelles-muelltonnenschloss-mit-dreikantschluessel","status":"publish","type":"product","link":"https:\/\/www.omrserrature.it\/de\/produkt\/manuelles-muelltonnenschloss-mit-dreikantschluessel\/","title":{"rendered":"Manuelles M\u00fclltonnenschloss mit Dreikantschl\u00fcssel"},"content":{"rendered":"<p>Das <strong>manuelle \u00f6kologische Drehriegel-Schloss<\/strong> ist komplett aus Metalldruckguss gefertigt und galvanisch behandelt. Das charakteristische Element dieses Abschlusses ist die dreieckige Form des Schl\u00fcssels.  Es ist kompakt und dank den 4 Befestigungsbohrungen, ist das Schloss f\u00fcr jede Anwendung geeignet. Zwei Varianten sind erh\u00e4ltlich: ein dreieckiges manuelles Schloss <strong>mit zwei Schlie\u00dfpositionen<\/strong> (offen\/geschlossen) und ein dreieckiges manuelles Schloss <strong>mit R\u00fcckholfeder.<\/strong><\/p>\n<p>Das Schloss kann mit Haken und einer Befestigungsplatte ausgestattet werden, die <strong>ebenfalls nach Ma\u00df angefertigt werden k\u00f6nnen<\/strong>, um allen Anwendungsanforderungen gerecht zu werden. Die Handhabung kann mit &#8218;\u00d6kologie&#8216;-Steckschl\u00fcsseln, Steckschl\u00fcsseln mit Hammerkopf oder Steckschl\u00fcsseln mit ovalem Kopf erfolgen. <\/p>\n<p>Das Schloss wird oft auf <strong>M\u00fclltonnen<\/strong> oder <strong>Abfallbeh\u00e4lter<\/strong> f\u00fcr den <strong>Au\u00dfenbereich<\/strong> verwendet. Dank dem praktischen automatischen Schliessen wird das Schloss auf Metallumhausungen oder Klappen verwendet. <\/p>\n","protected":false},"excerpt":{"rendered":"<p>Das <strong>manuelle \u00f6kologische Drehriegel-Schloss in Form eines Dreiecks<\/strong> besteht vollst\u00e4ndig aus verzinktem Metalldruckguss und wird h\u00e4ufig an <strong>M\u00fcllcontainern<\/strong> auf R\u00e4dern, M\u00fcllcontainern, <strong>Stadtm\u00f6beln<\/strong> oder anderen Abfallbeh\u00e4ltern verwendet. Dank seines praktischen federbelasteten Abschlusses wird das Schloss auch an Eisentonnen und Inspektionsluken verwendet. <\/p>\n","protected":false},"featured_media":4009,"comment_status":"open","ping_status":"closed","template":"","meta":{"_acf_changed":false,"_et_pb_use_builder":"off","_et_pb_old_content":"Das <strong>manuelle Schloss mit Dreikantschl\u00fcssel<\/strong> besteht aus einem verzinktem Metallgeh\u00e4use. Die Dreikant-Bet\u00e4tigung erm\u00f6glicht die Bewegung des Mechanismus.  Es ist kompakt und dank den 4 Befestigungsbohrungen, ist das Schloss f\u00fcr jede Anwendung geeignet. Es sind zwei Varianten erh\u00e4ltlich: dreieckiges manuelles Schloss <strong>mit zwei Schlie\u00dfpositionen<\/strong> offen\/geschlossen und dreieckiges manuelles Schloss <strong>mit R\u00fcckholfeder.<\/strong>\n\nAls Zubeh\u00f6r sind Haken und Befestigungsplatte erh\u00e4ltlich, das Schloss kann auch <strong>kundenspezifisch<\/strong> hergestellt werden. Die Bet\u00e4tigung erfolgt mit T-Griff Universalschl\u00fcssel, Universalschl\u00fcssel mit Hammerkopf oder Universalschl\u00fcssel mit Ovalkopf. \n\nDas Schloss wird oft auf <strong>M\u00fclltonnen<\/strong> oder <strong>Abfallbeh\u00e4lter<\/strong> f\u00fcr den <strong>Au\u00dfenbereich<\/strong> verwendet.\nDank dem praktischen automatischen Schliessen wird das Schloss auf Metallumhausungen oder Klappen verwendet. \n\n","_et_gb_content_width":""},"product_brand":[],"product_cat":[3787,3819,3833,3793,3778,3769],"product_tag":[],"class_list":{"0":"post-242549","1":"product","2":"type-product","3":"status-publish","4":"has-post-thumbnail","6":"product_cat-hakenschlosser","7":"product_cat-manuelle-schlosser-fur-mulltonnen-boxen","8":"product_cat-schlosser-fur-mulltonnen-2","9":"product_cat-schlosser-fur-mulltonnen","10":"product_cat-schlosser-mit-ruckholfeder","11":"product_cat-umweltfreundlich-recyceln","13":"first","14":"instock","15":"shipping-taxable","16":"product-type-simple"},"acf":{"pdf1":"https:\/\/www.omrserrature.it\/wp-content\/uploads\/2021\/03\/Scheda-165870.pdf"},"yoast_head":"<!-- This site is optimized with the Yoast SEO plugin v27.2 - https:\/\/yoast.com\/product\/yoast-seo-wordpress\/ -->\n<title>Manuelles M\u00fclltonnenschloss mit Dreikantschl\u00fcssel - OMR Serrature<\/title>\n<meta name=\"robots\" content=\"index, follow, max-snippet:-1, max-image-preview:large, max-video-preview:-1\" \/>\n<link rel=\"canonical\" href=\"https:\/\/www.omrserrature.it\/de\/produkt\/manuelles-muelltonnenschloss-mit-dreikantschluessel\/\" \/>\n<meta property=\"og:locale\" content=\"de_DE\" \/>\n<meta property=\"og:type\" content=\"article\" \/>\n<meta property=\"og:title\" content=\"Manuelles M\u00fclltonnenschloss mit Dreikantschl\u00fcssel - OMR Serrature\" \/>\n<meta property=\"og:description\" content=\"Das manuelle \u00f6kologische Drehriegel-Schloss in Form eines Dreiecks besteht vollst\u00e4ndig aus verzinktem Metalldruckguss und wird h\u00e4ufig an M\u00fcllcontainern auf R\u00e4dern, M\u00fcllcontainern, Stadtm\u00f6beln oder anderen Abfallbeh\u00e4ltern verwendet. Dank seines praktischen federbelasteten Abschlusses wird das Schloss auch an Eisentonnen und Inspektionsluken verwendet.\" \/>\n<meta property=\"og:url\" content=\"https:\/\/www.omrserrature.it\/de\/produkt\/manuelles-muelltonnenschloss-mit-dreikantschluessel\/\" \/>\n<meta property=\"og:site_name\" content=\"OMR Serrature | Produzione sistemi di chiusura\" \/>\n<meta property=\"article:publisher\" content=\"https:\/\/www.facebook.com\/OMRserrature\" \/>\n<meta property=\"article:modified_time\" content=\"2026-04-08T09:28:54+00:00\" \/>\n<meta property=\"og:image\" content=\"https:\/\/www.omrserrature.it\/wp-content\/uploads\/2017\/10\/serratura-manuale-triangolo.jpg\" \/>\n\t<meta property=\"og:image:width\" content=\"1961\" \/>\n\t<meta property=\"og:image:height\" content=\"1200\" \/>\n\t<meta property=\"og:image:type\" content=\"image\/jpeg\" \/>\n<meta name=\"twitter:card\" content=\"summary_large_image\" \/>\n<meta name=\"twitter:label1\" content=\"Gesch\u00e4tzte Lesezeit\" \/>\n\t<meta name=\"twitter:data1\" content=\"1\u00a0Minute\" \/>\n<script type=\"application\/ld+json\" class=\"yoast-schema-graph\">{\"@context\":\"https:\/\/schema.org\",\"@graph\":[{\"@type\":\"WebPage\",\"@id\":\"https:\/\/www.omrserrature.it\/de\/produkt\/manuelles-muelltonnenschloss-mit-dreikantschluessel\/\",\"url\":\"https:\/\/www.omrserrature.it\/de\/produkt\/manuelles-muelltonnenschloss-mit-dreikantschluessel\/\",\"name\":\"Manuelles M\u00fclltonnenschloss mit Dreikantschl\u00fcssel - OMR Serrature\",\"isPartOf\":{\"@id\":\"https:\/\/www.omrserrature.it\/de\/#website\"},\"primaryImageOfPage\":{\"@id\":\"https:\/\/www.omrserrature.it\/de\/produkt\/manuelles-muelltonnenschloss-mit-dreikantschluessel\/#primaryimage\"},\"image\":{\"@id\":\"https:\/\/www.omrserrature.it\/de\/produkt\/manuelles-muelltonnenschloss-mit-dreikantschluessel\/#primaryimage\"},\"thumbnailUrl\":\"https:\/\/www.omrserrature.it\/wp-content\/uploads\/2017\/10\/serratura-manuale-triangolo.jpg\",\"datePublished\":\"2011-03-21T20:42:00+00:00\",\"dateModified\":\"2026-04-08T09:28:54+00:00\",\"breadcrumb\":{\"@id\":\"https:\/\/www.omrserrature.it\/de\/produkt\/manuelles-muelltonnenschloss-mit-dreikantschluessel\/#breadcrumb\"},\"inLanguage\":\"de\",\"potentialAction\":[{\"@type\":\"ReadAction\",\"target\":[\"https:\/\/www.omrserrature.it\/de\/produkt\/manuelles-muelltonnenschloss-mit-dreikantschluessel\/\"]}]},{\"@type\":\"ImageObject\",\"inLanguage\":\"de\",\"@id\":\"https:\/\/www.omrserrature.it\/de\/produkt\/manuelles-muelltonnenschloss-mit-dreikantschluessel\/#primaryimage\",\"url\":\"https:\/\/www.omrserrature.it\/wp-content\/uploads\/2017\/10\/serratura-manuale-triangolo.jpg\",\"contentUrl\":\"https:\/\/www.omrserrature.it\/wp-content\/uploads\/2017\/10\/serratura-manuale-triangolo.jpg\",\"width\":1961,\"height\":1200,\"caption\":\"Dreikant-Handschloss\"},{\"@type\":\"BreadcrumbList\",\"@id\":\"https:\/\/www.omrserrature.it\/de\/produkt\/manuelles-muelltonnenschloss-mit-dreikantschluessel\/#breadcrumb\",\"itemListElement\":[{\"@type\":\"ListItem\",\"position\":1,\"name\":\"Home\",\"item\":\"https:\/\/www.omrserrature.it\/de\/omr-serrature-sistemi-chiusura\/\"},{\"@type\":\"ListItem\",\"position\":2,\"name\":\"Katalog\",\"item\":\"https:\/\/www.omrserrature.it\/katalog\/?lang=de\"},{\"@type\":\"ListItem\",\"position\":3,\"name\":\"Produkte\",\"item\":\"https:\/\/www.omrserrature.it\/de\/katalog\/produkte\/\"},{\"@type\":\"ListItem\",\"position\":4,\"name\":\"Schloesser\",\"item\":\"https:\/\/www.omrserrature.it\/de\/katalog\/produkte\/schloesser\/\"},{\"@type\":\"ListItem\",\"position\":5,\"name\":\"Schl\u00f6sser f\u00fcr M\u00fclltonnen\",\"item\":\"https:\/\/www.omrserrature.it\/de\/katalog\/produkte\/schloesser\/schlosser-fur-mulltonnen\/\"},{\"@type\":\"ListItem\",\"position\":6,\"name\":\"Manuelle Schl\u00f6sser f\u00fcr M\u00fclltonnen-Boxen\",\"item\":\"https:\/\/www.omrserrature.it\/de\/katalog\/produkte\/schloesser\/schlosser-fur-mulltonnen\/manuelle-schlosser-fur-mulltonnen-boxen\/\"},{\"@type\":\"ListItem\",\"position\":7,\"name\":\"Manuelles M\u00fclltonnenschloss mit Dreikantschl\u00fcssel\"}]},{\"@type\":\"WebSite\",\"@id\":\"https:\/\/www.omrserrature.it\/de\/#website\",\"url\":\"https:\/\/www.omrserrature.it\/de\/\",\"name\":\"OMR Serrature | Produzione sistemi di chiusura\",\"description\":\"Produzione serrature di sicurezza e sistemi di chiusura\",\"publisher\":{\"@id\":\"https:\/\/www.omrserrature.it\/de\/#organization\"},\"potentialAction\":[{\"@type\":\"SearchAction\",\"target\":{\"@type\":\"EntryPoint\",\"urlTemplate\":\"https:\/\/www.omrserrature.it\/de\/?s={search_term_string}\"},\"query-input\":{\"@type\":\"PropertyValueSpecification\",\"valueRequired\":true,\"valueName\":\"search_term_string\"}}],\"inLanguage\":\"de\"},{\"@type\":\"Organization\",\"@id\":\"https:\/\/www.omrserrature.it\/de\/#organization\",\"name\":\"OMR Serrature | Produzione sistemi di chiusura\",\"url\":\"https:\/\/www.omrserrature.it\/de\/\",\"logo\":{\"@type\":\"ImageObject\",\"inLanguage\":\"de\",\"@id\":\"https:\/\/www.omrserrature.it\/de\/#\/schema\/logo\/image\/\",\"url\":\"https:\/\/www.omrserrature.it\/wp-content\/uploads\/2017\/09\/favicon-omr-114.png\",\"contentUrl\":\"https:\/\/www.omrserrature.it\/wp-content\/uploads\/2017\/09\/favicon-omr-114.png\",\"width\":114,\"height\":114,\"caption\":\"OMR Serrature | Produzione sistemi di chiusura\"},\"image\":{\"@id\":\"https:\/\/www.omrserrature.it\/de\/#\/schema\/logo\/image\/\"},\"sameAs\":[\"https:\/\/www.facebook.com\/OMRserrature\",\"https:\/\/www.linkedin.com\/company\/omrserrature\/\",\"https:\/\/www.youtube.com\/channel\/UCxmA85z2R0EpG_6IRokiAkg\"]}]}<\/script>\n<!-- \/ Yoast SEO plugin. -->","yoast_head_json":{"title":"Manuelles M\u00fclltonnenschloss mit Dreikantschl\u00fcssel - OMR Serrature","robots":{"index":"index","follow":"follow","max-snippet":"max-snippet:-1","max-image-preview":"max-image-preview:large","max-video-preview":"max-video-preview:-1"},"canonical":"https:\/\/www.omrserrature.it\/de\/produkt\/manuelles-muelltonnenschloss-mit-dreikantschluessel\/","og_locale":"de_DE","og_type":"article","og_title":"Manuelles M\u00fclltonnenschloss mit Dreikantschl\u00fcssel - OMR Serrature","og_description":"Das manuelle \u00f6kologische Drehriegel-Schloss in Form eines Dreiecks besteht vollst\u00e4ndig aus verzinktem Metalldruckguss und wird h\u00e4ufig an M\u00fcllcontainern auf R\u00e4dern, M\u00fcllcontainern, Stadtm\u00f6beln oder anderen Abfallbeh\u00e4ltern verwendet. Dank seines praktischen federbelasteten Abschlusses wird das Schloss auch an Eisentonnen und Inspektionsluken verwendet.","og_url":"https:\/\/www.omrserrature.it\/de\/produkt\/manuelles-muelltonnenschloss-mit-dreikantschluessel\/","og_site_name":"OMR Serrature | Produzione sistemi di chiusura","article_publisher":"https:\/\/www.facebook.com\/OMRserrature","article_modified_time":"2026-04-08T09:28:54+00:00","og_image":[{"width":1961,"height":1200,"url":"https:\/\/www.omrserrature.it\/wp-content\/uploads\/2017\/10\/serratura-manuale-triangolo.jpg","type":"image\/jpeg"}],"twitter_card":"summary_large_image","twitter_misc":{"Gesch\u00e4tzte Lesezeit":"1\u00a0Minute"},"schema":{"@context":"https:\/\/schema.org","@graph":[{"@type":"WebPage","@id":"https:\/\/www.omrserrature.it\/de\/produkt\/manuelles-muelltonnenschloss-mit-dreikantschluessel\/","url":"https:\/\/www.omrserrature.it\/de\/produkt\/manuelles-muelltonnenschloss-mit-dreikantschluessel\/","name":"Manuelles M\u00fclltonnenschloss mit Dreikantschl\u00fcssel - OMR Serrature","isPartOf":{"@id":"https:\/\/www.omrserrature.it\/de\/#website"},"primaryImageOfPage":{"@id":"https:\/\/www.omrserrature.it\/de\/produkt\/manuelles-muelltonnenschloss-mit-dreikantschluessel\/#primaryimage"},"image":{"@id":"https:\/\/www.omrserrature.it\/de\/produkt\/manuelles-muelltonnenschloss-mit-dreikantschluessel\/#primaryimage"},"thumbnailUrl":"https:\/\/www.omrserrature.it\/wp-content\/uploads\/2017\/10\/serratura-manuale-triangolo.jpg","datePublished":"2011-03-21T20:42:00+00:00","dateModified":"2026-04-08T09:28:54+00:00","breadcrumb":{"@id":"https:\/\/www.omrserrature.it\/de\/produkt\/manuelles-muelltonnenschloss-mit-dreikantschluessel\/#breadcrumb"},"inLanguage":"de","potentialAction":[{"@type":"ReadAction","target":["https:\/\/www.omrserrature.it\/de\/produkt\/manuelles-muelltonnenschloss-mit-dreikantschluessel\/"]}]},{"@type":"ImageObject","inLanguage":"de","@id":"https:\/\/www.omrserrature.it\/de\/produkt\/manuelles-muelltonnenschloss-mit-dreikantschluessel\/#primaryimage","url":"https:\/\/www.omrserrature.it\/wp-content\/uploads\/2017\/10\/serratura-manuale-triangolo.jpg","contentUrl":"https:\/\/www.omrserrature.it\/wp-content\/uploads\/2017\/10\/serratura-manuale-triangolo.jpg","width":1961,"height":1200,"caption":"Dreikant-Handschloss"},{"@type":"BreadcrumbList","@id":"https:\/\/www.omrserrature.it\/de\/produkt\/manuelles-muelltonnenschloss-mit-dreikantschluessel\/#breadcrumb","itemListElement":[{"@type":"ListItem","position":1,"name":"Home","item":"https:\/\/www.omrserrature.it\/de\/omr-serrature-sistemi-chiusura\/"},{"@type":"ListItem","position":2,"name":"Katalog","item":"https:\/\/www.omrserrature.it\/katalog\/?lang=de"},{"@type":"ListItem","position":3,"name":"Produkte","item":"https:\/\/www.omrserrature.it\/de\/katalog\/produkte\/"},{"@type":"ListItem","position":4,"name":"Schloesser","item":"https:\/\/www.omrserrature.it\/de\/katalog\/produkte\/schloesser\/"},{"@type":"ListItem","position":5,"name":"Schl\u00f6sser f\u00fcr M\u00fclltonnen","item":"https:\/\/www.omrserrature.it\/de\/katalog\/produkte\/schloesser\/schlosser-fur-mulltonnen\/"},{"@type":"ListItem","position":6,"name":"Manuelle Schl\u00f6sser f\u00fcr M\u00fclltonnen-Boxen","item":"https:\/\/www.omrserrature.it\/de\/katalog\/produkte\/schloesser\/schlosser-fur-mulltonnen\/manuelle-schlosser-fur-mulltonnen-boxen\/"},{"@type":"ListItem","position":7,"name":"Manuelles M\u00fclltonnenschloss mit Dreikantschl\u00fcssel"}]},{"@type":"WebSite","@id":"https:\/\/www.omrserrature.it\/de\/#website","url":"https:\/\/www.omrserrature.it\/de\/","name":"OMR Serrature | Produzione sistemi di chiusura","description":"Produzione serrature di sicurezza e sistemi di chiusura","publisher":{"@id":"https:\/\/www.omrserrature.it\/de\/#organization"},"potentialAction":[{"@type":"SearchAction","target":{"@type":"EntryPoint","urlTemplate":"https:\/\/www.omrserrature.it\/de\/?s={search_term_string}"},"query-input":{"@type":"PropertyValueSpecification","valueRequired":true,"valueName":"search_term_string"}}],"inLanguage":"de"},{"@type":"Organization","@id":"https:\/\/www.omrserrature.it\/de\/#organization","name":"OMR Serrature | Produzione sistemi di chiusura","url":"https:\/\/www.omrserrature.it\/de\/","logo":{"@type":"ImageObject","inLanguage":"de","@id":"https:\/\/www.omrserrature.it\/de\/#\/schema\/logo\/image\/","url":"https:\/\/www.omrserrature.it\/wp-content\/uploads\/2017\/09\/favicon-omr-114.png","contentUrl":"https:\/\/www.omrserrature.it\/wp-content\/uploads\/2017\/09\/favicon-omr-114.png","width":114,"height":114,"caption":"OMR Serrature | Produzione sistemi di chiusura"},"image":{"@id":"https:\/\/www.omrserrature.it\/de\/#\/schema\/logo\/image\/"},"sameAs":["https:\/\/www.facebook.com\/OMRserrature","https:\/\/www.linkedin.com\/company\/omrserrature\/","https:\/\/www.youtube.com\/channel\/UCxmA85z2R0EpG_6IRokiAkg"]}]}},"_links":{"self":[{"href":"https:\/\/www.omrserrature.it\/de\/wp-json\/wp\/v2\/product\/242549","targetHints":{"allow":["GET"]}}],"collection":[{"href":"https:\/\/www.omrserrature.it\/de\/wp-json\/wp\/v2\/product"}],"about":[{"href":"https:\/\/www.omrserrature.it\/de\/wp-json\/wp\/v2\/types\/product"}],"replies":[{"embeddable":true,"href":"https:\/\/www.omrserrature.it\/de\/wp-json\/wp\/v2\/comments?post=242549"}],"wp:featuredmedia":[{"embeddable":true,"href":"https:\/\/www.omrserrature.it\/de\/wp-json\/wp\/v2\/media\/4009"}],"wp:attachment":[{"href":"https:\/\/www.omrserrature.it\/de\/wp-json\/wp\/v2\/media?parent=242549"}],"wp:term":[{"taxonomy":"product_brand","embeddable":true,"href":"https:\/\/www.omrserrature.it\/de\/wp-json\/wp\/v2\/product_brand?post=242549"},{"taxonomy":"product_cat","embeddable":true,"href":"https:\/\/www.omrserrature.it\/de\/wp-json\/wp\/v2\/product_cat?post=242549"},{"taxonomy":"product_tag","embeddable":true,"href":"https:\/\/www.omrserrature.it\/de\/wp-json\/wp\/v2\/product_tag?post=242549"}],"curies":[{"name":"wp","href":"https:\/\/api.w.org\/{rel}","templated":true}]}}