{"id":242492,"date":"2019-10-15T16:23:52","date_gmt":"2015-10-19T14:23:00","guid":{"rendered":"https:\/\/www.staging6.omrserrature.it\/prodotto\/elektronikschloss-rfid-mifare-mit-tastaturfeld\/"},"modified":"2026-04-08T11:34:02","modified_gmt":"2026-04-08T09:34:02","slug":"elektronikschloss-rfid-mifare-mit-tastaturfeld","status":"publish","type":"product","link":"https:\/\/www.omrserrature.it\/de\/produkt\/elektronikschloss-rfid-mifare-mit-tastaturfeld\/","title":{"rendered":"Elektronikschloss RFID MIFARE mit Tastaturfeld"},"content":{"rendered":"<p>Das elektronische Schloss von HELLOCK mit RFID-Leser und Zifferntastatur besteht aus einem Au\u00dfengeh\u00e4use aus hochwertigem <strong>technischen Kunststoff<\/strong>, in das ein elektronischer Mechanismus zur Bet\u00e4tigung des Zylinders integriert ist, der ein schl\u00fcsselloses \u00d6ffnen und Schlie\u00dfen erm\u00f6glicht. Die Stromversorgung durch eine einfache Knopfbatterie, die bis zu 10 Jahre h\u00e4lt, macht ihn zu einer<strong> umweltfreundlichen und wartungsfreien<\/strong> L\u00f6sung. Das Schloss ist sehr klein und gilt als das kleinste elektronische Schloss der Welt mit einem internen Prozessor. Zu der au\u00dferordentlichen Vielseitigkeit tr\u00e4gt auch die IP54-Zertifizierung bei, die das Schloss auch <strong>f\u00fcr den Au\u00dfenbereich tauglich<\/strong> macht. Dieses Modell des intelligenten Schlosses kann entweder mit einer PIN oder mit RFID-Ger\u00e4ten (Ausweise, Karten, Armb\u00e4nder, Tags usw.) verwendet werden. Zwei Betriebsmodi verf\u00fcgbar: Einzel- oder Multibenutzermodus. Es ist in verschiedenen Farbvarianten (Geh\u00e4use und Rahmen) und Ausrichtungen erh\u00e4ltlich. Die 3 hierarchischen Zugriffsebenen &#8211; Benutzer, Service und Master &#8211; erm\u00f6glichen eine effektive und bequeme <strong>Zugriffskontrolle<\/strong>.  Die Sicherheit wird ferner von der Sperrfunktion garantiert bei 3 konsekutiven falschen PIN-Eingaben. Empfindliche Komponenten wie die Batterie und der Schlie\u00dfmechanismus befinden sich im Inneren, wodurch das Schloss sicher vor Vandalismus ist. Es ist m\u00f6glich, jedes RFID Ger\u00e4t zu konfigurieren, um diese Schl\u00f6sser der vorhandenen Zutrittskontrolle (z.B. Badge) anzupassen. Hunderte von verschiedenen geraden oder gekr\u00f6pften Zungen, Mehrpunkt-Hebeln oder der Stift f\u00fcr den mehrfachen und zentralen Abschluss von Schubladen erm\u00f6glichen es, jede Anforderung an den Abschluss zu erf\u00fcllen. Es kann leicht und schnell auf jede Art <strong>M\u00f6belt\u00fcr, Schrank, Spinde, Lockers, Schublade und Rollcontainer<\/strong> installiert werden, in den gleichen Ausstanzungen als die herk\u00f6mmlichen mechanischen Schl\u00f6ssern f\u00fcr eine einwandfreie Nachr\u00fcstung. Es ist ideal f\u00fcr B\u00fcroschr\u00e4nke und Schubladenschr\u00e4nke, in Krankenh\u00e4usern oder RSAs (wo es Probleme mit verlorenen Schl\u00fcsseln oder Schwierigkeiten, sich einen Zugangscode zu merken, gibt), in Universit\u00e4ten und Schulen sowie in allen Umkleider\u00e4umen in Schwimmb\u00e4dern, Fitnessstudios, Sportzentren und Spas.<\/p>\n","protected":false},"excerpt":{"rendered":"<p>Elektronisches, intelligentes Schloss f\u00fcr alle Schlie\u00dff\u00e4cher, Umkleider\u00e4ume, Gep\u00e4ckr\u00e4ume, usw. Stromversorgung durch Pufferbatterie (h\u00e4lt bis zu 10 Jahre), keine Kabel f\u00fcr die Installation erforderlich. Kann durch Eingabe des Zahlencodes auf dem Tastenfeld und \u00fcber den RFID-Mechanismus ge\u00f6ffnet werden. Zugangskontrolle, Ereignisprotokoll, Einzel- oder Mehrbenutzermodus und vieles mehr. Entdecken Sie Hellock!   <\/p>\n","protected":false},"featured_media":18297,"comment_status":"open","ping_status":"closed","template":"","meta":{"_acf_changed":false,"_et_pb_use_builder":"off","_et_pb_old_content":"Das elektronische Schloss von HELLOCK mit RFID-Leser und Zifferntastatur besteht aus einem Au\u00dfengeh\u00e4use aus hochwertigem <strong>technischen Kunststoff<\/strong>, in das ein elektronischer Mechanismus zur Bet\u00e4tigung des Zylinders integriert ist, der ein schl\u00fcsselloses \u00d6ffnen und Schlie\u00dfen erm\u00f6glicht. Das Schloss wird durch eine herk\u00f6mmliche Knopfzelle (5 Jahre Lebensdauer) betrieben. Keine Verkabelung notwendig: eine <strong>kosteng\u00fcnstige und umweltfreundliche<\/strong> L\u00f6sung. Das Schloss ist sehr klein und gilt als das kleinste elektronische Schloss der Welt mit einem internen Prozessor. Zu der au\u00dferordentlichen Vielseitigkeit tr\u00e4gt auch die IP54-Zertifizierung bei, die das Schloss auch <strong>f\u00fcr den Au\u00dfenbereich tauglich<\/strong> macht.\n\nDieses Modell des intelligenten Schlosses kann entweder mit einer PIN oder mit RFID-Ger\u00e4ten (Ausweise, Karten, Armb\u00e4nder, Tags usw.) verwendet werden. Zwei Betriebsmodi verf\u00fcgbar: Einzel- oder Multibenutzermodus. In zwei Farben und mit vielen Varianten erh\u00e4ltlich. Die 3 Niveaus - Benutzer, Service und Master - erm\u00f6glichen eine praktische und effiziente <strong>Zutrittskontrolle<\/strong>. Die Sicherheit wird ferner von der Sperrfunktion garantiert bei 3 konsekutiven falschen PIN-Eingaben. Empfindliche Komponenten wie die Batterie und der Schlie\u00dfmechanismus befinden sich im Inneren, wodurch das Schloss sicher vor Vandalismus ist. Es ist m\u00f6glich, jedes RFID Ger\u00e4t zu konfigurieren, um diese Schl\u00f6sser der vorhandenen Zutrittskontrolle (z.B. Badge) anzupassen. Hunderte von verschiedenen geraden oder gekr\u00f6pften Zungen, Mehrpunkt-Hebeln oder der Stift f\u00fcr den mehrfachen und zentralen Abschluss von Schubladen erm\u00f6glichen es, jede Anforderung an den Abschluss zu erf\u00fcllen. Es kann leicht und schnell auf jede Art <strong>M\u00f6belt\u00fcr, Schrank, Spinde, Lockers, Schublade und Rollcontainer<\/strong> installiert werden, in den gleichen Ausstanzungen als die herk\u00f6mmlichen mechanischen Schl\u00f6ssern f\u00fcr eine einwandfreie Nachr\u00fcstung.\n\nEs ist die perfekte L\u00f6sung f\u00fcr B\u00fcrom\u00f6bel, Schulm\u00f6bel, Krankenh\u00e4user und Pflegeheime (wegen Schl\u00fcsselverlust), Universit\u00e4ten, Umkleide von Schwimmb\u00e4dern, Fitnessstudios und Sportzentren.","_et_gb_content_width":""},"product_brand":[],"product_cat":[3773,3855,3791,3876,3837,3825,3762,3792,3772,3861,3790,3864,3832,3846,3852,3835,3851,3857,3848,3867],"product_tag":[],"class_list":{"0":"post-242492","1":"product","2":"type-product","3":"status-publish","4":"has-post-thumbnail","6":"product_cat-architektur-stadtplanung-und-design","7":"product_cat-briefkastenschlosser","8":"product_cat-elektronische-schlosser-fur-schliesfacher-schubladen-turen","9":"product_cat-flugelturen","10":"product_cat-gdpr-konformes-schrankschloss","11":"product_cat-hebel-schlosser","12":"product_cat-hotels-und-unterkunftseinrichtungen","13":"product_cat-kombinationsschlosser","14":"product_cat-krankenhauser-und-gesundheitsbereich","15":"product_cat-mobelturen","16":"product_cat-reprogrammierbare-schlosser","17":"product_cat-schliesfacher-fur-schliesfacher","18":"product_cat-schlosser-fur-briefkasten","19":"product_cat-schlosser-fur-industrielle-schubladen","20":"product_cat-schlosser-fur-industrieschranke","21":"product_cat-schlosser-fur-mobel","22":"product_cat-schlosser-fur-pflanzenschutzschranke","23":"product_cat-schlosser-fur-postfacher","24":"product_cat-schlosser-fur-psa-schranke","25":"product_cat-schlosser-fur-schliesfacher","27":"first","28":"instock","29":"shipping-taxable","30":"purchasable","31":"product-type-variable"},"acf":{"pdf1":"https:\/\/www.omrserrature.it\/wp-content\/uploads\/2019\/10\/Scheda-HL12XX6.pdf"},"yoast_head":"<!-- This site is optimized with the Yoast SEO plugin v27.2 - https:\/\/yoast.com\/product\/yoast-seo-wordpress\/ -->\n<title>Elektronikschloss RFID MIFARE mit Tastaturfeld - OMR Serrature<\/title>\n<meta name=\"robots\" content=\"index, follow, max-snippet:-1, max-image-preview:large, max-video-preview:-1\" \/>\n<link rel=\"canonical\" href=\"https:\/\/www.omrserrature.it\/de\/produkt\/elektronikschloss-rfid-mifare-mit-tastaturfeld\/\" \/>\n<meta property=\"og:locale\" content=\"de_DE\" \/>\n<meta property=\"og:type\" content=\"article\" \/>\n<meta property=\"og:title\" content=\"Elektronikschloss RFID MIFARE mit Tastaturfeld - OMR Serrature\" \/>\n<meta property=\"og:description\" content=\"Elektronisches, intelligentes Schloss f\u00fcr alle Schlie\u00dff\u00e4cher, Umkleider\u00e4ume, Gep\u00e4ckr\u00e4ume, usw. Stromversorgung durch Pufferbatterie (h\u00e4lt bis zu 10 Jahre), keine Kabel f\u00fcr die Installation erforderlich. Kann durch Eingabe des Zahlencodes auf dem Tastenfeld und \u00fcber den RFID-Mechanismus ge\u00f6ffnet werden. Zugangskontrolle, Ereignisprotokoll, Einzel- oder Mehrbenutzermodus und vieles mehr. Entdecken Sie Hellock!\" \/>\n<meta property=\"og:url\" content=\"https:\/\/www.omrserrature.it\/de\/produkt\/elektronikschloss-rfid-mifare-mit-tastaturfeld\/\" \/>\n<meta property=\"og:site_name\" content=\"OMR Serrature | Produzione sistemi di chiusura\" \/>\n<meta property=\"article:publisher\" content=\"https:\/\/www.facebook.com\/OMRserrature\" \/>\n<meta property=\"article:modified_time\" content=\"2026-04-08T09:34:02+00:00\" \/>\n<meta property=\"og:image\" content=\"https:\/\/www.omrserrature.it\/wp-content\/uploads\/2019\/10\/Serratura-elettronica-RFID-MIFARE-con-tastiera.jpg\" \/>\n\t<meta property=\"og:image:width\" content=\"600\" \/>\n\t<meta property=\"og:image:height\" content=\"600\" \/>\n\t<meta property=\"og:image:type\" content=\"image\/jpeg\" \/>\n<meta name=\"twitter:card\" content=\"summary_large_image\" \/>\n<meta name=\"twitter:label1\" content=\"Gesch\u00e4tzte Lesezeit\" \/>\n\t<meta name=\"twitter:data1\" content=\"2\u00a0Minuten\" \/>\n<script type=\"application\/ld+json\" class=\"yoast-schema-graph\">{\"@context\":\"https:\/\/schema.org\",\"@graph\":[{\"@type\":\"WebPage\",\"@id\":\"https:\/\/www.omrserrature.it\/de\/produkt\/elektronikschloss-rfid-mifare-mit-tastaturfeld\/\",\"url\":\"https:\/\/www.omrserrature.it\/de\/produkt\/elektronikschloss-rfid-mifare-mit-tastaturfeld\/\",\"name\":\"Elektronikschloss RFID MIFARE mit Tastaturfeld - OMR Serrature\",\"isPartOf\":{\"@id\":\"https:\/\/www.omrserrature.it\/de\/#website\"},\"primaryImageOfPage\":{\"@id\":\"https:\/\/www.omrserrature.it\/de\/produkt\/elektronikschloss-rfid-mifare-mit-tastaturfeld\/#primaryimage\"},\"image\":{\"@id\":\"https:\/\/www.omrserrature.it\/de\/produkt\/elektronikschloss-rfid-mifare-mit-tastaturfeld\/#primaryimage\"},\"thumbnailUrl\":\"https:\/\/www.omrserrature.it\/wp-content\/uploads\/2019\/10\/Serratura-elettronica-RFID-MIFARE-con-tastiera.jpg\",\"datePublished\":\"2015-10-19T14:23:00+00:00\",\"dateModified\":\"2026-04-08T09:34:02+00:00\",\"breadcrumb\":{\"@id\":\"https:\/\/www.omrserrature.it\/de\/produkt\/elektronikschloss-rfid-mifare-mit-tastaturfeld\/#breadcrumb\"},\"inLanguage\":\"de\",\"potentialAction\":[{\"@type\":\"ReadAction\",\"target\":[\"https:\/\/www.omrserrature.it\/de\/produkt\/elektronikschloss-rfid-mifare-mit-tastaturfeld\/\"]}]},{\"@type\":\"ImageObject\",\"inLanguage\":\"de\",\"@id\":\"https:\/\/www.omrserrature.it\/de\/produkt\/elektronikschloss-rfid-mifare-mit-tastaturfeld\/#primaryimage\",\"url\":\"https:\/\/www.omrserrature.it\/wp-content\/uploads\/2019\/10\/Serratura-elettronica-RFID-MIFARE-con-tastiera.jpg\",\"contentUrl\":\"https:\/\/www.omrserrature.it\/wp-content\/uploads\/2019\/10\/Serratura-elettronica-RFID-MIFARE-con-tastiera.jpg\",\"width\":600,\"height\":600,\"caption\":\"Elektronikschloss RFID MIFARE mit Tastaturfeld\"},{\"@type\":\"BreadcrumbList\",\"@id\":\"https:\/\/www.omrserrature.it\/de\/produkt\/elektronikschloss-rfid-mifare-mit-tastaturfeld\/#breadcrumb\",\"itemListElement\":[{\"@type\":\"ListItem\",\"position\":1,\"name\":\"Home\",\"item\":\"https:\/\/www.omrserrature.it\/de\/omr-serrature-sistemi-chiusura\/\"},{\"@type\":\"ListItem\",\"position\":2,\"name\":\"Katalog\",\"item\":\"https:\/\/www.omrserrature.it\/katalog\/?lang=de\"},{\"@type\":\"ListItem\",\"position\":3,\"name\":\"Anwendungen\",\"item\":\"https:\/\/www.omrserrature.it\/de\/katalog\/anwendungen\/\"},{\"@type\":\"ListItem\",\"position\":4,\"name\":\"Schl\u00f6sser f\u00fcr M\u00f6bel\",\"item\":\"https:\/\/www.omrserrature.it\/de\/katalog\/anwendungen\/schlosser-fur-mobel\/\"},{\"@type\":\"ListItem\",\"position\":5,\"name\":\"M\u00f6belt\u00fcren\",\"item\":\"https:\/\/www.omrserrature.it\/de\/katalog\/anwendungen\/schlosser-fur-mobel\/mobelturen\/\"},{\"@type\":\"ListItem\",\"position\":6,\"name\":\"Fl\u00fcgelt\u00fcren\",\"item\":\"https:\/\/www.omrserrature.it\/de\/katalog\/anwendungen\/schlosser-fur-mobel\/mobelturen\/flugelturen\/\"},{\"@type\":\"ListItem\",\"position\":7,\"name\":\"Elektronikschloss RFID MIFARE mit Tastaturfeld\"}]},{\"@type\":\"WebSite\",\"@id\":\"https:\/\/www.omrserrature.it\/de\/#website\",\"url\":\"https:\/\/www.omrserrature.it\/de\/\",\"name\":\"OMR Serrature | Produzione sistemi di chiusura\",\"description\":\"Produzione serrature di sicurezza e sistemi di chiusura\",\"publisher\":{\"@id\":\"https:\/\/www.omrserrature.it\/de\/#organization\"},\"potentialAction\":[{\"@type\":\"SearchAction\",\"target\":{\"@type\":\"EntryPoint\",\"urlTemplate\":\"https:\/\/www.omrserrature.it\/de\/?s={search_term_string}\"},\"query-input\":{\"@type\":\"PropertyValueSpecification\",\"valueRequired\":true,\"valueName\":\"search_term_string\"}}],\"inLanguage\":\"de\"},{\"@type\":\"Organization\",\"@id\":\"https:\/\/www.omrserrature.it\/de\/#organization\",\"name\":\"OMR Serrature | Produzione sistemi di chiusura\",\"url\":\"https:\/\/www.omrserrature.it\/de\/\",\"logo\":{\"@type\":\"ImageObject\",\"inLanguage\":\"de\",\"@id\":\"https:\/\/www.omrserrature.it\/de\/#\/schema\/logo\/image\/\",\"url\":\"https:\/\/www.omrserrature.it\/wp-content\/uploads\/2017\/09\/favicon-omr-114.png\",\"contentUrl\":\"https:\/\/www.omrserrature.it\/wp-content\/uploads\/2017\/09\/favicon-omr-114.png\",\"width\":114,\"height\":114,\"caption\":\"OMR Serrature | Produzione sistemi di chiusura\"},\"image\":{\"@id\":\"https:\/\/www.omrserrature.it\/de\/#\/schema\/logo\/image\/\"},\"sameAs\":[\"https:\/\/www.facebook.com\/OMRserrature\",\"https:\/\/www.linkedin.com\/company\/omrserrature\/\",\"https:\/\/www.youtube.com\/channel\/UCxmA85z2R0EpG_6IRokiAkg\"]}]}<\/script>\n<!-- \/ Yoast SEO plugin. -->","yoast_head_json":{"title":"Elektronikschloss RFID MIFARE mit Tastaturfeld - OMR Serrature","robots":{"index":"index","follow":"follow","max-snippet":"max-snippet:-1","max-image-preview":"max-image-preview:large","max-video-preview":"max-video-preview:-1"},"canonical":"https:\/\/www.omrserrature.it\/de\/produkt\/elektronikschloss-rfid-mifare-mit-tastaturfeld\/","og_locale":"de_DE","og_type":"article","og_title":"Elektronikschloss RFID MIFARE mit Tastaturfeld - OMR Serrature","og_description":"Elektronisches, intelligentes Schloss f\u00fcr alle Schlie\u00dff\u00e4cher, Umkleider\u00e4ume, Gep\u00e4ckr\u00e4ume, usw. Stromversorgung durch Pufferbatterie (h\u00e4lt bis zu 10 Jahre), keine Kabel f\u00fcr die Installation erforderlich. Kann durch Eingabe des Zahlencodes auf dem Tastenfeld und \u00fcber den RFID-Mechanismus ge\u00f6ffnet werden. Zugangskontrolle, Ereignisprotokoll, Einzel- oder Mehrbenutzermodus und vieles mehr. Entdecken Sie Hellock!","og_url":"https:\/\/www.omrserrature.it\/de\/produkt\/elektronikschloss-rfid-mifare-mit-tastaturfeld\/","og_site_name":"OMR Serrature | Produzione sistemi di chiusura","article_publisher":"https:\/\/www.facebook.com\/OMRserrature","article_modified_time":"2026-04-08T09:34:02+00:00","og_image":[{"width":600,"height":600,"url":"https:\/\/www.omrserrature.it\/wp-content\/uploads\/2019\/10\/Serratura-elettronica-RFID-MIFARE-con-tastiera.jpg","type":"image\/jpeg"}],"twitter_card":"summary_large_image","twitter_misc":{"Gesch\u00e4tzte Lesezeit":"2\u00a0Minuten"},"schema":{"@context":"https:\/\/schema.org","@graph":[{"@type":"WebPage","@id":"https:\/\/www.omrserrature.it\/de\/produkt\/elektronikschloss-rfid-mifare-mit-tastaturfeld\/","url":"https:\/\/www.omrserrature.it\/de\/produkt\/elektronikschloss-rfid-mifare-mit-tastaturfeld\/","name":"Elektronikschloss RFID MIFARE mit Tastaturfeld - OMR Serrature","isPartOf":{"@id":"https:\/\/www.omrserrature.it\/de\/#website"},"primaryImageOfPage":{"@id":"https:\/\/www.omrserrature.it\/de\/produkt\/elektronikschloss-rfid-mifare-mit-tastaturfeld\/#primaryimage"},"image":{"@id":"https:\/\/www.omrserrature.it\/de\/produkt\/elektronikschloss-rfid-mifare-mit-tastaturfeld\/#primaryimage"},"thumbnailUrl":"https:\/\/www.omrserrature.it\/wp-content\/uploads\/2019\/10\/Serratura-elettronica-RFID-MIFARE-con-tastiera.jpg","datePublished":"2015-10-19T14:23:00+00:00","dateModified":"2026-04-08T09:34:02+00:00","breadcrumb":{"@id":"https:\/\/www.omrserrature.it\/de\/produkt\/elektronikschloss-rfid-mifare-mit-tastaturfeld\/#breadcrumb"},"inLanguage":"de","potentialAction":[{"@type":"ReadAction","target":["https:\/\/www.omrserrature.it\/de\/produkt\/elektronikschloss-rfid-mifare-mit-tastaturfeld\/"]}]},{"@type":"ImageObject","inLanguage":"de","@id":"https:\/\/www.omrserrature.it\/de\/produkt\/elektronikschloss-rfid-mifare-mit-tastaturfeld\/#primaryimage","url":"https:\/\/www.omrserrature.it\/wp-content\/uploads\/2019\/10\/Serratura-elettronica-RFID-MIFARE-con-tastiera.jpg","contentUrl":"https:\/\/www.omrserrature.it\/wp-content\/uploads\/2019\/10\/Serratura-elettronica-RFID-MIFARE-con-tastiera.jpg","width":600,"height":600,"caption":"Elektronikschloss RFID MIFARE mit Tastaturfeld"},{"@type":"BreadcrumbList","@id":"https:\/\/www.omrserrature.it\/de\/produkt\/elektronikschloss-rfid-mifare-mit-tastaturfeld\/#breadcrumb","itemListElement":[{"@type":"ListItem","position":1,"name":"Home","item":"https:\/\/www.omrserrature.it\/de\/omr-serrature-sistemi-chiusura\/"},{"@type":"ListItem","position":2,"name":"Katalog","item":"https:\/\/www.omrserrature.it\/katalog\/?lang=de"},{"@type":"ListItem","position":3,"name":"Anwendungen","item":"https:\/\/www.omrserrature.it\/de\/katalog\/anwendungen\/"},{"@type":"ListItem","position":4,"name":"Schl\u00f6sser f\u00fcr M\u00f6bel","item":"https:\/\/www.omrserrature.it\/de\/katalog\/anwendungen\/schlosser-fur-mobel\/"},{"@type":"ListItem","position":5,"name":"M\u00f6belt\u00fcren","item":"https:\/\/www.omrserrature.it\/de\/katalog\/anwendungen\/schlosser-fur-mobel\/mobelturen\/"},{"@type":"ListItem","position":6,"name":"Fl\u00fcgelt\u00fcren","item":"https:\/\/www.omrserrature.it\/de\/katalog\/anwendungen\/schlosser-fur-mobel\/mobelturen\/flugelturen\/"},{"@type":"ListItem","position":7,"name":"Elektronikschloss RFID MIFARE mit Tastaturfeld"}]},{"@type":"WebSite","@id":"https:\/\/www.omrserrature.it\/de\/#website","url":"https:\/\/www.omrserrature.it\/de\/","name":"OMR Serrature | Produzione sistemi di chiusura","description":"Produzione serrature di sicurezza e sistemi di chiusura","publisher":{"@id":"https:\/\/www.omrserrature.it\/de\/#organization"},"potentialAction":[{"@type":"SearchAction","target":{"@type":"EntryPoint","urlTemplate":"https:\/\/www.omrserrature.it\/de\/?s={search_term_string}"},"query-input":{"@type":"PropertyValueSpecification","valueRequired":true,"valueName":"search_term_string"}}],"inLanguage":"de"},{"@type":"Organization","@id":"https:\/\/www.omrserrature.it\/de\/#organization","name":"OMR Serrature | Produzione sistemi di chiusura","url":"https:\/\/www.omrserrature.it\/de\/","logo":{"@type":"ImageObject","inLanguage":"de","@id":"https:\/\/www.omrserrature.it\/de\/#\/schema\/logo\/image\/","url":"https:\/\/www.omrserrature.it\/wp-content\/uploads\/2017\/09\/favicon-omr-114.png","contentUrl":"https:\/\/www.omrserrature.it\/wp-content\/uploads\/2017\/09\/favicon-omr-114.png","width":114,"height":114,"caption":"OMR Serrature | Produzione sistemi di chiusura"},"image":{"@id":"https:\/\/www.omrserrature.it\/de\/#\/schema\/logo\/image\/"},"sameAs":["https:\/\/www.facebook.com\/OMRserrature","https:\/\/www.linkedin.com\/company\/omrserrature\/","https:\/\/www.youtube.com\/channel\/UCxmA85z2R0EpG_6IRokiAkg"]}]}},"_links":{"self":[{"href":"https:\/\/www.omrserrature.it\/de\/wp-json\/wp\/v2\/product\/242492","targetHints":{"allow":["GET"]}}],"collection":[{"href":"https:\/\/www.omrserrature.it\/de\/wp-json\/wp\/v2\/product"}],"about":[{"href":"https:\/\/www.omrserrature.it\/de\/wp-json\/wp\/v2\/types\/product"}],"replies":[{"embeddable":true,"href":"https:\/\/www.omrserrature.it\/de\/wp-json\/wp\/v2\/comments?post=242492"}],"wp:featuredmedia":[{"embeddable":true,"href":"https:\/\/www.omrserrature.it\/de\/wp-json\/wp\/v2\/media\/18297"}],"wp:attachment":[{"href":"https:\/\/www.omrserrature.it\/de\/wp-json\/wp\/v2\/media?parent=242492"}],"wp:term":[{"taxonomy":"product_brand","embeddable":true,"href":"https:\/\/www.omrserrature.it\/de\/wp-json\/wp\/v2\/product_brand?post=242492"},{"taxonomy":"product_cat","embeddable":true,"href":"https:\/\/www.omrserrature.it\/de\/wp-json\/wp\/v2\/product_cat?post=242492"},{"taxonomy":"product_tag","embeddable":true,"href":"https:\/\/www.omrserrature.it\/de\/wp-json\/wp\/v2\/product_tag?post=242492"}],"curies":[{"name":"wp","href":"https:\/\/api.w.org\/{rel}","templated":true}]}}