{"id":242308,"date":"2023-04-13T10:15:59","date_gmt":"2013-04-23T08:15:00","guid":{"rendered":"https:\/\/www.staging6.omrserrature.it\/prodotto\/muelltonnenschloss-ohne-automatikfunktion-mit-standardschluessel-grosser-deckeloberteil\/"},"modified":"2026-04-08T11:13:58","modified_gmt":"2026-04-08T09:13:58","slug":"muelltonnenschloss-ohne-automatikfunktion-mit-standardschluessel-grosser-deckeloberteil","status":"publish","type":"product","link":"https:\/\/www.omrserrature.it\/de\/produkt\/muelltonnenschloss-ohne-automatikfunktion-mit-standardschluessel-grosser-deckeloberteil\/","title":{"rendered":"Gro\u00dfes, nicht automatisches, \u00f6kologisches Schloss mit Zylinderschl\u00fcssel"},"content":{"rendered":"<p><strong>Das manuelle Schloss<\/strong> ist die perfekte L\u00f6sung f\u00fcr <strong>M\u00fclltonnen<\/strong>, die von den Abfallsammelfahrzeugen <span style=\"text-decoration: underline;\">nicht automatisch<\/span> entleert werden. Es besteht aus <strong>3 Teilen:<\/strong> <\/p>\n<ul>\n<li>der Deckeloberteil, die au\u00dfen auf dem Deckel des Beh\u00e4lters angebracht ist.<\/li>\n<li>der Deckelunterteil, das an der Innenseite des Deckels angebracht ist,<\/li>\n<li>der Tonnenteil, der innerhalb der Abfalleimer Wand montiert werden muss.<\/li>\n<\/ul>\n<p>Das Deckeloberteil dieses nicht automatischen Schlosses ist in der<strong> &#8218;gro\u00dfen&#8216;<\/strong> Version und mit einem <strong>umkehrbaren Zylinderschl\u00fcssel <\/strong> ausgestattet (kann in beide Seiten eingef\u00fchrt werden). Hier eine Liste der Haupteigenschaften:<\/p>\n<ul>\n<li><strong>Die \u00d6ffnung erfolgt mit einem gezahnten Wendeschl\u00fcssel<\/strong> (mit den Nummern 2001 bis 2200); diese Funktion verhindert, dass unbefugte Abf\u00e4lle in den M\u00fcllcontainer gelangen, und vermeidet unangenehme Strafen und \u00fcberm\u00e4\u00dfige Verschmutzung. Diese Schl\u00f6sser k\u00f6nnen im &#8222;CONDOMINIAL KIT&#8220; mit einem gleichschlie\u00dfenden Schl\u00fcssel geliefert werden, der den<strong> Zugang zu Gruppen von M\u00fclltonnen mit einem einzigen Schl\u00fcssel<\/strong> erm\u00f6glicht. <\/li>\n<li><strong>Einfache Panik\u00f6ffnung von innen<\/strong> ohne Schl\u00fcssel im Notfall (z.B. wenn ein Kind im Inneren stecken bleibt).<\/li>\n<li><strong>Schutz vor unerw\u00fcnschten \u00d6ffnung<\/strong> beim Umkippen wegen Wind, St\u00f6\u00dfe oder Vandalismus.<\/li>\n<\/ul>\n<p>Das Schloss ist <strong>kompatibel mit allen 2-Rad- und 4-Rad-M\u00fclltonnen<\/strong> und l\u00e4sst sich leicht daran anbringen. Anleitung f\u00fcr die Montage des Schlosses mit der OMR-Universalschablone. <\/p>\n","protected":false},"excerpt":{"rendered":"<p>Das <strong>\u00f6kologische NON-gravity Schloss<\/strong> mit gro\u00dfem Deckeloberteil ist ein Schlie\u00dfsystem, das an <strong>Abfallsammelbeh\u00e4ltern aller Art<\/strong> angebracht werden kann, die <span style=\"text-decoration: underline;\">keine<\/span> mechanisierte Entleerung durch Sammelfahrzeuge erfordern. \u00d6ffnung mit reversiblem Zylinderschl\u00fcssel. <\/p>\n","protected":false},"featured_media":17685,"comment_status":"open","ping_status":"closed","template":"","meta":{"_acf_changed":false,"_et_pb_use_builder":"","_et_pb_old_content":"","_et_gb_content_width":""},"product_brand":[],"product_cat":[3819,3833,3793,3769],"product_tag":[],"class_list":{"0":"post-242308","1":"product","2":"type-product","3":"status-publish","4":"has-post-thumbnail","6":"product_cat-manuelle-schlosser-fur-mulltonnen-boxen","7":"product_cat-schlosser-fur-mulltonnen-2","8":"product_cat-schlosser-fur-mulltonnen","9":"product_cat-umweltfreundlich-recyceln","11":"first","12":"instock","13":"shipping-taxable","14":"product-type-simple"},"acf":{"pdf1":"https:\/\/www.omrserrature.it\/wp-content\/uploads\/2023\/04\/Scheda_GG-CUP-2001_GG-GAN_GNKIT-INF-1.pdf"},"yoast_head":"<!-- This site is optimized with the Yoast SEO plugin v27.2 - https:\/\/yoast.com\/product\/yoast-seo-wordpress\/ -->\n<title>Nicht automatisches Schloss f\u00fcr M\u00fclltonnen mit Zylinderschl\u00fcssel<\/title>\n<meta name=\"description\" content=\"Nicht-automatisches \u00f6kologisches Schloss mit gro\u00dfem Dekelobereil und umkehrbarem Zylinderschl\u00fcssel. Ideal f\u00fcr M\u00fclltonnen ohne maschinelle Entleerung.\" \/>\n<meta name=\"robots\" content=\"index, follow, max-snippet:-1, max-image-preview:large, max-video-preview:-1\" \/>\n<link rel=\"canonical\" href=\"https:\/\/www.omrserrature.it\/de\/produkt\/muelltonnenschloss-ohne-automatikfunktion-mit-standardschluessel-grosser-deckeloberteil\/\" \/>\n<meta property=\"og:locale\" content=\"de_DE\" \/>\n<meta property=\"og:type\" content=\"article\" \/>\n<meta property=\"og:title\" content=\"Nicht automatisches Schloss f\u00fcr M\u00fclltonnen mit Zylinderschl\u00fcssel\" \/>\n<meta property=\"og:description\" content=\"Nicht-automatisches \u00f6kologisches Schloss mit gro\u00dfem Dekelobereil und umkehrbarem Zylinderschl\u00fcssel. Ideal f\u00fcr M\u00fclltonnen ohne maschinelle Entleerung.\" \/>\n<meta property=\"og:url\" content=\"https:\/\/www.omrserrature.it\/de\/produkt\/muelltonnenschloss-ohne-automatikfunktion-mit-standardschluessel-grosser-deckeloberteil\/\" \/>\n<meta property=\"og:site_name\" content=\"OMR Serrature | Produzione sistemi di chiusura\" \/>\n<meta property=\"article:publisher\" content=\"https:\/\/www.facebook.com\/OMRserrature\" \/>\n<meta property=\"article:modified_time\" content=\"2026-04-08T09:13:58+00:00\" \/>\n<meta property=\"og:image\" content=\"https:\/\/www.omrserrature.it\/wp-content\/uploads\/2021\/03\/Non-gravitazionale-grande-cifrata.jpg\" \/>\n\t<meta property=\"og:image:width\" content=\"1000\" \/>\n\t<meta property=\"og:image:height\" content=\"1000\" \/>\n\t<meta property=\"og:image:type\" content=\"image\/jpeg\" \/>\n<meta name=\"twitter:card\" content=\"summary_large_image\" \/>\n<meta name=\"twitter:label1\" content=\"Gesch\u00e4tzte Lesezeit\" \/>\n\t<meta name=\"twitter:data1\" content=\"1\u00a0Minute\" \/>\n<script type=\"application\/ld+json\" class=\"yoast-schema-graph\">{\"@context\":\"https:\/\/schema.org\",\"@graph\":[{\"@type\":\"WebPage\",\"@id\":\"https:\/\/www.omrserrature.it\/de\/produkt\/muelltonnenschloss-ohne-automatikfunktion-mit-standardschluessel-grosser-deckeloberteil\/\",\"url\":\"https:\/\/www.omrserrature.it\/de\/produkt\/muelltonnenschloss-ohne-automatikfunktion-mit-standardschluessel-grosser-deckeloberteil\/\",\"name\":\"Nicht automatisches Schloss f\u00fcr M\u00fclltonnen mit Zylinderschl\u00fcssel\",\"isPartOf\":{\"@id\":\"https:\/\/www.omrserrature.it\/de\/#website\"},\"primaryImageOfPage\":{\"@id\":\"https:\/\/www.omrserrature.it\/de\/produkt\/muelltonnenschloss-ohne-automatikfunktion-mit-standardschluessel-grosser-deckeloberteil\/#primaryimage\"},\"image\":{\"@id\":\"https:\/\/www.omrserrature.it\/de\/produkt\/muelltonnenschloss-ohne-automatikfunktion-mit-standardschluessel-grosser-deckeloberteil\/#primaryimage\"},\"thumbnailUrl\":\"https:\/\/www.omrserrature.it\/wp-content\/uploads\/2021\/03\/Non-gravitazionale-grande-cifrata.jpg\",\"datePublished\":\"2013-04-23T08:15:00+00:00\",\"dateModified\":\"2026-04-08T09:13:58+00:00\",\"description\":\"Nicht-automatisches \u00f6kologisches Schloss mit gro\u00dfem Dekelobereil und umkehrbarem Zylinderschl\u00fcssel. Ideal f\u00fcr M\u00fclltonnen ohne maschinelle Entleerung.\",\"breadcrumb\":{\"@id\":\"https:\/\/www.omrserrature.it\/de\/produkt\/muelltonnenschloss-ohne-automatikfunktion-mit-standardschluessel-grosser-deckeloberteil\/#breadcrumb\"},\"inLanguage\":\"de\",\"potentialAction\":[{\"@type\":\"ReadAction\",\"target\":[\"https:\/\/www.omrserrature.it\/de\/produkt\/muelltonnenschloss-ohne-automatikfunktion-mit-standardschluessel-grosser-deckeloberteil\/\"]}]},{\"@type\":\"ImageObject\",\"inLanguage\":\"de\",\"@id\":\"https:\/\/www.omrserrature.it\/de\/produkt\/muelltonnenschloss-ohne-automatikfunktion-mit-standardschluessel-grosser-deckeloberteil\/#primaryimage\",\"url\":\"https:\/\/www.omrserrature.it\/wp-content\/uploads\/2021\/03\/Non-gravitazionale-grande-cifrata.jpg\",\"contentUrl\":\"https:\/\/www.omrserrature.it\/wp-content\/uploads\/2021\/03\/Non-gravitazionale-grande-cifrata.jpg\",\"width\":1000,\"height\":1000,\"caption\":\"M\u00fclltonnen- und M\u00fcllcontainer-Schloss - Manuelles Schloss mit gro\u00dfem Deckeloberteil und Zylinderschl\u00fcssel-Schloss\"},{\"@type\":\"BreadcrumbList\",\"@id\":\"https:\/\/www.omrserrature.it\/de\/produkt\/muelltonnenschloss-ohne-automatikfunktion-mit-standardschluessel-grosser-deckeloberteil\/#breadcrumb\",\"itemListElement\":[{\"@type\":\"ListItem\",\"position\":1,\"name\":\"Home\",\"item\":\"https:\/\/www.omrserrature.it\/de\/omr-serrature-sistemi-chiusura\/\"},{\"@type\":\"ListItem\",\"position\":2,\"name\":\"Katalog\",\"item\":\"https:\/\/www.omrserrature.it\/katalog\/?lang=de\"},{\"@type\":\"ListItem\",\"position\":3,\"name\":\"Anwendungen\",\"item\":\"https:\/\/www.omrserrature.it\/de\/katalog\/anwendungen\/\"},{\"@type\":\"ListItem\",\"position\":4,\"name\":\"Schl\u00f6sser f\u00fcr M\u00fclltonnen\",\"item\":\"https:\/\/www.omrserrature.it\/de\/katalog\/anwendungen\/schlosser-fur-mulltonnen-2\/\"},{\"@type\":\"ListItem\",\"position\":5,\"name\":\"Gro\u00dfes, nicht automatisches, \u00f6kologisches Schloss mit Zylinderschl\u00fcssel\"}]},{\"@type\":\"WebSite\",\"@id\":\"https:\/\/www.omrserrature.it\/de\/#website\",\"url\":\"https:\/\/www.omrserrature.it\/de\/\",\"name\":\"OMR Serrature | Produzione sistemi di chiusura\",\"description\":\"Produzione serrature di sicurezza e sistemi di chiusura\",\"publisher\":{\"@id\":\"https:\/\/www.omrserrature.it\/de\/#organization\"},\"potentialAction\":[{\"@type\":\"SearchAction\",\"target\":{\"@type\":\"EntryPoint\",\"urlTemplate\":\"https:\/\/www.omrserrature.it\/de\/?s={search_term_string}\"},\"query-input\":{\"@type\":\"PropertyValueSpecification\",\"valueRequired\":true,\"valueName\":\"search_term_string\"}}],\"inLanguage\":\"de\"},{\"@type\":\"Organization\",\"@id\":\"https:\/\/www.omrserrature.it\/de\/#organization\",\"name\":\"OMR Serrature | Produzione sistemi di chiusura\",\"url\":\"https:\/\/www.omrserrature.it\/de\/\",\"logo\":{\"@type\":\"ImageObject\",\"inLanguage\":\"de\",\"@id\":\"https:\/\/www.omrserrature.it\/de\/#\/schema\/logo\/image\/\",\"url\":\"https:\/\/www.omrserrature.it\/wp-content\/uploads\/2017\/09\/favicon-omr-114.png\",\"contentUrl\":\"https:\/\/www.omrserrature.it\/wp-content\/uploads\/2017\/09\/favicon-omr-114.png\",\"width\":114,\"height\":114,\"caption\":\"OMR Serrature | Produzione sistemi di chiusura\"},\"image\":{\"@id\":\"https:\/\/www.omrserrature.it\/de\/#\/schema\/logo\/image\/\"},\"sameAs\":[\"https:\/\/www.facebook.com\/OMRserrature\",\"https:\/\/www.linkedin.com\/company\/omrserrature\/\",\"https:\/\/www.youtube.com\/channel\/UCxmA85z2R0EpG_6IRokiAkg\"]}]}<\/script>\n<!-- \/ Yoast SEO plugin. -->","yoast_head_json":{"title":"Nicht automatisches Schloss f\u00fcr M\u00fclltonnen mit Zylinderschl\u00fcssel","description":"Nicht-automatisches \u00f6kologisches Schloss mit gro\u00dfem Dekelobereil und umkehrbarem Zylinderschl\u00fcssel. Ideal f\u00fcr M\u00fclltonnen ohne maschinelle Entleerung.","robots":{"index":"index","follow":"follow","max-snippet":"max-snippet:-1","max-image-preview":"max-image-preview:large","max-video-preview":"max-video-preview:-1"},"canonical":"https:\/\/www.omrserrature.it\/de\/produkt\/muelltonnenschloss-ohne-automatikfunktion-mit-standardschluessel-grosser-deckeloberteil\/","og_locale":"de_DE","og_type":"article","og_title":"Nicht automatisches Schloss f\u00fcr M\u00fclltonnen mit Zylinderschl\u00fcssel","og_description":"Nicht-automatisches \u00f6kologisches Schloss mit gro\u00dfem Dekelobereil und umkehrbarem Zylinderschl\u00fcssel. Ideal f\u00fcr M\u00fclltonnen ohne maschinelle Entleerung.","og_url":"https:\/\/www.omrserrature.it\/de\/produkt\/muelltonnenschloss-ohne-automatikfunktion-mit-standardschluessel-grosser-deckeloberteil\/","og_site_name":"OMR Serrature | Produzione sistemi di chiusura","article_publisher":"https:\/\/www.facebook.com\/OMRserrature","article_modified_time":"2026-04-08T09:13:58+00:00","og_image":[{"width":1000,"height":1000,"url":"https:\/\/www.omrserrature.it\/wp-content\/uploads\/2021\/03\/Non-gravitazionale-grande-cifrata.jpg","type":"image\/jpeg"}],"twitter_card":"summary_large_image","twitter_misc":{"Gesch\u00e4tzte Lesezeit":"1\u00a0Minute"},"schema":{"@context":"https:\/\/schema.org","@graph":[{"@type":"WebPage","@id":"https:\/\/www.omrserrature.it\/de\/produkt\/muelltonnenschloss-ohne-automatikfunktion-mit-standardschluessel-grosser-deckeloberteil\/","url":"https:\/\/www.omrserrature.it\/de\/produkt\/muelltonnenschloss-ohne-automatikfunktion-mit-standardschluessel-grosser-deckeloberteil\/","name":"Nicht automatisches Schloss f\u00fcr M\u00fclltonnen mit Zylinderschl\u00fcssel","isPartOf":{"@id":"https:\/\/www.omrserrature.it\/de\/#website"},"primaryImageOfPage":{"@id":"https:\/\/www.omrserrature.it\/de\/produkt\/muelltonnenschloss-ohne-automatikfunktion-mit-standardschluessel-grosser-deckeloberteil\/#primaryimage"},"image":{"@id":"https:\/\/www.omrserrature.it\/de\/produkt\/muelltonnenschloss-ohne-automatikfunktion-mit-standardschluessel-grosser-deckeloberteil\/#primaryimage"},"thumbnailUrl":"https:\/\/www.omrserrature.it\/wp-content\/uploads\/2021\/03\/Non-gravitazionale-grande-cifrata.jpg","datePublished":"2013-04-23T08:15:00+00:00","dateModified":"2026-04-08T09:13:58+00:00","description":"Nicht-automatisches \u00f6kologisches Schloss mit gro\u00dfem Dekelobereil und umkehrbarem Zylinderschl\u00fcssel. Ideal f\u00fcr M\u00fclltonnen ohne maschinelle Entleerung.","breadcrumb":{"@id":"https:\/\/www.omrserrature.it\/de\/produkt\/muelltonnenschloss-ohne-automatikfunktion-mit-standardschluessel-grosser-deckeloberteil\/#breadcrumb"},"inLanguage":"de","potentialAction":[{"@type":"ReadAction","target":["https:\/\/www.omrserrature.it\/de\/produkt\/muelltonnenschloss-ohne-automatikfunktion-mit-standardschluessel-grosser-deckeloberteil\/"]}]},{"@type":"ImageObject","inLanguage":"de","@id":"https:\/\/www.omrserrature.it\/de\/produkt\/muelltonnenschloss-ohne-automatikfunktion-mit-standardschluessel-grosser-deckeloberteil\/#primaryimage","url":"https:\/\/www.omrserrature.it\/wp-content\/uploads\/2021\/03\/Non-gravitazionale-grande-cifrata.jpg","contentUrl":"https:\/\/www.omrserrature.it\/wp-content\/uploads\/2021\/03\/Non-gravitazionale-grande-cifrata.jpg","width":1000,"height":1000,"caption":"M\u00fclltonnen- und M\u00fcllcontainer-Schloss - Manuelles Schloss mit gro\u00dfem Deckeloberteil und Zylinderschl\u00fcssel-Schloss"},{"@type":"BreadcrumbList","@id":"https:\/\/www.omrserrature.it\/de\/produkt\/muelltonnenschloss-ohne-automatikfunktion-mit-standardschluessel-grosser-deckeloberteil\/#breadcrumb","itemListElement":[{"@type":"ListItem","position":1,"name":"Home","item":"https:\/\/www.omrserrature.it\/de\/omr-serrature-sistemi-chiusura\/"},{"@type":"ListItem","position":2,"name":"Katalog","item":"https:\/\/www.omrserrature.it\/katalog\/?lang=de"},{"@type":"ListItem","position":3,"name":"Anwendungen","item":"https:\/\/www.omrserrature.it\/de\/katalog\/anwendungen\/"},{"@type":"ListItem","position":4,"name":"Schl\u00f6sser f\u00fcr M\u00fclltonnen","item":"https:\/\/www.omrserrature.it\/de\/katalog\/anwendungen\/schlosser-fur-mulltonnen-2\/"},{"@type":"ListItem","position":5,"name":"Gro\u00dfes, nicht automatisches, \u00f6kologisches Schloss mit Zylinderschl\u00fcssel"}]},{"@type":"WebSite","@id":"https:\/\/www.omrserrature.it\/de\/#website","url":"https:\/\/www.omrserrature.it\/de\/","name":"OMR Serrature | Produzione sistemi di chiusura","description":"Produzione serrature di sicurezza e sistemi di chiusura","publisher":{"@id":"https:\/\/www.omrserrature.it\/de\/#organization"},"potentialAction":[{"@type":"SearchAction","target":{"@type":"EntryPoint","urlTemplate":"https:\/\/www.omrserrature.it\/de\/?s={search_term_string}"},"query-input":{"@type":"PropertyValueSpecification","valueRequired":true,"valueName":"search_term_string"}}],"inLanguage":"de"},{"@type":"Organization","@id":"https:\/\/www.omrserrature.it\/de\/#organization","name":"OMR Serrature | Produzione sistemi di chiusura","url":"https:\/\/www.omrserrature.it\/de\/","logo":{"@type":"ImageObject","inLanguage":"de","@id":"https:\/\/www.omrserrature.it\/de\/#\/schema\/logo\/image\/","url":"https:\/\/www.omrserrature.it\/wp-content\/uploads\/2017\/09\/favicon-omr-114.png","contentUrl":"https:\/\/www.omrserrature.it\/wp-content\/uploads\/2017\/09\/favicon-omr-114.png","width":114,"height":114,"caption":"OMR Serrature | Produzione sistemi di chiusura"},"image":{"@id":"https:\/\/www.omrserrature.it\/de\/#\/schema\/logo\/image\/"},"sameAs":["https:\/\/www.facebook.com\/OMRserrature","https:\/\/www.linkedin.com\/company\/omrserrature\/","https:\/\/www.youtube.com\/channel\/UCxmA85z2R0EpG_6IRokiAkg"]}]}},"_links":{"self":[{"href":"https:\/\/www.omrserrature.it\/de\/wp-json\/wp\/v2\/product\/242308","targetHints":{"allow":["GET"]}}],"collection":[{"href":"https:\/\/www.omrserrature.it\/de\/wp-json\/wp\/v2\/product"}],"about":[{"href":"https:\/\/www.omrserrature.it\/de\/wp-json\/wp\/v2\/types\/product"}],"replies":[{"embeddable":true,"href":"https:\/\/www.omrserrature.it\/de\/wp-json\/wp\/v2\/comments?post=242308"}],"wp:featuredmedia":[{"embeddable":true,"href":"https:\/\/www.omrserrature.it\/de\/wp-json\/wp\/v2\/media\/17685"}],"wp:attachment":[{"href":"https:\/\/www.omrserrature.it\/de\/wp-json\/wp\/v2\/media?parent=242308"}],"wp:term":[{"taxonomy":"product_brand","embeddable":true,"href":"https:\/\/www.omrserrature.it\/de\/wp-json\/wp\/v2\/product_brand?post=242308"},{"taxonomy":"product_cat","embeddable":true,"href":"https:\/\/www.omrserrature.it\/de\/wp-json\/wp\/v2\/product_cat?post=242308"},{"taxonomy":"product_tag","embeddable":true,"href":"https:\/\/www.omrserrature.it\/de\/wp-json\/wp\/v2\/product_tag?post=242308"}],"curies":[{"name":"wp","href":"https:\/\/api.w.org\/{rel}","templated":true}]}}