{"id":242303,"date":"2021-03-12T09:31:50","date_gmt":"2012-03-21T08:31:00","guid":{"rendered":"https:\/\/www.staging6.omrserrature.it\/prodotto\/schwerkraftschloss-fuer-muelltonnen-kleiner-deckeloberteil-mit-dreikantschluessel-ohne-federruecklauf\/"},"modified":"2026-04-08T11:27:30","modified_gmt":"2026-04-08T09:27:30","slug":"schwerkraftschloss-fuer-muelltonnen-kleiner-deckeloberteil-mit-dreikantschluessel-ohne-federruecklauf","status":"publish","type":"product","link":"https:\/\/www.omrserrature.it\/de\/produkt\/schwerkraftschloss-fuer-muelltonnen-kleiner-deckeloberteil-mit-dreikantschluessel-ohne-federruecklauf\/","title":{"rendered":"Schwerkraftschloss f\u00fcr M\u00fclltonnen \u2013 Kleiner Deckeloberteil mit Dreikantschl\u00fcssel (ohne Federr\u00fccklauf)"},"content":{"rendered":"<p><strong>Das Schwerkraftschloss f\u00fcr M\u00fclltonnen<\/strong> \u00f6ffnet sich automatisch beim Umkippen nach vorne w\u00e4hrend der <strong>Abfallsammlung<\/strong>. Es besteht aus <strong>3 Teilen<\/strong>: <\/p>\n<ul>\n<li>der Deckeloberteil, die au\u00dfen auf dem Deckel des Beh\u00e4lters angebracht ist.<\/li>\n<li>der Deckelunterteil, das an der Innenseite des Deckels angebracht ist,<\/li>\n<li>der Tonnenteil, der innerhalb der Abfalleimer Wand montiert werden muss.<\/li>\n<\/ul>\n<p>Das Deckeloberteil dieses Schwerkraftschlosses ist in der <strong>&#8218;kleinen&#8216;<\/strong> Version und mit einem <strong>T6-Dreikantschl\u00fcssel<\/strong> ausgestattet <strong>, ohne Federr\u00fcckzug.<\/strong><\/p>\n<p>Das innovative Schwerkraftsystem erm\u00f6glicht den <strong>Schutz vor unbefugtem Zugriff<\/strong> und das einfache \u00d6ffnen der verschiedenen Beh\u00e4lter, insbesondere derjenigen, die f\u00fcr die Hausm\u00fcllsammlung bestimmt sind: eine wirksame L\u00f6sung zur Verbesserung der Qualit\u00e4t der M\u00fcllabfuhr in den verschiedenen Gemeinden und Stadtteilen.<\/p>\n<p>Hier eine Liste der Haupteigenschaften:<\/p>\n<ul>\n<li><strong>Automatische \u00d6ffnung<\/strong> w\u00e4hrend der Entleerung durch das Entsorgungsunternehmen.<\/li>\n<li>Nach der Entleerung <strong>verschlie\u00dft das M\u00fclltonnenschloss automatisch<\/strong>. Unbefugter Zugriff ist daher verhindert.<\/li>\n<li>\u00d6ffnung mittels eines <strong>Steckschl\u00fcssels in T6-Form<\/strong> ohne R\u00fcckholfeder; diese Funktion verhindert, dass unbefugte Abf\u00e4lle in den M\u00fcllcontainer gelangen k\u00f6nnen.<\/li>\n<li>Schl\u00fcssellose <strong>Panik\u00f6ffnung von innen<\/strong> bei Notfall (sollte z.B. ein Kind in der M\u00fclltonne gesperrt sein).<\/li>\n<li><strong>Schutz vor unerw\u00fcnschten \u00d6ffnung<\/strong> beim Umkippen wegen Wind, St\u00f6\u00dfe oder Vandalismus.<\/li>\n<\/ul>\n<p>Das Schloss ist <strong>mit allen 2 oder 4-R\u00e4der M\u00fclltonnen kompatibel<\/strong>. Montageanweisungen f\u00fcr das Schloss mit der universellen OMR Bohrschablone. <\/p>\n","protected":false},"excerpt":{"rendered":"<p><strong>\u00d6kologisches Schwerkraftschloss, ausgestattet mit einem &#8218;kleinen&#8216; roten Deckeloberteil mit einem T6-Dreikantschl\u00fcssel, ohne Federr\u00fcckzug.<\/strong> Sie zeichnet sich durch einen Schwerkraftmechanismus aus, der <strong>die automatische \u00d6ffnung der M\u00fclltonne<\/strong> erm\u00f6glicht, sobald eine bestimmte Neigung erreicht ist, wenn sie vom Fahrzeug geleert wird. Eine wirksame L\u00f6sung zur Verbesserung der Qualit\u00e4t der M\u00fcllabfuhr in den Gemeinden durch eine ordnungsgem\u00e4\u00dfe Verwaltung der getrennten M\u00fcllabfuhr. <\/p>\n","protected":false},"featured_media":18192,"comment_status":"open","ping_status":"closed","template":"","meta":{"_acf_changed":false,"_et_pb_use_builder":"","_et_pb_old_content":"","_et_gb_content_width":""},"product_brand":[],"product_cat":[3833,3793,3817,3769],"product_tag":[],"class_list":{"0":"post-242303","1":"product","2":"type-product","3":"status-publish","4":"has-post-thumbnail","6":"product_cat-schlosser-fur-mulltonnen-2","7":"product_cat-schlosser-fur-mulltonnen","8":"product_cat-schwerkraftschlosser-fur-mulltonnenkasten","9":"product_cat-umweltfreundlich-recyceln","11":"first","12":"instock","13":"shipping-taxable","14":"product-type-simple"},"acf":{"pdf1":"https:\/\/www.omrserrature.it\/wp-content\/uploads\/2021\/03\/Scheda-tec_GP-CUP-T-SM_GP-GAN_GKIT-INF.pdf"},"yoast_head":"<!-- This site is optimized with the Yoast SEO plugin v27.2 - https:\/\/yoast.com\/product\/yoast-seo-wordpress\/ -->\n<title>Kleines Schwerkraftschloss f\u00fcr M\u00fclltonnen. Dreieckiger Schl\u00fcssel<\/title>\n<meta name=\"description\" content=\"\u00d6kologisches Schwerkraftschloss mit kleinem Dekelobereil und T6-Dreikantschl\u00fcssel ohne Feder. Sch\u00fctzt die M\u00fclltonnen und \u00f6ffnet sich beim Entleeren automatisch.\" \/>\n<meta name=\"robots\" content=\"index, follow, max-snippet:-1, max-image-preview:large, max-video-preview:-1\" \/>\n<link rel=\"canonical\" href=\"https:\/\/www.omrserrature.it\/de\/produkt\/schwerkraftschloss-fuer-muelltonnen-kleiner-deckeloberteil-mit-dreikantschluessel-ohne-federruecklauf\/\" \/>\n<meta property=\"og:locale\" content=\"de_DE\" \/>\n<meta property=\"og:type\" content=\"article\" \/>\n<meta property=\"og:title\" content=\"Kleines Schwerkraftschloss f\u00fcr M\u00fclltonnen. Dreieckiger Schl\u00fcssel\" \/>\n<meta property=\"og:description\" content=\"\u00d6kologisches Schwerkraftschloss mit kleinem Dekelobereil und T6-Dreikantschl\u00fcssel ohne Feder. Sch\u00fctzt die M\u00fclltonnen und \u00f6ffnet sich beim Entleeren automatisch.\" \/>\n<meta property=\"og:url\" content=\"https:\/\/www.omrserrature.it\/de\/produkt\/schwerkraftschloss-fuer-muelltonnen-kleiner-deckeloberteil-mit-dreikantschluessel-ohne-federruecklauf\/\" \/>\n<meta property=\"og:site_name\" content=\"OMR Serrature | Produzione sistemi di chiusura\" \/>\n<meta property=\"article:publisher\" content=\"https:\/\/www.facebook.com\/OMRserrature\" \/>\n<meta property=\"article:modified_time\" content=\"2026-04-08T09:27:30+00:00\" \/>\n<meta property=\"og:image\" content=\"https:\/\/www.omrserrature.it\/wp-content\/uploads\/2021\/03\/Serratura-ecologica-gravitazionale-piccola-con-chiave-triangolare-senza-ritorno-a-molla.jpeg\" \/>\n\t<meta property=\"og:image:width\" content=\"600\" \/>\n\t<meta property=\"og:image:height\" content=\"600\" \/>\n\t<meta property=\"og:image:type\" content=\"image\/jpeg\" \/>\n<meta name=\"twitter:card\" content=\"summary_large_image\" \/>\n<meta name=\"twitter:label1\" content=\"Gesch\u00e4tzte Lesezeit\" \/>\n\t<meta name=\"twitter:data1\" content=\"1\u00a0Minute\" \/>\n<script type=\"application\/ld+json\" class=\"yoast-schema-graph\">{\"@context\":\"https:\/\/schema.org\",\"@graph\":[{\"@type\":\"WebPage\",\"@id\":\"https:\/\/www.omrserrature.it\/de\/produkt\/schwerkraftschloss-fuer-muelltonnen-kleiner-deckeloberteil-mit-dreikantschluessel-ohne-federruecklauf\/\",\"url\":\"https:\/\/www.omrserrature.it\/de\/produkt\/schwerkraftschloss-fuer-muelltonnen-kleiner-deckeloberteil-mit-dreikantschluessel-ohne-federruecklauf\/\",\"name\":\"Kleines Schwerkraftschloss f\u00fcr M\u00fclltonnen. Dreieckiger Schl\u00fcssel\",\"isPartOf\":{\"@id\":\"https:\/\/www.omrserrature.it\/de\/#website\"},\"primaryImageOfPage\":{\"@id\":\"https:\/\/www.omrserrature.it\/de\/produkt\/schwerkraftschloss-fuer-muelltonnen-kleiner-deckeloberteil-mit-dreikantschluessel-ohne-federruecklauf\/#primaryimage\"},\"image\":{\"@id\":\"https:\/\/www.omrserrature.it\/de\/produkt\/schwerkraftschloss-fuer-muelltonnen-kleiner-deckeloberteil-mit-dreikantschluessel-ohne-federruecklauf\/#primaryimage\"},\"thumbnailUrl\":\"https:\/\/www.omrserrature.it\/wp-content\/uploads\/2021\/03\/Serratura-ecologica-gravitazionale-piccola-con-chiave-triangolare-senza-ritorno-a-molla.jpeg\",\"datePublished\":\"2012-03-21T08:31:00+00:00\",\"dateModified\":\"2026-04-08T09:27:30+00:00\",\"description\":\"\u00d6kologisches Schwerkraftschloss mit kleinem Dekelobereil und T6-Dreikantschl\u00fcssel ohne Feder. Sch\u00fctzt die M\u00fclltonnen und \u00f6ffnet sich beim Entleeren automatisch.\",\"breadcrumb\":{\"@id\":\"https:\/\/www.omrserrature.it\/de\/produkt\/schwerkraftschloss-fuer-muelltonnen-kleiner-deckeloberteil-mit-dreikantschluessel-ohne-federruecklauf\/#breadcrumb\"},\"inLanguage\":\"de\",\"potentialAction\":[{\"@type\":\"ReadAction\",\"target\":[\"https:\/\/www.omrserrature.it\/de\/produkt\/schwerkraftschloss-fuer-muelltonnen-kleiner-deckeloberteil-mit-dreikantschluessel-ohne-federruecklauf\/\"]}]},{\"@type\":\"ImageObject\",\"inLanguage\":\"de\",\"@id\":\"https:\/\/www.omrserrature.it\/de\/produkt\/schwerkraftschloss-fuer-muelltonnen-kleiner-deckeloberteil-mit-dreikantschluessel-ohne-federruecklauf\/#primaryimage\",\"url\":\"https:\/\/www.omrserrature.it\/wp-content\/uploads\/2021\/03\/Serratura-ecologica-gravitazionale-piccola-con-chiave-triangolare-senza-ritorno-a-molla.jpeg\",\"contentUrl\":\"https:\/\/www.omrserrature.it\/wp-content\/uploads\/2021\/03\/Serratura-ecologica-gravitazionale-piccola-con-chiave-triangolare-senza-ritorno-a-molla.jpeg\",\"width\":600,\"height\":600,\"caption\":\"\u00d6kologisches Schwerkraftschloss mit kleinem Deckeloberteil und Steckschl\u00fcssel Schloss in dreieckiger Form ohne Federr\u00fcckzug\"},{\"@type\":\"BreadcrumbList\",\"@id\":\"https:\/\/www.omrserrature.it\/de\/produkt\/schwerkraftschloss-fuer-muelltonnen-kleiner-deckeloberteil-mit-dreikantschluessel-ohne-federruecklauf\/#breadcrumb\",\"itemListElement\":[{\"@type\":\"ListItem\",\"position\":1,\"name\":\"Home\",\"item\":\"https:\/\/www.omrserrature.it\/de\/omr-serrature-sistemi-chiusura\/\"},{\"@type\":\"ListItem\",\"position\":2,\"name\":\"Katalog\",\"item\":\"https:\/\/www.omrserrature.it\/katalog\/?lang=de\"},{\"@type\":\"ListItem\",\"position\":3,\"name\":\"Produkte\",\"item\":\"https:\/\/www.omrserrature.it\/de\/katalog\/produkte\/\"},{\"@type\":\"ListItem\",\"position\":4,\"name\":\"Schloesser\",\"item\":\"https:\/\/www.omrserrature.it\/de\/katalog\/produkte\/schloesser\/\"},{\"@type\":\"ListItem\",\"position\":5,\"name\":\"Schl\u00f6sser f\u00fcr M\u00fclltonnen\",\"item\":\"https:\/\/www.omrserrature.it\/de\/katalog\/produkte\/schloesser\/schlosser-fur-mulltonnen\/\"},{\"@type\":\"ListItem\",\"position\":6,\"name\":\"Schwerkraftschl\u00f6sser f\u00fcr M\u00fclltonnenk\u00e4sten\",\"item\":\"https:\/\/www.omrserrature.it\/de\/katalog\/produkte\/schloesser\/schlosser-fur-mulltonnen\/schwerkraftschlosser-fur-mulltonnenkasten\/\"},{\"@type\":\"ListItem\",\"position\":7,\"name\":\"Schwerkraftschloss f\u00fcr M\u00fclltonnen \u2013 Kleiner Deckeloberteil mit Dreikantschl\u00fcssel (ohne Federr\u00fccklauf)\"}]},{\"@type\":\"WebSite\",\"@id\":\"https:\/\/www.omrserrature.it\/de\/#website\",\"url\":\"https:\/\/www.omrserrature.it\/de\/\",\"name\":\"OMR Serrature | Produzione sistemi di chiusura\",\"description\":\"Produzione serrature di sicurezza e sistemi di chiusura\",\"publisher\":{\"@id\":\"https:\/\/www.omrserrature.it\/de\/#organization\"},\"potentialAction\":[{\"@type\":\"SearchAction\",\"target\":{\"@type\":\"EntryPoint\",\"urlTemplate\":\"https:\/\/www.omrserrature.it\/de\/?s={search_term_string}\"},\"query-input\":{\"@type\":\"PropertyValueSpecification\",\"valueRequired\":true,\"valueName\":\"search_term_string\"}}],\"inLanguage\":\"de\"},{\"@type\":\"Organization\",\"@id\":\"https:\/\/www.omrserrature.it\/de\/#organization\",\"name\":\"OMR Serrature | Produzione sistemi di chiusura\",\"url\":\"https:\/\/www.omrserrature.it\/de\/\",\"logo\":{\"@type\":\"ImageObject\",\"inLanguage\":\"de\",\"@id\":\"https:\/\/www.omrserrature.it\/de\/#\/schema\/logo\/image\/\",\"url\":\"https:\/\/www.omrserrature.it\/wp-content\/uploads\/2017\/09\/favicon-omr-114.png\",\"contentUrl\":\"https:\/\/www.omrserrature.it\/wp-content\/uploads\/2017\/09\/favicon-omr-114.png\",\"width\":114,\"height\":114,\"caption\":\"OMR Serrature | Produzione sistemi di chiusura\"},\"image\":{\"@id\":\"https:\/\/www.omrserrature.it\/de\/#\/schema\/logo\/image\/\"},\"sameAs\":[\"https:\/\/www.facebook.com\/OMRserrature\",\"https:\/\/www.linkedin.com\/company\/omrserrature\/\",\"https:\/\/www.youtube.com\/channel\/UCxmA85z2R0EpG_6IRokiAkg\"]}]}<\/script>\n<!-- \/ Yoast SEO plugin. -->","yoast_head_json":{"title":"Kleines Schwerkraftschloss f\u00fcr M\u00fclltonnen. Dreieckiger Schl\u00fcssel","description":"\u00d6kologisches Schwerkraftschloss mit kleinem Dekelobereil und T6-Dreikantschl\u00fcssel ohne Feder. Sch\u00fctzt die M\u00fclltonnen und \u00f6ffnet sich beim Entleeren automatisch.","robots":{"index":"index","follow":"follow","max-snippet":"max-snippet:-1","max-image-preview":"max-image-preview:large","max-video-preview":"max-video-preview:-1"},"canonical":"https:\/\/www.omrserrature.it\/de\/produkt\/schwerkraftschloss-fuer-muelltonnen-kleiner-deckeloberteil-mit-dreikantschluessel-ohne-federruecklauf\/","og_locale":"de_DE","og_type":"article","og_title":"Kleines Schwerkraftschloss f\u00fcr M\u00fclltonnen. Dreieckiger Schl\u00fcssel","og_description":"\u00d6kologisches Schwerkraftschloss mit kleinem Dekelobereil und T6-Dreikantschl\u00fcssel ohne Feder. Sch\u00fctzt die M\u00fclltonnen und \u00f6ffnet sich beim Entleeren automatisch.","og_url":"https:\/\/www.omrserrature.it\/de\/produkt\/schwerkraftschloss-fuer-muelltonnen-kleiner-deckeloberteil-mit-dreikantschluessel-ohne-federruecklauf\/","og_site_name":"OMR Serrature | Produzione sistemi di chiusura","article_publisher":"https:\/\/www.facebook.com\/OMRserrature","article_modified_time":"2026-04-08T09:27:30+00:00","og_image":[{"width":600,"height":600,"url":"https:\/\/www.omrserrature.it\/wp-content\/uploads\/2021\/03\/Serratura-ecologica-gravitazionale-piccola-con-chiave-triangolare-senza-ritorno-a-molla.jpeg","type":"image\/jpeg"}],"twitter_card":"summary_large_image","twitter_misc":{"Gesch\u00e4tzte Lesezeit":"1\u00a0Minute"},"schema":{"@context":"https:\/\/schema.org","@graph":[{"@type":"WebPage","@id":"https:\/\/www.omrserrature.it\/de\/produkt\/schwerkraftschloss-fuer-muelltonnen-kleiner-deckeloberteil-mit-dreikantschluessel-ohne-federruecklauf\/","url":"https:\/\/www.omrserrature.it\/de\/produkt\/schwerkraftschloss-fuer-muelltonnen-kleiner-deckeloberteil-mit-dreikantschluessel-ohne-federruecklauf\/","name":"Kleines Schwerkraftschloss f\u00fcr M\u00fclltonnen. Dreieckiger Schl\u00fcssel","isPartOf":{"@id":"https:\/\/www.omrserrature.it\/de\/#website"},"primaryImageOfPage":{"@id":"https:\/\/www.omrserrature.it\/de\/produkt\/schwerkraftschloss-fuer-muelltonnen-kleiner-deckeloberteil-mit-dreikantschluessel-ohne-federruecklauf\/#primaryimage"},"image":{"@id":"https:\/\/www.omrserrature.it\/de\/produkt\/schwerkraftschloss-fuer-muelltonnen-kleiner-deckeloberteil-mit-dreikantschluessel-ohne-federruecklauf\/#primaryimage"},"thumbnailUrl":"https:\/\/www.omrserrature.it\/wp-content\/uploads\/2021\/03\/Serratura-ecologica-gravitazionale-piccola-con-chiave-triangolare-senza-ritorno-a-molla.jpeg","datePublished":"2012-03-21T08:31:00+00:00","dateModified":"2026-04-08T09:27:30+00:00","description":"\u00d6kologisches Schwerkraftschloss mit kleinem Dekelobereil und T6-Dreikantschl\u00fcssel ohne Feder. Sch\u00fctzt die M\u00fclltonnen und \u00f6ffnet sich beim Entleeren automatisch.","breadcrumb":{"@id":"https:\/\/www.omrserrature.it\/de\/produkt\/schwerkraftschloss-fuer-muelltonnen-kleiner-deckeloberteil-mit-dreikantschluessel-ohne-federruecklauf\/#breadcrumb"},"inLanguage":"de","potentialAction":[{"@type":"ReadAction","target":["https:\/\/www.omrserrature.it\/de\/produkt\/schwerkraftschloss-fuer-muelltonnen-kleiner-deckeloberteil-mit-dreikantschluessel-ohne-federruecklauf\/"]}]},{"@type":"ImageObject","inLanguage":"de","@id":"https:\/\/www.omrserrature.it\/de\/produkt\/schwerkraftschloss-fuer-muelltonnen-kleiner-deckeloberteil-mit-dreikantschluessel-ohne-federruecklauf\/#primaryimage","url":"https:\/\/www.omrserrature.it\/wp-content\/uploads\/2021\/03\/Serratura-ecologica-gravitazionale-piccola-con-chiave-triangolare-senza-ritorno-a-molla.jpeg","contentUrl":"https:\/\/www.omrserrature.it\/wp-content\/uploads\/2021\/03\/Serratura-ecologica-gravitazionale-piccola-con-chiave-triangolare-senza-ritorno-a-molla.jpeg","width":600,"height":600,"caption":"\u00d6kologisches Schwerkraftschloss mit kleinem Deckeloberteil und Steckschl\u00fcssel Schloss in dreieckiger Form ohne Federr\u00fcckzug"},{"@type":"BreadcrumbList","@id":"https:\/\/www.omrserrature.it\/de\/produkt\/schwerkraftschloss-fuer-muelltonnen-kleiner-deckeloberteil-mit-dreikantschluessel-ohne-federruecklauf\/#breadcrumb","itemListElement":[{"@type":"ListItem","position":1,"name":"Home","item":"https:\/\/www.omrserrature.it\/de\/omr-serrature-sistemi-chiusura\/"},{"@type":"ListItem","position":2,"name":"Katalog","item":"https:\/\/www.omrserrature.it\/katalog\/?lang=de"},{"@type":"ListItem","position":3,"name":"Produkte","item":"https:\/\/www.omrserrature.it\/de\/katalog\/produkte\/"},{"@type":"ListItem","position":4,"name":"Schloesser","item":"https:\/\/www.omrserrature.it\/de\/katalog\/produkte\/schloesser\/"},{"@type":"ListItem","position":5,"name":"Schl\u00f6sser f\u00fcr M\u00fclltonnen","item":"https:\/\/www.omrserrature.it\/de\/katalog\/produkte\/schloesser\/schlosser-fur-mulltonnen\/"},{"@type":"ListItem","position":6,"name":"Schwerkraftschl\u00f6sser f\u00fcr M\u00fclltonnenk\u00e4sten","item":"https:\/\/www.omrserrature.it\/de\/katalog\/produkte\/schloesser\/schlosser-fur-mulltonnen\/schwerkraftschlosser-fur-mulltonnenkasten\/"},{"@type":"ListItem","position":7,"name":"Schwerkraftschloss f\u00fcr M\u00fclltonnen \u2013 Kleiner Deckeloberteil mit Dreikantschl\u00fcssel (ohne Federr\u00fccklauf)"}]},{"@type":"WebSite","@id":"https:\/\/www.omrserrature.it\/de\/#website","url":"https:\/\/www.omrserrature.it\/de\/","name":"OMR Serrature | Produzione sistemi di chiusura","description":"Produzione serrature di sicurezza e sistemi di chiusura","publisher":{"@id":"https:\/\/www.omrserrature.it\/de\/#organization"},"potentialAction":[{"@type":"SearchAction","target":{"@type":"EntryPoint","urlTemplate":"https:\/\/www.omrserrature.it\/de\/?s={search_term_string}"},"query-input":{"@type":"PropertyValueSpecification","valueRequired":true,"valueName":"search_term_string"}}],"inLanguage":"de"},{"@type":"Organization","@id":"https:\/\/www.omrserrature.it\/de\/#organization","name":"OMR Serrature | Produzione sistemi di chiusura","url":"https:\/\/www.omrserrature.it\/de\/","logo":{"@type":"ImageObject","inLanguage":"de","@id":"https:\/\/www.omrserrature.it\/de\/#\/schema\/logo\/image\/","url":"https:\/\/www.omrserrature.it\/wp-content\/uploads\/2017\/09\/favicon-omr-114.png","contentUrl":"https:\/\/www.omrserrature.it\/wp-content\/uploads\/2017\/09\/favicon-omr-114.png","width":114,"height":114,"caption":"OMR Serrature | Produzione sistemi di chiusura"},"image":{"@id":"https:\/\/www.omrserrature.it\/de\/#\/schema\/logo\/image\/"},"sameAs":["https:\/\/www.facebook.com\/OMRserrature","https:\/\/www.linkedin.com\/company\/omrserrature\/","https:\/\/www.youtube.com\/channel\/UCxmA85z2R0EpG_6IRokiAkg"]}]}},"_links":{"self":[{"href":"https:\/\/www.omrserrature.it\/de\/wp-json\/wp\/v2\/product\/242303","targetHints":{"allow":["GET"]}}],"collection":[{"href":"https:\/\/www.omrserrature.it\/de\/wp-json\/wp\/v2\/product"}],"about":[{"href":"https:\/\/www.omrserrature.it\/de\/wp-json\/wp\/v2\/types\/product"}],"replies":[{"embeddable":true,"href":"https:\/\/www.omrserrature.it\/de\/wp-json\/wp\/v2\/comments?post=242303"}],"wp:featuredmedia":[{"embeddable":true,"href":"https:\/\/www.omrserrature.it\/de\/wp-json\/wp\/v2\/media\/18192"}],"wp:attachment":[{"href":"https:\/\/www.omrserrature.it\/de\/wp-json\/wp\/v2\/media?parent=242303"}],"wp:term":[{"taxonomy":"product_brand","embeddable":true,"href":"https:\/\/www.omrserrature.it\/de\/wp-json\/wp\/v2\/product_brand?post=242303"},{"taxonomy":"product_cat","embeddable":true,"href":"https:\/\/www.omrserrature.it\/de\/wp-json\/wp\/v2\/product_cat?post=242303"},{"taxonomy":"product_tag","embeddable":true,"href":"https:\/\/www.omrserrature.it\/de\/wp-json\/wp\/v2\/product_tag?post=242303"}],"curies":[{"name":"wp","href":"https:\/\/api.w.org\/{rel}","templated":true}]}}