{"id":242256,"date":"2017-10-12T15:04:00","date_gmt":"2012-10-17T13:04:00","guid":{"rendered":"https:\/\/www.staging6.omrserrature.it\/prodotto\/doppelklappenschloss-schwarz\/"},"modified":"2026-04-08T12:50:03","modified_gmt":"2026-04-08T10:50:03","slug":"doppelklappenschloss-schwarz","status":"publish","type":"product","link":"https:\/\/www.omrserrature.it\/de\/produkt\/doppelklappenschloss-schwarz\/","title":{"rendered":"B\u00fcro Schubladen Schloss mit Doppelflansch &#8211; Schwarz"},"content":{"rendered":"<p>Das Schloss f\u00fcr Mehrfachschl\u00f6sser ist <strong>ideal f\u00fcr den Einbau in zentrale B\u00fcroschubladenschr\u00e4nke, Schubladenschr\u00e4nke aus Holz oder Metall oder in Werkstattschubladen.<\/strong><\/p>\n<p>Das <strong>Schloss f\u00fcr Mehrfachschl\u00f6sser<\/strong> mit Doppelflansch und Pl\u00e4ttchenzylinder hat einen zentralen Pl\u00e4ttchenzylinder, der sich in einem Geh\u00e4use aus einer Zinklegierung befindet, das als Stator, Buchse oder K\u00f6rper bezeichnet wird. Der <strong>Doppelflansch<\/strong> ist gebohrt, damit das Schloss mit Schrauben oder Nieten am Schrank befestigt werden kann. Die Bet\u00e4tigung des hinteren Stifts, auch <strong>Hinterer<\/strong> Stift genannt, bestimmt den mehrfachen Abschluss oder die \u00d6ffnung der Schubladen.  <\/p>\n<p>Der Korpus und der Zylinder des vorderen Schlosses f\u00fcr den Mehrfachabschluss von Schubladen bestehen aus einer Zinklegierung, der Stift aus verzinktem Stahl. Der <strong>21 mm Zylinder<\/strong> erm\u00f6glicht die Installation auf Holz- und Metallm\u00f6beln und ist mit horizontalen Ausrichtung erh\u00e4tlich. Zur Vervollst\u00e4ndigung des Einbausatzes f\u00fcr die Schubladeneinheit sind die Kippschutzplatten SVAR04744 und SVAR04800 erh\u00e4ltlich.<\/p>\n","protected":false},"excerpt":{"rendered":"<p>Das <strong>Schloss f\u00fcr Mehrfachschl\u00f6sser<\/strong> ist ideal f\u00fcr den Einbau in <strong>B\u00fcro-, Holz- oder Metallschubladenschr\u00e4nke oder in Werkstattschubladen<\/strong>. Der <strong>Doppelflansch<\/strong> ist gebohrt, damit das Schloss mit Schrauben oder Nieten am Schrank befestigt werden kann.<\/p>\n","protected":false},"featured_media":3289,"comment_status":"open","ping_status":"closed","template":"","meta":{"_acf_changed":false,"_et_pb_use_builder":"","_et_pb_old_content":"","_et_gb_content_width":""},"product_brand":[],"product_cat":[3767,3774,3796,3772,3828,3865,3846,3788,3781,3863],"product_tag":[],"class_list":{"0":"post-242256","1":"product","2":"type-product","3":"status-publish","4":"has-post-thumbnail","6":"product_cat-bank-und-postwesen","7":"product_cat-burogebaude","8":"product_cat-hauptschlussel-schlosser","9":"product_cat-krankenhauser-und-gesundheitsbereich","10":"product_cat-professionelle-mobelschlosser","11":"product_cat-schlosser-fur-aktenschranke","12":"product_cat-schlosser-fur-industrielle-schubladen","13":"product_cat-schlosser-mit-abnehmbarem-zylinder","14":"product_cat-stiftschlosser","15":"product_cat-zentralverschlusse-von-schubladen","17":"first","18":"instock","19":"shipping-taxable","20":"purchasable","21":"product-type-variable","22":"has-default-attributes"},"acf":{"pdf1":"https:\/\/www.omrserrature.it\/wp-content\/uploads\/2017\/10\/Scheda_163435.pdf"},"yoast_head":"<!-- This site is optimized with the Yoast SEO plugin v27.2 - https:\/\/yoast.com\/product\/yoast-seo-wordpress\/ -->\n<title>B\u00fcro Schubladen Schloss mit Doppelflansch - Schwarz - OMR Serrature<\/title>\n<meta name=\"robots\" content=\"index, follow, max-snippet:-1, max-image-preview:large, max-video-preview:-1\" \/>\n<link rel=\"canonical\" href=\"https:\/\/www.omrserrature.it\/de\/produkt\/doppelklappenschloss-schwarz\/\" \/>\n<meta property=\"og:locale\" content=\"de_DE\" \/>\n<meta property=\"og:type\" content=\"article\" \/>\n<meta property=\"og:title\" content=\"B\u00fcro Schubladen Schloss mit Doppelflansch - Schwarz - OMR Serrature\" \/>\n<meta property=\"og:description\" content=\"Das Schloss f\u00fcr Mehrfachschl\u00f6sser ist ideal f\u00fcr den Einbau in B\u00fcro-, Holz- oder Metallschubladenschr\u00e4nke oder in Werkstattschubladen. Der Doppelflansch ist gebohrt, damit das Schloss mit Schrauben oder Nieten am Schrank befestigt werden kann.\" \/>\n<meta property=\"og:url\" content=\"https:\/\/www.omrserrature.it\/de\/produkt\/doppelklappenschloss-schwarz\/\" \/>\n<meta property=\"og:site_name\" content=\"OMR Serrature | Produzione sistemi di chiusura\" \/>\n<meta property=\"article:publisher\" content=\"https:\/\/www.facebook.com\/OMRserrature\" \/>\n<meta property=\"article:modified_time\" content=\"2026-04-08T10:50:03+00:00\" \/>\n<meta property=\"og:image\" content=\"https:\/\/www.omrserrature.it\/wp-content\/uploads\/2017\/10\/serratura-doppia-aletta-nera.jpg\" \/>\n\t<meta property=\"og:image:width\" content=\"410\" \/>\n\t<meta property=\"og:image:height\" content=\"390\" \/>\n\t<meta property=\"og:image:type\" content=\"image\/jpeg\" \/>\n<meta name=\"twitter:card\" content=\"summary_large_image\" \/>\n<meta name=\"twitter:label1\" content=\"Gesch\u00e4tzte Lesezeit\" \/>\n\t<meta name=\"twitter:data1\" content=\"1\u00a0Minute\" \/>\n<script type=\"application\/ld+json\" class=\"yoast-schema-graph\">{\"@context\":\"https:\/\/schema.org\",\"@graph\":[{\"@type\":\"WebPage\",\"@id\":\"https:\/\/www.omrserrature.it\/de\/produkt\/doppelklappenschloss-schwarz\/\",\"url\":\"https:\/\/www.omrserrature.it\/de\/produkt\/doppelklappenschloss-schwarz\/\",\"name\":\"B\u00fcro Schubladen Schloss mit Doppelflansch - Schwarz - OMR Serrature\",\"isPartOf\":{\"@id\":\"https:\/\/www.omrserrature.it\/de\/#website\"},\"primaryImageOfPage\":{\"@id\":\"https:\/\/www.omrserrature.it\/de\/produkt\/doppelklappenschloss-schwarz\/#primaryimage\"},\"image\":{\"@id\":\"https:\/\/www.omrserrature.it\/de\/produkt\/doppelklappenschloss-schwarz\/#primaryimage\"},\"thumbnailUrl\":\"https:\/\/www.omrserrature.it\/wp-content\/uploads\/2017\/10\/serratura-doppia-aletta-nera.jpg\",\"datePublished\":\"2012-10-17T13:04:00+00:00\",\"dateModified\":\"2026-04-08T10:50:03+00:00\",\"breadcrumb\":{\"@id\":\"https:\/\/www.omrserrature.it\/de\/produkt\/doppelklappenschloss-schwarz\/#breadcrumb\"},\"inLanguage\":\"de\",\"potentialAction\":[{\"@type\":\"ReadAction\",\"target\":[\"https:\/\/www.omrserrature.it\/de\/produkt\/doppelklappenschloss-schwarz\/\"]}]},{\"@type\":\"ImageObject\",\"inLanguage\":\"de\",\"@id\":\"https:\/\/www.omrserrature.it\/de\/produkt\/doppelklappenschloss-schwarz\/#primaryimage\",\"url\":\"https:\/\/www.omrserrature.it\/wp-content\/uploads\/2017\/10\/serratura-doppia-aletta-nera.jpg\",\"contentUrl\":\"https:\/\/www.omrserrature.it\/wp-content\/uploads\/2017\/10\/serratura-doppia-aletta-nera.jpg\",\"width\":410,\"height\":390,\"caption\":\"Schloss mit Doppelklappe und Pl\u00e4ttchenzylinder - schwarzer Kunststoff\"},{\"@type\":\"BreadcrumbList\",\"@id\":\"https:\/\/www.omrserrature.it\/de\/produkt\/doppelklappenschloss-schwarz\/#breadcrumb\",\"itemListElement\":[{\"@type\":\"ListItem\",\"position\":1,\"name\":\"Home\",\"item\":\"https:\/\/www.omrserrature.it\/de\/omr-serrature-sistemi-chiusura\/\"},{\"@type\":\"ListItem\",\"position\":2,\"name\":\"Katalog\",\"item\":\"https:\/\/www.omrserrature.it\/katalog\/?lang=de\"},{\"@type\":\"ListItem\",\"position\":3,\"name\":\"Produkte\",\"item\":\"https:\/\/www.omrserrature.it\/de\/katalog\/produkte\/\"},{\"@type\":\"ListItem\",\"position\":4,\"name\":\"Schloesser\",\"item\":\"https:\/\/www.omrserrature.it\/de\/katalog\/produkte\/schloesser\/\"},{\"@type\":\"ListItem\",\"position\":5,\"name\":\"Hauptschl\u00fcssel Schl\u00f6sser\",\"item\":\"https:\/\/www.omrserrature.it\/de\/katalog\/produkte\/schloesser\/hauptschlussel-schlosser\/\"},{\"@type\":\"ListItem\",\"position\":6,\"name\":\"B\u00fcro Schubladen Schloss mit Doppelflansch &#8211; Schwarz\"}]},{\"@type\":\"WebSite\",\"@id\":\"https:\/\/www.omrserrature.it\/de\/#website\",\"url\":\"https:\/\/www.omrserrature.it\/de\/\",\"name\":\"OMR Serrature | Produzione sistemi di chiusura\",\"description\":\"Produzione serrature di sicurezza e sistemi di chiusura\",\"publisher\":{\"@id\":\"https:\/\/www.omrserrature.it\/de\/#organization\"},\"potentialAction\":[{\"@type\":\"SearchAction\",\"target\":{\"@type\":\"EntryPoint\",\"urlTemplate\":\"https:\/\/www.omrserrature.it\/de\/?s={search_term_string}\"},\"query-input\":{\"@type\":\"PropertyValueSpecification\",\"valueRequired\":true,\"valueName\":\"search_term_string\"}}],\"inLanguage\":\"de\"},{\"@type\":\"Organization\",\"@id\":\"https:\/\/www.omrserrature.it\/de\/#organization\",\"name\":\"OMR Serrature | Produzione sistemi di chiusura\",\"url\":\"https:\/\/www.omrserrature.it\/de\/\",\"logo\":{\"@type\":\"ImageObject\",\"inLanguage\":\"de\",\"@id\":\"https:\/\/www.omrserrature.it\/de\/#\/schema\/logo\/image\/\",\"url\":\"https:\/\/www.omrserrature.it\/wp-content\/uploads\/2017\/09\/favicon-omr-114.png\",\"contentUrl\":\"https:\/\/www.omrserrature.it\/wp-content\/uploads\/2017\/09\/favicon-omr-114.png\",\"width\":114,\"height\":114,\"caption\":\"OMR Serrature | Produzione sistemi di chiusura\"},\"image\":{\"@id\":\"https:\/\/www.omrserrature.it\/de\/#\/schema\/logo\/image\/\"},\"sameAs\":[\"https:\/\/www.facebook.com\/OMRserrature\",\"https:\/\/www.linkedin.com\/company\/omrserrature\/\",\"https:\/\/www.youtube.com\/channel\/UCxmA85z2R0EpG_6IRokiAkg\"]}]}<\/script>\n<!-- \/ Yoast SEO plugin. -->","yoast_head_json":{"title":"B\u00fcro Schubladen Schloss mit Doppelflansch - Schwarz - OMR Serrature","robots":{"index":"index","follow":"follow","max-snippet":"max-snippet:-1","max-image-preview":"max-image-preview:large","max-video-preview":"max-video-preview:-1"},"canonical":"https:\/\/www.omrserrature.it\/de\/produkt\/doppelklappenschloss-schwarz\/","og_locale":"de_DE","og_type":"article","og_title":"B\u00fcro Schubladen Schloss mit Doppelflansch - Schwarz - OMR Serrature","og_description":"Das Schloss f\u00fcr Mehrfachschl\u00f6sser ist ideal f\u00fcr den Einbau in B\u00fcro-, Holz- oder Metallschubladenschr\u00e4nke oder in Werkstattschubladen. Der Doppelflansch ist gebohrt, damit das Schloss mit Schrauben oder Nieten am Schrank befestigt werden kann.","og_url":"https:\/\/www.omrserrature.it\/de\/produkt\/doppelklappenschloss-schwarz\/","og_site_name":"OMR Serrature | Produzione sistemi di chiusura","article_publisher":"https:\/\/www.facebook.com\/OMRserrature","article_modified_time":"2026-04-08T10:50:03+00:00","og_image":[{"width":410,"height":390,"url":"https:\/\/www.omrserrature.it\/wp-content\/uploads\/2017\/10\/serratura-doppia-aletta-nera.jpg","type":"image\/jpeg"}],"twitter_card":"summary_large_image","twitter_misc":{"Gesch\u00e4tzte Lesezeit":"1\u00a0Minute"},"schema":{"@context":"https:\/\/schema.org","@graph":[{"@type":"WebPage","@id":"https:\/\/www.omrserrature.it\/de\/produkt\/doppelklappenschloss-schwarz\/","url":"https:\/\/www.omrserrature.it\/de\/produkt\/doppelklappenschloss-schwarz\/","name":"B\u00fcro Schubladen Schloss mit Doppelflansch - Schwarz - OMR Serrature","isPartOf":{"@id":"https:\/\/www.omrserrature.it\/de\/#website"},"primaryImageOfPage":{"@id":"https:\/\/www.omrserrature.it\/de\/produkt\/doppelklappenschloss-schwarz\/#primaryimage"},"image":{"@id":"https:\/\/www.omrserrature.it\/de\/produkt\/doppelklappenschloss-schwarz\/#primaryimage"},"thumbnailUrl":"https:\/\/www.omrserrature.it\/wp-content\/uploads\/2017\/10\/serratura-doppia-aletta-nera.jpg","datePublished":"2012-10-17T13:04:00+00:00","dateModified":"2026-04-08T10:50:03+00:00","breadcrumb":{"@id":"https:\/\/www.omrserrature.it\/de\/produkt\/doppelklappenschloss-schwarz\/#breadcrumb"},"inLanguage":"de","potentialAction":[{"@type":"ReadAction","target":["https:\/\/www.omrserrature.it\/de\/produkt\/doppelklappenschloss-schwarz\/"]}]},{"@type":"ImageObject","inLanguage":"de","@id":"https:\/\/www.omrserrature.it\/de\/produkt\/doppelklappenschloss-schwarz\/#primaryimage","url":"https:\/\/www.omrserrature.it\/wp-content\/uploads\/2017\/10\/serratura-doppia-aletta-nera.jpg","contentUrl":"https:\/\/www.omrserrature.it\/wp-content\/uploads\/2017\/10\/serratura-doppia-aletta-nera.jpg","width":410,"height":390,"caption":"Schloss mit Doppelklappe und Pl\u00e4ttchenzylinder - schwarzer Kunststoff"},{"@type":"BreadcrumbList","@id":"https:\/\/www.omrserrature.it\/de\/produkt\/doppelklappenschloss-schwarz\/#breadcrumb","itemListElement":[{"@type":"ListItem","position":1,"name":"Home","item":"https:\/\/www.omrserrature.it\/de\/omr-serrature-sistemi-chiusura\/"},{"@type":"ListItem","position":2,"name":"Katalog","item":"https:\/\/www.omrserrature.it\/katalog\/?lang=de"},{"@type":"ListItem","position":3,"name":"Produkte","item":"https:\/\/www.omrserrature.it\/de\/katalog\/produkte\/"},{"@type":"ListItem","position":4,"name":"Schloesser","item":"https:\/\/www.omrserrature.it\/de\/katalog\/produkte\/schloesser\/"},{"@type":"ListItem","position":5,"name":"Hauptschl\u00fcssel Schl\u00f6sser","item":"https:\/\/www.omrserrature.it\/de\/katalog\/produkte\/schloesser\/hauptschlussel-schlosser\/"},{"@type":"ListItem","position":6,"name":"B\u00fcro Schubladen Schloss mit Doppelflansch &#8211; Schwarz"}]},{"@type":"WebSite","@id":"https:\/\/www.omrserrature.it\/de\/#website","url":"https:\/\/www.omrserrature.it\/de\/","name":"OMR Serrature | Produzione sistemi di chiusura","description":"Produzione serrature di sicurezza e sistemi di chiusura","publisher":{"@id":"https:\/\/www.omrserrature.it\/de\/#organization"},"potentialAction":[{"@type":"SearchAction","target":{"@type":"EntryPoint","urlTemplate":"https:\/\/www.omrserrature.it\/de\/?s={search_term_string}"},"query-input":{"@type":"PropertyValueSpecification","valueRequired":true,"valueName":"search_term_string"}}],"inLanguage":"de"},{"@type":"Organization","@id":"https:\/\/www.omrserrature.it\/de\/#organization","name":"OMR Serrature | Produzione sistemi di chiusura","url":"https:\/\/www.omrserrature.it\/de\/","logo":{"@type":"ImageObject","inLanguage":"de","@id":"https:\/\/www.omrserrature.it\/de\/#\/schema\/logo\/image\/","url":"https:\/\/www.omrserrature.it\/wp-content\/uploads\/2017\/09\/favicon-omr-114.png","contentUrl":"https:\/\/www.omrserrature.it\/wp-content\/uploads\/2017\/09\/favicon-omr-114.png","width":114,"height":114,"caption":"OMR Serrature | Produzione sistemi di chiusura"},"image":{"@id":"https:\/\/www.omrserrature.it\/de\/#\/schema\/logo\/image\/"},"sameAs":["https:\/\/www.facebook.com\/OMRserrature","https:\/\/www.linkedin.com\/company\/omrserrature\/","https:\/\/www.youtube.com\/channel\/UCxmA85z2R0EpG_6IRokiAkg"]}]}},"_links":{"self":[{"href":"https:\/\/www.omrserrature.it\/de\/wp-json\/wp\/v2\/product\/242256","targetHints":{"allow":["GET"]}}],"collection":[{"href":"https:\/\/www.omrserrature.it\/de\/wp-json\/wp\/v2\/product"}],"about":[{"href":"https:\/\/www.omrserrature.it\/de\/wp-json\/wp\/v2\/types\/product"}],"replies":[{"embeddable":true,"href":"https:\/\/www.omrserrature.it\/de\/wp-json\/wp\/v2\/comments?post=242256"}],"wp:featuredmedia":[{"embeddable":true,"href":"https:\/\/www.omrserrature.it\/de\/wp-json\/wp\/v2\/media\/3289"}],"wp:attachment":[{"href":"https:\/\/www.omrserrature.it\/de\/wp-json\/wp\/v2\/media?parent=242256"}],"wp:term":[{"taxonomy":"product_brand","embeddable":true,"href":"https:\/\/www.omrserrature.it\/de\/wp-json\/wp\/v2\/product_brand?post=242256"},{"taxonomy":"product_cat","embeddable":true,"href":"https:\/\/www.omrserrature.it\/de\/wp-json\/wp\/v2\/product_cat?post=242256"},{"taxonomy":"product_tag","embeddable":true,"href":"https:\/\/www.omrserrature.it\/de\/wp-json\/wp\/v2\/product_tag?post=242256"}],"curies":[{"name":"wp","href":"https:\/\/api.w.org\/{rel}","templated":true}]}}