{"id":242229,"date":"2017-10-10T15:40:57","date_gmt":"2010-10-17T13:40:00","guid":{"rendered":"https:\/\/www.staging6.omrserrature.it\/prodotto\/schloss-mit-elektrischem-kontakt\/"},"modified":"2026-04-08T13:15:21","modified_gmt":"2026-04-08T11:15:21","slug":"schloss-mit-elektrischem-kontakt","status":"publish","type":"product","link":"https:\/\/www.omrserrature.it\/de\/produkt\/schloss-mit-elektrischem-kontakt\/","title":{"rendered":"Schloss mit elektrischem Kontakt"},"content":{"rendered":"<p>Universelles Schloss, das als<strong> Sicherheitsschalter<\/strong> fungiert. Dieses Schloss wurde entwickelt, um <strong>die Stromversorgung von Maschinen, Aufz\u00fcgen, Verkaufsautomaten usw. zu steuern.<\/strong> <\/p>\n<p>Es handelt sich um einen bistabilen monopolaren Schalter, eine Art Schalterschloss, das seinen Zustand (an oder aus) beibeh\u00e4lt, bis es erneut aktiviert wird. Diese Eigenschaft macht das Schloss <strong>\u00e4u\u00dferst n\u00fctzlich f\u00fcr die Gew\u00e4hrleistung der Sicherheit, da es die versehentliche oder unbefugte Aktivierung oder Deaktivierung von Ger\u00e4ten und Systemen verhindert<\/strong>. <\/p>\n","protected":false},"excerpt":{"rendered":"<p><strong>Universelles Schloss, das als Sicherheitsschalter fungiert<\/strong>. Dieses Schloss ist f\u00fcr die Steuerung der Stromversorgung von Maschinen, Aufz\u00fcgen, Verkaufsautomaten usw. konzipiert. Es fungiert als bistabiler monopolarer Schalter. <\/p>\n","protected":false},"featured_media":3277,"comment_status":"open","ping_status":"closed","template":"","meta":{"_acf_changed":false,"_et_pb_use_builder":"","_et_pb_old_content":"","_et_gb_content_width":""},"product_brand":[],"product_cat":[3768,3841,3842,3859,3795],"product_tag":[],"class_list":{"0":"post-242229","1":"product","2":"type-product","3":"status-publish","4":"has-post-thumbnail","6":"product_cat-automatisierung-und-hausautomation","7":"product_cat-schloss-fur-umschalter","8":"product_cat-schlosser-fur-die-elektromechanische-industrie","9":"product_cat-schlosser-fur-spielautomaten","10":"product_cat-schlosser-mit-elektrischem-kontakt","12":"first","13":"instock","14":"shipping-taxable","15":"purchasable","16":"product-type-simple"},"acf":{"pdf1":"https:\/\/www.omrserrature.it\/wp-content\/uploads\/2017\/10\/Scheda_165805.pdf"},"yoast_head":"<!-- This site is optimized with the Yoast SEO plugin v27.2 - https:\/\/yoast.com\/product\/yoast-seo-wordpress\/ -->\n<title>Schloss mit elektrischem Kontakt - OMR Serrature<\/title>\n<meta name=\"robots\" content=\"index, follow, max-snippet:-1, max-image-preview:large, max-video-preview:-1\" \/>\n<link rel=\"canonical\" href=\"https:\/\/www.omrserrature.it\/de\/produkt\/schloss-mit-elektrischem-kontakt\/\" \/>\n<meta property=\"og:locale\" content=\"de_DE\" \/>\n<meta property=\"og:type\" content=\"article\" \/>\n<meta property=\"og:title\" content=\"Schloss mit elektrischem Kontakt - OMR Serrature\" \/>\n<meta property=\"og:description\" content=\"Universelles Schloss, das als Sicherheitsschalter fungiert. Dieses Schloss ist f\u00fcr die Steuerung der Stromversorgung von Maschinen, Aufz\u00fcgen, Verkaufsautomaten usw. konzipiert. Es fungiert als bistabiler monopolarer Schalter.\" \/>\n<meta property=\"og:url\" content=\"https:\/\/www.omrserrature.it\/de\/produkt\/schloss-mit-elektrischem-kontakt\/\" \/>\n<meta property=\"og:site_name\" content=\"OMR Serrature | Produzione sistemi di chiusura\" \/>\n<meta property=\"article:publisher\" content=\"https:\/\/www.facebook.com\/OMRserrature\" \/>\n<meta property=\"article:modified_time\" content=\"2026-04-08T11:15:21+00:00\" \/>\n<meta property=\"og:image\" content=\"https:\/\/www.omrserrature.it\/wp-content\/uploads\/2017\/10\/serratura-contatto-elettrico.jpg\" \/>\n\t<meta property=\"og:image:width\" content=\"517\" \/>\n\t<meta property=\"og:image:height\" content=\"364\" \/>\n\t<meta property=\"og:image:type\" content=\"image\/jpeg\" \/>\n<meta name=\"twitter:card\" content=\"summary_large_image\" \/>\n<script type=\"application\/ld+json\" class=\"yoast-schema-graph\">{\"@context\":\"https:\/\/schema.org\",\"@graph\":[{\"@type\":\"WebPage\",\"@id\":\"https:\/\/www.omrserrature.it\/de\/produkt\/schloss-mit-elektrischem-kontakt\/\",\"url\":\"https:\/\/www.omrserrature.it\/de\/produkt\/schloss-mit-elektrischem-kontakt\/\",\"name\":\"Schloss mit elektrischem Kontakt - OMR Serrature\",\"isPartOf\":{\"@id\":\"https:\/\/www.omrserrature.it\/de\/#website\"},\"primaryImageOfPage\":{\"@id\":\"https:\/\/www.omrserrature.it\/de\/produkt\/schloss-mit-elektrischem-kontakt\/#primaryimage\"},\"image\":{\"@id\":\"https:\/\/www.omrserrature.it\/de\/produkt\/schloss-mit-elektrischem-kontakt\/#primaryimage\"},\"thumbnailUrl\":\"https:\/\/www.omrserrature.it\/wp-content\/uploads\/2017\/10\/serratura-contatto-elettrico.jpg\",\"datePublished\":\"2010-10-17T13:40:00+00:00\",\"dateModified\":\"2026-04-08T11:15:21+00:00\",\"breadcrumb\":{\"@id\":\"https:\/\/www.omrserrature.it\/de\/produkt\/schloss-mit-elektrischem-kontakt\/#breadcrumb\"},\"inLanguage\":\"de\",\"potentialAction\":[{\"@type\":\"ReadAction\",\"target\":[\"https:\/\/www.omrserrature.it\/de\/produkt\/schloss-mit-elektrischem-kontakt\/\"]}]},{\"@type\":\"ImageObject\",\"inLanguage\":\"de\",\"@id\":\"https:\/\/www.omrserrature.it\/de\/produkt\/schloss-mit-elektrischem-kontakt\/#primaryimage\",\"url\":\"https:\/\/www.omrserrature.it\/wp-content\/uploads\/2017\/10\/serratura-contatto-elettrico.jpg\",\"contentUrl\":\"https:\/\/www.omrserrature.it\/wp-content\/uploads\/2017\/10\/serratura-contatto-elettrico.jpg\",\"width\":517,\"height\":364,\"caption\":\"Hebelschl\u00f6sser mit Pl\u00e4ttchenzylinder mit elektrischem Kontakt. Schloss f\u00fcr Umschalter\"},{\"@type\":\"BreadcrumbList\",\"@id\":\"https:\/\/www.omrserrature.it\/de\/produkt\/schloss-mit-elektrischem-kontakt\/#breadcrumb\",\"itemListElement\":[{\"@type\":\"ListItem\",\"position\":1,\"name\":\"Home\",\"item\":\"https:\/\/www.omrserrature.it\/de\/omr-serrature-sistemi-chiusura\/\"},{\"@type\":\"ListItem\",\"position\":2,\"name\":\"Katalog\",\"item\":\"https:\/\/www.omrserrature.it\/katalog\/?lang=de\"},{\"@type\":\"ListItem\",\"position\":3,\"name\":\"Produkte\",\"item\":\"https:\/\/www.omrserrature.it\/de\/katalog\/produkte\/\"},{\"@type\":\"ListItem\",\"position\":4,\"name\":\"Schloesser\",\"item\":\"https:\/\/www.omrserrature.it\/de\/katalog\/produkte\/schloesser\/\"},{\"@type\":\"ListItem\",\"position\":5,\"name\":\"Schl\u00f6sser mit elektrischem Kontakt\",\"item\":\"https:\/\/www.omrserrature.it\/de\/katalog\/produkte\/schloesser\/schlosser-mit-elektrischem-kontakt\/\"},{\"@type\":\"ListItem\",\"position\":6,\"name\":\"Schloss mit elektrischem Kontakt\"}]},{\"@type\":\"WebSite\",\"@id\":\"https:\/\/www.omrserrature.it\/de\/#website\",\"url\":\"https:\/\/www.omrserrature.it\/de\/\",\"name\":\"OMR Serrature | Produzione sistemi di chiusura\",\"description\":\"Produzione serrature di sicurezza e sistemi di chiusura\",\"publisher\":{\"@id\":\"https:\/\/www.omrserrature.it\/de\/#organization\"},\"potentialAction\":[{\"@type\":\"SearchAction\",\"target\":{\"@type\":\"EntryPoint\",\"urlTemplate\":\"https:\/\/www.omrserrature.it\/de\/?s={search_term_string}\"},\"query-input\":{\"@type\":\"PropertyValueSpecification\",\"valueRequired\":true,\"valueName\":\"search_term_string\"}}],\"inLanguage\":\"de\"},{\"@type\":\"Organization\",\"@id\":\"https:\/\/www.omrserrature.it\/de\/#organization\",\"name\":\"OMR Serrature | Produzione sistemi di chiusura\",\"url\":\"https:\/\/www.omrserrature.it\/de\/\",\"logo\":{\"@type\":\"ImageObject\",\"inLanguage\":\"de\",\"@id\":\"https:\/\/www.omrserrature.it\/de\/#\/schema\/logo\/image\/\",\"url\":\"https:\/\/www.omrserrature.it\/wp-content\/uploads\/2017\/09\/favicon-omr-114.png\",\"contentUrl\":\"https:\/\/www.omrserrature.it\/wp-content\/uploads\/2017\/09\/favicon-omr-114.png\",\"width\":114,\"height\":114,\"caption\":\"OMR Serrature | Produzione sistemi di chiusura\"},\"image\":{\"@id\":\"https:\/\/www.omrserrature.it\/de\/#\/schema\/logo\/image\/\"},\"sameAs\":[\"https:\/\/www.facebook.com\/OMRserrature\",\"https:\/\/www.linkedin.com\/company\/omrserrature\/\",\"https:\/\/www.youtube.com\/channel\/UCxmA85z2R0EpG_6IRokiAkg\"]}]}<\/script>\n<!-- \/ Yoast SEO plugin. -->","yoast_head_json":{"title":"Schloss mit elektrischem Kontakt - OMR Serrature","robots":{"index":"index","follow":"follow","max-snippet":"max-snippet:-1","max-image-preview":"max-image-preview:large","max-video-preview":"max-video-preview:-1"},"canonical":"https:\/\/www.omrserrature.it\/de\/produkt\/schloss-mit-elektrischem-kontakt\/","og_locale":"de_DE","og_type":"article","og_title":"Schloss mit elektrischem Kontakt - OMR Serrature","og_description":"Universelles Schloss, das als Sicherheitsschalter fungiert. Dieses Schloss ist f\u00fcr die Steuerung der Stromversorgung von Maschinen, Aufz\u00fcgen, Verkaufsautomaten usw. konzipiert. Es fungiert als bistabiler monopolarer Schalter.","og_url":"https:\/\/www.omrserrature.it\/de\/produkt\/schloss-mit-elektrischem-kontakt\/","og_site_name":"OMR Serrature | Produzione sistemi di chiusura","article_publisher":"https:\/\/www.facebook.com\/OMRserrature","article_modified_time":"2026-04-08T11:15:21+00:00","og_image":[{"width":517,"height":364,"url":"https:\/\/www.omrserrature.it\/wp-content\/uploads\/2017\/10\/serratura-contatto-elettrico.jpg","type":"image\/jpeg"}],"twitter_card":"summary_large_image","schema":{"@context":"https:\/\/schema.org","@graph":[{"@type":"WebPage","@id":"https:\/\/www.omrserrature.it\/de\/produkt\/schloss-mit-elektrischem-kontakt\/","url":"https:\/\/www.omrserrature.it\/de\/produkt\/schloss-mit-elektrischem-kontakt\/","name":"Schloss mit elektrischem Kontakt - OMR Serrature","isPartOf":{"@id":"https:\/\/www.omrserrature.it\/de\/#website"},"primaryImageOfPage":{"@id":"https:\/\/www.omrserrature.it\/de\/produkt\/schloss-mit-elektrischem-kontakt\/#primaryimage"},"image":{"@id":"https:\/\/www.omrserrature.it\/de\/produkt\/schloss-mit-elektrischem-kontakt\/#primaryimage"},"thumbnailUrl":"https:\/\/www.omrserrature.it\/wp-content\/uploads\/2017\/10\/serratura-contatto-elettrico.jpg","datePublished":"2010-10-17T13:40:00+00:00","dateModified":"2026-04-08T11:15:21+00:00","breadcrumb":{"@id":"https:\/\/www.omrserrature.it\/de\/produkt\/schloss-mit-elektrischem-kontakt\/#breadcrumb"},"inLanguage":"de","potentialAction":[{"@type":"ReadAction","target":["https:\/\/www.omrserrature.it\/de\/produkt\/schloss-mit-elektrischem-kontakt\/"]}]},{"@type":"ImageObject","inLanguage":"de","@id":"https:\/\/www.omrserrature.it\/de\/produkt\/schloss-mit-elektrischem-kontakt\/#primaryimage","url":"https:\/\/www.omrserrature.it\/wp-content\/uploads\/2017\/10\/serratura-contatto-elettrico.jpg","contentUrl":"https:\/\/www.omrserrature.it\/wp-content\/uploads\/2017\/10\/serratura-contatto-elettrico.jpg","width":517,"height":364,"caption":"Hebelschl\u00f6sser mit Pl\u00e4ttchenzylinder mit elektrischem Kontakt. Schloss f\u00fcr Umschalter"},{"@type":"BreadcrumbList","@id":"https:\/\/www.omrserrature.it\/de\/produkt\/schloss-mit-elektrischem-kontakt\/#breadcrumb","itemListElement":[{"@type":"ListItem","position":1,"name":"Home","item":"https:\/\/www.omrserrature.it\/de\/omr-serrature-sistemi-chiusura\/"},{"@type":"ListItem","position":2,"name":"Katalog","item":"https:\/\/www.omrserrature.it\/katalog\/?lang=de"},{"@type":"ListItem","position":3,"name":"Produkte","item":"https:\/\/www.omrserrature.it\/de\/katalog\/produkte\/"},{"@type":"ListItem","position":4,"name":"Schloesser","item":"https:\/\/www.omrserrature.it\/de\/katalog\/produkte\/schloesser\/"},{"@type":"ListItem","position":5,"name":"Schl\u00f6sser mit elektrischem Kontakt","item":"https:\/\/www.omrserrature.it\/de\/katalog\/produkte\/schloesser\/schlosser-mit-elektrischem-kontakt\/"},{"@type":"ListItem","position":6,"name":"Schloss mit elektrischem Kontakt"}]},{"@type":"WebSite","@id":"https:\/\/www.omrserrature.it\/de\/#website","url":"https:\/\/www.omrserrature.it\/de\/","name":"OMR Serrature | Produzione sistemi di chiusura","description":"Produzione serrature di sicurezza e sistemi di chiusura","publisher":{"@id":"https:\/\/www.omrserrature.it\/de\/#organization"},"potentialAction":[{"@type":"SearchAction","target":{"@type":"EntryPoint","urlTemplate":"https:\/\/www.omrserrature.it\/de\/?s={search_term_string}"},"query-input":{"@type":"PropertyValueSpecification","valueRequired":true,"valueName":"search_term_string"}}],"inLanguage":"de"},{"@type":"Organization","@id":"https:\/\/www.omrserrature.it\/de\/#organization","name":"OMR Serrature | Produzione sistemi di chiusura","url":"https:\/\/www.omrserrature.it\/de\/","logo":{"@type":"ImageObject","inLanguage":"de","@id":"https:\/\/www.omrserrature.it\/de\/#\/schema\/logo\/image\/","url":"https:\/\/www.omrserrature.it\/wp-content\/uploads\/2017\/09\/favicon-omr-114.png","contentUrl":"https:\/\/www.omrserrature.it\/wp-content\/uploads\/2017\/09\/favicon-omr-114.png","width":114,"height":114,"caption":"OMR Serrature | Produzione sistemi di chiusura"},"image":{"@id":"https:\/\/www.omrserrature.it\/de\/#\/schema\/logo\/image\/"},"sameAs":["https:\/\/www.facebook.com\/OMRserrature","https:\/\/www.linkedin.com\/company\/omrserrature\/","https:\/\/www.youtube.com\/channel\/UCxmA85z2R0EpG_6IRokiAkg"]}]}},"_links":{"self":[{"href":"https:\/\/www.omrserrature.it\/de\/wp-json\/wp\/v2\/product\/242229","targetHints":{"allow":["GET"]}}],"collection":[{"href":"https:\/\/www.omrserrature.it\/de\/wp-json\/wp\/v2\/product"}],"about":[{"href":"https:\/\/www.omrserrature.it\/de\/wp-json\/wp\/v2\/types\/product"}],"replies":[{"embeddable":true,"href":"https:\/\/www.omrserrature.it\/de\/wp-json\/wp\/v2\/comments?post=242229"}],"wp:featuredmedia":[{"embeddable":true,"href":"https:\/\/www.omrserrature.it\/de\/wp-json\/wp\/v2\/media\/3277"}],"wp:attachment":[{"href":"https:\/\/www.omrserrature.it\/de\/wp-json\/wp\/v2\/media?parent=242229"}],"wp:term":[{"taxonomy":"product_brand","embeddable":true,"href":"https:\/\/www.omrserrature.it\/de\/wp-json\/wp\/v2\/product_brand?post=242229"},{"taxonomy":"product_cat","embeddable":true,"href":"https:\/\/www.omrserrature.it\/de\/wp-json\/wp\/v2\/product_cat?post=242229"},{"taxonomy":"product_tag","embeddable":true,"href":"https:\/\/www.omrserrature.it\/de\/wp-json\/wp\/v2\/product_tag?post=242229"}],"curies":[{"name":"wp","href":"https:\/\/api.w.org\/{rel}","templated":true}]}}