{"id":242226,"date":"2017-10-16T16:20:51","date_gmt":"2016-10-17T14:20:00","guid":{"rendered":"https:\/\/www.staging6.omrserrature.it\/prodotto\/einsteck-kreuzprofilschloss-mit-schwingriegel\/"},"modified":"2026-04-08T12:24:29","modified_gmt":"2026-04-08T10:24:29","slug":"einsteck-kreuzprofilschloss-mit-schwingriegel","status":"publish","type":"product","link":"https:\/\/www.omrserrature.it\/de\/produkt\/einsteck-kreuzprofilschloss-mit-schwingriegel\/","title":{"rendered":"Einsteck-Kreuzprofilschloss mit Schwingriegel"},"content":{"rendered":"<p>Das <strong>kippbare Kreuzprofilschl\u00fcssel-Einsteckschloss<\/strong> hat einen kreuzf\u00f6rmigen Zylinder, der in einem Geh\u00e4use aus Stahl und einer Zinklegierung untergebracht ist und einen Kippriegel bewegt, sobald der Schl\u00fcssel eingesteckt wird. Die kreuzf\u00f6rmige Anordnung der Stifte garantiert ein gutes <strong>Sicherheitsniveau<\/strong>, auch dank dem besonderen Kreuzprofilschl\u00fcssel.<\/p>\n<p>Es gen\u00fcgt einen 12 mm Bohrer, um den Schl\u00fcsseleingang zu schaffen und, dank dem 19 mm Schl\u00fcsseleingang ist die <strong>Anwendung in engen R\u00e4umen<\/strong> m\u00f6glich. Auf Ihrem Produkt wird der Schl\u00fcsselkanal als kleines Loch erscheinen, sehr diskret und elegant. <strong>Die Befestigung an der M\u00f6belt\u00fcr ist \u00e4u\u00dferst praktisch <\/strong>und erfolgt mit zwei Schrauben auf der Frontplatte. Das Schloss ist sowohl in KA (gleichschlie\u00dfend) als auch in KD (verschiedenschlie\u00dfend) erh\u00e4ltlich und mit einem 25 mm starken Riegel aus Stahl ausgestattet, der eine gute Widerstandsf\u00e4higkeit bietet.   Die Kreuzprofilschl\u00f6sser sind einfach zu installieren, vielseitig und in <strong>4 Varianten<\/strong> erh\u00e4ltlich: Aufschraubschloss, Einsteckschloss, Einsteckschloss mit Hakenriegel, Einsteckschloss mit Doppelriegel.<\/p>\n<p>Das Einsteckschloss mit Kreuzprofil Schl\u00fcssel ist perfekt f\u00fcr Eisenprofile. Dank seiner geringen Gr\u00f6\u00dfe wird es im<strong>Objektbereich<\/strong> an Vitrinen oder T\u00fcren verwendet, aber auch im <strong>Baugewerbe<\/strong> zur Sicherung kleiner Gitterroste und Kesselr\u00e4ume und sogar im Schiffbau.  Dank dem 22 mm Vorsprung des Riegels ist das Einsteckschloss auch auf Trennungst\u00fcren von Gesch\u00e4ften in Bahnh\u00f6fen und Flugh\u00e4fen geeignet.<\/p>\n","protected":false},"excerpt":{"rendered":"<p>Das Einsteckschloss mit Kippriegel verf\u00fcgt \u00fcber einen kreuzf\u00f6rmigen Zylinder, der in einem Geh\u00e4use aus Stahl und einer Zinklegierung untergebracht ist und einen Kippriegel bewegt, sobald der Schl\u00fcssel eingesteckt wird.<\/p>\n<p>Ein Schlie\u00dfsystem, das eine elegante und effektive L\u00f6sung bietet.<\/p>\n","protected":false},"featured_media":3703,"comment_status":"open","ping_status":"closed","template":"","meta":{"_acf_changed":false,"_et_pb_use_builder":"","_et_pb_old_content":"","_et_gb_content_width":""},"product_brand":[],"product_cat":[3765,3773,3767,3766,3789,3771,3786,3761],"product_tag":[],"class_list":{"0":"post-242226","1":"product","2":"type-product","3":"status-publish","4":"has-post-thumbnail","6":"product_cat-abschlusssysteme-fur-die-industrie","7":"product_cat-architektur-stadtplanung-und-design","8":"product_cat-bank-und-postwesen","9":"product_cat-gros-und-einzelhandel","10":"product_cat-kreuzprofil-schlussel","11":"product_cat-messen-und-ausstellungen","12":"product_cat-riegelschlosser","13":"product_cat-sicherheitssysteme-fur-den-abschluss","15":"first","16":"instock","17":"shipping-taxable","18":"purchasable","19":"product-type-variable","20":"has-default-attributes"},"acf":{"pdf1":"https:\/\/www.omrserrature.it\/wp-content\/uploads\/2017\/10\/Scheda-100874.pdf"},"yoast_head":"<!-- This site is optimized with the Yoast SEO plugin v27.2 - https:\/\/yoast.com\/product\/yoast-seo-wordpress\/ -->\n<title>Einsteck-Kreuzprofilschloss mit Schwingriegel - OMR Serrature<\/title>\n<meta name=\"robots\" content=\"index, follow, max-snippet:-1, max-image-preview:large, max-video-preview:-1\" \/>\n<link rel=\"canonical\" href=\"https:\/\/www.omrserrature.it\/de\/produkt\/einsteck-kreuzprofilschloss-mit-schwingriegel\/\" \/>\n<meta property=\"og:locale\" content=\"de_DE\" \/>\n<meta property=\"og:type\" content=\"article\" \/>\n<meta property=\"og:title\" content=\"Einsteck-Kreuzprofilschloss mit Schwingriegel - OMR Serrature\" \/>\n<meta property=\"og:description\" content=\"Das Einsteckschloss mit Kippriegel verf\u00fcgt \u00fcber einen kreuzf\u00f6rmigen Zylinder, der in einem Geh\u00e4use aus Stahl und einer Zinklegierung untergebracht ist und einen Kippriegel bewegt, sobald der Schl\u00fcssel eingesteckt wird. Ein Schlie\u00dfsystem, das eine elegante und effektive L\u00f6sung bietet.\" \/>\n<meta property=\"og:url\" content=\"https:\/\/www.omrserrature.it\/de\/produkt\/einsteck-kreuzprofilschloss-mit-schwingriegel\/\" \/>\n<meta property=\"og:site_name\" content=\"OMR Serrature | Produzione sistemi di chiusura\" \/>\n<meta property=\"article:publisher\" content=\"https:\/\/www.facebook.com\/OMRserrature\" \/>\n<meta property=\"article:modified_time\" content=\"2026-04-08T10:24:29+00:00\" \/>\n<meta property=\"og:image\" content=\"https:\/\/www.omrserrature.it\/wp-content\/uploads\/2017\/10\/serratura-chiave-spillo-montante-basculante.jpg\" \/>\n\t<meta property=\"og:image:width\" content=\"1022\" \/>\n\t<meta property=\"og:image:height\" content=\"553\" \/>\n\t<meta property=\"og:image:type\" content=\"image\/jpeg\" \/>\n<meta name=\"twitter:card\" content=\"summary_large_image\" \/>\n<meta name=\"twitter:label1\" content=\"Gesch\u00e4tzte Lesezeit\" \/>\n\t<meta name=\"twitter:data1\" content=\"1\u00a0Minute\" \/>\n<script type=\"application\/ld+json\" class=\"yoast-schema-graph\">{\"@context\":\"https:\/\/schema.org\",\"@graph\":[{\"@type\":\"WebPage\",\"@id\":\"https:\/\/www.omrserrature.it\/de\/produkt\/einsteck-kreuzprofilschloss-mit-schwingriegel\/\",\"url\":\"https:\/\/www.omrserrature.it\/de\/produkt\/einsteck-kreuzprofilschloss-mit-schwingriegel\/\",\"name\":\"Einsteck-Kreuzprofilschloss mit Schwingriegel - OMR Serrature\",\"isPartOf\":{\"@id\":\"https:\/\/www.omrserrature.it\/de\/#website\"},\"primaryImageOfPage\":{\"@id\":\"https:\/\/www.omrserrature.it\/de\/produkt\/einsteck-kreuzprofilschloss-mit-schwingriegel\/#primaryimage\"},\"image\":{\"@id\":\"https:\/\/www.omrserrature.it\/de\/produkt\/einsteck-kreuzprofilschloss-mit-schwingriegel\/#primaryimage\"},\"thumbnailUrl\":\"https:\/\/www.omrserrature.it\/wp-content\/uploads\/2017\/10\/serratura-chiave-spillo-montante-basculante.jpg\",\"datePublished\":\"2016-10-17T14:20:00+00:00\",\"dateModified\":\"2026-04-08T10:24:29+00:00\",\"breadcrumb\":{\"@id\":\"https:\/\/www.omrserrature.it\/de\/produkt\/einsteck-kreuzprofilschloss-mit-schwingriegel\/#breadcrumb\"},\"inLanguage\":\"de\",\"potentialAction\":[{\"@type\":\"ReadAction\",\"target\":[\"https:\/\/www.omrserrature.it\/de\/produkt\/einsteck-kreuzprofilschloss-mit-schwingriegel\/\"]}]},{\"@type\":\"ImageObject\",\"inLanguage\":\"de\",\"@id\":\"https:\/\/www.omrserrature.it\/de\/produkt\/einsteck-kreuzprofilschloss-mit-schwingriegel\/#primaryimage\",\"url\":\"https:\/\/www.omrserrature.it\/wp-content\/uploads\/2017\/10\/serratura-chiave-spillo-montante-basculante.jpg\",\"contentUrl\":\"https:\/\/www.omrserrature.it\/wp-content\/uploads\/2017\/10\/serratura-chiave-spillo-montante-basculante.jpg\",\"width\":1022,\"height\":553,\"caption\":\"Einsteck-Kreuzprofilschloss mit Schwingriegel\"},{\"@type\":\"BreadcrumbList\",\"@id\":\"https:\/\/www.omrserrature.it\/de\/produkt\/einsteck-kreuzprofilschloss-mit-schwingriegel\/#breadcrumb\",\"itemListElement\":[{\"@type\":\"ListItem\",\"position\":1,\"name\":\"Home\",\"item\":\"https:\/\/www.omrserrature.it\/de\/omr-serrature-sistemi-chiusura\/\"},{\"@type\":\"ListItem\",\"position\":2,\"name\":\"Katalog\",\"item\":\"https:\/\/www.omrserrature.it\/katalog\/?lang=de\"},{\"@type\":\"ListItem\",\"position\":3,\"name\":\"Produkte\",\"item\":\"https:\/\/www.omrserrature.it\/de\/katalog\/produkte\/\"},{\"@type\":\"ListItem\",\"position\":4,\"name\":\"Schloesser\",\"item\":\"https:\/\/www.omrserrature.it\/de\/katalog\/produkte\/schloesser\/\"},{\"@type\":\"ListItem\",\"position\":5,\"name\":\"Kreuzprofil Schl\u00fcssel\",\"item\":\"https:\/\/www.omrserrature.it\/de\/katalog\/produkte\/schloesser\/kreuzprofil-schlussel\/\"},{\"@type\":\"ListItem\",\"position\":6,\"name\":\"Einsteck-Kreuzprofilschloss mit Schwingriegel\"}]},{\"@type\":\"WebSite\",\"@id\":\"https:\/\/www.omrserrature.it\/de\/#website\",\"url\":\"https:\/\/www.omrserrature.it\/de\/\",\"name\":\"OMR Serrature | Produzione sistemi di chiusura\",\"description\":\"Produzione serrature di sicurezza e sistemi di chiusura\",\"publisher\":{\"@id\":\"https:\/\/www.omrserrature.it\/de\/#organization\"},\"potentialAction\":[{\"@type\":\"SearchAction\",\"target\":{\"@type\":\"EntryPoint\",\"urlTemplate\":\"https:\/\/www.omrserrature.it\/de\/?s={search_term_string}\"},\"query-input\":{\"@type\":\"PropertyValueSpecification\",\"valueRequired\":true,\"valueName\":\"search_term_string\"}}],\"inLanguage\":\"de\"},{\"@type\":\"Organization\",\"@id\":\"https:\/\/www.omrserrature.it\/de\/#organization\",\"name\":\"OMR Serrature | Produzione sistemi di chiusura\",\"url\":\"https:\/\/www.omrserrature.it\/de\/\",\"logo\":{\"@type\":\"ImageObject\",\"inLanguage\":\"de\",\"@id\":\"https:\/\/www.omrserrature.it\/de\/#\/schema\/logo\/image\/\",\"url\":\"https:\/\/www.omrserrature.it\/wp-content\/uploads\/2017\/09\/favicon-omr-114.png\",\"contentUrl\":\"https:\/\/www.omrserrature.it\/wp-content\/uploads\/2017\/09\/favicon-omr-114.png\",\"width\":114,\"height\":114,\"caption\":\"OMR Serrature | Produzione sistemi di chiusura\"},\"image\":{\"@id\":\"https:\/\/www.omrserrature.it\/de\/#\/schema\/logo\/image\/\"},\"sameAs\":[\"https:\/\/www.facebook.com\/OMRserrature\",\"https:\/\/www.linkedin.com\/company\/omrserrature\/\",\"https:\/\/www.youtube.com\/channel\/UCxmA85z2R0EpG_6IRokiAkg\"]}]}<\/script>\n<!-- \/ Yoast SEO plugin. -->","yoast_head_json":{"title":"Einsteck-Kreuzprofilschloss mit Schwingriegel - OMR Serrature","robots":{"index":"index","follow":"follow","max-snippet":"max-snippet:-1","max-image-preview":"max-image-preview:large","max-video-preview":"max-video-preview:-1"},"canonical":"https:\/\/www.omrserrature.it\/de\/produkt\/einsteck-kreuzprofilschloss-mit-schwingriegel\/","og_locale":"de_DE","og_type":"article","og_title":"Einsteck-Kreuzprofilschloss mit Schwingriegel - OMR Serrature","og_description":"Das Einsteckschloss mit Kippriegel verf\u00fcgt \u00fcber einen kreuzf\u00f6rmigen Zylinder, der in einem Geh\u00e4use aus Stahl und einer Zinklegierung untergebracht ist und einen Kippriegel bewegt, sobald der Schl\u00fcssel eingesteckt wird. Ein Schlie\u00dfsystem, das eine elegante und effektive L\u00f6sung bietet.","og_url":"https:\/\/www.omrserrature.it\/de\/produkt\/einsteck-kreuzprofilschloss-mit-schwingriegel\/","og_site_name":"OMR Serrature | Produzione sistemi di chiusura","article_publisher":"https:\/\/www.facebook.com\/OMRserrature","article_modified_time":"2026-04-08T10:24:29+00:00","og_image":[{"width":1022,"height":553,"url":"https:\/\/www.omrserrature.it\/wp-content\/uploads\/2017\/10\/serratura-chiave-spillo-montante-basculante.jpg","type":"image\/jpeg"}],"twitter_card":"summary_large_image","twitter_misc":{"Gesch\u00e4tzte Lesezeit":"1\u00a0Minute"},"schema":{"@context":"https:\/\/schema.org","@graph":[{"@type":"WebPage","@id":"https:\/\/www.omrserrature.it\/de\/produkt\/einsteck-kreuzprofilschloss-mit-schwingriegel\/","url":"https:\/\/www.omrserrature.it\/de\/produkt\/einsteck-kreuzprofilschloss-mit-schwingriegel\/","name":"Einsteck-Kreuzprofilschloss mit Schwingriegel - OMR Serrature","isPartOf":{"@id":"https:\/\/www.omrserrature.it\/de\/#website"},"primaryImageOfPage":{"@id":"https:\/\/www.omrserrature.it\/de\/produkt\/einsteck-kreuzprofilschloss-mit-schwingriegel\/#primaryimage"},"image":{"@id":"https:\/\/www.omrserrature.it\/de\/produkt\/einsteck-kreuzprofilschloss-mit-schwingriegel\/#primaryimage"},"thumbnailUrl":"https:\/\/www.omrserrature.it\/wp-content\/uploads\/2017\/10\/serratura-chiave-spillo-montante-basculante.jpg","datePublished":"2016-10-17T14:20:00+00:00","dateModified":"2026-04-08T10:24:29+00:00","breadcrumb":{"@id":"https:\/\/www.omrserrature.it\/de\/produkt\/einsteck-kreuzprofilschloss-mit-schwingriegel\/#breadcrumb"},"inLanguage":"de","potentialAction":[{"@type":"ReadAction","target":["https:\/\/www.omrserrature.it\/de\/produkt\/einsteck-kreuzprofilschloss-mit-schwingriegel\/"]}]},{"@type":"ImageObject","inLanguage":"de","@id":"https:\/\/www.omrserrature.it\/de\/produkt\/einsteck-kreuzprofilschloss-mit-schwingriegel\/#primaryimage","url":"https:\/\/www.omrserrature.it\/wp-content\/uploads\/2017\/10\/serratura-chiave-spillo-montante-basculante.jpg","contentUrl":"https:\/\/www.omrserrature.it\/wp-content\/uploads\/2017\/10\/serratura-chiave-spillo-montante-basculante.jpg","width":1022,"height":553,"caption":"Einsteck-Kreuzprofilschloss mit Schwingriegel"},{"@type":"BreadcrumbList","@id":"https:\/\/www.omrserrature.it\/de\/produkt\/einsteck-kreuzprofilschloss-mit-schwingriegel\/#breadcrumb","itemListElement":[{"@type":"ListItem","position":1,"name":"Home","item":"https:\/\/www.omrserrature.it\/de\/omr-serrature-sistemi-chiusura\/"},{"@type":"ListItem","position":2,"name":"Katalog","item":"https:\/\/www.omrserrature.it\/katalog\/?lang=de"},{"@type":"ListItem","position":3,"name":"Produkte","item":"https:\/\/www.omrserrature.it\/de\/katalog\/produkte\/"},{"@type":"ListItem","position":4,"name":"Schloesser","item":"https:\/\/www.omrserrature.it\/de\/katalog\/produkte\/schloesser\/"},{"@type":"ListItem","position":5,"name":"Kreuzprofil Schl\u00fcssel","item":"https:\/\/www.omrserrature.it\/de\/katalog\/produkte\/schloesser\/kreuzprofil-schlussel\/"},{"@type":"ListItem","position":6,"name":"Einsteck-Kreuzprofilschloss mit Schwingriegel"}]},{"@type":"WebSite","@id":"https:\/\/www.omrserrature.it\/de\/#website","url":"https:\/\/www.omrserrature.it\/de\/","name":"OMR Serrature | Produzione sistemi di chiusura","description":"Produzione serrature di sicurezza e sistemi di chiusura","publisher":{"@id":"https:\/\/www.omrserrature.it\/de\/#organization"},"potentialAction":[{"@type":"SearchAction","target":{"@type":"EntryPoint","urlTemplate":"https:\/\/www.omrserrature.it\/de\/?s={search_term_string}"},"query-input":{"@type":"PropertyValueSpecification","valueRequired":true,"valueName":"search_term_string"}}],"inLanguage":"de"},{"@type":"Organization","@id":"https:\/\/www.omrserrature.it\/de\/#organization","name":"OMR Serrature | Produzione sistemi di chiusura","url":"https:\/\/www.omrserrature.it\/de\/","logo":{"@type":"ImageObject","inLanguage":"de","@id":"https:\/\/www.omrserrature.it\/de\/#\/schema\/logo\/image\/","url":"https:\/\/www.omrserrature.it\/wp-content\/uploads\/2017\/09\/favicon-omr-114.png","contentUrl":"https:\/\/www.omrserrature.it\/wp-content\/uploads\/2017\/09\/favicon-omr-114.png","width":114,"height":114,"caption":"OMR Serrature | Produzione sistemi di chiusura"},"image":{"@id":"https:\/\/www.omrserrature.it\/de\/#\/schema\/logo\/image\/"},"sameAs":["https:\/\/www.facebook.com\/OMRserrature","https:\/\/www.linkedin.com\/company\/omrserrature\/","https:\/\/www.youtube.com\/channel\/UCxmA85z2R0EpG_6IRokiAkg"]}]}},"_links":{"self":[{"href":"https:\/\/www.omrserrature.it\/de\/wp-json\/wp\/v2\/product\/242226","targetHints":{"allow":["GET"]}}],"collection":[{"href":"https:\/\/www.omrserrature.it\/de\/wp-json\/wp\/v2\/product"}],"about":[{"href":"https:\/\/www.omrserrature.it\/de\/wp-json\/wp\/v2\/types\/product"}],"replies":[{"embeddable":true,"href":"https:\/\/www.omrserrature.it\/de\/wp-json\/wp\/v2\/comments?post=242226"}],"wp:featuredmedia":[{"embeddable":true,"href":"https:\/\/www.omrserrature.it\/de\/wp-json\/wp\/v2\/media\/3703"}],"wp:attachment":[{"href":"https:\/\/www.omrserrature.it\/de\/wp-json\/wp\/v2\/media?parent=242226"}],"wp:term":[{"taxonomy":"product_brand","embeddable":true,"href":"https:\/\/www.omrserrature.it\/de\/wp-json\/wp\/v2\/product_brand?post=242226"},{"taxonomy":"product_cat","embeddable":true,"href":"https:\/\/www.omrserrature.it\/de\/wp-json\/wp\/v2\/product_cat?post=242226"},{"taxonomy":"product_tag","embeddable":true,"href":"https:\/\/www.omrserrature.it\/de\/wp-json\/wp\/v2\/product_tag?post=242226"}],"curies":[{"name":"wp","href":"https:\/\/api.w.org\/{rel}","templated":true}]}}