{"id":242214,"date":"2017-10-16T16:08:31","date_gmt":"2016-10-17T14:08:00","guid":{"rendered":"https:\/\/www.staging6.omrserrature.it\/prodotto\/einsteckschloss-mit-kreuzprofilschluessel\/"},"modified":"2026-04-08T12:24:25","modified_gmt":"2026-04-08T10:24:25","slug":"einsteckschloss-mit-kreuzprofilschluessel","status":"publish","type":"product","link":"https:\/\/www.omrserrature.it\/de\/produkt\/einsteckschloss-mit-kreuzprofilschluessel\/","title":{"rendered":"Schloss mit Kreuzprofil Schl\u00fcssel"},"content":{"rendered":"<p>Das <strong>Schloss mit Kreuzprofil Schl\u00fcssel<\/strong> hat einen kreuzf\u00f6rmigen Zylinder in einem Geh\u00e4use aus Stahl und Zinklegierung, der einen seitlichen Riegel bewegt, sobald der Schl\u00fcssel eingef\u00fchrt wird. Die kreuzf\u00f6rmige Anordnung der Stifte garantiert ein gutes <strong>Sicherheitsniveau<\/strong>, auch dank dem besonderen Kreuzprofilschl\u00fcssel.<\/p>\n<p>Ein einfacher 12-mm-Bohrer wird verwendet, um die Nut zu erzeugen. Dank der 14-mm-Nut (der Abstand zwischen der Nut und der Kante des Pfostens) ist die<strong>Anwendung auf schmalen Pfosten<\/strong> m\u00f6glich. Die Keilnut erscheint als kleines, sehr unauff\u00e4lliges Loch, weshalb sie auch als<strong>&#8218;Nagelschl\u00fcssel<\/strong>&#8218; bezeichnet wird. <strong>Die Befestigung an der M\u00f6belt\u00fcr ist<\/strong> mit zwei Schrauben an der Stulpschiene <strong>\u00e4u\u00dferst bequem<\/strong>. Es sind sowohl KA (gleichschlie\u00dfend) als auch KD (verschiedenschlie\u00dfend) erh\u00e4ltlich. Ausgestattet mit einem 40 mm gro\u00dfen, rechteckigen Riegel aus Messing, bietet er eine gute Widerstandsf\u00e4higkeit.     Die Kreuzprofilschl\u00f6sser sind einfach zu installieren, vielseitig und in <strong>4 Varianten<\/strong> erh\u00e4ltlich: Aufschraubschloss, Einsteckschloss, Einsteckschloss mit Hakenriegel, Einsteckschloss mit Doppelriegel.<\/p>\n<p>Das Einsteckschloss mit Kreuzprofil Schl\u00fcssel eignet sich am besten f\u00fcr Aluminiumprofile. Dank seiner geringen Abmessungen wird es in<strong>Objektm\u00f6beln<\/strong> an Vitrinen oder T\u00fcren verwendet, aber auch im Baugewerbe zur Sicherung kleiner Gitter und T\u00fcren. Der \u00dcberstand des Riegels betr\u00e4gt 9 mm, so dass er auch an Ausstellungsm\u00f6beln und technischen M\u00f6beln f\u00fcr Werkst\u00e4tten verwendet werden kann.  <\/p>\n","protected":false},"excerpt":{"rendered":"<p><strong>Das Schloss mit Kreuzprofil Schl\u00fcssel<\/strong> hat einen kreuzf\u00f6rmigen Zylinder in einem Geh\u00e4use aus Stahl und Zinklegierung, der einen seitlichen Riegel bewegt, sobald der Schl\u00fcssel eingef\u00fchrt wird. Die kreuzf\u00f6rmige Anordnung der Stifte garantiert ein gutes Sicherheitsniveau, auch dank dem besonderen Kreuzprofilschl\u00fcssel.<\/p>\n<p>Eine elegante und diskrete L\u00f6sung, die sowohl in gleichschlie\u00dfender (KA) als auch in gemischter Verschl\u00fcsselung (KD) erh\u00e4ltlich ist.<\/p>\n","protected":false},"featured_media":3697,"comment_status":"open","ping_status":"closed","template":"","meta":{"_acf_changed":false,"_et_pb_use_builder":"","_et_pb_old_content":"","_et_gb_content_width":""},"product_brand":[],"product_cat":[3765,3773,3766,3789,3771,3786,3761],"product_tag":[],"class_list":{"0":"post-242214","1":"product","2":"type-product","3":"status-publish","4":"has-post-thumbnail","6":"product_cat-abschlusssysteme-fur-die-industrie","7":"product_cat-architektur-stadtplanung-und-design","8":"product_cat-gros-und-einzelhandel","9":"product_cat-kreuzprofil-schlussel","10":"product_cat-messen-und-ausstellungen","11":"product_cat-riegelschlosser","12":"product_cat-sicherheitssysteme-fur-den-abschluss","14":"first","15":"instock","16":"shipping-taxable","17":"purchasable","18":"product-type-variable","19":"has-default-attributes"},"acf":{"pdf1":"https:\/\/www.omrserrature.it\/wp-content\/uploads\/schede\/Scheda_100872.pdf"},"yoast_head":"<!-- This site is optimized with the Yoast SEO plugin v27.2 - https:\/\/yoast.com\/product\/yoast-seo-wordpress\/ -->\n<title>Schloss mit Kreuzprofil Schl\u00fcssel - OMR Serrature<\/title>\n<meta name=\"robots\" content=\"index, follow, max-snippet:-1, max-image-preview:large, max-video-preview:-1\" \/>\n<link rel=\"canonical\" href=\"https:\/\/www.omrserrature.it\/de\/produkt\/einsteckschloss-mit-kreuzprofilschluessel\/\" \/>\n<meta property=\"og:locale\" content=\"de_DE\" \/>\n<meta property=\"og:type\" content=\"article\" \/>\n<meta property=\"og:title\" content=\"Schloss mit Kreuzprofil Schl\u00fcssel - OMR Serrature\" \/>\n<meta property=\"og:description\" content=\"Das Schloss mit Kreuzprofil Schl\u00fcssel hat einen kreuzf\u00f6rmigen Zylinder in einem Geh\u00e4use aus Stahl und Zinklegierung, der einen seitlichen Riegel bewegt, sobald der Schl\u00fcssel eingef\u00fchrt wird. Die kreuzf\u00f6rmige Anordnung der Stifte garantiert ein gutes Sicherheitsniveau, auch dank dem besonderen Kreuzprofilschl\u00fcssel. Eine elegante und diskrete L\u00f6sung, die sowohl in gleichschlie\u00dfender (KA) als auch in gemischter Verschl\u00fcsselung (KD) erh\u00e4ltlich ist.\" \/>\n<meta property=\"og:url\" content=\"https:\/\/www.omrserrature.it\/de\/produkt\/einsteckschloss-mit-kreuzprofilschluessel\/\" \/>\n<meta property=\"og:site_name\" content=\"OMR Serrature | Produzione sistemi di chiusura\" \/>\n<meta property=\"article:publisher\" content=\"https:\/\/www.facebook.com\/OMRserrature\" \/>\n<meta property=\"article:modified_time\" content=\"2026-04-08T10:24:25+00:00\" \/>\n<meta property=\"og:image\" content=\"https:\/\/www.omrserrature.it\/wp-content\/uploads\/2017\/10\/serratura-chiave-spillo-montante.jpg\" \/>\n\t<meta property=\"og:image:width\" content=\"1007\" \/>\n\t<meta property=\"og:image:height\" content=\"539\" \/>\n\t<meta property=\"og:image:type\" content=\"image\/jpeg\" \/>\n<meta name=\"twitter:card\" content=\"summary_large_image\" \/>\n<meta name=\"twitter:label1\" content=\"Gesch\u00e4tzte Lesezeit\" \/>\n\t<meta name=\"twitter:data1\" content=\"1\u00a0Minute\" \/>\n<script type=\"application\/ld+json\" class=\"yoast-schema-graph\">{\"@context\":\"https:\/\/schema.org\",\"@graph\":[{\"@type\":\"WebPage\",\"@id\":\"https:\/\/www.omrserrature.it\/de\/produkt\/einsteckschloss-mit-kreuzprofilschluessel\/\",\"url\":\"https:\/\/www.omrserrature.it\/de\/produkt\/einsteckschloss-mit-kreuzprofilschluessel\/\",\"name\":\"Schloss mit Kreuzprofil Schl\u00fcssel - OMR Serrature\",\"isPartOf\":{\"@id\":\"https:\/\/www.omrserrature.it\/de\/#website\"},\"primaryImageOfPage\":{\"@id\":\"https:\/\/www.omrserrature.it\/de\/produkt\/einsteckschloss-mit-kreuzprofilschluessel\/#primaryimage\"},\"image\":{\"@id\":\"https:\/\/www.omrserrature.it\/de\/produkt\/einsteckschloss-mit-kreuzprofilschluessel\/#primaryimage\"},\"thumbnailUrl\":\"https:\/\/www.omrserrature.it\/wp-content\/uploads\/2017\/10\/serratura-chiave-spillo-montante.jpg\",\"datePublished\":\"2016-10-17T14:08:00+00:00\",\"dateModified\":\"2026-04-08T10:24:25+00:00\",\"breadcrumb\":{\"@id\":\"https:\/\/www.omrserrature.it\/de\/produkt\/einsteckschloss-mit-kreuzprofilschluessel\/#breadcrumb\"},\"inLanguage\":\"de\",\"potentialAction\":[{\"@type\":\"ReadAction\",\"target\":[\"https:\/\/www.omrserrature.it\/de\/produkt\/einsteckschloss-mit-kreuzprofilschluessel\/\"]}]},{\"@type\":\"ImageObject\",\"inLanguage\":\"de\",\"@id\":\"https:\/\/www.omrserrature.it\/de\/produkt\/einsteckschloss-mit-kreuzprofilschluessel\/#primaryimage\",\"url\":\"https:\/\/www.omrserrature.it\/wp-content\/uploads\/2017\/10\/serratura-chiave-spillo-montante.jpg\",\"contentUrl\":\"https:\/\/www.omrserrature.it\/wp-content\/uploads\/2017\/10\/serratura-chiave-spillo-montante.jpg\",\"width\":1007,\"height\":539,\"caption\":\"Schloss mit Kreuzprofil Schl\u00fcssel\"},{\"@type\":\"BreadcrumbList\",\"@id\":\"https:\/\/www.omrserrature.it\/de\/produkt\/einsteckschloss-mit-kreuzprofilschluessel\/#breadcrumb\",\"itemListElement\":[{\"@type\":\"ListItem\",\"position\":1,\"name\":\"Home\",\"item\":\"https:\/\/www.omrserrature.it\/de\/omr-serrature-sistemi-chiusura\/\"},{\"@type\":\"ListItem\",\"position\":2,\"name\":\"Katalog\",\"item\":\"https:\/\/www.omrserrature.it\/katalog\/?lang=de\"},{\"@type\":\"ListItem\",\"position\":3,\"name\":\"Produkte\",\"item\":\"https:\/\/www.omrserrature.it\/de\/katalog\/produkte\/\"},{\"@type\":\"ListItem\",\"position\":4,\"name\":\"Schloesser\",\"item\":\"https:\/\/www.omrserrature.it\/de\/katalog\/produkte\/schloesser\/\"},{\"@type\":\"ListItem\",\"position\":5,\"name\":\"Kreuzprofil Schl\u00fcssel\",\"item\":\"https:\/\/www.omrserrature.it\/de\/katalog\/produkte\/schloesser\/kreuzprofil-schlussel\/\"},{\"@type\":\"ListItem\",\"position\":6,\"name\":\"Schloss mit Kreuzprofil Schl\u00fcssel\"}]},{\"@type\":\"WebSite\",\"@id\":\"https:\/\/www.omrserrature.it\/de\/#website\",\"url\":\"https:\/\/www.omrserrature.it\/de\/\",\"name\":\"OMR Serrature | Produzione sistemi di chiusura\",\"description\":\"Produzione serrature di sicurezza e sistemi di chiusura\",\"publisher\":{\"@id\":\"https:\/\/www.omrserrature.it\/de\/#organization\"},\"potentialAction\":[{\"@type\":\"SearchAction\",\"target\":{\"@type\":\"EntryPoint\",\"urlTemplate\":\"https:\/\/www.omrserrature.it\/de\/?s={search_term_string}\"},\"query-input\":{\"@type\":\"PropertyValueSpecification\",\"valueRequired\":true,\"valueName\":\"search_term_string\"}}],\"inLanguage\":\"de\"},{\"@type\":\"Organization\",\"@id\":\"https:\/\/www.omrserrature.it\/de\/#organization\",\"name\":\"OMR Serrature | Produzione sistemi di chiusura\",\"url\":\"https:\/\/www.omrserrature.it\/de\/\",\"logo\":{\"@type\":\"ImageObject\",\"inLanguage\":\"de\",\"@id\":\"https:\/\/www.omrserrature.it\/de\/#\/schema\/logo\/image\/\",\"url\":\"https:\/\/www.omrserrature.it\/wp-content\/uploads\/2017\/09\/favicon-omr-114.png\",\"contentUrl\":\"https:\/\/www.omrserrature.it\/wp-content\/uploads\/2017\/09\/favicon-omr-114.png\",\"width\":114,\"height\":114,\"caption\":\"OMR Serrature | Produzione sistemi di chiusura\"},\"image\":{\"@id\":\"https:\/\/www.omrserrature.it\/de\/#\/schema\/logo\/image\/\"},\"sameAs\":[\"https:\/\/www.facebook.com\/OMRserrature\",\"https:\/\/www.linkedin.com\/company\/omrserrature\/\",\"https:\/\/www.youtube.com\/channel\/UCxmA85z2R0EpG_6IRokiAkg\"]}]}<\/script>\n<!-- \/ Yoast SEO plugin. -->","yoast_head_json":{"title":"Schloss mit Kreuzprofil Schl\u00fcssel - OMR Serrature","robots":{"index":"index","follow":"follow","max-snippet":"max-snippet:-1","max-image-preview":"max-image-preview:large","max-video-preview":"max-video-preview:-1"},"canonical":"https:\/\/www.omrserrature.it\/de\/produkt\/einsteckschloss-mit-kreuzprofilschluessel\/","og_locale":"de_DE","og_type":"article","og_title":"Schloss mit Kreuzprofil Schl\u00fcssel - OMR Serrature","og_description":"Das Schloss mit Kreuzprofil Schl\u00fcssel hat einen kreuzf\u00f6rmigen Zylinder in einem Geh\u00e4use aus Stahl und Zinklegierung, der einen seitlichen Riegel bewegt, sobald der Schl\u00fcssel eingef\u00fchrt wird. Die kreuzf\u00f6rmige Anordnung der Stifte garantiert ein gutes Sicherheitsniveau, auch dank dem besonderen Kreuzprofilschl\u00fcssel. Eine elegante und diskrete L\u00f6sung, die sowohl in gleichschlie\u00dfender (KA) als auch in gemischter Verschl\u00fcsselung (KD) erh\u00e4ltlich ist.","og_url":"https:\/\/www.omrserrature.it\/de\/produkt\/einsteckschloss-mit-kreuzprofilschluessel\/","og_site_name":"OMR Serrature | Produzione sistemi di chiusura","article_publisher":"https:\/\/www.facebook.com\/OMRserrature","article_modified_time":"2026-04-08T10:24:25+00:00","og_image":[{"width":1007,"height":539,"url":"https:\/\/www.omrserrature.it\/wp-content\/uploads\/2017\/10\/serratura-chiave-spillo-montante.jpg","type":"image\/jpeg"}],"twitter_card":"summary_large_image","twitter_misc":{"Gesch\u00e4tzte Lesezeit":"1\u00a0Minute"},"schema":{"@context":"https:\/\/schema.org","@graph":[{"@type":"WebPage","@id":"https:\/\/www.omrserrature.it\/de\/produkt\/einsteckschloss-mit-kreuzprofilschluessel\/","url":"https:\/\/www.omrserrature.it\/de\/produkt\/einsteckschloss-mit-kreuzprofilschluessel\/","name":"Schloss mit Kreuzprofil Schl\u00fcssel - OMR Serrature","isPartOf":{"@id":"https:\/\/www.omrserrature.it\/de\/#website"},"primaryImageOfPage":{"@id":"https:\/\/www.omrserrature.it\/de\/produkt\/einsteckschloss-mit-kreuzprofilschluessel\/#primaryimage"},"image":{"@id":"https:\/\/www.omrserrature.it\/de\/produkt\/einsteckschloss-mit-kreuzprofilschluessel\/#primaryimage"},"thumbnailUrl":"https:\/\/www.omrserrature.it\/wp-content\/uploads\/2017\/10\/serratura-chiave-spillo-montante.jpg","datePublished":"2016-10-17T14:08:00+00:00","dateModified":"2026-04-08T10:24:25+00:00","breadcrumb":{"@id":"https:\/\/www.omrserrature.it\/de\/produkt\/einsteckschloss-mit-kreuzprofilschluessel\/#breadcrumb"},"inLanguage":"de","potentialAction":[{"@type":"ReadAction","target":["https:\/\/www.omrserrature.it\/de\/produkt\/einsteckschloss-mit-kreuzprofilschluessel\/"]}]},{"@type":"ImageObject","inLanguage":"de","@id":"https:\/\/www.omrserrature.it\/de\/produkt\/einsteckschloss-mit-kreuzprofilschluessel\/#primaryimage","url":"https:\/\/www.omrserrature.it\/wp-content\/uploads\/2017\/10\/serratura-chiave-spillo-montante.jpg","contentUrl":"https:\/\/www.omrserrature.it\/wp-content\/uploads\/2017\/10\/serratura-chiave-spillo-montante.jpg","width":1007,"height":539,"caption":"Schloss mit Kreuzprofil Schl\u00fcssel"},{"@type":"BreadcrumbList","@id":"https:\/\/www.omrserrature.it\/de\/produkt\/einsteckschloss-mit-kreuzprofilschluessel\/#breadcrumb","itemListElement":[{"@type":"ListItem","position":1,"name":"Home","item":"https:\/\/www.omrserrature.it\/de\/omr-serrature-sistemi-chiusura\/"},{"@type":"ListItem","position":2,"name":"Katalog","item":"https:\/\/www.omrserrature.it\/katalog\/?lang=de"},{"@type":"ListItem","position":3,"name":"Produkte","item":"https:\/\/www.omrserrature.it\/de\/katalog\/produkte\/"},{"@type":"ListItem","position":4,"name":"Schloesser","item":"https:\/\/www.omrserrature.it\/de\/katalog\/produkte\/schloesser\/"},{"@type":"ListItem","position":5,"name":"Kreuzprofil Schl\u00fcssel","item":"https:\/\/www.omrserrature.it\/de\/katalog\/produkte\/schloesser\/kreuzprofil-schlussel\/"},{"@type":"ListItem","position":6,"name":"Schloss mit Kreuzprofil Schl\u00fcssel"}]},{"@type":"WebSite","@id":"https:\/\/www.omrserrature.it\/de\/#website","url":"https:\/\/www.omrserrature.it\/de\/","name":"OMR Serrature | Produzione sistemi di chiusura","description":"Produzione serrature di sicurezza e sistemi di chiusura","publisher":{"@id":"https:\/\/www.omrserrature.it\/de\/#organization"},"potentialAction":[{"@type":"SearchAction","target":{"@type":"EntryPoint","urlTemplate":"https:\/\/www.omrserrature.it\/de\/?s={search_term_string}"},"query-input":{"@type":"PropertyValueSpecification","valueRequired":true,"valueName":"search_term_string"}}],"inLanguage":"de"},{"@type":"Organization","@id":"https:\/\/www.omrserrature.it\/de\/#organization","name":"OMR Serrature | Produzione sistemi di chiusura","url":"https:\/\/www.omrserrature.it\/de\/","logo":{"@type":"ImageObject","inLanguage":"de","@id":"https:\/\/www.omrserrature.it\/de\/#\/schema\/logo\/image\/","url":"https:\/\/www.omrserrature.it\/wp-content\/uploads\/2017\/09\/favicon-omr-114.png","contentUrl":"https:\/\/www.omrserrature.it\/wp-content\/uploads\/2017\/09\/favicon-omr-114.png","width":114,"height":114,"caption":"OMR Serrature | Produzione sistemi di chiusura"},"image":{"@id":"https:\/\/www.omrserrature.it\/de\/#\/schema\/logo\/image\/"},"sameAs":["https:\/\/www.facebook.com\/OMRserrature","https:\/\/www.linkedin.com\/company\/omrserrature\/","https:\/\/www.youtube.com\/channel\/UCxmA85z2R0EpG_6IRokiAkg"]}]}},"_links":{"self":[{"href":"https:\/\/www.omrserrature.it\/de\/wp-json\/wp\/v2\/product\/242214","targetHints":{"allow":["GET"]}}],"collection":[{"href":"https:\/\/www.omrserrature.it\/de\/wp-json\/wp\/v2\/product"}],"about":[{"href":"https:\/\/www.omrserrature.it\/de\/wp-json\/wp\/v2\/types\/product"}],"replies":[{"embeddable":true,"href":"https:\/\/www.omrserrature.it\/de\/wp-json\/wp\/v2\/comments?post=242214"}],"wp:featuredmedia":[{"embeddable":true,"href":"https:\/\/www.omrserrature.it\/de\/wp-json\/wp\/v2\/media\/3697"}],"wp:attachment":[{"href":"https:\/\/www.omrserrature.it\/de\/wp-json\/wp\/v2\/media?parent=242214"}],"wp:term":[{"taxonomy":"product_brand","embeddable":true,"href":"https:\/\/www.omrserrature.it\/de\/wp-json\/wp\/v2\/product_brand?post=242214"},{"taxonomy":"product_cat","embeddable":true,"href":"https:\/\/www.omrserrature.it\/de\/wp-json\/wp\/v2\/product_cat?post=242214"},{"taxonomy":"product_tag","embeddable":true,"href":"https:\/\/www.omrserrature.it\/de\/wp-json\/wp\/v2\/product_tag?post=242214"}],"curies":[{"name":"wp","href":"https:\/\/api.w.org\/{rel}","templated":true}]}}