{"id":242197,"date":"2017-10-16T16:23:53","date_gmt":"2016-10-17T14:23:00","guid":{"rendered":"https:\/\/www.staging6.omrserrature.it\/prodotto\/einsteckschloss-mit-kreuzprofilschluessel-und-hakenriegel\/"},"modified":"2026-04-08T12:24:34","modified_gmt":"2026-04-08T10:24:34","slug":"einsteckschloss-mit-kreuzprofilschluessel-und-hakenriegel","status":"publish","type":"product","link":"https:\/\/www.omrserrature.it\/de\/produkt\/einsteckschloss-mit-kreuzprofilschluessel-und-hakenriegel\/","title":{"rendered":"Aufrechtes Kreuzprofil Schl\u00fcssel Schloss mit schwingendem Haken"},"content":{"rendered":"<p>Das <strong>Kreuzprofil Schl\u00fcssel mit Haken<\/strong> ist mit einem kreuzf\u00f6rmigen Zylinder ausgestattet, der in einem Geh\u00e4use aus Stahl und Zinklegierung untergebracht ist und einen schwenkbaren Hakenriegel bewegt, sobald der Schl\u00fcssel eingesteckt wird. Die kreuzf\u00f6rmige Anordnung der Stifte garantiert ein gutes <strong>Sicherheitsniveau<\/strong>, auch dank dem besonderen Kreuzprofilschl\u00fcssel.<\/p>\n<p>Es gen\u00fcgt einen 12 mm Bohrer, um den Schl\u00fcsseleingang zu schaffen und, dank dem Hakenriegel ist die <strong>Anwendung bei Schiebet\u00fcren<\/strong> m\u00f6glich. Auf Ihrem Produkt erscheint der Schl\u00fcsselkanal als kleines, sehr diskretes Loch, weshalb er auch den Spitznamen<strong>&#8218;Nagelschl\u00fcssel<\/strong>&#8218; tr\u00e4gt, eben weil er dem Abdruck eines Nagels in der Wand \u00e4hnelt. <strong>Die Befestigung an der M\u00f6belt\u00fcr ist \u00e4u\u00dferst praktisch<\/strong> und erfolgt mit zwei Schrauben an der Frontplatte. <\/p>\n<p>Er ist sowohl in KA (gleichschlie\u00dfend) als auch in KD (verschiedenschlie\u00dfend) erh\u00e4ltlich. Er ist mit einem 25 mm starken Riegel aus Stahl ausgestattet, der eine gute Widerstandsf\u00e4higkeit bietet. Die Kreuzprofilschl\u00f6sser sind einfach zu installieren, vielseitig und in <strong>4 Varianten<\/strong> erh\u00e4ltlich: Aufschraubschloss, Einsteckschloss, Einsteckschloss mit Hakenriegel, Einsteckschloss mit Doppelriegel.<\/p>\n<p>Das schwenkbare Kreuzprofil Schl\u00fcssel Einsteckschloss ist am besten f\u00fcr Eisenprofile geeignet. Dank seiner geringen Abmessungen wird es in<strong>Objektm\u00f6beln<\/strong> an Schiebet\u00fcren sowie in der Bauindustrie zur Sicherung von kleinen Gittern und Kesselr\u00e4umen und sogar im Schiffbau eingesetzt. Der \u00dcberstand des Riegels betr\u00e4gt 18 mm, so dass er auch an Trennwandt\u00fcren in Gesch\u00e4ftsr\u00e4umen und in Sanit\u00e4rarmaturen in Krankenh\u00e4usern und Arztpraxen eingesetzt werden kann.  <\/p>\n","protected":false},"excerpt":{"rendered":"<p>Das <strong>Kreuzprofil-Einsteckschloss mit Haken<\/strong> ist mit einem kreuzf\u00f6rmigen Zylinder ausgestattet, der in einem Geh\u00e4use aus Stahl und einer Zinklegierung untergebracht ist und einen schwenkbaren Hakenriegel bewegt, sobald der Schl\u00fcssel eingesteckt wird.<\/p>\n<p>Ein elegantes und diskretes Schlie\u00dfsystem, das sowohl in gleichschlie\u00dfender (KA) als auch in verschiedenschlie\u00dfender (KD) Ausf\u00fchrung erh\u00e4ltlich ist.<\/p>\n","protected":false},"featured_media":3709,"comment_status":"open","ping_status":"closed","template":"","meta":{"_acf_changed":false,"_et_pb_use_builder":"","_et_pb_old_content":"","_et_gb_content_width":""},"product_brand":[],"product_cat":[3765,3773,3766,3787,3789,3771,3761],"product_tag":[],"class_list":{"0":"post-242197","1":"product","2":"type-product","3":"status-publish","4":"has-post-thumbnail","6":"product_cat-abschlusssysteme-fur-die-industrie","7":"product_cat-architektur-stadtplanung-und-design","8":"product_cat-gros-und-einzelhandel","9":"product_cat-hakenschlosser","10":"product_cat-kreuzprofil-schlussel","11":"product_cat-messen-und-ausstellungen","12":"product_cat-sicherheitssysteme-fur-den-abschluss","14":"first","15":"instock","16":"shipping-taxable","17":"purchasable","18":"product-type-variable","19":"has-default-attributes"},"acf":{"pdf1":"https:\/\/www.omrserrature.it\/wp-content\/uploads\/2017\/10\/Scheda-100875.pdf"},"yoast_head":"<!-- This site is optimized with the Yoast SEO plugin v27.2 - https:\/\/yoast.com\/product\/yoast-seo-wordpress\/ -->\n<title>Einsteckschloss mit Kreuzprofil Schl\u00fcssel. Haken f\u00fcr Schiebet\u00fcren<\/title>\n<meta name=\"description\" content=\"Einsteckschloss mit Kreuzprofil Schl\u00fcssel und Pendelhaken. Ideal f\u00fcr Schiebet\u00fcren, Eisenprofile und Anwendungen im Objektbereich.\" \/>\n<meta name=\"robots\" content=\"index, follow, max-snippet:-1, max-image-preview:large, max-video-preview:-1\" \/>\n<link rel=\"canonical\" href=\"https:\/\/www.omrserrature.it\/de\/produkt\/einsteckschloss-mit-kreuzprofilschluessel-und-hakenriegel\/\" \/>\n<meta property=\"og:locale\" content=\"de_DE\" \/>\n<meta property=\"og:type\" content=\"article\" \/>\n<meta property=\"og:title\" content=\"Einsteckschloss mit Kreuzprofil Schl\u00fcssel. Haken f\u00fcr Schiebet\u00fcren\" \/>\n<meta property=\"og:description\" content=\"Einsteckschloss mit Kreuzprofil Schl\u00fcssel und Pendelhaken. Ideal f\u00fcr Schiebet\u00fcren, Eisenprofile und Anwendungen im Objektbereich.\" \/>\n<meta property=\"og:url\" content=\"https:\/\/www.omrserrature.it\/de\/produkt\/einsteckschloss-mit-kreuzprofilschluessel-und-hakenriegel\/\" \/>\n<meta property=\"og:site_name\" content=\"OMR Serrature | Produzione sistemi di chiusura\" \/>\n<meta property=\"article:publisher\" content=\"https:\/\/www.facebook.com\/OMRserrature\" \/>\n<meta property=\"article:modified_time\" content=\"2026-04-08T10:24:34+00:00\" \/>\n<meta property=\"og:image\" content=\"https:\/\/www.omrserrature.it\/wp-content\/uploads\/2017\/10\/serratura-chiave-spillo-montante-basculante-gancio.jpg\" \/>\n\t<meta property=\"og:image:width\" content=\"970\" \/>\n\t<meta property=\"og:image:height\" content=\"574\" \/>\n\t<meta property=\"og:image:type\" content=\"image\/jpeg\" \/>\n<meta name=\"twitter:card\" content=\"summary_large_image\" \/>\n<meta name=\"twitter:label1\" content=\"Gesch\u00e4tzte Lesezeit\" \/>\n\t<meta name=\"twitter:data1\" content=\"1\u00a0Minute\" \/>\n<script type=\"application\/ld+json\" class=\"yoast-schema-graph\">{\"@context\":\"https:\/\/schema.org\",\"@graph\":[{\"@type\":\"WebPage\",\"@id\":\"https:\/\/www.omrserrature.it\/de\/produkt\/einsteckschloss-mit-kreuzprofilschluessel-und-hakenriegel\/\",\"url\":\"https:\/\/www.omrserrature.it\/de\/produkt\/einsteckschloss-mit-kreuzprofilschluessel-und-hakenriegel\/\",\"name\":\"Einsteckschloss mit Kreuzprofil Schl\u00fcssel. Haken f\u00fcr Schiebet\u00fcren\",\"isPartOf\":{\"@id\":\"https:\/\/www.omrserrature.it\/de\/#website\"},\"primaryImageOfPage\":{\"@id\":\"https:\/\/www.omrserrature.it\/de\/produkt\/einsteckschloss-mit-kreuzprofilschluessel-und-hakenriegel\/#primaryimage\"},\"image\":{\"@id\":\"https:\/\/www.omrserrature.it\/de\/produkt\/einsteckschloss-mit-kreuzprofilschluessel-und-hakenriegel\/#primaryimage\"},\"thumbnailUrl\":\"https:\/\/www.omrserrature.it\/wp-content\/uploads\/2017\/10\/serratura-chiave-spillo-montante-basculante-gancio.jpg\",\"datePublished\":\"2016-10-17T14:23:00+00:00\",\"dateModified\":\"2026-04-08T10:24:34+00:00\",\"description\":\"Einsteckschloss mit Kreuzprofil Schl\u00fcssel und Pendelhaken. Ideal f\u00fcr Schiebet\u00fcren, Eisenprofile und Anwendungen im Objektbereich.\",\"breadcrumb\":{\"@id\":\"https:\/\/www.omrserrature.it\/de\/produkt\/einsteckschloss-mit-kreuzprofilschluessel-und-hakenriegel\/#breadcrumb\"},\"inLanguage\":\"de\",\"potentialAction\":[{\"@type\":\"ReadAction\",\"target\":[\"https:\/\/www.omrserrature.it\/de\/produkt\/einsteckschloss-mit-kreuzprofilschluessel-und-hakenriegel\/\"]}]},{\"@type\":\"ImageObject\",\"inLanguage\":\"de\",\"@id\":\"https:\/\/www.omrserrature.it\/de\/produkt\/einsteckschloss-mit-kreuzprofilschluessel-und-hakenriegel\/#primaryimage\",\"url\":\"https:\/\/www.omrserrature.it\/wp-content\/uploads\/2017\/10\/serratura-chiave-spillo-montante-basculante-gancio.jpg\",\"contentUrl\":\"https:\/\/www.omrserrature.it\/wp-content\/uploads\/2017\/10\/serratura-chiave-spillo-montante-basculante-gancio.jpg\",\"width\":970,\"height\":574,\"caption\":\"H\u00e4nges\u00e4ulen Kreuzprofil Schl\u00fcssel Schloss\"},{\"@type\":\"BreadcrumbList\",\"@id\":\"https:\/\/www.omrserrature.it\/de\/produkt\/einsteckschloss-mit-kreuzprofilschluessel-und-hakenriegel\/#breadcrumb\",\"itemListElement\":[{\"@type\":\"ListItem\",\"position\":1,\"name\":\"Home\",\"item\":\"https:\/\/www.omrserrature.it\/de\/omr-serrature-sistemi-chiusura\/\"},{\"@type\":\"ListItem\",\"position\":2,\"name\":\"Katalog\",\"item\":\"https:\/\/www.omrserrature.it\/katalog\/?lang=de\"},{\"@type\":\"ListItem\",\"position\":3,\"name\":\"Produkte\",\"item\":\"https:\/\/www.omrserrature.it\/de\/katalog\/produkte\/\"},{\"@type\":\"ListItem\",\"position\":4,\"name\":\"Schloesser\",\"item\":\"https:\/\/www.omrserrature.it\/de\/katalog\/produkte\/schloesser\/\"},{\"@type\":\"ListItem\",\"position\":5,\"name\":\"Hakenschl\u00f6sser\",\"item\":\"https:\/\/www.omrserrature.it\/de\/katalog\/produkte\/schloesser\/hakenschlosser\/\"},{\"@type\":\"ListItem\",\"position\":6,\"name\":\"Aufrechtes Kreuzprofil Schl\u00fcssel Schloss mit schwingendem Haken\"}]},{\"@type\":\"WebSite\",\"@id\":\"https:\/\/www.omrserrature.it\/de\/#website\",\"url\":\"https:\/\/www.omrserrature.it\/de\/\",\"name\":\"OMR Serrature | Produzione sistemi di chiusura\",\"description\":\"Produzione serrature di sicurezza e sistemi di chiusura\",\"publisher\":{\"@id\":\"https:\/\/www.omrserrature.it\/de\/#organization\"},\"potentialAction\":[{\"@type\":\"SearchAction\",\"target\":{\"@type\":\"EntryPoint\",\"urlTemplate\":\"https:\/\/www.omrserrature.it\/de\/?s={search_term_string}\"},\"query-input\":{\"@type\":\"PropertyValueSpecification\",\"valueRequired\":true,\"valueName\":\"search_term_string\"}}],\"inLanguage\":\"de\"},{\"@type\":\"Organization\",\"@id\":\"https:\/\/www.omrserrature.it\/de\/#organization\",\"name\":\"OMR Serrature | Produzione sistemi di chiusura\",\"url\":\"https:\/\/www.omrserrature.it\/de\/\",\"logo\":{\"@type\":\"ImageObject\",\"inLanguage\":\"de\",\"@id\":\"https:\/\/www.omrserrature.it\/de\/#\/schema\/logo\/image\/\",\"url\":\"https:\/\/www.omrserrature.it\/wp-content\/uploads\/2017\/09\/favicon-omr-114.png\",\"contentUrl\":\"https:\/\/www.omrserrature.it\/wp-content\/uploads\/2017\/09\/favicon-omr-114.png\",\"width\":114,\"height\":114,\"caption\":\"OMR Serrature | Produzione sistemi di chiusura\"},\"image\":{\"@id\":\"https:\/\/www.omrserrature.it\/de\/#\/schema\/logo\/image\/\"},\"sameAs\":[\"https:\/\/www.facebook.com\/OMRserrature\",\"https:\/\/www.linkedin.com\/company\/omrserrature\/\",\"https:\/\/www.youtube.com\/channel\/UCxmA85z2R0EpG_6IRokiAkg\"]}]}<\/script>\n<!-- \/ Yoast SEO plugin. -->","yoast_head_json":{"title":"Einsteckschloss mit Kreuzprofil Schl\u00fcssel. Haken f\u00fcr Schiebet\u00fcren","description":"Einsteckschloss mit Kreuzprofil Schl\u00fcssel und Pendelhaken. Ideal f\u00fcr Schiebet\u00fcren, Eisenprofile und Anwendungen im Objektbereich.","robots":{"index":"index","follow":"follow","max-snippet":"max-snippet:-1","max-image-preview":"max-image-preview:large","max-video-preview":"max-video-preview:-1"},"canonical":"https:\/\/www.omrserrature.it\/de\/produkt\/einsteckschloss-mit-kreuzprofilschluessel-und-hakenriegel\/","og_locale":"de_DE","og_type":"article","og_title":"Einsteckschloss mit Kreuzprofil Schl\u00fcssel. Haken f\u00fcr Schiebet\u00fcren","og_description":"Einsteckschloss mit Kreuzprofil Schl\u00fcssel und Pendelhaken. Ideal f\u00fcr Schiebet\u00fcren, Eisenprofile und Anwendungen im Objektbereich.","og_url":"https:\/\/www.omrserrature.it\/de\/produkt\/einsteckschloss-mit-kreuzprofilschluessel-und-hakenriegel\/","og_site_name":"OMR Serrature | Produzione sistemi di chiusura","article_publisher":"https:\/\/www.facebook.com\/OMRserrature","article_modified_time":"2026-04-08T10:24:34+00:00","og_image":[{"width":970,"height":574,"url":"https:\/\/www.omrserrature.it\/wp-content\/uploads\/2017\/10\/serratura-chiave-spillo-montante-basculante-gancio.jpg","type":"image\/jpeg"}],"twitter_card":"summary_large_image","twitter_misc":{"Gesch\u00e4tzte Lesezeit":"1\u00a0Minute"},"schema":{"@context":"https:\/\/schema.org","@graph":[{"@type":"WebPage","@id":"https:\/\/www.omrserrature.it\/de\/produkt\/einsteckschloss-mit-kreuzprofilschluessel-und-hakenriegel\/","url":"https:\/\/www.omrserrature.it\/de\/produkt\/einsteckschloss-mit-kreuzprofilschluessel-und-hakenriegel\/","name":"Einsteckschloss mit Kreuzprofil Schl\u00fcssel. Haken f\u00fcr Schiebet\u00fcren","isPartOf":{"@id":"https:\/\/www.omrserrature.it\/de\/#website"},"primaryImageOfPage":{"@id":"https:\/\/www.omrserrature.it\/de\/produkt\/einsteckschloss-mit-kreuzprofilschluessel-und-hakenriegel\/#primaryimage"},"image":{"@id":"https:\/\/www.omrserrature.it\/de\/produkt\/einsteckschloss-mit-kreuzprofilschluessel-und-hakenriegel\/#primaryimage"},"thumbnailUrl":"https:\/\/www.omrserrature.it\/wp-content\/uploads\/2017\/10\/serratura-chiave-spillo-montante-basculante-gancio.jpg","datePublished":"2016-10-17T14:23:00+00:00","dateModified":"2026-04-08T10:24:34+00:00","description":"Einsteckschloss mit Kreuzprofil Schl\u00fcssel und Pendelhaken. Ideal f\u00fcr Schiebet\u00fcren, Eisenprofile und Anwendungen im Objektbereich.","breadcrumb":{"@id":"https:\/\/www.omrserrature.it\/de\/produkt\/einsteckschloss-mit-kreuzprofilschluessel-und-hakenriegel\/#breadcrumb"},"inLanguage":"de","potentialAction":[{"@type":"ReadAction","target":["https:\/\/www.omrserrature.it\/de\/produkt\/einsteckschloss-mit-kreuzprofilschluessel-und-hakenriegel\/"]}]},{"@type":"ImageObject","inLanguage":"de","@id":"https:\/\/www.omrserrature.it\/de\/produkt\/einsteckschloss-mit-kreuzprofilschluessel-und-hakenriegel\/#primaryimage","url":"https:\/\/www.omrserrature.it\/wp-content\/uploads\/2017\/10\/serratura-chiave-spillo-montante-basculante-gancio.jpg","contentUrl":"https:\/\/www.omrserrature.it\/wp-content\/uploads\/2017\/10\/serratura-chiave-spillo-montante-basculante-gancio.jpg","width":970,"height":574,"caption":"H\u00e4nges\u00e4ulen Kreuzprofil Schl\u00fcssel Schloss"},{"@type":"BreadcrumbList","@id":"https:\/\/www.omrserrature.it\/de\/produkt\/einsteckschloss-mit-kreuzprofilschluessel-und-hakenriegel\/#breadcrumb","itemListElement":[{"@type":"ListItem","position":1,"name":"Home","item":"https:\/\/www.omrserrature.it\/de\/omr-serrature-sistemi-chiusura\/"},{"@type":"ListItem","position":2,"name":"Katalog","item":"https:\/\/www.omrserrature.it\/katalog\/?lang=de"},{"@type":"ListItem","position":3,"name":"Produkte","item":"https:\/\/www.omrserrature.it\/de\/katalog\/produkte\/"},{"@type":"ListItem","position":4,"name":"Schloesser","item":"https:\/\/www.omrserrature.it\/de\/katalog\/produkte\/schloesser\/"},{"@type":"ListItem","position":5,"name":"Hakenschl\u00f6sser","item":"https:\/\/www.omrserrature.it\/de\/katalog\/produkte\/schloesser\/hakenschlosser\/"},{"@type":"ListItem","position":6,"name":"Aufrechtes Kreuzprofil Schl\u00fcssel Schloss mit schwingendem Haken"}]},{"@type":"WebSite","@id":"https:\/\/www.omrserrature.it\/de\/#website","url":"https:\/\/www.omrserrature.it\/de\/","name":"OMR Serrature | Produzione sistemi di chiusura","description":"Produzione serrature di sicurezza e sistemi di chiusura","publisher":{"@id":"https:\/\/www.omrserrature.it\/de\/#organization"},"potentialAction":[{"@type":"SearchAction","target":{"@type":"EntryPoint","urlTemplate":"https:\/\/www.omrserrature.it\/de\/?s={search_term_string}"},"query-input":{"@type":"PropertyValueSpecification","valueRequired":true,"valueName":"search_term_string"}}],"inLanguage":"de"},{"@type":"Organization","@id":"https:\/\/www.omrserrature.it\/de\/#organization","name":"OMR Serrature | Produzione sistemi di chiusura","url":"https:\/\/www.omrserrature.it\/de\/","logo":{"@type":"ImageObject","inLanguage":"de","@id":"https:\/\/www.omrserrature.it\/de\/#\/schema\/logo\/image\/","url":"https:\/\/www.omrserrature.it\/wp-content\/uploads\/2017\/09\/favicon-omr-114.png","contentUrl":"https:\/\/www.omrserrature.it\/wp-content\/uploads\/2017\/09\/favicon-omr-114.png","width":114,"height":114,"caption":"OMR Serrature | Produzione sistemi di chiusura"},"image":{"@id":"https:\/\/www.omrserrature.it\/de\/#\/schema\/logo\/image\/"},"sameAs":["https:\/\/www.facebook.com\/OMRserrature","https:\/\/www.linkedin.com\/company\/omrserrature\/","https:\/\/www.youtube.com\/channel\/UCxmA85z2R0EpG_6IRokiAkg"]}]}},"_links":{"self":[{"href":"https:\/\/www.omrserrature.it\/de\/wp-json\/wp\/v2\/product\/242197","targetHints":{"allow":["GET"]}}],"collection":[{"href":"https:\/\/www.omrserrature.it\/de\/wp-json\/wp\/v2\/product"}],"about":[{"href":"https:\/\/www.omrserrature.it\/de\/wp-json\/wp\/v2\/types\/product"}],"replies":[{"embeddable":true,"href":"https:\/\/www.omrserrature.it\/de\/wp-json\/wp\/v2\/comments?post=242197"}],"wp:featuredmedia":[{"embeddable":true,"href":"https:\/\/www.omrserrature.it\/de\/wp-json\/wp\/v2\/media\/3709"}],"wp:attachment":[{"href":"https:\/\/www.omrserrature.it\/de\/wp-json\/wp\/v2\/media?parent=242197"}],"wp:term":[{"taxonomy":"product_brand","embeddable":true,"href":"https:\/\/www.omrserrature.it\/de\/wp-json\/wp\/v2\/product_brand?post=242197"},{"taxonomy":"product_cat","embeddable":true,"href":"https:\/\/www.omrserrature.it\/de\/wp-json\/wp\/v2\/product_cat?post=242197"},{"taxonomy":"product_tag","embeddable":true,"href":"https:\/\/www.omrserrature.it\/de\/wp-json\/wp\/v2\/product_tag?post=242197"}],"curies":[{"name":"wp","href":"https:\/\/api.w.org\/{rel}","templated":true}]}}