{"id":242184,"date":"2017-10-16T14:56:49","date_gmt":"2016-10-17T12:56:00","guid":{"rendered":"https:\/\/www.staging6.omrserrature.it\/prodotto\/schloss-fuer-karteischraenke\/"},"modified":"2026-04-08T12:24:04","modified_gmt":"2026-04-08T10:24:04","slug":"schloss-fuer-karteischraenke","status":"publish","type":"product","link":"https:\/\/www.omrserrature.it\/de\/produkt\/schloss-fuer-karteischraenke\/","title":{"rendered":"Schloss f\u00fcr Karteischr\u00e4nke"},"content":{"rendered":"<p><b>Das Schloss<\/b><b> f\u00fcr Karteischr\u00e4nke<\/b> besteht aus einem runden grauen Kunststoffsockel, in den ein gekr\u00f6pfter Riegel gleitet, der durch die Bewegung des Schl\u00fcssels bet\u00e4tigt wird. Der Schl\u00fcssel kann aus vernickeltem Messing oder mit einem festen oder klappbaren Harzgriff gefertigt sein.<u><\/u><u><\/u><\/p>\n<p>Der Zylinder verf\u00fcgt \u00fcber einen Pl\u00e4ttchenzylinder mit zylinderpl\u00e4ttchen, der in den Ausf\u00fchrungen <b>KD<\/b> (verschiedenschlie\u00dfend), <b>KA<\/b> (gleichschlie\u00dfend) oder <b>MK<\/b> (Hauptschl\u00fcsselsystem oder Passepartout) erh\u00e4ltlich ist. Das Zylinderloch an der T\u00fcr ist mit einem Kunststoffabschlussbuchsen versehen. <u><\/u><u><\/u><\/p>\n<p>Das Schloss ist dank seiner selbstschlie\u00dfenden Befestigung ideal f\u00fcr <b>Metalltheken<\/b> oder an T\u00fcren von Eisenm\u00f6beln, wie z.B. an einem waagerechten Metall-Aktenschrank, an einem h\u00e4ngenden Metall-Aktenschrank und vor allem an <strong>Aktenschr\u00e4nken<\/strong>, die in der Regel aus Metall gefertigt sind, gekennzeichnet durch ein individuelles Schloss f\u00fcr jedes Fach, ideal f\u00fcr die Aufbewahrung von Unterlagen und Dokumenten.<\/p>\n","protected":false},"excerpt":{"rendered":"<p><b>Das Schloss<\/b><b> f\u00fcr Karteischr\u00e4nke<\/b> besteht aus einem runden grauen Kunststoffsockel, in den ein gekr\u00f6pfter Riegel gleitet, der durch die Bewegung des Schl\u00fcssels bet\u00e4tigt wird. Der Schl\u00fcssel kann aus vernickeltem Messing oder mit einem festen oder klappbaren Harzgriff gefertigt sein.<\/p>\n","protected":false},"featured_media":3685,"comment_status":"open","ping_status":"closed","template":"","meta":{"_acf_changed":false,"_et_pb_use_builder":"","_et_pb_old_content":"","_et_gb_content_width":""},"product_brand":[],"product_cat":[3770,3774,3876,3796,3877,3772,3861,3786,3864,3865,3835,3866,3853,3860],"product_tag":[],"class_list":{"0":"post-242184","1":"product","2":"type-product","3":"status-publish","4":"has-post-thumbnail","6":"product_cat-bildungswesen-und-kultur","7":"product_cat-burogebaude","8":"product_cat-flugelturen","9":"product_cat-hauptschlussel-schlosser","10":"product_cat-klappe","11":"product_cat-krankenhauser-und-gesundheitsbereich","12":"product_cat-mobelturen","13":"product_cat-riegelschlosser","14":"product_cat-schliesfacher-fur-schliesfacher","15":"product_cat-schlosser-fur-aktenschranke","16":"product_cat-schlosser-fur-mobel","17":"product_cat-schlosser-fur-schilder","18":"product_cat-schlosser-fur-tresore","19":"product_cat-turschlosser","21":"first","22":"instock","23":"shipping-taxable","24":"purchasable","25":"product-type-variable","26":"has-default-attributes"},"acf":{"pdf1":"https:\/\/www.omrserrature.it\/wp-content\/uploads\/schede\/Scheda_240051.pdf"},"yoast_head":"<!-- This site is optimized with the Yoast SEO plugin v27.2 - https:\/\/yoast.com\/product\/yoast-seo-wordpress\/ -->\n<title>Schloss f\u00fcr Karteischr\u00e4nke - OMR Serrature<\/title>\n<meta name=\"robots\" content=\"index, follow, max-snippet:-1, max-image-preview:large, max-video-preview:-1\" \/>\n<link rel=\"canonical\" href=\"https:\/\/www.omrserrature.it\/de\/produkt\/schloss-fuer-karteischraenke\/\" \/>\n<meta property=\"og:locale\" content=\"de_DE\" \/>\n<meta property=\"og:type\" content=\"article\" \/>\n<meta property=\"og:title\" content=\"Schloss f\u00fcr Karteischr\u00e4nke - OMR Serrature\" \/>\n<meta property=\"og:description\" content=\"Das Schloss f\u00fcr Karteischr\u00e4nke besteht aus einem runden grauen Kunststoffsockel, in den ein gekr\u00f6pfter Riegel gleitet, der durch die Bewegung des Schl\u00fcssels bet\u00e4tigt wird. Der Schl\u00fcssel kann aus vernickeltem Messing oder mit einem festen oder klappbaren Harzgriff gefertigt sein.\" \/>\n<meta property=\"og:url\" content=\"https:\/\/www.omrserrature.it\/de\/produkt\/schloss-fuer-karteischraenke\/\" \/>\n<meta property=\"og:site_name\" content=\"OMR Serrature | Produzione sistemi di chiusura\" \/>\n<meta property=\"article:publisher\" content=\"https:\/\/www.facebook.com\/OMRserrature\" \/>\n<meta property=\"article:modified_time\" content=\"2026-04-08T10:24:04+00:00\" \/>\n<meta property=\"og:image\" content=\"https:\/\/www.omrserrature.it\/wp-content\/uploads\/2017\/10\/serratura-cartelliere.jpg\" \/>\n\t<meta property=\"og:image:width\" content=\"368\" \/>\n\t<meta property=\"og:image:height\" content=\"384\" \/>\n\t<meta property=\"og:image:type\" content=\"image\/jpeg\" \/>\n<meta name=\"twitter:card\" content=\"summary_large_image\" \/>\n<meta name=\"twitter:label1\" content=\"Gesch\u00e4tzte Lesezeit\" \/>\n\t<meta name=\"twitter:data1\" content=\"1\u00a0Minute\" \/>\n<script type=\"application\/ld+json\" class=\"yoast-schema-graph\">{\"@context\":\"https:\/\/schema.org\",\"@graph\":[{\"@type\":\"WebPage\",\"@id\":\"https:\/\/www.omrserrature.it\/de\/produkt\/schloss-fuer-karteischraenke\/\",\"url\":\"https:\/\/www.omrserrature.it\/de\/produkt\/schloss-fuer-karteischraenke\/\",\"name\":\"Schloss f\u00fcr Karteischr\u00e4nke - OMR Serrature\",\"isPartOf\":{\"@id\":\"https:\/\/www.omrserrature.it\/de\/#website\"},\"primaryImageOfPage\":{\"@id\":\"https:\/\/www.omrserrature.it\/de\/produkt\/schloss-fuer-karteischraenke\/#primaryimage\"},\"image\":{\"@id\":\"https:\/\/www.omrserrature.it\/de\/produkt\/schloss-fuer-karteischraenke\/#primaryimage\"},\"thumbnailUrl\":\"https:\/\/www.omrserrature.it\/wp-content\/uploads\/2017\/10\/serratura-cartelliere.jpg\",\"datePublished\":\"2016-10-17T12:56:00+00:00\",\"dateModified\":\"2026-04-08T10:24:04+00:00\",\"breadcrumb\":{\"@id\":\"https:\/\/www.omrserrature.it\/de\/produkt\/schloss-fuer-karteischraenke\/#breadcrumb\"},\"inLanguage\":\"de\",\"potentialAction\":[{\"@type\":\"ReadAction\",\"target\":[\"https:\/\/www.omrserrature.it\/de\/produkt\/schloss-fuer-karteischraenke\/\"]}]},{\"@type\":\"ImageObject\",\"inLanguage\":\"de\",\"@id\":\"https:\/\/www.omrserrature.it\/de\/produkt\/schloss-fuer-karteischraenke\/#primaryimage\",\"url\":\"https:\/\/www.omrserrature.it\/wp-content\/uploads\/2017\/10\/serratura-cartelliere.jpg\",\"contentUrl\":\"https:\/\/www.omrserrature.it\/wp-content\/uploads\/2017\/10\/serratura-cartelliere.jpg\",\"width\":368,\"height\":384,\"caption\":\"Schloss f\u00fcr Aktenschr\u00e4nke und Registraturschr\u00e4nke\"},{\"@type\":\"BreadcrumbList\",\"@id\":\"https:\/\/www.omrserrature.it\/de\/produkt\/schloss-fuer-karteischraenke\/#breadcrumb\",\"itemListElement\":[{\"@type\":\"ListItem\",\"position\":1,\"name\":\"Home\",\"item\":\"https:\/\/www.omrserrature.it\/de\/omr-serrature-sistemi-chiusura\/\"},{\"@type\":\"ListItem\",\"position\":2,\"name\":\"Katalog\",\"item\":\"https:\/\/www.omrserrature.it\/katalog\/?lang=de\"},{\"@type\":\"ListItem\",\"position\":3,\"name\":\"Anwendungen\",\"item\":\"https:\/\/www.omrserrature.it\/de\/katalog\/anwendungen\/\"},{\"@type\":\"ListItem\",\"position\":4,\"name\":\"Schl\u00f6sser f\u00fcr M\u00f6bel\",\"item\":\"https:\/\/www.omrserrature.it\/de\/katalog\/anwendungen\/schlosser-fur-mobel\/\"},{\"@type\":\"ListItem\",\"position\":5,\"name\":\"M\u00f6belt\u00fcren\",\"item\":\"https:\/\/www.omrserrature.it\/de\/katalog\/anwendungen\/schlosser-fur-mobel\/mobelturen\/\"},{\"@type\":\"ListItem\",\"position\":6,\"name\":\"Fl\u00fcgelt\u00fcren\",\"item\":\"https:\/\/www.omrserrature.it\/de\/katalog\/anwendungen\/schlosser-fur-mobel\/mobelturen\/flugelturen\/\"},{\"@type\":\"ListItem\",\"position\":7,\"name\":\"Schloss f\u00fcr Karteischr\u00e4nke\"}]},{\"@type\":\"WebSite\",\"@id\":\"https:\/\/www.omrserrature.it\/de\/#website\",\"url\":\"https:\/\/www.omrserrature.it\/de\/\",\"name\":\"OMR Serrature | Produzione sistemi di chiusura\",\"description\":\"Produzione serrature di sicurezza e sistemi di chiusura\",\"publisher\":{\"@id\":\"https:\/\/www.omrserrature.it\/de\/#organization\"},\"potentialAction\":[{\"@type\":\"SearchAction\",\"target\":{\"@type\":\"EntryPoint\",\"urlTemplate\":\"https:\/\/www.omrserrature.it\/de\/?s={search_term_string}\"},\"query-input\":{\"@type\":\"PropertyValueSpecification\",\"valueRequired\":true,\"valueName\":\"search_term_string\"}}],\"inLanguage\":\"de\"},{\"@type\":\"Organization\",\"@id\":\"https:\/\/www.omrserrature.it\/de\/#organization\",\"name\":\"OMR Serrature | Produzione sistemi di chiusura\",\"url\":\"https:\/\/www.omrserrature.it\/de\/\",\"logo\":{\"@type\":\"ImageObject\",\"inLanguage\":\"de\",\"@id\":\"https:\/\/www.omrserrature.it\/de\/#\/schema\/logo\/image\/\",\"url\":\"https:\/\/www.omrserrature.it\/wp-content\/uploads\/2017\/09\/favicon-omr-114.png\",\"contentUrl\":\"https:\/\/www.omrserrature.it\/wp-content\/uploads\/2017\/09\/favicon-omr-114.png\",\"width\":114,\"height\":114,\"caption\":\"OMR Serrature | Produzione sistemi di chiusura\"},\"image\":{\"@id\":\"https:\/\/www.omrserrature.it\/de\/#\/schema\/logo\/image\/\"},\"sameAs\":[\"https:\/\/www.facebook.com\/OMRserrature\",\"https:\/\/www.linkedin.com\/company\/omrserrature\/\",\"https:\/\/www.youtube.com\/channel\/UCxmA85z2R0EpG_6IRokiAkg\"]}]}<\/script>\n<!-- \/ Yoast SEO plugin. -->","yoast_head_json":{"title":"Schloss f\u00fcr Karteischr\u00e4nke - OMR Serrature","robots":{"index":"index","follow":"follow","max-snippet":"max-snippet:-1","max-image-preview":"max-image-preview:large","max-video-preview":"max-video-preview:-1"},"canonical":"https:\/\/www.omrserrature.it\/de\/produkt\/schloss-fuer-karteischraenke\/","og_locale":"de_DE","og_type":"article","og_title":"Schloss f\u00fcr Karteischr\u00e4nke - OMR Serrature","og_description":"Das Schloss f\u00fcr Karteischr\u00e4nke besteht aus einem runden grauen Kunststoffsockel, in den ein gekr\u00f6pfter Riegel gleitet, der durch die Bewegung des Schl\u00fcssels bet\u00e4tigt wird. Der Schl\u00fcssel kann aus vernickeltem Messing oder mit einem festen oder klappbaren Harzgriff gefertigt sein.","og_url":"https:\/\/www.omrserrature.it\/de\/produkt\/schloss-fuer-karteischraenke\/","og_site_name":"OMR Serrature | Produzione sistemi di chiusura","article_publisher":"https:\/\/www.facebook.com\/OMRserrature","article_modified_time":"2026-04-08T10:24:04+00:00","og_image":[{"width":368,"height":384,"url":"https:\/\/www.omrserrature.it\/wp-content\/uploads\/2017\/10\/serratura-cartelliere.jpg","type":"image\/jpeg"}],"twitter_card":"summary_large_image","twitter_misc":{"Gesch\u00e4tzte Lesezeit":"1\u00a0Minute"},"schema":{"@context":"https:\/\/schema.org","@graph":[{"@type":"WebPage","@id":"https:\/\/www.omrserrature.it\/de\/produkt\/schloss-fuer-karteischraenke\/","url":"https:\/\/www.omrserrature.it\/de\/produkt\/schloss-fuer-karteischraenke\/","name":"Schloss f\u00fcr Karteischr\u00e4nke - OMR Serrature","isPartOf":{"@id":"https:\/\/www.omrserrature.it\/de\/#website"},"primaryImageOfPage":{"@id":"https:\/\/www.omrserrature.it\/de\/produkt\/schloss-fuer-karteischraenke\/#primaryimage"},"image":{"@id":"https:\/\/www.omrserrature.it\/de\/produkt\/schloss-fuer-karteischraenke\/#primaryimage"},"thumbnailUrl":"https:\/\/www.omrserrature.it\/wp-content\/uploads\/2017\/10\/serratura-cartelliere.jpg","datePublished":"2016-10-17T12:56:00+00:00","dateModified":"2026-04-08T10:24:04+00:00","breadcrumb":{"@id":"https:\/\/www.omrserrature.it\/de\/produkt\/schloss-fuer-karteischraenke\/#breadcrumb"},"inLanguage":"de","potentialAction":[{"@type":"ReadAction","target":["https:\/\/www.omrserrature.it\/de\/produkt\/schloss-fuer-karteischraenke\/"]}]},{"@type":"ImageObject","inLanguage":"de","@id":"https:\/\/www.omrserrature.it\/de\/produkt\/schloss-fuer-karteischraenke\/#primaryimage","url":"https:\/\/www.omrserrature.it\/wp-content\/uploads\/2017\/10\/serratura-cartelliere.jpg","contentUrl":"https:\/\/www.omrserrature.it\/wp-content\/uploads\/2017\/10\/serratura-cartelliere.jpg","width":368,"height":384,"caption":"Schloss f\u00fcr Aktenschr\u00e4nke und Registraturschr\u00e4nke"},{"@type":"BreadcrumbList","@id":"https:\/\/www.omrserrature.it\/de\/produkt\/schloss-fuer-karteischraenke\/#breadcrumb","itemListElement":[{"@type":"ListItem","position":1,"name":"Home","item":"https:\/\/www.omrserrature.it\/de\/omr-serrature-sistemi-chiusura\/"},{"@type":"ListItem","position":2,"name":"Katalog","item":"https:\/\/www.omrserrature.it\/katalog\/?lang=de"},{"@type":"ListItem","position":3,"name":"Anwendungen","item":"https:\/\/www.omrserrature.it\/de\/katalog\/anwendungen\/"},{"@type":"ListItem","position":4,"name":"Schl\u00f6sser f\u00fcr M\u00f6bel","item":"https:\/\/www.omrserrature.it\/de\/katalog\/anwendungen\/schlosser-fur-mobel\/"},{"@type":"ListItem","position":5,"name":"M\u00f6belt\u00fcren","item":"https:\/\/www.omrserrature.it\/de\/katalog\/anwendungen\/schlosser-fur-mobel\/mobelturen\/"},{"@type":"ListItem","position":6,"name":"Fl\u00fcgelt\u00fcren","item":"https:\/\/www.omrserrature.it\/de\/katalog\/anwendungen\/schlosser-fur-mobel\/mobelturen\/flugelturen\/"},{"@type":"ListItem","position":7,"name":"Schloss f\u00fcr Karteischr\u00e4nke"}]},{"@type":"WebSite","@id":"https:\/\/www.omrserrature.it\/de\/#website","url":"https:\/\/www.omrserrature.it\/de\/","name":"OMR Serrature | Produzione sistemi di chiusura","description":"Produzione serrature di sicurezza e sistemi di chiusura","publisher":{"@id":"https:\/\/www.omrserrature.it\/de\/#organization"},"potentialAction":[{"@type":"SearchAction","target":{"@type":"EntryPoint","urlTemplate":"https:\/\/www.omrserrature.it\/de\/?s={search_term_string}"},"query-input":{"@type":"PropertyValueSpecification","valueRequired":true,"valueName":"search_term_string"}}],"inLanguage":"de"},{"@type":"Organization","@id":"https:\/\/www.omrserrature.it\/de\/#organization","name":"OMR Serrature | Produzione sistemi di chiusura","url":"https:\/\/www.omrserrature.it\/de\/","logo":{"@type":"ImageObject","inLanguage":"de","@id":"https:\/\/www.omrserrature.it\/de\/#\/schema\/logo\/image\/","url":"https:\/\/www.omrserrature.it\/wp-content\/uploads\/2017\/09\/favicon-omr-114.png","contentUrl":"https:\/\/www.omrserrature.it\/wp-content\/uploads\/2017\/09\/favicon-omr-114.png","width":114,"height":114,"caption":"OMR Serrature | Produzione sistemi di chiusura"},"image":{"@id":"https:\/\/www.omrserrature.it\/de\/#\/schema\/logo\/image\/"},"sameAs":["https:\/\/www.facebook.com\/OMRserrature","https:\/\/www.linkedin.com\/company\/omrserrature\/","https:\/\/www.youtube.com\/channel\/UCxmA85z2R0EpG_6IRokiAkg"]}]}},"_links":{"self":[{"href":"https:\/\/www.omrserrature.it\/de\/wp-json\/wp\/v2\/product\/242184","targetHints":{"allow":["GET"]}}],"collection":[{"href":"https:\/\/www.omrserrature.it\/de\/wp-json\/wp\/v2\/product"}],"about":[{"href":"https:\/\/www.omrserrature.it\/de\/wp-json\/wp\/v2\/types\/product"}],"replies":[{"embeddable":true,"href":"https:\/\/www.omrserrature.it\/de\/wp-json\/wp\/v2\/comments?post=242184"}],"wp:featuredmedia":[{"embeddable":true,"href":"https:\/\/www.omrserrature.it\/de\/wp-json\/wp\/v2\/media\/3685"}],"wp:attachment":[{"href":"https:\/\/www.omrserrature.it\/de\/wp-json\/wp\/v2\/media?parent=242184"}],"wp:term":[{"taxonomy":"product_brand","embeddable":true,"href":"https:\/\/www.omrserrature.it\/de\/wp-json\/wp\/v2\/product_brand?post=242184"},{"taxonomy":"product_cat","embeddable":true,"href":"https:\/\/www.omrserrature.it\/de\/wp-json\/wp\/v2\/product_cat?post=242184"},{"taxonomy":"product_tag","embeddable":true,"href":"https:\/\/www.omrserrature.it\/de\/wp-json\/wp\/v2\/product_tag?post=242184"}],"curies":[{"name":"wp","href":"https:\/\/api.w.org\/{rel}","templated":true}]}}