{"id":242172,"date":"2017-10-06T08:47:09","date_gmt":"2006-10-17T06:47:00","guid":{"rendered":"https:\/\/www.staging6.omrserrature.it\/prodotto\/briefkastenschloss-o-16-und-o-18-mm\/"},"modified":"2017-10-06T08:47:09","modified_gmt":"2017-10-06T06:47:09","slug":"briefkastenschloss-o-16-und-o-18-mm","status":"publish","type":"product","link":"https:\/\/www.omrserrature.it\/de\/produkt\/briefkastenschloss-o-16-und-o-18-mm\/","title":{"rendered":"Briefkastenschloss \u00d8 16 und \u00d8 18 mm"},"content":{"rendered":"<p><strong>Das Schloss f\u00fcr Briefk\u00e4sten<\/strong> ist ein historisches Produkt von O.M.R., das auch unter dem Markennamen <strong>&#8218;Michel<\/strong>&#8218; bekannt ist und an <strong>Seat-Briefk\u00e4sten<\/strong> verwendet wurde. Der Schl\u00fcssel SCHG05005 mit seiner charakteristischen Form bet\u00e4tigt eine Reihe von federbelasteten Messingstiften, die bei richtiger Kombination die Drehung des Zylinders und damit das Schlie\u00dfen oder \u00d6ffnen des Nockenschlosses erm\u00f6glichen. Der besondere <strong>Durchmesser von 16 mm <\/strong>&#8211; auch in 18 mm erh\u00e4ltlich -, <strong>sein spezieller Hebel mit \u00d6se und der versetzte Zylinder<\/strong> verleihen diesem Produkt einzigartige Eigenschaften. Das Schloss f\u00fcr Briefk\u00e4sten eignet sich f\u00fcr Anwendungen <strong>aus Glas oder Aluminium<\/strong>, insbesondere f\u00fcr Briefk\u00e4sten und Postf\u00e4cher. <\/p>\n","protected":false},"excerpt":{"rendered":"<p><strong>Das Schloss f\u00fcr Briefk\u00e4sten<\/strong> ist ein historisches Produkt von O.M.R., das auch unter dem Markennamen<strong>&#8218;Michel<\/strong>&#8218; bekannt ist und f\u00fcr <strong>Seat-Briefk\u00e4sten<\/strong> verwendet wurde. <strong>Sein besonderer Durchmesser von 16 oder 18 mm, sein spezieller Hebel mit \u00d6se und sein versetzter Zylinder<\/strong> verleihen diesem Produkt einzigartige Eigenschaften. Es wird auf <strong>Glas oder Aluminium<\/strong> installiert, insbesondere auf Postk\u00e4sten und Briefk\u00e4sten.  <\/p>\n","protected":false},"featured_media":18235,"comment_status":"open","ping_status":"closed","template":"","meta":{"_acf_changed":false,"_et_pb_use_builder":"","_et_pb_old_content":"","_et_gb_content_width":""},"product_brand":[],"product_cat":[3767,3855,3796,3825,3832,3857,3869,3804,3776],"product_tag":[],"class_list":{"0":"post-242172","1":"product","2":"type-product","3":"status-publish","4":"has-post-thumbnail","6":"product_cat-bank-und-postwesen","7":"product_cat-briefkastenschlosser","8":"product_cat-hauptschlussel-schlosser","9":"product_cat-hebel-schlosser","10":"product_cat-schlosser-fur-briefkasten","11":"product_cat-schlosser-fur-postfacher","12":"product_cat-schlosser-fur-vitrinen","13":"product_cat-standardschlussel","14":"product_cat-universal-stiftschlosser","16":"first","17":"instock","18":"shipping-taxable","19":"purchasable","20":"product-type-variable","21":"has-default-attributes"},"acf":{"pdf1":"https:\/\/www.omrserrature.it\/wp-content\/uploads\/schede\/Scheda_100350.pdf"},"yoast_head":"<!-- This site is optimized with the Yoast SEO plugin v27.2 - https:\/\/yoast.com\/product\/yoast-seo-wordpress\/ -->\n<title>Briefkastenschloss \u00d8 16 und \u00d8 18 mm - OMR Serrature<\/title>\n<meta name=\"robots\" content=\"index, follow, max-snippet:-1, max-image-preview:large, max-video-preview:-1\" \/>\n<link rel=\"canonical\" href=\"https:\/\/www.omrserrature.it\/de\/produkt\/briefkastenschloss-o-16-und-o-18-mm\/\" \/>\n<meta property=\"og:locale\" content=\"de_DE\" \/>\n<meta property=\"og:type\" content=\"article\" \/>\n<meta property=\"og:title\" content=\"Briefkastenschloss \u00d8 16 und \u00d8 18 mm - OMR Serrature\" \/>\n<meta property=\"og:description\" content=\"Das Schloss f\u00fcr Briefk\u00e4sten ist ein historisches Produkt von O.M.R., das auch unter dem Markennamen&#039;Michel&#039; bekannt ist und f\u00fcr Seat-Briefk\u00e4sten verwendet wurde. Sein besonderer Durchmesser von 16 oder 18 mm, sein spezieller Hebel mit \u00d6se und sein versetzter Zylinder verleihen diesem Produkt einzigartige Eigenschaften. Es wird auf Glas oder Aluminium installiert, insbesondere auf Postk\u00e4sten und Briefk\u00e4sten.\" \/>\n<meta property=\"og:url\" content=\"https:\/\/www.omrserrature.it\/de\/produkt\/briefkastenschloss-o-16-und-o-18-mm\/\" \/>\n<meta property=\"og:site_name\" content=\"OMR Serrature | Produzione sistemi di chiusura\" \/>\n<meta property=\"article:publisher\" content=\"https:\/\/www.facebook.com\/OMRserrature\" \/>\n<meta property=\"article:modified_time\" content=\"2017-10-06T06:47:09+00:00\" \/>\n<meta property=\"og:image\" content=\"https:\/\/www.omrserrature.it\/wp-content\/uploads\/2017\/10\/Serratura-buche-lettere-diametro-16mm.jpg\" \/>\n\t<meta property=\"og:image:width\" content=\"600\" \/>\n\t<meta property=\"og:image:height\" content=\"600\" \/>\n\t<meta property=\"og:image:type\" content=\"image\/jpeg\" \/>\n<meta name=\"twitter:card\" content=\"summary_large_image\" \/>\n<meta name=\"twitter:label1\" content=\"Gesch\u00e4tzte Lesezeit\" \/>\n\t<meta name=\"twitter:data1\" content=\"1\u00a0Minute\" \/>\n<script type=\"application\/ld+json\" class=\"yoast-schema-graph\">{\"@context\":\"https:\/\/schema.org\",\"@graph\":[{\"@type\":\"WebPage\",\"@id\":\"https:\/\/www.omrserrature.it\/de\/produkt\/briefkastenschloss-o-16-und-o-18-mm\/\",\"url\":\"https:\/\/www.omrserrature.it\/de\/produkt\/briefkastenschloss-o-16-und-o-18-mm\/\",\"name\":\"Briefkastenschloss \u00d8 16 und \u00d8 18 mm - OMR Serrature\",\"isPartOf\":{\"@id\":\"https:\/\/www.omrserrature.it\/de\/#website\"},\"primaryImageOfPage\":{\"@id\":\"https:\/\/www.omrserrature.it\/de\/produkt\/briefkastenschloss-o-16-und-o-18-mm\/#primaryimage\"},\"image\":{\"@id\":\"https:\/\/www.omrserrature.it\/de\/produkt\/briefkastenschloss-o-16-und-o-18-mm\/#primaryimage\"},\"thumbnailUrl\":\"https:\/\/www.omrserrature.it\/wp-content\/uploads\/2017\/10\/Serratura-buche-lettere-diametro-16mm.jpg\",\"datePublished\":\"2006-10-17T06:47:00+00:00\",\"dateModified\":\"2017-10-06T06:47:09+00:00\",\"breadcrumb\":{\"@id\":\"https:\/\/www.omrserrature.it\/de\/produkt\/briefkastenschloss-o-16-und-o-18-mm\/#breadcrumb\"},\"inLanguage\":\"de\",\"potentialAction\":[{\"@type\":\"ReadAction\",\"target\":[\"https:\/\/www.omrserrature.it\/de\/produkt\/briefkastenschloss-o-16-und-o-18-mm\/\"]}]},{\"@type\":\"ImageObject\",\"inLanguage\":\"de\",\"@id\":\"https:\/\/www.omrserrature.it\/de\/produkt\/briefkastenschloss-o-16-und-o-18-mm\/#primaryimage\",\"url\":\"https:\/\/www.omrserrature.it\/wp-content\/uploads\/2017\/10\/Serratura-buche-lettere-diametro-16mm.jpg\",\"contentUrl\":\"https:\/\/www.omrserrature.it\/wp-content\/uploads\/2017\/10\/Serratura-buche-lettere-diametro-16mm.jpg\",\"width\":600,\"height\":600,\"caption\":\"Briefkastenschloss Durchmesser 16mm\"},{\"@type\":\"BreadcrumbList\",\"@id\":\"https:\/\/www.omrserrature.it\/de\/produkt\/briefkastenschloss-o-16-und-o-18-mm\/#breadcrumb\",\"itemListElement\":[{\"@type\":\"ListItem\",\"position\":1,\"name\":\"Home\",\"item\":\"https:\/\/www.omrserrature.it\/de\/omr-serrature-sistemi-chiusura\/\"},{\"@type\":\"ListItem\",\"position\":2,\"name\":\"Katalog\",\"item\":\"https:\/\/www.omrserrature.it\/katalog\/?lang=de\"},{\"@type\":\"ListItem\",\"position\":3,\"name\":\"Produkte\",\"item\":\"https:\/\/www.omrserrature.it\/de\/katalog\/produkte\/\"},{\"@type\":\"ListItem\",\"position\":4,\"name\":\"Schloesser\",\"item\":\"https:\/\/www.omrserrature.it\/de\/katalog\/produkte\/schloesser\/\"},{\"@type\":\"ListItem\",\"position\":5,\"name\":\"Universal Stiftschl\u00f6sser\",\"item\":\"https:\/\/www.omrserrature.it\/de\/katalog\/produkte\/schloesser\/universal-stiftschlosser\/\"},{\"@type\":\"ListItem\",\"position\":6,\"name\":\"Standardschl\u00fcssel\",\"item\":\"https:\/\/www.omrserrature.it\/de\/katalog\/produkte\/schloesser\/universal-stiftschlosser\/standardschlussel\/\"},{\"@type\":\"ListItem\",\"position\":7,\"name\":\"Briefkastenschloss \u00d8 16 und \u00d8 18 mm\"}]},{\"@type\":\"WebSite\",\"@id\":\"https:\/\/www.omrserrature.it\/de\/#website\",\"url\":\"https:\/\/www.omrserrature.it\/de\/\",\"name\":\"OMR Serrature | Produzione sistemi di chiusura\",\"description\":\"Produzione serrature di sicurezza e sistemi di chiusura\",\"publisher\":{\"@id\":\"https:\/\/www.omrserrature.it\/de\/#organization\"},\"potentialAction\":[{\"@type\":\"SearchAction\",\"target\":{\"@type\":\"EntryPoint\",\"urlTemplate\":\"https:\/\/www.omrserrature.it\/de\/?s={search_term_string}\"},\"query-input\":{\"@type\":\"PropertyValueSpecification\",\"valueRequired\":true,\"valueName\":\"search_term_string\"}}],\"inLanguage\":\"de\"},{\"@type\":\"Organization\",\"@id\":\"https:\/\/www.omrserrature.it\/de\/#organization\",\"name\":\"OMR Serrature | Produzione sistemi di chiusura\",\"url\":\"https:\/\/www.omrserrature.it\/de\/\",\"logo\":{\"@type\":\"ImageObject\",\"inLanguage\":\"de\",\"@id\":\"https:\/\/www.omrserrature.it\/de\/#\/schema\/logo\/image\/\",\"url\":\"https:\/\/www.omrserrature.it\/wp-content\/uploads\/2017\/09\/favicon-omr-114.png\",\"contentUrl\":\"https:\/\/www.omrserrature.it\/wp-content\/uploads\/2017\/09\/favicon-omr-114.png\",\"width\":114,\"height\":114,\"caption\":\"OMR Serrature | Produzione sistemi di chiusura\"},\"image\":{\"@id\":\"https:\/\/www.omrserrature.it\/de\/#\/schema\/logo\/image\/\"},\"sameAs\":[\"https:\/\/www.facebook.com\/OMRserrature\",\"https:\/\/www.linkedin.com\/company\/omrserrature\/\",\"https:\/\/www.youtube.com\/channel\/UCxmA85z2R0EpG_6IRokiAkg\"]}]}<\/script>\n<!-- \/ Yoast SEO plugin. -->","yoast_head_json":{"title":"Briefkastenschloss \u00d8 16 und \u00d8 18 mm - OMR Serrature","robots":{"index":"index","follow":"follow","max-snippet":"max-snippet:-1","max-image-preview":"max-image-preview:large","max-video-preview":"max-video-preview:-1"},"canonical":"https:\/\/www.omrserrature.it\/de\/produkt\/briefkastenschloss-o-16-und-o-18-mm\/","og_locale":"de_DE","og_type":"article","og_title":"Briefkastenschloss \u00d8 16 und \u00d8 18 mm - OMR Serrature","og_description":"Das Schloss f\u00fcr Briefk\u00e4sten ist ein historisches Produkt von O.M.R., das auch unter dem Markennamen'Michel' bekannt ist und f\u00fcr Seat-Briefk\u00e4sten verwendet wurde. Sein besonderer Durchmesser von 16 oder 18 mm, sein spezieller Hebel mit \u00d6se und sein versetzter Zylinder verleihen diesem Produkt einzigartige Eigenschaften. Es wird auf Glas oder Aluminium installiert, insbesondere auf Postk\u00e4sten und Briefk\u00e4sten.","og_url":"https:\/\/www.omrserrature.it\/de\/produkt\/briefkastenschloss-o-16-und-o-18-mm\/","og_site_name":"OMR Serrature | Produzione sistemi di chiusura","article_publisher":"https:\/\/www.facebook.com\/OMRserrature","article_modified_time":"2017-10-06T06:47:09+00:00","og_image":[{"width":600,"height":600,"url":"https:\/\/www.omrserrature.it\/wp-content\/uploads\/2017\/10\/Serratura-buche-lettere-diametro-16mm.jpg","type":"image\/jpeg"}],"twitter_card":"summary_large_image","twitter_misc":{"Gesch\u00e4tzte Lesezeit":"1\u00a0Minute"},"schema":{"@context":"https:\/\/schema.org","@graph":[{"@type":"WebPage","@id":"https:\/\/www.omrserrature.it\/de\/produkt\/briefkastenschloss-o-16-und-o-18-mm\/","url":"https:\/\/www.omrserrature.it\/de\/produkt\/briefkastenschloss-o-16-und-o-18-mm\/","name":"Briefkastenschloss \u00d8 16 und \u00d8 18 mm - OMR Serrature","isPartOf":{"@id":"https:\/\/www.omrserrature.it\/de\/#website"},"primaryImageOfPage":{"@id":"https:\/\/www.omrserrature.it\/de\/produkt\/briefkastenschloss-o-16-und-o-18-mm\/#primaryimage"},"image":{"@id":"https:\/\/www.omrserrature.it\/de\/produkt\/briefkastenschloss-o-16-und-o-18-mm\/#primaryimage"},"thumbnailUrl":"https:\/\/www.omrserrature.it\/wp-content\/uploads\/2017\/10\/Serratura-buche-lettere-diametro-16mm.jpg","datePublished":"2006-10-17T06:47:00+00:00","dateModified":"2017-10-06T06:47:09+00:00","breadcrumb":{"@id":"https:\/\/www.omrserrature.it\/de\/produkt\/briefkastenschloss-o-16-und-o-18-mm\/#breadcrumb"},"inLanguage":"de","potentialAction":[{"@type":"ReadAction","target":["https:\/\/www.omrserrature.it\/de\/produkt\/briefkastenschloss-o-16-und-o-18-mm\/"]}]},{"@type":"ImageObject","inLanguage":"de","@id":"https:\/\/www.omrserrature.it\/de\/produkt\/briefkastenschloss-o-16-und-o-18-mm\/#primaryimage","url":"https:\/\/www.omrserrature.it\/wp-content\/uploads\/2017\/10\/Serratura-buche-lettere-diametro-16mm.jpg","contentUrl":"https:\/\/www.omrserrature.it\/wp-content\/uploads\/2017\/10\/Serratura-buche-lettere-diametro-16mm.jpg","width":600,"height":600,"caption":"Briefkastenschloss Durchmesser 16mm"},{"@type":"BreadcrumbList","@id":"https:\/\/www.omrserrature.it\/de\/produkt\/briefkastenschloss-o-16-und-o-18-mm\/#breadcrumb","itemListElement":[{"@type":"ListItem","position":1,"name":"Home","item":"https:\/\/www.omrserrature.it\/de\/omr-serrature-sistemi-chiusura\/"},{"@type":"ListItem","position":2,"name":"Katalog","item":"https:\/\/www.omrserrature.it\/katalog\/?lang=de"},{"@type":"ListItem","position":3,"name":"Produkte","item":"https:\/\/www.omrserrature.it\/de\/katalog\/produkte\/"},{"@type":"ListItem","position":4,"name":"Schloesser","item":"https:\/\/www.omrserrature.it\/de\/katalog\/produkte\/schloesser\/"},{"@type":"ListItem","position":5,"name":"Universal Stiftschl\u00f6sser","item":"https:\/\/www.omrserrature.it\/de\/katalog\/produkte\/schloesser\/universal-stiftschlosser\/"},{"@type":"ListItem","position":6,"name":"Standardschl\u00fcssel","item":"https:\/\/www.omrserrature.it\/de\/katalog\/produkte\/schloesser\/universal-stiftschlosser\/standardschlussel\/"},{"@type":"ListItem","position":7,"name":"Briefkastenschloss \u00d8 16 und \u00d8 18 mm"}]},{"@type":"WebSite","@id":"https:\/\/www.omrserrature.it\/de\/#website","url":"https:\/\/www.omrserrature.it\/de\/","name":"OMR Serrature | Produzione sistemi di chiusura","description":"Produzione serrature di sicurezza e sistemi di chiusura","publisher":{"@id":"https:\/\/www.omrserrature.it\/de\/#organization"},"potentialAction":[{"@type":"SearchAction","target":{"@type":"EntryPoint","urlTemplate":"https:\/\/www.omrserrature.it\/de\/?s={search_term_string}"},"query-input":{"@type":"PropertyValueSpecification","valueRequired":true,"valueName":"search_term_string"}}],"inLanguage":"de"},{"@type":"Organization","@id":"https:\/\/www.omrserrature.it\/de\/#organization","name":"OMR Serrature | Produzione sistemi di chiusura","url":"https:\/\/www.omrserrature.it\/de\/","logo":{"@type":"ImageObject","inLanguage":"de","@id":"https:\/\/www.omrserrature.it\/de\/#\/schema\/logo\/image\/","url":"https:\/\/www.omrserrature.it\/wp-content\/uploads\/2017\/09\/favicon-omr-114.png","contentUrl":"https:\/\/www.omrserrature.it\/wp-content\/uploads\/2017\/09\/favicon-omr-114.png","width":114,"height":114,"caption":"OMR Serrature | Produzione sistemi di chiusura"},"image":{"@id":"https:\/\/www.omrserrature.it\/de\/#\/schema\/logo\/image\/"},"sameAs":["https:\/\/www.facebook.com\/OMRserrature","https:\/\/www.linkedin.com\/company\/omrserrature\/","https:\/\/www.youtube.com\/channel\/UCxmA85z2R0EpG_6IRokiAkg"]}]}},"_links":{"self":[{"href":"https:\/\/www.omrserrature.it\/de\/wp-json\/wp\/v2\/product\/242172","targetHints":{"allow":["GET"]}}],"collection":[{"href":"https:\/\/www.omrserrature.it\/de\/wp-json\/wp\/v2\/product"}],"about":[{"href":"https:\/\/www.omrserrature.it\/de\/wp-json\/wp\/v2\/types\/product"}],"replies":[{"embeddable":true,"href":"https:\/\/www.omrserrature.it\/de\/wp-json\/wp\/v2\/comments?post=242172"}],"wp:featuredmedia":[{"embeddable":true,"href":"https:\/\/www.omrserrature.it\/de\/wp-json\/wp\/v2\/media\/18235"}],"wp:attachment":[{"href":"https:\/\/www.omrserrature.it\/de\/wp-json\/wp\/v2\/media?parent=242172"}],"wp:term":[{"taxonomy":"product_brand","embeddable":true,"href":"https:\/\/www.omrserrature.it\/de\/wp-json\/wp\/v2\/product_brand?post=242172"},{"taxonomy":"product_cat","embeddable":true,"href":"https:\/\/www.omrserrature.it\/de\/wp-json\/wp\/v2\/product_cat?post=242172"},{"taxonomy":"product_tag","embeddable":true,"href":"https:\/\/www.omrserrature.it\/de\/wp-json\/wp\/v2\/product_tag?post=242172"}],"curies":[{"name":"wp","href":"https:\/\/api.w.org\/{rel}","templated":true}]}}