{"id":242161,"date":"2018-01-19T10:50:25","date_gmt":"2019-01-18T09:50:00","guid":{"rendered":"https:\/\/www.staging6.omrserrature.it\/prodotto\/sicherheitsschloss-fuer-die-wartung-von-industriemaschinen-o25-zylinder\/"},"modified":"2026-04-08T12:00:33","modified_gmt":"2026-04-08T10:00:33","slug":"sicherheitsschloss-fuer-die-wartung-von-industriemaschinen-o25-zylinder","status":"publish","type":"product","link":"https:\/\/www.omrserrature.it\/de\/produkt\/sicherheitsschloss-fuer-die-wartung-von-industriemaschinen-o25-zylinder\/","title":{"rendered":"Sicherheitsschloss f\u00fcr die Wartung von Industriemaschinen &#8211; \u00d825 Zylinder"},"content":{"rendered":"<p>Das <strong>Riegel-Schloss<\/strong> von OMR ist eine industrielle Sicherheitsvorrichtung, die <strong>eine versehentliche oder unbefugte Aktivierung gef\u00e4hrlicher Maschinen w\u00e4hrend der Wartung verhindert<\/strong>. Mit einem Zylinder mit Messingstiften, einem Riegel aus AISI 300 Stahl und einem Geh\u00e4use aus Metalldruckguss bietet es St\u00e4rke und Haltbarkeit. Dieses Schloss wurde f\u00fcr industrielle Umgebungen entwickelt, in denen Sicherheit und Sichtbarkeit des Bedieners w\u00e4hrend der Wartung entscheidend sind. Es eignet sich f\u00fcr die <strong>Verriegelung von Schaltern, Wahlschaltern und Ventilen; es<\/strong> stellt sicher, dass<strong> Maschinen nicht reaktiviert werden k\u00f6nnen<\/strong>, solange die Person im Gefahrenbereich sichtbar ist. Dieses Ein-Schl\u00fcssel-System bietet eine einfache, aber effektive L\u00f6sung, die f\u00fcr die Sicherheit am Arbeitsplatz in gef\u00e4hrlichen Umgebungen unerl\u00e4sslich ist.    <\/p>\n<p>Diese Version hat einen Standard Riegel und einen Zylinderdurchmesser von 25 mm.<\/p>\n","protected":false},"excerpt":{"rendered":"<p>Das <strong>Riegel-Schloss<\/strong> von OMR ist eine industrielle Sicherheitsvorrichtung, die <strong>ein versehentliches oder unbefugtes Einschalten gef\u00e4hrlicher Maschinen w\u00e4hrend der Wartung verhindern<\/strong> soll. Diese Version hat einen Standard Riegel und einen Zylinderdurchmesser von 25 mm. <\/p>\n","protected":false},"featured_media":3673,"comment_status":"open","ping_status":"closed","template":"","meta":{"_acf_changed":false,"_et_pb_use_builder":"","_et_pb_old_content":"","_et_gb_content_width":""},"product_brand":[],"product_cat":[3765,3838,3786,3842,3852,3827,3781],"product_tag":[],"class_list":{"0":"post-242161","1":"product","2":"type-product","3":"status-publish","4":"has-post-thumbnail","6":"product_cat-abschlusssysteme-fur-die-industrie","7":"product_cat-manover-schlosser","8":"product_cat-riegelschlosser","9":"product_cat-schlosser-fur-die-elektromechanische-industrie","10":"product_cat-schlosser-fur-industrieschranke","11":"product_cat-schlosser-fur-schaltschranke","12":"product_cat-stiftschlosser","14":"first","15":"instock","16":"shipping-taxable","17":"purchasable","18":"product-type-variable","19":"has-default-attributes"},"acf":{"pdf1":"https:\/\/www.omrserrature.it\/wp-content\/uploads\/2018\/01\/Scheda-180868.pdf"},"yoast_head":"<!-- This site is optimized with the Yoast SEO plugin v27.2 - https:\/\/yoast.com\/product\/yoast-seo-wordpress\/ -->\n<title>Sicherheitsschloss f\u00fcr die Wartung von Industriemaschinen - \u00d825 Zylinder - OMR Serrature<\/title>\n<meta name=\"robots\" content=\"index, follow, max-snippet:-1, max-image-preview:large, max-video-preview:-1\" \/>\n<link rel=\"canonical\" href=\"https:\/\/www.omrserrature.it\/de\/produkt\/sicherheitsschloss-fuer-die-wartung-von-industriemaschinen-o25-zylinder\/\" \/>\n<meta property=\"og:locale\" content=\"de_DE\" \/>\n<meta property=\"og:type\" content=\"article\" \/>\n<meta property=\"og:title\" content=\"Sicherheitsschloss f\u00fcr die Wartung von Industriemaschinen - \u00d825 Zylinder - OMR Serrature\" \/>\n<meta property=\"og:description\" content=\"Das Riegel-Schloss von OMR ist eine industrielle Sicherheitsvorrichtung, die ein versehentliches oder unbefugtes Einschalten gef\u00e4hrlicher Maschinen w\u00e4hrend der Wartung verhindern soll. Diese Version hat einen Standard Riegel und einen Zylinderdurchmesser von 25 mm.\" \/>\n<meta property=\"og:url\" content=\"https:\/\/www.omrserrature.it\/de\/produkt\/sicherheitsschloss-fuer-die-wartung-von-industriemaschinen-o25-zylinder\/\" \/>\n<meta property=\"og:site_name\" content=\"OMR Serrature | Produzione sistemi di chiusura\" \/>\n<meta property=\"article:publisher\" content=\"https:\/\/www.facebook.com\/OMRserrature\" \/>\n<meta property=\"article:modified_time\" content=\"2026-04-08T10:00:33+00:00\" \/>\n<meta property=\"og:image\" content=\"https:\/\/www.omrserrature.it\/wp-content\/uploads\/2017\/10\/serratura-blocco-manovra.jpg\" \/>\n\t<meta property=\"og:image:width\" content=\"516\" \/>\n\t<meta property=\"og:image:height\" content=\"386\" \/>\n\t<meta property=\"og:image:type\" content=\"image\/jpeg\" \/>\n<meta name=\"twitter:card\" content=\"summary_large_image\" \/>\n<meta name=\"twitter:label1\" content=\"Gesch\u00e4tzte Lesezeit\" \/>\n\t<meta name=\"twitter:data1\" content=\"1\u00a0Minute\" \/>\n<script type=\"application\/ld+json\" class=\"yoast-schema-graph\">{\"@context\":\"https:\/\/schema.org\",\"@graph\":[{\"@type\":\"WebPage\",\"@id\":\"https:\/\/www.omrserrature.it\/de\/produkt\/sicherheitsschloss-fuer-die-wartung-von-industriemaschinen-o25-zylinder\/\",\"url\":\"https:\/\/www.omrserrature.it\/de\/produkt\/sicherheitsschloss-fuer-die-wartung-von-industriemaschinen-o25-zylinder\/\",\"name\":\"Sicherheitsschloss f\u00fcr die Wartung von Industriemaschinen - \u00d825 Zylinder - OMR Serrature\",\"isPartOf\":{\"@id\":\"https:\/\/www.omrserrature.it\/de\/#website\"},\"primaryImageOfPage\":{\"@id\":\"https:\/\/www.omrserrature.it\/de\/produkt\/sicherheitsschloss-fuer-die-wartung-von-industriemaschinen-o25-zylinder\/#primaryimage\"},\"image\":{\"@id\":\"https:\/\/www.omrserrature.it\/de\/produkt\/sicherheitsschloss-fuer-die-wartung-von-industriemaschinen-o25-zylinder\/#primaryimage\"},\"thumbnailUrl\":\"https:\/\/www.omrserrature.it\/wp-content\/uploads\/2017\/10\/serratura-blocco-manovra.jpg\",\"datePublished\":\"2019-01-18T09:50:00+00:00\",\"dateModified\":\"2026-04-08T10:00:33+00:00\",\"breadcrumb\":{\"@id\":\"https:\/\/www.omrserrature.it\/de\/produkt\/sicherheitsschloss-fuer-die-wartung-von-industriemaschinen-o25-zylinder\/#breadcrumb\"},\"inLanguage\":\"de\",\"potentialAction\":[{\"@type\":\"ReadAction\",\"target\":[\"https:\/\/www.omrserrature.it\/de\/produkt\/sicherheitsschloss-fuer-die-wartung-von-industriemaschinen-o25-zylinder\/\"]}]},{\"@type\":\"ImageObject\",\"inLanguage\":\"de\",\"@id\":\"https:\/\/www.omrserrature.it\/de\/produkt\/sicherheitsschloss-fuer-die-wartung-von-industriemaschinen-o25-zylinder\/#primaryimage\",\"url\":\"https:\/\/www.omrserrature.it\/wp-content\/uploads\/2017\/10\/serratura-blocco-manovra.jpg\",\"contentUrl\":\"https:\/\/www.omrserrature.it\/wp-content\/uploads\/2017\/10\/serratura-blocco-manovra.jpg\",\"width\":516,\"height\":386,\"caption\":\"Durchmesser des Man\u00f6verschlosses 25\"},{\"@type\":\"BreadcrumbList\",\"@id\":\"https:\/\/www.omrserrature.it\/de\/produkt\/sicherheitsschloss-fuer-die-wartung-von-industriemaschinen-o25-zylinder\/#breadcrumb\",\"itemListElement\":[{\"@type\":\"ListItem\",\"position\":1,\"name\":\"Home\",\"item\":\"https:\/\/www.omrserrature.it\/de\/omr-serrature-sistemi-chiusura\/\"},{\"@type\":\"ListItem\",\"position\":2,\"name\":\"Katalog\",\"item\":\"https:\/\/www.omrserrature.it\/katalog\/?lang=de\"},{\"@type\":\"ListItem\",\"position\":3,\"name\":\"Anwendungen\",\"item\":\"https:\/\/www.omrserrature.it\/de\/katalog\/anwendungen\/\"},{\"@type\":\"ListItem\",\"position\":4,\"name\":\"Schl\u00f6sser f\u00fcr Schaltschr\u00e4nke\",\"item\":\"https:\/\/www.omrserrature.it\/de\/katalog\/anwendungen\/schlosser-fur-schaltschranke\/\"},{\"@type\":\"ListItem\",\"position\":5,\"name\":\"Man\u00f6ver Schl\u00f6sser\",\"item\":\"https:\/\/www.omrserrature.it\/de\/katalog\/anwendungen\/schlosser-fur-schaltschranke\/manover-schlosser\/\"},{\"@type\":\"ListItem\",\"position\":6,\"name\":\"Sicherheitsschloss f\u00fcr die Wartung von Industriemaschinen &#8211; \u00d825 Zylinder\"}]},{\"@type\":\"WebSite\",\"@id\":\"https:\/\/www.omrserrature.it\/de\/#website\",\"url\":\"https:\/\/www.omrserrature.it\/de\/\",\"name\":\"OMR Serrature | Produzione sistemi di chiusura\",\"description\":\"Produzione serrature di sicurezza e sistemi di chiusura\",\"publisher\":{\"@id\":\"https:\/\/www.omrserrature.it\/de\/#organization\"},\"potentialAction\":[{\"@type\":\"SearchAction\",\"target\":{\"@type\":\"EntryPoint\",\"urlTemplate\":\"https:\/\/www.omrserrature.it\/de\/?s={search_term_string}\"},\"query-input\":{\"@type\":\"PropertyValueSpecification\",\"valueRequired\":true,\"valueName\":\"search_term_string\"}}],\"inLanguage\":\"de\"},{\"@type\":\"Organization\",\"@id\":\"https:\/\/www.omrserrature.it\/de\/#organization\",\"name\":\"OMR Serrature | Produzione sistemi di chiusura\",\"url\":\"https:\/\/www.omrserrature.it\/de\/\",\"logo\":{\"@type\":\"ImageObject\",\"inLanguage\":\"de\",\"@id\":\"https:\/\/www.omrserrature.it\/de\/#\/schema\/logo\/image\/\",\"url\":\"https:\/\/www.omrserrature.it\/wp-content\/uploads\/2017\/09\/favicon-omr-114.png\",\"contentUrl\":\"https:\/\/www.omrserrature.it\/wp-content\/uploads\/2017\/09\/favicon-omr-114.png\",\"width\":114,\"height\":114,\"caption\":\"OMR Serrature | Produzione sistemi di chiusura\"},\"image\":{\"@id\":\"https:\/\/www.omrserrature.it\/de\/#\/schema\/logo\/image\/\"},\"sameAs\":[\"https:\/\/www.facebook.com\/OMRserrature\",\"https:\/\/www.linkedin.com\/company\/omrserrature\/\",\"https:\/\/www.youtube.com\/channel\/UCxmA85z2R0EpG_6IRokiAkg\"]}]}<\/script>\n<!-- \/ Yoast SEO plugin. -->","yoast_head_json":{"title":"Sicherheitsschloss f\u00fcr die Wartung von Industriemaschinen - \u00d825 Zylinder - OMR Serrature","robots":{"index":"index","follow":"follow","max-snippet":"max-snippet:-1","max-image-preview":"max-image-preview:large","max-video-preview":"max-video-preview:-1"},"canonical":"https:\/\/www.omrserrature.it\/de\/produkt\/sicherheitsschloss-fuer-die-wartung-von-industriemaschinen-o25-zylinder\/","og_locale":"de_DE","og_type":"article","og_title":"Sicherheitsschloss f\u00fcr die Wartung von Industriemaschinen - \u00d825 Zylinder - OMR Serrature","og_description":"Das Riegel-Schloss von OMR ist eine industrielle Sicherheitsvorrichtung, die ein versehentliches oder unbefugtes Einschalten gef\u00e4hrlicher Maschinen w\u00e4hrend der Wartung verhindern soll. Diese Version hat einen Standard Riegel und einen Zylinderdurchmesser von 25 mm.","og_url":"https:\/\/www.omrserrature.it\/de\/produkt\/sicherheitsschloss-fuer-die-wartung-von-industriemaschinen-o25-zylinder\/","og_site_name":"OMR Serrature | Produzione sistemi di chiusura","article_publisher":"https:\/\/www.facebook.com\/OMRserrature","article_modified_time":"2026-04-08T10:00:33+00:00","og_image":[{"width":516,"height":386,"url":"https:\/\/www.omrserrature.it\/wp-content\/uploads\/2017\/10\/serratura-blocco-manovra.jpg","type":"image\/jpeg"}],"twitter_card":"summary_large_image","twitter_misc":{"Gesch\u00e4tzte Lesezeit":"1\u00a0Minute"},"schema":{"@context":"https:\/\/schema.org","@graph":[{"@type":"WebPage","@id":"https:\/\/www.omrserrature.it\/de\/produkt\/sicherheitsschloss-fuer-die-wartung-von-industriemaschinen-o25-zylinder\/","url":"https:\/\/www.omrserrature.it\/de\/produkt\/sicherheitsschloss-fuer-die-wartung-von-industriemaschinen-o25-zylinder\/","name":"Sicherheitsschloss f\u00fcr die Wartung von Industriemaschinen - \u00d825 Zylinder - OMR Serrature","isPartOf":{"@id":"https:\/\/www.omrserrature.it\/de\/#website"},"primaryImageOfPage":{"@id":"https:\/\/www.omrserrature.it\/de\/produkt\/sicherheitsschloss-fuer-die-wartung-von-industriemaschinen-o25-zylinder\/#primaryimage"},"image":{"@id":"https:\/\/www.omrserrature.it\/de\/produkt\/sicherheitsschloss-fuer-die-wartung-von-industriemaschinen-o25-zylinder\/#primaryimage"},"thumbnailUrl":"https:\/\/www.omrserrature.it\/wp-content\/uploads\/2017\/10\/serratura-blocco-manovra.jpg","datePublished":"2019-01-18T09:50:00+00:00","dateModified":"2026-04-08T10:00:33+00:00","breadcrumb":{"@id":"https:\/\/www.omrserrature.it\/de\/produkt\/sicherheitsschloss-fuer-die-wartung-von-industriemaschinen-o25-zylinder\/#breadcrumb"},"inLanguage":"de","potentialAction":[{"@type":"ReadAction","target":["https:\/\/www.omrserrature.it\/de\/produkt\/sicherheitsschloss-fuer-die-wartung-von-industriemaschinen-o25-zylinder\/"]}]},{"@type":"ImageObject","inLanguage":"de","@id":"https:\/\/www.omrserrature.it\/de\/produkt\/sicherheitsschloss-fuer-die-wartung-von-industriemaschinen-o25-zylinder\/#primaryimage","url":"https:\/\/www.omrserrature.it\/wp-content\/uploads\/2017\/10\/serratura-blocco-manovra.jpg","contentUrl":"https:\/\/www.omrserrature.it\/wp-content\/uploads\/2017\/10\/serratura-blocco-manovra.jpg","width":516,"height":386,"caption":"Durchmesser des Man\u00f6verschlosses 25"},{"@type":"BreadcrumbList","@id":"https:\/\/www.omrserrature.it\/de\/produkt\/sicherheitsschloss-fuer-die-wartung-von-industriemaschinen-o25-zylinder\/#breadcrumb","itemListElement":[{"@type":"ListItem","position":1,"name":"Home","item":"https:\/\/www.omrserrature.it\/de\/omr-serrature-sistemi-chiusura\/"},{"@type":"ListItem","position":2,"name":"Katalog","item":"https:\/\/www.omrserrature.it\/katalog\/?lang=de"},{"@type":"ListItem","position":3,"name":"Anwendungen","item":"https:\/\/www.omrserrature.it\/de\/katalog\/anwendungen\/"},{"@type":"ListItem","position":4,"name":"Schl\u00f6sser f\u00fcr Schaltschr\u00e4nke","item":"https:\/\/www.omrserrature.it\/de\/katalog\/anwendungen\/schlosser-fur-schaltschranke\/"},{"@type":"ListItem","position":5,"name":"Man\u00f6ver Schl\u00f6sser","item":"https:\/\/www.omrserrature.it\/de\/katalog\/anwendungen\/schlosser-fur-schaltschranke\/manover-schlosser\/"},{"@type":"ListItem","position":6,"name":"Sicherheitsschloss f\u00fcr die Wartung von Industriemaschinen &#8211; \u00d825 Zylinder"}]},{"@type":"WebSite","@id":"https:\/\/www.omrserrature.it\/de\/#website","url":"https:\/\/www.omrserrature.it\/de\/","name":"OMR Serrature | Produzione sistemi di chiusura","description":"Produzione serrature di sicurezza e sistemi di chiusura","publisher":{"@id":"https:\/\/www.omrserrature.it\/de\/#organization"},"potentialAction":[{"@type":"SearchAction","target":{"@type":"EntryPoint","urlTemplate":"https:\/\/www.omrserrature.it\/de\/?s={search_term_string}"},"query-input":{"@type":"PropertyValueSpecification","valueRequired":true,"valueName":"search_term_string"}}],"inLanguage":"de"},{"@type":"Organization","@id":"https:\/\/www.omrserrature.it\/de\/#organization","name":"OMR Serrature | Produzione sistemi di chiusura","url":"https:\/\/www.omrserrature.it\/de\/","logo":{"@type":"ImageObject","inLanguage":"de","@id":"https:\/\/www.omrserrature.it\/de\/#\/schema\/logo\/image\/","url":"https:\/\/www.omrserrature.it\/wp-content\/uploads\/2017\/09\/favicon-omr-114.png","contentUrl":"https:\/\/www.omrserrature.it\/wp-content\/uploads\/2017\/09\/favicon-omr-114.png","width":114,"height":114,"caption":"OMR Serrature | Produzione sistemi di chiusura"},"image":{"@id":"https:\/\/www.omrserrature.it\/de\/#\/schema\/logo\/image\/"},"sameAs":["https:\/\/www.facebook.com\/OMRserrature","https:\/\/www.linkedin.com\/company\/omrserrature\/","https:\/\/www.youtube.com\/channel\/UCxmA85z2R0EpG_6IRokiAkg"]}]}},"_links":{"self":[{"href":"https:\/\/www.omrserrature.it\/de\/wp-json\/wp\/v2\/product\/242161","targetHints":{"allow":["GET"]}}],"collection":[{"href":"https:\/\/www.omrserrature.it\/de\/wp-json\/wp\/v2\/product"}],"about":[{"href":"https:\/\/www.omrserrature.it\/de\/wp-json\/wp\/v2\/types\/product"}],"replies":[{"embeddable":true,"href":"https:\/\/www.omrserrature.it\/de\/wp-json\/wp\/v2\/comments?post=242161"}],"wp:featuredmedia":[{"embeddable":true,"href":"https:\/\/www.omrserrature.it\/de\/wp-json\/wp\/v2\/media\/3673"}],"wp:attachment":[{"href":"https:\/\/www.omrserrature.it\/de\/wp-json\/wp\/v2\/media?parent=242161"}],"wp:term":[{"taxonomy":"product_brand","embeddable":true,"href":"https:\/\/www.omrserrature.it\/de\/wp-json\/wp\/v2\/product_brand?post=242161"},{"taxonomy":"product_cat","embeddable":true,"href":"https:\/\/www.omrserrature.it\/de\/wp-json\/wp\/v2\/product_cat?post=242161"},{"taxonomy":"product_tag","embeddable":true,"href":"https:\/\/www.omrserrature.it\/de\/wp-json\/wp\/v2\/product_tag?post=242161"}],"curies":[{"name":"wp","href":"https:\/\/api.w.org\/{rel}","templated":true}]}}