{"id":242152,"date":"2017-10-16T09:14:21","date_gmt":"2016-10-17T07:14:00","guid":{"rendered":"https:\/\/www.staging6.omrserrature.it\/prodotto\/sicherheitsschloss-fuer-die-wartung-von-industriemaschinen-kurzer-riegel\/"},"modified":"2026-04-08T12:49:22","modified_gmt":"2026-04-08T10:49:22","slug":"sicherheitsschloss-fuer-die-wartung-von-industriemaschinen-kurzer-riegel","status":"publish","type":"product","link":"https:\/\/www.omrserrature.it\/de\/produkt\/sicherheitsschloss-fuer-die-wartung-von-industriemaschinen-kurzer-riegel\/","title":{"rendered":"Sicherheitsschloss f\u00fcr die Wartung von Industriemaschinen &#8211; kurzer Riegel"},"content":{"rendered":"<p>Das <strong>Riegel-Schloss<\/strong> von <strong>OMR<\/strong> ist eine industrielle Sicherheitsvorrichtung, die <strong>eine versehentliche oder unbefugte Aktivierung gef\u00e4hrlicher Maschinen <\/strong>w\u00e4hrend der Wartung <strong>verhindert <\/strong>. Mit einem Zylinder <strong>mit Messingstiften<\/strong>, einem Riegel aus AISI 300 Stahl und einem Metalldruckgussgeh\u00e4use bietet es St\u00e4rke und Haltbarkeit. Dieses Schloss wurde f\u00fcr industrielle Umgebungen entwickelt, in denen Sicherheit und Sichtbarkeit des Bedieners w\u00e4hrend der Wartung entscheidend sind. Es eignet sich zum <strong>Sperren von Schaltern, Trennschaltern und Ventilen<\/strong> und stellt sicher, dass<strong> Maschinen nicht wieder aktiviert werden k\u00f6nnen<\/strong>, solange sich die Person im Gefahrenbereich befindet. Dieses Ein-Schl\u00fcssel-System bietet eine einfache, aber effektive L\u00f6sung: ein <strong>unverzichtbares<\/strong> Ger\u00e4t <strong>f\u00fcr die Sicherheit am Arbeitsplatz<\/strong> in potenziell gef\u00e4hrlichen Umgebungen.    <\/p>\n","protected":false},"excerpt":{"rendered":"<p>Das <strong>Riegel-Man\u00f6verschloss<\/strong> von <strong>OMR<\/strong> ist eine <strong>industrielle Sicherheitsvorrichtung<\/strong>, die <strong>eine versehentliche oder unbefugte Aktivierung gef\u00e4hrlicher Maschinen w\u00e4hrend der Wartung verhindert<\/strong>.<\/p>\n","protected":false},"featured_media":3679,"comment_status":"open","ping_status":"closed","template":"","meta":{"_acf_changed":false,"_et_pb_use_builder":"","_et_pb_old_content":"","_et_gb_content_width":""},"product_brand":[],"product_cat":[3765,3838,3775,3786,3842,3852,3827,3839,3840,3831,3781],"product_tag":[],"class_list":{"0":"post-242152","1":"product","2":"type-product","3":"status-publish","4":"has-post-thumbnail","6":"product_cat-abschlusssysteme-fur-die-industrie","7":"product_cat-manover-schlosser","8":"product_cat-produkte","9":"product_cat-riegelschlosser","10":"product_cat-schlosser-fur-die-elektromechanische-industrie","11":"product_cat-schlosser-fur-industrieschranke","12":"product_cat-schlosser-fur-schaltschranke","13":"product_cat-schlosser-fur-schrankfronten","14":"product_cat-schlosser-fur-seitenwandturen","15":"product_cat-sicherheitsschlosser","16":"product_cat-stiftschlosser","18":"first","19":"instock","20":"shipping-taxable","21":"purchasable","22":"product-type-variable","23":"has-default-attributes"},"acf":{"pdf1":"https:\/\/www.omrserrature.it\/wp-content\/uploads\/2017\/10\/Scheda-180865.pdf"},"yoast_head":"<!-- This site is optimized with the Yoast SEO plugin v27.2 - https:\/\/yoast.com\/product\/yoast-seo-wordpress\/ -->\n<title>Sicherheitsschloss f\u00fcr die Wartung von Industriemaschinen - kurzer Riegel - OMR Serrature<\/title>\n<meta name=\"robots\" content=\"index, follow, max-snippet:-1, max-image-preview:large, max-video-preview:-1\" \/>\n<link rel=\"canonical\" href=\"https:\/\/www.omrserrature.it\/de\/produkt\/sicherheitsschloss-fuer-die-wartung-von-industriemaschinen-kurzer-riegel\/\" \/>\n<meta property=\"og:locale\" content=\"de_DE\" \/>\n<meta property=\"og:type\" content=\"article\" \/>\n<meta property=\"og:title\" content=\"Sicherheitsschloss f\u00fcr die Wartung von Industriemaschinen - kurzer Riegel - OMR Serrature\" \/>\n<meta property=\"og:description\" content=\"Das Riegel-Man\u00f6verschloss von OMR ist eine industrielle Sicherheitsvorrichtung, die eine versehentliche oder unbefugte Aktivierung gef\u00e4hrlicher Maschinen w\u00e4hrend der Wartung verhindert.\" \/>\n<meta property=\"og:url\" content=\"https:\/\/www.omrserrature.it\/de\/produkt\/sicherheitsschloss-fuer-die-wartung-von-industriemaschinen-kurzer-riegel\/\" \/>\n<meta property=\"og:site_name\" content=\"OMR Serrature | Produzione sistemi di chiusura\" \/>\n<meta property=\"article:publisher\" content=\"https:\/\/www.facebook.com\/OMRserrature\" \/>\n<meta property=\"article:modified_time\" content=\"2026-04-08T10:49:22+00:00\" \/>\n<meta property=\"og:image\" content=\"https:\/\/www.omrserrature.it\/wp-content\/uploads\/2017\/10\/serratura-blocco-manovra-paletto-ridotto.jpg\" \/>\n\t<meta property=\"og:image:width\" content=\"547\" \/>\n\t<meta property=\"og:image:height\" content=\"400\" \/>\n\t<meta property=\"og:image:type\" content=\"image\/jpeg\" \/>\n<meta name=\"twitter:card\" content=\"summary_large_image\" \/>\n<meta name=\"twitter:label1\" content=\"Gesch\u00e4tzte Lesezeit\" \/>\n\t<meta name=\"twitter:data1\" content=\"1\u00a0Minute\" \/>\n<script type=\"application\/ld+json\" class=\"yoast-schema-graph\">{\"@context\":\"https:\/\/schema.org\",\"@graph\":[{\"@type\":\"WebPage\",\"@id\":\"https:\/\/www.omrserrature.it\/de\/produkt\/sicherheitsschloss-fuer-die-wartung-von-industriemaschinen-kurzer-riegel\/\",\"url\":\"https:\/\/www.omrserrature.it\/de\/produkt\/sicherheitsschloss-fuer-die-wartung-von-industriemaschinen-kurzer-riegel\/\",\"name\":\"Sicherheitsschloss f\u00fcr die Wartung von Industriemaschinen - kurzer Riegel - OMR Serrature\",\"isPartOf\":{\"@id\":\"https:\/\/www.omrserrature.it\/de\/#website\"},\"primaryImageOfPage\":{\"@id\":\"https:\/\/www.omrserrature.it\/de\/produkt\/sicherheitsschloss-fuer-die-wartung-von-industriemaschinen-kurzer-riegel\/#primaryimage\"},\"image\":{\"@id\":\"https:\/\/www.omrserrature.it\/de\/produkt\/sicherheitsschloss-fuer-die-wartung-von-industriemaschinen-kurzer-riegel\/#primaryimage\"},\"thumbnailUrl\":\"https:\/\/www.omrserrature.it\/wp-content\/uploads\/2017\/10\/serratura-blocco-manovra-paletto-ridotto.jpg\",\"datePublished\":\"2016-10-17T07:14:00+00:00\",\"dateModified\":\"2026-04-08T10:49:22+00:00\",\"breadcrumb\":{\"@id\":\"https:\/\/www.omrserrature.it\/de\/produkt\/sicherheitsschloss-fuer-die-wartung-von-industriemaschinen-kurzer-riegel\/#breadcrumb\"},\"inLanguage\":\"de\",\"potentialAction\":[{\"@type\":\"ReadAction\",\"target\":[\"https:\/\/www.omrserrature.it\/de\/produkt\/sicherheitsschloss-fuer-die-wartung-von-industriemaschinen-kurzer-riegel\/\"]}]},{\"@type\":\"ImageObject\",\"inLanguage\":\"de\",\"@id\":\"https:\/\/www.omrserrature.it\/de\/produkt\/sicherheitsschloss-fuer-die-wartung-von-industriemaschinen-kurzer-riegel\/#primaryimage\",\"url\":\"https:\/\/www.omrserrature.it\/wp-content\/uploads\/2017\/10\/serratura-blocco-manovra-paletto-ridotto.jpg\",\"contentUrl\":\"https:\/\/www.omrserrature.it\/wp-content\/uploads\/2017\/10\/serratura-blocco-manovra-paletto-ridotto.jpg\",\"width\":547,\"height\":400,\"caption\":\"Reduziertes Riegel Schloss - Riegelschl\u00f6sser\"},{\"@type\":\"BreadcrumbList\",\"@id\":\"https:\/\/www.omrserrature.it\/de\/produkt\/sicherheitsschloss-fuer-die-wartung-von-industriemaschinen-kurzer-riegel\/#breadcrumb\",\"itemListElement\":[{\"@type\":\"ListItem\",\"position\":1,\"name\":\"Home\",\"item\":\"https:\/\/www.omrserrature.it\/de\/omr-serrature-sistemi-chiusura\/\"},{\"@type\":\"ListItem\",\"position\":2,\"name\":\"Katalog\",\"item\":\"https:\/\/www.omrserrature.it\/katalog\/?lang=de\"},{\"@type\":\"ListItem\",\"position\":3,\"name\":\"Produkte\",\"item\":\"https:\/\/www.omrserrature.it\/de\/katalog\/produkte\/\"},{\"@type\":\"ListItem\",\"position\":4,\"name\":\"Sicherheitsschloss f\u00fcr die Wartung von Industriemaschinen &#8211; kurzer Riegel\"}]},{\"@type\":\"WebSite\",\"@id\":\"https:\/\/www.omrserrature.it\/de\/#website\",\"url\":\"https:\/\/www.omrserrature.it\/de\/\",\"name\":\"OMR Serrature | Produzione sistemi di chiusura\",\"description\":\"Produzione serrature di sicurezza e sistemi di chiusura\",\"publisher\":{\"@id\":\"https:\/\/www.omrserrature.it\/de\/#organization\"},\"potentialAction\":[{\"@type\":\"SearchAction\",\"target\":{\"@type\":\"EntryPoint\",\"urlTemplate\":\"https:\/\/www.omrserrature.it\/de\/?s={search_term_string}\"},\"query-input\":{\"@type\":\"PropertyValueSpecification\",\"valueRequired\":true,\"valueName\":\"search_term_string\"}}],\"inLanguage\":\"de\"},{\"@type\":\"Organization\",\"@id\":\"https:\/\/www.omrserrature.it\/de\/#organization\",\"name\":\"OMR Serrature | Produzione sistemi di chiusura\",\"url\":\"https:\/\/www.omrserrature.it\/de\/\",\"logo\":{\"@type\":\"ImageObject\",\"inLanguage\":\"de\",\"@id\":\"https:\/\/www.omrserrature.it\/de\/#\/schema\/logo\/image\/\",\"url\":\"https:\/\/www.omrserrature.it\/wp-content\/uploads\/2017\/09\/favicon-omr-114.png\",\"contentUrl\":\"https:\/\/www.omrserrature.it\/wp-content\/uploads\/2017\/09\/favicon-omr-114.png\",\"width\":114,\"height\":114,\"caption\":\"OMR Serrature | Produzione sistemi di chiusura\"},\"image\":{\"@id\":\"https:\/\/www.omrserrature.it\/de\/#\/schema\/logo\/image\/\"},\"sameAs\":[\"https:\/\/www.facebook.com\/OMRserrature\",\"https:\/\/www.linkedin.com\/company\/omrserrature\/\",\"https:\/\/www.youtube.com\/channel\/UCxmA85z2R0EpG_6IRokiAkg\"]}]}<\/script>\n<!-- \/ Yoast SEO plugin. -->","yoast_head_json":{"title":"Sicherheitsschloss f\u00fcr die Wartung von Industriemaschinen - kurzer Riegel - OMR Serrature","robots":{"index":"index","follow":"follow","max-snippet":"max-snippet:-1","max-image-preview":"max-image-preview:large","max-video-preview":"max-video-preview:-1"},"canonical":"https:\/\/www.omrserrature.it\/de\/produkt\/sicherheitsschloss-fuer-die-wartung-von-industriemaschinen-kurzer-riegel\/","og_locale":"de_DE","og_type":"article","og_title":"Sicherheitsschloss f\u00fcr die Wartung von Industriemaschinen - kurzer Riegel - OMR Serrature","og_description":"Das Riegel-Man\u00f6verschloss von OMR ist eine industrielle Sicherheitsvorrichtung, die eine versehentliche oder unbefugte Aktivierung gef\u00e4hrlicher Maschinen w\u00e4hrend der Wartung verhindert.","og_url":"https:\/\/www.omrserrature.it\/de\/produkt\/sicherheitsschloss-fuer-die-wartung-von-industriemaschinen-kurzer-riegel\/","og_site_name":"OMR Serrature | Produzione sistemi di chiusura","article_publisher":"https:\/\/www.facebook.com\/OMRserrature","article_modified_time":"2026-04-08T10:49:22+00:00","og_image":[{"width":547,"height":400,"url":"https:\/\/www.omrserrature.it\/wp-content\/uploads\/2017\/10\/serratura-blocco-manovra-paletto-ridotto.jpg","type":"image\/jpeg"}],"twitter_card":"summary_large_image","twitter_misc":{"Gesch\u00e4tzte Lesezeit":"1\u00a0Minute"},"schema":{"@context":"https:\/\/schema.org","@graph":[{"@type":"WebPage","@id":"https:\/\/www.omrserrature.it\/de\/produkt\/sicherheitsschloss-fuer-die-wartung-von-industriemaschinen-kurzer-riegel\/","url":"https:\/\/www.omrserrature.it\/de\/produkt\/sicherheitsschloss-fuer-die-wartung-von-industriemaschinen-kurzer-riegel\/","name":"Sicherheitsschloss f\u00fcr die Wartung von Industriemaschinen - kurzer Riegel - OMR Serrature","isPartOf":{"@id":"https:\/\/www.omrserrature.it\/de\/#website"},"primaryImageOfPage":{"@id":"https:\/\/www.omrserrature.it\/de\/produkt\/sicherheitsschloss-fuer-die-wartung-von-industriemaschinen-kurzer-riegel\/#primaryimage"},"image":{"@id":"https:\/\/www.omrserrature.it\/de\/produkt\/sicherheitsschloss-fuer-die-wartung-von-industriemaschinen-kurzer-riegel\/#primaryimage"},"thumbnailUrl":"https:\/\/www.omrserrature.it\/wp-content\/uploads\/2017\/10\/serratura-blocco-manovra-paletto-ridotto.jpg","datePublished":"2016-10-17T07:14:00+00:00","dateModified":"2026-04-08T10:49:22+00:00","breadcrumb":{"@id":"https:\/\/www.omrserrature.it\/de\/produkt\/sicherheitsschloss-fuer-die-wartung-von-industriemaschinen-kurzer-riegel\/#breadcrumb"},"inLanguage":"de","potentialAction":[{"@type":"ReadAction","target":["https:\/\/www.omrserrature.it\/de\/produkt\/sicherheitsschloss-fuer-die-wartung-von-industriemaschinen-kurzer-riegel\/"]}]},{"@type":"ImageObject","inLanguage":"de","@id":"https:\/\/www.omrserrature.it\/de\/produkt\/sicherheitsschloss-fuer-die-wartung-von-industriemaschinen-kurzer-riegel\/#primaryimage","url":"https:\/\/www.omrserrature.it\/wp-content\/uploads\/2017\/10\/serratura-blocco-manovra-paletto-ridotto.jpg","contentUrl":"https:\/\/www.omrserrature.it\/wp-content\/uploads\/2017\/10\/serratura-blocco-manovra-paletto-ridotto.jpg","width":547,"height":400,"caption":"Reduziertes Riegel Schloss - Riegelschl\u00f6sser"},{"@type":"BreadcrumbList","@id":"https:\/\/www.omrserrature.it\/de\/produkt\/sicherheitsschloss-fuer-die-wartung-von-industriemaschinen-kurzer-riegel\/#breadcrumb","itemListElement":[{"@type":"ListItem","position":1,"name":"Home","item":"https:\/\/www.omrserrature.it\/de\/omr-serrature-sistemi-chiusura\/"},{"@type":"ListItem","position":2,"name":"Katalog","item":"https:\/\/www.omrserrature.it\/katalog\/?lang=de"},{"@type":"ListItem","position":3,"name":"Produkte","item":"https:\/\/www.omrserrature.it\/de\/katalog\/produkte\/"},{"@type":"ListItem","position":4,"name":"Sicherheitsschloss f\u00fcr die Wartung von Industriemaschinen &#8211; kurzer Riegel"}]},{"@type":"WebSite","@id":"https:\/\/www.omrserrature.it\/de\/#website","url":"https:\/\/www.omrserrature.it\/de\/","name":"OMR Serrature | Produzione sistemi di chiusura","description":"Produzione serrature di sicurezza e sistemi di chiusura","publisher":{"@id":"https:\/\/www.omrserrature.it\/de\/#organization"},"potentialAction":[{"@type":"SearchAction","target":{"@type":"EntryPoint","urlTemplate":"https:\/\/www.omrserrature.it\/de\/?s={search_term_string}"},"query-input":{"@type":"PropertyValueSpecification","valueRequired":true,"valueName":"search_term_string"}}],"inLanguage":"de"},{"@type":"Organization","@id":"https:\/\/www.omrserrature.it\/de\/#organization","name":"OMR Serrature | Produzione sistemi di chiusura","url":"https:\/\/www.omrserrature.it\/de\/","logo":{"@type":"ImageObject","inLanguage":"de","@id":"https:\/\/www.omrserrature.it\/de\/#\/schema\/logo\/image\/","url":"https:\/\/www.omrserrature.it\/wp-content\/uploads\/2017\/09\/favicon-omr-114.png","contentUrl":"https:\/\/www.omrserrature.it\/wp-content\/uploads\/2017\/09\/favicon-omr-114.png","width":114,"height":114,"caption":"OMR Serrature | Produzione sistemi di chiusura"},"image":{"@id":"https:\/\/www.omrserrature.it\/de\/#\/schema\/logo\/image\/"},"sameAs":["https:\/\/www.facebook.com\/OMRserrature","https:\/\/www.linkedin.com\/company\/omrserrature\/","https:\/\/www.youtube.com\/channel\/UCxmA85z2R0EpG_6IRokiAkg"]}]}},"_links":{"self":[{"href":"https:\/\/www.omrserrature.it\/de\/wp-json\/wp\/v2\/product\/242152","targetHints":{"allow":["GET"]}}],"collection":[{"href":"https:\/\/www.omrserrature.it\/de\/wp-json\/wp\/v2\/product"}],"about":[{"href":"https:\/\/www.omrserrature.it\/de\/wp-json\/wp\/v2\/types\/product"}],"replies":[{"embeddable":true,"href":"https:\/\/www.omrserrature.it\/de\/wp-json\/wp\/v2\/comments?post=242152"}],"wp:featuredmedia":[{"embeddable":true,"href":"https:\/\/www.omrserrature.it\/de\/wp-json\/wp\/v2\/media\/3679"}],"wp:attachment":[{"href":"https:\/\/www.omrserrature.it\/de\/wp-json\/wp\/v2\/media?parent=242152"}],"wp:term":[{"taxonomy":"product_brand","embeddable":true,"href":"https:\/\/www.omrserrature.it\/de\/wp-json\/wp\/v2\/product_brand?post=242152"},{"taxonomy":"product_cat","embeddable":true,"href":"https:\/\/www.omrserrature.it\/de\/wp-json\/wp\/v2\/product_cat?post=242152"},{"taxonomy":"product_tag","embeddable":true,"href":"https:\/\/www.omrserrature.it\/de\/wp-json\/wp\/v2\/product_tag?post=242152"}],"curies":[{"name":"wp","href":"https:\/\/api.w.org\/{rel}","templated":true}]}}