{"id":242125,"date":"2017-12-18T16:03:45","date_gmt":"2018-12-17T15:03:00","guid":{"rendered":"https:\/\/www.staging6.omrserrature.it\/prodotto\/drehstangenschloss-o16-schwarz\/"},"modified":"2026-04-08T11:59:59","modified_gmt":"2026-04-08T09:59:59","slug":"drehstangenschloss-o16-schwarz","status":"publish","type":"product","link":"https:\/\/www.omrserrature.it\/de\/produkt\/drehstangenschloss-o16-schwarz\/","title":{"rendered":"Drehstangenschloss \u00d816 &#8211; schwarz"},"content":{"rendered":"<p>Die <strong>Verriegelung mit rotierenden Stangen<\/strong>, auch <strong>Drehstangenschloss<\/strong> genannt, erm\u00f6glicht nach dem Einstecken des Schl\u00fcssels in den Zylinder einen <strong>mehrfachen<\/strong> (3-Punkt) <strong>und zentralisierten<\/strong> <strong>Abschluss<\/strong> durch die Bewegung von Stangen und einem seitlichen Riegel. Die Besonderheit liegt in der Bewegung der Stangen, die nicht durch Translation, sondern durch Rotation erfolgt, was einen <strong>gr\u00f6\u00dferen Widerstand und eine leichte Kompression der M\u00f6belt\u00fcr<\/strong> beim Abschluss garantiert.  An den Stangenenden werden Schlie\u00dfhaken installiert, die beim Drehen die oberen und unteren Sperrstifte greifen. Diese besondere Drehbewegung erinnert an die typische Handbewegung der Flamenco-T\u00e4nzer, die als <em>braceo<\/em> bekannt ist und von der der Spitzname &#8218;a spagnoletta&#8216; abgeleitet wurde.<\/p>\n<p>Das Schlossgeh\u00e4use besteht aus <strong>Zinklegierung<\/strong>, der Zylinderkern weist einen <strong>Pl\u00e4ttchenzylindermechanismus<\/strong> auf.<br \/>\nDie Zubeh\u00f6rpalette ist breit: halbrunde Stangen, obere und untere Schlie\u00dfhaken, Stangenf\u00fchrungen, Anschlagstifte, Rosetten.  Der Schl\u00fcssel aus vernickeltem Messing ist auch mit Kunststoffgriff oder als Kippschl\u00fcssel in verschiedenen Farben erh\u00e4ltlich: schwarz, grau, weiss, durchsichtig und weitere Farben auf Wunsch. Bei der Version mit <strong>abnehmbarem Zylinderkern<\/strong> kann der Zylinder mit den Platten entfernt werden, was eine schnelle \u00c4nderung der Kombination erm\u00f6glicht. Der Zylinder ist in unterschiedlichen L\u00e4ngen erh\u00e4ltlich und f\u00fcr viele Materialien geeignet (Holz, Metall, HPL, Melamin, MDF, HDF, usw.).<\/p>\n<p>Die Verriegelung mit rotierenden Stangen wird von Fachleuten, Industrien und Handwerkern h\u00e4ufig f\u00fcr den Einsatz in Schr\u00e4nken und <strong>B\u00fcrom\u00f6beln<\/strong> mit Fl\u00fcgelt\u00fcren und T\u00fcren sowie generell f\u00fcr alle T\u00fcren verwendet.<\/p>\n","protected":false},"excerpt":{"rendered":"<p>Die <strong>Verriegelung mit rotierenden Stangen<\/strong>, auch <strong>Drehstangenschloss<\/strong> genannt, erm\u00f6glicht nach dem Einstecken des Schl\u00fcssels in den Zylinder eine <strong>mehrfache<\/strong> (3-Punkt) <strong>und zentrale<\/strong> <strong>Verriegelung<\/strong> durch die Bewegung von Stangen und einem seitlichen Riegel.<\/p>\n","protected":false},"featured_media":3667,"comment_status":"open","ping_status":"closed","template":"","meta":{"_acf_changed":false,"_et_pb_use_builder":"","_et_pb_old_content":"","_et_gb_content_width":""},"product_brand":[],"product_cat":[3770,3774,3783,3876,3837,3796,3829,3772,3782,3861,1341,3835,3788],"product_tag":[],"class_list":{"0":"post-242125","1":"product","2":"type-product","3":"status-publish","4":"has-post-thumbnail","6":"product_cat-bildungswesen-und-kultur","7":"product_cat-burogebaude","8":"product_cat-drehstangenschlosser","9":"product_cat-flugelturen","10":"product_cat-gdpr-konformes-schrankschloss","11":"product_cat-hauptschlussel-schlosser","12":"product_cat-kabinett-schlosser","13":"product_cat-krankenhauser-und-gesundheitsbereich","14":"product_cat-mehrpunktschlosser","15":"product_cat-mobelturen","16":"product_cat-schloesser","17":"product_cat-schlosser-fur-mobel","18":"product_cat-schlosser-mit-abnehmbarem-zylinder","20":"first","21":"instock","22":"shipping-taxable","23":"purchasable","24":"product-type-variable","25":"has-default-attributes"},"acf":{"pdf1":"https:\/\/www.omrserrature.it\/wp-content\/uploads\/2017\/12\/Scheda-240408.pdf"},"yoast_head":"<!-- This site is optimized with the Yoast SEO plugin v27.2 - https:\/\/yoast.com\/product\/yoast-seo-wordpress\/ -->\n<title>Drehstangenschloss \u00d816 - schwarz - OMR Serrature<\/title>\n<meta name=\"robots\" content=\"index, follow, max-snippet:-1, max-image-preview:large, max-video-preview:-1\" \/>\n<link rel=\"canonical\" href=\"https:\/\/www.omrserrature.it\/de\/produkt\/drehstangenschloss-o16-schwarz\/\" \/>\n<meta property=\"og:locale\" content=\"de_DE\" \/>\n<meta property=\"og:type\" content=\"article\" \/>\n<meta property=\"og:title\" content=\"Drehstangenschloss \u00d816 - schwarz - OMR Serrature\" \/>\n<meta property=\"og:description\" content=\"Die Verriegelung mit rotierenden Stangen, auch Drehstangenschloss genannt, erm\u00f6glicht nach dem Einstecken des Schl\u00fcssels in den Zylinder eine mehrfache (3-Punkt) und zentrale Verriegelung durch die Bewegung von Stangen und einem seitlichen Riegel.\" \/>\n<meta property=\"og:url\" content=\"https:\/\/www.omrserrature.it\/de\/produkt\/drehstangenschloss-o16-schwarz\/\" \/>\n<meta property=\"og:site_name\" content=\"OMR Serrature | Produzione sistemi di chiusura\" \/>\n<meta property=\"article:publisher\" content=\"https:\/\/www.facebook.com\/OMRserrature\" \/>\n<meta property=\"article:modified_time\" content=\"2026-04-08T09:59:59+00:00\" \/>\n<meta property=\"og:image\" content=\"https:\/\/www.omrserrature.it\/wp-content\/uploads\/2017\/10\/serratura-aste-rotanti-nera-3-punti.jpg\" \/>\n\t<meta property=\"og:image:width\" content=\"471\" \/>\n\t<meta property=\"og:image:height\" content=\"387\" \/>\n\t<meta property=\"og:image:type\" content=\"image\/jpeg\" \/>\n<meta name=\"twitter:card\" content=\"summary_large_image\" \/>\n<meta name=\"twitter:label1\" content=\"Gesch\u00e4tzte Lesezeit\" \/>\n\t<meta name=\"twitter:data1\" content=\"1\u00a0Minute\" \/>\n<script type=\"application\/ld+json\" class=\"yoast-schema-graph\">{\"@context\":\"https:\/\/schema.org\",\"@graph\":[{\"@type\":\"WebPage\",\"@id\":\"https:\/\/www.omrserrature.it\/de\/produkt\/drehstangenschloss-o16-schwarz\/\",\"url\":\"https:\/\/www.omrserrature.it\/de\/produkt\/drehstangenschloss-o16-schwarz\/\",\"name\":\"Drehstangenschloss \u00d816 - schwarz - OMR Serrature\",\"isPartOf\":{\"@id\":\"https:\/\/www.omrserrature.it\/de\/#website\"},\"primaryImageOfPage\":{\"@id\":\"https:\/\/www.omrserrature.it\/de\/produkt\/drehstangenschloss-o16-schwarz\/#primaryimage\"},\"image\":{\"@id\":\"https:\/\/www.omrserrature.it\/de\/produkt\/drehstangenschloss-o16-schwarz\/#primaryimage\"},\"thumbnailUrl\":\"https:\/\/www.omrserrature.it\/wp-content\/uploads\/2017\/10\/serratura-aste-rotanti-nera-3-punti.jpg\",\"datePublished\":\"2018-12-17T15:03:00+00:00\",\"dateModified\":\"2026-04-08T09:59:59+00:00\",\"breadcrumb\":{\"@id\":\"https:\/\/www.omrserrature.it\/de\/produkt\/drehstangenschloss-o16-schwarz\/#breadcrumb\"},\"inLanguage\":\"de\",\"potentialAction\":[{\"@type\":\"ReadAction\",\"target\":[\"https:\/\/www.omrserrature.it\/de\/produkt\/drehstangenschloss-o16-schwarz\/\"]}]},{\"@type\":\"ImageObject\",\"inLanguage\":\"de\",\"@id\":\"https:\/\/www.omrserrature.it\/de\/produkt\/drehstangenschloss-o16-schwarz\/#primaryimage\",\"url\":\"https:\/\/www.omrserrature.it\/wp-content\/uploads\/2017\/10\/serratura-aste-rotanti-nera-3-punti.jpg\",\"contentUrl\":\"https:\/\/www.omrserrature.it\/wp-content\/uploads\/2017\/10\/serratura-aste-rotanti-nera-3-punti.jpg\",\"width\":471,\"height\":387,\"caption\":\"3-Punkt Verriegelung mit rotierenden Stangen Durchmesser 16 schwarz\"},{\"@type\":\"BreadcrumbList\",\"@id\":\"https:\/\/www.omrserrature.it\/de\/produkt\/drehstangenschloss-o16-schwarz\/#breadcrumb\",\"itemListElement\":[{\"@type\":\"ListItem\",\"position\":1,\"name\":\"Home\",\"item\":\"https:\/\/www.omrserrature.it\/de\/omr-serrature-sistemi-chiusura\/\"},{\"@type\":\"ListItem\",\"position\":2,\"name\":\"Katalog\",\"item\":\"https:\/\/www.omrserrature.it\/katalog\/?lang=de\"},{\"@type\":\"ListItem\",\"position\":3,\"name\":\"Produkte\",\"item\":\"https:\/\/www.omrserrature.it\/de\/katalog\/produkte\/\"},{\"@type\":\"ListItem\",\"position\":4,\"name\":\"Schloesser\",\"item\":\"https:\/\/www.omrserrature.it\/de\/katalog\/produkte\/schloesser\/\"},{\"@type\":\"ListItem\",\"position\":5,\"name\":\"Drehstangenschloss \u00d816 &#8211; schwarz\"}]},{\"@type\":\"WebSite\",\"@id\":\"https:\/\/www.omrserrature.it\/de\/#website\",\"url\":\"https:\/\/www.omrserrature.it\/de\/\",\"name\":\"OMR Serrature | Produzione sistemi di chiusura\",\"description\":\"Produzione serrature di sicurezza e sistemi di chiusura\",\"publisher\":{\"@id\":\"https:\/\/www.omrserrature.it\/de\/#organization\"},\"potentialAction\":[{\"@type\":\"SearchAction\",\"target\":{\"@type\":\"EntryPoint\",\"urlTemplate\":\"https:\/\/www.omrserrature.it\/de\/?s={search_term_string}\"},\"query-input\":{\"@type\":\"PropertyValueSpecification\",\"valueRequired\":true,\"valueName\":\"search_term_string\"}}],\"inLanguage\":\"de\"},{\"@type\":\"Organization\",\"@id\":\"https:\/\/www.omrserrature.it\/de\/#organization\",\"name\":\"OMR Serrature | Produzione sistemi di chiusura\",\"url\":\"https:\/\/www.omrserrature.it\/de\/\",\"logo\":{\"@type\":\"ImageObject\",\"inLanguage\":\"de\",\"@id\":\"https:\/\/www.omrserrature.it\/de\/#\/schema\/logo\/image\/\",\"url\":\"https:\/\/www.omrserrature.it\/wp-content\/uploads\/2017\/09\/favicon-omr-114.png\",\"contentUrl\":\"https:\/\/www.omrserrature.it\/wp-content\/uploads\/2017\/09\/favicon-omr-114.png\",\"width\":114,\"height\":114,\"caption\":\"OMR Serrature | Produzione sistemi di chiusura\"},\"image\":{\"@id\":\"https:\/\/www.omrserrature.it\/de\/#\/schema\/logo\/image\/\"},\"sameAs\":[\"https:\/\/www.facebook.com\/OMRserrature\",\"https:\/\/www.linkedin.com\/company\/omrserrature\/\",\"https:\/\/www.youtube.com\/channel\/UCxmA85z2R0EpG_6IRokiAkg\"]}]}<\/script>\n<!-- \/ Yoast SEO plugin. -->","yoast_head_json":{"title":"Drehstangenschloss \u00d816 - schwarz - OMR Serrature","robots":{"index":"index","follow":"follow","max-snippet":"max-snippet:-1","max-image-preview":"max-image-preview:large","max-video-preview":"max-video-preview:-1"},"canonical":"https:\/\/www.omrserrature.it\/de\/produkt\/drehstangenschloss-o16-schwarz\/","og_locale":"de_DE","og_type":"article","og_title":"Drehstangenschloss \u00d816 - schwarz - OMR Serrature","og_description":"Die Verriegelung mit rotierenden Stangen, auch Drehstangenschloss genannt, erm\u00f6glicht nach dem Einstecken des Schl\u00fcssels in den Zylinder eine mehrfache (3-Punkt) und zentrale Verriegelung durch die Bewegung von Stangen und einem seitlichen Riegel.","og_url":"https:\/\/www.omrserrature.it\/de\/produkt\/drehstangenschloss-o16-schwarz\/","og_site_name":"OMR Serrature | Produzione sistemi di chiusura","article_publisher":"https:\/\/www.facebook.com\/OMRserrature","article_modified_time":"2026-04-08T09:59:59+00:00","og_image":[{"width":471,"height":387,"url":"https:\/\/www.omrserrature.it\/wp-content\/uploads\/2017\/10\/serratura-aste-rotanti-nera-3-punti.jpg","type":"image\/jpeg"}],"twitter_card":"summary_large_image","twitter_misc":{"Gesch\u00e4tzte Lesezeit":"1\u00a0Minute"},"schema":{"@context":"https:\/\/schema.org","@graph":[{"@type":"WebPage","@id":"https:\/\/www.omrserrature.it\/de\/produkt\/drehstangenschloss-o16-schwarz\/","url":"https:\/\/www.omrserrature.it\/de\/produkt\/drehstangenschloss-o16-schwarz\/","name":"Drehstangenschloss \u00d816 - schwarz - OMR Serrature","isPartOf":{"@id":"https:\/\/www.omrserrature.it\/de\/#website"},"primaryImageOfPage":{"@id":"https:\/\/www.omrserrature.it\/de\/produkt\/drehstangenschloss-o16-schwarz\/#primaryimage"},"image":{"@id":"https:\/\/www.omrserrature.it\/de\/produkt\/drehstangenschloss-o16-schwarz\/#primaryimage"},"thumbnailUrl":"https:\/\/www.omrserrature.it\/wp-content\/uploads\/2017\/10\/serratura-aste-rotanti-nera-3-punti.jpg","datePublished":"2018-12-17T15:03:00+00:00","dateModified":"2026-04-08T09:59:59+00:00","breadcrumb":{"@id":"https:\/\/www.omrserrature.it\/de\/produkt\/drehstangenschloss-o16-schwarz\/#breadcrumb"},"inLanguage":"de","potentialAction":[{"@type":"ReadAction","target":["https:\/\/www.omrserrature.it\/de\/produkt\/drehstangenschloss-o16-schwarz\/"]}]},{"@type":"ImageObject","inLanguage":"de","@id":"https:\/\/www.omrserrature.it\/de\/produkt\/drehstangenschloss-o16-schwarz\/#primaryimage","url":"https:\/\/www.omrserrature.it\/wp-content\/uploads\/2017\/10\/serratura-aste-rotanti-nera-3-punti.jpg","contentUrl":"https:\/\/www.omrserrature.it\/wp-content\/uploads\/2017\/10\/serratura-aste-rotanti-nera-3-punti.jpg","width":471,"height":387,"caption":"3-Punkt Verriegelung mit rotierenden Stangen Durchmesser 16 schwarz"},{"@type":"BreadcrumbList","@id":"https:\/\/www.omrserrature.it\/de\/produkt\/drehstangenschloss-o16-schwarz\/#breadcrumb","itemListElement":[{"@type":"ListItem","position":1,"name":"Home","item":"https:\/\/www.omrserrature.it\/de\/omr-serrature-sistemi-chiusura\/"},{"@type":"ListItem","position":2,"name":"Katalog","item":"https:\/\/www.omrserrature.it\/katalog\/?lang=de"},{"@type":"ListItem","position":3,"name":"Produkte","item":"https:\/\/www.omrserrature.it\/de\/katalog\/produkte\/"},{"@type":"ListItem","position":4,"name":"Schloesser","item":"https:\/\/www.omrserrature.it\/de\/katalog\/produkte\/schloesser\/"},{"@type":"ListItem","position":5,"name":"Drehstangenschloss \u00d816 &#8211; schwarz"}]},{"@type":"WebSite","@id":"https:\/\/www.omrserrature.it\/de\/#website","url":"https:\/\/www.omrserrature.it\/de\/","name":"OMR Serrature | Produzione sistemi di chiusura","description":"Produzione serrature di sicurezza e sistemi di chiusura","publisher":{"@id":"https:\/\/www.omrserrature.it\/de\/#organization"},"potentialAction":[{"@type":"SearchAction","target":{"@type":"EntryPoint","urlTemplate":"https:\/\/www.omrserrature.it\/de\/?s={search_term_string}"},"query-input":{"@type":"PropertyValueSpecification","valueRequired":true,"valueName":"search_term_string"}}],"inLanguage":"de"},{"@type":"Organization","@id":"https:\/\/www.omrserrature.it\/de\/#organization","name":"OMR Serrature | Produzione sistemi di chiusura","url":"https:\/\/www.omrserrature.it\/de\/","logo":{"@type":"ImageObject","inLanguage":"de","@id":"https:\/\/www.omrserrature.it\/de\/#\/schema\/logo\/image\/","url":"https:\/\/www.omrserrature.it\/wp-content\/uploads\/2017\/09\/favicon-omr-114.png","contentUrl":"https:\/\/www.omrserrature.it\/wp-content\/uploads\/2017\/09\/favicon-omr-114.png","width":114,"height":114,"caption":"OMR Serrature | Produzione sistemi di chiusura"},"image":{"@id":"https:\/\/www.omrserrature.it\/de\/#\/schema\/logo\/image\/"},"sameAs":["https:\/\/www.facebook.com\/OMRserrature","https:\/\/www.linkedin.com\/company\/omrserrature\/","https:\/\/www.youtube.com\/channel\/UCxmA85z2R0EpG_6IRokiAkg"]}]}},"_links":{"self":[{"href":"https:\/\/www.omrserrature.it\/de\/wp-json\/wp\/v2\/product\/242125","targetHints":{"allow":["GET"]}}],"collection":[{"href":"https:\/\/www.omrserrature.it\/de\/wp-json\/wp\/v2\/product"}],"about":[{"href":"https:\/\/www.omrserrature.it\/de\/wp-json\/wp\/v2\/types\/product"}],"replies":[{"embeddable":true,"href":"https:\/\/www.omrserrature.it\/de\/wp-json\/wp\/v2\/comments?post=242125"}],"wp:featuredmedia":[{"embeddable":true,"href":"https:\/\/www.omrserrature.it\/de\/wp-json\/wp\/v2\/media\/3667"}],"wp:attachment":[{"href":"https:\/\/www.omrserrature.it\/de\/wp-json\/wp\/v2\/media?parent=242125"}],"wp:term":[{"taxonomy":"product_brand","embeddable":true,"href":"https:\/\/www.omrserrature.it\/de\/wp-json\/wp\/v2\/product_brand?post=242125"},{"taxonomy":"product_cat","embeddable":true,"href":"https:\/\/www.omrserrature.it\/de\/wp-json\/wp\/v2\/product_cat?post=242125"},{"taxonomy":"product_tag","embeddable":true,"href":"https:\/\/www.omrserrature.it\/de\/wp-json\/wp\/v2\/product_tag?post=242125"}],"curies":[{"name":"wp","href":"https:\/\/api.w.org\/{rel}","templated":true}]}}