{"id":242074,"date":"2021-05-12T11:27:34","date_gmt":"2012-05-21T09:27:00","guid":{"rendered":"https:\/\/www.staging6.omrserrature.it\/prodotto\/vertikales-schloss\/"},"modified":"2026-04-08T11:28:33","modified_gmt":"2026-04-08T09:28:33","slug":"vertikales-schloss","status":"publish","type":"product","link":"https:\/\/www.omrserrature.it\/de\/produkt\/vertikales-schloss\/","title":{"rendered":"Vertikales Schloss"},"content":{"rendered":"<p>Die Schl\u00f6sser der OTTO-Serie erf\u00fcllen ein spezifisches und recht h\u00e4ufiges Bed\u00fcrfnis, n\u00e4mlich <strong>alte Verriegelungen mit rotierenden Stangen und Druckknopfschl\u00f6ssern zu ersetzen und zu sichern<\/strong>. Dank dieser OMR-Schloss-Serie ist es m\u00f6glich, Knaufschl\u00f6sser in hochmoderne Modelle umzuwandeln, ohne dass ein kompletter T\u00fcraustausch erforderlich ist: ein gro\u00dfer Vorteil sowohl in wirtschaftlicher Hinsicht als auch in Bezug auf die Praktikabilit\u00e4t. Die Schl\u00f6sser der OTTO-Serie bestehen aus einer Standard-Rohr- oder Rollfalle und einem Geh\u00e4use, das einen <strong>europ\u00e4ischen Profilzylinder<\/strong> aufnimmt, ein modernes technisches Element mit hohen Sicherheitsstandards. Knauf- oder Druckknopfschl\u00f6sser wurden in der Vergangenheit h\u00e4ufig verwendet und daher gibt es nicht wenige Kontexte, die mit solchen technischen Elementen ausgestattet sind und <strong>gezielt erneuert<\/strong> werden m\u00fcssen. OMR-Kunden ben\u00f6tigen diese Lieferungen f\u00fcr die unterschiedlichsten \u00f6ffentlichen und privaten Bereiche wie Hotels, B\u00fcros und Unternehmen aller Art, Flugh\u00e4fen, Bahnh\u00f6fe und mehr.   <\/p>\n<p><strong>Die Schl\u00f6sser der OTTO-Serie von OMR Serrature sind mit den meisten \u00e4lteren Modellen mit Drehknopf oder Druckknopf kompatibel<\/strong> und k\u00f6nnen mit mechanischen oder elektronischen Zylindern ausgestattet werden. Die Renovierung Ihrer Schl\u00f6sser auf diese Weise ist eine Gelegenheit, die nicht nur die Sicherheit erh\u00f6ht, sondern auch die Benutzerfreundlichkeit und den Komfort verbessert und gleichzeitig die Entwicklung moderner und effizienter Zugangskontrollsysteme erm\u00f6glicht. <\/p>\n<p>Die neuen Schl\u00f6sser der OTTO-Serie stellen einen bedeutenden Fortschritt bei der Sicherung von T\u00fcren mit Druckknopf oder Drehknopf dar. Der Austausch alter Schl\u00f6sser durch Produkte der OTTO-Serie ist einfach und unkompliziert. So k\u00f6nnen Sie die Sicherheit der europ\u00e4ischen Profilzylinder genie\u00dfen und gleichzeitig von der hohen Kompatibilit\u00e4t mit Ihrem aktuellen T\u00fcrrahmen profitieren. <\/p>\n","protected":false},"excerpt":{"rendered":"<p>Die neuen Schl\u00f6sser der OTTO-Serie stellen einen bedeutenden Fortschritt bei der Sicherung von T\u00fcren mit Druckknopf oder Drehknopf dar. Der Austausch alter Schl\u00f6sser durch Produkte der OTTO-Serie ist einfach und unkompliziert und erm\u00f6glicht es Ihnen, die Sicherheit der europ\u00e4ischen Profilzylinder zu genie\u00dfen und gleichzeitig von der hohen Kompatibilit\u00e4t mit Ihrem T\u00fcrrahmen zu profitieren. <\/p>\n","protected":false},"featured_media":7965,"comment_status":"open","ping_status":"closed","template":"","meta":{"_acf_changed":false,"_et_pb_use_builder":"","_et_pb_old_content":"","_et_gb_content_width":""},"product_brand":[],"product_cat":[3774,3766,3772,3771,3801,3831,3760],"product_tag":[],"class_list":{"0":"post-242074","1":"product","2":"type-product","3":"status-publish","4":"has-post-thumbnail","6":"product_cat-burogebaude","7":"product_cat-gros-und-einzelhandel","8":"product_cat-krankenhauser-und-gesundheitsbereich","9":"product_cat-messen-und-ausstellungen","10":"product_cat-otto-serie","11":"product_cat-sicherheitsschlosser","12":"product_cat-wohnungen","14":"first","15":"instock","16":"shipping-taxable","17":"purchasable","18":"product-type-variable"},"acf":{"pdf1":"https:\/\/www.omrserrature.it\/wp-content\/uploads\/2018\/01\/Kit-montaggio-serrature-OMR-Serie-Otto.pdf"},"yoast_head":"<!-- This site is optimized with the Yoast SEO plugin v27.2 - https:\/\/yoast.com\/product\/yoast-seo-wordpress\/ -->\n<title>Vertikales Schloss - OMR Serrature<\/title>\n<meta name=\"robots\" content=\"index, follow, max-snippet:-1, max-image-preview:large, max-video-preview:-1\" \/>\n<link rel=\"canonical\" href=\"https:\/\/www.omrserrature.it\/de\/produkt\/vertikales-schloss\/\" \/>\n<meta property=\"og:locale\" content=\"de_DE\" \/>\n<meta property=\"og:type\" content=\"article\" \/>\n<meta property=\"og:title\" content=\"Vertikales Schloss - OMR Serrature\" \/>\n<meta property=\"og:description\" content=\"Die neuen Schl\u00f6sser der OTTO-Serie stellen einen bedeutenden Fortschritt bei der Sicherung von T\u00fcren mit Druckknopf oder Drehknopf dar. Der Austausch alter Schl\u00f6sser durch Produkte der OTTO-Serie ist einfach und unkompliziert und erm\u00f6glicht es Ihnen, die Sicherheit der europ\u00e4ischen Profilzylinder zu genie\u00dfen und gleichzeitig von der hohen Kompatibilit\u00e4t mit Ihrem T\u00fcrrahmen zu profitieren.\" \/>\n<meta property=\"og:url\" content=\"https:\/\/www.omrserrature.it\/de\/produkt\/vertikales-schloss\/\" \/>\n<meta property=\"og:site_name\" content=\"OMR Serrature | Produzione sistemi di chiusura\" \/>\n<meta property=\"article:publisher\" content=\"https:\/\/www.facebook.com\/OMRserrature\" \/>\n<meta property=\"article:modified_time\" content=\"2026-04-08T09:28:33+00:00\" \/>\n<meta property=\"og:image\" content=\"https:\/\/www.omrserrature.it\/wp-content\/uploads\/2018\/01\/OTTO-sicurezza-pulsante-pomolo-verticale.jpg\" \/>\n\t<meta property=\"og:image:width\" content=\"738\" \/>\n\t<meta property=\"og:image:height\" content=\"650\" \/>\n\t<meta property=\"og:image:type\" content=\"image\/jpeg\" \/>\n<meta name=\"twitter:card\" content=\"summary_large_image\" \/>\n<meta name=\"twitter:label1\" content=\"Gesch\u00e4tzte Lesezeit\" \/>\n\t<meta name=\"twitter:data1\" content=\"1\u00a0Minute\" \/>\n<script type=\"application\/ld+json\" class=\"yoast-schema-graph\">{\"@context\":\"https:\/\/schema.org\",\"@graph\":[{\"@type\":\"WebPage\",\"@id\":\"https:\/\/www.omrserrature.it\/de\/produkt\/vertikales-schloss\/\",\"url\":\"https:\/\/www.omrserrature.it\/de\/produkt\/vertikales-schloss\/\",\"name\":\"Vertikales Schloss - OMR Serrature\",\"isPartOf\":{\"@id\":\"https:\/\/www.omrserrature.it\/de\/#website\"},\"primaryImageOfPage\":{\"@id\":\"https:\/\/www.omrserrature.it\/de\/produkt\/vertikales-schloss\/#primaryimage\"},\"image\":{\"@id\":\"https:\/\/www.omrserrature.it\/de\/produkt\/vertikales-schloss\/#primaryimage\"},\"thumbnailUrl\":\"https:\/\/www.omrserrature.it\/wp-content\/uploads\/2018\/01\/OTTO-sicurezza-pulsante-pomolo-verticale.jpg\",\"datePublished\":\"2012-05-21T09:27:00+00:00\",\"dateModified\":\"2026-04-08T09:28:33+00:00\",\"breadcrumb\":{\"@id\":\"https:\/\/www.omrserrature.it\/de\/produkt\/vertikales-schloss\/#breadcrumb\"},\"inLanguage\":\"de\",\"potentialAction\":[{\"@type\":\"ReadAction\",\"target\":[\"https:\/\/www.omrserrature.it\/de\/produkt\/vertikales-schloss\/\"]}]},{\"@type\":\"ImageObject\",\"inLanguage\":\"de\",\"@id\":\"https:\/\/www.omrserrature.it\/de\/produkt\/vertikales-schloss\/#primaryimage\",\"url\":\"https:\/\/www.omrserrature.it\/wp-content\/uploads\/2018\/01\/OTTO-sicurezza-pulsante-pomolo-verticale.jpg\",\"contentUrl\":\"https:\/\/www.omrserrature.it\/wp-content\/uploads\/2018\/01\/OTTO-sicurezza-pulsante-pomolo-verticale.jpg\",\"width\":738,\"height\":650,\"caption\":\"OTTO SERIES Druckknopf- oder Knaufschloss - Europ\u00e4isches Profilschloss\"},{\"@type\":\"BreadcrumbList\",\"@id\":\"https:\/\/www.omrserrature.it\/de\/produkt\/vertikales-schloss\/#breadcrumb\",\"itemListElement\":[{\"@type\":\"ListItem\",\"position\":1,\"name\":\"Home\",\"item\":\"https:\/\/www.omrserrature.it\/de\/omr-serrature-sistemi-chiusura\/\"},{\"@type\":\"ListItem\",\"position\":2,\"name\":\"Katalog\",\"item\":\"https:\/\/www.omrserrature.it\/katalog\/?lang=de\"},{\"@type\":\"ListItem\",\"position\":3,\"name\":\"Produkte\",\"item\":\"https:\/\/www.omrserrature.it\/de\/katalog\/produkte\/\"},{\"@type\":\"ListItem\",\"position\":4,\"name\":\"Schloesser\",\"item\":\"https:\/\/www.omrserrature.it\/de\/katalog\/produkte\/schloesser\/\"},{\"@type\":\"ListItem\",\"position\":5,\"name\":\"OTTO-Serie\",\"item\":\"https:\/\/www.omrserrature.it\/de\/katalog\/produkte\/schloesser\/otto-serie\/\"},{\"@type\":\"ListItem\",\"position\":6,\"name\":\"Vertikales Schloss\"}]},{\"@type\":\"WebSite\",\"@id\":\"https:\/\/www.omrserrature.it\/de\/#website\",\"url\":\"https:\/\/www.omrserrature.it\/de\/\",\"name\":\"OMR Serrature | Produzione sistemi di chiusura\",\"description\":\"Produzione serrature di sicurezza e sistemi di chiusura\",\"publisher\":{\"@id\":\"https:\/\/www.omrserrature.it\/de\/#organization\"},\"potentialAction\":[{\"@type\":\"SearchAction\",\"target\":{\"@type\":\"EntryPoint\",\"urlTemplate\":\"https:\/\/www.omrserrature.it\/de\/?s={search_term_string}\"},\"query-input\":{\"@type\":\"PropertyValueSpecification\",\"valueRequired\":true,\"valueName\":\"search_term_string\"}}],\"inLanguage\":\"de\"},{\"@type\":\"Organization\",\"@id\":\"https:\/\/www.omrserrature.it\/de\/#organization\",\"name\":\"OMR Serrature | Produzione sistemi di chiusura\",\"url\":\"https:\/\/www.omrserrature.it\/de\/\",\"logo\":{\"@type\":\"ImageObject\",\"inLanguage\":\"de\",\"@id\":\"https:\/\/www.omrserrature.it\/de\/#\/schema\/logo\/image\/\",\"url\":\"https:\/\/www.omrserrature.it\/wp-content\/uploads\/2017\/09\/favicon-omr-114.png\",\"contentUrl\":\"https:\/\/www.omrserrature.it\/wp-content\/uploads\/2017\/09\/favicon-omr-114.png\",\"width\":114,\"height\":114,\"caption\":\"OMR Serrature | Produzione sistemi di chiusura\"},\"image\":{\"@id\":\"https:\/\/www.omrserrature.it\/de\/#\/schema\/logo\/image\/\"},\"sameAs\":[\"https:\/\/www.facebook.com\/OMRserrature\",\"https:\/\/www.linkedin.com\/company\/omrserrature\/\",\"https:\/\/www.youtube.com\/channel\/UCxmA85z2R0EpG_6IRokiAkg\"]}]}<\/script>\n<!-- \/ Yoast SEO plugin. -->","yoast_head_json":{"title":"Vertikales Schloss - OMR Serrature","robots":{"index":"index","follow":"follow","max-snippet":"max-snippet:-1","max-image-preview":"max-image-preview:large","max-video-preview":"max-video-preview:-1"},"canonical":"https:\/\/www.omrserrature.it\/de\/produkt\/vertikales-schloss\/","og_locale":"de_DE","og_type":"article","og_title":"Vertikales Schloss - OMR Serrature","og_description":"Die neuen Schl\u00f6sser der OTTO-Serie stellen einen bedeutenden Fortschritt bei der Sicherung von T\u00fcren mit Druckknopf oder Drehknopf dar. Der Austausch alter Schl\u00f6sser durch Produkte der OTTO-Serie ist einfach und unkompliziert und erm\u00f6glicht es Ihnen, die Sicherheit der europ\u00e4ischen Profilzylinder zu genie\u00dfen und gleichzeitig von der hohen Kompatibilit\u00e4t mit Ihrem T\u00fcrrahmen zu profitieren.","og_url":"https:\/\/www.omrserrature.it\/de\/produkt\/vertikales-schloss\/","og_site_name":"OMR Serrature | Produzione sistemi di chiusura","article_publisher":"https:\/\/www.facebook.com\/OMRserrature","article_modified_time":"2026-04-08T09:28:33+00:00","og_image":[{"width":738,"height":650,"url":"https:\/\/www.omrserrature.it\/wp-content\/uploads\/2018\/01\/OTTO-sicurezza-pulsante-pomolo-verticale.jpg","type":"image\/jpeg"}],"twitter_card":"summary_large_image","twitter_misc":{"Gesch\u00e4tzte Lesezeit":"1\u00a0Minute"},"schema":{"@context":"https:\/\/schema.org","@graph":[{"@type":"WebPage","@id":"https:\/\/www.omrserrature.it\/de\/produkt\/vertikales-schloss\/","url":"https:\/\/www.omrserrature.it\/de\/produkt\/vertikales-schloss\/","name":"Vertikales Schloss - OMR Serrature","isPartOf":{"@id":"https:\/\/www.omrserrature.it\/de\/#website"},"primaryImageOfPage":{"@id":"https:\/\/www.omrserrature.it\/de\/produkt\/vertikales-schloss\/#primaryimage"},"image":{"@id":"https:\/\/www.omrserrature.it\/de\/produkt\/vertikales-schloss\/#primaryimage"},"thumbnailUrl":"https:\/\/www.omrserrature.it\/wp-content\/uploads\/2018\/01\/OTTO-sicurezza-pulsante-pomolo-verticale.jpg","datePublished":"2012-05-21T09:27:00+00:00","dateModified":"2026-04-08T09:28:33+00:00","breadcrumb":{"@id":"https:\/\/www.omrserrature.it\/de\/produkt\/vertikales-schloss\/#breadcrumb"},"inLanguage":"de","potentialAction":[{"@type":"ReadAction","target":["https:\/\/www.omrserrature.it\/de\/produkt\/vertikales-schloss\/"]}]},{"@type":"ImageObject","inLanguage":"de","@id":"https:\/\/www.omrserrature.it\/de\/produkt\/vertikales-schloss\/#primaryimage","url":"https:\/\/www.omrserrature.it\/wp-content\/uploads\/2018\/01\/OTTO-sicurezza-pulsante-pomolo-verticale.jpg","contentUrl":"https:\/\/www.omrserrature.it\/wp-content\/uploads\/2018\/01\/OTTO-sicurezza-pulsante-pomolo-verticale.jpg","width":738,"height":650,"caption":"OTTO SERIES Druckknopf- oder Knaufschloss - Europ\u00e4isches Profilschloss"},{"@type":"BreadcrumbList","@id":"https:\/\/www.omrserrature.it\/de\/produkt\/vertikales-schloss\/#breadcrumb","itemListElement":[{"@type":"ListItem","position":1,"name":"Home","item":"https:\/\/www.omrserrature.it\/de\/omr-serrature-sistemi-chiusura\/"},{"@type":"ListItem","position":2,"name":"Katalog","item":"https:\/\/www.omrserrature.it\/katalog\/?lang=de"},{"@type":"ListItem","position":3,"name":"Produkte","item":"https:\/\/www.omrserrature.it\/de\/katalog\/produkte\/"},{"@type":"ListItem","position":4,"name":"Schloesser","item":"https:\/\/www.omrserrature.it\/de\/katalog\/produkte\/schloesser\/"},{"@type":"ListItem","position":5,"name":"OTTO-Serie","item":"https:\/\/www.omrserrature.it\/de\/katalog\/produkte\/schloesser\/otto-serie\/"},{"@type":"ListItem","position":6,"name":"Vertikales Schloss"}]},{"@type":"WebSite","@id":"https:\/\/www.omrserrature.it\/de\/#website","url":"https:\/\/www.omrserrature.it\/de\/","name":"OMR Serrature | Produzione sistemi di chiusura","description":"Produzione serrature di sicurezza e sistemi di chiusura","publisher":{"@id":"https:\/\/www.omrserrature.it\/de\/#organization"},"potentialAction":[{"@type":"SearchAction","target":{"@type":"EntryPoint","urlTemplate":"https:\/\/www.omrserrature.it\/de\/?s={search_term_string}"},"query-input":{"@type":"PropertyValueSpecification","valueRequired":true,"valueName":"search_term_string"}}],"inLanguage":"de"},{"@type":"Organization","@id":"https:\/\/www.omrserrature.it\/de\/#organization","name":"OMR Serrature | Produzione sistemi di chiusura","url":"https:\/\/www.omrserrature.it\/de\/","logo":{"@type":"ImageObject","inLanguage":"de","@id":"https:\/\/www.omrserrature.it\/de\/#\/schema\/logo\/image\/","url":"https:\/\/www.omrserrature.it\/wp-content\/uploads\/2017\/09\/favicon-omr-114.png","contentUrl":"https:\/\/www.omrserrature.it\/wp-content\/uploads\/2017\/09\/favicon-omr-114.png","width":114,"height":114,"caption":"OMR Serrature | Produzione sistemi di chiusura"},"image":{"@id":"https:\/\/www.omrserrature.it\/de\/#\/schema\/logo\/image\/"},"sameAs":["https:\/\/www.facebook.com\/OMRserrature","https:\/\/www.linkedin.com\/company\/omrserrature\/","https:\/\/www.youtube.com\/channel\/UCxmA85z2R0EpG_6IRokiAkg"]}]}},"_links":{"self":[{"href":"https:\/\/www.omrserrature.it\/de\/wp-json\/wp\/v2\/product\/242074","targetHints":{"allow":["GET"]}}],"collection":[{"href":"https:\/\/www.omrserrature.it\/de\/wp-json\/wp\/v2\/product"}],"about":[{"href":"https:\/\/www.omrserrature.it\/de\/wp-json\/wp\/v2\/types\/product"}],"replies":[{"embeddable":true,"href":"https:\/\/www.omrserrature.it\/de\/wp-json\/wp\/v2\/comments?post=242074"}],"wp:featuredmedia":[{"embeddable":true,"href":"https:\/\/www.omrserrature.it\/de\/wp-json\/wp\/v2\/media\/7965"}],"wp:attachment":[{"href":"https:\/\/www.omrserrature.it\/de\/wp-json\/wp\/v2\/media?parent=242074"}],"wp:term":[{"taxonomy":"product_brand","embeddable":true,"href":"https:\/\/www.omrserrature.it\/de\/wp-json\/wp\/v2\/product_brand?post=242074"},{"taxonomy":"product_cat","embeddable":true,"href":"https:\/\/www.omrserrature.it\/de\/wp-json\/wp\/v2\/product_cat?post=242074"},{"taxonomy":"product_tag","embeddable":true,"href":"https:\/\/www.omrserrature.it\/de\/wp-json\/wp\/v2\/product_tag?post=242074"}],"curies":[{"name":"wp","href":"https:\/\/api.w.org\/{rel}","templated":true}]}}