{"id":242012,"date":"2022-05-27T15:16:34","date_gmt":"2024-04-15T10:16:00","guid":{"rendered":"https:\/\/www.staging6.omrserrature.it\/prodotto\/schnappschloss-mit-hakenhebel\/"},"modified":"2026-04-08T11:13:40","modified_gmt":"2026-04-08T09:13:40","slug":"schnappschloss-mit-hakenhebel","status":"publish","type":"product","link":"https:\/\/www.omrserrature.it\/de\/produkt\/schnappschloss-mit-hakenhebel\/","title":{"rendered":"Schnappschloss mit Hakenhebel"},"content":{"rendered":"<p>Das <strong>Schloss<\/strong> mit Pl\u00e4ttchenzylinder ist sicherlich eines der beliebtesten Schl\u00f6sser f\u00fcr Anwendungen, die einen einfachen, schnellen und automatischen Abschluss erfordern. Mit dem vernickelten Messingschl\u00fcssel l\u00e4sst sich das Schloss durch eine 90\u00b0-Drehung gegen den Uhrzeigersinn \u00f6ffnen. Dabei wird der zentrale Pl\u00e4ttchenzylinder, der sich in einem Geh\u00e4use aus Zinklegierung befindet, das Stator, Buchse oder K\u00f6rper genannt wird, bewegt. Der Durchmesser ist an zwei gegen\u00fcberliegenden Seiten (Seitenplatten) gefr\u00e4st und bildet so ein Doppel-D, um eine Drehung des Schlosses im Einbaugeh\u00e4use zu verhindern. Der <strong>Federr\u00fcckholmechanismus<\/strong>, der den Hebel des hinteren Hakens bet\u00e4tigt, erm\u00f6glicht es dem Camlock, automatisch in die geschlossene Position zur\u00fcckzukehren, um mehr Sicherheit zu bieten und zu verhindern, dass das Schloss in der offenen Position vergessen wird.   <\/p>\n<p>Das Geh\u00e4use, der Zylinder und der Hebel dieses Federschlosses sind aus einer Zinklegierung gefertigt. Der 7-mm-Vierkant erm\u00f6glicht auch <strong>gerade, gekr\u00f6pfte und gehakte Zungen<\/strong>, die je nach Bedarf auch individuell angepasst werden k\u00f6nnen.  Zahlreiche Modelle f\u00fcr unterschiedliche Bewegungen, T\u00fcrst\u00e4rken von 0,5 bis 27 mm und Schl\u00fcsselabzug im ge\u00f6ffneten und im geschlossenen Zustand (oder nur im geschlossenen Zustand). Der <strong>K\u00f6rper mit Vollgewinde<\/strong> erm\u00f6glicht die Befestigung mit einer Mutter, aber auch mit einer Gabelfeder oder einem Clip zur<strong>schnellen Montage <\/strong><strong><span style=\"font-weight: normal;\">auf Stahl-, Aluminium- oder Kunststoffplatten<\/span><\/strong>.<\/p>\n<p><strong>Eine Edelstahlfolie sch\u00fctzt den inneren Zylinder<\/strong>, das Herzst\u00fcck des Schlosses und den empfindlichsten Teil. Dank dieser Folie kann das neue OMR-Markenschloss auch im Au\u00dfenbereich installiert werden, da Edelstahl eine hohe Widerstandsf\u00e4higkeit gegen \u00e4u\u00dfere Einfl\u00fcsse wie Regen, Schnee und Salz garantiert. Dar\u00fcber hinaus <strong>sch\u00fctzt<\/strong> die <strong>Kunststoffabdeckung den internen Mechanismus vor Staub und Schmutz<\/strong> und sorgt so f\u00fcr eine lange Lebensdauer des Schlosses, auch unter anspruchsvollen Umweltbedingungen.  <\/p>\n<p>Das Schloss mit Federmechanismus ist ideal f\u00fcr Motorradkoffer, Dachtr\u00e4ger, Gep\u00e4cktr\u00e4ger, Skitr\u00e4ger, Fahrradtr\u00e4ger, Verkaufsautomaten und Autowaschanlagen sowie f\u00fcr Maschinen der Lebensmittelindustrie, B\u00fcrom\u00f6bel und Krankenhausm\u00f6bel.<\/p>\n","protected":false},"excerpt":{"rendered":"<p>Dieses Schloss mit Federmechanismus und Hakenhebel ist ideal f\u00fcr Motorradkoffer, Dachtr\u00e4ger, Gep\u00e4cktr\u00e4ger, Skitr\u00e4ger, Fahrradtr\u00e4ger, Verkaufsautomaten und Autowaschanlagen sowie f\u00fcr Maschinen der Lebensmittelindustrie, B\u00fcrom\u00f6bel, Krankenhausm\u00f6bel und B\u00fcrom\u00f6bel.<\/p>\n","protected":false},"featured_media":25084,"comment_status":"open","ping_status":"closed","template":"","meta":{"_acf_changed":false,"_et_pb_use_builder":"","_et_pb_old_content":"","_et_gb_content_width":""},"product_brand":[],"product_cat":[3875,3855,3876,3837,3787,3796,3825,3829,3834,3861,3828,3864,1341,3841,3845,3843,3849,3832,3873,3842,3847,3846,3852,3871,3872,3835,3874,3856,3851,3857,3830,3848,3868,3827,3839,3840,3870,3850,3859,3836,3853,3858,3854,3844,3778,3831,3860,3777,3802,3863],"product_tag":[],"class_list":{"0":"post-242012","1":"product","2":"type-product","3":"status-publish","4":"has-post-thumbnail","6":"product_cat-boot-schlosser","7":"product_cat-briefkastenschlosser","8":"product_cat-flugelturen","9":"product_cat-gdpr-konformes-schrankschloss","10":"product_cat-hakenschlosser","11":"product_cat-hauptschlussel-schlosser","12":"product_cat-hebel-schlosser","13":"product_cat-kabinett-schlosser","14":"product_cat-maschinenschlosser","15":"product_cat-mobelturen","16":"product_cat-professionelle-mobelschlosser","17":"product_cat-schliesfacher-fur-schliesfacher","18":"product_cat-schloesser","19":"product_cat-schloss-fur-umschalter","20":"product_cat-schlosser-fur-automaten","21":"product_cat-schlosser-fur-automatische-lagerhauser","22":"product_cat-schlosser-fur-balkonkasten","23":"product_cat-schlosser-fur-briefkasten","24":"product_cat-schlosser-fur-caravans-und-wohnmobile","25":"product_cat-schlosser-fur-die-elektromechanische-industrie","26":"product_cat-schlosser-fur-gefahrstoffschranke","27":"product_cat-schlosser-fur-industrielle-schubladen","28":"product_cat-schlosser-fur-industrieschranke","29":"product_cat-schlosser-fur-kuhlaufbauten","30":"product_cat-schlosser-fur-lieferwagen","31":"product_cat-schlosser-fur-mobel","32":"product_cat-schlosser-fur-motorrader-und-motorroller","33":"product_cat-schlosser-fur-paketkasten","34":"product_cat-schlosser-fur-pflanzenschutzschranke","35":"product_cat-schlosser-fur-postfacher","36":"product_cat-schlosser-fur-professionelle-trolleys","37":"product_cat-schlosser-fur-psa-schranke","38":"product_cat-schlosser-fur-rollladen","39":"product_cat-schlosser-fur-schaltschranke","40":"product_cat-schlosser-fur-schrankfronten","41":"product_cat-schlosser-fur-seitenwandturen","42":"product_cat-schlosser-fur-sicherheitsmobel","43":"product_cat-schlosser-fur-skischranke","44":"product_cat-schlosser-fur-spielautomaten","45":"product_cat-schlosser-fur-transportmittel","46":"product_cat-schlosser-fur-tresore","47":"product_cat-schlosser-fur-verkaufsautomaten","48":"product_cat-schlosser-fur-waffenstander","49":"product_cat-schlosser-fur-werkbanke","50":"product_cat-schlosser-mit-ruckholfeder","51":"product_cat-sicherheitsschlosser","52":"product_cat-turschlosser","53":"product_cat-universalschlosser-mit-zylinderplattchen","54":"product_cat-wasserdichte-rostfreie-schlosser","55":"product_cat-zentralverschlusse-von-schubladen","57":"first","58":"instock","59":"shipping-taxable","60":"product-type-simple"},"acf":{"pdf1":"https:\/\/www.omrserrature.it\/wp-content\/uploads\/schede\/Scheda_162810.pdf"},"yoast_head":"<!-- This site is optimized with the Yoast SEO plugin v27.5 - https:\/\/yoast.com\/product\/yoast-seo-wordpress\/ -->\n<title>Schnappschloss mit Hakenhebel - OMR Serrature<\/title>\n<meta name=\"robots\" content=\"index, follow, max-snippet:-1, max-image-preview:large, max-video-preview:-1\" \/>\n<link rel=\"canonical\" href=\"https:\/\/www.omrserrature.it\/de\/produkt\/schnappschloss-mit-hakenhebel\/\" \/>\n<meta property=\"og:locale\" content=\"de_DE\" \/>\n<meta property=\"og:type\" content=\"article\" \/>\n<meta property=\"og:title\" content=\"Schnappschloss mit Hakenhebel - OMR Serrature\" \/>\n<meta property=\"og:description\" content=\"Dieses Schloss mit Federmechanismus und Hakenhebel ist ideal f\u00fcr Motorradkoffer, Dachtr\u00e4ger, Gep\u00e4cktr\u00e4ger, Skitr\u00e4ger, Fahrradtr\u00e4ger, Verkaufsautomaten und Autowaschanlagen sowie f\u00fcr Maschinen der Lebensmittelindustrie, B\u00fcrom\u00f6bel, Krankenhausm\u00f6bel und B\u00fcrom\u00f6bel.\" \/>\n<meta property=\"og:url\" content=\"https:\/\/www.omrserrature.it\/de\/produkt\/schnappschloss-mit-hakenhebel\/\" \/>\n<meta property=\"og:site_name\" content=\"OMR Serrature | Produzione sistemi di chiusura\" \/>\n<meta property=\"article:publisher\" content=\"https:\/\/www.facebook.com\/OMRserrature\" \/>\n<meta property=\"article:modified_time\" content=\"2026-04-08T09:13:40+00:00\" \/>\n<meta property=\"og:image\" content=\"https:\/\/www.omrserrature.it\/wp-content\/uploads\/2022\/05\/Serratura-a-scrocco-con-molla-di-ritorno-e-leva-a-gancio-mod.-07-Novita-2022-OMR.jpg\" \/>\n\t<meta property=\"og:image:width\" content=\"1000\" \/>\n\t<meta property=\"og:image:height\" content=\"1000\" \/>\n\t<meta property=\"og:image:type\" content=\"image\/jpeg\" \/>\n<meta name=\"twitter:card\" content=\"summary_large_image\" \/>\n<meta name=\"twitter:label1\" content=\"Gesch\u00e4tzte Lesezeit\" \/>\n\t<meta name=\"twitter:data1\" content=\"2\u00a0Minuten\" \/>\n<script type=\"application\/ld+json\" class=\"yoast-schema-graph\">{\"@context\":\"https:\\\/\\\/schema.org\",\"@graph\":[{\"@type\":\"WebPage\",\"@id\":\"https:\\\/\\\/www.omrserrature.it\\\/de\\\/produkt\\\/schnappschloss-mit-hakenhebel\\\/\",\"url\":\"https:\\\/\\\/www.omrserrature.it\\\/de\\\/produkt\\\/schnappschloss-mit-hakenhebel\\\/\",\"name\":\"Schnappschloss mit Hakenhebel - OMR Serrature\",\"isPartOf\":{\"@id\":\"https:\\\/\\\/www.omrserrature.it\\\/de\\\/#website\"},\"primaryImageOfPage\":{\"@id\":\"https:\\\/\\\/www.omrserrature.it\\\/de\\\/produkt\\\/schnappschloss-mit-hakenhebel\\\/#primaryimage\"},\"image\":{\"@id\":\"https:\\\/\\\/www.omrserrature.it\\\/de\\\/produkt\\\/schnappschloss-mit-hakenhebel\\\/#primaryimage\"},\"thumbnailUrl\":\"https:\\\/\\\/www.omrserrature.it\\\/wp-content\\\/uploads\\\/2022\\\/05\\\/Serratura-a-scrocco-con-molla-di-ritorno-e-leva-a-gancio-mod.-07-Novita-2022-OMR.jpg\",\"datePublished\":\"2024-04-15T10:16:00+00:00\",\"dateModified\":\"2026-04-08T09:13:40+00:00\",\"breadcrumb\":{\"@id\":\"https:\\\/\\\/www.omrserrature.it\\\/de\\\/produkt\\\/schnappschloss-mit-hakenhebel\\\/#breadcrumb\"},\"inLanguage\":\"de\",\"potentialAction\":[{\"@type\":\"ReadAction\",\"target\":[\"https:\\\/\\\/www.omrserrature.it\\\/de\\\/produkt\\\/schnappschloss-mit-hakenhebel\\\/\"]}]},{\"@type\":\"ImageObject\",\"inLanguage\":\"de\",\"@id\":\"https:\\\/\\\/www.omrserrature.it\\\/de\\\/produkt\\\/schnappschloss-mit-hakenhebel\\\/#primaryimage\",\"url\":\"https:\\\/\\\/www.omrserrature.it\\\/wp-content\\\/uploads\\\/2022\\\/05\\\/Serratura-a-scrocco-con-molla-di-ritorno-e-leva-a-gancio-mod.-07-Novita-2022-OMR.jpg\",\"contentUrl\":\"https:\\\/\\\/www.omrserrature.it\\\/wp-content\\\/uploads\\\/2022\\\/05\\\/Serratura-a-scrocco-con-molla-di-ritorno-e-leva-a-gancio-mod.-07-Novita-2022-OMR.jpg\",\"width\":1000,\"height\":1000,\"caption\":\"Schnappschloss mit Hakenhebel und R\u00fcckholfeder - Mod. 07 - Neu 2022\"},{\"@type\":\"BreadcrumbList\",\"@id\":\"https:\\\/\\\/www.omrserrature.it\\\/de\\\/produkt\\\/schnappschloss-mit-hakenhebel\\\/#breadcrumb\",\"itemListElement\":[{\"@type\":\"ListItem\",\"position\":1,\"name\":\"Home\",\"item\":\"https:\\\/\\\/www.omrserrature.it\\\/de\\\/omr-serrature-sistemi-chiusura\\\/\"},{\"@type\":\"ListItem\",\"position\":2,\"name\":\"Katalog\",\"item\":\"https:\\\/\\\/www.omrserrature.it\\\/katalog\\\/?lang=de\"},{\"@type\":\"ListItem\",\"position\":3,\"name\":\"Anwendungen\",\"item\":\"https:\\\/\\\/www.omrserrature.it\\\/de\\\/katalog\\\/anwendungen\\\/\"},{\"@type\":\"ListItem\",\"position\":4,\"name\":\"GDPR-konformes Schrankschloss\",\"item\":\"https:\\\/\\\/www.omrserrature.it\\\/de\\\/katalog\\\/anwendungen\\\/gdpr-konformes-schrankschloss\\\/\"},{\"@type\":\"ListItem\",\"position\":5,\"name\":\"Schnappschloss mit Hakenhebel\"}]},{\"@type\":\"WebSite\",\"@id\":\"https:\\\/\\\/www.omrserrature.it\\\/de\\\/#website\",\"url\":\"https:\\\/\\\/www.omrserrature.it\\\/de\\\/\",\"name\":\"OMR Serrature | Produzione sistemi di chiusura\",\"description\":\"Produzione serrature di sicurezza e sistemi di chiusura\",\"publisher\":{\"@id\":\"https:\\\/\\\/www.omrserrature.it\\\/de\\\/#organization\"},\"potentialAction\":[{\"@type\":\"SearchAction\",\"target\":{\"@type\":\"EntryPoint\",\"urlTemplate\":\"https:\\\/\\\/www.omrserrature.it\\\/de\\\/?s={search_term_string}\"},\"query-input\":{\"@type\":\"PropertyValueSpecification\",\"valueRequired\":true,\"valueName\":\"search_term_string\"}}],\"inLanguage\":\"de\"},{\"@type\":\"Organization\",\"@id\":\"https:\\\/\\\/www.omrserrature.it\\\/de\\\/#organization\",\"name\":\"OMR Serrature | Produzione sistemi di chiusura\",\"url\":\"https:\\\/\\\/www.omrserrature.it\\\/de\\\/\",\"logo\":{\"@type\":\"ImageObject\",\"inLanguage\":\"de\",\"@id\":\"https:\\\/\\\/www.omrserrature.it\\\/de\\\/#\\\/schema\\\/logo\\\/image\\\/\",\"url\":\"https:\\\/\\\/www.omrserrature.it\\\/wp-content\\\/uploads\\\/2017\\\/09\\\/favicon-omr-114.png\",\"contentUrl\":\"https:\\\/\\\/www.omrserrature.it\\\/wp-content\\\/uploads\\\/2017\\\/09\\\/favicon-omr-114.png\",\"width\":114,\"height\":114,\"caption\":\"OMR Serrature | Produzione sistemi di chiusura\"},\"image\":{\"@id\":\"https:\\\/\\\/www.omrserrature.it\\\/de\\\/#\\\/schema\\\/logo\\\/image\\\/\"},\"sameAs\":[\"https:\\\/\\\/www.facebook.com\\\/OMRserrature\",\"https:\\\/\\\/www.linkedin.com\\\/company\\\/omrserrature\\\/\",\"https:\\\/\\\/www.youtube.com\\\/channel\\\/UCxmA85z2R0EpG_6IRokiAkg\"]}]}<\/script>\n<!-- \/ Yoast SEO plugin. -->","yoast_head_json":{"title":"Schnappschloss mit Hakenhebel - OMR Serrature","robots":{"index":"index","follow":"follow","max-snippet":"max-snippet:-1","max-image-preview":"max-image-preview:large","max-video-preview":"max-video-preview:-1"},"canonical":"https:\/\/www.omrserrature.it\/de\/produkt\/schnappschloss-mit-hakenhebel\/","og_locale":"de_DE","og_type":"article","og_title":"Schnappschloss mit Hakenhebel - OMR Serrature","og_description":"Dieses Schloss mit Federmechanismus und Hakenhebel ist ideal f\u00fcr Motorradkoffer, Dachtr\u00e4ger, Gep\u00e4cktr\u00e4ger, Skitr\u00e4ger, Fahrradtr\u00e4ger, Verkaufsautomaten und Autowaschanlagen sowie f\u00fcr Maschinen der Lebensmittelindustrie, B\u00fcrom\u00f6bel, Krankenhausm\u00f6bel und B\u00fcrom\u00f6bel.","og_url":"https:\/\/www.omrserrature.it\/de\/produkt\/schnappschloss-mit-hakenhebel\/","og_site_name":"OMR Serrature | Produzione sistemi di chiusura","article_publisher":"https:\/\/www.facebook.com\/OMRserrature","article_modified_time":"2026-04-08T09:13:40+00:00","og_image":[{"width":1000,"height":1000,"url":"https:\/\/www.omrserrature.it\/wp-content\/uploads\/2022\/05\/Serratura-a-scrocco-con-molla-di-ritorno-e-leva-a-gancio-mod.-07-Novita-2022-OMR.jpg","type":"image\/jpeg"}],"twitter_card":"summary_large_image","twitter_misc":{"Gesch\u00e4tzte Lesezeit":"2\u00a0Minuten"},"schema":{"@context":"https:\/\/schema.org","@graph":[{"@type":"WebPage","@id":"https:\/\/www.omrserrature.it\/de\/produkt\/schnappschloss-mit-hakenhebel\/","url":"https:\/\/www.omrserrature.it\/de\/produkt\/schnappschloss-mit-hakenhebel\/","name":"Schnappschloss mit Hakenhebel - OMR Serrature","isPartOf":{"@id":"https:\/\/www.omrserrature.it\/de\/#website"},"primaryImageOfPage":{"@id":"https:\/\/www.omrserrature.it\/de\/produkt\/schnappschloss-mit-hakenhebel\/#primaryimage"},"image":{"@id":"https:\/\/www.omrserrature.it\/de\/produkt\/schnappschloss-mit-hakenhebel\/#primaryimage"},"thumbnailUrl":"https:\/\/www.omrserrature.it\/wp-content\/uploads\/2022\/05\/Serratura-a-scrocco-con-molla-di-ritorno-e-leva-a-gancio-mod.-07-Novita-2022-OMR.jpg","datePublished":"2024-04-15T10:16:00+00:00","dateModified":"2026-04-08T09:13:40+00:00","breadcrumb":{"@id":"https:\/\/www.omrserrature.it\/de\/produkt\/schnappschloss-mit-hakenhebel\/#breadcrumb"},"inLanguage":"de","potentialAction":[{"@type":"ReadAction","target":["https:\/\/www.omrserrature.it\/de\/produkt\/schnappschloss-mit-hakenhebel\/"]}]},{"@type":"ImageObject","inLanguage":"de","@id":"https:\/\/www.omrserrature.it\/de\/produkt\/schnappschloss-mit-hakenhebel\/#primaryimage","url":"https:\/\/www.omrserrature.it\/wp-content\/uploads\/2022\/05\/Serratura-a-scrocco-con-molla-di-ritorno-e-leva-a-gancio-mod.-07-Novita-2022-OMR.jpg","contentUrl":"https:\/\/www.omrserrature.it\/wp-content\/uploads\/2022\/05\/Serratura-a-scrocco-con-molla-di-ritorno-e-leva-a-gancio-mod.-07-Novita-2022-OMR.jpg","width":1000,"height":1000,"caption":"Schnappschloss mit Hakenhebel und R\u00fcckholfeder - Mod. 07 - Neu 2022"},{"@type":"BreadcrumbList","@id":"https:\/\/www.omrserrature.it\/de\/produkt\/schnappschloss-mit-hakenhebel\/#breadcrumb","itemListElement":[{"@type":"ListItem","position":1,"name":"Home","item":"https:\/\/www.omrserrature.it\/de\/omr-serrature-sistemi-chiusura\/"},{"@type":"ListItem","position":2,"name":"Katalog","item":"https:\/\/www.omrserrature.it\/katalog\/?lang=de"},{"@type":"ListItem","position":3,"name":"Anwendungen","item":"https:\/\/www.omrserrature.it\/de\/katalog\/anwendungen\/"},{"@type":"ListItem","position":4,"name":"GDPR-konformes Schrankschloss","item":"https:\/\/www.omrserrature.it\/de\/katalog\/anwendungen\/gdpr-konformes-schrankschloss\/"},{"@type":"ListItem","position":5,"name":"Schnappschloss mit Hakenhebel"}]},{"@type":"WebSite","@id":"https:\/\/www.omrserrature.it\/de\/#website","url":"https:\/\/www.omrserrature.it\/de\/","name":"OMR Serrature | Produzione sistemi di chiusura","description":"Produzione serrature di sicurezza e sistemi di chiusura","publisher":{"@id":"https:\/\/www.omrserrature.it\/de\/#organization"},"potentialAction":[{"@type":"SearchAction","target":{"@type":"EntryPoint","urlTemplate":"https:\/\/www.omrserrature.it\/de\/?s={search_term_string}"},"query-input":{"@type":"PropertyValueSpecification","valueRequired":true,"valueName":"search_term_string"}}],"inLanguage":"de"},{"@type":"Organization","@id":"https:\/\/www.omrserrature.it\/de\/#organization","name":"OMR Serrature | Produzione sistemi di chiusura","url":"https:\/\/www.omrserrature.it\/de\/","logo":{"@type":"ImageObject","inLanguage":"de","@id":"https:\/\/www.omrserrature.it\/de\/#\/schema\/logo\/image\/","url":"https:\/\/www.omrserrature.it\/wp-content\/uploads\/2017\/09\/favicon-omr-114.png","contentUrl":"https:\/\/www.omrserrature.it\/wp-content\/uploads\/2017\/09\/favicon-omr-114.png","width":114,"height":114,"caption":"OMR Serrature | Produzione sistemi di chiusura"},"image":{"@id":"https:\/\/www.omrserrature.it\/de\/#\/schema\/logo\/image\/"},"sameAs":["https:\/\/www.facebook.com\/OMRserrature","https:\/\/www.linkedin.com\/company\/omrserrature\/","https:\/\/www.youtube.com\/channel\/UCxmA85z2R0EpG_6IRokiAkg"]}]}},"_links":{"self":[{"href":"https:\/\/www.omrserrature.it\/de\/wp-json\/wp\/v2\/product\/242012","targetHints":{"allow":["GET"]}}],"collection":[{"href":"https:\/\/www.omrserrature.it\/de\/wp-json\/wp\/v2\/product"}],"about":[{"href":"https:\/\/www.omrserrature.it\/de\/wp-json\/wp\/v2\/types\/product"}],"replies":[{"embeddable":true,"href":"https:\/\/www.omrserrature.it\/de\/wp-json\/wp\/v2\/comments?post=242012"}],"wp:featuredmedia":[{"embeddable":true,"href":"https:\/\/www.omrserrature.it\/de\/wp-json\/wp\/v2\/media\/25084"}],"wp:attachment":[{"href":"https:\/\/www.omrserrature.it\/de\/wp-json\/wp\/v2\/media?parent=242012"}],"wp:term":[{"taxonomy":"product_brand","embeddable":true,"href":"https:\/\/www.omrserrature.it\/de\/wp-json\/wp\/v2\/product_brand?post=242012"},{"taxonomy":"product_cat","embeddable":true,"href":"https:\/\/www.omrserrature.it\/de\/wp-json\/wp\/v2\/product_cat?post=242012"},{"taxonomy":"product_tag","embeddable":true,"href":"https:\/\/www.omrserrature.it\/de\/wp-json\/wp\/v2\/product_tag?post=242012"}],"curies":[{"name":"wp","href":"https:\/\/api.w.org\/{rel}","templated":true}]}}