{"id":241970,"date":"2017-10-10T14:35:07","date_gmt":"2010-10-17T12:35:00","guid":{"rendered":"https:\/\/www.staging6.omrserrature.it\/prodotto\/hebelschloss-zum-aufschrauben\/"},"modified":"2026-04-08T13:13:19","modified_gmt":"2026-04-08T11:13:19","slug":"hebelschloss-zum-aufschrauben","status":"publish","type":"product","link":"https:\/\/www.omrserrature.it\/de\/produkt\/hebelschloss-zum-aufschrauben\/","title":{"rendered":"Hebelschloss zum Aufschrauben"},"content":{"rendered":"<p>Das <strong>Schloss<\/strong> mit Doppelflansch und Pl\u00e4ttchenzylinder hat einen zentralen Pl\u00e4ttchenzylinder, der sich in einem Geh\u00e4use aus einer Zinklegierung befindet, das Stator, Buchse oder K\u00f6rper genannt wird. <strong>Der Doppelflansch ist gebohrt<\/strong>, damit das Schloss mit Schrauben am Holzschrank befestigt werden kann. Die Bet\u00e4tigung des <strong>hinteren Hebels<\/strong> bestimmt, ob das <strong>Nockenschloss<\/strong> geschlossen oder ge\u00f6ffnet ist.<\/p>\n<p>Das Geh\u00e4use und der Zylinder sind aus Zinklegierung, der Hebel aus Stahl. Der vkt. 7 mm Hebelansatz erm\u00f6glicht die Installation unterschiedlicher <strong>geraden, gekr\u00f6pften oder Hakenhebel<\/strong>. Das Schloss ist auch schwarz vernickelt erh\u00e4ltlich.   Der 21 mm <strong>Zylinder<\/strong> erm\u00f6glicht die Installation sowohl auf Holz als auch auf Metall.<\/p>\n<p>Das Schloss mit Hebel ist <strong>ideal f\u00fcr den Einbau in B\u00fcrom\u00f6bel<\/strong>, Metallt\u00fcren, Klappen, Schubladen, Tischlereiprodukte, Blechk\u00e4sten, Ladeneinrichtungen.<\/p>\n","protected":false},"excerpt":{"rendered":"<p>Das <strong>Hebelschloss<\/strong> ist ideal f\u00fcr den Einbau in <strong>B\u00fcrom\u00f6bel<\/strong>, Metallt\u00fcren, Klappen, Schubladen, Schreinereiprodukte, Blechk\u00e4sten, Ladeneinrichtungen.<\/p>\n","protected":false},"featured_media":3301,"comment_status":"open","ping_status":"closed","template":"","meta":{"_acf_changed":false,"_et_pb_use_builder":"","_et_pb_old_content":"","_et_gb_content_width":""},"product_brand":[],"product_cat":[3774,3876,3796,3825,3877,3861,3864,3845,3846,3835,3866,3860,3802],"product_tag":[],"class_list":{"0":"post-241970","1":"product","2":"type-product","3":"status-publish","4":"has-post-thumbnail","6":"product_cat-burogebaude","7":"product_cat-flugelturen","8":"product_cat-hauptschlussel-schlosser","9":"product_cat-hebel-schlosser","10":"product_cat-klappe","11":"product_cat-mobelturen","12":"product_cat-schliesfacher-fur-schliesfacher","13":"product_cat-schlosser-fur-automaten","14":"product_cat-schlosser-fur-industrielle-schubladen","15":"product_cat-schlosser-fur-mobel","16":"product_cat-schlosser-fur-schilder","17":"product_cat-turschlosser","18":"product_cat-wasserdichte-rostfreie-schlosser","20":"first","21":"instock","22":"shipping-taxable","23":"purchasable","24":"product-type-variable"},"acf":{"pdf1":"https:\/\/www.omrserrature.it\/wp-content\/uploads\/schede\/Scheda_163438.pdf"},"yoast_head":"<!-- This site is optimized with the Yoast SEO plugin v27.2 - https:\/\/yoast.com\/product\/yoast-seo-wordpress\/ -->\n<title>Hebelschloss zum Aufschrauben - OMR Serrature<\/title>\n<meta name=\"robots\" content=\"index, follow, max-snippet:-1, max-image-preview:large, max-video-preview:-1\" \/>\n<link rel=\"canonical\" href=\"https:\/\/www.omrserrature.it\/de\/produkt\/hebelschloss-zum-aufschrauben\/\" \/>\n<meta property=\"og:locale\" content=\"de_DE\" \/>\n<meta property=\"og:type\" content=\"article\" \/>\n<meta property=\"og:title\" content=\"Hebelschloss zum Aufschrauben - OMR Serrature\" \/>\n<meta property=\"og:description\" content=\"Das Hebelschloss ist ideal f\u00fcr den Einbau in B\u00fcrom\u00f6bel, Metallt\u00fcren, Klappen, Schubladen, Schreinereiprodukte, Blechk\u00e4sten, Ladeneinrichtungen.\" \/>\n<meta property=\"og:url\" content=\"https:\/\/www.omrserrature.it\/de\/produkt\/hebelschloss-zum-aufschrauben\/\" \/>\n<meta property=\"og:site_name\" content=\"OMR Serrature | Produzione sistemi di chiusura\" \/>\n<meta property=\"article:publisher\" content=\"https:\/\/www.facebook.com\/OMRserrature\" \/>\n<meta property=\"article:modified_time\" content=\"2026-04-08T11:13:19+00:00\" \/>\n<meta property=\"og:image\" content=\"https:\/\/www.omrserrature.it\/wp-content\/uploads\/2017\/10\/serratura-leva-doppia-aletta.jpg\" \/>\n\t<meta property=\"og:image:width\" content=\"663\" \/>\n\t<meta property=\"og:image:height\" content=\"456\" \/>\n\t<meta property=\"og:image:type\" content=\"image\/jpeg\" \/>\n<meta name=\"twitter:card\" content=\"summary_large_image\" \/>\n<meta name=\"twitter:label1\" content=\"Gesch\u00e4tzte Lesezeit\" \/>\n\t<meta name=\"twitter:data1\" content=\"1\u00a0Minute\" \/>\n<script type=\"application\/ld+json\" class=\"yoast-schema-graph\">{\"@context\":\"https:\/\/schema.org\",\"@graph\":[{\"@type\":\"WebPage\",\"@id\":\"https:\/\/www.omrserrature.it\/de\/produkt\/hebelschloss-zum-aufschrauben\/\",\"url\":\"https:\/\/www.omrserrature.it\/de\/produkt\/hebelschloss-zum-aufschrauben\/\",\"name\":\"Hebelschloss zum Aufschrauben - OMR Serrature\",\"isPartOf\":{\"@id\":\"https:\/\/www.omrserrature.it\/de\/#website\"},\"primaryImageOfPage\":{\"@id\":\"https:\/\/www.omrserrature.it\/de\/produkt\/hebelschloss-zum-aufschrauben\/#primaryimage\"},\"image\":{\"@id\":\"https:\/\/www.omrserrature.it\/de\/produkt\/hebelschloss-zum-aufschrauben\/#primaryimage\"},\"thumbnailUrl\":\"https:\/\/www.omrserrature.it\/wp-content\/uploads\/2017\/10\/serratura-leva-doppia-aletta.jpg\",\"datePublished\":\"2010-10-17T12:35:00+00:00\",\"dateModified\":\"2026-04-08T11:13:19+00:00\",\"breadcrumb\":{\"@id\":\"https:\/\/www.omrserrature.it\/de\/produkt\/hebelschloss-zum-aufschrauben\/#breadcrumb\"},\"inLanguage\":\"de\",\"potentialAction\":[{\"@type\":\"ReadAction\",\"target\":[\"https:\/\/www.omrserrature.it\/de\/produkt\/hebelschloss-zum-aufschrauben\/\"]}]},{\"@type\":\"ImageObject\",\"inLanguage\":\"de\",\"@id\":\"https:\/\/www.omrserrature.it\/de\/produkt\/hebelschloss-zum-aufschrauben\/#primaryimage\",\"url\":\"https:\/\/www.omrserrature.it\/wp-content\/uploads\/2017\/10\/serratura-leva-doppia-aletta.jpg\",\"contentUrl\":\"https:\/\/www.omrserrature.it\/wp-content\/uploads\/2017\/10\/serratura-leva-doppia-aletta.jpg\",\"width\":663,\"height\":456,\"caption\":\"Anwendungsschloss mit Doppelklappe und Pl\u00e4ttchenzylinder - T\u00fcrschl\u00f6sser\"},{\"@type\":\"BreadcrumbList\",\"@id\":\"https:\/\/www.omrserrature.it\/de\/produkt\/hebelschloss-zum-aufschrauben\/#breadcrumb\",\"itemListElement\":[{\"@type\":\"ListItem\",\"position\":1,\"name\":\"Home\",\"item\":\"https:\/\/www.omrserrature.it\/de\/omr-serrature-sistemi-chiusura\/\"},{\"@type\":\"ListItem\",\"position\":2,\"name\":\"Katalog\",\"item\":\"https:\/\/www.omrserrature.it\/katalog\/?lang=de\"},{\"@type\":\"ListItem\",\"position\":3,\"name\":\"Anwendungen\",\"item\":\"https:\/\/www.omrserrature.it\/de\/katalog\/anwendungen\/\"},{\"@type\":\"ListItem\",\"position\":4,\"name\":\"Schl\u00f6sser f\u00fcr M\u00f6bel\",\"item\":\"https:\/\/www.omrserrature.it\/de\/katalog\/anwendungen\/schlosser-fur-mobel\/\"},{\"@type\":\"ListItem\",\"position\":5,\"name\":\"M\u00f6belt\u00fcren\",\"item\":\"https:\/\/www.omrserrature.it\/de\/katalog\/anwendungen\/schlosser-fur-mobel\/mobelturen\/\"},{\"@type\":\"ListItem\",\"position\":6,\"name\":\"Fl\u00fcgelt\u00fcren\",\"item\":\"https:\/\/www.omrserrature.it\/de\/katalog\/anwendungen\/schlosser-fur-mobel\/mobelturen\/flugelturen\/\"},{\"@type\":\"ListItem\",\"position\":7,\"name\":\"Hebelschloss zum Aufschrauben\"}]},{\"@type\":\"WebSite\",\"@id\":\"https:\/\/www.omrserrature.it\/de\/#website\",\"url\":\"https:\/\/www.omrserrature.it\/de\/\",\"name\":\"OMR Serrature | Produzione sistemi di chiusura\",\"description\":\"Produzione serrature di sicurezza e sistemi di chiusura\",\"publisher\":{\"@id\":\"https:\/\/www.omrserrature.it\/de\/#organization\"},\"potentialAction\":[{\"@type\":\"SearchAction\",\"target\":{\"@type\":\"EntryPoint\",\"urlTemplate\":\"https:\/\/www.omrserrature.it\/de\/?s={search_term_string}\"},\"query-input\":{\"@type\":\"PropertyValueSpecification\",\"valueRequired\":true,\"valueName\":\"search_term_string\"}}],\"inLanguage\":\"de\"},{\"@type\":\"Organization\",\"@id\":\"https:\/\/www.omrserrature.it\/de\/#organization\",\"name\":\"OMR Serrature | Produzione sistemi di chiusura\",\"url\":\"https:\/\/www.omrserrature.it\/de\/\",\"logo\":{\"@type\":\"ImageObject\",\"inLanguage\":\"de\",\"@id\":\"https:\/\/www.omrserrature.it\/de\/#\/schema\/logo\/image\/\",\"url\":\"https:\/\/www.omrserrature.it\/wp-content\/uploads\/2017\/09\/favicon-omr-114.png\",\"contentUrl\":\"https:\/\/www.omrserrature.it\/wp-content\/uploads\/2017\/09\/favicon-omr-114.png\",\"width\":114,\"height\":114,\"caption\":\"OMR Serrature | Produzione sistemi di chiusura\"},\"image\":{\"@id\":\"https:\/\/www.omrserrature.it\/de\/#\/schema\/logo\/image\/\"},\"sameAs\":[\"https:\/\/www.facebook.com\/OMRserrature\",\"https:\/\/www.linkedin.com\/company\/omrserrature\/\",\"https:\/\/www.youtube.com\/channel\/UCxmA85z2R0EpG_6IRokiAkg\"]}]}<\/script>\n<!-- \/ Yoast SEO plugin. -->","yoast_head_json":{"title":"Hebelschloss zum Aufschrauben - OMR Serrature","robots":{"index":"index","follow":"follow","max-snippet":"max-snippet:-1","max-image-preview":"max-image-preview:large","max-video-preview":"max-video-preview:-1"},"canonical":"https:\/\/www.omrserrature.it\/de\/produkt\/hebelschloss-zum-aufschrauben\/","og_locale":"de_DE","og_type":"article","og_title":"Hebelschloss zum Aufschrauben - OMR Serrature","og_description":"Das Hebelschloss ist ideal f\u00fcr den Einbau in B\u00fcrom\u00f6bel, Metallt\u00fcren, Klappen, Schubladen, Schreinereiprodukte, Blechk\u00e4sten, Ladeneinrichtungen.","og_url":"https:\/\/www.omrserrature.it\/de\/produkt\/hebelschloss-zum-aufschrauben\/","og_site_name":"OMR Serrature | Produzione sistemi di chiusura","article_publisher":"https:\/\/www.facebook.com\/OMRserrature","article_modified_time":"2026-04-08T11:13:19+00:00","og_image":[{"width":663,"height":456,"url":"https:\/\/www.omrserrature.it\/wp-content\/uploads\/2017\/10\/serratura-leva-doppia-aletta.jpg","type":"image\/jpeg"}],"twitter_card":"summary_large_image","twitter_misc":{"Gesch\u00e4tzte Lesezeit":"1\u00a0Minute"},"schema":{"@context":"https:\/\/schema.org","@graph":[{"@type":"WebPage","@id":"https:\/\/www.omrserrature.it\/de\/produkt\/hebelschloss-zum-aufschrauben\/","url":"https:\/\/www.omrserrature.it\/de\/produkt\/hebelschloss-zum-aufschrauben\/","name":"Hebelschloss zum Aufschrauben - OMR Serrature","isPartOf":{"@id":"https:\/\/www.omrserrature.it\/de\/#website"},"primaryImageOfPage":{"@id":"https:\/\/www.omrserrature.it\/de\/produkt\/hebelschloss-zum-aufschrauben\/#primaryimage"},"image":{"@id":"https:\/\/www.omrserrature.it\/de\/produkt\/hebelschloss-zum-aufschrauben\/#primaryimage"},"thumbnailUrl":"https:\/\/www.omrserrature.it\/wp-content\/uploads\/2017\/10\/serratura-leva-doppia-aletta.jpg","datePublished":"2010-10-17T12:35:00+00:00","dateModified":"2026-04-08T11:13:19+00:00","breadcrumb":{"@id":"https:\/\/www.omrserrature.it\/de\/produkt\/hebelschloss-zum-aufschrauben\/#breadcrumb"},"inLanguage":"de","potentialAction":[{"@type":"ReadAction","target":["https:\/\/www.omrserrature.it\/de\/produkt\/hebelschloss-zum-aufschrauben\/"]}]},{"@type":"ImageObject","inLanguage":"de","@id":"https:\/\/www.omrserrature.it\/de\/produkt\/hebelschloss-zum-aufschrauben\/#primaryimage","url":"https:\/\/www.omrserrature.it\/wp-content\/uploads\/2017\/10\/serratura-leva-doppia-aletta.jpg","contentUrl":"https:\/\/www.omrserrature.it\/wp-content\/uploads\/2017\/10\/serratura-leva-doppia-aletta.jpg","width":663,"height":456,"caption":"Anwendungsschloss mit Doppelklappe und Pl\u00e4ttchenzylinder - T\u00fcrschl\u00f6sser"},{"@type":"BreadcrumbList","@id":"https:\/\/www.omrserrature.it\/de\/produkt\/hebelschloss-zum-aufschrauben\/#breadcrumb","itemListElement":[{"@type":"ListItem","position":1,"name":"Home","item":"https:\/\/www.omrserrature.it\/de\/omr-serrature-sistemi-chiusura\/"},{"@type":"ListItem","position":2,"name":"Katalog","item":"https:\/\/www.omrserrature.it\/katalog\/?lang=de"},{"@type":"ListItem","position":3,"name":"Anwendungen","item":"https:\/\/www.omrserrature.it\/de\/katalog\/anwendungen\/"},{"@type":"ListItem","position":4,"name":"Schl\u00f6sser f\u00fcr M\u00f6bel","item":"https:\/\/www.omrserrature.it\/de\/katalog\/anwendungen\/schlosser-fur-mobel\/"},{"@type":"ListItem","position":5,"name":"M\u00f6belt\u00fcren","item":"https:\/\/www.omrserrature.it\/de\/katalog\/anwendungen\/schlosser-fur-mobel\/mobelturen\/"},{"@type":"ListItem","position":6,"name":"Fl\u00fcgelt\u00fcren","item":"https:\/\/www.omrserrature.it\/de\/katalog\/anwendungen\/schlosser-fur-mobel\/mobelturen\/flugelturen\/"},{"@type":"ListItem","position":7,"name":"Hebelschloss zum Aufschrauben"}]},{"@type":"WebSite","@id":"https:\/\/www.omrserrature.it\/de\/#website","url":"https:\/\/www.omrserrature.it\/de\/","name":"OMR Serrature | Produzione sistemi di chiusura","description":"Produzione serrature di sicurezza e sistemi di chiusura","publisher":{"@id":"https:\/\/www.omrserrature.it\/de\/#organization"},"potentialAction":[{"@type":"SearchAction","target":{"@type":"EntryPoint","urlTemplate":"https:\/\/www.omrserrature.it\/de\/?s={search_term_string}"},"query-input":{"@type":"PropertyValueSpecification","valueRequired":true,"valueName":"search_term_string"}}],"inLanguage":"de"},{"@type":"Organization","@id":"https:\/\/www.omrserrature.it\/de\/#organization","name":"OMR Serrature | Produzione sistemi di chiusura","url":"https:\/\/www.omrserrature.it\/de\/","logo":{"@type":"ImageObject","inLanguage":"de","@id":"https:\/\/www.omrserrature.it\/de\/#\/schema\/logo\/image\/","url":"https:\/\/www.omrserrature.it\/wp-content\/uploads\/2017\/09\/favicon-omr-114.png","contentUrl":"https:\/\/www.omrserrature.it\/wp-content\/uploads\/2017\/09\/favicon-omr-114.png","width":114,"height":114,"caption":"OMR Serrature | Produzione sistemi di chiusura"},"image":{"@id":"https:\/\/www.omrserrature.it\/de\/#\/schema\/logo\/image\/"},"sameAs":["https:\/\/www.facebook.com\/OMRserrature","https:\/\/www.linkedin.com\/company\/omrserrature\/","https:\/\/www.youtube.com\/channel\/UCxmA85z2R0EpG_6IRokiAkg"]}]}},"_links":{"self":[{"href":"https:\/\/www.omrserrature.it\/de\/wp-json\/wp\/v2\/product\/241970","targetHints":{"allow":["GET"]}}],"collection":[{"href":"https:\/\/www.omrserrature.it\/de\/wp-json\/wp\/v2\/product"}],"about":[{"href":"https:\/\/www.omrserrature.it\/de\/wp-json\/wp\/v2\/types\/product"}],"replies":[{"embeddable":true,"href":"https:\/\/www.omrserrature.it\/de\/wp-json\/wp\/v2\/comments?post=241970"}],"wp:featuredmedia":[{"embeddable":true,"href":"https:\/\/www.omrserrature.it\/de\/wp-json\/wp\/v2\/media\/3301"}],"wp:attachment":[{"href":"https:\/\/www.omrserrature.it\/de\/wp-json\/wp\/v2\/media?parent=241970"}],"wp:term":[{"taxonomy":"product_brand","embeddable":true,"href":"https:\/\/www.omrserrature.it\/de\/wp-json\/wp\/v2\/product_brand?post=241970"},{"taxonomy":"product_cat","embeddable":true,"href":"https:\/\/www.omrserrature.it\/de\/wp-json\/wp\/v2\/product_cat?post=241970"},{"taxonomy":"product_tag","embeddable":true,"href":"https:\/\/www.omrserrature.it\/de\/wp-json\/wp\/v2\/product_tag?post=241970"}],"curies":[{"name":"wp","href":"https:\/\/api.w.org\/{rel}","templated":true}]}}