{"id":241932,"date":"2017-10-16T11:21:33","date_gmt":"2016-10-17T09:21:00","guid":{"rendered":"https:\/\/www.staging6.omrserrature.it\/prodotto\/zahnstangenschloss\/"},"modified":"2026-04-08T12:23:41","modified_gmt":"2026-04-08T10:23:41","slug":"zahnstangenschloss","status":"publish","type":"product","link":"https:\/\/www.omrserrature.it\/de\/produkt\/zahnstangenschloss\/","title":{"rendered":"Schloss f\u00fcr Glasschiebet\u00fcren"},"content":{"rendered":"<p>Das <strong>Schiebet\u00fcrschloss<\/strong> mit Zahnstange, auch bekannt als S\u00e4ge- oder Zahnstangensystem, zeichnet sich durch ein Schloss mit einem Zahnstangenmechanismus aus, der ein Zahnrad enth\u00e4lt, das sich auf einem linearen Stangengetriebe bewegt, das eine Drehbewegung in eine kontinuierliche lineare Bewegung umwandelt. Wenn den Schl\u00fcssel gedreht wird, ist es m\u00f6glich den Zylinder rauszuziehen und die T\u00fcren zu schieben.<\/p>\n<p>F\u00fcr die Installation dieses Schlosses<strong> ist kein Bohren erforderlich<\/strong>, was eine gro\u00dfe Vielseitigkeit und Benutzerfreundlichkeit gew\u00e4hrleistet.<\/p>\n<p>Dank der zwei Arten von St\u00e4ben ist <strong>die Anwendung sowohl auf Glas als auch auf Holz<\/strong> m\u00f6glich, ohne dass gebohrt werden muss, was auch f\u00fcr den Nachr\u00fcstungsmarkt ideal ist.<\/p>\n<p><strong>Das Schloss f\u00fcr Glas- und Vitrinenschr\u00e4nke<\/strong> eignet sich perfekt f\u00fcr die Installation an <strong>Schaufenstern<\/strong> mit Schiebet\u00fcren, an <strong>Anschlagtafeln<\/strong> und <strong>Auslagen<\/strong> in Verkaufsr\u00e4umen. Dank des Stifts SAST04608, der die<strong>Anwendung auf einer Dicke von bis zu 29 mm<\/strong> erm\u00f6glicht, ist es auch f\u00fcr die Anwendung auf Holzschr\u00e4nken, medizinischen B\u00fcrom\u00f6beln und Schmuckgesch\u00e4ften geeignet. <\/p>\n","protected":false},"excerpt":{"rendered":"<p><strong>Das Schloss f\u00fcr Schaufenster und Vitrinen<\/strong> l\u00e4sst sich perfekt an Schaufenstern mit Schiebet\u00fcren, an Anschlagtafeln und Auslagen in Verkaufsr\u00e4umen anbringen.<\/p>\n<p>Dieses Produkt <strong>erfordert keine Bohrungen<\/strong> f\u00fcr die Montage.<\/p>\n","protected":false},"featured_media":3715,"comment_status":"open","ping_status":"closed","template":"","meta":{"_acf_changed":false,"_et_pb_use_builder":"","_et_pb_old_content":"","_et_gb_content_width":""},"product_brand":[],"product_cat":[3770,3766,3796,3771,3861,3878,3835,3869,3785],"product_tag":[],"class_list":{"0":"post-241932","1":"product","2":"type-product","3":"status-publish","4":"has-post-thumbnail","6":"product_cat-bildungswesen-und-kultur","7":"product_cat-gros-und-einzelhandel","8":"product_cat-hauptschlussel-schlosser","9":"product_cat-messen-und-ausstellungen","10":"product_cat-mobelturen","11":"product_cat-schieben","12":"product_cat-schlosser-fur-mobel","13":"product_cat-schlosser-fur-vitrinen","14":"product_cat-zahnstangenschloss","16":"first","17":"instock","18":"shipping-taxable","19":"purchasable","20":"product-type-variable"},"acf":{"pdf1":"https:\/\/www.omrserrature.it\/wp-content\/uploads\/schede\/Scheda_220335.pdf"},"yoast_head":"<!-- This site is optimized with the Yoast SEO plugin v27.2 - https:\/\/yoast.com\/product\/yoast-seo-wordpress\/ -->\n<title>Schloss f\u00fcr Glasschiebet\u00fcren - OMR Serrature<\/title>\n<meta name=\"robots\" content=\"index, follow, max-snippet:-1, max-image-preview:large, max-video-preview:-1\" \/>\n<link rel=\"canonical\" href=\"https:\/\/www.omrserrature.it\/de\/produkt\/zahnstangenschloss\/\" \/>\n<meta property=\"og:locale\" content=\"de_DE\" \/>\n<meta property=\"og:type\" content=\"article\" \/>\n<meta property=\"og:title\" content=\"Schloss f\u00fcr Glasschiebet\u00fcren - OMR Serrature\" \/>\n<meta property=\"og:description\" content=\"Das Schloss f\u00fcr Schaufenster und Vitrinen l\u00e4sst sich perfekt an Schaufenstern mit Schiebet\u00fcren, an Anschlagtafeln und Auslagen in Verkaufsr\u00e4umen anbringen. Dieses Produkt erfordert keine Bohrungen f\u00fcr die Montage.\" \/>\n<meta property=\"og:url\" content=\"https:\/\/www.omrserrature.it\/de\/produkt\/zahnstangenschloss\/\" \/>\n<meta property=\"og:site_name\" content=\"OMR Serrature | Produzione sistemi di chiusura\" \/>\n<meta property=\"article:publisher\" content=\"https:\/\/www.facebook.com\/OMRserrature\" \/>\n<meta property=\"article:modified_time\" content=\"2026-04-08T10:23:41+00:00\" \/>\n<meta property=\"og:image\" content=\"https:\/\/www.omrserrature.it\/wp-content\/uploads\/2017\/10\/serratura-cremagliera.jpg\" \/>\n\t<meta property=\"og:image:width\" content=\"912\" \/>\n\t<meta property=\"og:image:height\" content=\"477\" \/>\n\t<meta property=\"og:image:type\" content=\"image\/jpeg\" \/>\n<meta name=\"twitter:card\" content=\"summary_large_image\" \/>\n<meta name=\"twitter:label1\" content=\"Gesch\u00e4tzte Lesezeit\" \/>\n\t<meta name=\"twitter:data1\" content=\"1\u00a0Minute\" \/>\n<script type=\"application\/ld+json\" class=\"yoast-schema-graph\">{\"@context\":\"https:\/\/schema.org\",\"@graph\":[{\"@type\":\"WebPage\",\"@id\":\"https:\/\/www.omrserrature.it\/de\/produkt\/zahnstangenschloss\/\",\"url\":\"https:\/\/www.omrserrature.it\/de\/produkt\/zahnstangenschloss\/\",\"name\":\"Schloss f\u00fcr Glasschiebet\u00fcren - OMR Serrature\",\"isPartOf\":{\"@id\":\"https:\/\/www.omrserrature.it\/de\/#website\"},\"primaryImageOfPage\":{\"@id\":\"https:\/\/www.omrserrature.it\/de\/produkt\/zahnstangenschloss\/#primaryimage\"},\"image\":{\"@id\":\"https:\/\/www.omrserrature.it\/de\/produkt\/zahnstangenschloss\/#primaryimage\"},\"thumbnailUrl\":\"https:\/\/www.omrserrature.it\/wp-content\/uploads\/2017\/10\/serratura-cremagliera.jpg\",\"datePublished\":\"2016-10-17T09:21:00+00:00\",\"dateModified\":\"2026-04-08T10:23:41+00:00\",\"breadcrumb\":{\"@id\":\"https:\/\/www.omrserrature.it\/de\/produkt\/zahnstangenschloss\/#breadcrumb\"},\"inLanguage\":\"de\",\"potentialAction\":[{\"@type\":\"ReadAction\",\"target\":[\"https:\/\/www.omrserrature.it\/de\/produkt\/zahnstangenschloss\/\"]}]},{\"@type\":\"ImageObject\",\"inLanguage\":\"de\",\"@id\":\"https:\/\/www.omrserrature.it\/de\/produkt\/zahnstangenschloss\/#primaryimage\",\"url\":\"https:\/\/www.omrserrature.it\/wp-content\/uploads\/2017\/10\/serratura-cremagliera.jpg\",\"contentUrl\":\"https:\/\/www.omrserrature.it\/wp-content\/uploads\/2017\/10\/serratura-cremagliera.jpg\",\"width\":912,\"height\":477,\"caption\":\"Schloss mit Zahnstange und Ritzel f\u00fcr Schiebet\u00fcren\"},{\"@type\":\"BreadcrumbList\",\"@id\":\"https:\/\/www.omrserrature.it\/de\/produkt\/zahnstangenschloss\/#breadcrumb\",\"itemListElement\":[{\"@type\":\"ListItem\",\"position\":1,\"name\":\"Home\",\"item\":\"https:\/\/www.omrserrature.it\/de\/omr-serrature-sistemi-chiusura\/\"},{\"@type\":\"ListItem\",\"position\":2,\"name\":\"Katalog\",\"item\":\"https:\/\/www.omrserrature.it\/katalog\/?lang=de\"},{\"@type\":\"ListItem\",\"position\":3,\"name\":\"Anwendungen\",\"item\":\"https:\/\/www.omrserrature.it\/de\/katalog\/anwendungen\/\"},{\"@type\":\"ListItem\",\"position\":4,\"name\":\"Schl\u00f6sser f\u00fcr M\u00f6bel\",\"item\":\"https:\/\/www.omrserrature.it\/de\/katalog\/anwendungen\/schlosser-fur-mobel\/\"},{\"@type\":\"ListItem\",\"position\":5,\"name\":\"M\u00f6belt\u00fcren\",\"item\":\"https:\/\/www.omrserrature.it\/de\/katalog\/anwendungen\/schlosser-fur-mobel\/mobelturen\/\"},{\"@type\":\"ListItem\",\"position\":6,\"name\":\"Schieben\",\"item\":\"https:\/\/www.omrserrature.it\/de\/katalog\/anwendungen\/schlosser-fur-mobel\/mobelturen\/schieben\/\"},{\"@type\":\"ListItem\",\"position\":7,\"name\":\"Schloss f\u00fcr Glasschiebet\u00fcren\"}]},{\"@type\":\"WebSite\",\"@id\":\"https:\/\/www.omrserrature.it\/de\/#website\",\"url\":\"https:\/\/www.omrserrature.it\/de\/\",\"name\":\"OMR Serrature | Produzione sistemi di chiusura\",\"description\":\"Produzione serrature di sicurezza e sistemi di chiusura\",\"publisher\":{\"@id\":\"https:\/\/www.omrserrature.it\/de\/#organization\"},\"potentialAction\":[{\"@type\":\"SearchAction\",\"target\":{\"@type\":\"EntryPoint\",\"urlTemplate\":\"https:\/\/www.omrserrature.it\/de\/?s={search_term_string}\"},\"query-input\":{\"@type\":\"PropertyValueSpecification\",\"valueRequired\":true,\"valueName\":\"search_term_string\"}}],\"inLanguage\":\"de\"},{\"@type\":\"Organization\",\"@id\":\"https:\/\/www.omrserrature.it\/de\/#organization\",\"name\":\"OMR Serrature | Produzione sistemi di chiusura\",\"url\":\"https:\/\/www.omrserrature.it\/de\/\",\"logo\":{\"@type\":\"ImageObject\",\"inLanguage\":\"de\",\"@id\":\"https:\/\/www.omrserrature.it\/de\/#\/schema\/logo\/image\/\",\"url\":\"https:\/\/www.omrserrature.it\/wp-content\/uploads\/2017\/09\/favicon-omr-114.png\",\"contentUrl\":\"https:\/\/www.omrserrature.it\/wp-content\/uploads\/2017\/09\/favicon-omr-114.png\",\"width\":114,\"height\":114,\"caption\":\"OMR Serrature | Produzione sistemi di chiusura\"},\"image\":{\"@id\":\"https:\/\/www.omrserrature.it\/de\/#\/schema\/logo\/image\/\"},\"sameAs\":[\"https:\/\/www.facebook.com\/OMRserrature\",\"https:\/\/www.linkedin.com\/company\/omrserrature\/\",\"https:\/\/www.youtube.com\/channel\/UCxmA85z2R0EpG_6IRokiAkg\"]}]}<\/script>\n<!-- \/ Yoast SEO plugin. -->","yoast_head_json":{"title":"Schloss f\u00fcr Glasschiebet\u00fcren - OMR Serrature","robots":{"index":"index","follow":"follow","max-snippet":"max-snippet:-1","max-image-preview":"max-image-preview:large","max-video-preview":"max-video-preview:-1"},"canonical":"https:\/\/www.omrserrature.it\/de\/produkt\/zahnstangenschloss\/","og_locale":"de_DE","og_type":"article","og_title":"Schloss f\u00fcr Glasschiebet\u00fcren - OMR Serrature","og_description":"Das Schloss f\u00fcr Schaufenster und Vitrinen l\u00e4sst sich perfekt an Schaufenstern mit Schiebet\u00fcren, an Anschlagtafeln und Auslagen in Verkaufsr\u00e4umen anbringen. Dieses Produkt erfordert keine Bohrungen f\u00fcr die Montage.","og_url":"https:\/\/www.omrserrature.it\/de\/produkt\/zahnstangenschloss\/","og_site_name":"OMR Serrature | Produzione sistemi di chiusura","article_publisher":"https:\/\/www.facebook.com\/OMRserrature","article_modified_time":"2026-04-08T10:23:41+00:00","og_image":[{"width":912,"height":477,"url":"https:\/\/www.omrserrature.it\/wp-content\/uploads\/2017\/10\/serratura-cremagliera.jpg","type":"image\/jpeg"}],"twitter_card":"summary_large_image","twitter_misc":{"Gesch\u00e4tzte Lesezeit":"1\u00a0Minute"},"schema":{"@context":"https:\/\/schema.org","@graph":[{"@type":"WebPage","@id":"https:\/\/www.omrserrature.it\/de\/produkt\/zahnstangenschloss\/","url":"https:\/\/www.omrserrature.it\/de\/produkt\/zahnstangenschloss\/","name":"Schloss f\u00fcr Glasschiebet\u00fcren - OMR Serrature","isPartOf":{"@id":"https:\/\/www.omrserrature.it\/de\/#website"},"primaryImageOfPage":{"@id":"https:\/\/www.omrserrature.it\/de\/produkt\/zahnstangenschloss\/#primaryimage"},"image":{"@id":"https:\/\/www.omrserrature.it\/de\/produkt\/zahnstangenschloss\/#primaryimage"},"thumbnailUrl":"https:\/\/www.omrserrature.it\/wp-content\/uploads\/2017\/10\/serratura-cremagliera.jpg","datePublished":"2016-10-17T09:21:00+00:00","dateModified":"2026-04-08T10:23:41+00:00","breadcrumb":{"@id":"https:\/\/www.omrserrature.it\/de\/produkt\/zahnstangenschloss\/#breadcrumb"},"inLanguage":"de","potentialAction":[{"@type":"ReadAction","target":["https:\/\/www.omrserrature.it\/de\/produkt\/zahnstangenschloss\/"]}]},{"@type":"ImageObject","inLanguage":"de","@id":"https:\/\/www.omrserrature.it\/de\/produkt\/zahnstangenschloss\/#primaryimage","url":"https:\/\/www.omrserrature.it\/wp-content\/uploads\/2017\/10\/serratura-cremagliera.jpg","contentUrl":"https:\/\/www.omrserrature.it\/wp-content\/uploads\/2017\/10\/serratura-cremagliera.jpg","width":912,"height":477,"caption":"Schloss mit Zahnstange und Ritzel f\u00fcr Schiebet\u00fcren"},{"@type":"BreadcrumbList","@id":"https:\/\/www.omrserrature.it\/de\/produkt\/zahnstangenschloss\/#breadcrumb","itemListElement":[{"@type":"ListItem","position":1,"name":"Home","item":"https:\/\/www.omrserrature.it\/de\/omr-serrature-sistemi-chiusura\/"},{"@type":"ListItem","position":2,"name":"Katalog","item":"https:\/\/www.omrserrature.it\/katalog\/?lang=de"},{"@type":"ListItem","position":3,"name":"Anwendungen","item":"https:\/\/www.omrserrature.it\/de\/katalog\/anwendungen\/"},{"@type":"ListItem","position":4,"name":"Schl\u00f6sser f\u00fcr M\u00f6bel","item":"https:\/\/www.omrserrature.it\/de\/katalog\/anwendungen\/schlosser-fur-mobel\/"},{"@type":"ListItem","position":5,"name":"M\u00f6belt\u00fcren","item":"https:\/\/www.omrserrature.it\/de\/katalog\/anwendungen\/schlosser-fur-mobel\/mobelturen\/"},{"@type":"ListItem","position":6,"name":"Schieben","item":"https:\/\/www.omrserrature.it\/de\/katalog\/anwendungen\/schlosser-fur-mobel\/mobelturen\/schieben\/"},{"@type":"ListItem","position":7,"name":"Schloss f\u00fcr Glasschiebet\u00fcren"}]},{"@type":"WebSite","@id":"https:\/\/www.omrserrature.it\/de\/#website","url":"https:\/\/www.omrserrature.it\/de\/","name":"OMR Serrature | Produzione sistemi di chiusura","description":"Produzione serrature di sicurezza e sistemi di chiusura","publisher":{"@id":"https:\/\/www.omrserrature.it\/de\/#organization"},"potentialAction":[{"@type":"SearchAction","target":{"@type":"EntryPoint","urlTemplate":"https:\/\/www.omrserrature.it\/de\/?s={search_term_string}"},"query-input":{"@type":"PropertyValueSpecification","valueRequired":true,"valueName":"search_term_string"}}],"inLanguage":"de"},{"@type":"Organization","@id":"https:\/\/www.omrserrature.it\/de\/#organization","name":"OMR Serrature | Produzione sistemi di chiusura","url":"https:\/\/www.omrserrature.it\/de\/","logo":{"@type":"ImageObject","inLanguage":"de","@id":"https:\/\/www.omrserrature.it\/de\/#\/schema\/logo\/image\/","url":"https:\/\/www.omrserrature.it\/wp-content\/uploads\/2017\/09\/favicon-omr-114.png","contentUrl":"https:\/\/www.omrserrature.it\/wp-content\/uploads\/2017\/09\/favicon-omr-114.png","width":114,"height":114,"caption":"OMR Serrature | Produzione sistemi di chiusura"},"image":{"@id":"https:\/\/www.omrserrature.it\/de\/#\/schema\/logo\/image\/"},"sameAs":["https:\/\/www.facebook.com\/OMRserrature","https:\/\/www.linkedin.com\/company\/omrserrature\/","https:\/\/www.youtube.com\/channel\/UCxmA85z2R0EpG_6IRokiAkg"]}]}},"_links":{"self":[{"href":"https:\/\/www.omrserrature.it\/de\/wp-json\/wp\/v2\/product\/241932","targetHints":{"allow":["GET"]}}],"collection":[{"href":"https:\/\/www.omrserrature.it\/de\/wp-json\/wp\/v2\/product"}],"about":[{"href":"https:\/\/www.omrserrature.it\/de\/wp-json\/wp\/v2\/types\/product"}],"replies":[{"embeddable":true,"href":"https:\/\/www.omrserrature.it\/de\/wp-json\/wp\/v2\/comments?post=241932"}],"wp:featuredmedia":[{"embeddable":true,"href":"https:\/\/www.omrserrature.it\/de\/wp-json\/wp\/v2\/media\/3715"}],"wp:attachment":[{"href":"https:\/\/www.omrserrature.it\/de\/wp-json\/wp\/v2\/media?parent=241932"}],"wp:term":[{"taxonomy":"product_brand","embeddable":true,"href":"https:\/\/www.omrserrature.it\/de\/wp-json\/wp\/v2\/product_brand?post=241932"},{"taxonomy":"product_cat","embeddable":true,"href":"https:\/\/www.omrserrature.it\/de\/wp-json\/wp\/v2\/product_cat?post=241932"},{"taxonomy":"product_tag","embeddable":true,"href":"https:\/\/www.omrserrature.it\/de\/wp-json\/wp\/v2\/product_tag?post=241932"}],"curies":[{"name":"wp","href":"https:\/\/api.w.org\/{rel}","templated":true}]}}