{"id":241864,"date":"2019-02-27T15:13:18","date_gmt":"2023-02-19T14:13:00","guid":{"rendered":"https:\/\/www.staging6.omrserrature.it\/prodotto\/vierspitzige-unterlegscheibe\/"},"modified":"2026-04-08T11:37:26","modified_gmt":"2026-04-08T09:37:26","slug":"vierspitzige-unterlegscheibe","status":"publish","type":"product","link":"https:\/\/www.omrserrature.it\/de\/produkt\/vierspitzige-unterlegscheibe\/","title":{"rendered":"Vierspitzige Unterlegscheibe"},"content":{"rendered":"<p>Die <strong>4-zackige Unterlegscheibe<\/strong> besteht aus verzinktem Stahl und weist die f\u00fcr Hebelschl\u00f6sser typische Doppel-D-Bohrschablone (mit flachen Seiten) auf. Es wird an Holzt\u00fcren verwendet, um eine sicherere Befestigung zu gew\u00e4hrleisten, da sich die Spitzen unter der Einwirkung der entsprechend angezogenen Mutter in das Material einbei\u00dfen und so verhindern, dass sich das Schloss w\u00e4hrend der Benutzung in seinem Sitz dreht.<\/p>\n<p>Jede Scheibe ist so konzipiert, dass sie optimale Leistung bietet und gleichzeitig hohe Qualit\u00e4t und Zuverl\u00e4ssigkeit gew\u00e4hrleistet. Wenn Sie weitere Informationen w\u00fcnschen oder individuelle W\u00fcnsche haben, z\u00f6gern Sie bitte nicht, unseren Kundendienst zu kontaktieren: Wir stehen Ihnen jederzeit zur Verf\u00fcgung, um die perfekte L\u00f6sung f\u00fcr Ihre Sicherheitsanforderungen zu finden. <\/p>\n","protected":false},"excerpt":{"rendered":"<p>Die vierspitzige Unterlegscheibe ist aus verziktem Stahl gefertigt und weist die herk\u00f6mmliche Doppel-D Ausstanzung (mit geraden Seiten) der Hebelschl\u00f6sser auf.<\/p>\n","protected":false},"featured_media":10801,"comment_status":"open","ping_status":"closed","template":"","meta":{"_acf_changed":false,"_et_pb_use_builder":"","_et_pb_old_content":"","_et_gb_content_width":""},"product_brand":[],"product_cat":[3811],"product_tag":[],"class_list":{"0":"post-241864","1":"product","2":"type-product","3":"status-publish","4":"has-post-thumbnail","6":"product_cat-muttern-gabelfedern-unterlegscheiben-dichtungen","8":"first","9":"instock","10":"shipping-taxable","11":"product-type-simple"},"acf":{"pdf1":false},"yoast_head":"<!-- This site is optimized with the Yoast SEO plugin v27.2 - https:\/\/yoast.com\/product\/yoast-seo-wordpress\/ -->\n<title>Vierspitzige Unterlegscheibe - OMR Serrature<\/title>\n<meta name=\"robots\" content=\"index, follow, max-snippet:-1, max-image-preview:large, max-video-preview:-1\" \/>\n<link rel=\"canonical\" href=\"https:\/\/www.omrserrature.it\/de\/produkt\/vierspitzige-unterlegscheibe\/\" \/>\n<meta property=\"og:locale\" content=\"de_DE\" \/>\n<meta property=\"og:type\" content=\"article\" \/>\n<meta property=\"og:title\" content=\"Vierspitzige Unterlegscheibe - OMR Serrature\" \/>\n<meta property=\"og:description\" content=\"Die vierspitzige Unterlegscheibe ist aus verziktem Stahl gefertigt und weist die herk\u00f6mmliche Doppel-D Ausstanzung (mit geraden Seiten) der Hebelschl\u00f6sser auf.\" \/>\n<meta property=\"og:url\" content=\"https:\/\/www.omrserrature.it\/de\/produkt\/vierspitzige-unterlegscheibe\/\" \/>\n<meta property=\"og:site_name\" content=\"OMR Serrature | Produzione sistemi di chiusura\" \/>\n<meta property=\"article:publisher\" content=\"https:\/\/www.facebook.com\/OMRserrature\" \/>\n<meta property=\"article:modified_time\" content=\"2026-04-08T09:37:26+00:00\" \/>\n<meta property=\"og:image\" content=\"https:\/\/www.omrserrature.it\/wp-content\/uploads\/2019\/02\/rondella-4-punte-SRON00118.jpg\" \/>\n\t<meta property=\"og:image:width\" content=\"470\" \/>\n\t<meta property=\"og:image:height\" content=\"332\" \/>\n\t<meta property=\"og:image:type\" content=\"image\/jpeg\" \/>\n<meta name=\"twitter:card\" content=\"summary_large_image\" \/>\n<meta name=\"twitter:label1\" content=\"Gesch\u00e4tzte Lesezeit\" \/>\n\t<meta name=\"twitter:data1\" content=\"1\u00a0Minute\" \/>\n<script type=\"application\/ld+json\" class=\"yoast-schema-graph\">{\"@context\":\"https:\/\/schema.org\",\"@graph\":[{\"@type\":\"WebPage\",\"@id\":\"https:\/\/www.omrserrature.it\/de\/produkt\/vierspitzige-unterlegscheibe\/\",\"url\":\"https:\/\/www.omrserrature.it\/de\/produkt\/vierspitzige-unterlegscheibe\/\",\"name\":\"Vierspitzige Unterlegscheibe - OMR Serrature\",\"isPartOf\":{\"@id\":\"https:\/\/www.omrserrature.it\/de\/#website\"},\"primaryImageOfPage\":{\"@id\":\"https:\/\/www.omrserrature.it\/de\/produkt\/vierspitzige-unterlegscheibe\/#primaryimage\"},\"image\":{\"@id\":\"https:\/\/www.omrserrature.it\/de\/produkt\/vierspitzige-unterlegscheibe\/#primaryimage\"},\"thumbnailUrl\":\"https:\/\/www.omrserrature.it\/wp-content\/uploads\/2019\/02\/rondella-4-punte-SRON00118.jpg\",\"datePublished\":\"2023-02-19T14:13:00+00:00\",\"dateModified\":\"2026-04-08T09:37:26+00:00\",\"breadcrumb\":{\"@id\":\"https:\/\/www.omrserrature.it\/de\/produkt\/vierspitzige-unterlegscheibe\/#breadcrumb\"},\"inLanguage\":\"de\",\"potentialAction\":[{\"@type\":\"ReadAction\",\"target\":[\"https:\/\/www.omrserrature.it\/de\/produkt\/vierspitzige-unterlegscheibe\/\"]}]},{\"@type\":\"ImageObject\",\"inLanguage\":\"de\",\"@id\":\"https:\/\/www.omrserrature.it\/de\/produkt\/vierspitzige-unterlegscheibe\/#primaryimage\",\"url\":\"https:\/\/www.omrserrature.it\/wp-content\/uploads\/2019\/02\/rondella-4-punte-SRON00118.jpg\",\"contentUrl\":\"https:\/\/www.omrserrature.it\/wp-content\/uploads\/2019\/02\/rondella-4-punte-SRON00118.jpg\",\"width\":470,\"height\":332,\"caption\":\"Vierspitzige Unterlegscheibe aus verzinktem Stahl mit Doppel-D Ausstanzung - SRON00118\"},{\"@type\":\"BreadcrumbList\",\"@id\":\"https:\/\/www.omrserrature.it\/de\/produkt\/vierspitzige-unterlegscheibe\/#breadcrumb\",\"itemListElement\":[{\"@type\":\"ListItem\",\"position\":1,\"name\":\"Home\",\"item\":\"https:\/\/www.omrserrature.it\/de\/omr-serrature-sistemi-chiusura\/\"},{\"@type\":\"ListItem\",\"position\":2,\"name\":\"Katalog\",\"item\":\"https:\/\/www.omrserrature.it\/katalog\/?lang=de\"},{\"@type\":\"ListItem\",\"position\":3,\"name\":\"Produkte\",\"item\":\"https:\/\/www.omrserrature.it\/de\/katalog\/produkte\/\"},{\"@type\":\"ListItem\",\"position\":4,\"name\":\"Zubeh\u00f6r und Ersatzteile\",\"item\":\"https:\/\/www.omrserrature.it\/de\/katalog\/produkte\/zubehor-und-ersatzteile\/\"},{\"@type\":\"ListItem\",\"position\":5,\"name\":\"Muttern - Gabelfedern - Unterlegscheiben - Dichtungen\",\"item\":\"https:\/\/www.omrserrature.it\/de\/katalog\/produkte\/zubehor-und-ersatzteile\/muttern-gabelfedern-unterlegscheiben-dichtungen\/\"},{\"@type\":\"ListItem\",\"position\":6,\"name\":\"Vierspitzige Unterlegscheibe\"}]},{\"@type\":\"WebSite\",\"@id\":\"https:\/\/www.omrserrature.it\/de\/#website\",\"url\":\"https:\/\/www.omrserrature.it\/de\/\",\"name\":\"OMR Serrature | Produzione sistemi di chiusura\",\"description\":\"Produzione serrature di sicurezza e sistemi di chiusura\",\"publisher\":{\"@id\":\"https:\/\/www.omrserrature.it\/de\/#organization\"},\"potentialAction\":[{\"@type\":\"SearchAction\",\"target\":{\"@type\":\"EntryPoint\",\"urlTemplate\":\"https:\/\/www.omrserrature.it\/de\/?s={search_term_string}\"},\"query-input\":{\"@type\":\"PropertyValueSpecification\",\"valueRequired\":true,\"valueName\":\"search_term_string\"}}],\"inLanguage\":\"de\"},{\"@type\":\"Organization\",\"@id\":\"https:\/\/www.omrserrature.it\/de\/#organization\",\"name\":\"OMR Serrature | Produzione sistemi di chiusura\",\"url\":\"https:\/\/www.omrserrature.it\/de\/\",\"logo\":{\"@type\":\"ImageObject\",\"inLanguage\":\"de\",\"@id\":\"https:\/\/www.omrserrature.it\/de\/#\/schema\/logo\/image\/\",\"url\":\"https:\/\/www.omrserrature.it\/wp-content\/uploads\/2017\/09\/favicon-omr-114.png\",\"contentUrl\":\"https:\/\/www.omrserrature.it\/wp-content\/uploads\/2017\/09\/favicon-omr-114.png\",\"width\":114,\"height\":114,\"caption\":\"OMR Serrature | Produzione sistemi di chiusura\"},\"image\":{\"@id\":\"https:\/\/www.omrserrature.it\/de\/#\/schema\/logo\/image\/\"},\"sameAs\":[\"https:\/\/www.facebook.com\/OMRserrature\",\"https:\/\/www.linkedin.com\/company\/omrserrature\/\",\"https:\/\/www.youtube.com\/channel\/UCxmA85z2R0EpG_6IRokiAkg\"]}]}<\/script>\n<!-- \/ Yoast SEO plugin. -->","yoast_head_json":{"title":"Vierspitzige Unterlegscheibe - OMR Serrature","robots":{"index":"index","follow":"follow","max-snippet":"max-snippet:-1","max-image-preview":"max-image-preview:large","max-video-preview":"max-video-preview:-1"},"canonical":"https:\/\/www.omrserrature.it\/de\/produkt\/vierspitzige-unterlegscheibe\/","og_locale":"de_DE","og_type":"article","og_title":"Vierspitzige Unterlegscheibe - OMR Serrature","og_description":"Die vierspitzige Unterlegscheibe ist aus verziktem Stahl gefertigt und weist die herk\u00f6mmliche Doppel-D Ausstanzung (mit geraden Seiten) der Hebelschl\u00f6sser auf.","og_url":"https:\/\/www.omrserrature.it\/de\/produkt\/vierspitzige-unterlegscheibe\/","og_site_name":"OMR Serrature | Produzione sistemi di chiusura","article_publisher":"https:\/\/www.facebook.com\/OMRserrature","article_modified_time":"2026-04-08T09:37:26+00:00","og_image":[{"width":470,"height":332,"url":"https:\/\/www.omrserrature.it\/wp-content\/uploads\/2019\/02\/rondella-4-punte-SRON00118.jpg","type":"image\/jpeg"}],"twitter_card":"summary_large_image","twitter_misc":{"Gesch\u00e4tzte Lesezeit":"1\u00a0Minute"},"schema":{"@context":"https:\/\/schema.org","@graph":[{"@type":"WebPage","@id":"https:\/\/www.omrserrature.it\/de\/produkt\/vierspitzige-unterlegscheibe\/","url":"https:\/\/www.omrserrature.it\/de\/produkt\/vierspitzige-unterlegscheibe\/","name":"Vierspitzige Unterlegscheibe - OMR Serrature","isPartOf":{"@id":"https:\/\/www.omrserrature.it\/de\/#website"},"primaryImageOfPage":{"@id":"https:\/\/www.omrserrature.it\/de\/produkt\/vierspitzige-unterlegscheibe\/#primaryimage"},"image":{"@id":"https:\/\/www.omrserrature.it\/de\/produkt\/vierspitzige-unterlegscheibe\/#primaryimage"},"thumbnailUrl":"https:\/\/www.omrserrature.it\/wp-content\/uploads\/2019\/02\/rondella-4-punte-SRON00118.jpg","datePublished":"2023-02-19T14:13:00+00:00","dateModified":"2026-04-08T09:37:26+00:00","breadcrumb":{"@id":"https:\/\/www.omrserrature.it\/de\/produkt\/vierspitzige-unterlegscheibe\/#breadcrumb"},"inLanguage":"de","potentialAction":[{"@type":"ReadAction","target":["https:\/\/www.omrserrature.it\/de\/produkt\/vierspitzige-unterlegscheibe\/"]}]},{"@type":"ImageObject","inLanguage":"de","@id":"https:\/\/www.omrserrature.it\/de\/produkt\/vierspitzige-unterlegscheibe\/#primaryimage","url":"https:\/\/www.omrserrature.it\/wp-content\/uploads\/2019\/02\/rondella-4-punte-SRON00118.jpg","contentUrl":"https:\/\/www.omrserrature.it\/wp-content\/uploads\/2019\/02\/rondella-4-punte-SRON00118.jpg","width":470,"height":332,"caption":"Vierspitzige Unterlegscheibe aus verzinktem Stahl mit Doppel-D Ausstanzung - SRON00118"},{"@type":"BreadcrumbList","@id":"https:\/\/www.omrserrature.it\/de\/produkt\/vierspitzige-unterlegscheibe\/#breadcrumb","itemListElement":[{"@type":"ListItem","position":1,"name":"Home","item":"https:\/\/www.omrserrature.it\/de\/omr-serrature-sistemi-chiusura\/"},{"@type":"ListItem","position":2,"name":"Katalog","item":"https:\/\/www.omrserrature.it\/katalog\/?lang=de"},{"@type":"ListItem","position":3,"name":"Produkte","item":"https:\/\/www.omrserrature.it\/de\/katalog\/produkte\/"},{"@type":"ListItem","position":4,"name":"Zubeh\u00f6r und Ersatzteile","item":"https:\/\/www.omrserrature.it\/de\/katalog\/produkte\/zubehor-und-ersatzteile\/"},{"@type":"ListItem","position":5,"name":"Muttern - Gabelfedern - Unterlegscheiben - Dichtungen","item":"https:\/\/www.omrserrature.it\/de\/katalog\/produkte\/zubehor-und-ersatzteile\/muttern-gabelfedern-unterlegscheiben-dichtungen\/"},{"@type":"ListItem","position":6,"name":"Vierspitzige Unterlegscheibe"}]},{"@type":"WebSite","@id":"https:\/\/www.omrserrature.it\/de\/#website","url":"https:\/\/www.omrserrature.it\/de\/","name":"OMR Serrature | Produzione sistemi di chiusura","description":"Produzione serrature di sicurezza e sistemi di chiusura","publisher":{"@id":"https:\/\/www.omrserrature.it\/de\/#organization"},"potentialAction":[{"@type":"SearchAction","target":{"@type":"EntryPoint","urlTemplate":"https:\/\/www.omrserrature.it\/de\/?s={search_term_string}"},"query-input":{"@type":"PropertyValueSpecification","valueRequired":true,"valueName":"search_term_string"}}],"inLanguage":"de"},{"@type":"Organization","@id":"https:\/\/www.omrserrature.it\/de\/#organization","name":"OMR Serrature | Produzione sistemi di chiusura","url":"https:\/\/www.omrserrature.it\/de\/","logo":{"@type":"ImageObject","inLanguage":"de","@id":"https:\/\/www.omrserrature.it\/de\/#\/schema\/logo\/image\/","url":"https:\/\/www.omrserrature.it\/wp-content\/uploads\/2017\/09\/favicon-omr-114.png","contentUrl":"https:\/\/www.omrserrature.it\/wp-content\/uploads\/2017\/09\/favicon-omr-114.png","width":114,"height":114,"caption":"OMR Serrature | Produzione sistemi di chiusura"},"image":{"@id":"https:\/\/www.omrserrature.it\/de\/#\/schema\/logo\/image\/"},"sameAs":["https:\/\/www.facebook.com\/OMRserrature","https:\/\/www.linkedin.com\/company\/omrserrature\/","https:\/\/www.youtube.com\/channel\/UCxmA85z2R0EpG_6IRokiAkg"]}]}},"_links":{"self":[{"href":"https:\/\/www.omrserrature.it\/de\/wp-json\/wp\/v2\/product\/241864","targetHints":{"allow":["GET"]}}],"collection":[{"href":"https:\/\/www.omrserrature.it\/de\/wp-json\/wp\/v2\/product"}],"about":[{"href":"https:\/\/www.omrserrature.it\/de\/wp-json\/wp\/v2\/types\/product"}],"replies":[{"embeddable":true,"href":"https:\/\/www.omrserrature.it\/de\/wp-json\/wp\/v2\/comments?post=241864"}],"wp:featuredmedia":[{"embeddable":true,"href":"https:\/\/www.omrserrature.it\/de\/wp-json\/wp\/v2\/media\/10801"}],"wp:attachment":[{"href":"https:\/\/www.omrserrature.it\/de\/wp-json\/wp\/v2\/media?parent=241864"}],"wp:term":[{"taxonomy":"product_brand","embeddable":true,"href":"https:\/\/www.omrserrature.it\/de\/wp-json\/wp\/v2\/product_brand?post=241864"},{"taxonomy":"product_cat","embeddable":true,"href":"https:\/\/www.omrserrature.it\/de\/wp-json\/wp\/v2\/product_cat?post=241864"},{"taxonomy":"product_tag","embeddable":true,"href":"https:\/\/www.omrserrature.it\/de\/wp-json\/wp\/v2\/product_tag?post=241864"}],"curies":[{"name":"wp","href":"https:\/\/api.w.org\/{rel}","templated":true}]}}