{"id":241803,"date":"2022-01-19T11:30:17","date_gmt":"2019-01-22T10:30:00","guid":{"rendered":"https:\/\/www.staging6.omrserrature.it\/prodotto\/abdeckplatte-fuer-doppeltueren\/"},"modified":"2026-04-08T11:13:28","modified_gmt":"2026-04-08T09:13:28","slug":"abdeckplatte-fuer-doppeltueren","status":"publish","type":"product","link":"https:\/\/www.omrserrature.it\/de\/produkt\/abdeckplatte-fuer-doppeltueren\/","title":{"rendered":"Abdeckplatte f\u00fcr Doppelt\u00fcren"},"content":{"rendered":"<p>Mit der schwarzen Kunststoffplatte k\u00f6nnen Sie die Installation des Schlosses abschlie\u00dfen. Sie hilft dabei, das Schloss in das Produkt zu integrieren und eventuelle Unebenheiten im Installationsloch zu korrigieren. Diese Blende ist f\u00fcr den Einbau von <strong>M\u00f6belt\u00fcren<\/strong> geeignet und ist in den <a href=\"https:\/\/www.omrserrature.it\/de\/produkt\/super-class-koefferchen-artikelauswahl-fuer-glas\/\">Super Class &#8211; Glasauswahlkoffern<\/a> enthalten. <\/p>\n","protected":false},"excerpt":{"rendered":"<p>Die schwarze Kunststoffblende erm\u00f6glicht die Fertigstellung der Installation des Schlosses. Konzipiert f\u00fcr M\u00f6belt\u00fcren. <\/p>\n","protected":false},"featured_media":24724,"comment_status":"open","ping_status":"closed","template":"","meta":{"_acf_changed":false,"_et_pb_use_builder":"","_et_pb_old_content":"","_et_gb_content_width":""},"product_brand":[],"product_cat":[3815],"product_tag":[],"class_list":{"0":"post-241803","1":"product","2":"type-product","3":"status-publish","4":"has-post-thumbnail","6":"product_cat-plaketten-und-rosetten","8":"first","9":"instock","10":"shipping-taxable","11":"purchasable","12":"product-type-simple"},"acf":{"pdf1":"https:\/\/www.omrserrature.it\/wp-content\/uploads\/2022\/01\/SVAR04648_001-1.pdf"},"yoast_head":"<!-- This site is optimized with the Yoast SEO plugin v27.2 - https:\/\/yoast.com\/product\/yoast-seo-wordpress\/ -->\n<title>Abdeckplatte f\u00fcr Doppelt\u00fcren - OMR Serrature<\/title>\n<meta name=\"robots\" content=\"index, follow, max-snippet:-1, max-image-preview:large, max-video-preview:-1\" \/>\n<link rel=\"canonical\" href=\"https:\/\/www.omrserrature.it\/de\/produkt\/abdeckplatte-fuer-doppeltueren\/\" \/>\n<meta property=\"og:locale\" content=\"de_DE\" \/>\n<meta property=\"og:type\" content=\"article\" \/>\n<meta property=\"og:title\" content=\"Abdeckplatte f\u00fcr Doppelt\u00fcren - OMR Serrature\" \/>\n<meta property=\"og:description\" content=\"Die schwarze Kunststoffblende erm\u00f6glicht die Fertigstellung der Installation des Schlosses. Konzipiert f\u00fcr M\u00f6belt\u00fcren.\" \/>\n<meta property=\"og:url\" content=\"https:\/\/www.omrserrature.it\/de\/produkt\/abdeckplatte-fuer-doppeltueren\/\" \/>\n<meta property=\"og:site_name\" content=\"OMR Serrature | Produzione sistemi di chiusura\" \/>\n<meta property=\"article:publisher\" content=\"https:\/\/www.facebook.com\/OMRserrature\" \/>\n<meta property=\"article:modified_time\" content=\"2026-04-08T09:13:28+00:00\" \/>\n<meta property=\"og:image\" content=\"https:\/\/www.omrserrature.it\/wp-content\/uploads\/2022\/01\/SVAR04628-1.jpg\" \/>\n\t<meta property=\"og:image:width\" content=\"700\" \/>\n\t<meta property=\"og:image:height\" content=\"700\" \/>\n\t<meta property=\"og:image:type\" content=\"image\/jpeg\" \/>\n<meta name=\"twitter:card\" content=\"summary_large_image\" \/>\n<script type=\"application\/ld+json\" class=\"yoast-schema-graph\">{\"@context\":\"https:\/\/schema.org\",\"@graph\":[{\"@type\":\"WebPage\",\"@id\":\"https:\/\/www.omrserrature.it\/de\/produkt\/abdeckplatte-fuer-doppeltueren\/\",\"url\":\"https:\/\/www.omrserrature.it\/de\/produkt\/abdeckplatte-fuer-doppeltueren\/\",\"name\":\"Abdeckplatte f\u00fcr Doppelt\u00fcren - OMR Serrature\",\"isPartOf\":{\"@id\":\"https:\/\/www.omrserrature.it\/de\/#website\"},\"primaryImageOfPage\":{\"@id\":\"https:\/\/www.omrserrature.it\/de\/produkt\/abdeckplatte-fuer-doppeltueren\/#primaryimage\"},\"image\":{\"@id\":\"https:\/\/www.omrserrature.it\/de\/produkt\/abdeckplatte-fuer-doppeltueren\/#primaryimage\"},\"thumbnailUrl\":\"https:\/\/www.omrserrature.it\/wp-content\/uploads\/2022\/01\/SVAR04628-1.jpg\",\"datePublished\":\"2019-01-22T10:30:00+00:00\",\"dateModified\":\"2026-04-08T09:13:28+00:00\",\"breadcrumb\":{\"@id\":\"https:\/\/www.omrserrature.it\/de\/produkt\/abdeckplatte-fuer-doppeltueren\/#breadcrumb\"},\"inLanguage\":\"de\",\"potentialAction\":[{\"@type\":\"ReadAction\",\"target\":[\"https:\/\/www.omrserrature.it\/de\/produkt\/abdeckplatte-fuer-doppeltueren\/\"]}]},{\"@type\":\"ImageObject\",\"inLanguage\":\"de\",\"@id\":\"https:\/\/www.omrserrature.it\/de\/produkt\/abdeckplatte-fuer-doppeltueren\/#primaryimage\",\"url\":\"https:\/\/www.omrserrature.it\/wp-content\/uploads\/2022\/01\/SVAR04628-1.jpg\",\"contentUrl\":\"https:\/\/www.omrserrature.it\/wp-content\/uploads\/2022\/01\/SVAR04628-1.jpg\",\"width\":700,\"height\":700,\"caption\":\"SVAR04628 - Platte f\u00fcr die Montage von Schl\u00f6ssern an doppelten M\u00f6belt\u00fcren\"},{\"@type\":\"BreadcrumbList\",\"@id\":\"https:\/\/www.omrserrature.it\/de\/produkt\/abdeckplatte-fuer-doppeltueren\/#breadcrumb\",\"itemListElement\":[{\"@type\":\"ListItem\",\"position\":1,\"name\":\"Home\",\"item\":\"https:\/\/www.omrserrature.it\/de\/omr-serrature-sistemi-chiusura\/\"},{\"@type\":\"ListItem\",\"position\":2,\"name\":\"Katalog\",\"item\":\"https:\/\/www.omrserrature.it\/katalog\/?lang=de\"},{\"@type\":\"ListItem\",\"position\":3,\"name\":\"Produkte\",\"item\":\"https:\/\/www.omrserrature.it\/de\/katalog\/produkte\/\"},{\"@type\":\"ListItem\",\"position\":4,\"name\":\"Zubeh\u00f6r und Ersatzteile\",\"item\":\"https:\/\/www.omrserrature.it\/de\/katalog\/produkte\/zubehor-und-ersatzteile\/\"},{\"@type\":\"ListItem\",\"position\":5,\"name\":\"Plaketten und Rosetten\",\"item\":\"https:\/\/www.omrserrature.it\/de\/katalog\/produkte\/zubehor-und-ersatzteile\/plaketten-und-rosetten\/\"},{\"@type\":\"ListItem\",\"position\":6,\"name\":\"Abdeckplatte f\u00fcr Doppelt\u00fcren\"}]},{\"@type\":\"WebSite\",\"@id\":\"https:\/\/www.omrserrature.it\/de\/#website\",\"url\":\"https:\/\/www.omrserrature.it\/de\/\",\"name\":\"OMR Serrature | Produzione sistemi di chiusura\",\"description\":\"Produzione serrature di sicurezza e sistemi di chiusura\",\"publisher\":{\"@id\":\"https:\/\/www.omrserrature.it\/de\/#organization\"},\"potentialAction\":[{\"@type\":\"SearchAction\",\"target\":{\"@type\":\"EntryPoint\",\"urlTemplate\":\"https:\/\/www.omrserrature.it\/de\/?s={search_term_string}\"},\"query-input\":{\"@type\":\"PropertyValueSpecification\",\"valueRequired\":true,\"valueName\":\"search_term_string\"}}],\"inLanguage\":\"de\"},{\"@type\":\"Organization\",\"@id\":\"https:\/\/www.omrserrature.it\/de\/#organization\",\"name\":\"OMR Serrature | Produzione sistemi di chiusura\",\"url\":\"https:\/\/www.omrserrature.it\/de\/\",\"logo\":{\"@type\":\"ImageObject\",\"inLanguage\":\"de\",\"@id\":\"https:\/\/www.omrserrature.it\/de\/#\/schema\/logo\/image\/\",\"url\":\"https:\/\/www.omrserrature.it\/wp-content\/uploads\/2017\/09\/favicon-omr-114.png\",\"contentUrl\":\"https:\/\/www.omrserrature.it\/wp-content\/uploads\/2017\/09\/favicon-omr-114.png\",\"width\":114,\"height\":114,\"caption\":\"OMR Serrature | Produzione sistemi di chiusura\"},\"image\":{\"@id\":\"https:\/\/www.omrserrature.it\/de\/#\/schema\/logo\/image\/\"},\"sameAs\":[\"https:\/\/www.facebook.com\/OMRserrature\",\"https:\/\/www.linkedin.com\/company\/omrserrature\/\",\"https:\/\/www.youtube.com\/channel\/UCxmA85z2R0EpG_6IRokiAkg\"]}]}<\/script>\n<!-- \/ Yoast SEO plugin. -->","yoast_head_json":{"title":"Abdeckplatte f\u00fcr Doppelt\u00fcren - OMR Serrature","robots":{"index":"index","follow":"follow","max-snippet":"max-snippet:-1","max-image-preview":"max-image-preview:large","max-video-preview":"max-video-preview:-1"},"canonical":"https:\/\/www.omrserrature.it\/de\/produkt\/abdeckplatte-fuer-doppeltueren\/","og_locale":"de_DE","og_type":"article","og_title":"Abdeckplatte f\u00fcr Doppelt\u00fcren - OMR Serrature","og_description":"Die schwarze Kunststoffblende erm\u00f6glicht die Fertigstellung der Installation des Schlosses. Konzipiert f\u00fcr M\u00f6belt\u00fcren.","og_url":"https:\/\/www.omrserrature.it\/de\/produkt\/abdeckplatte-fuer-doppeltueren\/","og_site_name":"OMR Serrature | Produzione sistemi di chiusura","article_publisher":"https:\/\/www.facebook.com\/OMRserrature","article_modified_time":"2026-04-08T09:13:28+00:00","og_image":[{"width":700,"height":700,"url":"https:\/\/www.omrserrature.it\/wp-content\/uploads\/2022\/01\/SVAR04628-1.jpg","type":"image\/jpeg"}],"twitter_card":"summary_large_image","schema":{"@context":"https:\/\/schema.org","@graph":[{"@type":"WebPage","@id":"https:\/\/www.omrserrature.it\/de\/produkt\/abdeckplatte-fuer-doppeltueren\/","url":"https:\/\/www.omrserrature.it\/de\/produkt\/abdeckplatte-fuer-doppeltueren\/","name":"Abdeckplatte f\u00fcr Doppelt\u00fcren - OMR Serrature","isPartOf":{"@id":"https:\/\/www.omrserrature.it\/de\/#website"},"primaryImageOfPage":{"@id":"https:\/\/www.omrserrature.it\/de\/produkt\/abdeckplatte-fuer-doppeltueren\/#primaryimage"},"image":{"@id":"https:\/\/www.omrserrature.it\/de\/produkt\/abdeckplatte-fuer-doppeltueren\/#primaryimage"},"thumbnailUrl":"https:\/\/www.omrserrature.it\/wp-content\/uploads\/2022\/01\/SVAR04628-1.jpg","datePublished":"2019-01-22T10:30:00+00:00","dateModified":"2026-04-08T09:13:28+00:00","breadcrumb":{"@id":"https:\/\/www.omrserrature.it\/de\/produkt\/abdeckplatte-fuer-doppeltueren\/#breadcrumb"},"inLanguage":"de","potentialAction":[{"@type":"ReadAction","target":["https:\/\/www.omrserrature.it\/de\/produkt\/abdeckplatte-fuer-doppeltueren\/"]}]},{"@type":"ImageObject","inLanguage":"de","@id":"https:\/\/www.omrserrature.it\/de\/produkt\/abdeckplatte-fuer-doppeltueren\/#primaryimage","url":"https:\/\/www.omrserrature.it\/wp-content\/uploads\/2022\/01\/SVAR04628-1.jpg","contentUrl":"https:\/\/www.omrserrature.it\/wp-content\/uploads\/2022\/01\/SVAR04628-1.jpg","width":700,"height":700,"caption":"SVAR04628 - Platte f\u00fcr die Montage von Schl\u00f6ssern an doppelten M\u00f6belt\u00fcren"},{"@type":"BreadcrumbList","@id":"https:\/\/www.omrserrature.it\/de\/produkt\/abdeckplatte-fuer-doppeltueren\/#breadcrumb","itemListElement":[{"@type":"ListItem","position":1,"name":"Home","item":"https:\/\/www.omrserrature.it\/de\/omr-serrature-sistemi-chiusura\/"},{"@type":"ListItem","position":2,"name":"Katalog","item":"https:\/\/www.omrserrature.it\/katalog\/?lang=de"},{"@type":"ListItem","position":3,"name":"Produkte","item":"https:\/\/www.omrserrature.it\/de\/katalog\/produkte\/"},{"@type":"ListItem","position":4,"name":"Zubeh\u00f6r und Ersatzteile","item":"https:\/\/www.omrserrature.it\/de\/katalog\/produkte\/zubehor-und-ersatzteile\/"},{"@type":"ListItem","position":5,"name":"Plaketten und Rosetten","item":"https:\/\/www.omrserrature.it\/de\/katalog\/produkte\/zubehor-und-ersatzteile\/plaketten-und-rosetten\/"},{"@type":"ListItem","position":6,"name":"Abdeckplatte f\u00fcr Doppelt\u00fcren"}]},{"@type":"WebSite","@id":"https:\/\/www.omrserrature.it\/de\/#website","url":"https:\/\/www.omrserrature.it\/de\/","name":"OMR Serrature | Produzione sistemi di chiusura","description":"Produzione serrature di sicurezza e sistemi di chiusura","publisher":{"@id":"https:\/\/www.omrserrature.it\/de\/#organization"},"potentialAction":[{"@type":"SearchAction","target":{"@type":"EntryPoint","urlTemplate":"https:\/\/www.omrserrature.it\/de\/?s={search_term_string}"},"query-input":{"@type":"PropertyValueSpecification","valueRequired":true,"valueName":"search_term_string"}}],"inLanguage":"de"},{"@type":"Organization","@id":"https:\/\/www.omrserrature.it\/de\/#organization","name":"OMR Serrature | Produzione sistemi di chiusura","url":"https:\/\/www.omrserrature.it\/de\/","logo":{"@type":"ImageObject","inLanguage":"de","@id":"https:\/\/www.omrserrature.it\/de\/#\/schema\/logo\/image\/","url":"https:\/\/www.omrserrature.it\/wp-content\/uploads\/2017\/09\/favicon-omr-114.png","contentUrl":"https:\/\/www.omrserrature.it\/wp-content\/uploads\/2017\/09\/favicon-omr-114.png","width":114,"height":114,"caption":"OMR Serrature | Produzione sistemi di chiusura"},"image":{"@id":"https:\/\/www.omrserrature.it\/de\/#\/schema\/logo\/image\/"},"sameAs":["https:\/\/www.facebook.com\/OMRserrature","https:\/\/www.linkedin.com\/company\/omrserrature\/","https:\/\/www.youtube.com\/channel\/UCxmA85z2R0EpG_6IRokiAkg"]}]}},"_links":{"self":[{"href":"https:\/\/www.omrserrature.it\/de\/wp-json\/wp\/v2\/product\/241803","targetHints":{"allow":["GET"]}}],"collection":[{"href":"https:\/\/www.omrserrature.it\/de\/wp-json\/wp\/v2\/product"}],"about":[{"href":"https:\/\/www.omrserrature.it\/de\/wp-json\/wp\/v2\/types\/product"}],"replies":[{"embeddable":true,"href":"https:\/\/www.omrserrature.it\/de\/wp-json\/wp\/v2\/comments?post=241803"}],"wp:featuredmedia":[{"embeddable":true,"href":"https:\/\/www.omrserrature.it\/de\/wp-json\/wp\/v2\/media\/24724"}],"wp:attachment":[{"href":"https:\/\/www.omrserrature.it\/de\/wp-json\/wp\/v2\/media?parent=241803"}],"wp:term":[{"taxonomy":"product_brand","embeddable":true,"href":"https:\/\/www.omrserrature.it\/de\/wp-json\/wp\/v2\/product_brand?post=241803"},{"taxonomy":"product_cat","embeddable":true,"href":"https:\/\/www.omrserrature.it\/de\/wp-json\/wp\/v2\/product_cat?post=241803"},{"taxonomy":"product_tag","embeddable":true,"href":"https:\/\/www.omrserrature.it\/de\/wp-json\/wp\/v2\/product_tag?post=241803"}],"curies":[{"name":"wp","href":"https:\/\/api.w.org\/{rel}","templated":true}]}}