{"id":241657,"date":"2017-10-09T16:02:18","date_gmt":"2009-10-17T14:02:00","guid":{"rendered":"https:\/\/www.staging6.omrserrature.it\/prodotto\/mikro-hebelschloss\/"},"modified":"2026-04-08T13:13:00","modified_gmt":"2026-04-08T11:13:00","slug":"mikro-hebelschloss","status":"publish","type":"product","link":"https:\/\/www.omrserrature.it\/de\/produkt\/mikro-hebelschloss\/","title":{"rendered":"Mikro-Hebelschloss"},"content":{"rendered":"<p>Das<strong>universelle Hebel-Minischloss<\/strong> mit zylinderpl\u00e4ttchenzylinder geh\u00f6rt sicherlich zu den beliebtesten Schl\u00f6ssern, da es extrem vielseitig ist. Der vernickelte Messingschl\u00fcssel bewegt den zentralen Pl\u00e4ttchenzylinder, der sich in einem Geh\u00e4use aus einer Zinklegierung befindet, das Stator, Buchse oder K\u00f6rper genannt wird. Der Durchmesser ist an zwei gegen\u00fcberliegenden Seiten (Seitenplatten) gefr\u00e4st, die ein doppeltes D bilden, um die Drehung der Sperrklinke an der M\u00f6belt\u00fcr zu verhindern. Die Bet\u00e4tigung des <strong>hinteren Hebels<\/strong> bestimmt den Abschluss oder die \u00d6ffnung des Mini-Camlocks.   <\/p>\n<p>Der Korpus und der Zylinder dieses Schlosses bestehen aus einer Zinklegierung, w\u00e4hrend der Hebel aus Stahl gefertigt ist. Die 7-mm-Vierkantklemme erm\u00f6glicht au\u00dferdem den Einbau verschiedener <strong>gerader, gekr\u00f6pfter oder gehakter Zungen<\/strong> sowie von Mehrpunkt-Hebeln f\u00fcr die Bewegung von Stangen, Stiften oder Druckkn\u00f6pfen f\u00fcr den <strong>mehrfachen und zentralen Abschluss von Schubladen<\/strong>. Die 1\/4-Drehung Hebel Schl\u00f6sser k\u00f6nnen auch <strong>wasserdicht<\/strong> gemacht werden <strong>, mit Schutz vor Staub und Wasser<\/strong>, dank <strong>Technopolymer<\/strong>, ein spezieller &#8218;Metall-Kunststoff&#8216;, der mechanische Leistungen auf dem Niveau einer Aluminiumlegierung, <strong>Best\u00e4ndigkeit gegen Witterungseinfl\u00fcsse und Korrosion<\/strong> garantiert, sowie eine perfekte Integration mit dem fertigen Produkt, dank der breiten Palette an verf\u00fcgbaren Farben.  <\/p>\n<p>Zahlreiche Modelle f\u00fcr unterschiedliche Bewegungen, T\u00fcrst\u00e4rken von 0,5 bis 27 mm und Schl\u00fcsselabzug im ge\u00f6ffneten und im geschlossenen Zustand (oder nur im geschlossenen Zustand). Der <strong>K\u00f6rper mit Vollgewinde<\/strong> erm\u00f6glicht die Befestigung mit der Mutter.<\/p>\n<p>Das universelle Mini-M\u00f6belt\u00fcrenschloss wird <strong>aufgrund seiner geringen Gr\u00f6\u00dfe<\/strong> in Anwendungen eingesetzt, bei denen der Platz f\u00fcr den Einbau begrenzt ist, z.B. Hygiene- und Sanit\u00e4rprodukte wie <b>Seifenspender<\/b> und <b>Handtuchspender<\/b>, Diebstahlsicherungssysteme, Objektm\u00f6bel f\u00fcr Arztpraxen und Krankenhausumgebungen, Objektm\u00f6bel f\u00fcr Gesch\u00e4fte, Displays, Briefk\u00e4sten und Mailboxen<strong>, <\/strong>Aufbewahrungsbeh\u00e4lter, Schlie\u00dff\u00e4cher f\u00fcr Umkleider\u00e4ume, Industrieschr\u00e4nke, Motorrad- und E-Bike-Koffer, Spiel-, Automaten- und Autowaschanlagen.<\/p>\n","protected":false},"excerpt":{"rendered":"<p>Das <strong>universelle Mini-Zunge-Schloss<\/strong> wird <strong>dank seiner geringen Gr\u00f6\u00dfe<\/strong> bei Anwendungen eingesetzt, bei denen der Einbauraum begrenzt ist.<\/p>\n","protected":false},"featured_media":18493,"comment_status":"open","ping_status":"closed","template":"","meta":{"_acf_changed":false,"_et_pb_use_builder":"","_et_pb_old_content":"","_et_gb_content_width":""},"product_brand":[],"product_cat":[3765,3768,3767,3855,3876,3837,3796,3825,3829,3772,3799,3861,3828,3864,3841,3845,3843,3832,3842,3847,3852,3835,3856,3851,3857,3830,3848,3827,3866,3839,3870,3850,3853,3854,3788,3831,3860,3777,3802],"product_tag":[],"class_list":{"0":"post-241657","1":"product","2":"type-product","3":"status-publish","4":"has-post-thumbnail","6":"product_cat-abschlusssysteme-fur-die-industrie","7":"product_cat-automatisierung-und-hausautomation","8":"product_cat-bank-und-postwesen","9":"product_cat-briefkastenschlosser","10":"product_cat-flugelturen","11":"product_cat-gdpr-konformes-schrankschloss","12":"product_cat-hauptschlussel-schlosser","13":"product_cat-hebel-schlosser","14":"product_cat-kabinett-schlosser","15":"product_cat-krankenhauser-und-gesundheitsbereich","16":"product_cat-mikro-schlosser","17":"product_cat-mobelturen","18":"product_cat-professionelle-mobelschlosser","19":"product_cat-schliesfacher-fur-schliesfacher","20":"product_cat-schloss-fur-umschalter","21":"product_cat-schlosser-fur-automaten","22":"product_cat-schlosser-fur-automatische-lagerhauser","23":"product_cat-schlosser-fur-briefkasten","24":"product_cat-schlosser-fur-die-elektromechanische-industrie","25":"product_cat-schlosser-fur-gefahrstoffschranke","26":"product_cat-schlosser-fur-industrieschranke","27":"product_cat-schlosser-fur-mobel","28":"product_cat-schlosser-fur-paketkasten","29":"product_cat-schlosser-fur-pflanzenschutzschranke","30":"product_cat-schlosser-fur-postfacher","31":"product_cat-schlosser-fur-professionelle-trolleys","32":"product_cat-schlosser-fur-psa-schranke","33":"product_cat-schlosser-fur-schaltschranke","34":"product_cat-schlosser-fur-schilder","35":"product_cat-schlosser-fur-schrankfronten","36":"product_cat-schlosser-fur-sicherheitsmobel","37":"product_cat-schlosser-fur-skischranke","38":"product_cat-schlosser-fur-tresore","39":"product_cat-schlosser-fur-waffenstander","40":"product_cat-schlosser-mit-abnehmbarem-zylinder","41":"product_cat-sicherheitsschlosser","42":"product_cat-turschlosser","43":"product_cat-universalschlosser-mit-zylinderplattchen","44":"product_cat-wasserdichte-rostfreie-schlosser","46":"first","47":"instock","48":"shipping-taxable","49":"purchasable","50":"product-type-variable"},"acf":{"pdf1":"https:\/\/www.omrserrature.it\/wp-content\/uploads\/2017\/10\/Scheda_162400.pdf"},"yoast_head":"<!-- This site is optimized with the Yoast SEO plugin v27.2 - https:\/\/yoast.com\/product\/yoast-seo-wordpress\/ -->\n<title>Mikro-Hebelschloss - OMR Serrature<\/title>\n<meta name=\"robots\" content=\"index, follow, max-snippet:-1, max-image-preview:large, max-video-preview:-1\" \/>\n<link rel=\"canonical\" href=\"https:\/\/www.omrserrature.it\/de\/produkt\/mikro-hebelschloss\/\" \/>\n<meta property=\"og:locale\" content=\"de_DE\" \/>\n<meta property=\"og:type\" content=\"article\" \/>\n<meta property=\"og:title\" content=\"Mikro-Hebelschloss - OMR Serrature\" \/>\n<meta property=\"og:description\" content=\"Das universelle Mini-Zunge-Schloss wird dank seiner geringen Gr\u00f6\u00dfe bei Anwendungen eingesetzt, bei denen der Einbauraum begrenzt ist.\" \/>\n<meta property=\"og:url\" content=\"https:\/\/www.omrserrature.it\/de\/produkt\/mikro-hebelschloss\/\" \/>\n<meta property=\"og:site_name\" content=\"OMR Serrature | Produzione sistemi di chiusura\" \/>\n<meta property=\"article:publisher\" content=\"https:\/\/www.facebook.com\/OMRserrature\" \/>\n<meta property=\"article:modified_time\" content=\"2026-04-08T11:13:00+00:00\" \/>\n<meta property=\"og:image\" content=\"https:\/\/www.omrserrature.it\/wp-content\/uploads\/2017\/10\/Microserratura-universale.jpg\" \/>\n\t<meta property=\"og:image:width\" content=\"600\" \/>\n\t<meta property=\"og:image:height\" content=\"600\" \/>\n\t<meta property=\"og:image:type\" content=\"image\/jpeg\" \/>\n<meta name=\"twitter:card\" content=\"summary_large_image\" \/>\n<meta name=\"twitter:label1\" content=\"Gesch\u00e4tzte Lesezeit\" \/>\n\t<meta name=\"twitter:data1\" content=\"2\u00a0Minuten\" \/>\n<script type=\"application\/ld+json\" class=\"yoast-schema-graph\">{\"@context\":\"https:\/\/schema.org\",\"@graph\":[{\"@type\":\"WebPage\",\"@id\":\"https:\/\/www.omrserrature.it\/de\/produkt\/mikro-hebelschloss\/\",\"url\":\"https:\/\/www.omrserrature.it\/de\/produkt\/mikro-hebelschloss\/\",\"name\":\"Mikro-Hebelschloss - OMR Serrature\",\"isPartOf\":{\"@id\":\"https:\/\/www.omrserrature.it\/de\/#website\"},\"primaryImageOfPage\":{\"@id\":\"https:\/\/www.omrserrature.it\/de\/produkt\/mikro-hebelschloss\/#primaryimage\"},\"image\":{\"@id\":\"https:\/\/www.omrserrature.it\/de\/produkt\/mikro-hebelschloss\/#primaryimage\"},\"thumbnailUrl\":\"https:\/\/www.omrserrature.it\/wp-content\/uploads\/2017\/10\/Microserratura-universale.jpg\",\"datePublished\":\"2009-10-17T14:02:00+00:00\",\"dateModified\":\"2026-04-08T11:13:00+00:00\",\"breadcrumb\":{\"@id\":\"https:\/\/www.omrserrature.it\/de\/produkt\/mikro-hebelschloss\/#breadcrumb\"},\"inLanguage\":\"de\",\"potentialAction\":[{\"@type\":\"ReadAction\",\"target\":[\"https:\/\/www.omrserrature.it\/de\/produkt\/mikro-hebelschloss\/\"]}]},{\"@type\":\"ImageObject\",\"inLanguage\":\"de\",\"@id\":\"https:\/\/www.omrserrature.it\/de\/produkt\/mikro-hebelschloss\/#primaryimage\",\"url\":\"https:\/\/www.omrserrature.it\/wp-content\/uploads\/2017\/10\/Microserratura-universale.jpg\",\"contentUrl\":\"https:\/\/www.omrserrature.it\/wp-content\/uploads\/2017\/10\/Microserratura-universale.jpg\",\"width\":600,\"height\":600,\"caption\":\"Mikro-Schloss Universal-Mikro-Schloss, Hebel-Schloss\"},{\"@type\":\"BreadcrumbList\",\"@id\":\"https:\/\/www.omrserrature.it\/de\/produkt\/mikro-hebelschloss\/#breadcrumb\",\"itemListElement\":[{\"@type\":\"ListItem\",\"position\":1,\"name\":\"Home\",\"item\":\"https:\/\/www.omrserrature.it\/de\/omr-serrature-sistemi-chiusura\/\"},{\"@type\":\"ListItem\",\"position\":2,\"name\":\"Katalog\",\"item\":\"https:\/\/www.omrserrature.it\/katalog\/?lang=de\"},{\"@type\":\"ListItem\",\"position\":3,\"name\":\"Produkte\",\"item\":\"https:\/\/www.omrserrature.it\/de\/katalog\/produkte\/\"},{\"@type\":\"ListItem\",\"position\":4,\"name\":\"Schloesser\",\"item\":\"https:\/\/www.omrserrature.it\/de\/katalog\/produkte\/schloesser\/\"},{\"@type\":\"ListItem\",\"position\":5,\"name\":\"Hebel Schl\u00f6sser\",\"item\":\"https:\/\/www.omrserrature.it\/de\/katalog\/produkte\/schloesser\/hebel-schlosser\/\"},{\"@type\":\"ListItem\",\"position\":6,\"name\":\"Mikro-Hebelschloss\"}]},{\"@type\":\"WebSite\",\"@id\":\"https:\/\/www.omrserrature.it\/de\/#website\",\"url\":\"https:\/\/www.omrserrature.it\/de\/\",\"name\":\"OMR Serrature | Produzione sistemi di chiusura\",\"description\":\"Produzione serrature di sicurezza e sistemi di chiusura\",\"publisher\":{\"@id\":\"https:\/\/www.omrserrature.it\/de\/#organization\"},\"potentialAction\":[{\"@type\":\"SearchAction\",\"target\":{\"@type\":\"EntryPoint\",\"urlTemplate\":\"https:\/\/www.omrserrature.it\/de\/?s={search_term_string}\"},\"query-input\":{\"@type\":\"PropertyValueSpecification\",\"valueRequired\":true,\"valueName\":\"search_term_string\"}}],\"inLanguage\":\"de\"},{\"@type\":\"Organization\",\"@id\":\"https:\/\/www.omrserrature.it\/de\/#organization\",\"name\":\"OMR Serrature | Produzione sistemi di chiusura\",\"url\":\"https:\/\/www.omrserrature.it\/de\/\",\"logo\":{\"@type\":\"ImageObject\",\"inLanguage\":\"de\",\"@id\":\"https:\/\/www.omrserrature.it\/de\/#\/schema\/logo\/image\/\",\"url\":\"https:\/\/www.omrserrature.it\/wp-content\/uploads\/2017\/09\/favicon-omr-114.png\",\"contentUrl\":\"https:\/\/www.omrserrature.it\/wp-content\/uploads\/2017\/09\/favicon-omr-114.png\",\"width\":114,\"height\":114,\"caption\":\"OMR Serrature | Produzione sistemi di chiusura\"},\"image\":{\"@id\":\"https:\/\/www.omrserrature.it\/de\/#\/schema\/logo\/image\/\"},\"sameAs\":[\"https:\/\/www.facebook.com\/OMRserrature\",\"https:\/\/www.linkedin.com\/company\/omrserrature\/\",\"https:\/\/www.youtube.com\/channel\/UCxmA85z2R0EpG_6IRokiAkg\"]}]}<\/script>\n<!-- \/ Yoast SEO plugin. -->","yoast_head_json":{"title":"Mikro-Hebelschloss - OMR Serrature","robots":{"index":"index","follow":"follow","max-snippet":"max-snippet:-1","max-image-preview":"max-image-preview:large","max-video-preview":"max-video-preview:-1"},"canonical":"https:\/\/www.omrserrature.it\/de\/produkt\/mikro-hebelschloss\/","og_locale":"de_DE","og_type":"article","og_title":"Mikro-Hebelschloss - OMR Serrature","og_description":"Das universelle Mini-Zunge-Schloss wird dank seiner geringen Gr\u00f6\u00dfe bei Anwendungen eingesetzt, bei denen der Einbauraum begrenzt ist.","og_url":"https:\/\/www.omrserrature.it\/de\/produkt\/mikro-hebelschloss\/","og_site_name":"OMR Serrature | Produzione sistemi di chiusura","article_publisher":"https:\/\/www.facebook.com\/OMRserrature","article_modified_time":"2026-04-08T11:13:00+00:00","og_image":[{"width":600,"height":600,"url":"https:\/\/www.omrserrature.it\/wp-content\/uploads\/2017\/10\/Microserratura-universale.jpg","type":"image\/jpeg"}],"twitter_card":"summary_large_image","twitter_misc":{"Gesch\u00e4tzte Lesezeit":"2\u00a0Minuten"},"schema":{"@context":"https:\/\/schema.org","@graph":[{"@type":"WebPage","@id":"https:\/\/www.omrserrature.it\/de\/produkt\/mikro-hebelschloss\/","url":"https:\/\/www.omrserrature.it\/de\/produkt\/mikro-hebelschloss\/","name":"Mikro-Hebelschloss - OMR Serrature","isPartOf":{"@id":"https:\/\/www.omrserrature.it\/de\/#website"},"primaryImageOfPage":{"@id":"https:\/\/www.omrserrature.it\/de\/produkt\/mikro-hebelschloss\/#primaryimage"},"image":{"@id":"https:\/\/www.omrserrature.it\/de\/produkt\/mikro-hebelschloss\/#primaryimage"},"thumbnailUrl":"https:\/\/www.omrserrature.it\/wp-content\/uploads\/2017\/10\/Microserratura-universale.jpg","datePublished":"2009-10-17T14:02:00+00:00","dateModified":"2026-04-08T11:13:00+00:00","breadcrumb":{"@id":"https:\/\/www.omrserrature.it\/de\/produkt\/mikro-hebelschloss\/#breadcrumb"},"inLanguage":"de","potentialAction":[{"@type":"ReadAction","target":["https:\/\/www.omrserrature.it\/de\/produkt\/mikro-hebelschloss\/"]}]},{"@type":"ImageObject","inLanguage":"de","@id":"https:\/\/www.omrserrature.it\/de\/produkt\/mikro-hebelschloss\/#primaryimage","url":"https:\/\/www.omrserrature.it\/wp-content\/uploads\/2017\/10\/Microserratura-universale.jpg","contentUrl":"https:\/\/www.omrserrature.it\/wp-content\/uploads\/2017\/10\/Microserratura-universale.jpg","width":600,"height":600,"caption":"Mikro-Schloss Universal-Mikro-Schloss, Hebel-Schloss"},{"@type":"BreadcrumbList","@id":"https:\/\/www.omrserrature.it\/de\/produkt\/mikro-hebelschloss\/#breadcrumb","itemListElement":[{"@type":"ListItem","position":1,"name":"Home","item":"https:\/\/www.omrserrature.it\/de\/omr-serrature-sistemi-chiusura\/"},{"@type":"ListItem","position":2,"name":"Katalog","item":"https:\/\/www.omrserrature.it\/katalog\/?lang=de"},{"@type":"ListItem","position":3,"name":"Produkte","item":"https:\/\/www.omrserrature.it\/de\/katalog\/produkte\/"},{"@type":"ListItem","position":4,"name":"Schloesser","item":"https:\/\/www.omrserrature.it\/de\/katalog\/produkte\/schloesser\/"},{"@type":"ListItem","position":5,"name":"Hebel Schl\u00f6sser","item":"https:\/\/www.omrserrature.it\/de\/katalog\/produkte\/schloesser\/hebel-schlosser\/"},{"@type":"ListItem","position":6,"name":"Mikro-Hebelschloss"}]},{"@type":"WebSite","@id":"https:\/\/www.omrserrature.it\/de\/#website","url":"https:\/\/www.omrserrature.it\/de\/","name":"OMR Serrature | Produzione sistemi di chiusura","description":"Produzione serrature di sicurezza e sistemi di chiusura","publisher":{"@id":"https:\/\/www.omrserrature.it\/de\/#organization"},"potentialAction":[{"@type":"SearchAction","target":{"@type":"EntryPoint","urlTemplate":"https:\/\/www.omrserrature.it\/de\/?s={search_term_string}"},"query-input":{"@type":"PropertyValueSpecification","valueRequired":true,"valueName":"search_term_string"}}],"inLanguage":"de"},{"@type":"Organization","@id":"https:\/\/www.omrserrature.it\/de\/#organization","name":"OMR Serrature | Produzione sistemi di chiusura","url":"https:\/\/www.omrserrature.it\/de\/","logo":{"@type":"ImageObject","inLanguage":"de","@id":"https:\/\/www.omrserrature.it\/de\/#\/schema\/logo\/image\/","url":"https:\/\/www.omrserrature.it\/wp-content\/uploads\/2017\/09\/favicon-omr-114.png","contentUrl":"https:\/\/www.omrserrature.it\/wp-content\/uploads\/2017\/09\/favicon-omr-114.png","width":114,"height":114,"caption":"OMR Serrature | Produzione sistemi di chiusura"},"image":{"@id":"https:\/\/www.omrserrature.it\/de\/#\/schema\/logo\/image\/"},"sameAs":["https:\/\/www.facebook.com\/OMRserrature","https:\/\/www.linkedin.com\/company\/omrserrature\/","https:\/\/www.youtube.com\/channel\/UCxmA85z2R0EpG_6IRokiAkg"]}]}},"_links":{"self":[{"href":"https:\/\/www.omrserrature.it\/de\/wp-json\/wp\/v2\/product\/241657","targetHints":{"allow":["GET"]}}],"collection":[{"href":"https:\/\/www.omrserrature.it\/de\/wp-json\/wp\/v2\/product"}],"about":[{"href":"https:\/\/www.omrserrature.it\/de\/wp-json\/wp\/v2\/types\/product"}],"replies":[{"embeddable":true,"href":"https:\/\/www.omrserrature.it\/de\/wp-json\/wp\/v2\/comments?post=241657"}],"wp:featuredmedia":[{"embeddable":true,"href":"https:\/\/www.omrserrature.it\/de\/wp-json\/wp\/v2\/media\/18493"}],"wp:attachment":[{"href":"https:\/\/www.omrserrature.it\/de\/wp-json\/wp\/v2\/media?parent=241657"}],"wp:term":[{"taxonomy":"product_brand","embeddable":true,"href":"https:\/\/www.omrserrature.it\/de\/wp-json\/wp\/v2\/product_brand?post=241657"},{"taxonomy":"product_cat","embeddable":true,"href":"https:\/\/www.omrserrature.it\/de\/wp-json\/wp\/v2\/product_cat?post=241657"},{"taxonomy":"product_tag","embeddable":true,"href":"https:\/\/www.omrserrature.it\/de\/wp-json\/wp\/v2\/product_tag?post=241657"}],"curies":[{"name":"wp","href":"https:\/\/api.w.org\/{rel}","templated":true}]}}