{"id":241651,"date":"2017-12-11T11:19:22","date_gmt":"2011-12-17T10:19:00","guid":{"rendered":"https:\/\/www.staging6.omrserrature.it\/prodotto\/knebel-o16\/"},"modified":"2026-04-08T11:59:35","modified_gmt":"2026-04-08T09:59:35","slug":"knebel-o16","status":"publish","type":"product","link":"https:\/\/www.omrserrature.it\/de\/produkt\/knebel-o16\/","title":{"rendered":"Knebel \u00d816"},"content":{"rendered":"<p>Das <strong>1\/4-Drehschloss mit Mikromechanismus <\/strong>besteht aus einem Zylinder aus Zinklegierung, der sich dank einer Fl\u00fcgelmutter dreht, den Hebel bewegt und das \u00d6ffnen oder Schlie\u00dfen bestimmt.<\/p>\n<p>Das quadratische 7er-Terminal erm\u00f6glicht au\u00dferdem den Einbau einer Vielzahl von <strong>geraden, gekr\u00f6pften und Hakenzungen <\/strong>, so dass es sich an jede Anforderung an den Abschluss anpassen l\u00e4sst.<strong> <\/strong>Der ergonomische Griff wird wegen seiner besonderen Form, die an den Kamm eines Hahns erinnert, &#8218;Hahn&#8216; genannt. Die 1\/4-Drehung-Mikromanille wird mit einer Mutter auf Blechen verschiedener St\u00e4rken in einer quadratischen Befestigungsschablone befestigt. In der gleichen Montagebohrung k\u00f6nnen auch andere Produkte montiert werden, z.B. die Mikromanille mit Abschluss (165640), das Dreikantschloss 5 (165641) und das universelle Vierkantschloss (165642).<\/p>\n<p>Die Hauptanwendungen f\u00fcr den Knebel sind Rack-Schr\u00e4nke, Serverschr\u00e4nke, Schlie\u00dff\u00e4cher in Wohnwagen und Wohnmobilen, Schaltpulten, Stroms\u00e4ulen, Sicherungskasten.<\/p>\n","protected":false},"excerpt":{"rendered":"<p>Das <strong>1\/4-Drehschloss mit Mikromechanismus <\/strong>besteht aus einem Zylinder aus Zinklegierung, der sich dank einer Fl\u00fcgelmutter dreht, den Hebel bewegt und so das \u00d6ffnen oder Schlie\u00dfen bestimmt.<\/p>\n<p>Ein perfektes Schloss f\u00fcr Rackschr\u00e4nke, Schaltschr\u00e4nke und Kontrollt\u00fcren.<\/p>\n","protected":false},"featured_media":3205,"comment_status":"open","ping_status":"closed","template":"","meta":{"_acf_changed":false,"_et_pb_use_builder":"","_et_pb_old_content":"","_et_gb_content_width":""},"product_brand":[],"product_cat":[3765,3837,3779,3825,3799,3852,3827,3797,3860],"product_tag":[],"class_list":{"0":"post-241651","1":"product","2":"type-product","3":"status-publish","4":"has-post-thumbnail","6":"product_cat-abschlusssysteme-fur-die-industrie","7":"product_cat-gdpr-konformes-schrankschloss","8":"product_cat-griffe-und-knopfe","9":"product_cat-hebel-schlosser","10":"product_cat-mikro-schlosser","11":"product_cat-schlosser-fur-industrieschranke","12":"product_cat-schlosser-fur-schaltschranke","13":"product_cat-schlosser-mit-drehbarem-griff","14":"product_cat-turschlosser","16":"first","17":"instock","18":"shipping-taxable","19":"purchasable","20":"product-type-variable"},"acf":{"pdf1":"https:\/\/www.omrserrature.it\/wp-content\/uploads\/2017\/12\/Scheda-165639.pdf"},"yoast_head":"<!-- This site is optimized with the Yoast SEO plugin v27.2 - https:\/\/yoast.com\/product\/yoast-seo-wordpress\/ -->\n<title>Knebel \u00d816 - OMR Serrature<\/title>\n<meta name=\"robots\" content=\"index, follow, max-snippet:-1, max-image-preview:large, max-video-preview:-1\" \/>\n<link rel=\"canonical\" href=\"https:\/\/www.omrserrature.it\/de\/produkt\/knebel-o16\/\" \/>\n<meta property=\"og:locale\" content=\"de_DE\" \/>\n<meta property=\"og:type\" content=\"article\" \/>\n<meta property=\"og:title\" content=\"Knebel \u00d816 - OMR Serrature\" \/>\n<meta property=\"og:description\" content=\"Das 1\/4-Drehschloss mit Mikromechanismus besteht aus einem Zylinder aus Zinklegierung, der sich dank einer Fl\u00fcgelmutter dreht, den Hebel bewegt und so das \u00d6ffnen oder Schlie\u00dfen bestimmt. Ein perfektes Schloss f\u00fcr Rackschr\u00e4nke, Schaltschr\u00e4nke und Kontrollt\u00fcren.\" \/>\n<meta property=\"og:url\" content=\"https:\/\/www.omrserrature.it\/de\/produkt\/knebel-o16\/\" \/>\n<meta property=\"og:site_name\" content=\"OMR Serrature | Produzione sistemi di chiusura\" \/>\n<meta property=\"article:publisher\" content=\"https:\/\/www.facebook.com\/OMRserrature\" \/>\n<meta property=\"article:modified_time\" content=\"2026-04-08T09:59:35+00:00\" \/>\n<meta property=\"og:image\" content=\"https:\/\/www.omrserrature.it\/wp-content\/uploads\/2017\/10\/micromaniglia-rack.jpg\" \/>\n\t<meta property=\"og:image:width\" content=\"562\" \/>\n\t<meta property=\"og:image:height\" content=\"368\" \/>\n\t<meta property=\"og:image:type\" content=\"image\/jpeg\" \/>\n<meta name=\"twitter:card\" content=\"summary_large_image\" \/>\n<meta name=\"twitter:label1\" content=\"Gesch\u00e4tzte Lesezeit\" \/>\n\t<meta name=\"twitter:data1\" content=\"1\u00a0Minute\" \/>\n<script type=\"application\/ld+json\" class=\"yoast-schema-graph\">{\"@context\":\"https:\/\/schema.org\",\"@graph\":[{\"@type\":\"WebPage\",\"@id\":\"https:\/\/www.omrserrature.it\/de\/produkt\/knebel-o16\/\",\"url\":\"https:\/\/www.omrserrature.it\/de\/produkt\/knebel-o16\/\",\"name\":\"Knebel \u00d816 - OMR Serrature\",\"isPartOf\":{\"@id\":\"https:\/\/www.omrserrature.it\/de\/#website\"},\"primaryImageOfPage\":{\"@id\":\"https:\/\/www.omrserrature.it\/de\/produkt\/knebel-o16\/#primaryimage\"},\"image\":{\"@id\":\"https:\/\/www.omrserrature.it\/de\/produkt\/knebel-o16\/#primaryimage\"},\"thumbnailUrl\":\"https:\/\/www.omrserrature.it\/wp-content\/uploads\/2017\/10\/micromaniglia-rack.jpg\",\"datePublished\":\"2011-12-17T10:19:00+00:00\",\"dateModified\":\"2026-04-08T09:59:35+00:00\",\"breadcrumb\":{\"@id\":\"https:\/\/www.omrserrature.it\/de\/produkt\/knebel-o16\/#breadcrumb\"},\"inLanguage\":\"de\",\"potentialAction\":[{\"@type\":\"ReadAction\",\"target\":[\"https:\/\/www.omrserrature.it\/de\/produkt\/knebel-o16\/\"]}]},{\"@type\":\"ImageObject\",\"inLanguage\":\"de\",\"@id\":\"https:\/\/www.omrserrature.it\/de\/produkt\/knebel-o16\/#primaryimage\",\"url\":\"https:\/\/www.omrserrature.it\/wp-content\/uploads\/2017\/10\/micromaniglia-rack.jpg\",\"contentUrl\":\"https:\/\/www.omrserrature.it\/wp-content\/uploads\/2017\/10\/micromaniglia-rack.jpg\",\"width\":562,\"height\":368,\"caption\":\"Mikrogriff aus schwarzem Kunststoff ohne Schloss\"},{\"@type\":\"BreadcrumbList\",\"@id\":\"https:\/\/www.omrserrature.it\/de\/produkt\/knebel-o16\/#breadcrumb\",\"itemListElement\":[{\"@type\":\"ListItem\",\"position\":1,\"name\":\"Home\",\"item\":\"https:\/\/www.omrserrature.it\/de\/omr-serrature-sistemi-chiusura\/\"},{\"@type\":\"ListItem\",\"position\":2,\"name\":\"Katalog\",\"item\":\"https:\/\/www.omrserrature.it\/katalog\/?lang=de\"},{\"@type\":\"ListItem\",\"position\":3,\"name\":\"Produkte\",\"item\":\"https:\/\/www.omrserrature.it\/de\/katalog\/produkte\/\"},{\"@type\":\"ListItem\",\"position\":4,\"name\":\"Schloesser\",\"item\":\"https:\/\/www.omrserrature.it\/de\/katalog\/produkte\/schloesser\/\"},{\"@type\":\"ListItem\",\"position\":5,\"name\":\"Griffe und Kn\u00f6pfe\",\"item\":\"https:\/\/www.omrserrature.it\/de\/katalog\/produkte\/schloesser\/griffe-und-knopfe\/\"},{\"@type\":\"ListItem\",\"position\":6,\"name\":\"Knebel \u00d816\"}]},{\"@type\":\"WebSite\",\"@id\":\"https:\/\/www.omrserrature.it\/de\/#website\",\"url\":\"https:\/\/www.omrserrature.it\/de\/\",\"name\":\"OMR Serrature | Produzione sistemi di chiusura\",\"description\":\"Produzione serrature di sicurezza e sistemi di chiusura\",\"publisher\":{\"@id\":\"https:\/\/www.omrserrature.it\/de\/#organization\"},\"potentialAction\":[{\"@type\":\"SearchAction\",\"target\":{\"@type\":\"EntryPoint\",\"urlTemplate\":\"https:\/\/www.omrserrature.it\/de\/?s={search_term_string}\"},\"query-input\":{\"@type\":\"PropertyValueSpecification\",\"valueRequired\":true,\"valueName\":\"search_term_string\"}}],\"inLanguage\":\"de\"},{\"@type\":\"Organization\",\"@id\":\"https:\/\/www.omrserrature.it\/de\/#organization\",\"name\":\"OMR Serrature | Produzione sistemi di chiusura\",\"url\":\"https:\/\/www.omrserrature.it\/de\/\",\"logo\":{\"@type\":\"ImageObject\",\"inLanguage\":\"de\",\"@id\":\"https:\/\/www.omrserrature.it\/de\/#\/schema\/logo\/image\/\",\"url\":\"https:\/\/www.omrserrature.it\/wp-content\/uploads\/2017\/09\/favicon-omr-114.png\",\"contentUrl\":\"https:\/\/www.omrserrature.it\/wp-content\/uploads\/2017\/09\/favicon-omr-114.png\",\"width\":114,\"height\":114,\"caption\":\"OMR Serrature | Produzione sistemi di chiusura\"},\"image\":{\"@id\":\"https:\/\/www.omrserrature.it\/de\/#\/schema\/logo\/image\/\"},\"sameAs\":[\"https:\/\/www.facebook.com\/OMRserrature\",\"https:\/\/www.linkedin.com\/company\/omrserrature\/\",\"https:\/\/www.youtube.com\/channel\/UCxmA85z2R0EpG_6IRokiAkg\"]}]}<\/script>\n<!-- \/ Yoast SEO plugin. -->","yoast_head_json":{"title":"Knebel \u00d816 - OMR Serrature","robots":{"index":"index","follow":"follow","max-snippet":"max-snippet:-1","max-image-preview":"max-image-preview:large","max-video-preview":"max-video-preview:-1"},"canonical":"https:\/\/www.omrserrature.it\/de\/produkt\/knebel-o16\/","og_locale":"de_DE","og_type":"article","og_title":"Knebel \u00d816 - OMR Serrature","og_description":"Das 1\/4-Drehschloss mit Mikromechanismus besteht aus einem Zylinder aus Zinklegierung, der sich dank einer Fl\u00fcgelmutter dreht, den Hebel bewegt und so das \u00d6ffnen oder Schlie\u00dfen bestimmt. Ein perfektes Schloss f\u00fcr Rackschr\u00e4nke, Schaltschr\u00e4nke und Kontrollt\u00fcren.","og_url":"https:\/\/www.omrserrature.it\/de\/produkt\/knebel-o16\/","og_site_name":"OMR Serrature | Produzione sistemi di chiusura","article_publisher":"https:\/\/www.facebook.com\/OMRserrature","article_modified_time":"2026-04-08T09:59:35+00:00","og_image":[{"width":562,"height":368,"url":"https:\/\/www.omrserrature.it\/wp-content\/uploads\/2017\/10\/micromaniglia-rack.jpg","type":"image\/jpeg"}],"twitter_card":"summary_large_image","twitter_misc":{"Gesch\u00e4tzte Lesezeit":"1\u00a0Minute"},"schema":{"@context":"https:\/\/schema.org","@graph":[{"@type":"WebPage","@id":"https:\/\/www.omrserrature.it\/de\/produkt\/knebel-o16\/","url":"https:\/\/www.omrserrature.it\/de\/produkt\/knebel-o16\/","name":"Knebel \u00d816 - OMR Serrature","isPartOf":{"@id":"https:\/\/www.omrserrature.it\/de\/#website"},"primaryImageOfPage":{"@id":"https:\/\/www.omrserrature.it\/de\/produkt\/knebel-o16\/#primaryimage"},"image":{"@id":"https:\/\/www.omrserrature.it\/de\/produkt\/knebel-o16\/#primaryimage"},"thumbnailUrl":"https:\/\/www.omrserrature.it\/wp-content\/uploads\/2017\/10\/micromaniglia-rack.jpg","datePublished":"2011-12-17T10:19:00+00:00","dateModified":"2026-04-08T09:59:35+00:00","breadcrumb":{"@id":"https:\/\/www.omrserrature.it\/de\/produkt\/knebel-o16\/#breadcrumb"},"inLanguage":"de","potentialAction":[{"@type":"ReadAction","target":["https:\/\/www.omrserrature.it\/de\/produkt\/knebel-o16\/"]}]},{"@type":"ImageObject","inLanguage":"de","@id":"https:\/\/www.omrserrature.it\/de\/produkt\/knebel-o16\/#primaryimage","url":"https:\/\/www.omrserrature.it\/wp-content\/uploads\/2017\/10\/micromaniglia-rack.jpg","contentUrl":"https:\/\/www.omrserrature.it\/wp-content\/uploads\/2017\/10\/micromaniglia-rack.jpg","width":562,"height":368,"caption":"Mikrogriff aus schwarzem Kunststoff ohne Schloss"},{"@type":"BreadcrumbList","@id":"https:\/\/www.omrserrature.it\/de\/produkt\/knebel-o16\/#breadcrumb","itemListElement":[{"@type":"ListItem","position":1,"name":"Home","item":"https:\/\/www.omrserrature.it\/de\/omr-serrature-sistemi-chiusura\/"},{"@type":"ListItem","position":2,"name":"Katalog","item":"https:\/\/www.omrserrature.it\/katalog\/?lang=de"},{"@type":"ListItem","position":3,"name":"Produkte","item":"https:\/\/www.omrserrature.it\/de\/katalog\/produkte\/"},{"@type":"ListItem","position":4,"name":"Schloesser","item":"https:\/\/www.omrserrature.it\/de\/katalog\/produkte\/schloesser\/"},{"@type":"ListItem","position":5,"name":"Griffe und Kn\u00f6pfe","item":"https:\/\/www.omrserrature.it\/de\/katalog\/produkte\/schloesser\/griffe-und-knopfe\/"},{"@type":"ListItem","position":6,"name":"Knebel \u00d816"}]},{"@type":"WebSite","@id":"https:\/\/www.omrserrature.it\/de\/#website","url":"https:\/\/www.omrserrature.it\/de\/","name":"OMR Serrature | Produzione sistemi di chiusura","description":"Produzione serrature di sicurezza e sistemi di chiusura","publisher":{"@id":"https:\/\/www.omrserrature.it\/de\/#organization"},"potentialAction":[{"@type":"SearchAction","target":{"@type":"EntryPoint","urlTemplate":"https:\/\/www.omrserrature.it\/de\/?s={search_term_string}"},"query-input":{"@type":"PropertyValueSpecification","valueRequired":true,"valueName":"search_term_string"}}],"inLanguage":"de"},{"@type":"Organization","@id":"https:\/\/www.omrserrature.it\/de\/#organization","name":"OMR Serrature | Produzione sistemi di chiusura","url":"https:\/\/www.omrserrature.it\/de\/","logo":{"@type":"ImageObject","inLanguage":"de","@id":"https:\/\/www.omrserrature.it\/de\/#\/schema\/logo\/image\/","url":"https:\/\/www.omrserrature.it\/wp-content\/uploads\/2017\/09\/favicon-omr-114.png","contentUrl":"https:\/\/www.omrserrature.it\/wp-content\/uploads\/2017\/09\/favicon-omr-114.png","width":114,"height":114,"caption":"OMR Serrature | Produzione sistemi di chiusura"},"image":{"@id":"https:\/\/www.omrserrature.it\/de\/#\/schema\/logo\/image\/"},"sameAs":["https:\/\/www.facebook.com\/OMRserrature","https:\/\/www.linkedin.com\/company\/omrserrature\/","https:\/\/www.youtube.com\/channel\/UCxmA85z2R0EpG_6IRokiAkg"]}]}},"_links":{"self":[{"href":"https:\/\/www.omrserrature.it\/de\/wp-json\/wp\/v2\/product\/241651","targetHints":{"allow":["GET"]}}],"collection":[{"href":"https:\/\/www.omrserrature.it\/de\/wp-json\/wp\/v2\/product"}],"about":[{"href":"https:\/\/www.omrserrature.it\/de\/wp-json\/wp\/v2\/types\/product"}],"replies":[{"embeddable":true,"href":"https:\/\/www.omrserrature.it\/de\/wp-json\/wp\/v2\/comments?post=241651"}],"wp:featuredmedia":[{"embeddable":true,"href":"https:\/\/www.omrserrature.it\/de\/wp-json\/wp\/v2\/media\/3205"}],"wp:attachment":[{"href":"https:\/\/www.omrserrature.it\/de\/wp-json\/wp\/v2\/media?parent=241651"}],"wp:term":[{"taxonomy":"product_brand","embeddable":true,"href":"https:\/\/www.omrserrature.it\/de\/wp-json\/wp\/v2\/product_brand?post=241651"},{"taxonomy":"product_cat","embeddable":true,"href":"https:\/\/www.omrserrature.it\/de\/wp-json\/wp\/v2\/product_cat?post=241651"},{"taxonomy":"product_tag","embeddable":true,"href":"https:\/\/www.omrserrature.it\/de\/wp-json\/wp\/v2\/product_tag?post=241651"}],"curies":[{"name":"wp","href":"https:\/\/api.w.org\/{rel}","templated":true}]}}