{"id":241635,"date":"2021-06-10T15:04:45","date_gmt":"2010-06-21T13:04:00","guid":{"rendered":"https:\/\/www.staging6.omrserrature.it\/prodotto\/europaeischer-profilhalbzylinder-condor\/"},"modified":"2026-04-08T11:13:06","modified_gmt":"2026-04-08T09:13:06","slug":"europaeischer-profilhalbzylinder-condor","status":"publish","type":"product","link":"https:\/\/www.omrserrature.it\/de\/produkt\/europaeischer-profilhalbzylinder-condor\/","title":{"rendered":"Europ\u00e4ischer Profilhalbzylinder CONDOR"},"content":{"rendered":"<p>Der <strong>CONDOR Sicherheitszylinder mit europ\u00e4ischem Profil<\/strong> steht f\u00fcr Exzellenz auf dem Gebiet der Sicherheit f\u00fcr Sicherheitst\u00fcren. Dieses Produkt mit seinem universellen Profil ist aus einem vernickelten Messingblock gefertigt. Der DIN-konforme Hebel aus Edelstahl wird durch einen 17-stiftigen Zylinder bet\u00e4tigt. Diese Konstruktion erm\u00f6glicht mehr als 7,5 Millionen Kombinationen und garantiert eine un\u00fcbertroffene Sicherheit.   <\/p>\n<p><strong>Erweiterte technische Details:<\/strong><\/p>\n<ul>\n<li><strong>Aktive Hauptstifte<\/strong>: 5 Stifte, darunter solche aus geh\u00e4rtetem Stahl f\u00fcr \u00fcberragende St\u00e4rke.<\/li>\n<li><strong>Geformte Anti-Picking-Gegenstifte<\/strong>: 5 Stifte f\u00fcr einen erh\u00f6hten Schutz gegen Picking.<\/li>\n<li><strong>Snake&#8216; active pins: M\u00f6belt\u00fcr<\/strong> und Anti-Picking Falsche \u00d6ffnungen.<\/li>\n<li><strong>Passive<\/strong> Stifte: 2 Stifte mit 5 verschiedenen Positionen.<\/li>\n<\/ul>\n<p>Das Set enth\u00e4lt 5 Hauptschl\u00fcssel (blauer Kopf) und 2 Baustellenschl\u00fcssel (schwarzer Kopf), wobei die Baustellenschl\u00fcssel \u00fcber eine Ein\/Aus-Taste deaktiviert werden k\u00f6nnen.<\/p>\n<p><strong>Zus\u00e4tzliche Sicherheitsmerkmale:<\/strong><\/p>\n<ul>\n<li><strong>Zentrale Verst\u00e4rkung und Vorschw\u00e4chungsschnitt<\/strong>: hohe Rei\u00dffestigkeit.<\/li>\n<li><strong>Geh\u00e4rtete Stahlstifte<\/strong>: Vorne und hinten f\u00fcr Pannensicherheit.<\/li>\n<li><strong>Stahlstifte und rostfreie Federn<\/strong>: Hohe Haltbarkeit und Korrosionsbest\u00e4ndigkeit.<\/li>\n<li><strong>Umkehrbarer Computerschl\u00fcssel<\/strong>: Kann auch mit \u00fcbergro\u00dfen Zylinderschutzvorrichtungen verwendet werden.<\/li>\n<\/ul>\n<p>F\u00fcr den Einbau empfehlen wir die Verwendung von Zylinderschutzvorrichtungen mit einem 4,5 mm Anti-Bohrer-Pad. Der CONDOR Zylinder wird von M&amp;C hergestellt und in Italien von OMR Srl vertrieben.<\/p>\n<p><strong>Einzigartige St\u00e4rken:<\/strong><\/p>\n<ul>\n<li>Patentierter <strong>Schl\u00fcssel in Neusilber (Alpacca)<\/strong>: Patent g\u00fcltig bis 2040.<\/li>\n<li><strong>Puma Steel\u00ae Ausziehschutzplatte<\/strong>: Hochwertiger Kohlenstoffstahl, der dem Profil des Schl\u00fcssels folgt.<\/li>\n<li><strong>Doppelkupplungs-Pleuelstange<\/strong>: Mit Anti-Bohrstiften.<\/li>\n<li><strong>Hebel aus rostfreiem Stahl<\/strong>: F\u00fcr mehr Haltbarkeit.<\/li>\n<\/ul>\n<p>Der europ\u00e4ische Profilzylinder f\u00fcr Sicherheitst\u00fcren CONDOR ist die ideale L\u00f6sung f\u00fcr alle, die ein H\u00f6chstma\u00df an Sicherheit suchen. Er kombiniert fortschrittliche Technologie mit hochwertigen Materialien.<\/p>\n","protected":false},"excerpt":{"rendered":"<p>Der CONDOR Sicherheitszylinder mit europ\u00e4ischem Profil steht f\u00fcr Exzellenz auf dem Gebiet der Sicherheit f\u00fcr Sicherheitst\u00fcren. Dieses Produkt mit seinem universellen Profil ist aus einem vernickelten Messingblock gefertigt. Der DIN-konforme Hebel aus Edelstahl wird durch einen 17-stiftigen Zylinder bet\u00e4tigt. Diese Konstruktion erm\u00f6glicht mehr als 7,5 Millionen Kombinationen und garantiert eine un\u00fcbertroffene Sicherheit.   <\/p>\n","protected":false},"featured_media":21319,"comment_status":"open","ping_status":"closed","template":"","meta":{"_acf_changed":false,"_et_pb_use_builder":"","_et_pb_old_content":"","_et_gb_content_width":""},"product_brand":[],"product_cat":[3798],"product_tag":[],"class_list":{"0":"post-241635","1":"product","2":"type-product","3":"status-publish","4":"has-post-thumbnail","6":"product_cat-europaische-profilzylinder","8":"first","9":"instock","10":"shipping-taxable","11":"product-type-simple"},"acf":{"pdf1":"https:\/\/www.omrserrature.it\/wp-content\/uploads\/2018\/05\/CONDOR.pdf"},"yoast_head":"<!-- This site is optimized with the Yoast SEO plugin v27.2 - https:\/\/yoast.com\/product\/yoast-seo-wordpress\/ -->\n<title>Europ\u00e4ischer Profilhalbzylinder CONDOR - OMR Serrature<\/title>\n<meta name=\"robots\" content=\"index, follow, max-snippet:-1, max-image-preview:large, max-video-preview:-1\" \/>\n<link rel=\"canonical\" href=\"https:\/\/www.omrserrature.it\/de\/produkt\/europaeischer-profilhalbzylinder-condor\/\" \/>\n<meta property=\"og:locale\" content=\"de_DE\" \/>\n<meta property=\"og:type\" content=\"article\" \/>\n<meta property=\"og:title\" content=\"Europ\u00e4ischer Profilhalbzylinder CONDOR - OMR Serrature\" \/>\n<meta property=\"og:description\" content=\"Der CONDOR Sicherheitszylinder mit europ\u00e4ischem Profil steht f\u00fcr Exzellenz auf dem Gebiet der Sicherheit f\u00fcr Sicherheitst\u00fcren. Dieses Produkt mit seinem universellen Profil ist aus einem vernickelten Messingblock gefertigt. Der DIN-konforme Hebel aus Edelstahl wird durch einen 17-stiftigen Zylinder bet\u00e4tigt. Diese Konstruktion erm\u00f6glicht mehr als 7,5 Millionen Kombinationen und garantiert eine un\u00fcbertroffene Sicherheit.\" \/>\n<meta property=\"og:url\" content=\"https:\/\/www.omrserrature.it\/de\/produkt\/europaeischer-profilhalbzylinder-condor\/\" \/>\n<meta property=\"og:site_name\" content=\"OMR Serrature | Produzione sistemi di chiusura\" \/>\n<meta property=\"article:publisher\" content=\"https:\/\/www.facebook.com\/OMRserrature\" \/>\n<meta property=\"article:modified_time\" content=\"2026-04-08T09:13:06+00:00\" \/>\n<meta property=\"og:image\" content=\"https:\/\/www.omrserrature.it\/wp-content\/uploads\/2021\/06\/mezzo-cilindro-profilo-europeo-condor.jpeg\" \/>\n\t<meta property=\"og:image:width\" content=\"1000\" \/>\n\t<meta property=\"og:image:height\" content=\"1000\" \/>\n\t<meta property=\"og:image:type\" content=\"image\/jpeg\" \/>\n<meta name=\"twitter:card\" content=\"summary_large_image\" \/>\n<meta name=\"twitter:label1\" content=\"Gesch\u00e4tzte Lesezeit\" \/>\n\t<meta name=\"twitter:data1\" content=\"1\u00a0Minute\" \/>\n<script type=\"application\/ld+json\" class=\"yoast-schema-graph\">{\"@context\":\"https:\/\/schema.org\",\"@graph\":[{\"@type\":\"WebPage\",\"@id\":\"https:\/\/www.omrserrature.it\/de\/produkt\/europaeischer-profilhalbzylinder-condor\/\",\"url\":\"https:\/\/www.omrserrature.it\/de\/produkt\/europaeischer-profilhalbzylinder-condor\/\",\"name\":\"Europ\u00e4ischer Profilhalbzylinder CONDOR - OMR Serrature\",\"isPartOf\":{\"@id\":\"https:\/\/www.omrserrature.it\/de\/#website\"},\"primaryImageOfPage\":{\"@id\":\"https:\/\/www.omrserrature.it\/de\/produkt\/europaeischer-profilhalbzylinder-condor\/#primaryimage\"},\"image\":{\"@id\":\"https:\/\/www.omrserrature.it\/de\/produkt\/europaeischer-profilhalbzylinder-condor\/#primaryimage\"},\"thumbnailUrl\":\"https:\/\/www.omrserrature.it\/wp-content\/uploads\/2021\/06\/mezzo-cilindro-profilo-europeo-condor.jpeg\",\"datePublished\":\"2010-06-21T13:04:00+00:00\",\"dateModified\":\"2026-04-08T09:13:06+00:00\",\"breadcrumb\":{\"@id\":\"https:\/\/www.omrserrature.it\/de\/produkt\/europaeischer-profilhalbzylinder-condor\/#breadcrumb\"},\"inLanguage\":\"de\",\"potentialAction\":[{\"@type\":\"ReadAction\",\"target\":[\"https:\/\/www.omrserrature.it\/de\/produkt\/europaeischer-profilhalbzylinder-condor\/\"]}]},{\"@type\":\"ImageObject\",\"inLanguage\":\"de\",\"@id\":\"https:\/\/www.omrserrature.it\/de\/produkt\/europaeischer-profilhalbzylinder-condor\/#primaryimage\",\"url\":\"https:\/\/www.omrserrature.it\/wp-content\/uploads\/2021\/06\/mezzo-cilindro-profilo-europeo-condor.jpeg\",\"contentUrl\":\"https:\/\/www.omrserrature.it\/wp-content\/uploads\/2021\/06\/mezzo-cilindro-profilo-europeo-condor.jpeg\",\"width\":1000,\"height\":1000,\"caption\":\"Condor Hochsicherheits-Halbzylinder Europa\"},{\"@type\":\"BreadcrumbList\",\"@id\":\"https:\/\/www.omrserrature.it\/de\/produkt\/europaeischer-profilhalbzylinder-condor\/#breadcrumb\",\"itemListElement\":[{\"@type\":\"ListItem\",\"position\":1,\"name\":\"Home\",\"item\":\"https:\/\/www.omrserrature.it\/de\/omr-serrature-sistemi-chiusura\/\"},{\"@type\":\"ListItem\",\"position\":2,\"name\":\"Katalog\",\"item\":\"https:\/\/www.omrserrature.it\/katalog\/?lang=de\"},{\"@type\":\"ListItem\",\"position\":3,\"name\":\"Produkte\",\"item\":\"https:\/\/www.omrserrature.it\/de\/katalog\/produkte\/\"},{\"@type\":\"ListItem\",\"position\":4,\"name\":\"Europ\u00e4ische Profilzylinder\",\"item\":\"https:\/\/www.omrserrature.it\/de\/katalog\/produkte\/europaische-profilzylinder\/\"},{\"@type\":\"ListItem\",\"position\":5,\"name\":\"Europ\u00e4ischer Profilhalbzylinder CONDOR\"}]},{\"@type\":\"WebSite\",\"@id\":\"https:\/\/www.omrserrature.it\/de\/#website\",\"url\":\"https:\/\/www.omrserrature.it\/de\/\",\"name\":\"OMR Serrature | Produzione sistemi di chiusura\",\"description\":\"Produzione serrature di sicurezza e sistemi di chiusura\",\"publisher\":{\"@id\":\"https:\/\/www.omrserrature.it\/de\/#organization\"},\"potentialAction\":[{\"@type\":\"SearchAction\",\"target\":{\"@type\":\"EntryPoint\",\"urlTemplate\":\"https:\/\/www.omrserrature.it\/de\/?s={search_term_string}\"},\"query-input\":{\"@type\":\"PropertyValueSpecification\",\"valueRequired\":true,\"valueName\":\"search_term_string\"}}],\"inLanguage\":\"de\"},{\"@type\":\"Organization\",\"@id\":\"https:\/\/www.omrserrature.it\/de\/#organization\",\"name\":\"OMR Serrature | Produzione sistemi di chiusura\",\"url\":\"https:\/\/www.omrserrature.it\/de\/\",\"logo\":{\"@type\":\"ImageObject\",\"inLanguage\":\"de\",\"@id\":\"https:\/\/www.omrserrature.it\/de\/#\/schema\/logo\/image\/\",\"url\":\"https:\/\/www.omrserrature.it\/wp-content\/uploads\/2017\/09\/favicon-omr-114.png\",\"contentUrl\":\"https:\/\/www.omrserrature.it\/wp-content\/uploads\/2017\/09\/favicon-omr-114.png\",\"width\":114,\"height\":114,\"caption\":\"OMR Serrature | Produzione sistemi di chiusura\"},\"image\":{\"@id\":\"https:\/\/www.omrserrature.it\/de\/#\/schema\/logo\/image\/\"},\"sameAs\":[\"https:\/\/www.facebook.com\/OMRserrature\",\"https:\/\/www.linkedin.com\/company\/omrserrature\/\",\"https:\/\/www.youtube.com\/channel\/UCxmA85z2R0EpG_6IRokiAkg\"]}]}<\/script>\n<!-- \/ Yoast SEO plugin. -->","yoast_head_json":{"title":"Europ\u00e4ischer Profilhalbzylinder CONDOR - OMR Serrature","robots":{"index":"index","follow":"follow","max-snippet":"max-snippet:-1","max-image-preview":"max-image-preview:large","max-video-preview":"max-video-preview:-1"},"canonical":"https:\/\/www.omrserrature.it\/de\/produkt\/europaeischer-profilhalbzylinder-condor\/","og_locale":"de_DE","og_type":"article","og_title":"Europ\u00e4ischer Profilhalbzylinder CONDOR - OMR Serrature","og_description":"Der CONDOR Sicherheitszylinder mit europ\u00e4ischem Profil steht f\u00fcr Exzellenz auf dem Gebiet der Sicherheit f\u00fcr Sicherheitst\u00fcren. Dieses Produkt mit seinem universellen Profil ist aus einem vernickelten Messingblock gefertigt. Der DIN-konforme Hebel aus Edelstahl wird durch einen 17-stiftigen Zylinder bet\u00e4tigt. Diese Konstruktion erm\u00f6glicht mehr als 7,5 Millionen Kombinationen und garantiert eine un\u00fcbertroffene Sicherheit.","og_url":"https:\/\/www.omrserrature.it\/de\/produkt\/europaeischer-profilhalbzylinder-condor\/","og_site_name":"OMR Serrature | Produzione sistemi di chiusura","article_publisher":"https:\/\/www.facebook.com\/OMRserrature","article_modified_time":"2026-04-08T09:13:06+00:00","og_image":[{"width":1000,"height":1000,"url":"https:\/\/www.omrserrature.it\/wp-content\/uploads\/2021\/06\/mezzo-cilindro-profilo-europeo-condor.jpeg","type":"image\/jpeg"}],"twitter_card":"summary_large_image","twitter_misc":{"Gesch\u00e4tzte Lesezeit":"1\u00a0Minute"},"schema":{"@context":"https:\/\/schema.org","@graph":[{"@type":"WebPage","@id":"https:\/\/www.omrserrature.it\/de\/produkt\/europaeischer-profilhalbzylinder-condor\/","url":"https:\/\/www.omrserrature.it\/de\/produkt\/europaeischer-profilhalbzylinder-condor\/","name":"Europ\u00e4ischer Profilhalbzylinder CONDOR - OMR Serrature","isPartOf":{"@id":"https:\/\/www.omrserrature.it\/de\/#website"},"primaryImageOfPage":{"@id":"https:\/\/www.omrserrature.it\/de\/produkt\/europaeischer-profilhalbzylinder-condor\/#primaryimage"},"image":{"@id":"https:\/\/www.omrserrature.it\/de\/produkt\/europaeischer-profilhalbzylinder-condor\/#primaryimage"},"thumbnailUrl":"https:\/\/www.omrserrature.it\/wp-content\/uploads\/2021\/06\/mezzo-cilindro-profilo-europeo-condor.jpeg","datePublished":"2010-06-21T13:04:00+00:00","dateModified":"2026-04-08T09:13:06+00:00","breadcrumb":{"@id":"https:\/\/www.omrserrature.it\/de\/produkt\/europaeischer-profilhalbzylinder-condor\/#breadcrumb"},"inLanguage":"de","potentialAction":[{"@type":"ReadAction","target":["https:\/\/www.omrserrature.it\/de\/produkt\/europaeischer-profilhalbzylinder-condor\/"]}]},{"@type":"ImageObject","inLanguage":"de","@id":"https:\/\/www.omrserrature.it\/de\/produkt\/europaeischer-profilhalbzylinder-condor\/#primaryimage","url":"https:\/\/www.omrserrature.it\/wp-content\/uploads\/2021\/06\/mezzo-cilindro-profilo-europeo-condor.jpeg","contentUrl":"https:\/\/www.omrserrature.it\/wp-content\/uploads\/2021\/06\/mezzo-cilindro-profilo-europeo-condor.jpeg","width":1000,"height":1000,"caption":"Condor Hochsicherheits-Halbzylinder Europa"},{"@type":"BreadcrumbList","@id":"https:\/\/www.omrserrature.it\/de\/produkt\/europaeischer-profilhalbzylinder-condor\/#breadcrumb","itemListElement":[{"@type":"ListItem","position":1,"name":"Home","item":"https:\/\/www.omrserrature.it\/de\/omr-serrature-sistemi-chiusura\/"},{"@type":"ListItem","position":2,"name":"Katalog","item":"https:\/\/www.omrserrature.it\/katalog\/?lang=de"},{"@type":"ListItem","position":3,"name":"Produkte","item":"https:\/\/www.omrserrature.it\/de\/katalog\/produkte\/"},{"@type":"ListItem","position":4,"name":"Europ\u00e4ische Profilzylinder","item":"https:\/\/www.omrserrature.it\/de\/katalog\/produkte\/europaische-profilzylinder\/"},{"@type":"ListItem","position":5,"name":"Europ\u00e4ischer Profilhalbzylinder CONDOR"}]},{"@type":"WebSite","@id":"https:\/\/www.omrserrature.it\/de\/#website","url":"https:\/\/www.omrserrature.it\/de\/","name":"OMR Serrature | Produzione sistemi di chiusura","description":"Produzione serrature di sicurezza e sistemi di chiusura","publisher":{"@id":"https:\/\/www.omrserrature.it\/de\/#organization"},"potentialAction":[{"@type":"SearchAction","target":{"@type":"EntryPoint","urlTemplate":"https:\/\/www.omrserrature.it\/de\/?s={search_term_string}"},"query-input":{"@type":"PropertyValueSpecification","valueRequired":true,"valueName":"search_term_string"}}],"inLanguage":"de"},{"@type":"Organization","@id":"https:\/\/www.omrserrature.it\/de\/#organization","name":"OMR Serrature | Produzione sistemi di chiusura","url":"https:\/\/www.omrserrature.it\/de\/","logo":{"@type":"ImageObject","inLanguage":"de","@id":"https:\/\/www.omrserrature.it\/de\/#\/schema\/logo\/image\/","url":"https:\/\/www.omrserrature.it\/wp-content\/uploads\/2017\/09\/favicon-omr-114.png","contentUrl":"https:\/\/www.omrserrature.it\/wp-content\/uploads\/2017\/09\/favicon-omr-114.png","width":114,"height":114,"caption":"OMR Serrature | Produzione sistemi di chiusura"},"image":{"@id":"https:\/\/www.omrserrature.it\/de\/#\/schema\/logo\/image\/"},"sameAs":["https:\/\/www.facebook.com\/OMRserrature","https:\/\/www.linkedin.com\/company\/omrserrature\/","https:\/\/www.youtube.com\/channel\/UCxmA85z2R0EpG_6IRokiAkg"]}]}},"_links":{"self":[{"href":"https:\/\/www.omrserrature.it\/de\/wp-json\/wp\/v2\/product\/241635","targetHints":{"allow":["GET"]}}],"collection":[{"href":"https:\/\/www.omrserrature.it\/de\/wp-json\/wp\/v2\/product"}],"about":[{"href":"https:\/\/www.omrserrature.it\/de\/wp-json\/wp\/v2\/types\/product"}],"replies":[{"embeddable":true,"href":"https:\/\/www.omrserrature.it\/de\/wp-json\/wp\/v2\/comments?post=241635"}],"wp:featuredmedia":[{"embeddable":true,"href":"https:\/\/www.omrserrature.it\/de\/wp-json\/wp\/v2\/media\/21319"}],"wp:attachment":[{"href":"https:\/\/www.omrserrature.it\/de\/wp-json\/wp\/v2\/media?parent=241635"}],"wp:term":[{"taxonomy":"product_brand","embeddable":true,"href":"https:\/\/www.omrserrature.it\/de\/wp-json\/wp\/v2\/product_brand?post=241635"},{"taxonomy":"product_cat","embeddable":true,"href":"https:\/\/www.omrserrature.it\/de\/wp-json\/wp\/v2\/product_cat?post=241635"},{"taxonomy":"product_tag","embeddable":true,"href":"https:\/\/www.omrserrature.it\/de\/wp-json\/wp\/v2\/product_tag?post=241635"}],"curies":[{"name":"wp","href":"https:\/\/api.w.org\/{rel}","templated":true}]}}