{"id":241618,"date":"2017-10-13T17:19:00","date_gmt":"2013-10-17T15:19:00","guid":{"rendered":"https:\/\/www.staging6.omrserrature.it\/prodotto\/t-griff-mit-schloss\/"},"modified":"2026-04-08T12:46:51","modified_gmt":"2026-04-08T10:46:51","slug":"t-griff-mit-schloss","status":"publish","type":"product","link":"https:\/\/www.omrserrature.it\/de\/produkt\/t-griff-mit-schloss\/","title":{"rendered":"T- Griff mit Schloss"},"content":{"rendered":"<p><strong>Der T-Griff ist mit einem Pl\u00e4ttchenzylinder versehen<\/strong>, der im ge\u00f6ffneten Zustand die Drehung des Griffs freigibt. Der T-Griff besteht aus verchromten Zinklegierung, der Zylinderkern ist mit einer Edelstahlkappe versehen.<\/p>\n<p>Der T-f\u00f6rmige Griff ist aus einer verchromten Zinklegierung gefertigt, w\u00e4hrend der Zylinder mit Edelstahl beschichtet ist. In Kombination mit 2-Punkt oder 3-Punkt Treibriegel kann der Griff ein <strong>Zentralverschlusssystem<\/strong> bilden. Der Schl\u00fcssel ist aus vernickeltem Messing, auf Wunsch mit Kunststoffgriff oder als Kippschl\u00fcssel erh\u00e4ltlich. Die ovale Buchse erm\u00f6glicht die Anwendung auf <strong>jeder Dicke<\/strong>, da es ausreicht, die L\u00e4nge der beiden Schrauben und des hinteren Vierkants zu variieren.<\/p>\n<p>Der <strong>abschlie\u00dfbare T-Griff<\/strong> kann an Metallschr\u00e4nken mit Tankeinheiten, Gel\u00e4ndewagenklappen, Industriemaschinen, Klappt\u00fcren oder Stahlboxen angebracht werden.<\/p>\n","protected":false},"excerpt":{"rendered":"<p><strong>Der T-Griff ist mit einem Pl\u00e4ttchenzylinder versehen<\/strong>, der im ge\u00f6ffneten Zustand die Drehung des Griffs freigibt. Der T-Griff besteht aus verchromten Zinklegierung, der Zylinderkern ist mit einer Edelstahlkappe versehen. In Kombination mit 2-Punkt oder 3-Punkt Treibriegel kann der Griff ein <strong>Zentralverschlusssystem<\/strong> bilden.<\/p>\n","protected":false},"featured_media":3481,"comment_status":"open","ping_status":"closed","template":"","meta":{"_acf_changed":false,"_et_pb_use_builder":"","_et_pb_old_content":"","_et_gb_content_width":""},"product_brand":[],"product_cat":[3763,3875,3779,3796,3842,3852,3797,3761,3860],"product_tag":[],"class_list":{"0":"post-241618","1":"product","2":"type-product","3":"status-publish","4":"has-post-thumbnail","6":"product_cat-automotive-und-transport","7":"product_cat-boot-schlosser","8":"product_cat-griffe-und-knopfe","9":"product_cat-hauptschlussel-schlosser","10":"product_cat-schlosser-fur-die-elektromechanische-industrie","11":"product_cat-schlosser-fur-industrieschranke","12":"product_cat-schlosser-mit-drehbarem-griff","13":"product_cat-sicherheitssysteme-fur-den-abschluss","14":"product_cat-turschlosser","16":"first","17":"instock","18":"shipping-taxable","19":"product-type-simple"},"acf":{"pdf1":"https:\/\/www.omrserrature.it\/wp-content\/uploads\/2017\/10\/Scheda-220150.pdf"},"yoast_head":"<!-- This site is optimized with the Yoast SEO plugin v27.2 - https:\/\/yoast.com\/product\/yoast-seo-wordpress\/ -->\n<title>T- Griff mit Schloss - OMR Serrature<\/title>\n<meta name=\"robots\" content=\"index, follow, max-snippet:-1, max-image-preview:large, max-video-preview:-1\" \/>\n<link rel=\"canonical\" href=\"https:\/\/www.omrserrature.it\/de\/produkt\/t-griff-mit-schloss\/\" \/>\n<meta property=\"og:locale\" content=\"de_DE\" \/>\n<meta property=\"og:type\" content=\"article\" \/>\n<meta property=\"og:title\" content=\"T- Griff mit Schloss - OMR Serrature\" \/>\n<meta property=\"og:description\" content=\"Der T-Griff ist mit einem Pl\u00e4ttchenzylinder versehen, der im ge\u00f6ffneten Zustand die Drehung des Griffs freigibt. Der T-Griff besteht aus verchromten Zinklegierung, der Zylinderkern ist mit einer Edelstahlkappe versehen. In Kombination mit 2-Punkt oder 3-Punkt Treibriegel kann der Griff ein Zentralverschlusssystem bilden.\" \/>\n<meta property=\"og:url\" content=\"https:\/\/www.omrserrature.it\/de\/produkt\/t-griff-mit-schloss\/\" \/>\n<meta property=\"og:site_name\" content=\"OMR Serrature | Produzione sistemi di chiusura\" \/>\n<meta property=\"article:publisher\" content=\"https:\/\/www.facebook.com\/OMRserrature\" \/>\n<meta property=\"article:modified_time\" content=\"2026-04-08T10:46:51+00:00\" \/>\n<meta property=\"og:image\" content=\"https:\/\/www.omrserrature.it\/wp-content\/uploads\/2017\/10\/maniglia-per-cariglione.jpg\" \/>\n\t<meta property=\"og:image:width\" content=\"726\" \/>\n\t<meta property=\"og:image:height\" content=\"441\" \/>\n\t<meta property=\"og:image:type\" content=\"image\/jpeg\" \/>\n<meta name=\"twitter:card\" content=\"summary_large_image\" \/>\n<meta name=\"twitter:label1\" content=\"Gesch\u00e4tzte Lesezeit\" \/>\n\t<meta name=\"twitter:data1\" content=\"1\u00a0Minute\" \/>\n<script type=\"application\/ld+json\" class=\"yoast-schema-graph\">{\"@context\":\"https:\/\/schema.org\",\"@graph\":[{\"@type\":\"WebPage\",\"@id\":\"https:\/\/www.omrserrature.it\/de\/produkt\/t-griff-mit-schloss\/\",\"url\":\"https:\/\/www.omrserrature.it\/de\/produkt\/t-griff-mit-schloss\/\",\"name\":\"T- Griff mit Schloss - OMR Serrature\",\"isPartOf\":{\"@id\":\"https:\/\/www.omrserrature.it\/de\/#website\"},\"primaryImageOfPage\":{\"@id\":\"https:\/\/www.omrserrature.it\/de\/produkt\/t-griff-mit-schloss\/#primaryimage\"},\"image\":{\"@id\":\"https:\/\/www.omrserrature.it\/de\/produkt\/t-griff-mit-schloss\/#primaryimage\"},\"thumbnailUrl\":\"https:\/\/www.omrserrature.it\/wp-content\/uploads\/2017\/10\/maniglia-per-cariglione.jpg\",\"datePublished\":\"2013-10-17T15:19:00+00:00\",\"dateModified\":\"2026-04-08T10:46:51+00:00\",\"breadcrumb\":{\"@id\":\"https:\/\/www.omrserrature.it\/de\/produkt\/t-griff-mit-schloss\/#breadcrumb\"},\"inLanguage\":\"de\",\"potentialAction\":[{\"@type\":\"ReadAction\",\"target\":[\"https:\/\/www.omrserrature.it\/de\/produkt\/t-griff-mit-schloss\/\"]}]},{\"@type\":\"ImageObject\",\"inLanguage\":\"de\",\"@id\":\"https:\/\/www.omrserrature.it\/de\/produkt\/t-griff-mit-schloss\/#primaryimage\",\"url\":\"https:\/\/www.omrserrature.it\/wp-content\/uploads\/2017\/10\/maniglia-per-cariglione.jpg\",\"contentUrl\":\"https:\/\/www.omrserrature.it\/wp-content\/uploads\/2017\/10\/maniglia-per-cariglione.jpg\",\"width\":726,\"height\":441,\"caption\":\"T-Griff - Treibriegel Schloss mit Schl\u00fcssel\"},{\"@type\":\"BreadcrumbList\",\"@id\":\"https:\/\/www.omrserrature.it\/de\/produkt\/t-griff-mit-schloss\/#breadcrumb\",\"itemListElement\":[{\"@type\":\"ListItem\",\"position\":1,\"name\":\"Home\",\"item\":\"https:\/\/www.omrserrature.it\/de\/omr-serrature-sistemi-chiusura\/\"},{\"@type\":\"ListItem\",\"position\":2,\"name\":\"Katalog\",\"item\":\"https:\/\/www.omrserrature.it\/katalog\/?lang=de\"},{\"@type\":\"ListItem\",\"position\":3,\"name\":\"Anwendungen\",\"item\":\"https:\/\/www.omrserrature.it\/de\/katalog\/anwendungen\/\"},{\"@type\":\"ListItem\",\"position\":4,\"name\":\"Schl\u00f6sser f\u00fcr Transportmittel\",\"item\":\"https:\/\/www.omrserrature.it\/de\/katalog\/anwendungen\/schlosser-fur-transportmittel\/\"},{\"@type\":\"ListItem\",\"position\":5,\"name\":\"Boot-Schl\u00f6sser\",\"item\":\"https:\/\/www.omrserrature.it\/de\/katalog\/anwendungen\/schlosser-fur-transportmittel\/boot-schlosser\/\"},{\"@type\":\"ListItem\",\"position\":6,\"name\":\"T- Griff mit Schloss\"}]},{\"@type\":\"WebSite\",\"@id\":\"https:\/\/www.omrserrature.it\/de\/#website\",\"url\":\"https:\/\/www.omrserrature.it\/de\/\",\"name\":\"OMR Serrature | Produzione sistemi di chiusura\",\"description\":\"Produzione serrature di sicurezza e sistemi di chiusura\",\"publisher\":{\"@id\":\"https:\/\/www.omrserrature.it\/de\/#organization\"},\"potentialAction\":[{\"@type\":\"SearchAction\",\"target\":{\"@type\":\"EntryPoint\",\"urlTemplate\":\"https:\/\/www.omrserrature.it\/de\/?s={search_term_string}\"},\"query-input\":{\"@type\":\"PropertyValueSpecification\",\"valueRequired\":true,\"valueName\":\"search_term_string\"}}],\"inLanguage\":\"de\"},{\"@type\":\"Organization\",\"@id\":\"https:\/\/www.omrserrature.it\/de\/#organization\",\"name\":\"OMR Serrature | Produzione sistemi di chiusura\",\"url\":\"https:\/\/www.omrserrature.it\/de\/\",\"logo\":{\"@type\":\"ImageObject\",\"inLanguage\":\"de\",\"@id\":\"https:\/\/www.omrserrature.it\/de\/#\/schema\/logo\/image\/\",\"url\":\"https:\/\/www.omrserrature.it\/wp-content\/uploads\/2017\/09\/favicon-omr-114.png\",\"contentUrl\":\"https:\/\/www.omrserrature.it\/wp-content\/uploads\/2017\/09\/favicon-omr-114.png\",\"width\":114,\"height\":114,\"caption\":\"OMR Serrature | Produzione sistemi di chiusura\"},\"image\":{\"@id\":\"https:\/\/www.omrserrature.it\/de\/#\/schema\/logo\/image\/\"},\"sameAs\":[\"https:\/\/www.facebook.com\/OMRserrature\",\"https:\/\/www.linkedin.com\/company\/omrserrature\/\",\"https:\/\/www.youtube.com\/channel\/UCxmA85z2R0EpG_6IRokiAkg\"]}]}<\/script>\n<!-- \/ Yoast SEO plugin. -->","yoast_head_json":{"title":"T- Griff mit Schloss - OMR Serrature","robots":{"index":"index","follow":"follow","max-snippet":"max-snippet:-1","max-image-preview":"max-image-preview:large","max-video-preview":"max-video-preview:-1"},"canonical":"https:\/\/www.omrserrature.it\/de\/produkt\/t-griff-mit-schloss\/","og_locale":"de_DE","og_type":"article","og_title":"T- Griff mit Schloss - OMR Serrature","og_description":"Der T-Griff ist mit einem Pl\u00e4ttchenzylinder versehen, der im ge\u00f6ffneten Zustand die Drehung des Griffs freigibt. Der T-Griff besteht aus verchromten Zinklegierung, der Zylinderkern ist mit einer Edelstahlkappe versehen. In Kombination mit 2-Punkt oder 3-Punkt Treibriegel kann der Griff ein Zentralverschlusssystem bilden.","og_url":"https:\/\/www.omrserrature.it\/de\/produkt\/t-griff-mit-schloss\/","og_site_name":"OMR Serrature | Produzione sistemi di chiusura","article_publisher":"https:\/\/www.facebook.com\/OMRserrature","article_modified_time":"2026-04-08T10:46:51+00:00","og_image":[{"width":726,"height":441,"url":"https:\/\/www.omrserrature.it\/wp-content\/uploads\/2017\/10\/maniglia-per-cariglione.jpg","type":"image\/jpeg"}],"twitter_card":"summary_large_image","twitter_misc":{"Gesch\u00e4tzte Lesezeit":"1\u00a0Minute"},"schema":{"@context":"https:\/\/schema.org","@graph":[{"@type":"WebPage","@id":"https:\/\/www.omrserrature.it\/de\/produkt\/t-griff-mit-schloss\/","url":"https:\/\/www.omrserrature.it\/de\/produkt\/t-griff-mit-schloss\/","name":"T- Griff mit Schloss - OMR Serrature","isPartOf":{"@id":"https:\/\/www.omrserrature.it\/de\/#website"},"primaryImageOfPage":{"@id":"https:\/\/www.omrserrature.it\/de\/produkt\/t-griff-mit-schloss\/#primaryimage"},"image":{"@id":"https:\/\/www.omrserrature.it\/de\/produkt\/t-griff-mit-schloss\/#primaryimage"},"thumbnailUrl":"https:\/\/www.omrserrature.it\/wp-content\/uploads\/2017\/10\/maniglia-per-cariglione.jpg","datePublished":"2013-10-17T15:19:00+00:00","dateModified":"2026-04-08T10:46:51+00:00","breadcrumb":{"@id":"https:\/\/www.omrserrature.it\/de\/produkt\/t-griff-mit-schloss\/#breadcrumb"},"inLanguage":"de","potentialAction":[{"@type":"ReadAction","target":["https:\/\/www.omrserrature.it\/de\/produkt\/t-griff-mit-schloss\/"]}]},{"@type":"ImageObject","inLanguage":"de","@id":"https:\/\/www.omrserrature.it\/de\/produkt\/t-griff-mit-schloss\/#primaryimage","url":"https:\/\/www.omrserrature.it\/wp-content\/uploads\/2017\/10\/maniglia-per-cariglione.jpg","contentUrl":"https:\/\/www.omrserrature.it\/wp-content\/uploads\/2017\/10\/maniglia-per-cariglione.jpg","width":726,"height":441,"caption":"T-Griff - Treibriegel Schloss mit Schl\u00fcssel"},{"@type":"BreadcrumbList","@id":"https:\/\/www.omrserrature.it\/de\/produkt\/t-griff-mit-schloss\/#breadcrumb","itemListElement":[{"@type":"ListItem","position":1,"name":"Home","item":"https:\/\/www.omrserrature.it\/de\/omr-serrature-sistemi-chiusura\/"},{"@type":"ListItem","position":2,"name":"Katalog","item":"https:\/\/www.omrserrature.it\/katalog\/?lang=de"},{"@type":"ListItem","position":3,"name":"Anwendungen","item":"https:\/\/www.omrserrature.it\/de\/katalog\/anwendungen\/"},{"@type":"ListItem","position":4,"name":"Schl\u00f6sser f\u00fcr Transportmittel","item":"https:\/\/www.omrserrature.it\/de\/katalog\/anwendungen\/schlosser-fur-transportmittel\/"},{"@type":"ListItem","position":5,"name":"Boot-Schl\u00f6sser","item":"https:\/\/www.omrserrature.it\/de\/katalog\/anwendungen\/schlosser-fur-transportmittel\/boot-schlosser\/"},{"@type":"ListItem","position":6,"name":"T- Griff mit Schloss"}]},{"@type":"WebSite","@id":"https:\/\/www.omrserrature.it\/de\/#website","url":"https:\/\/www.omrserrature.it\/de\/","name":"OMR Serrature | Produzione sistemi di chiusura","description":"Produzione serrature di sicurezza e sistemi di chiusura","publisher":{"@id":"https:\/\/www.omrserrature.it\/de\/#organization"},"potentialAction":[{"@type":"SearchAction","target":{"@type":"EntryPoint","urlTemplate":"https:\/\/www.omrserrature.it\/de\/?s={search_term_string}"},"query-input":{"@type":"PropertyValueSpecification","valueRequired":true,"valueName":"search_term_string"}}],"inLanguage":"de"},{"@type":"Organization","@id":"https:\/\/www.omrserrature.it\/de\/#organization","name":"OMR Serrature | Produzione sistemi di chiusura","url":"https:\/\/www.omrserrature.it\/de\/","logo":{"@type":"ImageObject","inLanguage":"de","@id":"https:\/\/www.omrserrature.it\/de\/#\/schema\/logo\/image\/","url":"https:\/\/www.omrserrature.it\/wp-content\/uploads\/2017\/09\/favicon-omr-114.png","contentUrl":"https:\/\/www.omrserrature.it\/wp-content\/uploads\/2017\/09\/favicon-omr-114.png","width":114,"height":114,"caption":"OMR Serrature | Produzione sistemi di chiusura"},"image":{"@id":"https:\/\/www.omrserrature.it\/de\/#\/schema\/logo\/image\/"},"sameAs":["https:\/\/www.facebook.com\/OMRserrature","https:\/\/www.linkedin.com\/company\/omrserrature\/","https:\/\/www.youtube.com\/channel\/UCxmA85z2R0EpG_6IRokiAkg"]}]}},"_links":{"self":[{"href":"https:\/\/www.omrserrature.it\/de\/wp-json\/wp\/v2\/product\/241618","targetHints":{"allow":["GET"]}}],"collection":[{"href":"https:\/\/www.omrserrature.it\/de\/wp-json\/wp\/v2\/product"}],"about":[{"href":"https:\/\/www.omrserrature.it\/de\/wp-json\/wp\/v2\/types\/product"}],"replies":[{"embeddable":true,"href":"https:\/\/www.omrserrature.it\/de\/wp-json\/wp\/v2\/comments?post=241618"}],"wp:featuredmedia":[{"embeddable":true,"href":"https:\/\/www.omrserrature.it\/de\/wp-json\/wp\/v2\/media\/3481"}],"wp:attachment":[{"href":"https:\/\/www.omrserrature.it\/de\/wp-json\/wp\/v2\/media?parent=241618"}],"wp:term":[{"taxonomy":"product_brand","embeddable":true,"href":"https:\/\/www.omrserrature.it\/de\/wp-json\/wp\/v2\/product_brand?post=241618"},{"taxonomy":"product_cat","embeddable":true,"href":"https:\/\/www.omrserrature.it\/de\/wp-json\/wp\/v2\/product_cat?post=241618"},{"taxonomy":"product_tag","embeddable":true,"href":"https:\/\/www.omrserrature.it\/de\/wp-json\/wp\/v2\/product_tag?post=241618"}],"curies":[{"name":"wp","href":"https:\/\/api.w.org\/{rel}","templated":true}]}}