{"id":241599,"date":"2017-10-11T14:39:17","date_gmt":"2011-10-17T12:39:00","guid":{"rendered":"https:\/\/www.staging6.omrserrature.it\/prodotto\/19-mm-verschluss-fuer-vorhaengeschloss\/"},"modified":"2026-04-08T12:49:47","modified_gmt":"2026-04-08T10:49:47","slug":"19-mm-verschluss-fuer-vorhaengeschloss","status":"publish","type":"product","link":"https:\/\/www.omrserrature.it\/de\/produkt\/19-mm-verschluss-fuer-vorhaengeschloss\/","title":{"rendered":"19 mm Verschluss f\u00fcr Vorh\u00e4ngeschloss"},"content":{"rendered":"<p><strong>Verschluss f\u00fcr Vorh\u00e4ngeschloss<\/strong> aus Zinklegierung f\u00fcr den Einsatz von 30 und 40 mm <strong>Vorh\u00e4ngeschl\u00f6ssern<\/strong> (B\u00fcgeldurchmesser 5-7 mm). Die unterschiedlichen Zylinderl\u00e4ngen erlauben die Installation sowohl auf Metallm\u00f6beln als auch auf Holzm\u00f6beln. Der praktische <strong>personalisierbare<\/strong> Verschluss dient zur Drehung des Hebels und der Stangen. Das Vorh\u00e4ngeschloss blockiert den Verschluss in geschlossenem Zustand und verhindert die Drehung.<\/p>\n<p>Der <strong>mit einem Vorh\u00e4ngeschloss versehene<\/strong> Abschluss kann auch aus <strong>Technopolymer<\/strong> hergestellt werden, einem speziellen &#8218;Metallkunststoff&#8216;, der eine der Aluminiumlegierung ebenb\u00fcrtige mechanische Leistung, Best\u00e4ndigkeit gegen Witterungseinfl\u00fcsse und Korrosion sowie eine perfekte Integration in Ihr Endprodukt dank der<strong>breiten Farbpalette<\/strong> garantiert<strong>.<\/strong> Die quadratische 7-mm-Klemme erm\u00f6glicht es Ihnen au\u00dferdem, eine Vielzahl von <strong>geraden, gekr\u00f6pften und Hakenzungen<\/strong> zu installieren. <\/p>\n<p>Seine Anwendung ist besonders geeignet f\u00fcr <strong>Umkleidespinde, Gemeinschaftsm\u00f6bel, Krankenhausm\u00f6bel, Spa-\/Fitnessstudio-\/Poolm\u00f6bel, Herbergsm\u00f6bel, Tischlerobjekte, z.B. in technischen R\u00e4umen.<\/strong><\/p>\n","protected":false},"excerpt":{"rendered":"<p><strong>Verschluss f\u00fcr Vorh\u00e4ngeschloss<\/strong> aus Zinklegierung f\u00fcr den Einsatz von 30 und 40 mm <strong>Vorh\u00e4ngeschl\u00f6ssern<\/strong> (B\u00fcgeldurchmesser 5-7 mm). Die unterschiedlichen Zylinderl\u00e4ngen erlauben die Installation sowohl auf Metallm\u00f6beln als auch auf Holzm\u00f6beln.<\/p>\n<p>Perfekt, zum Beispiel f\u00fcr <strong>Schlie\u00dff\u00e4cher<\/strong>.<\/p>\n","protected":false},"featured_media":3181,"comment_status":"open","ping_status":"closed","template":"","meta":{"_acf_changed":false,"_et_pb_use_builder":"","_et_pb_old_content":"","_et_gb_content_width":""},"product_brand":[],"product_cat":[3765,3770,3779,3825,3829,3864,3758,3842,3847,3852,3851,3867,3797,3860,3764,3802],"product_tag":[],"class_list":{"0":"post-241599","1":"product","2":"type-product","3":"status-publish","4":"has-post-thumbnail","6":"product_cat-abschlusssysteme-fur-die-industrie","7":"product_cat-bildungswesen-und-kultur","8":"product_cat-griffe-und-knopfe","9":"product_cat-hebel-schlosser","10":"product_cat-kabinett-schlosser","11":"product_cat-schliesfacher-fur-schliesfacher","12":"product_cat-schloss","13":"product_cat-schlosser-fur-die-elektromechanische-industrie","14":"product_cat-schlosser-fur-gefahrstoffschranke","15":"product_cat-schlosser-fur-industrieschranke","16":"product_cat-schlosser-fur-pflanzenschutzschranke","17":"product_cat-schlosser-fur-schliesfacher","18":"product_cat-schlosser-mit-drehbarem-griff","19":"product_cat-turschlosser","20":"product_cat-wasser-luft-gas-fur-firmen","21":"product_cat-wasserdichte-rostfreie-schlosser","23":"first","24":"instock","25":"shipping-taxable","26":"purchasable","27":"product-type-variable","28":"has-default-attributes"},"acf":{"pdf1":"https:\/\/www.omrserrature.it\/wp-content\/uploads\/schede\/Scheda_163380.pdf"},"yoast_head":"<!-- This site is optimized with the Yoast SEO plugin v27.5 - https:\/\/yoast.com\/product\/yoast-seo-wordpress\/ -->\n<title>19 mm Verschluss f\u00fcr Vorh\u00e4ngeschloss - OMR Serrature<\/title>\n<meta name=\"robots\" content=\"index, follow, max-snippet:-1, max-image-preview:large, max-video-preview:-1\" \/>\n<link rel=\"canonical\" href=\"https:\/\/www.omrserrature.it\/de\/produkt\/19-mm-verschluss-fuer-vorhaengeschloss\/\" \/>\n<meta property=\"og:locale\" content=\"de_DE\" \/>\n<meta property=\"og:type\" content=\"article\" \/>\n<meta property=\"og:title\" content=\"19 mm Verschluss f\u00fcr Vorh\u00e4ngeschloss - OMR Serrature\" \/>\n<meta property=\"og:description\" content=\"Verschluss f\u00fcr Vorh\u00e4ngeschloss aus Zinklegierung f\u00fcr den Einsatz von 30 und 40 mm Vorh\u00e4ngeschl\u00f6ssern (B\u00fcgeldurchmesser 5-7 mm). Die unterschiedlichen Zylinderl\u00e4ngen erlauben die Installation sowohl auf Metallm\u00f6beln als auch auf Holzm\u00f6beln. Perfekt, zum Beispiel f\u00fcr Schlie\u00dff\u00e4cher.\" \/>\n<meta property=\"og:url\" content=\"https:\/\/www.omrserrature.it\/de\/produkt\/19-mm-verschluss-fuer-vorhaengeschloss\/\" \/>\n<meta property=\"og:site_name\" content=\"OMR Serrature | Produzione sistemi di chiusura\" \/>\n<meta property=\"article:publisher\" content=\"https:\/\/www.facebook.com\/OMRserrature\" \/>\n<meta property=\"article:modified_time\" content=\"2026-04-08T10:49:47+00:00\" \/>\n<meta property=\"og:image\" content=\"https:\/\/www.omrserrature.it\/wp-content\/uploads\/2017\/10\/maniglietta-lucchettabile.jpg\" \/>\n\t<meta property=\"og:image:width\" content=\"560\" \/>\n\t<meta property=\"og:image:height\" content=\"385\" \/>\n\t<meta property=\"og:image:type\" content=\"image\/jpeg\" \/>\n<meta name=\"twitter:card\" content=\"summary_large_image\" \/>\n<meta name=\"twitter:label1\" content=\"Gesch\u00e4tzte Lesezeit\" \/>\n\t<meta name=\"twitter:data1\" content=\"1\u00a0Minute\" \/>\n<script type=\"application\/ld+json\" class=\"yoast-schema-graph\">{\"@context\":\"https:\\\/\\\/schema.org\",\"@graph\":[{\"@type\":\"WebPage\",\"@id\":\"https:\\\/\\\/www.omrserrature.it\\\/de\\\/produkt\\\/19-mm-verschluss-fuer-vorhaengeschloss\\\/\",\"url\":\"https:\\\/\\\/www.omrserrature.it\\\/de\\\/produkt\\\/19-mm-verschluss-fuer-vorhaengeschloss\\\/\",\"name\":\"19 mm Verschluss f\u00fcr Vorh\u00e4ngeschloss - OMR Serrature\",\"isPartOf\":{\"@id\":\"https:\\\/\\\/www.omrserrature.it\\\/de\\\/#website\"},\"primaryImageOfPage\":{\"@id\":\"https:\\\/\\\/www.omrserrature.it\\\/de\\\/produkt\\\/19-mm-verschluss-fuer-vorhaengeschloss\\\/#primaryimage\"},\"image\":{\"@id\":\"https:\\\/\\\/www.omrserrature.it\\\/de\\\/produkt\\\/19-mm-verschluss-fuer-vorhaengeschloss\\\/#primaryimage\"},\"thumbnailUrl\":\"https:\\\/\\\/www.omrserrature.it\\\/wp-content\\\/uploads\\\/2017\\\/10\\\/maniglietta-lucchettabile.jpg\",\"datePublished\":\"2011-10-17T12:39:00+00:00\",\"dateModified\":\"2026-04-08T10:49:47+00:00\",\"breadcrumb\":{\"@id\":\"https:\\\/\\\/www.omrserrature.it\\\/de\\\/produkt\\\/19-mm-verschluss-fuer-vorhaengeschloss\\\/#breadcrumb\"},\"inLanguage\":\"de\",\"potentialAction\":[{\"@type\":\"ReadAction\",\"target\":[\"https:\\\/\\\/www.omrserrature.it\\\/de\\\/produkt\\\/19-mm-verschluss-fuer-vorhaengeschloss\\\/\"]}]},{\"@type\":\"ImageObject\",\"inLanguage\":\"de\",\"@id\":\"https:\\\/\\\/www.omrserrature.it\\\/de\\\/produkt\\\/19-mm-verschluss-fuer-vorhaengeschloss\\\/#primaryimage\",\"url\":\"https:\\\/\\\/www.omrserrature.it\\\/wp-content\\\/uploads\\\/2017\\\/10\\\/maniglietta-lucchettabile.jpg\",\"contentUrl\":\"https:\\\/\\\/www.omrserrature.it\\\/wp-content\\\/uploads\\\/2017\\\/10\\\/maniglietta-lucchettabile.jpg\",\"width\":560,\"height\":385,\"caption\":\"Verschluss f\u00fcr Vorh\u00e4ngeschloss - Zinklegierung - f\u00fcr 30 und 40 mm Vorh\u00e4ngeschl\u00f6sser\"},{\"@type\":\"BreadcrumbList\",\"@id\":\"https:\\\/\\\/www.omrserrature.it\\\/de\\\/produkt\\\/19-mm-verschluss-fuer-vorhaengeschloss\\\/#breadcrumb\",\"itemListElement\":[{\"@type\":\"ListItem\",\"position\":1,\"name\":\"Home\",\"item\":\"https:\\\/\\\/www.omrserrature.it\\\/de\\\/omr-serrature-sistemi-chiusura\\\/\"},{\"@type\":\"ListItem\",\"position\":2,\"name\":\"Katalog\",\"item\":\"https:\\\/\\\/www.omrserrature.it\\\/katalog\\\/?lang=de\"},{\"@type\":\"ListItem\",\"position\":3,\"name\":\"Anwendungen\",\"item\":\"https:\\\/\\\/www.omrserrature.it\\\/de\\\/katalog\\\/anwendungen\\\/\"},{\"@type\":\"ListItem\",\"position\":4,\"name\":\"Kabinett Schl\u00f6sser\",\"item\":\"https:\\\/\\\/www.omrserrature.it\\\/de\\\/katalog\\\/anwendungen\\\/kabinett-schlosser\\\/\"},{\"@type\":\"ListItem\",\"position\":5,\"name\":\"19 mm Verschluss f\u00fcr Vorh\u00e4ngeschloss\"}]},{\"@type\":\"WebSite\",\"@id\":\"https:\\\/\\\/www.omrserrature.it\\\/de\\\/#website\",\"url\":\"https:\\\/\\\/www.omrserrature.it\\\/de\\\/\",\"name\":\"OMR Serrature | Produzione sistemi di chiusura\",\"description\":\"Produzione serrature di sicurezza e sistemi di chiusura\",\"publisher\":{\"@id\":\"https:\\\/\\\/www.omrserrature.it\\\/de\\\/#organization\"},\"potentialAction\":[{\"@type\":\"SearchAction\",\"target\":{\"@type\":\"EntryPoint\",\"urlTemplate\":\"https:\\\/\\\/www.omrserrature.it\\\/de\\\/?s={search_term_string}\"},\"query-input\":{\"@type\":\"PropertyValueSpecification\",\"valueRequired\":true,\"valueName\":\"search_term_string\"}}],\"inLanguage\":\"de\"},{\"@type\":\"Organization\",\"@id\":\"https:\\\/\\\/www.omrserrature.it\\\/de\\\/#organization\",\"name\":\"OMR Serrature | Produzione sistemi di chiusura\",\"url\":\"https:\\\/\\\/www.omrserrature.it\\\/de\\\/\",\"logo\":{\"@type\":\"ImageObject\",\"inLanguage\":\"de\",\"@id\":\"https:\\\/\\\/www.omrserrature.it\\\/de\\\/#\\\/schema\\\/logo\\\/image\\\/\",\"url\":\"https:\\\/\\\/www.omrserrature.it\\\/wp-content\\\/uploads\\\/2017\\\/09\\\/favicon-omr-114.png\",\"contentUrl\":\"https:\\\/\\\/www.omrserrature.it\\\/wp-content\\\/uploads\\\/2017\\\/09\\\/favicon-omr-114.png\",\"width\":114,\"height\":114,\"caption\":\"OMR Serrature | Produzione sistemi di chiusura\"},\"image\":{\"@id\":\"https:\\\/\\\/www.omrserrature.it\\\/de\\\/#\\\/schema\\\/logo\\\/image\\\/\"},\"sameAs\":[\"https:\\\/\\\/www.facebook.com\\\/OMRserrature\",\"https:\\\/\\\/www.linkedin.com\\\/company\\\/omrserrature\\\/\",\"https:\\\/\\\/www.youtube.com\\\/channel\\\/UCxmA85z2R0EpG_6IRokiAkg\"]}]}<\/script>\n<!-- \/ Yoast SEO plugin. -->","yoast_head_json":{"title":"19 mm Verschluss f\u00fcr Vorh\u00e4ngeschloss - OMR Serrature","robots":{"index":"index","follow":"follow","max-snippet":"max-snippet:-1","max-image-preview":"max-image-preview:large","max-video-preview":"max-video-preview:-1"},"canonical":"https:\/\/www.omrserrature.it\/de\/produkt\/19-mm-verschluss-fuer-vorhaengeschloss\/","og_locale":"de_DE","og_type":"article","og_title":"19 mm Verschluss f\u00fcr Vorh\u00e4ngeschloss - OMR Serrature","og_description":"Verschluss f\u00fcr Vorh\u00e4ngeschloss aus Zinklegierung f\u00fcr den Einsatz von 30 und 40 mm Vorh\u00e4ngeschl\u00f6ssern (B\u00fcgeldurchmesser 5-7 mm). Die unterschiedlichen Zylinderl\u00e4ngen erlauben die Installation sowohl auf Metallm\u00f6beln als auch auf Holzm\u00f6beln. Perfekt, zum Beispiel f\u00fcr Schlie\u00dff\u00e4cher.","og_url":"https:\/\/www.omrserrature.it\/de\/produkt\/19-mm-verschluss-fuer-vorhaengeschloss\/","og_site_name":"OMR Serrature | Produzione sistemi di chiusura","article_publisher":"https:\/\/www.facebook.com\/OMRserrature","article_modified_time":"2026-04-08T10:49:47+00:00","og_image":[{"width":560,"height":385,"url":"https:\/\/www.omrserrature.it\/wp-content\/uploads\/2017\/10\/maniglietta-lucchettabile.jpg","type":"image\/jpeg"}],"twitter_card":"summary_large_image","twitter_misc":{"Gesch\u00e4tzte Lesezeit":"1\u00a0Minute"},"schema":{"@context":"https:\/\/schema.org","@graph":[{"@type":"WebPage","@id":"https:\/\/www.omrserrature.it\/de\/produkt\/19-mm-verschluss-fuer-vorhaengeschloss\/","url":"https:\/\/www.omrserrature.it\/de\/produkt\/19-mm-verschluss-fuer-vorhaengeschloss\/","name":"19 mm Verschluss f\u00fcr Vorh\u00e4ngeschloss - OMR Serrature","isPartOf":{"@id":"https:\/\/www.omrserrature.it\/de\/#website"},"primaryImageOfPage":{"@id":"https:\/\/www.omrserrature.it\/de\/produkt\/19-mm-verschluss-fuer-vorhaengeschloss\/#primaryimage"},"image":{"@id":"https:\/\/www.omrserrature.it\/de\/produkt\/19-mm-verschluss-fuer-vorhaengeschloss\/#primaryimage"},"thumbnailUrl":"https:\/\/www.omrserrature.it\/wp-content\/uploads\/2017\/10\/maniglietta-lucchettabile.jpg","datePublished":"2011-10-17T12:39:00+00:00","dateModified":"2026-04-08T10:49:47+00:00","breadcrumb":{"@id":"https:\/\/www.omrserrature.it\/de\/produkt\/19-mm-verschluss-fuer-vorhaengeschloss\/#breadcrumb"},"inLanguage":"de","potentialAction":[{"@type":"ReadAction","target":["https:\/\/www.omrserrature.it\/de\/produkt\/19-mm-verschluss-fuer-vorhaengeschloss\/"]}]},{"@type":"ImageObject","inLanguage":"de","@id":"https:\/\/www.omrserrature.it\/de\/produkt\/19-mm-verschluss-fuer-vorhaengeschloss\/#primaryimage","url":"https:\/\/www.omrserrature.it\/wp-content\/uploads\/2017\/10\/maniglietta-lucchettabile.jpg","contentUrl":"https:\/\/www.omrserrature.it\/wp-content\/uploads\/2017\/10\/maniglietta-lucchettabile.jpg","width":560,"height":385,"caption":"Verschluss f\u00fcr Vorh\u00e4ngeschloss - Zinklegierung - f\u00fcr 30 und 40 mm Vorh\u00e4ngeschl\u00f6sser"},{"@type":"BreadcrumbList","@id":"https:\/\/www.omrserrature.it\/de\/produkt\/19-mm-verschluss-fuer-vorhaengeschloss\/#breadcrumb","itemListElement":[{"@type":"ListItem","position":1,"name":"Home","item":"https:\/\/www.omrserrature.it\/de\/omr-serrature-sistemi-chiusura\/"},{"@type":"ListItem","position":2,"name":"Katalog","item":"https:\/\/www.omrserrature.it\/katalog\/?lang=de"},{"@type":"ListItem","position":3,"name":"Anwendungen","item":"https:\/\/www.omrserrature.it\/de\/katalog\/anwendungen\/"},{"@type":"ListItem","position":4,"name":"Kabinett Schl\u00f6sser","item":"https:\/\/www.omrserrature.it\/de\/katalog\/anwendungen\/kabinett-schlosser\/"},{"@type":"ListItem","position":5,"name":"19 mm Verschluss f\u00fcr Vorh\u00e4ngeschloss"}]},{"@type":"WebSite","@id":"https:\/\/www.omrserrature.it\/de\/#website","url":"https:\/\/www.omrserrature.it\/de\/","name":"OMR Serrature | Produzione sistemi di chiusura","description":"Produzione serrature di sicurezza e sistemi di chiusura","publisher":{"@id":"https:\/\/www.omrserrature.it\/de\/#organization"},"potentialAction":[{"@type":"SearchAction","target":{"@type":"EntryPoint","urlTemplate":"https:\/\/www.omrserrature.it\/de\/?s={search_term_string}"},"query-input":{"@type":"PropertyValueSpecification","valueRequired":true,"valueName":"search_term_string"}}],"inLanguage":"de"},{"@type":"Organization","@id":"https:\/\/www.omrserrature.it\/de\/#organization","name":"OMR Serrature | Produzione sistemi di chiusura","url":"https:\/\/www.omrserrature.it\/de\/","logo":{"@type":"ImageObject","inLanguage":"de","@id":"https:\/\/www.omrserrature.it\/de\/#\/schema\/logo\/image\/","url":"https:\/\/www.omrserrature.it\/wp-content\/uploads\/2017\/09\/favicon-omr-114.png","contentUrl":"https:\/\/www.omrserrature.it\/wp-content\/uploads\/2017\/09\/favicon-omr-114.png","width":114,"height":114,"caption":"OMR Serrature | Produzione sistemi di chiusura"},"image":{"@id":"https:\/\/www.omrserrature.it\/de\/#\/schema\/logo\/image\/"},"sameAs":["https:\/\/www.facebook.com\/OMRserrature","https:\/\/www.linkedin.com\/company\/omrserrature\/","https:\/\/www.youtube.com\/channel\/UCxmA85z2R0EpG_6IRokiAkg"]}]}},"_links":{"self":[{"href":"https:\/\/www.omrserrature.it\/de\/wp-json\/wp\/v2\/product\/241599","targetHints":{"allow":["GET"]}}],"collection":[{"href":"https:\/\/www.omrserrature.it\/de\/wp-json\/wp\/v2\/product"}],"about":[{"href":"https:\/\/www.omrserrature.it\/de\/wp-json\/wp\/v2\/types\/product"}],"replies":[{"embeddable":true,"href":"https:\/\/www.omrserrature.it\/de\/wp-json\/wp\/v2\/comments?post=241599"}],"wp:featuredmedia":[{"embeddable":true,"href":"https:\/\/www.omrserrature.it\/de\/wp-json\/wp\/v2\/media\/3181"}],"wp:attachment":[{"href":"https:\/\/www.omrserrature.it\/de\/wp-json\/wp\/v2\/media?parent=241599"}],"wp:term":[{"taxonomy":"product_brand","embeddable":true,"href":"https:\/\/www.omrserrature.it\/de\/wp-json\/wp\/v2\/product_brand?post=241599"},{"taxonomy":"product_cat","embeddable":true,"href":"https:\/\/www.omrserrature.it\/de\/wp-json\/wp\/v2\/product_cat?post=241599"},{"taxonomy":"product_tag","embeddable":true,"href":"https:\/\/www.omrserrature.it\/de\/wp-json\/wp\/v2\/product_tag?post=241599"}],"curies":[{"name":"wp","href":"https:\/\/api.w.org\/{rel}","templated":true}]}}