{"id":241499,"date":"2018-07-12T10:58:50","date_gmt":"2012-07-18T08:58:00","guid":{"rendered":"https:\/\/www.staging6.omrserrature.it\/prodotto\/stangenfuehrung\/"},"modified":"2026-04-08T11:59:06","modified_gmt":"2026-04-08T09:59:06","slug":"stangenfuehrung","status":"publish","type":"product","link":"https:\/\/www.omrserrature.it\/de\/produkt\/stangenfuehrung\/","title":{"rendered":"Flache U-B\u00fcgel-F\u00fchrung"},"content":{"rendered":"<p><strong>Der U-B\u00fcgel<\/strong> ist eine Schl\u00fcsselkomponente in <strong>Schiebet\u00fcren f\u00fcr Schl\u00f6sser<\/strong>. Diese Halterung aus Materialien wie Metalldruckguss oder Kunststoff spielt eine entscheidende Rolle dabei, <strong>die Stange w\u00e4hrend der vertikalen Bewegung in der richtigen Position zu halten<\/strong>. <\/p>\n<p>Der Name &#8218;U-B\u00fcgel&#8216; deutet bereits auf seine Funktion hin: Er sorgt daf\u00fcr, dass die Stangen beim \u00d6ffnen und Schlie\u00dfen gef\u00fchrt und stabil gehalten werden. Die Stangenf\u00fchrung wird in der Regel am M\u00f6belt\u00fcrblatt befestigt und sorgt f\u00fcr das perfekte Funktionieren von Stangenschl\u00f6ssern, so dass die T\u00fcren reibungslos und pr\u00e4zise ge\u00f6ffnet und geschlossen werden k\u00f6nnen. <\/p>\n<p>Diese Komponente ist f\u00fcr die Sicherheit und Effizienz von vertikalen Stangenschl\u00f6ssern unerl\u00e4sslich und tr\u00e4gt dazu bei, ihre Integrit\u00e4t und Langlebigkeit zu erhalten. Der U-B\u00fcgel spielt eine diskrete, aber wichtige Rolle im Gesamtmechanismus des Schlosses. Er sorgt f\u00fcr <strong>Stabilit\u00e4t und Pr\u00e4zision bei den Bewegungen der Drehstangen<\/strong>. <\/p>\n","protected":false},"excerpt":{"rendered":"<p><strong>Der U-B\u00fcgel<\/strong> ist eine Schl\u00fcsselkomponente in <strong>Schiebet\u00fcren f\u00fcr Schl\u00f6sser<\/strong>. Diese Halterung aus Materialien wie Metalldruckguss oder Kunststoff spielt eine entscheidende Rolle dabei, <strong>die Stange w\u00e4hrend der Bewegung in der richtigen Position zu halten<\/strong>. <\/p>\n","protected":false},"featured_media":8643,"comment_status":"open","ping_status":"closed","template":"","meta":{"_acf_changed":false,"_et_pb_use_builder":"","_et_pb_old_content":"","_et_gb_content_width":""},"product_brand":[],"product_cat":[3775,3806,3824],"product_tag":[],"class_list":{"0":"post-241499","1":"product","2":"type-product","3":"status-publish","4":"has-post-thumbnail","6":"product_cat-produkte","7":"product_cat-stangen","8":"product_cat-zubehor-und-ersatzteile","10":"first","11":"instock","12":"shipping-taxable","13":"product-type-simple"},"acf":{"pdf1":false},"yoast_head":"<!-- This site is optimized with the Yoast SEO plugin v27.2 - https:\/\/yoast.com\/product\/yoast-seo-wordpress\/ -->\n<title>Flache U-B\u00fcgel-F\u00fchrung - OMR Serrature<\/title>\n<meta name=\"robots\" content=\"index, follow, max-snippet:-1, max-image-preview:large, max-video-preview:-1\" \/>\n<link rel=\"canonical\" href=\"https:\/\/www.omrserrature.it\/de\/produkt\/stangenfuehrung\/\" \/>\n<meta property=\"og:locale\" content=\"de_DE\" \/>\n<meta property=\"og:type\" content=\"article\" \/>\n<meta property=\"og:title\" content=\"Flache U-B\u00fcgel-F\u00fchrung - OMR Serrature\" \/>\n<meta property=\"og:description\" content=\"Der U-B\u00fcgel ist eine Schl\u00fcsselkomponente in Schiebet\u00fcren f\u00fcr Schl\u00f6sser. Diese Halterung aus Materialien wie Metalldruckguss oder Kunststoff spielt eine entscheidende Rolle dabei, die Stange w\u00e4hrend der Bewegung in der richtigen Position zu halten.\" \/>\n<meta property=\"og:url\" content=\"https:\/\/www.omrserrature.it\/de\/produkt\/stangenfuehrung\/\" \/>\n<meta property=\"og:site_name\" content=\"OMR Serrature | Produzione sistemi di chiusura\" \/>\n<meta property=\"article:publisher\" content=\"https:\/\/www.facebook.com\/OMRserrature\" \/>\n<meta property=\"article:modified_time\" content=\"2026-04-08T09:59:06+00:00\" \/>\n<meta property=\"og:image\" content=\"https:\/\/www.omrserrature.it\/wp-content\/uploads\/2018\/07\/guida-asta-SGUI02645.jpg\" \/>\n\t<meta property=\"og:image:width\" content=\"254\" \/>\n\t<meta property=\"og:image:height\" content=\"139\" \/>\n\t<meta property=\"og:image:type\" content=\"image\/jpeg\" \/>\n<meta name=\"twitter:card\" content=\"summary_large_image\" \/>\n<meta name=\"twitter:label1\" content=\"Gesch\u00e4tzte Lesezeit\" \/>\n\t<meta name=\"twitter:data1\" content=\"1\u00a0Minute\" \/>\n<script type=\"application\/ld+json\" class=\"yoast-schema-graph\">{\"@context\":\"https:\/\/schema.org\",\"@graph\":[{\"@type\":\"WebPage\",\"@id\":\"https:\/\/www.omrserrature.it\/de\/produkt\/stangenfuehrung\/\",\"url\":\"https:\/\/www.omrserrature.it\/de\/produkt\/stangenfuehrung\/\",\"name\":\"Flache U-B\u00fcgel-F\u00fchrung - OMR Serrature\",\"isPartOf\":{\"@id\":\"https:\/\/www.omrserrature.it\/de\/#website\"},\"primaryImageOfPage\":{\"@id\":\"https:\/\/www.omrserrature.it\/de\/produkt\/stangenfuehrung\/#primaryimage\"},\"image\":{\"@id\":\"https:\/\/www.omrserrature.it\/de\/produkt\/stangenfuehrung\/#primaryimage\"},\"thumbnailUrl\":\"https:\/\/www.omrserrature.it\/wp-content\/uploads\/2018\/07\/guida-asta-SGUI02645.jpg\",\"datePublished\":\"2012-07-18T08:58:00+00:00\",\"dateModified\":\"2026-04-08T09:59:06+00:00\",\"breadcrumb\":{\"@id\":\"https:\/\/www.omrserrature.it\/de\/produkt\/stangenfuehrung\/#breadcrumb\"},\"inLanguage\":\"de\",\"potentialAction\":[{\"@type\":\"ReadAction\",\"target\":[\"https:\/\/www.omrserrature.it\/de\/produkt\/stangenfuehrung\/\"]}]},{\"@type\":\"ImageObject\",\"inLanguage\":\"de\",\"@id\":\"https:\/\/www.omrserrature.it\/de\/produkt\/stangenfuehrung\/#primaryimage\",\"url\":\"https:\/\/www.omrserrature.it\/wp-content\/uploads\/2018\/07\/guida-asta-SGUI02645.jpg\",\"contentUrl\":\"https:\/\/www.omrserrature.it\/wp-content\/uploads\/2018\/07\/guida-asta-SGUI02645.jpg\",\"width\":254,\"height\":139,\"caption\":\"U-B\u00fcgel f\u00fcr Verriegelungen mit rotierenden Stangen - SGUI02645\"},{\"@type\":\"BreadcrumbList\",\"@id\":\"https:\/\/www.omrserrature.it\/de\/produkt\/stangenfuehrung\/#breadcrumb\",\"itemListElement\":[{\"@type\":\"ListItem\",\"position\":1,\"name\":\"Home\",\"item\":\"https:\/\/www.omrserrature.it\/de\/omr-serrature-sistemi-chiusura\/\"},{\"@type\":\"ListItem\",\"position\":2,\"name\":\"Katalog\",\"item\":\"https:\/\/www.omrserrature.it\/katalog\/?lang=de\"},{\"@type\":\"ListItem\",\"position\":3,\"name\":\"Produkte\",\"item\":\"https:\/\/www.omrserrature.it\/de\/katalog\/produkte\/\"},{\"@type\":\"ListItem\",\"position\":4,\"name\":\"Flache U-B\u00fcgel-F\u00fchrung\"}]},{\"@type\":\"WebSite\",\"@id\":\"https:\/\/www.omrserrature.it\/de\/#website\",\"url\":\"https:\/\/www.omrserrature.it\/de\/\",\"name\":\"OMR Serrature | Produzione sistemi di chiusura\",\"description\":\"Produzione serrature di sicurezza e sistemi di chiusura\",\"publisher\":{\"@id\":\"https:\/\/www.omrserrature.it\/de\/#organization\"},\"potentialAction\":[{\"@type\":\"SearchAction\",\"target\":{\"@type\":\"EntryPoint\",\"urlTemplate\":\"https:\/\/www.omrserrature.it\/de\/?s={search_term_string}\"},\"query-input\":{\"@type\":\"PropertyValueSpecification\",\"valueRequired\":true,\"valueName\":\"search_term_string\"}}],\"inLanguage\":\"de\"},{\"@type\":\"Organization\",\"@id\":\"https:\/\/www.omrserrature.it\/de\/#organization\",\"name\":\"OMR Serrature | Produzione sistemi di chiusura\",\"url\":\"https:\/\/www.omrserrature.it\/de\/\",\"logo\":{\"@type\":\"ImageObject\",\"inLanguage\":\"de\",\"@id\":\"https:\/\/www.omrserrature.it\/de\/#\/schema\/logo\/image\/\",\"url\":\"https:\/\/www.omrserrature.it\/wp-content\/uploads\/2017\/09\/favicon-omr-114.png\",\"contentUrl\":\"https:\/\/www.omrserrature.it\/wp-content\/uploads\/2017\/09\/favicon-omr-114.png\",\"width\":114,\"height\":114,\"caption\":\"OMR Serrature | Produzione sistemi di chiusura\"},\"image\":{\"@id\":\"https:\/\/www.omrserrature.it\/de\/#\/schema\/logo\/image\/\"},\"sameAs\":[\"https:\/\/www.facebook.com\/OMRserrature\",\"https:\/\/www.linkedin.com\/company\/omrserrature\/\",\"https:\/\/www.youtube.com\/channel\/UCxmA85z2R0EpG_6IRokiAkg\"]}]}<\/script>\n<!-- \/ Yoast SEO plugin. -->","yoast_head_json":{"title":"Flache U-B\u00fcgel-F\u00fchrung - OMR Serrature","robots":{"index":"index","follow":"follow","max-snippet":"max-snippet:-1","max-image-preview":"max-image-preview:large","max-video-preview":"max-video-preview:-1"},"canonical":"https:\/\/www.omrserrature.it\/de\/produkt\/stangenfuehrung\/","og_locale":"de_DE","og_type":"article","og_title":"Flache U-B\u00fcgel-F\u00fchrung - OMR Serrature","og_description":"Der U-B\u00fcgel ist eine Schl\u00fcsselkomponente in Schiebet\u00fcren f\u00fcr Schl\u00f6sser. Diese Halterung aus Materialien wie Metalldruckguss oder Kunststoff spielt eine entscheidende Rolle dabei, die Stange w\u00e4hrend der Bewegung in der richtigen Position zu halten.","og_url":"https:\/\/www.omrserrature.it\/de\/produkt\/stangenfuehrung\/","og_site_name":"OMR Serrature | Produzione sistemi di chiusura","article_publisher":"https:\/\/www.facebook.com\/OMRserrature","article_modified_time":"2026-04-08T09:59:06+00:00","og_image":[{"width":254,"height":139,"url":"https:\/\/www.omrserrature.it\/wp-content\/uploads\/2018\/07\/guida-asta-SGUI02645.jpg","type":"image\/jpeg"}],"twitter_card":"summary_large_image","twitter_misc":{"Gesch\u00e4tzte Lesezeit":"1\u00a0Minute"},"schema":{"@context":"https:\/\/schema.org","@graph":[{"@type":"WebPage","@id":"https:\/\/www.omrserrature.it\/de\/produkt\/stangenfuehrung\/","url":"https:\/\/www.omrserrature.it\/de\/produkt\/stangenfuehrung\/","name":"Flache U-B\u00fcgel-F\u00fchrung - OMR Serrature","isPartOf":{"@id":"https:\/\/www.omrserrature.it\/de\/#website"},"primaryImageOfPage":{"@id":"https:\/\/www.omrserrature.it\/de\/produkt\/stangenfuehrung\/#primaryimage"},"image":{"@id":"https:\/\/www.omrserrature.it\/de\/produkt\/stangenfuehrung\/#primaryimage"},"thumbnailUrl":"https:\/\/www.omrserrature.it\/wp-content\/uploads\/2018\/07\/guida-asta-SGUI02645.jpg","datePublished":"2012-07-18T08:58:00+00:00","dateModified":"2026-04-08T09:59:06+00:00","breadcrumb":{"@id":"https:\/\/www.omrserrature.it\/de\/produkt\/stangenfuehrung\/#breadcrumb"},"inLanguage":"de","potentialAction":[{"@type":"ReadAction","target":["https:\/\/www.omrserrature.it\/de\/produkt\/stangenfuehrung\/"]}]},{"@type":"ImageObject","inLanguage":"de","@id":"https:\/\/www.omrserrature.it\/de\/produkt\/stangenfuehrung\/#primaryimage","url":"https:\/\/www.omrserrature.it\/wp-content\/uploads\/2018\/07\/guida-asta-SGUI02645.jpg","contentUrl":"https:\/\/www.omrserrature.it\/wp-content\/uploads\/2018\/07\/guida-asta-SGUI02645.jpg","width":254,"height":139,"caption":"U-B\u00fcgel f\u00fcr Verriegelungen mit rotierenden Stangen - SGUI02645"},{"@type":"BreadcrumbList","@id":"https:\/\/www.omrserrature.it\/de\/produkt\/stangenfuehrung\/#breadcrumb","itemListElement":[{"@type":"ListItem","position":1,"name":"Home","item":"https:\/\/www.omrserrature.it\/de\/omr-serrature-sistemi-chiusura\/"},{"@type":"ListItem","position":2,"name":"Katalog","item":"https:\/\/www.omrserrature.it\/katalog\/?lang=de"},{"@type":"ListItem","position":3,"name":"Produkte","item":"https:\/\/www.omrserrature.it\/de\/katalog\/produkte\/"},{"@type":"ListItem","position":4,"name":"Flache U-B\u00fcgel-F\u00fchrung"}]},{"@type":"WebSite","@id":"https:\/\/www.omrserrature.it\/de\/#website","url":"https:\/\/www.omrserrature.it\/de\/","name":"OMR Serrature | Produzione sistemi di chiusura","description":"Produzione serrature di sicurezza e sistemi di chiusura","publisher":{"@id":"https:\/\/www.omrserrature.it\/de\/#organization"},"potentialAction":[{"@type":"SearchAction","target":{"@type":"EntryPoint","urlTemplate":"https:\/\/www.omrserrature.it\/de\/?s={search_term_string}"},"query-input":{"@type":"PropertyValueSpecification","valueRequired":true,"valueName":"search_term_string"}}],"inLanguage":"de"},{"@type":"Organization","@id":"https:\/\/www.omrserrature.it\/de\/#organization","name":"OMR Serrature | Produzione sistemi di chiusura","url":"https:\/\/www.omrserrature.it\/de\/","logo":{"@type":"ImageObject","inLanguage":"de","@id":"https:\/\/www.omrserrature.it\/de\/#\/schema\/logo\/image\/","url":"https:\/\/www.omrserrature.it\/wp-content\/uploads\/2017\/09\/favicon-omr-114.png","contentUrl":"https:\/\/www.omrserrature.it\/wp-content\/uploads\/2017\/09\/favicon-omr-114.png","width":114,"height":114,"caption":"OMR Serrature | Produzione sistemi di chiusura"},"image":{"@id":"https:\/\/www.omrserrature.it\/de\/#\/schema\/logo\/image\/"},"sameAs":["https:\/\/www.facebook.com\/OMRserrature","https:\/\/www.linkedin.com\/company\/omrserrature\/","https:\/\/www.youtube.com\/channel\/UCxmA85z2R0EpG_6IRokiAkg"]}]}},"_links":{"self":[{"href":"https:\/\/www.omrserrature.it\/de\/wp-json\/wp\/v2\/product\/241499","targetHints":{"allow":["GET"]}}],"collection":[{"href":"https:\/\/www.omrserrature.it\/de\/wp-json\/wp\/v2\/product"}],"about":[{"href":"https:\/\/www.omrserrature.it\/de\/wp-json\/wp\/v2\/types\/product"}],"replies":[{"embeddable":true,"href":"https:\/\/www.omrserrature.it\/de\/wp-json\/wp\/v2\/comments?post=241499"}],"wp:featuredmedia":[{"embeddable":true,"href":"https:\/\/www.omrserrature.it\/de\/wp-json\/wp\/v2\/media\/8643"}],"wp:attachment":[{"href":"https:\/\/www.omrserrature.it\/de\/wp-json\/wp\/v2\/media?parent=241499"}],"wp:term":[{"taxonomy":"product_brand","embeddable":true,"href":"https:\/\/www.omrserrature.it\/de\/wp-json\/wp\/v2\/product_brand?post=241499"},{"taxonomy":"product_cat","embeddable":true,"href":"https:\/\/www.omrserrature.it\/de\/wp-json\/wp\/v2\/product_cat?post=241499"},{"taxonomy":"product_tag","embeddable":true,"href":"https:\/\/www.omrserrature.it\/de\/wp-json\/wp\/v2\/product_tag?post=241499"}],"curies":[{"name":"wp","href":"https:\/\/api.w.org\/{rel}","templated":true}]}}