{"id":241462,"date":"2021-03-11T14:55:44","date_gmt":"2011-03-21T13:55:00","guid":{"rendered":"https:\/\/www.staging6.omrserrature.it\/prodotto\/schwerkraft-schloss-kleiner-deckeloberteil-haken\/"},"modified":"2026-04-08T11:29:01","modified_gmt":"2026-04-08T09:29:01","slug":"schwerkraft-schloss-kleiner-deckeloberteil-haken","status":"publish","type":"product","link":"https:\/\/www.omrserrature.it\/de\/produkt\/schwerkraft-schloss-kleiner-deckeloberteil-haken\/","title":{"rendered":"Schwerkraft Schloss kleiner Deckeloberteil Haken"},"content":{"rendered":"<p><strong>Der kleine Haken des Schwerkraft-\u00d6koschlosses<\/strong> ist ein Kunststoffk\u00f6rper mit<strong> einem federbelasteten (oder federlosen) Haken<\/strong> im Inneren, der an der Innenseite des M\u00fcllcontainer-Deckels verankert ist. Er ist mit zwei weiteren Elementen kombiniert: <strong>einem kleinen<\/strong> roten <strong>Deckeloberteil<\/strong> aus Kunststoff mit einem<strong> Zylinderschl\u00fcssel Schloss oder einer dreieckigen Form<\/strong> (oben auf dem Deckel des M\u00fcllcontainers angebracht)<strong> und einem unteren K\u00f6rper, der an der Innenseite des M\u00fcllcontainers angebracht ist<\/strong>. <\/p>\n<p>Das innovative System <strong>sch\u00fctzt die M\u00fclltonnen vor unbefugtem Zugang<\/strong>. Das Entleeren vom M\u00fcllwagen und die M\u00fclltrennung werden erheblich erleichtert.<\/p>\n<p>Das Produkt zeichnet sich aus durch:<br \/>\n&#8211; <strong>Automatische \u00d6ffnung<\/strong> w\u00e4hrend der Entleerung durch das Entsorgungsunternehmen.<br \/>\n&#8211; Am Ende der Entleerung <strong>schlie\u00dft sich der Mechanismus automatisch<\/strong> und verhindert so den Zugriff durch Unbefugte.<br \/>\n&#8211; <strong>Panik\u00f6ffnung von innen<\/strong> ohne Schl\u00fcssel im Notfall (z.B. wenn ein Kind darin stecken bleibt).<br \/>\n&#8211; <strong>M\u00f6belt\u00fcr-\u00d6ffnungssystem<\/strong> f\u00fcr den Fall, dass der M\u00fcllcontainer durch Wind, St\u00f6\u00dfe oder Vandalismus umkippt.<\/p>\n<p>Das Schloss ist mit<strong> allen<\/strong> zwei- und vierr\u00e4drigen M\u00fcllcontainern und<strong> M\u00fclltonnen<\/strong> auf R\u00e4dern kompatibel und<strong> l\u00e4sst sich<\/strong> leicht<strong> an diesen anbringen<\/strong>. Inklusive Anleitung f\u00fcr die Montage des Schlosses mit der OMR-Universalschablone. <\/p>\n","protected":false},"excerpt":{"rendered":"<p>Der kleine <strong>\u00d6ko-Schloss-Haken<\/strong> besteht aus einem Kunststoffk\u00f6rper mit <strong>einem federbelasteten (oder federlosen) Haken<\/strong> im Inneren, der unter dem Deckel des M\u00fcllcontainers angebracht wird.<\/p>\n","protected":false},"featured_media":16928,"comment_status":"open","ping_status":"closed","template":"","meta":{"_acf_changed":false,"_et_pb_use_builder":"","_et_pb_old_content":"","_et_gb_content_width":""},"product_brand":[],"product_cat":[3818],"product_tag":[],"class_list":{"0":"post-241462","1":"product","2":"type-product","3":"status-publish","4":"has-post-thumbnail","6":"product_cat-zubehor-und-ersatzteile-fur-schwerkraftschlosser","8":"first","9":"instock","10":"shipping-taxable","11":"product-type-simple"},"acf":{"pdf1":"https:\/\/www.omrserrature.it\/wp-content\/uploads\/2021\/03\/Scheda_GP-CUP-2001_GP-GAN_GKIT-INF.pdf"},"yoast_head":"<!-- This site is optimized with the Yoast SEO plugin v27.2 - https:\/\/yoast.com\/product\/yoast-seo-wordpress\/ -->\n<title>Schwerkraft Schloss kleiner Deckeloberteil Haken - OMR Serrature<\/title>\n<meta name=\"robots\" content=\"index, follow, max-snippet:-1, max-image-preview:large, max-video-preview:-1\" \/>\n<link rel=\"canonical\" href=\"https:\/\/www.omrserrature.it\/de\/produkt\/schwerkraft-schloss-kleiner-deckeloberteil-haken\/\" \/>\n<meta property=\"og:locale\" content=\"de_DE\" \/>\n<meta property=\"og:type\" content=\"article\" \/>\n<meta property=\"og:title\" content=\"Schwerkraft Schloss kleiner Deckeloberteil Haken - OMR Serrature\" \/>\n<meta property=\"og:description\" content=\"Der kleine \u00d6ko-Schloss-Haken besteht aus einem Kunststoffk\u00f6rper mit einem federbelasteten (oder federlosen) Haken im Inneren, der unter dem Deckel des M\u00fcllcontainers angebracht wird.\" \/>\n<meta property=\"og:url\" content=\"https:\/\/www.omrserrature.it\/de\/produkt\/schwerkraft-schloss-kleiner-deckeloberteil-haken\/\" \/>\n<meta property=\"og:site_name\" content=\"OMR Serrature | Produzione sistemi di chiusura\" \/>\n<meta property=\"article:publisher\" content=\"https:\/\/www.facebook.com\/OMRserrature\" \/>\n<meta property=\"article:modified_time\" content=\"2026-04-08T09:29:01+00:00\" \/>\n<meta property=\"og:image\" content=\"https:\/\/www.omrserrature.it\/wp-content\/uploads\/2021\/03\/GP-GAN.jpg\" \/>\n\t<meta property=\"og:image:width\" content=\"4928\" \/>\n\t<meta property=\"og:image:height\" content=\"3264\" \/>\n\t<meta property=\"og:image:type\" content=\"image\/jpeg\" \/>\n<meta name=\"twitter:card\" content=\"summary_large_image\" \/>\n<meta name=\"twitter:label1\" content=\"Gesch\u00e4tzte Lesezeit\" \/>\n\t<meta name=\"twitter:data1\" content=\"1\u00a0Minute\" \/>\n<script type=\"application\/ld+json\" class=\"yoast-schema-graph\">{\"@context\":\"https:\/\/schema.org\",\"@graph\":[{\"@type\":\"WebPage\",\"@id\":\"https:\/\/www.omrserrature.it\/de\/produkt\/schwerkraft-schloss-kleiner-deckeloberteil-haken\/\",\"url\":\"https:\/\/www.omrserrature.it\/de\/produkt\/schwerkraft-schloss-kleiner-deckeloberteil-haken\/\",\"name\":\"Schwerkraft Schloss kleiner Deckeloberteil Haken - OMR Serrature\",\"isPartOf\":{\"@id\":\"https:\/\/www.omrserrature.it\/de\/#website\"},\"primaryImageOfPage\":{\"@id\":\"https:\/\/www.omrserrature.it\/de\/produkt\/schwerkraft-schloss-kleiner-deckeloberteil-haken\/#primaryimage\"},\"image\":{\"@id\":\"https:\/\/www.omrserrature.it\/de\/produkt\/schwerkraft-schloss-kleiner-deckeloberteil-haken\/#primaryimage\"},\"thumbnailUrl\":\"https:\/\/www.omrserrature.it\/wp-content\/uploads\/2021\/03\/GP-GAN.jpg\",\"datePublished\":\"2011-03-21T13:55:00+00:00\",\"dateModified\":\"2026-04-08T09:29:01+00:00\",\"breadcrumb\":{\"@id\":\"https:\/\/www.omrserrature.it\/de\/produkt\/schwerkraft-schloss-kleiner-deckeloberteil-haken\/#breadcrumb\"},\"inLanguage\":\"de\",\"potentialAction\":[{\"@type\":\"ReadAction\",\"target\":[\"https:\/\/www.omrserrature.it\/de\/produkt\/schwerkraft-schloss-kleiner-deckeloberteil-haken\/\"]}]},{\"@type\":\"ImageObject\",\"inLanguage\":\"de\",\"@id\":\"https:\/\/www.omrserrature.it\/de\/produkt\/schwerkraft-schloss-kleiner-deckeloberteil-haken\/#primaryimage\",\"url\":\"https:\/\/www.omrserrature.it\/wp-content\/uploads\/2021\/03\/GP-GAN.jpg\",\"contentUrl\":\"https:\/\/www.omrserrature.it\/wp-content\/uploads\/2021\/03\/GP-GAN.jpg\",\"width\":4928,\"height\":3264,\"caption\":\"Haken zum Abschluss von M\u00fclltonnen und M\u00fcllcontainern - GP-GAN\"},{\"@type\":\"BreadcrumbList\",\"@id\":\"https:\/\/www.omrserrature.it\/de\/produkt\/schwerkraft-schloss-kleiner-deckeloberteil-haken\/#breadcrumb\",\"itemListElement\":[{\"@type\":\"ListItem\",\"position\":1,\"name\":\"Home\",\"item\":\"https:\/\/www.omrserrature.it\/de\/omr-serrature-sistemi-chiusura\/\"},{\"@type\":\"ListItem\",\"position\":2,\"name\":\"Katalog\",\"item\":\"https:\/\/www.omrserrature.it\/katalog\/?lang=de\"},{\"@type\":\"ListItem\",\"position\":3,\"name\":\"Produkte\",\"item\":\"https:\/\/www.omrserrature.it\/de\/katalog\/produkte\/\"},{\"@type\":\"ListItem\",\"position\":4,\"name\":\"Zubeh\u00f6r und Ersatzteile\",\"item\":\"https:\/\/www.omrserrature.it\/de\/katalog\/produkte\/zubehor-und-ersatzteile\/\"},{\"@type\":\"ListItem\",\"position\":5,\"name\":\"Zubeh\u00f6r und Ersatzteile f\u00fcr Schwerkraftschl\u00f6sser\",\"item\":\"https:\/\/www.omrserrature.it\/de\/katalog\/produkte\/zubehor-und-ersatzteile\/zubehor-und-ersatzteile-fur-schwerkraftschlosser\/\"},{\"@type\":\"ListItem\",\"position\":6,\"name\":\"Schwerkraft Schloss kleiner Deckeloberteil Haken\"}]},{\"@type\":\"WebSite\",\"@id\":\"https:\/\/www.omrserrature.it\/de\/#website\",\"url\":\"https:\/\/www.omrserrature.it\/de\/\",\"name\":\"OMR Serrature | Produzione sistemi di chiusura\",\"description\":\"Produzione serrature di sicurezza e sistemi di chiusura\",\"publisher\":{\"@id\":\"https:\/\/www.omrserrature.it\/de\/#organization\"},\"potentialAction\":[{\"@type\":\"SearchAction\",\"target\":{\"@type\":\"EntryPoint\",\"urlTemplate\":\"https:\/\/www.omrserrature.it\/de\/?s={search_term_string}\"},\"query-input\":{\"@type\":\"PropertyValueSpecification\",\"valueRequired\":true,\"valueName\":\"search_term_string\"}}],\"inLanguage\":\"de\"},{\"@type\":\"Organization\",\"@id\":\"https:\/\/www.omrserrature.it\/de\/#organization\",\"name\":\"OMR Serrature | Produzione sistemi di chiusura\",\"url\":\"https:\/\/www.omrserrature.it\/de\/\",\"logo\":{\"@type\":\"ImageObject\",\"inLanguage\":\"de\",\"@id\":\"https:\/\/www.omrserrature.it\/de\/#\/schema\/logo\/image\/\",\"url\":\"https:\/\/www.omrserrature.it\/wp-content\/uploads\/2017\/09\/favicon-omr-114.png\",\"contentUrl\":\"https:\/\/www.omrserrature.it\/wp-content\/uploads\/2017\/09\/favicon-omr-114.png\",\"width\":114,\"height\":114,\"caption\":\"OMR Serrature | Produzione sistemi di chiusura\"},\"image\":{\"@id\":\"https:\/\/www.omrserrature.it\/de\/#\/schema\/logo\/image\/\"},\"sameAs\":[\"https:\/\/www.facebook.com\/OMRserrature\",\"https:\/\/www.linkedin.com\/company\/omrserrature\/\",\"https:\/\/www.youtube.com\/channel\/UCxmA85z2R0EpG_6IRokiAkg\"]}]}<\/script>\n<!-- \/ Yoast SEO plugin. -->","yoast_head_json":{"title":"Schwerkraft Schloss kleiner Deckeloberteil Haken - OMR Serrature","robots":{"index":"index","follow":"follow","max-snippet":"max-snippet:-1","max-image-preview":"max-image-preview:large","max-video-preview":"max-video-preview:-1"},"canonical":"https:\/\/www.omrserrature.it\/de\/produkt\/schwerkraft-schloss-kleiner-deckeloberteil-haken\/","og_locale":"de_DE","og_type":"article","og_title":"Schwerkraft Schloss kleiner Deckeloberteil Haken - OMR Serrature","og_description":"Der kleine \u00d6ko-Schloss-Haken besteht aus einem Kunststoffk\u00f6rper mit einem federbelasteten (oder federlosen) Haken im Inneren, der unter dem Deckel des M\u00fcllcontainers angebracht wird.","og_url":"https:\/\/www.omrserrature.it\/de\/produkt\/schwerkraft-schloss-kleiner-deckeloberteil-haken\/","og_site_name":"OMR Serrature | Produzione sistemi di chiusura","article_publisher":"https:\/\/www.facebook.com\/OMRserrature","article_modified_time":"2026-04-08T09:29:01+00:00","og_image":[{"width":4928,"height":3264,"url":"https:\/\/www.omrserrature.it\/wp-content\/uploads\/2021\/03\/GP-GAN.jpg","type":"image\/jpeg"}],"twitter_card":"summary_large_image","twitter_misc":{"Gesch\u00e4tzte Lesezeit":"1\u00a0Minute"},"schema":{"@context":"https:\/\/schema.org","@graph":[{"@type":"WebPage","@id":"https:\/\/www.omrserrature.it\/de\/produkt\/schwerkraft-schloss-kleiner-deckeloberteil-haken\/","url":"https:\/\/www.omrserrature.it\/de\/produkt\/schwerkraft-schloss-kleiner-deckeloberteil-haken\/","name":"Schwerkraft Schloss kleiner Deckeloberteil Haken - OMR Serrature","isPartOf":{"@id":"https:\/\/www.omrserrature.it\/de\/#website"},"primaryImageOfPage":{"@id":"https:\/\/www.omrserrature.it\/de\/produkt\/schwerkraft-schloss-kleiner-deckeloberteil-haken\/#primaryimage"},"image":{"@id":"https:\/\/www.omrserrature.it\/de\/produkt\/schwerkraft-schloss-kleiner-deckeloberteil-haken\/#primaryimage"},"thumbnailUrl":"https:\/\/www.omrserrature.it\/wp-content\/uploads\/2021\/03\/GP-GAN.jpg","datePublished":"2011-03-21T13:55:00+00:00","dateModified":"2026-04-08T09:29:01+00:00","breadcrumb":{"@id":"https:\/\/www.omrserrature.it\/de\/produkt\/schwerkraft-schloss-kleiner-deckeloberteil-haken\/#breadcrumb"},"inLanguage":"de","potentialAction":[{"@type":"ReadAction","target":["https:\/\/www.omrserrature.it\/de\/produkt\/schwerkraft-schloss-kleiner-deckeloberteil-haken\/"]}]},{"@type":"ImageObject","inLanguage":"de","@id":"https:\/\/www.omrserrature.it\/de\/produkt\/schwerkraft-schloss-kleiner-deckeloberteil-haken\/#primaryimage","url":"https:\/\/www.omrserrature.it\/wp-content\/uploads\/2021\/03\/GP-GAN.jpg","contentUrl":"https:\/\/www.omrserrature.it\/wp-content\/uploads\/2021\/03\/GP-GAN.jpg","width":4928,"height":3264,"caption":"Haken zum Abschluss von M\u00fclltonnen und M\u00fcllcontainern - GP-GAN"},{"@type":"BreadcrumbList","@id":"https:\/\/www.omrserrature.it\/de\/produkt\/schwerkraft-schloss-kleiner-deckeloberteil-haken\/#breadcrumb","itemListElement":[{"@type":"ListItem","position":1,"name":"Home","item":"https:\/\/www.omrserrature.it\/de\/omr-serrature-sistemi-chiusura\/"},{"@type":"ListItem","position":2,"name":"Katalog","item":"https:\/\/www.omrserrature.it\/katalog\/?lang=de"},{"@type":"ListItem","position":3,"name":"Produkte","item":"https:\/\/www.omrserrature.it\/de\/katalog\/produkte\/"},{"@type":"ListItem","position":4,"name":"Zubeh\u00f6r und Ersatzteile","item":"https:\/\/www.omrserrature.it\/de\/katalog\/produkte\/zubehor-und-ersatzteile\/"},{"@type":"ListItem","position":5,"name":"Zubeh\u00f6r und Ersatzteile f\u00fcr Schwerkraftschl\u00f6sser","item":"https:\/\/www.omrserrature.it\/de\/katalog\/produkte\/zubehor-und-ersatzteile\/zubehor-und-ersatzteile-fur-schwerkraftschlosser\/"},{"@type":"ListItem","position":6,"name":"Schwerkraft Schloss kleiner Deckeloberteil Haken"}]},{"@type":"WebSite","@id":"https:\/\/www.omrserrature.it\/de\/#website","url":"https:\/\/www.omrserrature.it\/de\/","name":"OMR Serrature | Produzione sistemi di chiusura","description":"Produzione serrature di sicurezza e sistemi di chiusura","publisher":{"@id":"https:\/\/www.omrserrature.it\/de\/#organization"},"potentialAction":[{"@type":"SearchAction","target":{"@type":"EntryPoint","urlTemplate":"https:\/\/www.omrserrature.it\/de\/?s={search_term_string}"},"query-input":{"@type":"PropertyValueSpecification","valueRequired":true,"valueName":"search_term_string"}}],"inLanguage":"de"},{"@type":"Organization","@id":"https:\/\/www.omrserrature.it\/de\/#organization","name":"OMR Serrature | Produzione sistemi di chiusura","url":"https:\/\/www.omrserrature.it\/de\/","logo":{"@type":"ImageObject","inLanguage":"de","@id":"https:\/\/www.omrserrature.it\/de\/#\/schema\/logo\/image\/","url":"https:\/\/www.omrserrature.it\/wp-content\/uploads\/2017\/09\/favicon-omr-114.png","contentUrl":"https:\/\/www.omrserrature.it\/wp-content\/uploads\/2017\/09\/favicon-omr-114.png","width":114,"height":114,"caption":"OMR Serrature | Produzione sistemi di chiusura"},"image":{"@id":"https:\/\/www.omrserrature.it\/de\/#\/schema\/logo\/image\/"},"sameAs":["https:\/\/www.facebook.com\/OMRserrature","https:\/\/www.linkedin.com\/company\/omrserrature\/","https:\/\/www.youtube.com\/channel\/UCxmA85z2R0EpG_6IRokiAkg"]}]}},"_links":{"self":[{"href":"https:\/\/www.omrserrature.it\/de\/wp-json\/wp\/v2\/product\/241462","targetHints":{"allow":["GET"]}}],"collection":[{"href":"https:\/\/www.omrserrature.it\/de\/wp-json\/wp\/v2\/product"}],"about":[{"href":"https:\/\/www.omrserrature.it\/de\/wp-json\/wp\/v2\/types\/product"}],"replies":[{"embeddable":true,"href":"https:\/\/www.omrserrature.it\/de\/wp-json\/wp\/v2\/comments?post=241462"}],"wp:featuredmedia":[{"embeddable":true,"href":"https:\/\/www.omrserrature.it\/de\/wp-json\/wp\/v2\/media\/16928"}],"wp:attachment":[{"href":"https:\/\/www.omrserrature.it\/de\/wp-json\/wp\/v2\/media?parent=241462"}],"wp:term":[{"taxonomy":"product_brand","embeddable":true,"href":"https:\/\/www.omrserrature.it\/de\/wp-json\/wp\/v2\/product_brand?post=241462"},{"taxonomy":"product_cat","embeddable":true,"href":"https:\/\/www.omrserrature.it\/de\/wp-json\/wp\/v2\/product_cat?post=241462"},{"taxonomy":"product_tag","embeddable":true,"href":"https:\/\/www.omrserrature.it\/de\/wp-json\/wp\/v2\/product_tag?post=241462"}],"curies":[{"name":"wp","href":"https:\/\/api.w.org\/{rel}","templated":true}]}}