{"id":241426,"date":"2018-01-08T16:54:58","date_gmt":"2008-01-18T15:54:00","guid":{"rendered":"https:\/\/www.staging6.omrserrature.it\/prodotto\/distanzstuecke-fuer-schloesser-otto\/"},"modified":"2026-04-08T12:01:52","modified_gmt":"2026-04-08T10:01:52","slug":"distanzstuecke-fuer-schloesser-otto","status":"publish","type":"product","link":"https:\/\/www.omrserrature.it\/de\/produkt\/distanzstuecke-fuer-schloesser-otto\/","title":{"rendered":"Distanzst\u00fccke f\u00fcr Schl\u00f6sser OTTO"},"content":{"rendered":"<p>Um einen pr\u00e4zisen und zuverl\u00e4ssigen Einbau zu gew\u00e4hrleisten, <strong>bietet<\/strong> die <strong>Otto Serie speziell entwickelte Abstandshalter<\/strong> f\u00fcr die korrekte Positionierung des Schlosses je nach Dicke der T\u00fcr. <strong>Es sind zwei Abstandshaltergr\u00f6\u00dfen<\/strong> erh\u00e4ltlich <strong>: 2 mm und 5 mm<\/strong>.  Diese Auswahl erm\u00f6glicht die Anpassung an unterschiedliche T\u00fcrst\u00e4rken und bietet Flexibilit\u00e4t und Pr\u00e4zision bei der Installation. Die Abstandshalter sind aus <strong>verzinktem Metalldruckguss<\/strong> gefertigt und gew\u00e4hrleisten eine lange Lebensdauer und optimale Best\u00e4ndigkeit gegen Verschlei\u00df und Korrosion. Diese Komponenten sorgen f\u00fcr eine<strong> exakte Positionierung des Schlosses an der T\u00fcr<\/strong>, wodurch das Risiko von Klebeproblemen oder ungenauem Abschluss ausgeschlossen wird.  <\/p>\n<p>Mit der <strong>Otto Serie, <\/strong>ihrem Zubeh\u00f6r und den <strong>Abstandshaltern<\/strong> wird die Gew\u00e4hrleistung der Sicherheit und Integrit\u00e4t von T\u00fcren zu einem einfachen und hocheffektiven Prozess: eine komplette und professionelle L\u00f6sung f\u00fcr die Sicherheitsanforderungen jeder Umgebung.<\/p>\n","protected":false},"excerpt":{"rendered":"<p>Um einen pr\u00e4zisen und zuverl\u00e4ssigen Einbau zu gew\u00e4hrleisten, <strong>bietet<\/strong> die <strong>Otto Serie speziell entwickelte Abstandshalter<\/strong> f\u00fcr die korrekte Positionierung des Schlosses je nach Dicke der T\u00fcr. <strong>Es sind zwei Abstandshaltergr\u00f6\u00dfen<\/strong> erh\u00e4ltlich <strong>: 2 mm und 5 mm<\/strong>. <\/p>\n","protected":false},"featured_media":8030,"comment_status":"open","ping_status":"closed","template":"","meta":{"_acf_changed":false,"_et_pb_use_builder":"","_et_pb_old_content":"","_et_gb_content_width":""},"product_brand":[],"product_cat":[3812],"product_tag":[],"class_list":{"0":"post-241426","1":"product","2":"type-product","3":"status-publish","4":"has-post-thumbnail","6":"product_cat-abstandshalter-und-adapter","8":"first","9":"instock","10":"shipping-taxable","11":"purchasable","12":"product-type-variable"},"acf":{"pdf1":"https:\/\/www.omrserrature.it\/wp-content\/uploads\/2018\/01\/Kit-montaggio-serrature-OMR-Serie-Otto.pdf"},"yoast_head":"<!-- This site is optimized with the Yoast SEO plugin v27.2 - https:\/\/yoast.com\/product\/yoast-seo-wordpress\/ -->\n<title>Distanzst\u00fccke f\u00fcr Schl\u00f6sser OTTO - OMR Serrature<\/title>\n<meta name=\"robots\" content=\"index, follow, max-snippet:-1, max-image-preview:large, max-video-preview:-1\" \/>\n<link rel=\"canonical\" href=\"https:\/\/www.omrserrature.it\/de\/produkt\/distanzstuecke-fuer-schloesser-otto\/\" \/>\n<meta property=\"og:locale\" content=\"de_DE\" \/>\n<meta property=\"og:type\" content=\"article\" \/>\n<meta property=\"og:title\" content=\"Distanzst\u00fccke f\u00fcr Schl\u00f6sser OTTO - OMR Serrature\" \/>\n<meta property=\"og:description\" content=\"Um einen pr\u00e4zisen und zuverl\u00e4ssigen Einbau zu gew\u00e4hrleisten, bietet die Otto Serie speziell entwickelte Abstandshalter f\u00fcr die korrekte Positionierung des Schlosses je nach Dicke der T\u00fcr. Es sind zwei Abstandshaltergr\u00f6\u00dfen erh\u00e4ltlich : 2 mm und 5 mm.\" \/>\n<meta property=\"og:url\" content=\"https:\/\/www.omrserrature.it\/de\/produkt\/distanzstuecke-fuer-schloesser-otto\/\" \/>\n<meta property=\"og:site_name\" content=\"OMR Serrature | Produzione sistemi di chiusura\" \/>\n<meta property=\"article:publisher\" content=\"https:\/\/www.facebook.com\/OMRserrature\" \/>\n<meta property=\"article:modified_time\" content=\"2026-04-08T10:01:52+00:00\" \/>\n<meta property=\"og:image\" content=\"https:\/\/www.omrserrature.it\/wp-content\/uploads\/2018\/01\/SDS04995.jpg\" \/>\n\t<meta property=\"og:image:width\" content=\"333\" \/>\n\t<meta property=\"og:image:height\" content=\"331\" \/>\n\t<meta property=\"og:image:type\" content=\"image\/jpeg\" \/>\n<meta name=\"twitter:card\" content=\"summary_large_image\" \/>\n<meta name=\"twitter:label1\" content=\"Gesch\u00e4tzte Lesezeit\" \/>\n\t<meta name=\"twitter:data1\" content=\"1\u00a0Minute\" \/>\n<script type=\"application\/ld+json\" class=\"yoast-schema-graph\">{\"@context\":\"https:\/\/schema.org\",\"@graph\":[{\"@type\":\"WebPage\",\"@id\":\"https:\/\/www.omrserrature.it\/de\/produkt\/distanzstuecke-fuer-schloesser-otto\/\",\"url\":\"https:\/\/www.omrserrature.it\/de\/produkt\/distanzstuecke-fuer-schloesser-otto\/\",\"name\":\"Distanzst\u00fccke f\u00fcr Schl\u00f6sser OTTO - OMR Serrature\",\"isPartOf\":{\"@id\":\"https:\/\/www.omrserrature.it\/de\/#website\"},\"primaryImageOfPage\":{\"@id\":\"https:\/\/www.omrserrature.it\/de\/produkt\/distanzstuecke-fuer-schloesser-otto\/#primaryimage\"},\"image\":{\"@id\":\"https:\/\/www.omrserrature.it\/de\/produkt\/distanzstuecke-fuer-schloesser-otto\/#primaryimage\"},\"thumbnailUrl\":\"https:\/\/www.omrserrature.it\/wp-content\/uploads\/2018\/01\/SDS04995.jpg\",\"datePublished\":\"2008-01-18T15:54:00+00:00\",\"dateModified\":\"2026-04-08T10:01:52+00:00\",\"breadcrumb\":{\"@id\":\"https:\/\/www.omrserrature.it\/de\/produkt\/distanzstuecke-fuer-schloesser-otto\/#breadcrumb\"},\"inLanguage\":\"de\",\"potentialAction\":[{\"@type\":\"ReadAction\",\"target\":[\"https:\/\/www.omrserrature.it\/de\/produkt\/distanzstuecke-fuer-schloesser-otto\/\"]}]},{\"@type\":\"ImageObject\",\"inLanguage\":\"de\",\"@id\":\"https:\/\/www.omrserrature.it\/de\/produkt\/distanzstuecke-fuer-schloesser-otto\/#primaryimage\",\"url\":\"https:\/\/www.omrserrature.it\/wp-content\/uploads\/2018\/01\/SDS04995.jpg\",\"contentUrl\":\"https:\/\/www.omrserrature.it\/wp-content\/uploads\/2018\/01\/SDS04995.jpg\",\"width\":333,\"height\":331,\"caption\":\"Distanzst\u00fccke f\u00fcr Schl\u00f6sser OTTO\"},{\"@type\":\"BreadcrumbList\",\"@id\":\"https:\/\/www.omrserrature.it\/de\/produkt\/distanzstuecke-fuer-schloesser-otto\/#breadcrumb\",\"itemListElement\":[{\"@type\":\"ListItem\",\"position\":1,\"name\":\"Home\",\"item\":\"https:\/\/www.omrserrature.it\/de\/omr-serrature-sistemi-chiusura\/\"},{\"@type\":\"ListItem\",\"position\":2,\"name\":\"Katalog\",\"item\":\"https:\/\/www.omrserrature.it\/katalog\/?lang=de\"},{\"@type\":\"ListItem\",\"position\":3,\"name\":\"Produkte\",\"item\":\"https:\/\/www.omrserrature.it\/de\/katalog\/produkte\/\"},{\"@type\":\"ListItem\",\"position\":4,\"name\":\"Zubeh\u00f6r und Ersatzteile\",\"item\":\"https:\/\/www.omrserrature.it\/de\/katalog\/produkte\/zubehor-und-ersatzteile\/\"},{\"@type\":\"ListItem\",\"position\":5,\"name\":\"Abstandshalter und Adapter\",\"item\":\"https:\/\/www.omrserrature.it\/de\/katalog\/produkte\/zubehor-und-ersatzteile\/abstandshalter-und-adapter\/\"},{\"@type\":\"ListItem\",\"position\":6,\"name\":\"Distanzst\u00fccke f\u00fcr Schl\u00f6sser OTTO\"}]},{\"@type\":\"WebSite\",\"@id\":\"https:\/\/www.omrserrature.it\/de\/#website\",\"url\":\"https:\/\/www.omrserrature.it\/de\/\",\"name\":\"OMR Serrature | Produzione sistemi di chiusura\",\"description\":\"Produzione serrature di sicurezza e sistemi di chiusura\",\"publisher\":{\"@id\":\"https:\/\/www.omrserrature.it\/de\/#organization\"},\"potentialAction\":[{\"@type\":\"SearchAction\",\"target\":{\"@type\":\"EntryPoint\",\"urlTemplate\":\"https:\/\/www.omrserrature.it\/de\/?s={search_term_string}\"},\"query-input\":{\"@type\":\"PropertyValueSpecification\",\"valueRequired\":true,\"valueName\":\"search_term_string\"}}],\"inLanguage\":\"de\"},{\"@type\":\"Organization\",\"@id\":\"https:\/\/www.omrserrature.it\/de\/#organization\",\"name\":\"OMR Serrature | Produzione sistemi di chiusura\",\"url\":\"https:\/\/www.omrserrature.it\/de\/\",\"logo\":{\"@type\":\"ImageObject\",\"inLanguage\":\"de\",\"@id\":\"https:\/\/www.omrserrature.it\/de\/#\/schema\/logo\/image\/\",\"url\":\"https:\/\/www.omrserrature.it\/wp-content\/uploads\/2017\/09\/favicon-omr-114.png\",\"contentUrl\":\"https:\/\/www.omrserrature.it\/wp-content\/uploads\/2017\/09\/favicon-omr-114.png\",\"width\":114,\"height\":114,\"caption\":\"OMR Serrature | Produzione sistemi di chiusura\"},\"image\":{\"@id\":\"https:\/\/www.omrserrature.it\/de\/#\/schema\/logo\/image\/\"},\"sameAs\":[\"https:\/\/www.facebook.com\/OMRserrature\",\"https:\/\/www.linkedin.com\/company\/omrserrature\/\",\"https:\/\/www.youtube.com\/channel\/UCxmA85z2R0EpG_6IRokiAkg\"]}]}<\/script>\n<!-- \/ Yoast SEO plugin. -->","yoast_head_json":{"title":"Distanzst\u00fccke f\u00fcr Schl\u00f6sser OTTO - OMR Serrature","robots":{"index":"index","follow":"follow","max-snippet":"max-snippet:-1","max-image-preview":"max-image-preview:large","max-video-preview":"max-video-preview:-1"},"canonical":"https:\/\/www.omrserrature.it\/de\/produkt\/distanzstuecke-fuer-schloesser-otto\/","og_locale":"de_DE","og_type":"article","og_title":"Distanzst\u00fccke f\u00fcr Schl\u00f6sser OTTO - OMR Serrature","og_description":"Um einen pr\u00e4zisen und zuverl\u00e4ssigen Einbau zu gew\u00e4hrleisten, bietet die Otto Serie speziell entwickelte Abstandshalter f\u00fcr die korrekte Positionierung des Schlosses je nach Dicke der T\u00fcr. Es sind zwei Abstandshaltergr\u00f6\u00dfen erh\u00e4ltlich : 2 mm und 5 mm.","og_url":"https:\/\/www.omrserrature.it\/de\/produkt\/distanzstuecke-fuer-schloesser-otto\/","og_site_name":"OMR Serrature | Produzione sistemi di chiusura","article_publisher":"https:\/\/www.facebook.com\/OMRserrature","article_modified_time":"2026-04-08T10:01:52+00:00","og_image":[{"width":333,"height":331,"url":"https:\/\/www.omrserrature.it\/wp-content\/uploads\/2018\/01\/SDS04995.jpg","type":"image\/jpeg"}],"twitter_card":"summary_large_image","twitter_misc":{"Gesch\u00e4tzte Lesezeit":"1\u00a0Minute"},"schema":{"@context":"https:\/\/schema.org","@graph":[{"@type":"WebPage","@id":"https:\/\/www.omrserrature.it\/de\/produkt\/distanzstuecke-fuer-schloesser-otto\/","url":"https:\/\/www.omrserrature.it\/de\/produkt\/distanzstuecke-fuer-schloesser-otto\/","name":"Distanzst\u00fccke f\u00fcr Schl\u00f6sser OTTO - OMR Serrature","isPartOf":{"@id":"https:\/\/www.omrserrature.it\/de\/#website"},"primaryImageOfPage":{"@id":"https:\/\/www.omrserrature.it\/de\/produkt\/distanzstuecke-fuer-schloesser-otto\/#primaryimage"},"image":{"@id":"https:\/\/www.omrserrature.it\/de\/produkt\/distanzstuecke-fuer-schloesser-otto\/#primaryimage"},"thumbnailUrl":"https:\/\/www.omrserrature.it\/wp-content\/uploads\/2018\/01\/SDS04995.jpg","datePublished":"2008-01-18T15:54:00+00:00","dateModified":"2026-04-08T10:01:52+00:00","breadcrumb":{"@id":"https:\/\/www.omrserrature.it\/de\/produkt\/distanzstuecke-fuer-schloesser-otto\/#breadcrumb"},"inLanguage":"de","potentialAction":[{"@type":"ReadAction","target":["https:\/\/www.omrserrature.it\/de\/produkt\/distanzstuecke-fuer-schloesser-otto\/"]}]},{"@type":"ImageObject","inLanguage":"de","@id":"https:\/\/www.omrserrature.it\/de\/produkt\/distanzstuecke-fuer-schloesser-otto\/#primaryimage","url":"https:\/\/www.omrserrature.it\/wp-content\/uploads\/2018\/01\/SDS04995.jpg","contentUrl":"https:\/\/www.omrserrature.it\/wp-content\/uploads\/2018\/01\/SDS04995.jpg","width":333,"height":331,"caption":"Distanzst\u00fccke f\u00fcr Schl\u00f6sser OTTO"},{"@type":"BreadcrumbList","@id":"https:\/\/www.omrserrature.it\/de\/produkt\/distanzstuecke-fuer-schloesser-otto\/#breadcrumb","itemListElement":[{"@type":"ListItem","position":1,"name":"Home","item":"https:\/\/www.omrserrature.it\/de\/omr-serrature-sistemi-chiusura\/"},{"@type":"ListItem","position":2,"name":"Katalog","item":"https:\/\/www.omrserrature.it\/katalog\/?lang=de"},{"@type":"ListItem","position":3,"name":"Produkte","item":"https:\/\/www.omrserrature.it\/de\/katalog\/produkte\/"},{"@type":"ListItem","position":4,"name":"Zubeh\u00f6r und Ersatzteile","item":"https:\/\/www.omrserrature.it\/de\/katalog\/produkte\/zubehor-und-ersatzteile\/"},{"@type":"ListItem","position":5,"name":"Abstandshalter und Adapter","item":"https:\/\/www.omrserrature.it\/de\/katalog\/produkte\/zubehor-und-ersatzteile\/abstandshalter-und-adapter\/"},{"@type":"ListItem","position":6,"name":"Distanzst\u00fccke f\u00fcr Schl\u00f6sser OTTO"}]},{"@type":"WebSite","@id":"https:\/\/www.omrserrature.it\/de\/#website","url":"https:\/\/www.omrserrature.it\/de\/","name":"OMR Serrature | Produzione sistemi di chiusura","description":"Produzione serrature di sicurezza e sistemi di chiusura","publisher":{"@id":"https:\/\/www.omrserrature.it\/de\/#organization"},"potentialAction":[{"@type":"SearchAction","target":{"@type":"EntryPoint","urlTemplate":"https:\/\/www.omrserrature.it\/de\/?s={search_term_string}"},"query-input":{"@type":"PropertyValueSpecification","valueRequired":true,"valueName":"search_term_string"}}],"inLanguage":"de"},{"@type":"Organization","@id":"https:\/\/www.omrserrature.it\/de\/#organization","name":"OMR Serrature | Produzione sistemi di chiusura","url":"https:\/\/www.omrserrature.it\/de\/","logo":{"@type":"ImageObject","inLanguage":"de","@id":"https:\/\/www.omrserrature.it\/de\/#\/schema\/logo\/image\/","url":"https:\/\/www.omrserrature.it\/wp-content\/uploads\/2017\/09\/favicon-omr-114.png","contentUrl":"https:\/\/www.omrserrature.it\/wp-content\/uploads\/2017\/09\/favicon-omr-114.png","width":114,"height":114,"caption":"OMR Serrature | Produzione sistemi di chiusura"},"image":{"@id":"https:\/\/www.omrserrature.it\/de\/#\/schema\/logo\/image\/"},"sameAs":["https:\/\/www.facebook.com\/OMRserrature","https:\/\/www.linkedin.com\/company\/omrserrature\/","https:\/\/www.youtube.com\/channel\/UCxmA85z2R0EpG_6IRokiAkg"]}]}},"_links":{"self":[{"href":"https:\/\/www.omrserrature.it\/de\/wp-json\/wp\/v2\/product\/241426","targetHints":{"allow":["GET"]}}],"collection":[{"href":"https:\/\/www.omrserrature.it\/de\/wp-json\/wp\/v2\/product"}],"about":[{"href":"https:\/\/www.omrserrature.it\/de\/wp-json\/wp\/v2\/types\/product"}],"replies":[{"embeddable":true,"href":"https:\/\/www.omrserrature.it\/de\/wp-json\/wp\/v2\/comments?post=241426"}],"wp:featuredmedia":[{"embeddable":true,"href":"https:\/\/www.omrserrature.it\/de\/wp-json\/wp\/v2\/media\/8030"}],"wp:attachment":[{"href":"https:\/\/www.omrserrature.it\/de\/wp-json\/wp\/v2\/media?parent=241426"}],"wp:term":[{"taxonomy":"product_brand","embeddable":true,"href":"https:\/\/www.omrserrature.it\/de\/wp-json\/wp\/v2\/product_brand?post=241426"},{"taxonomy":"product_cat","embeddable":true,"href":"https:\/\/www.omrserrature.it\/de\/wp-json\/wp\/v2\/product_cat?post=241426"},{"taxonomy":"product_tag","embeddable":true,"href":"https:\/\/www.omrserrature.it\/de\/wp-json\/wp\/v2\/product_tag?post=241426"}],"curies":[{"name":"wp","href":"https:\/\/api.w.org\/{rel}","templated":true}]}}